{"id":72,"date":"2025-02-24T15:46:19","date_gmt":"2025-02-24T21:46:19","guid":{"rendered":"https:\/\/veteran-affairs-louisiana.local\/?page_id=72"},"modified":"2026-04-06T16:23:58","modified_gmt":"2026-04-06T21:23:58","slug":"nghia-trang-cuu-chien-binh-tay-nam-louisiana","status":"publish","type":"page","link":"https:\/\/vetaffairs.la.gov\/vi\/cemeteries\/southwest-louisiana-veterans-cemetery","title":{"rendered":"Ngh\u0129a trang C\u1ef1u chi\u1ebfn binh T\u00e2y Nam Louisiana"},"content":{"rendered":"<div data-elementor-type=\"wp-page\" data-elementor-id=\"72\" class=\"elementor elementor-72\" data-elementor-post-type=\"page\">\n\t\t\t\t<div class=\"elementor-element elementor-element-fe56b53 e-flex e-con-boxed e-con e-parent\" data-id=\"fe56b53\" data-element_type=\"container\">\n\t\t\t\t\t<div class=\"e-con-inner\">\n\t\t\t\t<div class=\"elementor-element elementor-element-289cd78 intro elementor-widget elementor-widget-text-editor\" data-id=\"289cd78\" data-element_type=\"widget\" data-widget_type=\"text-editor.default\">\n\t\t\t\t<div class=\"elementor-widget-container\">\n\t\t\t\t\t\t\t\t\t<p>Ngh\u0129a trang C\u1ef1u chi\u1ebfn binh T\u00e2y Nam Louisiana n\u1eb1m tr\u00ean khu \u0111\u1ea5t r\u1ed9ng 20 m\u1eabu Anh ph\u00eda sau Nh\u00e0 C\u1ef1u chi\u1ebfn binh T\u00e2y Nam Louisiana* v\u00e0 l\u00e0 ngh\u0129a trang duy nh\u1ea5t n\u1eb1m tr\u00ean c\u00e1c khu \u0111\u1ea5t li\u1ec1n k\u1ec1. Hi\u1ec7n t\u1ea1i, kho\u1ea3ng 10 m\u1eabu Anh \u0111ang \u0111\u01b0\u1ee3c s\u1eed d\u1ee5ng v\u00e0 d\u1ef1 ki\u1ebfn s\u1ebd c\u00f3 th\u00eam nhi\u1ec1u giai \u0111o\u1ea1n x\u00e2y d\u1ef1ng cho 10 m\u1eabu Anh c\u00f2n l\u1ea1i.<\/p><p>S\u1edf C\u1ef1u chi\u1ebfn binh Louisiana \u0111\u00e3 kh\u1edfi c\u00f4ng x\u00e2y d\u1ef1ng ngh\u0129a trang v\u00e0o th\u00e1ng 11 n\u0103m 2018, v\u00e0 v\u00e0o ng\u00e0y 6 th\u00e1ng 3 n\u0103m 2020, ngh\u0129a trang \u0111\u00e3 \u0111\u01b0\u1ee3c c\u1ef1u B\u1ed9 tr\u01b0\u1edfng Joey Strickland kh\u00e1nh th\u00e0nh. V\u00e0o ng\u00e0y 7 th\u00e1ng 5 n\u0103m 2020, Trung s\u0129 Th\u1ee7y qu\u00e2n L\u1ee5c chi\u1ebfn Ted Cox Sr. l\u00e0 ng\u01b0\u1eddi \u0111\u1ea7u ti\u00ean \u0111\u01b0\u1ee3c an t\u00e1ng, v\u00e0 l\u1ec5 an t\u00e1ng \u0111\u1ea7u ti\u00ean \u0111\u01b0\u1ee3c t\u1ed5 ch\u1ee9c v\u00e0o ng\u00e0y 11 th\u00e1ng 6 n\u0103m 2020 cho Trung s\u0129 \u0110\u1eb7c nhi\u1ec7m L\u1ee5c qu\u00e2n Ed Gary.<\/p><p>Dwayne Guidry, gi\u00e1m \u0111\u1ed1c \u0111\u1ea7u ti\u00ean c\u1ee7a ngh\u0129a trang, lu\u00f4n t\u00e2m huy\u1ebft v\u1edbi vi\u1ec7c ph\u1ee5c v\u1ee5 ng\u01b0\u1eddi kh\u00e1c, \u0111\u1eb7c bi\u1ec7t l\u00e0 trong vai tr\u00f2 \u0111\u1ea3m b\u1ea3o r\u1eb1ng \u00f4ng v\u00e0 \u0111\u1ed9i ng\u0169 c\u1ee7a m\u00ecnh \u0111\u00e3 mang \u0111\u1ebfn n\u01a1i an ngh\u1ec9 cu\u1ed1i c\u00f9ng cho t\u1ea5t c\u1ea3 nh\u1eefng ng\u01b0\u1eddi \u0111\u01b0\u1ee3c ch\u00f4n c\u1ea5t t\u1ea1i ngh\u0129a trang. Dwayne qua \u0111\u1eddi v\u00e0o th\u00e1ng 2 n\u0103m 2025, v\u00e0 hi\u1ec7n \u0111\u01b0\u1ee3c ch\u00f4n c\u1ea5t t\u1ea1i ch\u00ednh ngh\u0129a trang m\u00e0 \u00f4ng \u0111\u00e3 h\u1ebft l\u00f2ng \u1ee7ng h\u1ed9. Tr\u01b0\u1edbc khi ph\u1ee5c v\u1ee5 t\u1ea1i LDVA, \u00f4ng \u0111\u00e3 c\u00f3 ba n\u0103m ph\u1ee5c v\u1ee5 trong S\u01b0 \u0111o\u00e0n B\u1ed9 binh V\u1ec7 binh Qu\u1ed1c gia Louisiana. \u00d4ng ti\u1ebfp t\u1ee5c ph\u1ee5c v\u1ee5 th\u00eam 24 n\u0103m n\u1eefa trong Qu\u00e2n \u0111\u1ed9i Hoa K\u1ef3, chuy\u00ean v\u1ec1 k\u1ef9 thu\u1eadt vi\u00ean \u0111i\u1ec7n t\u1eed cho t\u00ecnh b\u00e1o qu\u00e2n s\u1ef1 v\u00e0 \u0111\u1ea1t \u0111\u01b0\u1ee3c danh hi\u1ec7u Chu\u1ea9n \u00fay C\u1ea5p IV. S\u1ef1 nghi\u1ec7p t\u1ea1i ng\u0169 \u0111\u00e3 \u0111\u01b0a \u00f4ng \u0111\u1ebfn ba chuy\u1ebfn c\u00f4ng t\u00e1c chi\u1ebfn \u0111\u1ea5u, bao g\u1ed3m Chi\u1ebfn d\u1ecbch B\u00e3o t\u00e1p Sa m\u1ea1c, Chi\u1ebfn d\u1ecbch T\u1ef1 do Iraq v\u00e0 Chi\u1ebfn d\u1ecbch T\u1ef1 do B\u1ec1n v\u1eefng.<\/p>\t\t\t\t\t\t\t\t<\/div>\n\t\t\t\t<\/div>\n\t\t\t\t<div class=\"elementor-element elementor-element-d78bc7d photo-gallery elementor-widget elementor-widget-gallery\" data-id=\"d78bc7d\" data-element_type=\"widget\" data-settings=\"{&quot;columns&quot;:3,&quot;gap&quot;:{&quot;unit&quot;:&quot;px&quot;,&quot;size&quot;:15,&quot;sizes&quot;:[]},&quot;gap_tablet&quot;:{&quot;unit&quot;:&quot;px&quot;,&quot;size&quot;:15,&quot;sizes&quot;:[]},&quot;gap_mobile&quot;:{&quot;unit&quot;:&quot;px&quot;,&quot;size&quot;:15,&quot;sizes&quot;:[]},&quot;columns_tablet&quot;:3,&quot;lazyload&quot;:&quot;yes&quot;,&quot;gallery_layout&quot;:&quot;grid&quot;,&quot;columns_mobile&quot;:1,&quot;link_to&quot;:&quot;file&quot;,&quot;aspect_ratio&quot;:&quot;3:2&quot;,&quot;content_hover_animation&quot;:&quot;fade-in&quot;}\" data-widget_type=\"gallery.default\">\n\t\t\t\t<div class=\"elementor-widget-container\">\n\t\t\t\t\t\t\t<div class=\"elementor-gallery__container\">\n\t\t\t\t\t\t\t<a class=\"e-gallery-item elementor-gallery-item elementor-animated-content\" href=\"https:\/\/vetaffairs.la.gov\/wp-content\/uploads\/2025\/06\/LDVA-cemetary-jennings-03.webp\" data-elementor-open-lightbox=\"yes\" data-elementor-lightbox-slideshow=\"d78bc7d\" data-e-action-hash=\"#elementor-action%3Aaction%3Dlightbox%26settings%3DeyJpZCI6NjA2NiwidXJsIjoiaHR0cHM6XC9cL3ZldGFmZmFpcnMubGEuZ292XC93cC1jb250ZW50XC91cGxvYWRzXC8yMDI1XC8wNlwvTERWQS1jZW1ldGFyeS1qZW5uaW5ncy0wMy53ZWJwIiwic2xpZGVzaG93IjoiZDc4YmM3ZCJ9\">\n\t\t\t\t\t<div class=\"e-gallery-image elementor-gallery-item__image\" data-thumbnail=\"https:\/\/vetaffairs.la.gov\/wp-content\/uploads\/2025\/06\/LDVA-cemetary-jennings-03.webp\" data-width=\"1200\" data-height=\"800\" aria-label=\"Bi\u1ec3n hi\u1ec7u Ngh\u0129a trang C\u1ef1u chi\u1ebfn binh Jennings\" role=\"img\" ><\/div>\n\t\t\t\t\t\t\t\t\t\t\t\t\t\t<\/a>\n\t\t\t\t\t\t\t<a class=\"e-gallery-item elementor-gallery-item elementor-animated-content\" href=\"https:\/\/vetaffairs.la.gov\/wp-content\/uploads\/2025\/06\/LDVA-cemetary-jennings-02.webp\" data-elementor-open-lightbox=\"yes\" data-elementor-lightbox-slideshow=\"d78bc7d\" data-e-action-hash=\"#elementor-action%3Aaction%3Dlightbox%26settings%3DeyJpZCI6NjA2NSwidXJsIjoiaHR0cHM6XC9cL3ZldGFmZmFpcnMubGEuZ292XC93cC1jb250ZW50XC91cGxvYWRzXC8yMDI1XC8wNlwvTERWQS1jZW1ldGFyeS1qZW5uaW5ncy0wMi53ZWJwIiwic2xpZGVzaG93IjoiZDc4YmM3ZCJ9\">\n\t\t\t\t\t<div class=\"e-gallery-image elementor-gallery-item__image\" data-thumbnail=\"https:\/\/vetaffairs.la.gov\/wp-content\/uploads\/2025\/06\/LDVA-cemetary-jennings-02.webp\" data-width=\"1200\" data-height=\"800\" aria-label=\"Nh\u00e0 h\u1ecfa t\u00e1ng Ngh\u0129a trang C\u1ef1u chi\u1ebfn binh Jennings\" role=\"img\" ><\/div>\n\t\t\t\t\t\t\t\t\t\t\t\t\t\t<\/a>\n\t\t\t\t\t\t\t<a class=\"e-gallery-item elementor-gallery-item elementor-animated-content\" href=\"https:\/\/vetaffairs.la.gov\/wp-content\/uploads\/2025\/06\/LDVA-cemetary-jennings-05.webp\" data-elementor-open-lightbox=\"yes\" data-elementor-lightbox-slideshow=\"d78bc7d\" data-e-action-hash=\"#elementor-action%3Aaction%3Dlightbox%26settings%3DeyJpZCI6NjA2OCwidXJsIjoiaHR0cHM6XC9cL3ZldGFmZmFpcnMubGEuZ292XC93cC1jb250ZW50XC91cGxvYWRzXC8yMDI1XC8wNlwvTERWQS1jZW1ldGFyeS1qZW5uaW5ncy0wNS53ZWJwIiwic2xpZGVzaG93IjoiZDc4YmM3ZCJ9\">\n\t\t\t\t\t<div class=\"e-gallery-image elementor-gallery-item__image\" data-thumbnail=\"https:\/\/vetaffairs.la.gov\/wp-content\/uploads\/2025\/06\/LDVA-cemetary-jennings-05.webp\" data-width=\"1200\" data-height=\"800\" aria-label=\"Gh\u1ebf \u0111\u00e1 t\u1ea1i Ngh\u0129a trang C\u1ef1u chi\u1ebfn binh Jennings\" role=\"img\" ><\/div>\n\t\t\t\t\t\t\t\t\t\t\t\t\t\t<\/a>\n\t\t\t\t\t\t\t<a class=\"e-gallery-item elementor-gallery-item elementor-animated-content\" href=\"https:\/\/vetaffairs.la.gov\/wp-content\/uploads\/2025\/06\/LDVA-cemetary-jennings-04.webp\" data-elementor-open-lightbox=\"yes\" data-elementor-lightbox-slideshow=\"d78bc7d\" data-e-action-hash=\"#elementor-action%3Aaction%3Dlightbox%26settings%3DeyJpZCI6NjA2NywidXJsIjoiaHR0cHM6XC9cL3ZldGFmZmFpcnMubGEuZ292XC93cC1jb250ZW50XC91cGxvYWRzXC8yMDI1XC8wNlwvTERWQS1jZW1ldGFyeS1qZW5uaW5ncy0wNC53ZWJwIiwic2xpZGVzaG93IjoiZDc4YmM3ZCJ9\">\n\t\t\t\t\t<div class=\"e-gallery-image elementor-gallery-item__image\" data-thumbnail=\"https:\/\/vetaffairs.la.gov\/wp-content\/uploads\/2025\/06\/LDVA-cemetary-jennings-04.webp\" data-width=\"1200\" data-height=\"800\" aria-label=\"Nh\u1eefng bia m\u1ed9 t\u1ea1i Ngh\u0129a trang C\u1ef1u chi\u1ebfn binh Jennings\" role=\"img\" ><\/div>\n\t\t\t\t\t\t\t\t\t\t\t\t\t\t<\/a>\n\t\t\t\t\t\t\t<a class=\"e-gallery-item elementor-gallery-item elementor-animated-content\" href=\"https:\/\/vetaffairs.la.gov\/wp-content\/uploads\/2025\/06\/LDVA-cemetary-jennings-01.webp\" data-elementor-open-lightbox=\"yes\" data-elementor-lightbox-slideshow=\"d78bc7d\" data-e-action-hash=\"#elementor-action%3Aaction%3Dlightbox%26settings%3DeyJpZCI6NjA2NCwidXJsIjoiaHR0cHM6XC9cL3ZldGFmZmFpcnMubGEuZ292XC93cC1jb250ZW50XC91cGxvYWRzXC8yMDI1XC8wNlwvTERWQS1jZW1ldGFyeS1qZW5uaW5ncy0wMS53ZWJwIiwic2xpZGVzaG93IjoiZDc4YmM3ZCJ9\">\n\t\t\t\t\t<div class=\"e-gallery-image elementor-gallery-item__image\" data-thumbnail=\"https:\/\/vetaffairs.la.gov\/wp-content\/uploads\/2025\/06\/LDVA-cemetary-jennings-01.webp\" data-width=\"1200\" data-height=\"800\" aria-label=\"V\u0103n ph\u00f2ng Ngh\u0129a trang C\u1ef1u chi\u1ebfn binh Jennings\" role=\"img\" ><\/div>\n\t\t\t\t\t\t\t\t\t\t\t\t\t\t<\/a>\n\t\t\t\t\t\t\t<a class=\"e-gallery-item elementor-gallery-item elementor-animated-content\" href=\"https:\/\/vetaffairs.la.gov\/wp-content\/uploads\/2025\/06\/LDVA-cemetary-jennings-TombstoneWithFlowers_horizontal.webp\" data-elementor-open-lightbox=\"yes\" data-elementor-lightbox-slideshow=\"d78bc7d\" data-e-action-hash=\"#elementor-action%3Aaction%3Dlightbox%26settings%3DeyJpZCI6NjE0MSwidXJsIjoiaHR0cHM6XC9cL3ZldGFmZmFpcnMubGEuZ292XC93cC1jb250ZW50XC91cGxvYWRzXC8yMDI1XC8wNlwvTERWQS1jZW1ldGFyeS1qZW5uaW5ncy1Ub21ic3RvbmVXaXRoRmxvd2Vyc19ob3Jpem9udGFsLndlYnAiLCJzbGlkZXNob3ciOiJkNzhiYzdkIn0%3D\">\n\t\t\t\t\t<div class=\"e-gallery-image elementor-gallery-item__image\" data-thumbnail=\"https:\/\/vetaffairs.la.gov\/wp-content\/uploads\/2025\/06\/LDVA-cemetary-jennings-TombstoneWithFlowers_horizontal.webp\" data-width=\"1200\" data-height=\"800\" aria-label=\"Bia m\u1ed9 t\u1ea1i Ngh\u0129a trang C\u1ef1u chi\u1ebfn binh Jennings\" role=\"img\" ><\/div>\n\t\t\t\t\t\t\t\t\t\t\t\t\t\t<\/a>\n\t\t\t\t\t<\/div>\n\t\t\t\t\t<\/div>\n\t\t\t\t<\/div>\n\t\t\t\t<div class=\"elementor-element elementor-element-4c34773 intro elementor-widget elementor-widget-text-editor\" data-id=\"4c34773\" data-element_type=\"widget\" data-widget_type=\"text-editor.default\">\n\t\t\t\t<div class=\"elementor-widget-container\">\n\t\t\t\t\t\t\t\t\t<h2>Ki\u1ec3m tra t\u00ednh \u0111\u1ee7 \u0111i\u1ec1u ki\u1ec7n<\/h2><p>C\u00f3 <a href=\"\/vi\/nghia-trang\/#eligibility\">th\u00f4ng tin \u0111\u1ee7 \u0111i\u1ec1u ki\u1ec7n<\/a> c\u00f3 s\u1eb5n tr\u00ean trang ngh\u0129a trang ch\u00ednh c\u1ee7a ch\u00fang t\u00f4i. N\u1ebfu b\u1ea1n mu\u1ed1n ki\u1ec3m tra \u0111i\u1ec1u ki\u1ec7n \u0111\u1ec3 \u0111\u01b0\u1ee3c ch\u00f4n c\u1ea5t t\u1ea1i ngh\u0129a trang c\u1ee7a ch\u00fang t\u00f4i, vui l\u00f2ng \u0111i\u1ec1n \u0111\u1ea7y \u0111\u1ee7 v\u00e0 <a href=\"\/vi\/don-xin-chon-cat-truoc-khi-can-thiet\/\">n\u1ed9p \u0111\u01a1n xin tr\u01b0\u1edbc nhu c\u1ea7u<\/a>.<\/p>\t\t\t\t\t\t\t\t<\/div>\n\t\t\t\t<\/div>\n\t\t\t\t<div class=\"elementor-element elementor-element-ef61491 intro elementor-widget elementor-widget-text-editor\" data-id=\"ef61491\" data-element_type=\"widget\" data-widget_type=\"text-editor.default\">\n\t\t\t\t<div class=\"elementor-widget-container\">\n\t\t\t\t\t\t\t\t\t<h2>L\u00ean l\u1ecbch ch\u00f4n c\u1ea5t<\/h2><p>C\u00f3 th\u00f4ng tin d\u01b0\u1edbi \u0111\u00e2y <a href=\"\/vi\/nghia-trang\/#burial-services\">d\u1ecbch v\u1ee5 ch\u00f4n c\u1ea5t<\/a> c\u00f3 s\u1eb5n tr\u00ean trang ngh\u0129a trang ch\u00ednh c\u1ee7a ch\u00fang t\u00f4i. N\u1ebfu b\u1ea1n mu\u1ed1n \u0111\u01b0\u1ee3c ch\u00f4n c\u1ea5t t\u1ea1i ngh\u0129a trang c\u1ee7a ch\u00fang t\u00f4i, vui l\u00f2ng \u0111i\u1ec1n \u0111\u1ea7y \u0111\u1ee7 v\u00e0 <a href=\"\/vi\/don-xin-chon-cat-truoc-khi-can-thiet\/\">n\u1ed9p \u0111\u01a1n xin ch\u00f4n c\u1ea5t<\/a>.<\/p>\t\t\t\t\t\t\t\t<\/div>\n\t\t\t\t<\/div>\n\t\t\t\t<div class=\"elementor-element elementor-element-0c4f4f5 intro elementor-widget elementor-widget-text-editor\" data-id=\"0c4f4f5\" data-element_type=\"widget\" data-widget_type=\"text-editor.default\">\n\t\t\t\t<div class=\"elementor-widget-container\">\n\t\t\t\t\t\t\t\t\t<h2>S\u1ef1 ki\u1ec7n<\/h2><p>Ng\u00e0y 13 th\u00e1ng 12: Ng\u00e0y v\u00f2ng hoa kh\u1eafp n\u01b0\u1edbc M\u1ef9<\/p>\t\t\t\t\t\t\t\t<\/div>\n\t\t\t\t<\/div>\n\t\t\t\t<div class=\"elementor-element elementor-element-c956925 intro elementor-widget elementor-widget-text-editor\" data-id=\"c956925\" data-element_type=\"widget\" data-widget_type=\"text-editor.default\">\n\t\t\t\t<div class=\"elementor-widget-container\">\n\t\t\t\t\t\t\t\t\t<h2>L\u00e0m th\u1ebf n\u00e0o \u0111\u1ec3 gi\u00fap \u0111\u1ee1<\/h2><p>Ch\u00fang t\u00f4i hoan ngh\u00eanh c\u00e1c t\u00ecnh nguy\u1ec7n vi\u00ean mu\u1ed1n vinh danh c\u00e1c c\u1ef1u chi\u1ebfn binh b\u1eb1ng c\u00e1ch gi\u00fap duy tr\u00ec s\u1ef1 trang nghi\u00eam c\u1ee7a khu\u00f4n vi\u00ean ngh\u0129a trang. Ch\u00fang t\u00f4i \u0111\u1eb7c bi\u1ec7t tr\u00e2n tr\u1ecdng c\u00e1c t\u00ecnh nguy\u1ec7n vi\u00ean v\u00e0o nh\u1eefng ng\u00e0y l\u1ec5 nh\u01b0 Ng\u00e0y T\u01b0\u1edfng ni\u1ec7m v\u00e0 <a href=\"https:\/\/www.wreathsacrossamerica.org\/\" target=\"_blank\" rel=\"noopener\">Ng\u00e0y v\u00f2ng hoa kh\u1eafp n\u01b0\u1edbc M\u1ef9<\/a>, n\u01a1i c\u00f3 th\u00eam ng\u01b0\u1eddi chung tay gi\u00fap \u0111\u1ee1 cho nh\u1eefng bu\u1ed5i l\u1ec5 quan tr\u1ecdng n\u00e0y. Ch\u00fang t\u00f4i c\u0169ng nh\u1eadn t\u00ecnh nguy\u1ec7n vi\u00ean v\u00e0o c\u00e1c ng\u00e0y trong tu\u1ea7n \u0111\u1ec3 h\u1ed7 tr\u1ee3 c\u00e1c c\u00f4ng vi\u1ec7c nh\u01b0 lau d\u1ecdn bia m\u1ed9, tr\u1ed3ng hoa, nh\u1ed5 c\u1ecf v\u00e0 b\u1ea3o tr\u00ec khu\u00f4n vi\u00ean chung. H\u00e3y li\u00ean h\u1ec7 v\u1edbi ch\u00fang t\u00f4i \u0111\u1ec3 t\u00ecm hi\u1ec3u c\u00e1ch b\u1ea1n c\u00f3 th\u1ec3 h\u1ed7 tr\u1ee3.<\/p>\t\t\t\t\t\t\t\t<\/div>\n\t\t\t\t<\/div>\n\t\t\t\t<div class=\"elementor-element elementor-element-01aa858 intro elementor-widget elementor-widget-text-editor\" data-id=\"01aa858\" data-element_type=\"widget\" data-widget_type=\"text-editor.default\">\n\t\t\t\t<div class=\"elementor-widget-container\">\n\t\t\t\t\t\t\t\t\t<h2>Gi\u1edd ho\u1ea1t \u0111\u1ed9ng<\/h2><p>V\u0103n ph\u00f2ng: Th\u1ee9 Hai - Th\u1ee9 S\u00e1u, 8 gi\u1edd s\u00e1ng - 4 gi\u1edd 30 chi\u1ec1u.<br \/>S\u00e2n b\u00e3i: T\u1eeb s\u00e1ng \u0111\u1ebfn t\u1ed1i h\u00e0ng ng\u00e0y<\/p><p>N\u1ebfu ch\u00fang t\u00f4i \u0111\u00e3 c\u00f3 vinh d\u1ef1 \u0111\u01b0\u1ee3c ch\u0103m s\u00f3c ng\u01b0\u1eddi th\u00e2n y\u00eau c\u1ee7a b\u1ea1n, <a href=\"\/vi\/nhan-xet\/?service=Veteran Cemeteries&amp;cemetery=Southwest Louisiana Veterans Cemetery - Jennings, LA\">vui l\u00f2ng cung c\u1ea5p ph\u1ea3n h\u1ed3i \u1edf \u0111\u00e2y<\/a>.<\/p>\t\t\t\t\t\t\t\t<\/div>\n\t\t\t\t<\/div>\n\t\t\t\t<div class=\"elementor-element elementor-element-66fd79f elementor-widget elementor-widget-heading\" data-id=\"66fd79f\" data-element_type=\"widget\" data-widget_type=\"heading.default\">\n\t\t\t\t<div class=\"elementor-widget-container\">\n\t\t\t\t\t<h2 class=\"elementor-heading-title elementor-size-default\">Li\u00ean h\u1ec7 v\u1edbi ch\u00fang t\u00f4i<\/h2>\t\t\t\t<\/div>\n\t\t\t\t<\/div>\n\t\t\t\t<div class=\"elementor-element elementor-element-5921fd1 intro elementor-widget elementor-widget-text-editor\" data-id=\"5921fd1\" data-element_type=\"widget\" data-widget_type=\"text-editor.default\">\n\t\t\t\t<div class=\"elementor-widget-container\">\n\t\t\t\t\t\t\t\t\t<p>Sue Daggett, Gi\u00e1m \u0111\u1ed1c<br \/>Jesecca Creger, \u0110i\u1ec1u ph\u1ed1i vi\u00ean h\u00e0nh ch\u00ednh<\/p>\t\t\t\t\t\t\t\t<\/div>\n\t\t\t\t<\/div>\n\t\t\t\t<div class=\"elementor-element elementor-element-dbcf456 elementor-list-item-link-full_width elementor-widget elementor-widget-icon-list\" data-id=\"dbcf456\" data-element_type=\"widget\" data-widget_type=\"icon-list.default\">\n\t\t\t\t<div class=\"elementor-widget-container\">\n\t\t\t\t\t\t\t<ul class=\"elementor-icon-list-items\">\n\t\t\t\t\t\t\t<li class=\"elementor-icon-list-item\">\n\t\t\t\t\t\t\t\t\t\t\t<span class=\"elementor-icon-list-icon\">\n\t\t\t\t\t\t\t<svg aria-hidden=\"true\" class=\"e-font-icon-svg e-fas-map-marker-alt\" viewbox=\"0 0 384 512\" xmlns=\"http:\/\/www.w3.org\/2000\/svg\"><path d=\"M172.268 501.67C26.97 291.031 0 269.413 0 192 0 85.961 85.961 0 192 0s192 85.961 192 192c0 77.413-26.97 99.031-172.268 309.67-9.535 13.774-29.93 13.773-39.464 0zM192 272c44.183 0 80-35.817 80-80s-35.817-80-80-80-80 35.817-80 80 35.817 80 80 80z\"><\/path><\/svg>\t\t\t\t\t\t<\/span>\n\t\t\t\t\t\t\t\t\t\t<span class=\"elementor-icon-list-text\">1620 \u0110\u01b0\u1eddng Evangeline Jennings, LA 70546<\/span>\n\t\t\t\t\t\t\t\t\t<\/li>\n\t\t\t\t\t\t\t\t<li class=\"elementor-icon-list-item\">\n\t\t\t\t\t\t\t\t\t\t\t<span class=\"elementor-icon-list-icon\">\n\t\t\t\t\t\t\t<svg aria-hidden=\"true\" class=\"e-font-icon-svg e-fas-phone-alt\" viewbox=\"0 0 512 512\" xmlns=\"http:\/\/www.w3.org\/2000\/svg\"><path d=\"M497.39 361.8l-112-48a24 24 0 0 0-28 6.9l-49.6 60.6A370.66 370.66 0 0 1 130.6 204.11l60.6-49.6a23.94 23.94 0 0 0 6.9-28l-48-112A24.16 24.16 0 0 0 122.6.61l-104 24A24 24 0 0 0 0 48c0 256.5 207.9 464 464 464a24 24 0 0 0 23.4-18.6l24-104a24.29 24.29 0 0 0-14.01-27.6z\"><\/path><\/svg>\t\t\t\t\t\t<\/span>\n\t\t\t\t\t\t\t\t\t\t<span class=\"elementor-icon-list-text\"><a href=\"tel:3372467094\">(337) 246-7094<\/a><\/span>\n\t\t\t\t\t\t\t\t\t<\/li>\n\t\t\t\t\t\t\t\t<li class=\"elementor-icon-list-item\">\n\t\t\t\t\t\t\t\t\t\t\t<span class=\"elementor-icon-list-icon\">\n\t\t\t\t\t\t\t<svg aria-hidden=\"true\" class=\"e-font-icon-svg e-fas-fax\" viewbox=\"0 0 512 512\" xmlns=\"http:\/\/www.w3.org\/2000\/svg\"><path d=\"M480 160V77.25a32 32 0 0 0-9.38-22.63L425.37 9.37A32 32 0 0 0 402.75 0H160a32 32 0 0 0-32 32v448a32 32 0 0 0 32 32h320a32 32 0 0 0 32-32V192a32 32 0 0 0-32-32zM288 432a16 16 0 0 1-16 16h-32a16 16 0 0 1-16-16v-32a16 16 0 0 1 16-16h32a16 16 0 0 1 16 16zm0-128a16 16 0 0 1-16 16h-32a16 16 0 0 1-16-16v-32a16 16 0 0 1 16-16h32a16 16 0 0 1 16 16zm128 128a16 16 0 0 1-16 16h-32a16 16 0 0 1-16-16v-32a16 16 0 0 1 16-16h32a16 16 0 0 1 16 16zm0-128a16 16 0 0 1-16 16h-32a16 16 0 0 1-16-16v-32a16 16 0 0 1 16-16h32a16 16 0 0 1 16 16zm0-112H192V64h160v48a16 16 0 0 0 16 16h48zM64 128H32a32 32 0 0 0-32 32v320a32 32 0 0 0 32 32h32a32 32 0 0 0 32-32V160a32 32 0 0 0-32-32z\"><\/path><\/svg>\t\t\t\t\t\t<\/span>\n\t\t\t\t\t\t\t\t\t\t<span class=\"elementor-icon-list-text\"><a href=\"tel:3372467096\">(337) 246-7096<\/a><\/span>\n\t\t\t\t\t\t\t\t\t<\/li>\n\t\t\t\t\t\t\t\t<li class=\"elementor-icon-list-item\">\n\t\t\t\t\t\t\t\t\t\t\t<span class=\"elementor-icon-list-icon\">\n\t\t\t\t\t\t\t<svg aria-hidden=\"true\" class=\"e-font-icon-svg e-fas-at\" viewbox=\"0 0 512 512\" xmlns=\"http:\/\/www.w3.org\/2000\/svg\"><path d=\"M256 8C118.941 8 8 118.919 8 256c0 137.059 110.919 248 248 248 48.154 0 95.342-14.14 135.408-40.223 12.005-7.815 14.625-24.288 5.552-35.372l-10.177-12.433c-7.671-9.371-21.179-11.667-31.373-5.129C325.92 429.757 291.314 440 256 440c-101.458 0-184-82.542-184-184S154.542 72 256 72c100.139 0 184 57.619 184 160 0 38.786-21.093 79.742-58.17 83.693-17.349-.454-16.91-12.857-13.476-30.024l23.433-121.11C394.653 149.75 383.308 136 368.225 136h-44.981a13.518 13.518 0 0 0-13.432 11.993l-.01.092c-14.697-17.901-40.448-21.775-59.971-21.775-74.58 0-137.831 62.234-137.831 151.46 0 65.303 36.785 105.87 96 105.87 26.984 0 57.369-15.637 74.991-38.333 9.522 34.104 40.613 34.103 70.71 34.103C462.609 379.41 504 307.798 504 232 504 95.653 394.023 8 256 8zm-21.68 304.43c-22.249 0-36.07-15.623-36.07-40.771 0-44.993 30.779-72.729 58.63-72.729 22.292 0 35.601 15.241 35.601 40.77 0 45.061-33.875 72.73-58.161 72.73z\"><\/path><\/svg>\t\t\t\t\t\t<\/span>\n\t\t\t\t\t\t\t\t\t\t<span class=\"elementor-icon-list-text\"><a href=\"mailto:swlvc@la.gov\">swlvc@la.gov<\/a><\/span>\n\t\t\t\t\t\t\t\t\t<\/li>\n\t\t\t\t\t\t<\/ul>\n\t\t\t\t\t\t<\/div>\n\t\t\t\t<\/div>\n\t\t\t\t<div class=\"elementor-element elementor-element-b3f870e elementor-view-stacked elementor-shape-circle elementor-widget elementor-widget-icon\" data-id=\"b3f870e\" data-element_type=\"widget\" data-widget_type=\"icon.default\">\n\t\t\t\t<div class=\"elementor-widget-container\">\n\t\t\t\t\t\t\t<div class=\"elementor-icon-wrapper\">\n\t\t\t<a class=\"elementor-icon elementor-animation-grow\" href=\"https:\/\/www.facebook.com\/SWLVC.la.gov\" target=\"_blank\" rel=\"noopener\">\n\t\t\t<svg aria-hidden=\"true\" class=\"e-font-icon-svg e-fab-facebook-f\" viewbox=\"0 0 320 512\" xmlns=\"http:\/\/www.w3.org\/2000\/svg\"><path d=\"M279.14 288l14.22-92.66h-88.91v-60.13c0-25.35 12.42-50.06 52.24-50.06h40.42V6.26S260.43 0 225.36 0c-73.22 0-121.08 44.38-121.08 124.72v70.62H22.89V288h81.39v224h100.17V288z\"><\/path><\/svg>\t\t\t<\/a>\n\t\t<\/div>\n\t\t\t\t\t\t<\/div>\n\t\t\t\t<\/div>\n\t\t\t\t\t<\/div>\n\t\t\t\t<\/div>\n\t\t\t\t<\/div>","protected":false},"excerpt":{"rendered":"<p>Ngh\u0129a trang C\u1ef1u chi\u1ebfn binh T\u00e2y Nam Louisiana n\u1eb1m tr\u00ean khu \u0111\u1ea5t r\u1ed9ng 20 m\u1eabu Anh ph\u00eda sau Nh\u00e0 d\u01b0\u1ee1ng l\u00e3o C\u1ef1u chi\u1ebfn binh T\u00e2y Nam Louisiana* v\u00e0 l\u00e0 ngh\u0129a trang duy nh\u1ea5t\u2026<\/p>","protected":false},"author":7,"featured_media":0,"parent":37,"menu_order":0,"comment_status":"closed","ping_status":"closed","template":"","meta":{"_acf_changed":false,"footnotes":"","_links_to":"","_links_to_target":""},"class_list":["post-72","page","type-page","status-publish","hentry"],"acf":[],"_links":{"self":[{"href":"https:\/\/vetaffairs.la.gov\/vi\/wp-json\/wp\/v2\/pages\/72","targetHints":{"allow":["GET"]}}],"collection":[{"href":"https:\/\/vetaffairs.la.gov\/vi\/wp-json\/wp\/v2\/pages"}],"about":[{"href":"https:\/\/vetaffairs.la.gov\/vi\/wp-json\/wp\/v2\/types\/page"}],"author":[{"embeddable":true,"href":"https:\/\/vetaffairs.la.gov\/vi\/wp-json\/wp\/v2\/users\/7"}],"replies":[{"embeddable":true,"href":"https:\/\/vetaffairs.la.gov\/vi\/wp-json\/wp\/v2\/comments?post=72"}],"version-history":[{"count":0,"href":"https:\/\/vetaffairs.la.gov\/vi\/wp-json\/wp\/v2\/pages\/72\/revisions"}],"up":[{"embeddable":true,"href":"https:\/\/vetaffairs.la.gov\/vi\/wp-json\/wp\/v2\/pages\/37"}],"wp:attachment":[{"href":"https:\/\/vetaffairs.la.gov\/vi\/wp-json\/wp\/v2\/media?parent=72"}],"curies":[{"name":"wp","href":"https:\/\/api.w.org\/{rel}","templated":true}]}}