{"id":71,"date":"2025-02-24T15:46:06","date_gmt":"2025-02-24T21:46:06","guid":{"rendered":"https:\/\/veteran-affairs-louisiana.local\/?page_id=71"},"modified":"2026-04-06T16:25:02","modified_gmt":"2026-04-06T21:25:02","slug":"nghia-trang-cuu-chien-binh-dong-nam-louisiana","status":"publish","type":"page","link":"https:\/\/vetaffairs.la.gov\/vi\/cemeteries\/southeast-louisiana-veterans-cemetery","title":{"rendered":"Ngh\u0129a trang C\u1ef1u chi\u1ebfn binh \u0110\u00f4ng Nam Louisiana"},"content":{"rendered":"<div data-elementor-type=\"wp-page\" data-elementor-id=\"71\" class=\"elementor elementor-71\" data-elementor-post-type=\"page\">\n\t\t\t\t<div class=\"elementor-element elementor-element-bf86df4 e-flex e-con-boxed e-con e-parent\" data-id=\"bf86df4\" data-element_type=\"container\">\n\t\t\t\t\t<div class=\"e-con-inner\">\n\t\t\t\t<div class=\"elementor-element elementor-element-2427909 intro elementor-widget elementor-widget-text-editor\" data-id=\"2427909\" data-element_type=\"widget\" data-widget_type=\"text-editor.default\">\n\t\t\t\t<div class=\"elementor-widget-container\">\n\t\t\t\t\t\t\t\t\t<p>Ngh\u0129a trang c\u1ef1u chi\u1ebfn binh \u0110\u00f4ng Nam Louisiana, n\u1eb1m \u1edf Slidell, \u0111\u01b0\u1ee3c khai tr\u01b0\u01a1ng v\u00e0o th\u00e1ng 6 n\u0103m 2014 v\u00e0 nhanh ch\u00f3ng tr\u1edf th\u00e0nh ngh\u0129a trang c\u1ef1u chi\u1ebfn binh ph\u00e1t tri\u1ec3n nhanh nh\u1ea5t \u1edf Louisiana. Khi c\u00e1c khu ch\u00f4n c\u1ea5t ban \u0111\u1ea7u \u0111\u01b0\u1ee3c s\u1eed d\u1ee5ng h\u1ebft, <a href=\"https:\/\/www.cem.va.gov\/\" target=\"_blank\" rel=\"noopener\">C\u1ee5c Qu\u1ea3n l\u00fd Ngh\u0129a trang Qu\u1ed1c gia thu\u1ed9c B\u1ed9 C\u1ef1u chi\u1ebfn binh Hoa K\u1ef3<\/a> Cung c\u1ea5p c\u00e1c kho\u1ea3n t\u00e0i tr\u1ee3 \u0111\u1ec3 ph\u00e1t tri\u1ec3n th\u00eam kh\u00f4ng gian nh\u1eb1m \u0111\u1ea3m b\u1ea3o t\u1ea5t c\u1ea3 c\u00e1c l\u1ef1a ch\u1ecdn ch\u00f4n c\u1ea5t v\u1eabn \u0111\u01b0\u1ee3c cung c\u1ea5p \u0111\u1ea7y \u0111\u1ee7.<\/p><p>Khi \u0111\u1ebfn th\u0103m ngh\u0129a trang, b\u1ea1n s\u1ebd th\u1ea5y Th\u00e1p chu\u00f4ng Carillon c\u1ee7a ch\u00fang t\u00f4i, \u0111\u01b0\u1ee3c quy\u00ean t\u1eb7ng m\u1ed9t c\u00e1ch h\u00e0o ph\u00f3ng b\u1edfi... <a href=\"https:\/\/www.amvets.org\/\" target=\"_blank\" rel=\"noopener\">AMVETS<\/a> Khi ngh\u0129a trang m\u1edf c\u1eeda. Th\u00e1p chu\u00f4ng n\u1eb1m \u1edf V\u00f2ng Tr\u00f2n T\u01b0\u1edfng Ni\u1ec7m, m\u1ed9t khu v\u1ef1c thanh b\u00ecnh v\u00e0 trang nghi\u00eam, n\u01a1i t\u00f4n vinh nh\u1eefng ng\u01b0\u1eddi \u0111\u00e3 ph\u1ee5c v\u1ee5 \u0111\u1ea5t n\u01b0\u1edbc, ngay c\u1ea3 sau khi h\u1ecd gi\u1ea3i ng\u0169. V\u00f2ng Tr\u00f2n T\u01b0\u1edfng Ni\u1ec7m c\u00f3 nh\u1eefng b\u0103ng gh\u1ebf \u0111\u1ec3 ng\u1ed3i, m\u1ed9t khu v\u01b0\u1eddn v\u1edbi c\u00e2y xanh v\u00e0 m\u1ed9t l\u1ed1i \u0111i l\u00e1t g\u1ea1ch kh\u1eafc t\u00ean, t\u1ea5t c\u1ea3 \u0111\u1ec1u \u0111\u01b0\u1ee3c th\u1ef1c hi\u1ec7n nh\u1edd s\u1ef1 \u0111\u00f3ng g\u00f3p t\u1eeb c\u00e1c nh\u00e0 h\u1ea3o t\u00e2m. <a href=\"https:\/\/herosfarewell.com\/\" target=\"_blank\" rel=\"noopener\">L\u1eddi t\u1ea1m bi\u1ec7t c\u1ee7a ng\u01b0\u1eddi anh h\u00f9ng<\/a>.<\/p><p>N\u1eb1m \u1edf trung t\u00e2m c\u1ee7a Qu\u1ea3ng tr\u01b0\u1eddng T\u01b0\u1edfng ni\u1ec7m l\u00e0 t\u01b0\u1ee3ng \u0111\u00e0i Th\u1eadp t\u1ef1 gi\u00e1 Chi\u1ebfn tr\u01b0\u1eddng Ch\u1ed1ng Kh\u1ee7ng b\u1ed1 To\u00e0n c\u1ea7u b\u1eb1ng \u0111\u1ed3ng n\u1ed5i b\u1eadt, c\u0169ng do t\u1ed5 ch\u1ee9c Hero&#039;s Farewell quy\u00ean t\u1eb7ng. T\u00e1c ph\u1ea9m \u0111i\u00eau kh\u1eafc \u0111\u1ea7y s\u1ee9c m\u1ea1nh n\u00e0y g\u1ed3m m\u1ed9t \u0111\u00f4i \u1ee7ng chi\u1ebfn \u0111\u1ea5u, m\u1ed9t kh\u1ea9u s\u00fang tr\u01b0\u1eddng d\u1ef1ng \u0111\u1ee9ng gi\u1eefa ch\u00fang v\u00e0 m\u1ed9t chi\u1ebfc m\u0169 b\u1ea3o hi\u1ec3m \u0111\u1eb7t tr\u00ean \u0111\u1ec9nh \u2013 m\u1ed9t bi\u1ec3u t\u01b0\u1ee3ng trang nghi\u00eam v\u00e0 v\u01b0\u1ee3t th\u1eddi gian v\u1ec1 l\u00f2ng k\u00ednh tr\u1ecdng v\u00e0 s\u1ef1 hy sinh d\u00e0nh cho nh\u1eefng ng\u01b0\u1eddi \u0111\u00e3 hi sinh m\u1ea1ng s\u1ed1ng trong c\u00e1c cu\u1ed9c xung \u0111\u1ed9t sau ng\u00e0y 11\/9. \u0110i\u1ec3m \u0111\u1ed9c \u0111\u00e1o c\u1ee7a t\u01b0\u1ee3ng \u0111\u00e0i n\u00e0y l\u00e0 t\u00ean c\u1ee7a m\u1ed7i qu\u00e2n nh\u00e2n Louisiana hy sinh trong Chi\u1ebfn tranh Ch\u1ed1ng Kh\u1ee7ng b\u1ed1 To\u00e0n c\u1ea7u \u0111\u1ec1u \u0111\u01b0\u1ee3c kh\u1eafc tr\u00ean ch\u00e2n c\u1ed9t, \u0111\u1ea3m b\u1ea3o r\u1eb1ng k\u00fd \u1ee9c v\u1ec1 h\u1ecd s\u1ebd \u0111\u01b0\u1ee3c t\u00f4n vinh m\u00e3i m\u00e3i tr\u00ean m\u1ea3nh \u0111\u1ea5t m\u00e0 h\u1ecd t\u1eebng g\u1ecdi l\u00e0 nh\u00e0.<\/p><p>G\u1ea7n \u0111\u00f3, b\u1ea1n c\u0169ng s\u1ebd t\u00ecm th\u1ea5y m\u1ed9t \u0111\u00e0i phun n\u01b0\u1edbc y\u00ean b\u00ecnh, n\u1eb1m c\u1ea1nh nh\u00e0 t\u1ea1m giam, \u0111\u01b0\u1ee3c quy\u00ean t\u1eb7ng b\u1edfi... <a href=\"https:\/\/www.kofc.org\/en\/\/index.html\" target=\"_blank\" rel=\"noopener\">Hi\u1ec7p s\u0129 Columbus<\/a>, mang \u0111\u1ebfn m\u1ed9t kh\u00f4ng gian y\u00ean t\u0129nh \u0111\u1ec3 suy ng\u1eabm.<\/p><p>Ch\u00fang t\u00f4i v\u00f4 c\u00f9ng may m\u1eafn khi c\u00f3 nh\u1eefng t\u1ed5 ch\u1ee9c c\u1ef1u chi\u1ebfn binh xu\u1ea5t s\u1eafc nh\u1ea5t h\u1ee3p t\u00e1c trong vi\u1ec7c t\u1ea1o d\u1ef1ng v\u00e0 duy tr\u00ec m\u1ed9t n\u01a1i an ngh\u1ec9 trang tr\u1ecdng, v\u0129nh c\u1eedu cho nh\u1eefng ng\u01b0\u1eddi anh h\u00f9ng \u0111\u1ecba ph\u01b0\u01a1ng c\u1ee7a ch\u00fang ta. \u0110\u1ed9i ng\u0169 nh\u00e2n vi\u00ean t\u1ea1i Ngh\u0129a trang C\u1ef1u chi\u1ebfn binh \u0110\u00f4ng Nam Louisiana lu\u00f4n s\u1eb5n s\u00e0ng h\u1ed7 tr\u1ee3 gia \u0111\u00ecnh c\u00e1c c\u1ef1u chi\u1ebfn binh trong l\u00fac kh\u00f3 kh\u0103n.<\/p>\t\t\t\t\t\t\t\t<\/div>\n\t\t\t\t<\/div>\n\t\t\t\t<div class=\"elementor-element elementor-element-826909c photo-gallery elementor-widget elementor-widget-gallery\" data-id=\"826909c\" data-element_type=\"widget\" data-settings=\"{&quot;gallery_layout&quot;:&quot;masonry&quot;,&quot;columns&quot;:3,&quot;gap&quot;:{&quot;unit&quot;:&quot;px&quot;,&quot;size&quot;:15,&quot;sizes&quot;:[]},&quot;gap_tablet&quot;:{&quot;unit&quot;:&quot;px&quot;,&quot;size&quot;:15,&quot;sizes&quot;:[]},&quot;gap_mobile&quot;:{&quot;unit&quot;:&quot;px&quot;,&quot;size&quot;:15,&quot;sizes&quot;:[]},&quot;columns_tablet&quot;:3,&quot;lazyload&quot;:&quot;yes&quot;,&quot;columns_mobile&quot;:1,&quot;link_to&quot;:&quot;file&quot;,&quot;content_hover_animation&quot;:&quot;fade-in&quot;}\" data-widget_type=\"gallery.default\">\n\t\t\t\t<div class=\"elementor-widget-container\">\n\t\t\t\t\t\t\t<div class=\"elementor-gallery__container\">\n\t\t\t\t\t\t\t<a class=\"e-gallery-item elementor-gallery-item elementor-animated-content\" href=\"https:\/\/vetaffairs.la.gov\/wp-content\/uploads\/2025\/06\/LDVA-cemetary-slidell-04.webp\" data-elementor-open-lightbox=\"yes\" data-elementor-lightbox-slideshow=\"826909c\" data-e-action-hash=\"#elementor-action%3Aaction%3Dlightbox%26settings%3DeyJpZCI6NjA2MSwidXJsIjoiaHR0cHM6XC9cL3ZldGFmZmFpcnMubGEuZ292XC93cC1jb250ZW50XC91cGxvYWRzXC8yMDI1XC8wNlwvTERWQS1jZW1ldGFyeS1zbGlkZWxsLTA0LndlYnAiLCJzbGlkZXNob3ciOiI4MjY5MDljIn0%3D\">\n\t\t\t\t\t<div class=\"e-gallery-image elementor-gallery-item__image\" data-thumbnail=\"https:\/\/vetaffairs.la.gov\/wp-content\/uploads\/2025\/06\/LDVA-cemetary-slidell-04.webp\" data-width=\"1200\" data-height=\"800\" aria-label=\"Bia m\u1ed9 t\u1ea1i Ngh\u0129a trang C\u1ef1u chi\u1ebfn binh Slidell, c\u00f3 hoa v\u00e0 c\u1edd.\" role=\"img\" ><\/div>\n\t\t\t\t\t\t\t\t\t\t\t\t\t\t<\/a>\n\t\t\t\t\t\t\t<a class=\"e-gallery-item elementor-gallery-item elementor-animated-content\" href=\"https:\/\/vetaffairs.la.gov\/wp-content\/uploads\/2025\/06\/LDVA-cemetary-slidell-03.webp\" data-elementor-open-lightbox=\"yes\" data-elementor-lightbox-slideshow=\"826909c\" data-e-action-hash=\"#elementor-action%3Aaction%3Dlightbox%26settings%3DeyJpZCI6NjA2MCwidXJsIjoiaHR0cHM6XC9cL3ZldGFmZmFpcnMubGEuZ292XC93cC1jb250ZW50XC91cGxvYWRzXC8yMDI1XC8wNlwvTERWQS1jZW1ldGFyeS1zbGlkZWxsLTAzLndlYnAiLCJzbGlkZXNob3ciOiI4MjY5MDljIn0%3D\">\n\t\t\t\t\t<div class=\"e-gallery-image elementor-gallery-item__image\" data-thumbnail=\"https:\/\/vetaffairs.la.gov\/wp-content\/uploads\/2025\/06\/LDVA-cemetary-slidell-03.webp\" data-width=\"1200\" data-height=\"800\" aria-label=\"\u0110\u00e0i phun n\u01b0\u1edbc Ngh\u0129a trang C\u1ef1u chi\u1ebfn binh Slidell\" role=\"img\" ><\/div>\n\t\t\t\t\t\t\t\t\t\t\t\t\t\t<\/a>\n\t\t\t\t\t\t\t<a class=\"e-gallery-item elementor-gallery-item elementor-animated-content\" href=\"https:\/\/vetaffairs.la.gov\/wp-content\/uploads\/2025\/06\/LDVA-cemetary-slidell-02.webp\" data-elementor-open-lightbox=\"yes\" data-elementor-lightbox-slideshow=\"826909c\" data-e-action-hash=\"#elementor-action%3Aaction%3Dlightbox%26settings%3DeyJpZCI6NjA1OSwidXJsIjoiaHR0cHM6XC9cL3ZldGFmZmFpcnMubGEuZ292XC93cC1jb250ZW50XC91cGxvYWRzXC8yMDI1XC8wNlwvTERWQS1jZW1ldGFyeS1zbGlkZWxsLTAyLndlYnAiLCJzbGlkZXNob3ciOiI4MjY5MDljIn0%3D\">\n\t\t\t\t\t<div class=\"e-gallery-image elementor-gallery-item__image\" data-thumbnail=\"https:\/\/vetaffairs.la.gov\/wp-content\/uploads\/2025\/06\/LDVA-cemetary-slidell-02.webp\" data-width=\"1200\" data-height=\"800\" aria-label=\"Ngh\u0129a trang c\u1ef1u chi\u1ebfn binh Slidell\" role=\"img\" ><\/div>\n\t\t\t\t\t\t\t\t\t\t\t\t\t\t<\/a>\n\t\t\t\t\t\t\t<a class=\"e-gallery-item elementor-gallery-item elementor-animated-content\" href=\"https:\/\/vetaffairs.la.gov\/wp-content\/uploads\/2025\/06\/LDVA-cemetary-slidell-01.webp\" data-elementor-open-lightbox=\"yes\" data-elementor-lightbox-slideshow=\"826909c\" data-e-action-hash=\"#elementor-action%3Aaction%3Dlightbox%26settings%3DeyJpZCI6NjA1OCwidXJsIjoiaHR0cHM6XC9cL3ZldGFmZmFpcnMubGEuZ292XC93cC1jb250ZW50XC91cGxvYWRzXC8yMDI1XC8wNlwvTERWQS1jZW1ldGFyeS1zbGlkZWxsLTAxLndlYnAiLCJzbGlkZXNob3ciOiI4MjY5MDljIn0%3D\">\n\t\t\t\t\t<div class=\"e-gallery-image elementor-gallery-item__image\" data-thumbnail=\"https:\/\/vetaffairs.la.gov\/wp-content\/uploads\/2025\/06\/LDVA-cemetary-slidell-01.webp\" data-width=\"1200\" data-height=\"800\" aria-label=\"Nh\u1eefng bia m\u1ed9 t\u1ea1i Ngh\u0129a trang C\u1ef1u chi\u1ebfn binh Slidell\" role=\"img\" ><\/div>\n\t\t\t\t\t\t\t\t\t\t\t\t\t\t<\/a>\n\t\t\t\t\t\t\t<a class=\"e-gallery-item elementor-gallery-item elementor-animated-content\" href=\"https:\/\/vetaffairs.la.gov\/wp-content\/uploads\/2025\/06\/LDVA-cemetary-slidell-05.webp\" data-elementor-open-lightbox=\"yes\" data-elementor-lightbox-slideshow=\"826909c\" data-e-action-hash=\"#elementor-action%3Aaction%3Dlightbox%26settings%3DeyJpZCI6NjA2MiwidXJsIjoiaHR0cHM6XC9cL3ZldGFmZmFpcnMubGEuZ292XC93cC1jb250ZW50XC91cGxvYWRzXC8yMDI1XC8wNlwvTERWQS1jZW1ldGFyeS1zbGlkZWxsLTA1LndlYnAiLCJzbGlkZXNob3ciOiI4MjY5MDljIn0%3D\">\n\t\t\t\t\t<div class=\"e-gallery-image elementor-gallery-item__image\" data-thumbnail=\"https:\/\/vetaffairs.la.gov\/wp-content\/uploads\/2025\/06\/LDVA-cemetary-slidell-05.webp\" data-width=\"1200\" data-height=\"800\" aria-label=\"C\u1edd t\u1ea1i Ngh\u0129a trang C\u1ef1u chi\u1ebfn binh Slidell\" role=\"img\" ><\/div>\n\t\t\t\t\t\t\t\t\t\t\t\t\t\t<\/a>\n\t\t\t\t\t\t\t<a class=\"e-gallery-item elementor-gallery-item elementor-animated-content\" href=\"https:\/\/vetaffairs.la.gov\/wp-content\/uploads\/2025\/06\/LDVA-cemetery-slidell-BlueStarSign.webp\" data-elementor-open-lightbox=\"yes\" data-elementor-lightbox-slideshow=\"826909c\" data-e-action-hash=\"#elementor-action%3Aaction%3Dlightbox%26settings%3DeyJpZCI6NjEzOCwidXJsIjoiaHR0cHM6XC9cL3ZldGFmZmFpcnMubGEuZ292XC93cC1jb250ZW50XC91cGxvYWRzXC8yMDI1XC8wNlwvTERWQS1jZW1ldGVyeS1zbGlkZWxsLUJsdWVTdGFyU2lnbi53ZWJwIiwic2xpZGVzaG93IjoiODI2OTA5YyJ9\">\n\t\t\t\t\t<div class=\"e-gallery-image elementor-gallery-item__image\" data-thumbnail=\"https:\/\/vetaffairs.la.gov\/wp-content\/uploads\/2025\/06\/LDVA-cemetery-slidell-BlueStarSign.webp\" data-width=\"1200\" data-height=\"800\" aria-label=\"\u0110\u01b0\u1eddng Ngh\u0129a trang C\u1ef1u chi\u1ebfn binh Slidell\" role=\"img\" ><\/div>\n\t\t\t\t\t\t\t\t\t\t\t\t\t\t<\/a>\n\t\t\t\t\t<\/div>\n\t\t\t\t\t<\/div>\n\t\t\t\t<\/div>\n\t\t\t\t<div class=\"elementor-element elementor-element-ffaa52c intro elementor-widget elementor-widget-text-editor\" data-id=\"ffaa52c\" data-element_type=\"widget\" data-widget_type=\"text-editor.default\">\n\t\t\t\t<div class=\"elementor-widget-container\">\n\t\t\t\t\t\t\t\t\t<h2>Ki\u1ec3m tra t\u00ednh \u0111\u1ee7 \u0111i\u1ec1u ki\u1ec7n<\/h2><p><a href=\"\/vi\/nghia-trang\/#eligibility\">Th\u00f4ng tin v\u1ec1 \u0111i\u1ec1u ki\u1ec7n tham gia<\/a> Th\u00f4ng tin chi ti\u1ebft c\u00f3 tr\u00ean trang ngh\u0129a trang ch\u00ednh c\u1ee7a ch\u00fang t\u00f4i. N\u1ebfu b\u1ea1n mu\u1ed1n ki\u1ec3m tra \u0111i\u1ec1u ki\u1ec7n \u0111\u01b0\u1ee3c ch\u00f4n c\u1ea5t t\u1ea1i ngh\u0129a trang c\u1ee7a ch\u00fang t\u00f4i, vui l\u00f2ng \u0111i\u1ec1n \u0111\u1ea7y \u0111\u1ee7 th\u00f4ng tin v\u00e0o m\u1eabu \u0111\u01a1n. <a href=\"\/vi\/don-xin-chon-cat-truoc-khi-can-thiet\/\">n\u1ed9p \u0111\u01a1n xin tr\u01b0\u1edbc nhu c\u1ea7u<\/a>.<\/p>\t\t\t\t\t\t\t\t<\/div>\n\t\t\t\t<\/div>\n\t\t\t\t<div class=\"elementor-element elementor-element-5886ef0 intro elementor-widget elementor-widget-text-editor\" data-id=\"5886ef0\" data-element_type=\"widget\" data-widget_type=\"text-editor.default\">\n\t\t\t\t<div class=\"elementor-widget-container\">\n\t\t\t\t\t\t\t\t\t<h2>L\u00ean l\u1ecbch ch\u00f4n c\u1ea5t<\/h2><p><a href=\"\/vi\/nghia-trang\/#burial-services\">Th\u00f4ng tin v\u1ec1 d\u1ecbch v\u1ee5 mai t\u00e1ng<\/a> Th\u00f4ng tin c\u0169ng c\u00f3 tr\u00ean trang ngh\u0129a trang ch\u00ednh c\u1ee7a ch\u00fang t\u00f4i. N\u1ebfu b\u1ea1n mu\u1ed1n \u0111\u01b0\u1ee3c an t\u00e1ng t\u1ea1i ngh\u0129a trang c\u1ee7a ch\u00fang t\u00f4i, vui l\u00f2ng \u0111i\u1ec1n \u0111\u1ea7y \u0111\u1ee7 th\u00f4ng tin v\u00e0o m\u1eabu \u0111\u01a1n. <a href=\"\/vi\/don-xin-chon-cat-truoc-khi-can-thiet\/\">n\u1ed9p \u0111\u01a1n xin ch\u00f4n c\u1ea5t<\/a>.<\/p>\t\t\t\t\t\t\t\t<\/div>\n\t\t\t\t<\/div>\n\t\t\t\t<div class=\"elementor-element elementor-element-8b68b05 intro elementor-widget elementor-widget-text-editor\" data-id=\"8b68b05\" data-element_type=\"widget\" data-widget_type=\"text-editor.default\">\n\t\t\t\t<div class=\"elementor-widget-container\">\n\t\t\t\t\t\t\t\t\t<h2>S\u1ef1 ki\u1ec7n<\/h2><p>Ng\u00e0y 13 th\u00e1ng 12: Ng\u00e0y v\u00f2ng hoa kh\u1eafp n\u01b0\u1edbc M\u1ef9<\/p>\t\t\t\t\t\t\t\t<\/div>\n\t\t\t\t<\/div>\n\t\t\t\t<div class=\"elementor-element elementor-element-a4349ce intro elementor-widget elementor-widget-text-editor\" data-id=\"a4349ce\" data-element_type=\"widget\" data-widget_type=\"text-editor.default\">\n\t\t\t\t<div class=\"elementor-widget-container\">\n\t\t\t\t\t\t\t\t\t<h2>L\u00e0m th\u1ebf n\u00e0o \u0111\u1ec3 gi\u00fap \u0111\u1ee1<\/h2><p>Ch\u00fang t\u00f4i hoan ngh\u00eanh c\u00e1c t\u00ecnh nguy\u1ec7n vi\u00ean mu\u1ed1n t\u00f4n vinh c\u00e1c c\u1ef1u chi\u1ebfn binh b\u1eb1ng c\u00e1ch gi\u00fap duy tr\u00ec s\u1ef1 trang nghi\u00eam c\u1ee7a khu\u00f4n vi\u00ean ngh\u0129a trang. T\u00ecnh nguy\u1ec7n vi\u00ean \u0111\u1eb7c bi\u1ec7t \u0111\u01b0\u1ee3c tr\u00e2n tr\u1ecdng v\u00e0o nh\u1eefng ng\u00e0y l\u1ec5, ch\u1eb3ng h\u1ea1n nh\u01b0 Ng\u00e0y T\u01b0\u1edfng ni\u1ec7m v\u00e0 <a href=\"https:\/\/www.wreathsacrossamerica.org\/\" target=\"_blank\" rel=\"noopener\">Ng\u00e0y v\u00f2ng hoa kh\u1eafp n\u01b0\u1edbc M\u1ef9<\/a>, S\u1ef1 h\u1ed7 tr\u1ee3 c\u1ee7a c\u1ed9ng \u0111\u1ed3ng gi\u00fap cho nh\u1eefng nghi l\u1ec5 quan tr\u1ecdng n\u00e0y \u0111\u01b0\u1ee3c di\u1ec5n ra su\u00f4n s\u1ebb. Ch\u00fang t\u00f4i c\u0169ng hoan ngh\u00eanh c\u00e1c t\u00ecnh nguy\u1ec7n vi\u00ean v\u00e0o c\u00e1c ng\u00e0y trong tu\u1ea7n \u0111\u1ec3 h\u1ed7 tr\u1ee3 c\u00e1c c\u00f4ng vi\u1ec7c nh\u01b0 lau ch\u00f9i bia m\u1ed9, tr\u1ed3ng hoa, nh\u1ed5 c\u1ecf v\u00e0 b\u1ea3o tr\u00ec khu\u00f4n vi\u00ean n\u00f3i chung. <a href=\"\/vi\/tinh-nguyen-vien\/\">Li\u00ean h\u1ec7 v\u1edbi ch\u00fang t\u00f4i<\/a> H\u00e3y t\u00ecm hi\u1ec3u xem b\u1ea1n c\u00f3 th\u1ec3 gi\u00fap \u0111\u1ee1 b\u1eb1ng c\u00e1ch n\u00e0o.<\/p>\t\t\t\t\t\t\t\t<\/div>\n\t\t\t\t<\/div>\n\t\t\t\t<div class=\"elementor-element elementor-element-450110d intro elementor-widget elementor-widget-text-editor\" data-id=\"450110d\" data-element_type=\"widget\" data-widget_type=\"text-editor.default\">\n\t\t\t\t<div class=\"elementor-widget-container\">\n\t\t\t\t\t\t\t\t\t<h2>Gi\u1edd ho\u1ea1t \u0111\u1ed9ng<\/h2><p>Gi\u1edd l\u00e0m vi\u1ec7c: Th\u1ee9 Hai - Th\u1ee9 S\u00e1u, 8 gi\u1edd s\u00e1ng - 4 gi\u1edd 30 chi\u1ec1u.<br \/>S\u00e2n b\u00e3i: T\u1eeb s\u00e1ng \u0111\u1ebfn t\u1ed1i h\u00e0ng ng\u00e0y<\/p>\t\t\t\t\t\t\t\t<\/div>\n\t\t\t\t<\/div>\n\t\t\t\t<div class=\"elementor-element elementor-element-b5309df elementor-widget elementor-widget-heading\" data-id=\"b5309df\" data-element_type=\"widget\" data-widget_type=\"heading.default\">\n\t\t\t\t<div class=\"elementor-widget-container\">\n\t\t\t\t\t<h2 class=\"elementor-heading-title elementor-size-default\">Li\u00ean h\u1ec7 v\u1edbi ch\u00fang t\u00f4i<\/h2>\t\t\t\t<\/div>\n\t\t\t\t<\/div>\n\t\t\t\t<div class=\"elementor-element elementor-element-b565ce3 intro elementor-widget elementor-widget-text-editor\" data-id=\"b565ce3\" data-element_type=\"widget\" data-widget_type=\"text-editor.default\">\n\t\t\t\t<div class=\"elementor-widget-container\">\n\t\t\t\t\t\t\t\t\t<p>Daniele Palen, Gi\u00e1m \u0111\u1ed1c<br \/>Kori Luther, \u0110i\u1ec1u ph\u1ed1i vi\u00ean h\u00e0nh ch\u00ednh<\/p>\t\t\t\t\t\t\t\t<\/div>\n\t\t\t\t<\/div>\n\t\t\t\t<div class=\"elementor-element elementor-element-6208bf8 elementor-list-item-link-full_width elementor-widget elementor-widget-icon-list\" data-id=\"6208bf8\" data-element_type=\"widget\" data-widget_type=\"icon-list.default\">\n\t\t\t\t<div class=\"elementor-widget-container\">\n\t\t\t\t\t\t\t<ul class=\"elementor-icon-list-items\">\n\t\t\t\t\t\t\t<li class=\"elementor-icon-list-item\">\n\t\t\t\t\t\t\t\t\t\t\t<span class=\"elementor-icon-list-icon\">\n\t\t\t\t\t\t\t<svg aria-hidden=\"true\" class=\"e-font-icon-svg e-fas-map-marker-alt\" viewbox=\"0 0 384 512\" xmlns=\"http:\/\/www.w3.org\/2000\/svg\"><path d=\"M172.268 501.67C26.97 291.031 0 269.413 0 192 0 85.961 85.961 0 192 0s192 85.961 192 192c0 77.413-26.97 99.031-172.268 309.67-9.535 13.774-29.93 13.773-39.464 0zM192 272c44.183 0 80-35.817 80-80s-35.817-80-80-80-80 35.817-80 80 35.817 80 80 80z\"><\/path><\/svg>\t\t\t\t\t\t<\/span>\n\t\t\t\t\t\t\t\t\t\t<span class=\"elementor-icon-list-text\">34888 \u0110\u01b0\u1eddng Grantham College Slidell, LA 70460<\/span>\n\t\t\t\t\t\t\t\t\t<\/li>\n\t\t\t\t\t\t\t\t<li class=\"elementor-icon-list-item\">\n\t\t\t\t\t\t\t\t\t\t\t<span class=\"elementor-icon-list-icon\">\n\t\t\t\t\t\t\t<svg aria-hidden=\"true\" class=\"e-font-icon-svg e-fas-phone-alt\" viewbox=\"0 0 512 512\" xmlns=\"http:\/\/www.w3.org\/2000\/svg\"><path d=\"M497.39 361.8l-112-48a24 24 0 0 0-28 6.9l-49.6 60.6A370.66 370.66 0 0 1 130.6 204.11l60.6-49.6a23.94 23.94 0 0 0 6.9-28l-48-112A24.16 24.16 0 0 0 122.6.61l-104 24A24 24 0 0 0 0 48c0 256.5 207.9 464 464 464a24 24 0 0 0 23.4-18.6l24-104a24.29 24.29 0 0 0-14.01-27.6z\"><\/path><\/svg>\t\t\t\t\t\t<\/span>\n\t\t\t\t\t\t\t\t\t\t<span class=\"elementor-icon-list-text\"><a href=\"tel:9856466458\">(985) 646-6458<\/a><\/span>\n\t\t\t\t\t\t\t\t\t<\/li>\n\t\t\t\t\t\t\t\t<li class=\"elementor-icon-list-item\">\n\t\t\t\t\t\t\t\t\t\t\t<span class=\"elementor-icon-list-icon\">\n\t\t\t\t\t\t\t<svg aria-hidden=\"true\" class=\"e-font-icon-svg e-fas-at\" viewbox=\"0 0 512 512\" xmlns=\"http:\/\/www.w3.org\/2000\/svg\"><path d=\"M256 8C118.941 8 8 118.919 8 256c0 137.059 110.919 248 248 248 48.154 0 95.342-14.14 135.408-40.223 12.005-7.815 14.625-24.288 5.552-35.372l-10.177-12.433c-7.671-9.371-21.179-11.667-31.373-5.129C325.92 429.757 291.314 440 256 440c-101.458 0-184-82.542-184-184S154.542 72 256 72c100.139 0 184 57.619 184 160 0 38.786-21.093 79.742-58.17 83.693-17.349-.454-16.91-12.857-13.476-30.024l23.433-121.11C394.653 149.75 383.308 136 368.225 136h-44.981a13.518 13.518 0 0 0-13.432 11.993l-.01.092c-14.697-17.901-40.448-21.775-59.971-21.775-74.58 0-137.831 62.234-137.831 151.46 0 65.303 36.785 105.87 96 105.87 26.984 0 57.369-15.637 74.991-38.333 9.522 34.104 40.613 34.103 70.71 34.103C462.609 379.41 504 307.798 504 232 504 95.653 394.023 8 256 8zm-21.68 304.43c-22.249 0-36.07-15.623-36.07-40.771 0-44.993 30.779-72.729 58.63-72.729 22.292 0 35.601 15.241 35.601 40.77 0 45.061-33.875 72.73-58.161 72.73z\"><\/path><\/svg>\t\t\t\t\t\t<\/span>\n\t\t\t\t\t\t\t\t\t\t<span class=\"elementor-icon-list-text\"><a href=\"mailto:slvc@la.gov\">slvc@la.gov<\/a><\/span>\n\t\t\t\t\t\t\t\t\t<\/li>\n\t\t\t\t\t\t<\/ul>\n\t\t\t\t\t\t<\/div>\n\t\t\t\t<\/div>\n\t\t\t\t<div class=\"elementor-element elementor-element-6fcf051 elementor-view-stacked elementor-shape-circle elementor-widget elementor-widget-icon\" data-id=\"6fcf051\" data-element_type=\"widget\" data-widget_type=\"icon.default\">\n\t\t\t\t<div class=\"elementor-widget-container\">\n\t\t\t\t\t\t\t<div class=\"elementor-icon-wrapper\">\n\t\t\t<a class=\"elementor-icon elementor-animation-grow\" href=\"https:\/\/www.facebook.com\/SELVC.la.gov\" target=\"_blank\" rel=\"noopener\">\n\t\t\t<svg aria-hidden=\"true\" class=\"e-font-icon-svg e-fab-facebook-f\" viewbox=\"0 0 320 512\" xmlns=\"http:\/\/www.w3.org\/2000\/svg\"><path d=\"M279.14 288l14.22-92.66h-88.91v-60.13c0-25.35 12.42-50.06 52.24-50.06h40.42V6.26S260.43 0 225.36 0c-73.22 0-121.08 44.38-121.08 124.72v70.62H22.89V288h81.39v224h100.17V288z\"><\/path><\/svg>\t\t\t<\/a>\n\t\t<\/div>\n\t\t\t\t\t\t<\/div>\n\t\t\t\t<\/div>\n\t\t\t\t\t<\/div>\n\t\t\t\t<\/div>\n\t\t\t\t<\/div>","protected":false},"excerpt":{"rendered":"<p>Ngh\u0129a trang c\u1ef1u chi\u1ebfn binh \u0110\u00f4ng Nam Louisiana, n\u1eb1m \u1edf Slidell, \u0111\u01b0\u1ee3c khai tr\u01b0\u01a1ng v\u00e0o th\u00e1ng 6 n\u0103m 2014 v\u00e0 nhanh ch\u00f3ng tr\u1edf th\u00e0nh ngh\u0129a trang c\u1ef1u chi\u1ebfn binh ph\u00e1t tri\u1ec3n nhanh nh\u1ea5t\u2026<\/p>","protected":false},"author":7,"featured_media":0,"parent":37,"menu_order":0,"comment_status":"closed","ping_status":"closed","template":"","meta":{"_acf_changed":false,"footnotes":"","_links_to":"","_links_to_target":""},"class_list":["post-71","page","type-page","status-publish","hentry"],"acf":[],"_links":{"self":[{"href":"https:\/\/vetaffairs.la.gov\/vi\/wp-json\/wp\/v2\/pages\/71","targetHints":{"allow":["GET"]}}],"collection":[{"href":"https:\/\/vetaffairs.la.gov\/vi\/wp-json\/wp\/v2\/pages"}],"about":[{"href":"https:\/\/vetaffairs.la.gov\/vi\/wp-json\/wp\/v2\/types\/page"}],"author":[{"embeddable":true,"href":"https:\/\/vetaffairs.la.gov\/vi\/wp-json\/wp\/v2\/users\/7"}],"replies":[{"embeddable":true,"href":"https:\/\/vetaffairs.la.gov\/vi\/wp-json\/wp\/v2\/comments?post=71"}],"version-history":[{"count":0,"href":"https:\/\/vetaffairs.la.gov\/vi\/wp-json\/wp\/v2\/pages\/71\/revisions"}],"up":[{"embeddable":true,"href":"https:\/\/vetaffairs.la.gov\/vi\/wp-json\/wp\/v2\/pages\/37"}],"wp:attachment":[{"href":"https:\/\/vetaffairs.la.gov\/vi\/wp-json\/wp\/v2\/media?parent=71"}],"curies":[{"name":"wp","href":"https:\/\/api.w.org\/{rel}","templated":true}]}}