{"id":70,"date":"2025-02-24T15:46:00","date_gmt":"2025-02-24T21:46:00","guid":{"rendered":"https:\/\/veteran-affairs-louisiana.local\/?page_id=70"},"modified":"2026-04-06T16:22:13","modified_gmt":"2026-04-06T21:22:13","slug":"nghia-trang-cuu-chien-binh-tay-bac-louisiana","status":"publish","type":"page","link":"https:\/\/vetaffairs.la.gov\/vi\/cemeteries\/northwest-louisiana-veterans-cemetery","title":{"rendered":"Ngh\u0129a trang C\u1ef1u chi\u1ebfn binh T\u00e2y B\u1eafc Louisiana"},"content":{"rendered":"<div data-elementor-type=\"wp-page\" data-elementor-id=\"70\" class=\"elementor elementor-70\" data-elementor-post-type=\"page\">\n\t\t\t\t<div class=\"elementor-element elementor-element-8140f88 e-flex e-con-boxed e-con e-parent\" data-id=\"8140f88\" data-element_type=\"container\">\n\t\t\t\t\t<div class=\"e-con-inner\">\n\t\t\t\t<div class=\"elementor-element elementor-element-64def86 intro elementor-widget elementor-widget-text-editor\" data-id=\"64def86\" data-element_type=\"widget\" data-widget_type=\"text-editor.default\">\n\t\t\t\t<div class=\"elementor-widget-container\">\n\t\t\t\t\t\t\t\t\t<p>Ngh\u0129a trang C\u1ef1u chi\u1ebfn binh T\u00e2y B\u1eafc Louisiana n\u1eb1m \u1edf ph\u00eda t\u00e2y nam Gi\u00e1o x\u1ee9 Caddo v\u00e0 ch\u1ee7 y\u1ebfu ph\u1ee5c v\u1ee5 b\u00e1n k\u00ednh 75 d\u1eb7m bao g\u1ed3m t\u00e2y b\u1eafc Louisiana, \u0111\u00f4ng b\u1eafc Texas v\u00e0 t\u00e2y nam Arkansas.<\/p><p>N\u0103m 1999, ch\u01b0\u01a1ng tr\u00ecnh ngh\u0129a trang c\u1ef1u chi\u1ebfn binh ti\u1ec3u bang \u0111\u01b0\u1ee3c C\u01a1 quan L\u1eadp ph\u00e1p Louisiana thu\u1ed9c B\u1ed9 C\u1ef1u chi\u1ebfn binh Louisiana th\u00e0nh l\u1eadp do di\u1ec7n t\u00edch \u0111\u1ea5t ch\u00f4n c\u1ea5t t\u1ea1i c\u00e1c ngh\u0129a trang qu\u1ed1c gia trong ti\u1ec3u bang c\u00f2n h\u1ea1n ch\u1ebf. T\u00e1m n\u0103m sau, v\u00e0o n\u0103m 2007, Ngh\u0129a trang C\u1ef1u chi\u1ebfn binh T\u00e2y B\u1eafc Louisiana \u0111\u00e3 \u0111\u01b0\u1ee3c kh\u00e1nh th\u00e0nh. Khi \u0111\u1ea1t c\u00f4ng su\u1ea5t t\u1ed1i \u0111a, ngh\u0129a trang c\u00f3 th\u1ec3 ch\u1ee9a h\u01a1n 22.000 ng\u00f4i m\u1ed9 tr\u00ean di\u1ec7n t\u00edch h\u01a1n 80 m\u1eabu Anh.<\/p><p>Khu\u00f4n vi\u00ean y\u00ean b\u00ecnh c\u1ee7a ngh\u0129a trang n\u1eb1m tr\u00ean nh\u1eefng ng\u1ecdn \u0111\u1ed3i ph\u00eda t\u00e2y b\u1eafc Louisiana l\u00e0 n\u01a1i an ngh\u1ec9 cu\u1ed1i c\u00f9ng \u0111\u1ea7y vinh d\u1ef1 cho c\u00e1c c\u1ef1u chi\u1ebfn binh, c\u0169ng nh\u01b0 v\u1ee3\/ch\u1ed3ng v\u00e0 con c\u00e1i c\u1ee7a h\u1ecd. V\u01b0\u1eddn T\u01b0\u1edfng ni\u1ec7m c\u0169ng l\u00e0 n\u01a1i r\u1ea3i tro c\u1ed1t.<\/p><p>\u0110\u1ed9i ng\u0169 nh\u00e2n vi\u00ean t\u1ea1i Ngh\u0129a trang C\u1ef1u chi\u1ebfn binh T\u00e2y B\u1eafc Louisiana lu\u00f4n s\u1eb5n s\u00e0ng h\u1ed7 tr\u1ee3 v\u00e0 gi\u00fap \u0111\u1ee1 to\u00e0n di\u1ec7n cho gia \u0111\u00ecnh c\u1ef1u chi\u1ebfn binh khi h\u1ecd c\u1ea7n.<\/p>\t\t\t\t\t\t\t\t<\/div>\n\t\t\t\t<\/div>\n\t\t\t\t<div class=\"elementor-element elementor-element-23ab85a photo-gallery elementor-widget elementor-widget-gallery\" data-id=\"23ab85a\" data-element_type=\"widget\" data-settings=\"{&quot;gallery_layout&quot;:&quot;masonry&quot;,&quot;columns&quot;:3,&quot;gap&quot;:{&quot;unit&quot;:&quot;px&quot;,&quot;size&quot;:15,&quot;sizes&quot;:[]},&quot;gap_tablet&quot;:{&quot;unit&quot;:&quot;px&quot;,&quot;size&quot;:15,&quot;sizes&quot;:[]},&quot;gap_mobile&quot;:{&quot;unit&quot;:&quot;px&quot;,&quot;size&quot;:15,&quot;sizes&quot;:[]},&quot;columns_tablet&quot;:3,&quot;lazyload&quot;:&quot;yes&quot;,&quot;columns_mobile&quot;:1,&quot;link_to&quot;:&quot;file&quot;,&quot;content_hover_animation&quot;:&quot;fade-in&quot;}\" data-widget_type=\"gallery.default\">\n\t\t\t\t<div class=\"elementor-widget-container\">\n\t\t\t\t\t\t\t<div class=\"elementor-gallery__container\">\n\t\t\t\t\t\t\t<a class=\"e-gallery-item elementor-gallery-item elementor-animated-content\" href=\"https:\/\/vetaffairs.la.gov\/wp-content\/uploads\/2025\/06\/LDVA-cemetary-keithville-03.webp\" data-elementor-open-lightbox=\"yes\" data-elementor-lightbox-slideshow=\"23ab85a\" data-e-action-hash=\"#elementor-action%3Aaction%3Dlightbox%26settings%3DeyJpZCI6NjA1NSwidXJsIjoiaHR0cHM6XC9cL3ZldGFmZmFpcnMubGEuZ292XC93cC1jb250ZW50XC91cGxvYWRzXC8yMDI1XC8wNlwvTERWQS1jZW1ldGFyeS1rZWl0aHZpbGxlLTAzLndlYnAiLCJzbGlkZXNob3ciOiIyM2FiODVhIn0%3D\">\n\t\t\t\t\t<div class=\"e-gallery-image elementor-gallery-item__image\" data-thumbnail=\"https:\/\/vetaffairs.la.gov\/wp-content\/uploads\/2025\/06\/LDVA-cemetary-keithville-03.webp\" data-width=\"1200\" data-height=\"800\" aria-label=\"Bi\u1ec3n hi\u1ec7u Ngh\u0129a trang C\u1ef1u chi\u1ebfn binh Keithbille\" role=\"img\" ><\/div>\n\t\t\t\t\t\t\t\t\t\t\t\t\t\t<\/a>\n\t\t\t\t\t\t\t<a class=\"e-gallery-item elementor-gallery-item elementor-animated-content\" href=\"https:\/\/vetaffairs.la.gov\/wp-content\/uploads\/2025\/06\/LDVA-cemetary-keithville-01.webp\" data-elementor-open-lightbox=\"yes\" data-elementor-lightbox-slideshow=\"23ab85a\" data-e-action-hash=\"#elementor-action%3Aaction%3Dlightbox%26settings%3DeyJpZCI6NjA1MywidXJsIjoiaHR0cHM6XC9cL3ZldGFmZmFpcnMubGEuZ292XC93cC1jb250ZW50XC91cGxvYWRzXC8yMDI1XC8wNlwvTERWQS1jZW1ldGFyeS1rZWl0aHZpbGxlLTAxLndlYnAiLCJzbGlkZXNob3ciOiIyM2FiODVhIn0%3D\">\n\t\t\t\t\t<div class=\"e-gallery-image elementor-gallery-item__image\" data-thumbnail=\"https:\/\/vetaffairs.la.gov\/wp-content\/uploads\/2025\/06\/LDVA-cemetary-keithville-01.webp\" data-width=\"1200\" data-height=\"800\" aria-label=\"\u0110\u01b0\u1eddng \u0111i trong Ngh\u0129a trang C\u1ef1u chi\u1ebfn binh Keithbille\" role=\"img\" ><\/div>\n\t\t\t\t\t\t\t\t\t\t\t\t\t\t<\/a>\n\t\t\t\t\t\t\t<a class=\"e-gallery-item elementor-gallery-item elementor-animated-content\" href=\"https:\/\/vetaffairs.la.gov\/wp-content\/uploads\/2025\/06\/LDVA-cemetary-keithville-05.webp\" data-elementor-open-lightbox=\"yes\" data-elementor-lightbox-slideshow=\"23ab85a\" data-e-action-hash=\"#elementor-action%3Aaction%3Dlightbox%26settings%3DeyJpZCI6NjA1NywidXJsIjoiaHR0cHM6XC9cL3ZldGFmZmFpcnMubGEuZ292XC93cC1jb250ZW50XC91cGxvYWRzXC8yMDI1XC8wNlwvTERWQS1jZW1ldGFyeS1rZWl0aHZpbGxlLTA1LndlYnAiLCJzbGlkZXNob3ciOiIyM2FiODVhIn0%3D\">\n\t\t\t\t\t<div class=\"e-gallery-image elementor-gallery-item__image\" data-thumbnail=\"https:\/\/vetaffairs.la.gov\/wp-content\/uploads\/2025\/06\/LDVA-cemetary-keithville-05.webp\" data-width=\"1200\" data-height=\"800\" aria-label=\"Nh\u1eefng bia m\u1ed9 t\u1ea1i Ngh\u0129a trang C\u1ef1u chi\u1ebfn binh Keithbille\" role=\"img\" ><\/div>\n\t\t\t\t\t\t\t\t\t\t\t\t\t\t<\/a>\n\t\t\t\t\t\t\t<a class=\"e-gallery-item elementor-gallery-item elementor-animated-content\" href=\"https:\/\/vetaffairs.la.gov\/wp-content\/uploads\/2025\/06\/LDVA-cemetary-keithville-02.webp\" data-elementor-open-lightbox=\"yes\" data-elementor-lightbox-slideshow=\"23ab85a\" data-e-action-hash=\"#elementor-action%3Aaction%3Dlightbox%26settings%3DeyJpZCI6NjA1NCwidXJsIjoiaHR0cHM6XC9cL3ZldGFmZmFpcnMubGEuZ292XC93cC1jb250ZW50XC91cGxvYWRzXC8yMDI1XC8wNlwvTERWQS1jZW1ldGFyeS1rZWl0aHZpbGxlLTAyLndlYnAiLCJzbGlkZXNob3ciOiIyM2FiODVhIn0%3D\">\n\t\t\t\t\t<div class=\"e-gallery-image elementor-gallery-item__image\" data-thumbnail=\"https:\/\/vetaffairs.la.gov\/wp-content\/uploads\/2025\/06\/LDVA-cemetary-keithville-02.webp\" data-width=\"1200\" data-height=\"800\" aria-label=\"Ngh\u0129a trang c\u1ef1u chi\u1ebfn binh Keithbille, \u1ea3nh ch\u1ee5p t\u1eeb xa.\" role=\"img\" ><\/div>\n\t\t\t\t\t\t\t\t\t\t\t\t\t\t<\/a>\n\t\t\t\t\t\t\t<a class=\"e-gallery-item elementor-gallery-item elementor-animated-content\" href=\"https:\/\/vetaffairs.la.gov\/wp-content\/uploads\/2025\/06\/LDVA-cemetary-keithville-04.webp\" data-elementor-open-lightbox=\"yes\" data-elementor-lightbox-slideshow=\"23ab85a\" data-e-action-hash=\"#elementor-action%3Aaction%3Dlightbox%26settings%3DeyJpZCI6NjA1NiwidXJsIjoiaHR0cHM6XC9cL3ZldGFmZmFpcnMubGEuZ292XC93cC1jb250ZW50XC91cGxvYWRzXC8yMDI1XC8wNlwvTERWQS1jZW1ldGFyeS1rZWl0aHZpbGxlLTA0LndlYnAiLCJzbGlkZXNob3ciOiIyM2FiODVhIn0%3D\">\n\t\t\t\t\t<div class=\"e-gallery-image elementor-gallery-item__image\" data-thumbnail=\"https:\/\/vetaffairs.la.gov\/wp-content\/uploads\/2025\/06\/LDVA-cemetary-keithville-04.webp\" data-width=\"1200\" data-height=\"800\" aria-label=\"Nh\u00e0 h\u1ecfa t\u00e1ng Ngh\u0129a trang C\u1ef1u chi\u1ebfn binh Keithbille\" role=\"img\" ><\/div>\n\t\t\t\t\t\t\t\t\t\t\t\t\t\t<\/a>\n\t\t\t\t\t\t\t<a class=\"e-gallery-item elementor-gallery-item elementor-animated-content\" href=\"https:\/\/vetaffairs.la.gov\/wp-content\/uploads\/2025\/06\/LDVA-cemetary-keithville-statue.webp\" data-elementor-open-lightbox=\"yes\" data-elementor-lightbox-slideshow=\"23ab85a\" data-e-action-hash=\"#elementor-action%3Aaction%3Dlightbox%26settings%3DeyJpZCI6NjEzNywidXJsIjoiaHR0cHM6XC9cL3ZldGFmZmFpcnMubGEuZ292XC93cC1jb250ZW50XC91cGxvYWRzXC8yMDI1XC8wNlwvTERWQS1jZW1ldGFyeS1rZWl0aHZpbGxlLXN0YXR1ZS53ZWJwIiwic2xpZGVzaG93IjoiMjNhYjg1YSJ9\">\n\t\t\t\t\t<div class=\"e-gallery-image elementor-gallery-item__image\" data-thumbnail=\"https:\/\/vetaffairs.la.gov\/wp-content\/uploads\/2025\/06\/LDVA-cemetary-keithville-statue.webp\" data-width=\"1200\" data-height=\"800\" aria-label=\"T\u01b0\u1ee3ng \u0111\u00e0i t\u1ea1i Ngh\u0129a trang C\u1ef1u chi\u1ebfn binh Keithbille\" role=\"img\" ><\/div>\n\t\t\t\t\t\t\t\t\t\t\t\t\t\t<\/a>\n\t\t\t\t\t<\/div>\n\t\t\t\t\t<\/div>\n\t\t\t\t<\/div>\n\t\t\t\t<div class=\"elementor-element elementor-element-3cb6aa5 intro elementor-widget elementor-widget-text-editor\" data-id=\"3cb6aa5\" data-element_type=\"widget\" data-widget_type=\"text-editor.default\">\n\t\t\t\t<div class=\"elementor-widget-container\">\n\t\t\t\t\t\t\t\t\t<h2>Ki\u1ec3m tra t\u00ednh \u0111\u1ee7 \u0111i\u1ec1u ki\u1ec7n<\/h2><p>C\u00f3 <a href=\"\/vi\/nghia-trang\/#eligibility\">th\u00f4ng tin \u0111\u1ee7 \u0111i\u1ec1u ki\u1ec7n<\/a> c\u00f3 s\u1eb5n tr\u00ean trang ngh\u0129a trang ch\u00ednh c\u1ee7a ch\u00fang t\u00f4i. N\u1ebfu b\u1ea1n mu\u1ed1n ki\u1ec3m tra \u0111i\u1ec1u ki\u1ec7n \u0111\u1ec3 \u0111\u01b0\u1ee3c ch\u00f4n c\u1ea5t t\u1ea1i ngh\u0129a trang c\u1ee7a ch\u00fang t\u00f4i, vui l\u00f2ng \u0111i\u1ec1n \u0111\u1ea7y \u0111\u1ee7 v\u00e0 <a href=\"\/vi\/don-xin-chon-cat-truoc-khi-can-thiet\/\">n\u1ed9p \u0111\u01a1n xin tr\u01b0\u1edbc nhu c\u1ea7u<\/a>.<\/p>\t\t\t\t\t\t\t\t<\/div>\n\t\t\t\t<\/div>\n\t\t\t\t<div class=\"elementor-element elementor-element-cbe0354 intro elementor-widget elementor-widget-text-editor\" data-id=\"cbe0354\" data-element_type=\"widget\" data-widget_type=\"text-editor.default\">\n\t\t\t\t<div class=\"elementor-widget-container\">\n\t\t\t\t\t\t\t\t\t<h2>L\u00ean l\u1ecbch ch\u00f4n c\u1ea5t<\/h2><p>C\u00f3 th\u00f4ng tin d\u01b0\u1edbi \u0111\u00e2y <a href=\"\/vi\/nghia-trang\/#burial-services\">d\u1ecbch v\u1ee5 ch\u00f4n c\u1ea5t<\/a> c\u00f3 s\u1eb5n tr\u00ean trang ngh\u0129a trang ch\u00ednh c\u1ee7a ch\u00fang t\u00f4i. N\u1ebfu b\u1ea1n mu\u1ed1n \u0111\u01b0\u1ee3c ch\u00f4n c\u1ea5t t\u1ea1i ngh\u0129a trang c\u1ee7a ch\u00fang t\u00f4i, vui l\u00f2ng \u0111i\u1ec1n \u0111\u1ea7y \u0111\u1ee7 v\u00e0 <a href=\"\/vi\/don-xin-chon-cat-truoc-khi-can-thiet\/\">n\u1ed9p \u0111\u01a1n xin ch\u00f4n c\u1ea5t<\/a>.<\/p>\t\t\t\t\t\t\t\t<\/div>\n\t\t\t\t<\/div>\n\t\t\t\t<div class=\"elementor-element elementor-element-351a0bd intro elementor-widget elementor-widget-text-editor\" data-id=\"351a0bd\" data-element_type=\"widget\" data-widget_type=\"text-editor.default\">\n\t\t\t\t<div class=\"elementor-widget-container\">\n\t\t\t\t\t\t\t\t\t<h2>S\u1ef1 ki\u1ec7n<\/h2><p>Th\u1ee9 S\u00e1u, ng\u00e0y 22 th\u00e1ng 5 n\u0103m 2026, l\u00fac 1 gi\u1edd chi\u1ec1u \u2013 L\u1ec5 treo c\u1edd t\u01b0\u1edfng ni\u1ec7m Ng\u00e0y Chi\u1ebfn s\u0129 tr\u1eadn vong<\/p><p>Th\u1ee9 Hai, ng\u00e0y 25 th\u00e1ng 5 n\u0103m 2026, l\u00fac 11:00 s\u00e1ng \u2013 Ch\u01b0\u01a1ng tr\u00ecnh Ng\u00e0y T\u01b0\u1edfng ni\u1ec7m<\/p><p>Th\u1ee9 S\u00e1u, ng\u00e0y 29 th\u00e1ng 5 n\u0103m 2026, l\u00fac 13:00 \u2013 Thu h\u1ed3i c\u1edd<\/p><p>Th\u1ee9 S\u00e1u, ng\u00e0y 30 th\u00e1ng 10 n\u0103m 2026, l\u00fac 1 gi\u1edd chi\u1ec1u \u2013 L\u1ec5 treo c\u1edd nh\u00e2n Ng\u00e0y C\u1ef1u chi\u1ebfn binh.<\/p><p>Th\u1ee9 S\u00e1u, ng\u00e0y 13 th\u00e1ng 11 n\u0103m 2026, l\u00fac 13:00 \u2013 Thu h\u1ed3i c\u1edd<\/p><p>Th\u1ee9 S\u00e1u, ng\u00e0y 4 th\u00e1ng 12 n\u0103m 2026, l\u00fac 1 gi\u1edd chi\u1ec1u \u2013 L\u1ec5 \u0111\u1eb7t v\u00f2ng hoa.<\/p><p>Th\u1ee9 S\u00e1u, ng\u00e0y 8 th\u00e1ng 1 n\u0103m 2027, l\u00fac 13:00 \u2013 Thu gom v\u00f2ng hoa.<\/p>\t\t\t\t\t\t\t\t<\/div>\n\t\t\t\t<\/div>\n\t\t\t\t<div class=\"elementor-element elementor-element-b82ed44 intro elementor-widget elementor-widget-text-editor\" data-id=\"b82ed44\" data-element_type=\"widget\" data-widget_type=\"text-editor.default\">\n\t\t\t\t<div class=\"elementor-widget-container\">\n\t\t\t\t\t\t\t\t\t<h2>L\u00e0m th\u1ebf n\u00e0o \u0111\u1ec3 gi\u00fap \u0111\u1ee1<\/h2><p>Ch\u00fang t\u00f4i hoan ngh\u00eanh c\u00e1c t\u00ecnh nguy\u1ec7n vi\u00ean mu\u1ed1n vinh danh c\u00e1c c\u1ef1u chi\u1ebfn binh b\u1eb1ng c\u00e1ch gi\u00fap g\u00ecn gi\u1eef v\u1ebb trang nghi\u00eam c\u1ee7a khu\u00f4n vi\u00ean ngh\u0129a trang. Ch\u00fang t\u00f4i \u0111\u1eb7c bi\u1ec7t tr\u00e2n tr\u1ecdng s\u1ef1 \u0111\u00f3ng g\u00f3p c\u1ee7a c\u00e1c t\u00ecnh nguy\u1ec7n vi\u00ean v\u00e0o nh\u1eefng ng\u00e0y l\u1ec5 quan tr\u1ecdng nh\u01b0 Ng\u00e0y T\u01b0\u1edfng ni\u1ec7m v\u00e0 L\u1ec5 V\u00f2ng hoa tr\u00ean kh\u1eafp Ngh\u0129a trang, n\u01a1i nh\u1eefng b\u00e0n tay gi\u00fap \u0111\u1ee1 th\u00eam \u0111\u1ec3 nh\u1eefng nghi l\u1ec5 n\u00e0y di\u1ec5n ra th\u00e0nh c\u00f4ng. Ch\u00fang t\u00f4i c\u0169ng nh\u1eadn t\u00ecnh nguy\u1ec7n vi\u00ean v\u00e0o c\u00e1c ng\u00e0y trong tu\u1ea7n \u0111\u1ec3 h\u1ed7 tr\u1ee3 c\u00e1c c\u00f4ng vi\u1ec7c nh\u01b0 lau d\u1ecdn bia m\u1ed9, tr\u1ed3ng hoa, nh\u1ed5 c\u1ecf v\u00e0 b\u1ea3o tr\u00ec khu\u00f4n vi\u00ean n\u00f3i chung. H\u00e3y li\u00ean h\u1ec7 v\u1edbi ch\u00fang t\u00f4i \u0111\u1ec3 t\u00ecm hi\u1ec3u c\u00e1ch b\u1ea1n c\u00f3 th\u1ec3 h\u1ed7 tr\u1ee3.<\/p>\t\t\t\t\t\t\t\t<\/div>\n\t\t\t\t<\/div>\n\t\t\t\t<div class=\"elementor-element elementor-element-579d056 intro elementor-widget elementor-widget-text-editor\" data-id=\"579d056\" data-element_type=\"widget\" data-widget_type=\"text-editor.default\">\n\t\t\t\t<div class=\"elementor-widget-container\">\n\t\t\t\t\t\t\t\t\t<h2>Gi\u1edd ho\u1ea1t \u0111\u1ed9ng<\/h2><p>V\u0103n ph\u00f2ng: Th\u1ee9 Hai - Th\u1ee9 S\u00e1u, 8 gi\u1edd s\u00e1ng - 4 gi\u1edd 30 chi\u1ec1u.<br \/>S\u00e2n b\u00e3i: T\u1eeb s\u00e1ng \u0111\u1ebfn t\u1ed1i h\u00e0ng ng\u00e0y<\/p><p>N\u1ebfu ch\u00fang t\u00f4i \u0111\u00e3 c\u00f3 vinh d\u1ef1 \u0111\u01b0\u1ee3c ch\u0103m s\u00f3c ng\u01b0\u1eddi th\u00e2n y\u00eau c\u1ee7a b\u1ea1n, <a href=\"\/vi\/nhan-xet\/?service=Veteran Cemeteries&amp;cemetery=Northwest Louisiana Veterans Cemetery - Keithville, LA\">vui l\u00f2ng cung c\u1ea5p ph\u1ea3n h\u1ed3i t\u1ea1i \u0111\u00e2y.<\/a><\/p>\t\t\t\t\t\t\t\t<\/div>\n\t\t\t\t<\/div>\n\t\t\t\t<div class=\"elementor-element elementor-element-9c960db elementor-widget elementor-widget-heading\" data-id=\"9c960db\" data-element_type=\"widget\" data-widget_type=\"heading.default\">\n\t\t\t\t<div class=\"elementor-widget-container\">\n\t\t\t\t\t<h2 class=\"elementor-heading-title elementor-size-default\">Li\u00ean h\u1ec7 v\u1edbi ch\u00fang t\u00f4i<\/h2>\t\t\t\t<\/div>\n\t\t\t\t<\/div>\n\t\t\t\t<div class=\"elementor-element elementor-element-1100f36 intro elementor-widget elementor-widget-text-editor\" data-id=\"1100f36\" data-element_type=\"widget\" data-widget_type=\"text-editor.default\">\n\t\t\t\t<div class=\"elementor-widget-container\">\n\t\t\t\t\t\t\t\t\t<p>Karen Carlton, Gi\u00e1m \u0111\u1ed1c<br \/>Crystal Baxter, \u0110i\u1ec1u ph\u1ed1i vi\u00ean h\u00e0nh ch\u00ednh<\/p>\t\t\t\t\t\t\t\t<\/div>\n\t\t\t\t<\/div>\n\t\t\t\t<div class=\"elementor-element elementor-element-5f68db2 elementor-list-item-link-full_width elementor-widget elementor-widget-icon-list\" data-id=\"5f68db2\" data-element_type=\"widget\" data-widget_type=\"icon-list.default\">\n\t\t\t\t<div class=\"elementor-widget-container\">\n\t\t\t\t\t\t\t<ul class=\"elementor-icon-list-items\">\n\t\t\t\t\t\t\t<li class=\"elementor-icon-list-item\">\n\t\t\t\t\t\t\t\t\t\t\t<span class=\"elementor-icon-list-icon\">\n\t\t\t\t\t\t\t<svg aria-hidden=\"true\" class=\"e-font-icon-svg e-fas-map-marker-alt\" viewbox=\"0 0 384 512\" xmlns=\"http:\/\/www.w3.org\/2000\/svg\"><path d=\"M172.268 501.67C26.97 291.031 0 269.413 0 192 0 85.961 85.961 0 192 0s192 85.961 192 192c0 77.413-26.97 99.031-172.268 309.67-9.535 13.774-29.93 13.773-39.464 0zM192 272c44.183 0 80-35.817 80-80s-35.817-80-80-80-80 35.817-80 80 35.817 80 80 80z\"><\/path><\/svg>\t\t\t\t\t\t<\/span>\n\t\t\t\t\t\t\t\t\t\t<span class=\"elementor-icon-list-text\">7970 \u0110\u01b0\u1eddng Mike Clark Keithville, LA 71047<\/span>\n\t\t\t\t\t\t\t\t\t<\/li>\n\t\t\t\t\t\t\t\t<li class=\"elementor-icon-list-item\">\n\t\t\t\t\t\t\t\t\t\t\t<span class=\"elementor-icon-list-icon\">\n\t\t\t\t\t\t\t<svg aria-hidden=\"true\" class=\"e-font-icon-svg e-fas-phone-alt\" viewbox=\"0 0 512 512\" xmlns=\"http:\/\/www.w3.org\/2000\/svg\"><path d=\"M497.39 361.8l-112-48a24 24 0 0 0-28 6.9l-49.6 60.6A370.66 370.66 0 0 1 130.6 204.11l60.6-49.6a23.94 23.94 0 0 0 6.9-28l-48-112A24.16 24.16 0 0 0 122.6.61l-104 24A24 24 0 0 0 0 48c0 256.5 207.9 464 464 464a24 24 0 0 0 23.4-18.6l24-104a24.29 24.29 0 0 0-14.01-27.6z\"><\/path><\/svg>\t\t\t\t\t\t<\/span>\n\t\t\t\t\t\t\t\t\t\t<span class=\"elementor-icon-list-text\"><a href=\"tel:3189250612\">(318) 925-0612<\/a><\/span>\n\t\t\t\t\t\t\t\t\t<\/li>\n\t\t\t\t\t\t\t\t<li class=\"elementor-icon-list-item\">\n\t\t\t\t\t\t\t\t\t\t\t<span class=\"elementor-icon-list-icon\">\n\t\t\t\t\t\t\t<svg aria-hidden=\"true\" class=\"e-font-icon-svg e-fas-fax\" viewbox=\"0 0 512 512\" xmlns=\"http:\/\/www.w3.org\/2000\/svg\"><path d=\"M480 160V77.25a32 32 0 0 0-9.38-22.63L425.37 9.37A32 32 0 0 0 402.75 0H160a32 32 0 0 0-32 32v448a32 32 0 0 0 32 32h320a32 32 0 0 0 32-32V192a32 32 0 0 0-32-32zM288 432a16 16 0 0 1-16 16h-32a16 16 0 0 1-16-16v-32a16 16 0 0 1 16-16h32a16 16 0 0 1 16 16zm0-128a16 16 0 0 1-16 16h-32a16 16 0 0 1-16-16v-32a16 16 0 0 1 16-16h32a16 16 0 0 1 16 16zm128 128a16 16 0 0 1-16 16h-32a16 16 0 0 1-16-16v-32a16 16 0 0 1 16-16h32a16 16 0 0 1 16 16zm0-128a16 16 0 0 1-16 16h-32a16 16 0 0 1-16-16v-32a16 16 0 0 1 16-16h32a16 16 0 0 1 16 16zm0-112H192V64h160v48a16 16 0 0 0 16 16h48zM64 128H32a32 32 0 0 0-32 32v320a32 32 0 0 0 32 32h32a32 32 0 0 0 32-32V160a32 32 0 0 0-32-32z\"><\/path><\/svg>\t\t\t\t\t\t<\/span>\n\t\t\t\t\t\t\t\t\t\t<span class=\"elementor-icon-list-text\"><a href=\"tel:3189250612\">(318) 925-0612<\/a><\/span>\n\t\t\t\t\t\t\t\t\t<\/li>\n\t\t\t\t\t\t\t\t<li class=\"elementor-icon-list-item\">\n\t\t\t\t\t\t\t\t\t\t\t<span class=\"elementor-icon-list-icon\">\n\t\t\t\t\t\t\t<svg aria-hidden=\"true\" class=\"e-font-icon-svg e-fas-at\" viewbox=\"0 0 512 512\" xmlns=\"http:\/\/www.w3.org\/2000\/svg\"><path d=\"M256 8C118.941 8 8 118.919 8 256c0 137.059 110.919 248 248 248 48.154 0 95.342-14.14 135.408-40.223 12.005-7.815 14.625-24.288 5.552-35.372l-10.177-12.433c-7.671-9.371-21.179-11.667-31.373-5.129C325.92 429.757 291.314 440 256 440c-101.458 0-184-82.542-184-184S154.542 72 256 72c100.139 0 184 57.619 184 160 0 38.786-21.093 79.742-58.17 83.693-17.349-.454-16.91-12.857-13.476-30.024l23.433-121.11C394.653 149.75 383.308 136 368.225 136h-44.981a13.518 13.518 0 0 0-13.432 11.993l-.01.092c-14.697-17.901-40.448-21.775-59.971-21.775-74.58 0-137.831 62.234-137.831 151.46 0 65.303 36.785 105.87 96 105.87 26.984 0 57.369-15.637 74.991-38.333 9.522 34.104 40.613 34.103 70.71 34.103C462.609 379.41 504 307.798 504 232 504 95.653 394.023 8 256 8zm-21.68 304.43c-22.249 0-36.07-15.623-36.07-40.771 0-44.993 30.779-72.729 58.63-72.729 22.292 0 35.601 15.241 35.601 40.77 0 45.061-33.875 72.73-58.161 72.73z\"><\/path><\/svg>\t\t\t\t\t\t<\/span>\n\t\t\t\t\t\t\t\t\t\t<span class=\"elementor-icon-list-text\"><a href=\"mailto:nlvc@la.gov\">nlvc@la.gov<\/a><\/span>\n\t\t\t\t\t\t\t\t\t<\/li>\n\t\t\t\t\t\t<\/ul>\n\t\t\t\t\t\t<\/div>\n\t\t\t\t<\/div>\n\t\t\t\t<div class=\"elementor-element elementor-element-5cc9661 elementor-view-stacked elementor-shape-circle elementor-widget elementor-widget-icon\" data-id=\"5cc9661\" data-element_type=\"widget\" data-widget_type=\"icon.default\">\n\t\t\t\t<div class=\"elementor-widget-container\">\n\t\t\t\t\t\t\t<div class=\"elementor-icon-wrapper\">\n\t\t\t<a class=\"elementor-icon elementor-animation-grow\" href=\"https:\/\/www.facebook.com\/NWLVC.la.gov\" target=\"_blank\" rel=\"noopener\">\n\t\t\t<svg aria-hidden=\"true\" class=\"e-font-icon-svg e-fab-facebook-f\" viewbox=\"0 0 320 512\" xmlns=\"http:\/\/www.w3.org\/2000\/svg\"><path d=\"M279.14 288l14.22-92.66h-88.91v-60.13c0-25.35 12.42-50.06 52.24-50.06h40.42V6.26S260.43 0 225.36 0c-73.22 0-121.08 44.38-121.08 124.72v70.62H22.89V288h81.39v224h100.17V288z\"><\/path><\/svg>\t\t\t<\/a>\n\t\t<\/div>\n\t\t\t\t\t\t<\/div>\n\t\t\t\t<\/div>\n\t\t\t\t\t<\/div>\n\t\t\t\t<\/div>\n\t\t\t\t<\/div>","protected":false},"excerpt":{"rendered":"<p>Ngh\u0129a trang c\u1ef1u chi\u1ebfn binh T\u00e2y B\u1eafc Louisiana n\u1eb1m \u1edf ph\u00eda t\u00e2y nam c\u1ee7a gi\u00e1o x\u1ee9 Caddo v\u00e0 ch\u1ee7 y\u1ebfu ph\u1ee5c v\u1ee5 khu v\u1ef1c b\u00e1n k\u00ednh 75 d\u1eb7m, bao g\u1ed3m c\u1ea3 ph\u00eda t\u00e2y b\u1eafc\u2026<\/p>","protected":false},"author":7,"featured_media":0,"parent":37,"menu_order":0,"comment_status":"closed","ping_status":"closed","template":"","meta":{"_acf_changed":false,"footnotes":"","_links_to":"","_links_to_target":""},"class_list":["post-70","page","type-page","status-publish","hentry"],"acf":[],"_links":{"self":[{"href":"https:\/\/vetaffairs.la.gov\/vi\/wp-json\/wp\/v2\/pages\/70","targetHints":{"allow":["GET"]}}],"collection":[{"href":"https:\/\/vetaffairs.la.gov\/vi\/wp-json\/wp\/v2\/pages"}],"about":[{"href":"https:\/\/vetaffairs.la.gov\/vi\/wp-json\/wp\/v2\/types\/page"}],"author":[{"embeddable":true,"href":"https:\/\/vetaffairs.la.gov\/vi\/wp-json\/wp\/v2\/users\/7"}],"replies":[{"embeddable":true,"href":"https:\/\/vetaffairs.la.gov\/vi\/wp-json\/wp\/v2\/comments?post=70"}],"version-history":[{"count":0,"href":"https:\/\/vetaffairs.la.gov\/vi\/wp-json\/wp\/v2\/pages\/70\/revisions"}],"up":[{"embeddable":true,"href":"https:\/\/vetaffairs.la.gov\/vi\/wp-json\/wp\/v2\/pages\/37"}],"wp:attachment":[{"href":"https:\/\/vetaffairs.la.gov\/vi\/wp-json\/wp\/v2\/media?parent=70"}],"curies":[{"name":"wp","href":"https:\/\/api.w.org\/{rel}","templated":true}]}}