{"id":67,"date":"2025-02-24T15:41:20","date_gmt":"2025-02-24T21:41:20","guid":{"rendered":"https:\/\/veteran-affairs-louisiana.local\/?page_id=67"},"modified":"2026-04-06T16:18:32","modified_gmt":"2026-04-06T21:18:32","slug":"nha-cuu-chien-binh-dong-nam-louisiana","status":"publish","type":"page","link":"https:\/\/vetaffairs.la.gov\/vi\/homes\/southeast-louisiana-veterans-home","title":{"rendered":"Nh\u00e0 C\u1ef1u Chi\u1ebfn Binh \u0110\u00f4ng Nam Louisiana"},"content":{"rendered":"<div data-elementor-type=\"wp-page\" data-elementor-id=\"67\" class=\"elementor elementor-67\" data-elementor-post-type=\"page\">\n\t\t\t\t<div class=\"elementor-element elementor-element-1eebf64 e-flex e-con-boxed e-con e-parent\" data-id=\"1eebf64\" data-element_type=\"container\">\n\t\t\t\t\t<div class=\"e-con-inner\">\n\t\t\t\t<div class=\"elementor-element elementor-element-482727d intro elementor-widget elementor-widget-text-editor\" data-id=\"482727d\" data-element_type=\"widget\" data-widget_type=\"text-editor.default\">\n\t\t\t\t<div class=\"elementor-widget-container\">\n\t\t\t\t\t\t\t\t\t<p>Nh\u00e0 d\u01b0\u1ee1ng l\u00e3o c\u1ef1u chi\u1ebfn binh \u0110\u00f4ng Nam Louisiana n\u1eb1m \u1edf Reserve tr\u00ean khu \u0111\u1ea5t r\u1ed9ng 20 m\u1eabu Anh, c\u1ea1nh... <a href=\"https:\/\/www.va.gov\/southeast-louisiana-health-care\/locations\/st-john-va-clinic\/\" target=\"_blank\" rel=\"noopener\">Ph\u00f2ng kh\u00e1m ngo\u1ea1i tr\u00fa c\u1ed9ng \u0111\u1ed3ng c\u1ee7a C\u1ee5c C\u1ef1u chi\u1ebfn binh Hoa K\u1ef3 t\u1ea1i Gi\u00e1o x\u1ee9 Th\u00e1nh Gioan T\u1ea9y gi\u1ea3<\/a>. Nh\u00e0 d\u01b0\u1ee1ng l\u00e3o d\u00e0nh cho c\u1ef1u chi\u1ebfn binh c\u1ee7a ch\u00fang t\u00f4i c\u00f3 156 gi\u01b0\u1eddng v\u00e0 c\u1ea3 ti\u1ec7m c\u1eaft t\u00f3c\/l\u00e0m \u0111\u1eb9p ri\u00eang, n\u01a1i c\u00e1c c\u01b0 d\u00e2n r\u1ea5t th\u00edch \u0111\u1ebfn \u0111\u1ec3 c\u1eaft t\u00f3c ho\u1eb7c l\u00e0m ki\u1ec3u t\u00f3c m\u1edbi. Sau khi r\u1eddi ti\u1ec7m, m\u1ed9t s\u1ed1 ng\u01b0\u1eddi c\u00f3 th\u1ec3 tham gia m\u1ed9t v\u00e1n b\u00e0i poker s\u00f4i n\u1ed5i, trong khi nh\u1eefng ng\u01b0\u1eddi kh\u00e1c l\u1ea1i th\u1eed th\u00e1ch b\u1ea3n th\u00e2n v\u1edbi c\u00e1c tr\u00f2 ch\u01a1i x\u1ebfp h\u00ecnh trong th\u01b0 vi\u1ec7n. Ch\u00fang t\u00f4i v\u00f4 c\u00f9ng bi\u1ebft \u01a1n s\u1ef1 h\u1ed7 tr\u1ee3 c\u1ee7a c\u1ed9ng \u0111\u1ed3ng \u0111\u1ecba ph\u01b0\u01a1ng v\u00e0 t\u1ea5t c\u1ea3 nh\u1eefng g\u00ec h\u1ecd \u0111\u00e3 l\u00e0m cho c\u00e1c c\u1ef1u chi\u1ebfn binh c\u1ee7a ch\u00fang t\u00f4i.<\/p><p>Vi\u1ec7n d\u01b0\u1ee1ng l\u00e3o d\u00e0nh cho c\u1ef1u chi\u1ebfn binh n\u00e0y n\u1eb1m \u1edf v\u1ecb tr\u00ed thu\u1eadn ti\u1ec7n g\u1ea7n c\u00e1c gi\u00e1o khu Ascension, Assumption, Jefferson, Lafourche, Orleans, Plaquemines, St. Bernard, St. Charles, St. James, St. John the Baptist, St. Mary, St. Tammany, Tangipahoa, Terrebonne v\u00e0 Washington. C\u1ef1u chi\u1ebfn binh kh\u00f4ng b\u1eaft bu\u1ed9c ph\u1ea3i c\u01b0 tr\u00fa t\u1ea1i b\u1ea5t k\u1ef3 gi\u00e1o khu n\u00e0o trong s\u1ed1 n\u00e0y \u0111\u1ec3 \u0111\u01b0\u1ee3c s\u1ed1ng t\u1ea1i Vi\u1ec7n d\u01b0\u1ee1ng l\u00e3o d\u00e0nh cho c\u1ef1u chi\u1ebfn binh \u0110\u00f4ng Nam Louisiana.<\/p>\t\t\t\t\t\t\t\t<\/div>\n\t\t\t\t<\/div>\n\t\t\t\t<div class=\"elementor-element elementor-element-a1f3b1e photo-gallery elementor-widget elementor-widget-gallery\" data-id=\"a1f3b1e\" data-element_type=\"widget\" data-settings=\"{&quot;gallery_layout&quot;:&quot;masonry&quot;,&quot;columns&quot;:3,&quot;gap&quot;:{&quot;unit&quot;:&quot;px&quot;,&quot;size&quot;:15,&quot;sizes&quot;:[]},&quot;gap_tablet&quot;:{&quot;unit&quot;:&quot;px&quot;,&quot;size&quot;:15,&quot;sizes&quot;:[]},&quot;gap_mobile&quot;:{&quot;unit&quot;:&quot;px&quot;,&quot;size&quot;:15,&quot;sizes&quot;:[]},&quot;columns_tablet&quot;:3,&quot;lazyload&quot;:&quot;yes&quot;,&quot;columns_mobile&quot;:1,&quot;link_to&quot;:&quot;file&quot;,&quot;content_hover_animation&quot;:&quot;fade-in&quot;}\" data-widget_type=\"gallery.default\">\n\t\t\t\t<div class=\"elementor-widget-container\">\n\t\t\t\t\t\t\t<div class=\"elementor-gallery__container\">\n\t\t\t\t\t\t\t<a class=\"e-gallery-item elementor-gallery-item elementor-animated-content\" href=\"https:\/\/vetaffairs.la.gov\/wp-content\/uploads\/2025\/06\/LDVA-veteransHome-reserve-sign.webp\" data-elementor-open-lightbox=\"yes\" data-elementor-lightbox-slideshow=\"a1f3b1e\" data-e-action-hash=\"#elementor-action%3Aaction%3Dlightbox%26settings%3DeyJpZCI6NjEwMSwidXJsIjoiaHR0cHM6XC9cL3ZldGFmZmFpcnMubGEuZ292XC93cC1jb250ZW50XC91cGxvYWRzXC8yMDI1XC8wNlwvTERWQS12ZXRlcmFuc0hvbWUtcmVzZXJ2ZS1zaWduLndlYnAiLCJzbGlkZXNob3ciOiJhMWYzYjFlIn0%3D\">\n\t\t\t\t\t<div class=\"e-gallery-image elementor-gallery-item__image\" data-thumbnail=\"https:\/\/vetaffairs.la.gov\/wp-content\/uploads\/2025\/06\/LDVA-veteransHome-reserve-sign.webp\" data-width=\"1200\" data-height=\"800\" aria-label=\"Bi\u1ec3n hi\u1ec7u Nh\u00e0 d\u01b0\u1ee1ng l\u00e3o C\u1ef1u chi\u1ebfn binh \u0110\u00f4ng Nam Louisiana\" role=\"img\" ><\/div>\n\t\t\t\t\t\t\t\t\t\t\t\t\t\t<\/a>\n\t\t\t\t\t\t\t<a class=\"e-gallery-item elementor-gallery-item elementor-animated-content\" href=\"https:\/\/vetaffairs.la.gov\/wp-content\/uploads\/2025\/06\/LDVA-veteransHome-reserve-hairstyle.webp\" data-elementor-open-lightbox=\"yes\" data-elementor-lightbox-slideshow=\"a1f3b1e\" data-e-action-hash=\"#elementor-action%3Aaction%3Dlightbox%26settings%3DeyJpZCI6NjA5OCwidXJsIjoiaHR0cHM6XC9cL3ZldGFmZmFpcnMubGEuZ292XC93cC1jb250ZW50XC91cGxvYWRzXC8yMDI1XC8wNlwvTERWQS12ZXRlcmFuc0hvbWUtcmVzZXJ2ZS1oYWlyc3R5bGUud2VicCIsInNsaWRlc2hvdyI6ImExZjNiMWUifQ%3D%3D\">\n\t\t\t\t\t<div class=\"e-gallery-image elementor-gallery-item__image\" data-thumbnail=\"https:\/\/vetaffairs.la.gov\/wp-content\/uploads\/2025\/06\/LDVA-veteransHome-reserve-hairstyle.webp\" data-width=\"1200\" data-height=\"800\" aria-label=\"Ng\u01b0\u1eddi ph\u1ee5 n\u1eef \u0111ang \u0111\u01b0\u1ee3c th\u1ee3 l\u00e0m t\u00f3c l\u00e0m t\u00f3c.\" role=\"img\" ><\/div>\n\t\t\t\t\t\t\t\t\t\t\t\t\t\t<\/a>\n\t\t\t\t\t\t\t<a class=\"e-gallery-item elementor-gallery-item elementor-animated-content\" href=\"https:\/\/vetaffairs.la.gov\/wp-content\/uploads\/2025\/06\/LDVA-veteransHome-reserve-puzzle01.webp\" data-elementor-open-lightbox=\"yes\" data-elementor-lightbox-slideshow=\"a1f3b1e\" data-e-action-hash=\"#elementor-action%3Aaction%3Dlightbox%26settings%3DeyJpZCI6NjA5OSwidXJsIjoiaHR0cHM6XC9cL3ZldGFmZmFpcnMubGEuZ292XC93cC1jb250ZW50XC91cGxvYWRzXC8yMDI1XC8wNlwvTERWQS12ZXRlcmFuc0hvbWUtcmVzZXJ2ZS1wdXp6bGUwMS53ZWJwIiwic2xpZGVzaG93IjoiYTFmM2IxZSJ9\">\n\t\t\t\t\t<div class=\"e-gallery-image elementor-gallery-item__image\" data-thumbnail=\"https:\/\/vetaffairs.la.gov\/wp-content\/uploads\/2025\/06\/LDVA-veteransHome-reserve-puzzle01.webp\" data-width=\"1200\" data-height=\"800\" aria-label=\"Hai ng\u01b0\u1eddi c\u00f9ng ch\u01a1i x\u1ebfp h\u00ecnh.\" role=\"img\" ><\/div>\n\t\t\t\t\t\t\t\t\t\t\t\t\t\t<\/a>\n\t\t\t\t\t\t\t<a class=\"e-gallery-item elementor-gallery-item elementor-animated-content\" href=\"https:\/\/vetaffairs.la.gov\/wp-content\/uploads\/2025\/06\/LDVA-veteransHome-reserve-puzzle02.webp\" data-elementor-open-lightbox=\"yes\" data-elementor-lightbox-slideshow=\"a1f3b1e\" data-e-action-hash=\"#elementor-action%3Aaction%3Dlightbox%26settings%3DeyJpZCI6NjEwMCwidXJsIjoiaHR0cHM6XC9cL3ZldGFmZmFpcnMubGEuZ292XC93cC1jb250ZW50XC91cGxvYWRzXC8yMDI1XC8wNlwvTERWQS12ZXRlcmFuc0hvbWUtcmVzZXJ2ZS1wdXp6bGUwMi53ZWJwIiwic2xpZGVzaG93IjoiYTFmM2IxZSJ9\">\n\t\t\t\t\t<div class=\"e-gallery-image elementor-gallery-item__image\" data-thumbnail=\"https:\/\/vetaffairs.la.gov\/wp-content\/uploads\/2025\/06\/LDVA-veteransHome-reserve-puzzle02.webp\" data-width=\"1200\" data-height=\"806\" aria-label=\"Ba ng\u01b0\u1eddi \u0111ang ch\u01a1i tr\u00f2 ch\u01a1i x\u1ebfp h\u00ecnh\" role=\"img\" ><\/div>\n\t\t\t\t\t\t\t\t\t\t\t\t\t\t<\/a>\n\t\t\t\t\t\t\t<a class=\"e-gallery-item elementor-gallery-item elementor-animated-content\" href=\"https:\/\/vetaffairs.la.gov\/wp-content\/uploads\/2025\/06\/LDVA-veteransHome-reserve-cards.webp\" data-elementor-open-lightbox=\"yes\" data-elementor-lightbox-slideshow=\"a1f3b1e\" data-e-action-hash=\"#elementor-action%3Aaction%3Dlightbox%26settings%3DeyJpZCI6NjA5NywidXJsIjoiaHR0cHM6XC9cL3ZldGFmZmFpcnMubGEuZ292XC93cC1jb250ZW50XC91cGxvYWRzXC8yMDI1XC8wNlwvTERWQS12ZXRlcmFuc0hvbWUtcmVzZXJ2ZS1jYXJkcy53ZWJwIiwic2xpZGVzaG93IjoiYTFmM2IxZSJ9\">\n\t\t\t\t\t<div class=\"e-gallery-image elementor-gallery-item__image\" data-thumbnail=\"https:\/\/vetaffairs.la.gov\/wp-content\/uploads\/2025\/06\/LDVA-veteransHome-reserve-cards.webp\" data-width=\"1200\" data-height=\"806\" aria-label=\"C\u01b0 d\u00e2n l\u00e2u n\u0103m \u0111ang ch\u01a1i b\u00e0i.\" role=\"img\" ><\/div>\n\t\t\t\t\t\t\t\t\t\t\t\t\t\t<\/a>\n\t\t\t\t\t\t\t<a class=\"e-gallery-item elementor-gallery-item elementor-animated-content\" href=\"https:\/\/vetaffairs.la.gov\/wp-content\/uploads\/2025\/06\/LDVA-veteransHome-reserve-shootingPool.webp\" data-elementor-open-lightbox=\"yes\" data-elementor-lightbox-slideshow=\"a1f3b1e\" data-e-action-hash=\"#elementor-action%3Aaction%3Dlightbox%26settings%3DeyJpZCI6NjEzNCwidXJsIjoiaHR0cHM6XC9cL3ZldGFmZmFpcnMubGEuZ292XC93cC1jb250ZW50XC91cGxvYWRzXC8yMDI1XC8wNlwvTERWQS12ZXRlcmFuc0hvbWUtcmVzZXJ2ZS1zaG9vdGluZ1Bvb2wud2VicCIsInNsaWRlc2hvdyI6ImExZjNiMWUifQ%3D%3D\">\n\t\t\t\t\t<div class=\"e-gallery-image elementor-gallery-item__image\" data-thumbnail=\"https:\/\/vetaffairs.la.gov\/wp-content\/uploads\/2025\/06\/LDVA-veteransHome-reserve-shootingPool.webp\" data-width=\"1200\" data-height=\"800\" aria-label=\"C\u1ef1u binh ch\u01a1i bi-a\" role=\"img\" ><\/div>\n\t\t\t\t\t\t\t\t\t\t\t\t\t\t<\/a>\n\t\t\t\t\t<\/div>\n\t\t\t\t\t<\/div>\n\t\t\t\t<\/div>\n\t\t\t\t<div class=\"elementor-element elementor-element-be4536a intro elementor-widget elementor-widget-text-editor\" data-id=\"be4536a\" data-element_type=\"widget\" data-widget_type=\"text-editor.default\">\n\t\t\t\t<div class=\"elementor-widget-container\">\n\t\t\t\t\t\t\t\t\t<h2>N\u1ed9p \u0111\u01a1n xin nh\u1eadp h\u1ecdc<\/h2><p>C\u00e1c c\u1ef1u chi\u1ebfn binh Louisiana \u0111\u01b0\u1ee3c xu\u1ea5t ng\u0169 m\u1ed9t c\u00e1ch danh d\u1ef1, trong th\u1eddi chi\u1ebfn ho\u1eb7c th\u1eddi b\u00ecnh, v\u00e0 \u0111\u00e3 ph\u1ee5c v\u1ee5 90 ng\u00e0y t\u1ea1i ng\u0169; v\u1ee3\/ch\u1ed3ng c\u1ee7a c\u1ef1u chi\u1ebfn binh; v\u00e0 cha m\u1eb9 c\u1ee7a nh\u1eefng ng\u01b0\u1eddi hy sinh trong chi\u1ebfn tranh (Gold Star parents) \u0111\u1ee7 \u0111i\u1ec1u ki\u1ec7n s\u1ed1ng trong nh\u00e0 d\u01b0\u1ee1ng l\u00e3o d\u00e0nh cho c\u1ef1u chi\u1ebfn binh. Nh\u1eefng ng\u01b0\u1eddi quan t\u00e2m \u0111\u1ebfn vi\u1ec7c s\u1ed1ng trong nh\u00e0 d\u01b0\u1ee1ng l\u00e3o d\u00e0nh cho c\u1ef1u chi\u1ebfn binh c\u00f3 th\u1ec3 li\u00ean h\u1ec7 v\u1edbi ch\u00fang t\u00f4i. <a href=\"https:\/\/vetaffairs.la.gov\/wp-content\/uploads\/2026\/01\/2025VeteransHomesAdmissionsApplication.pdf\" target=\"_blank\" rel=\"noopener\">ho\u00e0n th\u00e0nh \u0111\u01a1n xin nh\u1eadp h\u1ecdc<\/a> v\u00e0 g\u1eedi n\u00f3 cho \u0111i\u1ec1u ph\u1ed1i vi\u00ean tuy\u1ec3n sinh c\u1ee7a ch\u00fang t\u00f4i.<\/p>\t\t\t\t\t\t\t\t<\/div>\n\t\t\t\t<\/div>\n\t\t\t\t<div class=\"elementor-element elementor-element-34291c5 intro elementor-widget elementor-widget-text-editor\" data-id=\"34291c5\" data-element_type=\"widget\" data-widget_type=\"text-editor.default\">\n\t\t\t\t<div class=\"elementor-widget-container\">\n\t\t\t\t\t\t\t\t\t<h2>L\u00e0m th\u1ebf n\u00e0o \u0111\u1ec3 gi\u00fap \u0111\u1ee1<\/h2><p>Ch\u00fang t\u00f4i hoan ngh\u00eanh c\u00e1c t\u00ecnh nguy\u1ec7n vi\u00ean mu\u1ed1n \u0111\u00f3ng g\u00f3p cho h\u00e0ng tr\u0103m c\u1ef1u chi\u1ebfn binh \u0111ang sinh s\u1ed1ng t\u1ea1i m\u1ed9t trong nh\u1eefng t\u1ed5 ch\u1ee9c c\u1ee7a ch\u00fang t\u00f4i. <a href=\"\/vi\/nha-cua\/\">nh\u00e0 d\u00e0nh cho c\u1ef1u chi\u1ebfn binh c\u1ee7a ch\u00fang t\u00f4i<\/a> Ng\u00f4i nh\u00e0 v\u0129nh vi\u1ec5n c\u1ee7a h\u1ecd. C\u00e1c c\u1ef1u chi\u1ebfn binh c\u1ee7a ch\u00fang t\u00f4i r\u1ea5t th\u00edch c\u00e1c ho\u1ea1t \u0111\u1ed9ng, t\u1eeb ch\u01a1i bingo \u0111\u1ebfn l\u00e0m \u0111\u1ed3 th\u1ee7 c\u00f4ng v\u00e0 nhi\u1ec1u h\u01a1n n\u1eefa! C\u00e1 nh\u00e2n ho\u1eb7c nh\u00f3m c\u00f3 th\u1ec3 t\u00e0i tr\u1ee3 v\u00e0\/ho\u1eb7c \u0111i\u1ec1u h\u00e0nh tr\u00f2 ch\u01a1i bingo, quy\u00ean g\u00f3p th\u1ef1c ph\u1ea9m v\u00e0 \u0111\u1ed3 u\u1ed1ng ho\u1eb7c mang \u0111\u1ed9ng v\u1eadt tr\u1ecb li\u1ec7u c\u1ee7a h\u1ecd \u0111\u1ebfn th\u0103m. Ngo\u00e0i ra, c\u00f3 r\u1ea5t nhi\u1ec1u s\u1ef1 ki\u1ec7n \u0111\u01b0\u1ee3c t\u1ed5 ch\u1ee9c t\u1ea1i c\u00e1c nh\u00e0 d\u00e0nh cho c\u1ef1u chi\u1ebfn binh c\u1ee7a ch\u00fang t\u00f4i trong su\u1ed1t c\u1ea3 n\u0103m, v\u00e0 ch\u00fang t\u00f4i c\u0169ng hoan ngh\u00eanh c\u00e1c t\u00ecnh nguy\u1ec7n vi\u00ean tham gia. H\u00e3y li\u00ean h\u1ec7 v\u1edbi ch\u00fang t\u00f4i \u0111\u1ec3 t\u00ecm hi\u1ec3u c\u00e1ch b\u1ea1n c\u00f3 th\u1ec3 gi\u00fap \u0111\u1ee1.<\/p>\t\t\t\t\t\t\t\t<\/div>\n\t\t\t\t<\/div>\n\t\t\t\t<div class=\"elementor-element elementor-element-95bbbc3 intro elementor-widget elementor-widget-text-editor\" data-id=\"95bbbc3\" data-element_type=\"widget\" data-widget_type=\"text-editor.default\">\n\t\t\t\t<div class=\"elementor-widget-container\">\n\t\t\t\t\t\t\t\t\t<h2>Gi\u1edd ho\u1ea1t \u0111\u1ed9ng<\/h2><p>Gi\u1edd l\u00e0m vi\u1ec7c: Th\u1ee9 Hai - Th\u1ee9 S\u00e1u, 8 gi\u1edd s\u00e1ng - 4 gi\u1edd 30 chi\u1ec1u.<\/p>\t\t\t\t\t\t\t\t<\/div>\n\t\t\t\t<\/div>\n\t\t\t\t<div class=\"elementor-element elementor-element-3ff3a13 intro elementor-hidden-desktop elementor-hidden-tablet elementor-hidden-mobile elementor-widget elementor-widget-text-editor\" data-id=\"3ff3a13\" data-element_type=\"widget\" data-widget_type=\"text-editor.default\">\n\t\t\t\t<div class=\"elementor-widget-container\">\n\t\t\t\t\t\t\t\t\t<h2>Li\u00ean h\u1ec7 v\u1edbi ch\u00fang t\u00f4i<\/h2><p>James K. Armes III, Gi\u00e1m \u0111\u1ed1c<br \/>Mary Ann Conner, \u0110i\u1ec1u ph\u1ed1i vi\u00ean H\u00e0nh ch\u00ednh<\/p><p>3348 \u0110\u1ea1i l\u1ed9 \u0110\u1ea1i h\u1ecdc<br \/>Leesville, LA 71446<\/p><p><a href=\"tel:3372386405\">(337) 238-6405<\/a> v\u0103n ph\u00f2ng<br \/><a href=\"tel:3372386448\">(337) 238-6448<\/a> fax<br \/><a href=\"mailto:clvc@la.gov\">clvc@la.gov<\/a><\/p>\t\t\t\t\t\t\t\t<\/div>\n\t\t\t\t<\/div>\n\t\t\t\t<div class=\"elementor-element elementor-element-9904b46 elementor-view-stacked elementor-hidden-desktop elementor-hidden-tablet elementor-hidden-mobile elementor-shape-circle elementor-widget elementor-widget-icon\" data-id=\"9904b46\" data-element_type=\"widget\" data-widget_type=\"icon.default\">\n\t\t\t\t<div class=\"elementor-widget-container\">\n\t\t\t\t\t\t\t<div class=\"elementor-icon-wrapper\">\n\t\t\t<a class=\"elementor-icon elementor-animation-grow\" href=\"https:\/\/www.facebook.com\/NELVC.la.gov\" target=\"_blank\" rel=\"noopener\">\n\t\t\t<svg aria-hidden=\"true\" class=\"e-font-icon-svg e-fab-facebook-f\" viewbox=\"0 0 320 512\" xmlns=\"http:\/\/www.w3.org\/2000\/svg\"><path d=\"M279.14 288l14.22-92.66h-88.91v-60.13c0-25.35 12.42-50.06 52.24-50.06h40.42V6.26S260.43 0 225.36 0c-73.22 0-121.08 44.38-121.08 124.72v70.62H22.89V288h81.39v224h100.17V288z\"><\/path><\/svg>\t\t\t<\/a>\n\t\t<\/div>\n\t\t\t\t\t\t<\/div>\n\t\t\t\t<\/div>\n\t\t\t\t<div class=\"elementor-element elementor-element-ef58bc9 elementor-widget elementor-widget-heading\" data-id=\"ef58bc9\" data-element_type=\"widget\" data-widget_type=\"heading.default\">\n\t\t\t\t<div class=\"elementor-widget-container\">\n\t\t\t\t\t<h2 class=\"elementor-heading-title elementor-size-default\">Li\u00ean h\u1ec7 v\u1edbi ch\u00fang t\u00f4i<\/h2>\t\t\t\t<\/div>\n\t\t\t\t<\/div>\n\t\t\t\t<div class=\"elementor-element elementor-element-23321aa intro elementor-widget elementor-widget-text-editor\" data-id=\"23321aa\" data-element_type=\"widget\" data-widget_type=\"text-editor.default\">\n\t\t\t\t<div class=\"elementor-widget-container\">\n\t\t\t\t\t\t\t\t\t<p>Brian Fremin, Qu\u1ea3n tr\u1ecb vi\u00ean | <a href=\"mailto:brian.fremin@la.gov\">brian.fremin@la.gov<\/a><br \/>Charles \u201cScott\u201d Conner, Tr\u1ee3 l\u00fd Qu\u1ea3n tr\u1ecb vi\u00ean | <a href=\"mailto:charles.conner@la.gov\">charles.conner@la.gov<\/a><br \/>Andrea Schembre, Ti\u1ebfp th\u1ecb | <a href=\"mailto:andrea.schembre@la.gov\">andrea.schembre@la.gov<\/a>\u00a0<br \/>Tuy\u1ec3n sinh | <a href=\"mailto:selvhadmissions@la.gov\">SELVHAdmissions@la.gov<\/a>\u00a0<\/p>\t\t\t\t\t\t\t\t<\/div>\n\t\t\t\t<\/div>\n\t\t\t\t<div class=\"elementor-element elementor-element-0e2d518 elementor-list-item-link-full_width elementor-widget elementor-widget-icon-list\" data-id=\"0e2d518\" data-element_type=\"widget\" data-widget_type=\"icon-list.default\">\n\t\t\t\t<div class=\"elementor-widget-container\">\n\t\t\t\t\t\t\t<ul class=\"elementor-icon-list-items\">\n\t\t\t\t\t\t\t<li class=\"elementor-icon-list-item\">\n\t\t\t\t\t\t\t\t\t\t\t<span class=\"elementor-icon-list-icon\">\n\t\t\t\t\t\t\t<svg aria-hidden=\"true\" class=\"e-font-icon-svg e-fas-map-marker-alt\" viewbox=\"0 0 384 512\" xmlns=\"http:\/\/www.w3.org\/2000\/svg\"><path d=\"M172.268 501.67C26.97 291.031 0 269.413 0 192 0 85.961 85.961 0 192 0s192 85.961 192 192c0 77.413-26.97 99.031-172.268 309.67-9.535 13.774-29.93 13.773-39.464 0zM192 272c44.183 0 80-35.817 80-80s-35.817-80-80-80-80 35.817-80 80 35.817 80 80 80z\"><\/path><\/svg>\t\t\t\t\t\t<\/span>\n\t\t\t\t\t\t\t\t\t\t<span class=\"elementor-icon-list-text\">4080 W. Airline Highway Reserve, LA 70084<\/span>\n\t\t\t\t\t\t\t\t\t<\/li>\n\t\t\t\t\t\t\t\t<li class=\"elementor-icon-list-item\">\n\t\t\t\t\t\t\t\t\t\t\t<span class=\"elementor-icon-list-icon\">\n\t\t\t\t\t\t\t<svg aria-hidden=\"true\" class=\"e-font-icon-svg e-fas-phone-alt\" viewbox=\"0 0 512 512\" xmlns=\"http:\/\/www.w3.org\/2000\/svg\"><path d=\"M497.39 361.8l-112-48a24 24 0 0 0-28 6.9l-49.6 60.6A370.66 370.66 0 0 1 130.6 204.11l60.6-49.6a23.94 23.94 0 0 0 6.9-28l-48-112A24.16 24.16 0 0 0 122.6.61l-104 24A24 24 0 0 0 0 48c0 256.5 207.9 464 464 464a24 24 0 0 0 23.4-18.6l24-104a24.29 24.29 0 0 0-14.01-27.6z\"><\/path><\/svg>\t\t\t\t\t\t<\/span>\n\t\t\t\t\t\t\t\t\t\t<span class=\"elementor-icon-list-text\"><a href=\"tel:9854794080\">(985) 479-4080<\/a><\/span>\n\t\t\t\t\t\t\t\t\t<\/li>\n\t\t\t\t\t\t\t\t<li class=\"elementor-icon-list-item\">\n\t\t\t\t\t\t\t\t\t\t\t<span class=\"elementor-icon-list-icon\">\n\t\t\t\t\t\t\t<svg aria-hidden=\"true\" class=\"e-font-icon-svg e-fas-fax\" viewbox=\"0 0 512 512\" xmlns=\"http:\/\/www.w3.org\/2000\/svg\"><path d=\"M480 160V77.25a32 32 0 0 0-9.38-22.63L425.37 9.37A32 32 0 0 0 402.75 0H160a32 32 0 0 0-32 32v448a32 32 0 0 0 32 32h320a32 32 0 0 0 32-32V192a32 32 0 0 0-32-32zM288 432a16 16 0 0 1-16 16h-32a16 16 0 0 1-16-16v-32a16 16 0 0 1 16-16h32a16 16 0 0 1 16 16zm0-128a16 16 0 0 1-16 16h-32a16 16 0 0 1-16-16v-32a16 16 0 0 1 16-16h32a16 16 0 0 1 16 16zm128 128a16 16 0 0 1-16 16h-32a16 16 0 0 1-16-16v-32a16 16 0 0 1 16-16h32a16 16 0 0 1 16 16zm0-128a16 16 0 0 1-16 16h-32a16 16 0 0 1-16-16v-32a16 16 0 0 1 16-16h32a16 16 0 0 1 16 16zm0-112H192V64h160v48a16 16 0 0 0 16 16h48zM64 128H32a32 32 0 0 0-32 32v320a32 32 0 0 0 32 32h32a32 32 0 0 0 32-32V160a32 32 0 0 0-32-32z\"><\/path><\/svg>\t\t\t\t\t\t<\/span>\n\t\t\t\t\t\t\t\t\t\t<span class=\"elementor-icon-list-text\"><a href=\"tel:9854794090\">(985) 479-4090<\/a><\/span>\n\t\t\t\t\t\t\t\t\t<\/li>\n\t\t\t\t\t\t<\/ul>\n\t\t\t\t\t\t<\/div>\n\t\t\t\t<\/div>\n\t\t\t\t<div class=\"elementor-element elementor-element-cf88a7c elementor-view-stacked elementor-shape-circle elementor-widget elementor-widget-icon\" data-id=\"cf88a7c\" data-element_type=\"widget\" data-widget_type=\"icon.default\">\n\t\t\t\t<div class=\"elementor-widget-container\">\n\t\t\t\t\t\t\t<div class=\"elementor-icon-wrapper\">\n\t\t\t<a class=\"elementor-icon elementor-animation-grow\" href=\"https:\/\/www.facebook.com\/SELVH.la.gov\" target=\"_blank\" rel=\"noopener\">\n\t\t\t<svg aria-hidden=\"true\" class=\"e-font-icon-svg e-fab-facebook-f\" viewbox=\"0 0 320 512\" xmlns=\"http:\/\/www.w3.org\/2000\/svg\"><path d=\"M279.14 288l14.22-92.66h-88.91v-60.13c0-25.35 12.42-50.06 52.24-50.06h40.42V6.26S260.43 0 225.36 0c-73.22 0-121.08 44.38-121.08 124.72v70.62H22.89V288h81.39v224h100.17V288z\"><\/path><\/svg>\t\t\t<\/a>\n\t\t<\/div>\n\t\t\t\t\t\t<\/div>\n\t\t\t\t<\/div>\n\t\t\t\t\t<\/div>\n\t\t\t\t<\/div>\n\t\t\t\t<\/div>","protected":false},"excerpt":{"rendered":"<p>Nh\u00e0 d\u01b0\u1ee1ng l\u00e3o d\u00e0nh cho c\u1ef1u chi\u1ebfn binh \u0110\u00f4ng Nam Louisiana n\u1eb1m \u1edf Reserve tr\u00ean khu \u0111\u1ea5t r\u1ed9ng 20 m\u1eabu Anh, c\u1ea1nh Ph\u00f2ng kh\u00e1m ngo\u1ea1i tr\u00fa c\u1ed9ng \u0111\u1ed3ng c\u1ee7a C\u1ee5c C\u1ef1u chi\u1ebfn binh Hoa K\u1ef3\u2026<\/p>","protected":false},"author":7,"featured_media":0,"parent":36,"menu_order":0,"comment_status":"closed","ping_status":"closed","template":"","meta":{"_acf_changed":false,"footnotes":"","_links_to":"","_links_to_target":""},"class_list":["post-67","page","type-page","status-publish","hentry"],"acf":[],"_links":{"self":[{"href":"https:\/\/vetaffairs.la.gov\/vi\/wp-json\/wp\/v2\/pages\/67","targetHints":{"allow":["GET"]}}],"collection":[{"href":"https:\/\/vetaffairs.la.gov\/vi\/wp-json\/wp\/v2\/pages"}],"about":[{"href":"https:\/\/vetaffairs.la.gov\/vi\/wp-json\/wp\/v2\/types\/page"}],"author":[{"embeddable":true,"href":"https:\/\/vetaffairs.la.gov\/vi\/wp-json\/wp\/v2\/users\/7"}],"replies":[{"embeddable":true,"href":"https:\/\/vetaffairs.la.gov\/vi\/wp-json\/wp\/v2\/comments?post=67"}],"version-history":[{"count":0,"href":"https:\/\/vetaffairs.la.gov\/vi\/wp-json\/wp\/v2\/pages\/67\/revisions"}],"up":[{"embeddable":true,"href":"https:\/\/vetaffairs.la.gov\/vi\/wp-json\/wp\/v2\/pages\/36"}],"wp:attachment":[{"href":"https:\/\/vetaffairs.la.gov\/vi\/wp-json\/wp\/v2\/media?parent=67"}],"curies":[{"name":"wp","href":"https:\/\/api.w.org\/{rel}","templated":true}]}}