{"id":65,"date":"2025-02-24T15:41:07","date_gmt":"2025-02-24T21:41:07","guid":{"rendered":"https:\/\/veteran-affairs-louisiana.local\/?page_id=65"},"modified":"2026-04-06T16:22:10","modified_gmt":"2026-04-06T21:22:10","slug":"nha-cuu-chien-binh-tay-nam-louisiana","status":"publish","type":"page","link":"https:\/\/vetaffairs.la.gov\/vi\/homes\/southwest-louisiana-veterans-home","title":{"rendered":"Nh\u00e0 C\u1ef1u Chi\u1ebfn Binh T\u00e2y Nam Louisiana"},"content":{"rendered":"<div data-elementor-type=\"wp-page\" data-elementor-id=\"65\" class=\"elementor elementor-65\" data-elementor-post-type=\"page\">\n\t\t\t\t<div class=\"elementor-element elementor-element-4d084ef e-flex e-con-boxed e-con e-parent\" data-id=\"4d084ef\" data-element_type=\"container\">\n\t\t\t\t\t<div class=\"e-con-inner\">\n\t\t\t\t<div class=\"elementor-element elementor-element-c21fef8 intro elementor-widget elementor-widget-text-editor\" data-id=\"c21fef8\" data-element_type=\"widget\" data-widget_type=\"text-editor.default\">\n\t\t\t\t<div class=\"elementor-widget-container\">\n\t\t\t\t\t\t\t\t\t<p>Nh\u00e0 d\u01b0\u1ee1ng l\u00e3o C\u1ef1u chi\u1ebfn binh T\u00e2y Nam Louisiana t\u1ecda l\u1ea1c t\u1ea1i Jennings tr\u00ean khu \u0111\u1ea5t r\u1ed9ng 20 m\u1eabu Anh, n\u1eb1m gi\u1eefa Lafayette v\u00e0 Lake Charles, ngay g\u1ea7n Xa l\u1ed9 Li\u00ean ti\u1ec3u bang 10, thu\u1ed9c Gi\u00e1o x\u1ee9 Jefferson Davis. Ng\u00f4i nh\u00e0 156 gi\u01b0\u1eddng n\u00e0y l\u00e0 nh\u00e0 d\u01b0\u1ee1ng l\u00e3o duy nh\u1ea5t n\u1eb1m tr\u00ean m\u1ed9t khu \u0111\u1ea5t li\u1ec1n k\u1ec1 v\u1edbi m\u1ed9t trong nh\u1eefng ngh\u0129a trang c\u1ef1u chi\u1ebfn binh c\u1ee7a ch\u00fang t\u00f4i. Nhi\u1ec1u c\u1ef1u chi\u1ebfn binh c\u1ee7a ch\u00fang t\u00f4i tham gia h\u1ecdc Kinh Th\u00e1nh v\u00e0 c\u00e1c bu\u1ed5i l\u1ec5 h\u00e0ng tu\u1ea7n t\u1ea1i nh\u00e0 nguy\u1ec7n v\u1edbi nh\u1eefng \u00f4 c\u1eeda s\u1ed5 k\u00ednh m\u00e0u tuy\u1ec7t \u0111\u1eb9p. Trong ph\u00f2ng sinh ho\u1ea1t, ngo\u00e0i c\u00e1c ho\u1ea1t \u0111\u1ed9ng th\u1ee7 c\u00f4ng m\u1ef9 ngh\u1ec7, c\u00f2n c\u00f3 c\u00e1c tr\u00f2 ch\u01a1i nh\u01b0 c\u1edd \u0111am. Ph\u00eda tr\u01b0\u1edbc nh\u00e0 l\u00e0 m\u1ed9t ao n\u01b0\u1edbc r\u1ed9ng m\u1ed9t m\u1eabu Anh \u0111\u1ec3 c\u01b0 d\u00e2n c\u00e2u c\u00e1, v\u00e0 m\u1ed9t khu v\u1ef1c ng\u1ed3i ngh\u1ec9 g\u1ea7n \u0111\u00f3. C\u00e1c c\u1ef1u chi\u1ebfn binh c\u1ee7a ch\u00fang t\u00f4i c\u0169ng t\u1ef1 h\u00e0o cho chim v\u00e0 c\u00e1 \u0103n, \u0111\u1ed3ng th\u1eddi ch\u0103m s\u00f3c c\u00e2y c\u1ed1i \u0111\u1ec3 m\u1ecdi ng\u01b0\u1eddi c\u00f9ng th\u01b0\u1edfng th\u1ee9c \u1edf s\u00e2n sau.<\/p><p>Ng\u00f4i nh\u00e0 t\u1ecda l\u1ea1c t\u1ea1i v\u1ecb tr\u00ed thu\u1eadn ti\u1ec7n g\u1ea7n c\u00e1c gi\u00e1o x\u1ee9 Acadia, Allen, Beauregard, Calcasieu, Cameron, Evangeline, Grant, Iberia, Jefferson Davis, Lafayette, Rapides, St. Landry, St. Martin, Vermilion v\u00e0 Vernon. C\u1ef1u chi\u1ebfn binh kh\u00f4ng nh\u1ea5t thi\u1ebft ph\u1ea3i c\u01b0 tr\u00fa t\u1ea1i c\u00e1c gi\u00e1o x\u1ee9 n\u00e0y \u0111\u1ec3 \u0111\u01b0\u1ee3c s\u1ed1ng t\u1ea1i Nh\u00e0 C\u1ef1u chi\u1ebfn binh T\u00e2y Nam Louisiana.<\/p>\t\t\t\t\t\t\t\t<\/div>\n\t\t\t\t<\/div>\n\t\t\t\t<div class=\"elementor-element elementor-element-a76ef65 photo-gallery elementor-widget elementor-widget-gallery\" data-id=\"a76ef65\" data-element_type=\"widget\" data-settings=\"{&quot;gallery_layout&quot;:&quot;masonry&quot;,&quot;columns&quot;:3,&quot;gap&quot;:{&quot;unit&quot;:&quot;px&quot;,&quot;size&quot;:15,&quot;sizes&quot;:[]},&quot;gap_tablet&quot;:{&quot;unit&quot;:&quot;px&quot;,&quot;size&quot;:15,&quot;sizes&quot;:[]},&quot;gap_mobile&quot;:{&quot;unit&quot;:&quot;px&quot;,&quot;size&quot;:15,&quot;sizes&quot;:[]},&quot;columns_tablet&quot;:3,&quot;lazyload&quot;:&quot;yes&quot;,&quot;columns_mobile&quot;:1,&quot;link_to&quot;:&quot;file&quot;,&quot;content_hover_animation&quot;:&quot;fade-in&quot;}\" data-widget_type=\"gallery.default\">\n\t\t\t\t<div class=\"elementor-widget-container\">\n\t\t\t\t\t\t\t<div class=\"elementor-gallery__container\">\n\t\t\t\t\t\t\t<a class=\"e-gallery-item elementor-gallery-item elementor-animated-content\" href=\"https:\/\/vetaffairs.la.gov\/wp-content\/uploads\/2025\/06\/LDVA-veteransHome-jennings-birdfeeder.webp\" data-elementor-open-lightbox=\"yes\" data-elementor-lightbox-slideshow=\"a76ef65\" data-e-action-hash=\"#elementor-action%3Aaction%3Dlightbox%26settings%3DeyJpZCI6NjEwMywidXJsIjoiaHR0cHM6XC9cL3ZldGFmZmFpcnMubGEuZ292XC93cC1jb250ZW50XC91cGxvYWRzXC8yMDI1XC8wNlwvTERWQS12ZXRlcmFuc0hvbWUtamVubmluZ3MtYmlyZGZlZWRlci53ZWJwIiwic2xpZGVzaG93IjoiYTc2ZWY2NSJ9\">\n\t\t\t\t\t<div class=\"e-gallery-image elementor-gallery-item__image\" data-thumbnail=\"https:\/\/vetaffairs.la.gov\/wp-content\/uploads\/2025\/06\/LDVA-veteransHome-jennings-birdfeeder.webp\" data-width=\"1200\" data-height=\"800\" aria-label=\"Hai c\u1ef1u chi\u1ebfn binh \u0111ang l\u1eafp \u0111\u1eb7t m\u00e1ng cho chim \u0103n.\" role=\"img\" ><\/div>\n\t\t\t\t\t\t\t\t\t\t\t\t\t\t<\/a>\n\t\t\t\t\t\t\t<a class=\"e-gallery-item elementor-gallery-item elementor-animated-content\" href=\"https:\/\/vetaffairs.la.gov\/wp-content\/uploads\/2025\/06\/LDVA-veteransHome-jennings-cafeteria.webp\" data-elementor-open-lightbox=\"yes\" data-elementor-lightbox-slideshow=\"a76ef65\" data-e-action-hash=\"#elementor-action%3Aaction%3Dlightbox%26settings%3DeyJpZCI6NjEwNCwidXJsIjoiaHR0cHM6XC9cL3ZldGFmZmFpcnMubGEuZ292XC93cC1jb250ZW50XC91cGxvYWRzXC8yMDI1XC8wNlwvTERWQS12ZXRlcmFuc0hvbWUtamVubmluZ3MtY2FmZXRlcmlhLndlYnAiLCJzbGlkZXNob3ciOiJhNzZlZjY1In0%3D\">\n\t\t\t\t\t<div class=\"e-gallery-image elementor-gallery-item__image\" data-thumbnail=\"https:\/\/vetaffairs.la.gov\/wp-content\/uploads\/2025\/06\/LDVA-veteransHome-jennings-cafeteria.webp\" data-width=\"1200\" data-height=\"800\" aria-label=\"Hai ng\u01b0\u1eddi \u0111ang \u0103n \u1edf c\u0103ng tin.\" role=\"img\" ><\/div>\n\t\t\t\t\t\t\t\t\t\t\t\t\t\t<\/a>\n\t\t\t\t\t\t\t<a class=\"e-gallery-item elementor-gallery-item elementor-animated-content\" href=\"https:\/\/vetaffairs.la.gov\/wp-content\/uploads\/2025\/06\/LDVA-veteransHome-jennings-checkers.webp\" data-elementor-open-lightbox=\"yes\" data-elementor-lightbox-slideshow=\"a76ef65\" data-e-action-hash=\"#elementor-action%3Aaction%3Dlightbox%26settings%3DeyJpZCI6NjEwNSwidXJsIjoiaHR0cHM6XC9cL3ZldGFmZmFpcnMubGEuZ292XC93cC1jb250ZW50XC91cGxvYWRzXC8yMDI1XC8wNlwvTERWQS12ZXRlcmFuc0hvbWUtamVubmluZ3MtY2hlY2tlcnMud2VicCIsInNsaWRlc2hvdyI6ImE3NmVmNjUifQ%3D%3D\">\n\t\t\t\t\t<div class=\"e-gallery-image elementor-gallery-item__image\" data-thumbnail=\"https:\/\/vetaffairs.la.gov\/wp-content\/uploads\/2025\/06\/LDVA-veteransHome-jennings-checkers.webp\" data-width=\"1200\" data-height=\"800\" aria-label=\"C\u01b0 d\u00e2n \u0111ang ch\u01a1i c\u1edd caro\" role=\"img\" ><\/div>\n\t\t\t\t\t\t\t\t\t\t\t\t\t\t<\/a>\n\t\t\t\t\t\t\t<a class=\"e-gallery-item elementor-gallery-item elementor-animated-content\" href=\"https:\/\/vetaffairs.la.gov\/wp-content\/uploads\/2025\/06\/LDVA-veteransHome-jennings-fishing.webp\" data-elementor-open-lightbox=\"yes\" data-elementor-lightbox-slideshow=\"a76ef65\" data-e-action-hash=\"#elementor-action%3Aaction%3Dlightbox%26settings%3DeyJpZCI6NjEwNywidXJsIjoiaHR0cHM6XC9cL3ZldGFmZmFpcnMubGEuZ292XC93cC1jb250ZW50XC91cGxvYWRzXC8yMDI1XC8wNlwvTERWQS12ZXRlcmFuc0hvbWUtamVubmluZ3MtZmlzaGluZy53ZWJwIiwic2xpZGVzaG93IjoiYTc2ZWY2NSJ9\">\n\t\t\t\t\t<div class=\"e-gallery-image elementor-gallery-item__image\" data-thumbnail=\"https:\/\/vetaffairs.la.gov\/wp-content\/uploads\/2025\/06\/LDVA-veteransHome-jennings-fishing.webp\" data-width=\"1200\" data-height=\"800\" aria-label=\"C\u00e1c c\u1ef1u chi\u1ebfn binh \u0111ang c\u00e2u c\u00e1 tr\u00ean v\u1ec9a h\u00e8.\" role=\"img\" ><\/div>\n\t\t\t\t\t\t\t\t\t\t\t\t\t\t<\/a>\n\t\t\t\t\t\t\t<a class=\"e-gallery-item elementor-gallery-item elementor-animated-content\" href=\"https:\/\/vetaffairs.la.gov\/wp-content\/uploads\/2025\/06\/LDVA-veteransHome-jennings-gardening.webp\" data-elementor-open-lightbox=\"yes\" data-elementor-lightbox-slideshow=\"a76ef65\" data-e-action-hash=\"#elementor-action%3Aaction%3Dlightbox%26settings%3DeyJpZCI6NjEwOCwidXJsIjoiaHR0cHM6XC9cL3ZldGFmZmFpcnMubGEuZ292XC93cC1jb250ZW50XC91cGxvYWRzXC8yMDI1XC8wNlwvTERWQS12ZXRlcmFuc0hvbWUtamVubmluZ3MtZ2FyZGVuaW5nLndlYnAiLCJzbGlkZXNob3ciOiJhNzZlZjY1In0%3D\">\n\t\t\t\t\t<div class=\"e-gallery-image elementor-gallery-item__image\" data-thumbnail=\"https:\/\/vetaffairs.la.gov\/wp-content\/uploads\/2025\/06\/LDVA-veteransHome-jennings-gardening.webp\" data-width=\"1200\" data-height=\"800\" aria-label=\"Hai c\u1ef1u chi\u1ebfn binh l\u00e0m v\u01b0\u1eddn\" role=\"img\" ><\/div>\n\t\t\t\t\t\t\t\t\t\t\t\t\t\t<\/a>\n\t\t\t\t\t\t\t<a class=\"e-gallery-item elementor-gallery-item elementor-animated-content\" href=\"https:\/\/vetaffairs.la.gov\/wp-content\/uploads\/2025\/06\/LDVA-veteransHome-jennings-poker.webp\" data-elementor-open-lightbox=\"yes\" data-elementor-lightbox-slideshow=\"a76ef65\" data-e-action-hash=\"#elementor-action%3Aaction%3Dlightbox%26settings%3DeyJpZCI6NjEwOSwidXJsIjoiaHR0cHM6XC9cL3ZldGFmZmFpcnMubGEuZ292XC93cC1jb250ZW50XC91cGxvYWRzXC8yMDI1XC8wNlwvTERWQS12ZXRlcmFuc0hvbWUtamVubmluZ3MtcG9rZXIud2VicCIsInNsaWRlc2hvdyI6ImE3NmVmNjUifQ%3D%3D\">\n\t\t\t\t\t<div class=\"e-gallery-image elementor-gallery-item__image\" data-thumbnail=\"https:\/\/vetaffairs.la.gov\/wp-content\/uploads\/2025\/06\/LDVA-veteransHome-jennings-poker.webp\" data-width=\"1200\" data-height=\"800\" aria-label=\"C\u00e1c c\u1ef1u chi\u1ebfn binh ch\u01a1i b\u00e0i poker\" role=\"img\" ><\/div>\n\t\t\t\t\t\t\t\t\t\t\t\t\t\t<\/a>\n\t\t\t\t\t<\/div>\n\t\t\t\t\t<\/div>\n\t\t\t\t<\/div>\n\t\t\t\t<div class=\"elementor-element elementor-element-7ce4f43 intro elementor-widget elementor-widget-text-editor\" data-id=\"7ce4f43\" data-element_type=\"widget\" data-widget_type=\"text-editor.default\">\n\t\t\t\t<div class=\"elementor-widget-container\">\n\t\t\t\t\t\t\t\t\t<h2>N\u1ed9p \u0111\u01a1n xin nh\u1eadp h\u1ecdc<\/h2><p>C\u1ef1u chi\u1ebfn binh Louisiana \u0111\u01b0\u1ee3c gi\u1ea3i ng\u0169 danh d\u1ef1, trong th\u1eddi chi\u1ebfn ho\u1eb7c th\u1eddi b\u00ecnh, v\u00e0 \u0111\u00e3 ph\u1ee5c v\u1ee5 90 ng\u00e0y t\u1ea1i ng\u0169; v\u1ee3\/ch\u1ed3ng c\u1ee7a c\u1ef1u chi\u1ebfn binh; v\u00e0 cha m\u1eb9 l\u00e0 ng\u01b0\u1eddi nh\u1eadn Hu\u00e2n ch\u01b0\u01a1ng Sao V\u00e0ng \u0111\u1ec1u \u0111\u1ee7 \u0111i\u1ec1u ki\u1ec7n s\u1ed1ng t\u1ea1i nh\u00e0 d\u00e0nh cho c\u1ef1u chi\u1ebfn binh. Nh\u1eefng c\u00e1 nh\u00e2n quan t\u00e2m \u0111\u1ebfn vi\u1ec7c s\u1ed1ng t\u1ea1i nh\u00e0 d\u00e0nh cho c\u1ef1u chi\u1ebfn binh c\u00f3 th\u1ec3 <a href=\"https:\/\/vetaffairs.la.gov\/wp-content\/uploads\/2026\/01\/2025VeteransHomesAdmissionsApplication.pdf\">ho\u00e0n th\u00e0nh \u0111\u01a1n xin nh\u1eadp h\u1ecdc\u00a0<\/a>v\u00e0 n\u1ed9p cho \u0111i\u1ec1u ph\u1ed1i vi\u00ean tuy\u1ec3n sinh c\u1ee7a ch\u00fang t\u00f4i ho\u1eb7c li\u00ean h\u1ec7 \u0111\u1ec3 \u0111\u01b0\u1ee3c h\u1ed7 tr\u1ee3.<\/p>\t\t\t\t\t\t\t\t<\/div>\n\t\t\t\t<\/div>\n\t\t\t\t<div class=\"elementor-element elementor-element-8a51d0a intro elementor-widget elementor-widget-text-editor\" data-id=\"8a51d0a\" data-element_type=\"widget\" data-widget_type=\"text-editor.default\">\n\t\t\t\t<div class=\"elementor-widget-container\">\n\t\t\t\t\t\t\t\t\t<h2>L\u00e0m th\u1ebf n\u00e0o \u0111\u1ec3 gi\u00fap \u0111\u1ee1<\/h2><p>Ch\u00fang t\u00f4i hoan ngh\u00eanh c\u00e1c t\u00ecnh nguy\u1ec7n vi\u00ean mu\u1ed1n \u0111\u00f3ng g\u00f3p cho h\u00e0ng tr\u0103m c\u1ef1u chi\u1ebfn binh, nh\u1eefng ng\u01b0\u1eddi coi m\u1ed9t trong nh\u1eefng ng\u00f4i nh\u00e0 d\u00e0nh cho c\u1ef1u chi\u1ebfn binh c\u1ee7a ch\u00fang t\u00f4i l\u00e0 nh\u00e0 c\u1ee7a h\u1ecd. C\u00e1c c\u1ef1u chi\u1ebfn binh c\u1ee7a ch\u00fang t\u00f4i r\u1ea5t th\u00edch c\u00e1c ho\u1ea1t \u0111\u1ed9ng, t\u1eeb bingo \u0111\u1ebfn th\u1ee7 c\u00f4ng v\u00e0 nhi\u1ec1u h\u01a1n n\u1eefa! C\u00e1 nh\u00e2n ho\u1eb7c nh\u00f3m c\u00f3 th\u1ec3 t\u00e0i tr\u1ee3 v\u00e0\/ho\u1eb7c g\u1ecdi bingo, quy\u00ean g\u00f3p th\u1ee9c \u0103n v\u00e0 \u0111\u1ed3 u\u1ed1ng, ho\u1eb7c mang theo th\u00fa c\u01b0ng tr\u1ecb li\u1ec7u c\u1ee7a b\u1ea1n \u0111\u1ebfn th\u0103m. Ngo\u00e0i ra, c\u00f2n c\u00f3 nhi\u1ec1u s\u1ef1 ki\u1ec7n \u0111\u01b0\u1ee3c t\u1ed5 ch\u1ee9c t\u1ea1i nh\u00e0 trong su\u1ed1t c\u1ea3 n\u0103m, v\u00e0 c\u00e1c t\u00ecnh nguy\u1ec7n vi\u00ean c\u0169ng \u0111\u01b0\u1ee3c ch\u00e0o \u0111\u00f3n. H\u00e3y li\u00ean h\u1ec7 v\u1edbi ch\u00fang t\u00f4i \u0111\u1ec3 t\u00ecm hi\u1ec3u c\u00e1ch b\u1ea1n c\u00f3 th\u1ec3 h\u1ed7 tr\u1ee3.<\/p>\t\t\t\t\t\t\t\t<\/div>\n\t\t\t\t<\/div>\n\t\t\t\t<div class=\"elementor-element elementor-element-2d14bfb intro elementor-widget elementor-widget-text-editor\" data-id=\"2d14bfb\" data-element_type=\"widget\" data-widget_type=\"text-editor.default\">\n\t\t\t\t<div class=\"elementor-widget-container\">\n\t\t\t\t\t\t\t\t\t<h2>Gi\u1edd ho\u1ea1t \u0111\u1ed9ng<\/h2><p>V\u0103n ph\u00f2ng: Th\u1ee9 Hai - Th\u1ee9 S\u00e1u, 8 gi\u1edd s\u00e1ng - 4 gi\u1edd 30 chi\u1ec1u.<\/p><p>N\u1ebfu ch\u00fang t\u00f4i \u0111\u00e3 c\u00f3 vinh d\u1ef1 \u0111\u01b0\u1ee3c ch\u0103m s\u00f3c ng\u01b0\u1eddi th\u00e2n y\u00eau c\u1ee7a b\u1ea1n, <a href=\"\/vi\/nhan-xet\/?service=Veteran Homes&amp;home=Southwest Louisiana Veterans Home - Jennings, LA\">vui l\u00f2ng cung c\u1ea5p ph\u1ea3n h\u1ed3i \u1edf \u0111\u00e2y<\/a>.<\/p>\t\t\t\t\t\t\t\t<\/div>\n\t\t\t\t<\/div>\n\t\t\t\t<div class=\"elementor-element elementor-element-059d5b4 intro elementor-hidden-desktop elementor-hidden-tablet elementor-hidden-mobile elementor-widget elementor-widget-text-editor\" data-id=\"059d5b4\" data-element_type=\"widget\" data-widget_type=\"text-editor.default\">\n\t\t\t\t<div class=\"elementor-widget-container\">\n\t\t\t\t\t\t\t\t\t<h2>Li\u00ean h\u1ec7 v\u1edbi ch\u00fang t\u00f4i<\/h2><p>James K. Armes III, Gi\u00e1m \u0111\u1ed1c<br \/>Mary Ann Conner, \u0110i\u1ec1u ph\u1ed1i vi\u00ean H\u00e0nh ch\u00ednh<\/p><p>3348 \u0110\u1ea1i l\u1ed9 \u0110\u1ea1i h\u1ecdc<br \/>Leesville, LA 71446<\/p><p><a href=\"tel:3372386405\">(337) 238-6405<\/a> v\u0103n ph\u00f2ng<br \/><a href=\"tel:3372386448\">(337) 238-6448<\/a> fax<br \/><a href=\"mailto:clvc@la.gov\">clvc@la.gov<\/a><\/p>\t\t\t\t\t\t\t\t<\/div>\n\t\t\t\t<\/div>\n\t\t\t\t<div class=\"elementor-element elementor-element-f95971a elementor-view-stacked elementor-hidden-desktop elementor-hidden-tablet elementor-hidden-mobile elementor-shape-circle elementor-widget elementor-widget-icon\" data-id=\"f95971a\" data-element_type=\"widget\" data-widget_type=\"icon.default\">\n\t\t\t\t<div class=\"elementor-widget-container\">\n\t\t\t\t\t\t\t<div class=\"elementor-icon-wrapper\">\n\t\t\t<a class=\"elementor-icon elementor-animation-grow\" href=\"https:\/\/www.facebook.com\/NELVC.la.gov\" target=\"_blank\" rel=\"noopener\">\n\t\t\t<svg aria-hidden=\"true\" class=\"e-font-icon-svg e-fab-facebook-f\" viewbox=\"0 0 320 512\" xmlns=\"http:\/\/www.w3.org\/2000\/svg\"><path d=\"M279.14 288l14.22-92.66h-88.91v-60.13c0-25.35 12.42-50.06 52.24-50.06h40.42V6.26S260.43 0 225.36 0c-73.22 0-121.08 44.38-121.08 124.72v70.62H22.89V288h81.39v224h100.17V288z\"><\/path><\/svg>\t\t\t<\/a>\n\t\t<\/div>\n\t\t\t\t\t\t<\/div>\n\t\t\t\t<\/div>\n\t\t\t\t<div class=\"elementor-element elementor-element-805832f elementor-widget elementor-widget-heading\" data-id=\"805832f\" data-element_type=\"widget\" data-widget_type=\"heading.default\">\n\t\t\t\t<div class=\"elementor-widget-container\">\n\t\t\t\t\t<h2 class=\"elementor-heading-title elementor-size-default\">Li\u00ean h\u1ec7 v\u1edbi ch\u00fang t\u00f4i<\/h2>\t\t\t\t<\/div>\n\t\t\t\t<\/div>\n\t\t\t\t<div class=\"elementor-element elementor-element-4641207 intro elementor-widget elementor-widget-text-editor\" data-id=\"4641207\" data-element_type=\"widget\" data-widget_type=\"text-editor.default\">\n\t\t\t\t<div class=\"elementor-widget-container\">\n\t\t\t\t\t\t\t\t\t<p>Darla Price, Qu\u1ea3n tr\u1ecb vi\u00ean | <a href=\"mailto:darla.price@la.gov\">darla.price@la.gov<\/a><br \/>Trisha Griffin, Tr\u1ee3 l\u00fd Qu\u1ea3n tr\u1ecb vi\u00ean | <a href=\"mailto:trisha.griffin@la.gov\">trisha.griffin@la.gov<\/a><br \/>Lea Wise, Ti\u1ebfp th\u1ecb | <a href=\"mailto:lea.wise@la.gov\">lea.wise@la.gov<\/a><br \/>Joni Frey, Tuy\u1ec3n sinh | <a href=\"mailto:joni.frey@la.gov\">joni.frey@la.gov<\/a><\/p>\t\t\t\t\t\t\t\t<\/div>\n\t\t\t\t<\/div>\n\t\t\t\t<div class=\"elementor-element elementor-element-bd550af elementor-list-item-link-full_width elementor-widget elementor-widget-icon-list\" data-id=\"bd550af\" data-element_type=\"widget\" data-widget_type=\"icon-list.default\">\n\t\t\t\t<div class=\"elementor-widget-container\">\n\t\t\t\t\t\t\t<ul class=\"elementor-icon-list-items\">\n\t\t\t\t\t\t\t<li class=\"elementor-icon-list-item\">\n\t\t\t\t\t\t\t\t\t\t\t<span class=\"elementor-icon-list-icon\">\n\t\t\t\t\t\t\t<svg aria-hidden=\"true\" class=\"e-font-icon-svg e-fas-map-marker-alt\" viewbox=\"0 0 384 512\" xmlns=\"http:\/\/www.w3.org\/2000\/svg\"><path d=\"M172.268 501.67C26.97 291.031 0 269.413 0 192 0 85.961 85.961 0 192 0s192 85.961 192 192c0 77.413-26.97 99.031-172.268 309.67-9.535 13.774-29.93 13.773-39.464 0zM192 272c44.183 0 80-35.817 80-80s-35.817-80-80-80-80 35.817-80 80 35.817 80 80 80z\"><\/path><\/svg>\t\t\t\t\t\t<\/span>\n\t\t\t\t\t\t\t\t\t\t<span class=\"elementor-icon-list-text\">1610 \u0110\u01b0\u1eddng Evangeline Jennings, LA 70546<\/span>\n\t\t\t\t\t\t\t\t\t<\/li>\n\t\t\t\t\t\t\t\t<li class=\"elementor-icon-list-item\">\n\t\t\t\t\t\t\t\t\t\t\t<span class=\"elementor-icon-list-icon\">\n\t\t\t\t\t\t\t<svg aria-hidden=\"true\" class=\"e-font-icon-svg e-fas-phone-alt\" viewbox=\"0 0 512 512\" xmlns=\"http:\/\/www.w3.org\/2000\/svg\"><path d=\"M497.39 361.8l-112-48a24 24 0 0 0-28 6.9l-49.6 60.6A370.66 370.66 0 0 1 130.6 204.11l60.6-49.6a23.94 23.94 0 0 0 6.9-28l-48-112A24.16 24.16 0 0 0 122.6.61l-104 24A24 24 0 0 0 0 48c0 256.5 207.9 464 464 464a24 24 0 0 0 23.4-18.6l24-104a24.29 24.29 0 0 0-14.01-27.6z\"><\/path><\/svg>\t\t\t\t\t\t<\/span>\n\t\t\t\t\t\t\t\t\t\t<span class=\"elementor-icon-list-text\"><a href=\"tel:3378242829\">(337) 824-2829<\/a><\/span>\n\t\t\t\t\t\t\t\t\t<\/li>\n\t\t\t\t\t\t\t\t<li class=\"elementor-icon-list-item\">\n\t\t\t\t\t\t\t\t\t\t\t<span class=\"elementor-icon-list-icon\">\n\t\t\t\t\t\t\t<svg aria-hidden=\"true\" class=\"e-font-icon-svg e-fas-fax\" viewbox=\"0 0 512 512\" xmlns=\"http:\/\/www.w3.org\/2000\/svg\"><path d=\"M480 160V77.25a32 32 0 0 0-9.38-22.63L425.37 9.37A32 32 0 0 0 402.75 0H160a32 32 0 0 0-32 32v448a32 32 0 0 0 32 32h320a32 32 0 0 0 32-32V192a32 32 0 0 0-32-32zM288 432a16 16 0 0 1-16 16h-32a16 16 0 0 1-16-16v-32a16 16 0 0 1 16-16h32a16 16 0 0 1 16 16zm0-128a16 16 0 0 1-16 16h-32a16 16 0 0 1-16-16v-32a16 16 0 0 1 16-16h32a16 16 0 0 1 16 16zm128 128a16 16 0 0 1-16 16h-32a16 16 0 0 1-16-16v-32a16 16 0 0 1 16-16h32a16 16 0 0 1 16 16zm0-128a16 16 0 0 1-16 16h-32a16 16 0 0 1-16-16v-32a16 16 0 0 1 16-16h32a16 16 0 0 1 16 16zm0-112H192V64h160v48a16 16 0 0 0 16 16h48zM64 128H32a32 32 0 0 0-32 32v320a32 32 0 0 0 32 32h32a32 32 0 0 0 32-32V160a32 32 0 0 0-32-32z\"><\/path><\/svg>\t\t\t\t\t\t<\/span>\n\t\t\t\t\t\t\t\t\t\t<span class=\"elementor-icon-list-text\"><a href=\"tel:3378242581\">(337) 824-2581<\/a><\/span>\n\t\t\t\t\t\t\t\t\t<\/li>\n\t\t\t\t\t\t<\/ul>\n\t\t\t\t\t\t<\/div>\n\t\t\t\t<\/div>\n\t\t\t\t<div class=\"elementor-element elementor-element-1a4159c elementor-view-stacked elementor-shape-circle elementor-widget elementor-widget-icon\" data-id=\"1a4159c\" data-element_type=\"widget\" data-widget_type=\"icon.default\">\n\t\t\t\t<div class=\"elementor-widget-container\">\n\t\t\t\t\t\t\t<div class=\"elementor-icon-wrapper\">\n\t\t\t<a class=\"elementor-icon elementor-animation-grow\" href=\"https:\/\/www.facebook.com\/SWLVH.la.gov\" target=\"_blank\" rel=\"noopener\">\n\t\t\t<svg aria-hidden=\"true\" class=\"e-font-icon-svg e-fab-facebook-f\" viewbox=\"0 0 320 512\" xmlns=\"http:\/\/www.w3.org\/2000\/svg\"><path d=\"M279.14 288l14.22-92.66h-88.91v-60.13c0-25.35 12.42-50.06 52.24-50.06h40.42V6.26S260.43 0 225.36 0c-73.22 0-121.08 44.38-121.08 124.72v70.62H22.89V288h81.39v224h100.17V288z\"><\/path><\/svg>\t\t\t<\/a>\n\t\t<\/div>\n\t\t\t\t\t\t<\/div>\n\t\t\t\t<\/div>\n\t\t\t\t\t<\/div>\n\t\t\t\t<\/div>\n\t\t\t\t<\/div>","protected":false},"excerpt":{"rendered":"<p>Vi\u1ec7n d\u01b0\u1ee1ng l\u00e3o c\u1ef1u chi\u1ebfn binh T\u00e2y Nam Louisiana n\u1eb1m \u1edf Jennings tr\u00ean khu \u0111\u1ea5t r\u1ed9ng 20 m\u1eabu Anh gi\u1eefa Lafayette v\u00e0 Lake Charles, ngay g\u1ea7n\u2026<\/p>","protected":false},"author":7,"featured_media":0,"parent":36,"menu_order":0,"comment_status":"closed","ping_status":"closed","template":"","meta":{"_acf_changed":false,"footnotes":"","_links_to":"","_links_to_target":""},"class_list":["post-65","page","type-page","status-publish","hentry"],"acf":[],"_links":{"self":[{"href":"https:\/\/vetaffairs.la.gov\/vi\/wp-json\/wp\/v2\/pages\/65","targetHints":{"allow":["GET"]}}],"collection":[{"href":"https:\/\/vetaffairs.la.gov\/vi\/wp-json\/wp\/v2\/pages"}],"about":[{"href":"https:\/\/vetaffairs.la.gov\/vi\/wp-json\/wp\/v2\/types\/page"}],"author":[{"embeddable":true,"href":"https:\/\/vetaffairs.la.gov\/vi\/wp-json\/wp\/v2\/users\/7"}],"replies":[{"embeddable":true,"href":"https:\/\/vetaffairs.la.gov\/vi\/wp-json\/wp\/v2\/comments?post=65"}],"version-history":[{"count":0,"href":"https:\/\/vetaffairs.la.gov\/vi\/wp-json\/wp\/v2\/pages\/65\/revisions"}],"up":[{"embeddable":true,"href":"https:\/\/vetaffairs.la.gov\/vi\/wp-json\/wp\/v2\/pages\/36"}],"wp:attachment":[{"href":"https:\/\/vetaffairs.la.gov\/vi\/wp-json\/wp\/v2\/media?parent=65"}],"curies":[{"name":"wp","href":"https:\/\/api.w.org\/{rel}","templated":true}]}}