{"id":6260,"date":"2025-07-31T16:41:28","date_gmt":"2025-07-31T21:41:28","guid":{"rendered":"https:\/\/vetaffairs.la.gov\/?page_id=6260"},"modified":"2025-07-31T16:43:00","modified_gmt":"2025-07-31T21:43:00","slug":"cam-on","status":"publish","type":"page","link":"https:\/\/vetaffairs.la.gov\/vi\/thank-you","title":{"rendered":"C\u1ea3m \u01a1n ph\u1ea3n h\u1ed3i c\u00f3 gi\u00e1 tr\u1ecb c\u1ee7a b\u1ea1n"},"content":{"rendered":"<div data-elementor-type=\"wp-page\" data-elementor-id=\"6260\" class=\"elementor elementor-6260\" data-elementor-post-type=\"page\">\n\t\t\t\t<div class=\"elementor-element elementor-element-1d2d5f6 e-flex e-con-boxed e-con e-parent\" data-id=\"1d2d5f6\" data-element_type=\"container\">\n\t\t\t\t\t<div class=\"e-con-inner\">\n\t\t\t\t<div class=\"elementor-element elementor-element-3e5bf81 elementor-widget elementor-widget-text-editor\" data-id=\"3e5bf81\" data-element_type=\"widget\" data-widget_type=\"text-editor.default\">\n\t\t\t\t<div class=\"elementor-widget-container\">\n\t\t\t\t\t\t\t\t\t<p>\u00dd ki\u1ebfn \u0111\u00f3ng g\u00f3p c\u1ee7a b\u1ea1n gi\u00fap ch\u00fang t\u00f4i c\u1ea3i thi\u1ec7n d\u1ecbch v\u1ee5 d\u00e0nh cho t\u1ea5t c\u1ea3 c\u1ef1u chi\u1ebfn binh Louisiana.<\/p>\t\t\t\t\t\t\t\t<\/div>\n\t\t\t\t<\/div>\n\t\t\t\t\t<\/div>\n\t\t\t\t<\/div>\n\t\t\t\t<\/div>","protected":false},"excerpt":{"rendered":"<p>\u00dd ki\u1ebfn \u0111\u00f3ng g\u00f3p c\u1ee7a b\u1ea1n gi\u00fap ch\u00fang t\u00f4i c\u1ea3i thi\u1ec7n d\u1ecbch v\u1ee5 d\u00e0nh cho t\u1ea5t c\u1ea3 c\u1ef1u chi\u1ebfn binh Louisiana.<\/p>","protected":false},"author":12,"featured_media":0,"parent":0,"menu_order":0,"comment_status":"closed","ping_status":"closed","template":"","meta":{"_acf_changed":false,"footnotes":"","_links_to":"","_links_to_target":""},"class_list":["post-6260","page","type-page","status-publish","hentry"],"acf":[],"_links":{"self":[{"href":"https:\/\/vetaffairs.la.gov\/vi\/wp-json\/wp\/v2\/pages\/6260","targetHints":{"allow":["GET"]}}],"collection":[{"href":"https:\/\/vetaffairs.la.gov\/vi\/wp-json\/wp\/v2\/pages"}],"about":[{"href":"https:\/\/vetaffairs.la.gov\/vi\/wp-json\/wp\/v2\/types\/page"}],"author":[{"embeddable":true,"href":"https:\/\/vetaffairs.la.gov\/vi\/wp-json\/wp\/v2\/users\/12"}],"replies":[{"embeddable":true,"href":"https:\/\/vetaffairs.la.gov\/vi\/wp-json\/wp\/v2\/comments?post=6260"}],"version-history":[{"count":0,"href":"https:\/\/vetaffairs.la.gov\/vi\/wp-json\/wp\/v2\/pages\/6260\/revisions"}],"wp:attachment":[{"href":"https:\/\/vetaffairs.la.gov\/vi\/wp-json\/wp\/v2\/media?parent=6260"}],"curies":[{"name":"wp","href":"https:\/\/api.w.org\/{rel}","templated":true}]}}