{"id":6199,"date":"2025-09-02T13:44:50","date_gmt":"2025-09-02T18:44:50","guid":{"rendered":"https:\/\/vetaffairs.la.gov\/?page_id=6199"},"modified":"2025-09-02T13:49:26","modified_gmt":"2025-09-02T18:49:26","slug":"tieu-de-29-2","status":"publish","type":"page","link":"https:\/\/vetaffairs.la.gov\/vi\/education\/title-29-2","title":{"rendered":"Ti\u00eau \u0111\u1ec1 29"},"content":{"rendered":"<div data-elementor-type=\"wp-page\" data-elementor-id=\"6199\" class=\"elementor elementor-6199\" data-elementor-post-type=\"page\">\n\t\t\t\t<div class=\"elementor-element elementor-element-ce4cb0b cemeteries-page e-flex e-con-boxed e-con e-parent\" data-id=\"ce4cb0b\" data-element_type=\"container\">\n\t\t\t\t\t<div class=\"e-con-inner\">\n\t\t<div class=\"elementor-element elementor-element-820c655 e-con-full e-flex e-con e-child\" data-id=\"820c655\" data-element_type=\"container\">\n\t\t\t\t<div class=\"elementor-element elementor-element-d708e13 elementor-widget elementor-widget-heading\" data-id=\"d708e13\" data-element_type=\"widget\" data-widget_type=\"heading.default\">\n\t\t\t\t<div class=\"elementor-widget-container\">\n\t\t\t\t\t<h2 class=\"elementor-heading-title elementor-size-default\">Ti\u00eau \u0111\u1ec1 29 Mi\u1ec5n h\u1ecdc ph\u00ed trong ti\u1ec3u bang<\/h2>\t\t\t\t<\/div>\n\t\t\t\t<\/div>\n\t\t\t\t<div class=\"elementor-element elementor-element-12ddf68 intro elementor-widget elementor-widget-text-editor\" data-id=\"12ddf68\" data-element_type=\"widget\" data-widget_type=\"text-editor.default\">\n\t\t\t\t<div class=\"elementor-widget-container\">\n\t\t\t\t\t\t\t\t\t<p>Quy\u1ec1n l\u1ee3i mi\u1ec5n gi\u1ea3m h\u1ecdc ph\u00ed trong ti\u1ec3u bang theo \u0110\u1ea1o lu\u1eadt 29 c\u1ee7a Louisiana cung c\u1ea5p h\u1ed7 tr\u1ee3 gi\u00e1o d\u1ee5c cho con c\u00e1i, v\u1ee3\/ch\u1ed3ng v\u00e0 v\u1ee3\/ch\u1ed3ng c\u00f2n s\u1ed1ng c\u1ee7a c\u1ef1u chi\u1ebfn binh \u0111\u00e1p \u1ee9ng m\u1ed9t s\u1ed1 y\u00eau c\u1ea7u nh\u1ea5t \u0111\u1ecbnh. Quy\u1ec1n l\u1ee3i \u0110\u1ea1o lu\u1eadt 29 c\u00f3 th\u1ec3 \u0111\u01b0\u1ee3c s\u1eed d\u1ee5ng k\u1ebft h\u1ee3p v\u1edbi <a href=\"\/vi\/giao-duc\/du-luat-gi\/\">D\u1ef1 lu\u1eadt GI<sup>\u00ae<\/sup> nh\u1eefng l\u1ee3i \u00edch<\/a>, v\u00e0 h\u01a1n 4.200 ng\u01b0\u1eddi ph\u1ee5 thu\u1ed9c l\u00e0 c\u1ef1u chi\u1ebfn binh hi\u1ec7n \u0111ang nh\u1eadn tr\u1ee3 c\u1ea5p theo Quy \u0111\u1ecbnh 29.<\/p>\t\t\t\t\t\t\t\t<\/div>\n\t\t\t\t<\/div>\n\t\t\t\t<\/div>\n\t\t<div class=\"elementor-element elementor-element-a6ca14c e-con-full e-flex e-con e-child\" data-id=\"a6ca14c\" data-element_type=\"container\">\n\t\t\t\t<div class=\"elementor-element elementor-element-547f59c elementor-widget elementor-widget-heading\" data-id=\"547f59c\" data-element_type=\"widget\" data-widget_type=\"heading.default\">\n\t\t\t\t<div class=\"elementor-widget-container\">\n\t\t\t\t\t<h2 class=\"elementor-heading-title elementor-size-default\">Y\u00eau c\u1ea7u v\u1ec1 \u0111i\u1ec1u ki\u1ec7n v\u00e0 c\u01b0 tr\u00fa<\/h2>\t\t\t\t<\/div>\n\t\t\t\t<\/div>\n\t\t\t\t<div class=\"elementor-element elementor-element-7a424d1 intro elementor-widget elementor-widget-text-editor\" data-id=\"7a424d1\" data-element_type=\"widget\" data-widget_type=\"text-editor.default\">\n\t\t\t\t<div class=\"elementor-widget-container\">\n\t\t\t\t\t\t\t\t\t<p>V\u00ec <a href=\"\/wp-content\/uploads\/2025\/06\/Title29EligReqsLiving.pdf\" target=\"_blank\" rel=\"noopener\">c\u1ef1u chi\u1ebfn binh c\u00f2n s\u1ed1ng<\/a>, tr\u1ebb em \u0111\u1ee7 \u0111i\u1ec1u ki\u1ec7n; \u0111\u1ed1i v\u1edbi c\u1ef1u chi\u1ebfn binh l\u00e0 t\u00f9 binh chi\u1ebfn tranh\/m\u1ea5t t\u00edch trong chi\u1ebfn tranh, v\u1ee3\/ch\u1ed3ng \u0111\u1ee7 \u0111i\u1ec1u ki\u1ec7n; v\u00e0 \u0111\u1ed1i v\u1edbi <a href=\"\/wp-content\/uploads\/2025\/06\/Title29EligReqsDeceased.pdf\" target=\"_blank\" rel=\"noopener\">c\u1ef1u chi\u1ebfn binh \u0111\u00e3 khu\u1ea5t<\/a>, V\u1ee3\/ch\u1ed3ng v\u00e0 con c\u00e1i c\u00f2n s\u1ed1ng \u0111\u1ec1u \u0111\u1ee7 \u0111i\u1ec1u ki\u1ec7n. \u0110i\u1ec1u ki\u1ec7n tham gia kh\u00e1c nhau \u0111\u1ed1i v\u1edbi c\u1ef1u chi\u1ebfn binh c\u00f2n s\u1ed1ng v\u00e0 \u0111\u00e3 m\u1ea5t.<\/p><p>\u0110i\u1ec1u ki\u1ec7n \u0111\u1ec3 \u0111\u01b0\u1ee3c h\u01b0\u1edfng c\u00e1c ph\u00fac l\u1ee3i gi\u00e1o d\u1ee5c theo Ti\u00eau \u0111\u1ec1 29 c\u0169ng y\u00eau c\u1ea7u c\u00e1c c\u1ef1u chi\u1ebfn binh ph\u1ea3i \u0111\u00e1p \u1ee9ng <a href=\"https:\/\/vetaffairs.la.gov\/wp-content\/uploads\/2025\/09\/Title29ResidencyReqs.pdf\" target=\"_blank\" rel=\"noopener\">y\u00eau c\u1ea7u c\u01b0 tr\u00fa<\/a>.<\/p>\t\t\t\t\t\t\t\t<\/div>\n\t\t\t\t<\/div>\n\t\t\t\t<\/div>\n\t\t<div class=\"elementor-element elementor-element-4ba626c e-con-full e-flex e-con e-child\" data-id=\"4ba626c\" data-element_type=\"container\">\n\t\t\t\t<div class=\"elementor-element elementor-element-a008e52 elementor-widget elementor-widget-heading\" data-id=\"a008e52\" data-element_type=\"widget\" data-widget_type=\"heading.default\">\n\t\t\t\t<div class=\"elementor-widget-container\">\n\t\t\t\t\t<h2 class=\"elementor-heading-title elementor-size-default\">C\u00e1ch n\u1ed9p \u0111\u01a1n<\/h2>\t\t\t\t<\/div>\n\t\t\t\t<\/div>\n\t\t\t\t<div class=\"elementor-element elementor-element-9d35b09 intro elementor-widget elementor-widget-text-editor\" data-id=\"9d35b09\" data-element_type=\"widget\" data-widget_type=\"text-editor.default\">\n\t\t\t\t<div class=\"elementor-widget-container\">\n\t\t\t\t\t\t\t\t\t<p>\u0110\u1ec3 \u00e1p d\u1ee5ng, h\u00e3y li\u00ean h\u1ec7 v\u1edbi <a href=\"\/vi\/dia-diem\/\">v\u0103n ph\u00f2ng d\u1ecbch v\u1ee5 c\u1ef1u chi\u1ebfn binh gi\u00e1o x\u1ee9<\/a> \u0111\u1ec3 \u0111\u1eb7t l\u1ecbch h\u1eb9n v\u1edbi c\u1ed1 v\u1ea5n h\u1ed7 tr\u1ee3 c\u1ef1u chi\u1ebfn binh. VAC c\u1ee7a ch\u00fang t\u00f4i s\u1ebd cho b\u1ea1n bi\u1ebft nh\u1eefng g\u00ec b\u1ea1n c\u1ea7n mang theo \u0111\u1ebfn bu\u1ed5i h\u1eb9n, t\u1ea1i th\u1eddi \u0111i\u1ec3m \u0111\u00f3, c\u1ed1 v\u1ea5n h\u1ed7 tr\u1ee3 c\u1ef1u chi\u1ebfn binh s\u1ebd x\u00e1c \u0111\u1ecbnh t\u00ednh \u0111\u1ee7 \u0111i\u1ec1u ki\u1ec7n v\u00e0 ch\u1ea5p thu\u1eadn ho\u1eb7c t\u1eeb ch\u1ed1i \u0111\u01a1n \u0111\u0103ng k\u00fd. N\u1ebfu \u0111\u01a1n \u0111\u0103ng k\u00fd \u0111\u01b0\u1ee3c ch\u1ea5p thu\u1eadn, VAC s\u1ebd g\u1eedi gi\u1ea5y ch\u1ee9ng nh\u1eadn \u0111\u1ebfn tr\u1ee5 s\u1edf LDVA \u0111\u1ec3 x\u1eed l\u00fd. Gi\u1ea5y ch\u1ee9ng nh\u1eadn sau \u0111\u00f3 s\u1ebd \u0111\u01b0\u1ee3c g\u1eedi qua \u0111\u01b0\u1eddng b\u01b0u \u0111i\u1ec7n \u0111\u1ebfn h\u1ecdc sinh, v\u00e0 h\u1ecdc sinh ph\u1ea3i mang \u0111\u1ebfn v\u0103n ph\u00f2ng h\u00e0nh ch\u00ednh c\u1ee7a tr\u01b0\u1eddng, n\u01a1i x\u1eed l\u00fd Quy \u0111\u1ecbnh 29.<\/p>\t\t\t\t\t\t\t\t<\/div>\n\t\t\t\t<\/div>\n\t\t\t\t<\/div>\n\t\t\t\t\t<\/div>\n\t\t\t\t<\/div>\n\t\t\t\t<\/div>","protected":false},"excerpt":{"rendered":"<p>Ch\u01b0\u01a1ng tr\u00ecnh mi\u1ec5n h\u1ecdc ph\u00ed n\u1ed9i bang theo \u0110i\u1ec1u 29 c\u1ee7a Louisiana cung c\u1ea5p h\u1ed7 tr\u1ee3 gi\u00e1o d\u1ee5c cho con c\u00e1i, v\u1ee3\/ch\u1ed3ng v\u00e0 ng\u01b0\u1eddi th\u00e2n c\u00f2n s\u1ed1ng\u2026<\/p>","protected":false},"author":2,"featured_media":0,"parent":35,"menu_order":0,"comment_status":"closed","ping_status":"closed","template":"","meta":{"_acf_changed":false,"footnotes":"","_links_to":"","_links_to_target":""},"class_list":["post-6199","page","type-page","status-publish","hentry"],"acf":[],"_links":{"self":[{"href":"https:\/\/vetaffairs.la.gov\/vi\/wp-json\/wp\/v2\/pages\/6199","targetHints":{"allow":["GET"]}}],"collection":[{"href":"https:\/\/vetaffairs.la.gov\/vi\/wp-json\/wp\/v2\/pages"}],"about":[{"href":"https:\/\/vetaffairs.la.gov\/vi\/wp-json\/wp\/v2\/types\/page"}],"author":[{"embeddable":true,"href":"https:\/\/vetaffairs.la.gov\/vi\/wp-json\/wp\/v2\/users\/2"}],"replies":[{"embeddable":true,"href":"https:\/\/vetaffairs.la.gov\/vi\/wp-json\/wp\/v2\/comments?post=6199"}],"version-history":[{"count":0,"href":"https:\/\/vetaffairs.la.gov\/vi\/wp-json\/wp\/v2\/pages\/6199\/revisions"}],"up":[{"embeddable":true,"href":"https:\/\/vetaffairs.la.gov\/vi\/wp-json\/wp\/v2\/pages\/35"}],"wp:attachment":[{"href":"https:\/\/vetaffairs.la.gov\/vi\/wp-json\/wp\/v2\/media?parent=6199"}],"curies":[{"name":"wp","href":"https:\/\/api.w.org\/{rel}","templated":true}]}}