{"id":61,"date":"2025-02-24T15:38:19","date_gmt":"2025-02-24T21:38:19","guid":{"rendered":"https:\/\/veteran-affairs-louisiana.local\/?page_id=61"},"modified":"2026-04-06T16:16:18","modified_gmt":"2026-04-06T21:16:18","slug":"lien-bang","status":"publish","type":"page","link":"https:\/\/vetaffairs.la.gov\/vi\/benefits\/federal","title":{"rendered":"L\u1ee3i \u00edch li\u00ean bang"},"content":{"rendered":"<div data-elementor-type=\"wp-page\" data-elementor-id=\"61\" class=\"elementor elementor-61\" data-elementor-post-type=\"page\">\n\t\t\t\t<div class=\"elementor-element elementor-element-b064650 e-flex e-con-boxed e-con e-parent\" data-id=\"b064650\" data-element_type=\"container\">\n\t\t\t\t\t<div class=\"e-con-inner\">\n\t\t\t\t<div class=\"elementor-element elementor-element-3a4931f intro elementor-widget elementor-widget-text-editor\" data-id=\"3a4931f\" data-element_type=\"widget\" data-widget_type=\"text-editor.default\">\n\t\t\t\t<div class=\"elementor-widget-container\">\n\t\t\t\t\t\t\t\t\t<p>Theo <a href=\"https:\/\/www.va.gov\/\" target=\"_blank\" rel=\"noopener\">B\u1ed9 C\u1ef1u chi\u1ebfn binh Hoa K\u1ef3<\/a>, Louisiana l\u00e0 n\u01a1i sinh s\u1ed1ng c\u1ee7a h\u01a1n 261.000 c\u1ef1u chi\u1ebfn binh v\u00e0 gia \u0111\u00ecnh c\u1ee7a h\u1ecd. M\u1eb7c d\u00f9 vai tr\u00f2 c\u1ee7a B\u1ed9 C\u1ef1u chi\u1ebfn binh Li\u00ean bang (VA) v\u00e0 S\u1edf C\u1ef1u chi\u1ebfn binh Louisiana (LDVA) kh\u00e1c nhau, nh\u01b0ng s\u1ee9 m\u1ec7nh ph\u1ee5c v\u1ee5 nh\u1eefng ng\u01b0\u1eddi \u0111\u00e3 ph\u1ee5c v\u1ee5 \u0111\u1ea5t n\u01b0\u1edbc v\u1eabn kh\u00f4ng thay \u0111\u1ed5i.<\/p><p>T\u1ea5t c\u1ea3 c\u00e1c quy\u1ec1n l\u1ee3i, c\u1ea3 li\u00ean bang v\u00e0 ti\u1ec3u bang, \u0111\u1ec1u c\u00f3 th\u1ec3 \u0111\u01b0\u1ee3c ti\u1ebfp c\u1eadn th\u00f4ng qua m\u1ed9t trong nh\u1eefng c\u1ed1 v\u1ea5n h\u1ed7 tr\u1ee3 c\u1ef1u chi\u1ebfn binh (VAC) \u0111\u01b0\u1ee3c VA li\u00ean bang c\u00f4ng nh\u1eadn c\u1ee7a ch\u00fang t\u00f4i. C\u00e1c VAC c\u1ee7a ch\u00fang t\u00f4i cung c\u1ea5p t\u1ea5t c\u1ea3 c\u00e1c d\u1ecbch v\u1ee5, bao g\u1ed3m c\u1ea3 vi\u1ec7c n\u1ed9p \u0111\u01a1n y\u00eau c\u1ea7u tr\u1ee3 c\u1ea5p thay m\u1eb7t c\u1ef1u chi\u1ebfn binh l\u00ean VA li\u00ean bang, ho\u00e0n to\u00e0n mi\u1ec5n ph\u00ed.<\/p><p>C\u1ef1u chi\u1ebfn binh c\u00f3 th\u1ec3 t\u00ecm th\u00eam th\u00f4ng tin v\u1ec1 c\u00e1c ph\u00fac l\u1ee3i VA li\u00ean bang b\u1ed5 sung b\u1eb1ng c\u00e1ch <a href=\"\/vi\/dia-diem\/\">t\u00ecm m\u1ed9t trong nh\u1eefng VAC c\u1ee7a ch\u00fang t\u00f4i<\/a> ho\u1eb7c b\u1eb1ng c\u00e1ch truy c\u1eadp <a href=\"http:\/\/va.gov\" target=\"_blank\" rel=\"noopener\">va.gov<\/a>.<\/p>\t\t\t\t\t\t\t\t<\/div>\n\t\t\t\t<\/div>\n\t\t\t\t<div class=\"elementor-element elementor-element-5a703b8 elementor-widget elementor-widget-ada_collapsible\" data-id=\"5a703b8\" data-element_type=\"widget\" data-widget_type=\"ada_collapsible.default\">\n\t\t\t\t<div class=\"elementor-widget-container\">\n\t\t\t\t\t        <div class=\"clps-wrapper\"> \r\n                            <div class=\"clps\">\r\n                    <button class=\"clps-trigger\" aria-expanded=\"false\">Quy\u1ec1n l\u1ee3i c\u1ee7a c\u1ef1u chi\u1ebfn binh<\/button>\r\n                    <div class=\"clps-body\"><p>C\u00e1c <a href=\"https:\/\/department.va.gov\/wp-content\/uploads\/2024\/12\/2025-Federal-Benefits-for-Veterans-Dependents-and-Survivors.pdf\" target=\"_blank\" rel=\"noopener\">H\u01b0\u1edbng d\u1eabn v\u1ec1 ph\u00fac l\u1ee3i li\u00ean bang n\u0103m 2025<\/a> cung c\u1ea5p th\u00f4ng tin v\u1ec1 c\u00e1c quy\u1ec1n l\u1ee3i v\u00e0 d\u1ecbch v\u1ee5 hi\u1ec7n c\u00f3 theo lu\u1eadt v\u00e0 quy \u0111\u1ecbnh, bao g\u1ed3m danh s\u00e1ch \u0111\u1ea7y \u0111\u1ee7 s\u1ed1 \u0111i\u1ec7n tho\u1ea1i v\u00e0 trang web c\u1ee7a c\u00e1c d\u1ecbch v\u1ee5 thu\u1ed9c B\u1ed9 C\u1ef1u chi\u1ebfn binh Hoa K\u1ef3.<\/p><\/div>\r\n                <\/div>\r\n                                <div class=\"clps\">\r\n                    <button class=\"clps-trigger\" aria-expanded=\"false\">L\u1ee3i \u00edch v\u1ec1 gi\u00e1o d\u1ee5c v\u00e0 \u0111\u00e0o t\u1ea1o<\/button>\r\n                    <div class=\"clps-body\"><p>C\u00e1c <a href=\"https:\/\/www.benefits.va.gov\/gibill\/\" target=\"_blank\" rel=\"noopener\">tr\u1ee3 c\u1ea5p gi\u00e1o d\u1ee5c c\u1ee7a C\u1ee5c C\u1ef1u chi\u1ebfn binh Li\u00ean bang (VA)<\/a> H\u1ed7 tr\u1ee3 c\u1ef1u chi\u1ebfn binh v\u00e0 c\u00e1c th\u00e0nh vi\u00ean gia \u0111\u00ecnh c\u1ee7a h\u1ecd theo \u0111u\u1ed5i m\u1ee5c ti\u00eau gi\u00e1o d\u1ee5c v\u00e0 \u0111\u00e0o t\u1ea1o th\u00f4ng qua c\u00e1c quy\u1ec1n l\u1ee3i nh\u01b0 sau: <a href=\"\/vi\/giao-duc\/du-luat-gi\/\">D\u1ef1 lu\u1eadt GI<sup>\u00ae<\/sup><\/a> V\u00e0 <a href=\"https:\/\/www.benefits.va.gov\/vocrehab\/index.asp\" target=\"_blank\" rel=\"noopener\">S\u1ef1 s\u1eb5n s\u00e0ng v\u00e0 vi\u1ec7c l\u00e0m c\u1ee7a c\u1ef1u chi\u1ebfn binh<\/a>. C\u00e1c c\u1ed1 v\u1ea5n h\u1ed7 tr\u1ee3 c\u1ef1u chi\u1ebfn binh c\u1ee7a LDVA c\u00f3 th\u1ec3 gi\u00fap c\u1ef1u chi\u1ebfn binh ho\u1eb7c th\u00e0nh vi\u00ean gia \u0111\u00ecnh n\u1ed9p \u0111\u01a1n, v\u00e0 b\u1ea1n c\u00f3 th\u1ec3 nh\u1eadn \u0111\u01b0\u1ee3c th\u00eam th\u00f4ng tin b\u1eb1ng c\u00e1ch g\u1ecdi \u0111i\u1ec7n \u0111\u1ebfn GI Bill.<sup>\u00ae<\/sup> \u0110\u01b0\u1eddng d\u00e2y n\u00f3ng t\u1ea1i <a href=\"tel:8884424551\">888.GIBILL.1<\/a> (<a href=\"tel:8884424551\">888.442.4551<\/a>).<\/p><\/div>\r\n                <\/div>\r\n                                <div class=\"clps\">\r\n                    <button class=\"clps-trigger\" aria-expanded=\"false\">Quy\u1ec1n l\u1ee3i mai t\u00e1ng v\u00e0 t\u01b0\u1edfng ni\u1ec7m<\/button>\r\n                    <div class=\"clps-body\"><p><a href=\"https:\/\/www.va.gov\/burials-memorials\/\" target=\"_blank\" rel=\"noopener\">Tr\u1ee3 c\u1ea5p mai t\u00e1ng c\u1ee7a B\u1ed9 C\u1ef1u chi\u1ebfn binh Hoa K\u1ef3<\/a> C\u00f3 th\u1ec3 gi\u00fap c\u00e1c c\u1ef1u chi\u1ebfn binh v\u00e0 ng\u01b0\u1eddi th\u00e2n c\u1ee7a h\u1ecd l\u1eadp k\u1ebf ho\u1ea1ch v\u00e0 chi tr\u1ea3 cho vi\u1ec7c ch\u00f4n c\u1ea5t t\u1ea1i ngh\u0129a trang VA. Ng\u01b0\u1eddi th\u00e2n c\u0169ng c\u00f3 th\u1ec3 \u0111\u1eb7t mua c\u00e1c v\u1eadt ph\u1ea9m t\u01b0\u1edfng ni\u1ec7m \u0111\u1ec3 t\u00f4n vinh s\u1ef1 ph\u1ee5c v\u1ee5 c\u1ee7a c\u1ef1u chi\u1ebfn binh v\u00e0 \u0111\u1eb7t ch\u00fang t\u1ea1i ngh\u0129a trang t\u01b0 nh\u00e2n. <a href=\"\/vi\/dia-diem\/\">T\u00ecm m\u1ed9t trung t\u00e2m VAC g\u1ea7n b\u1ea1n<\/a> Nh\u1eadn \u0111\u01b0\u1ee3c s\u1ef1 h\u1ed7 tr\u1ee3 trong qu\u00e1 tr\u00ecnh n\u00e0y \u0111\u1ec3 \u0111\u1ea3m b\u1ea3o c\u1ef1u chi\u1ebfn binh, ho\u1eb7c v\u1ee3\/ch\u1ed3ng ho\u1eb7c ng\u01b0\u1eddi ph\u1ee5 thu\u1ed9c c\u1ee7a c\u1ef1u chi\u1ebfn binh, c\u00f3 m\u1ed9t n\u01a1i an ngh\u1ec9 cu\u1ed1i c\u00f9ng trang tr\u1ecdng v\u00e0 \u0111\u1ea7y t\u00f4n k\u00ednh.<\/p><\/div>\r\n                <\/div>\r\n                                <div class=\"clps\">\r\n                    <button class=\"clps-trigger\" aria-expanded=\"false\">Ch\u0103m s\u00f3c s\u1ee9c kh\u1ecfe<\/button>\r\n                    <div class=\"clps-body\"><p>C\u00e1c <a href=\"\/vi\/dia-diem\/\">C\u1ee5c C\u1ef1u chi\u1ebfn binh Li\u00ean bang (VA) cung c\u1ea5p d\u1ecbch v\u1ee5 ch\u0103m s\u00f3c s\u1ee9c kh\u1ecfe.<\/a> LDVA cung c\u1ea5p d\u1ecbch v\u1ee5 cho c\u00e1c c\u1ef1u chi\u1ebfn binh \u1edf Louisiana th\u00f4ng qua c\u00e1c trung t\u00e2m y t\u1ebf, ph\u00f2ng kh\u00e1m ngo\u1ea1i tr\u00fa c\u1ed9ng \u0111\u1ed3ng (CBOC) v\u00e0 trung t\u00e2m c\u1ef1u chi\u1ebfn binh. LDVA kh\u00f4ng tr\u1ef1c ti\u1ebfp qu\u1ea3n l\u00fd ch\u0103m s\u00f3c s\u1ee9c kh\u1ecfe; tuy nhi\u00ean, nh\u00e2n vi\u00ean c\u1ee7a ch\u00fang t\u00f4i c\u00f3 th\u1ec3 gi\u1edbi thi\u1ec7u c\u00e1c c\u1ef1u chi\u1ebfn binh \u0111\u1ebfn m\u1ed9t trong ba trung t\u00e2m y t\u1ebf VA c\u1ee7a Louisiana.<\/p><h2>Trung t\u00e2m Y t\u1ebf VA Alexandria<\/h2><ul><li>2495 \u0110\u01b0\u1eddng cao t\u1ed1c Shreveport, Pineville, LA 71360<\/li><li><a href=\"tel:3184730010\">318.473.0010<\/a><\/li><\/ul><h2>H\u1ec7 th\u1ed1ng ch\u0103m s\u00f3c s\u1ee9c kh\u1ecfe \u0110\u00f4ng Nam Louisiana (Trung t\u00e2m y t\u1ebf VA New Orleans)<\/h2><ul><li>2400 \u0110\u01b0\u1eddng Canal, New Orleans, LA 70119<\/li><li><a href=\"tel:8009358387\">800.935.8387<\/a><\/li><\/ul><h2>Trung t\u00e2m Y t\u1ebf Overton Brooks VA<\/h2><ul><li>510 E. Stoner Ave., Shreveport, LA 71101<\/li><li><a href=\"tel:3182218411\">318.221.8411<\/a><\/li><\/ul><p>\u0110\u1ec3 t\u00ecm ph\u00f2ng kh\u00e1m ngo\u1ea1i tr\u00fa ho\u1eb7c trung t\u00e2m th\u00fa y c\u1ed9ng \u0111\u1ed3ng, h\u00e3y truy c\u1eadp <a href=\"https:\/\/www.va.gov\/find-locations\/?facilityType=health\" target=\"_blank\" rel=\"noopener\">Danh b\u1ea1 c\u1ee7a C\u1ee5c C\u1ef1u chi\u1ebfn binh Li\u00ean bang<\/a>.\u00a0<\/p><\/div>\r\n                <\/div>\r\n                            \r\n        <\/div>\r\n        \t\t\t\t<\/div>\n\t\t\t\t<\/div>\n\t\t\t\t\t<\/div>\n\t\t\t\t<\/div>\n\t\t\t\t<\/div>","protected":false},"excerpt":{"rendered":"<p>Theo B\u1ed9 C\u1ef1u chi\u1ebfn binh Hoa K\u1ef3, Louisiana l\u00e0 n\u01a1i sinh s\u1ed1ng c\u1ee7a h\u01a1n 261.000 c\u1ef1u chi\u1ebfn binh v\u00e0 gia \u0111\u00ecnh c\u1ee7a h\u1ecd. Trong khi\u2026<\/p>","protected":false},"author":7,"featured_media":0,"parent":34,"menu_order":0,"comment_status":"closed","ping_status":"closed","template":"","meta":{"_acf_changed":false,"footnotes":"","_links_to":"","_links_to_target":""},"class_list":["post-61","page","type-page","status-publish","hentry"],"acf":[],"_links":{"self":[{"href":"https:\/\/vetaffairs.la.gov\/vi\/wp-json\/wp\/v2\/pages\/61","targetHints":{"allow":["GET"]}}],"collection":[{"href":"https:\/\/vetaffairs.la.gov\/vi\/wp-json\/wp\/v2\/pages"}],"about":[{"href":"https:\/\/vetaffairs.la.gov\/vi\/wp-json\/wp\/v2\/types\/page"}],"author":[{"embeddable":true,"href":"https:\/\/vetaffairs.la.gov\/vi\/wp-json\/wp\/v2\/users\/7"}],"replies":[{"embeddable":true,"href":"https:\/\/vetaffairs.la.gov\/vi\/wp-json\/wp\/v2\/comments?post=61"}],"version-history":[{"count":0,"href":"https:\/\/vetaffairs.la.gov\/vi\/wp-json\/wp\/v2\/pages\/61\/revisions"}],"up":[{"embeddable":true,"href":"https:\/\/vetaffairs.la.gov\/vi\/wp-json\/wp\/v2\/pages\/34"}],"wp:attachment":[{"href":"https:\/\/vetaffairs.la.gov\/vi\/wp-json\/wp\/v2\/media?parent=61"}],"curies":[{"name":"wp","href":"https:\/\/api.w.org\/{rel}","templated":true}]}}