{"id":5964,"date":"2025-06-18T13:28:39","date_gmt":"2025-06-18T18:28:39","guid":{"rendered":"https:\/\/vetaffairs.la.gov\/?page_id=5964"},"modified":"2025-06-30T15:47:53","modified_gmt":"2025-06-30T20:47:53","slug":"du-luat-gi","status":"publish","type":"page","link":"https:\/\/vetaffairs.la.gov\/vi\/education\/gi-bill","title":{"rendered":"GI Bill\u00ae"},"content":{"rendered":"<div data-elementor-type=\"wp-page\" data-elementor-id=\"5964\" class=\"elementor elementor-5964\" data-elementor-post-type=\"page\">\n\t\t\t\t<div class=\"elementor-element elementor-element-e749f16 cemeteries-page e-flex e-con-boxed e-con e-parent\" data-id=\"e749f16\" data-element_type=\"container\">\n\t\t\t\t\t<div class=\"e-con-inner\">\n\t\t<div class=\"elementor-element elementor-element-eab95c4 e-con-full e-flex e-con e-child\" data-id=\"eab95c4\" data-element_type=\"container\">\n\t\t\t\t<div class=\"elementor-element elementor-element-0e2391d elementor-widget elementor-widget-heading\" data-id=\"0e2391d\" data-element_type=\"widget\" data-widget_type=\"heading.default\">\n\t\t\t\t<div class=\"elementor-widget-container\">\n\t\t\t\t\t<h2 class=\"elementor-heading-title elementor-size-default\">C\u01a1 quan ph\u00ea duy\u1ec7t c\u1ee7a ti\u1ec3u bang Louisiana<\/h2>\t\t\t\t<\/div>\n\t\t\t\t<\/div>\n\t\t\t\t<div class=\"elementor-element elementor-element-a444510 intro elementor-widget elementor-widget-text-editor\" data-id=\"a444510\" data-element_type=\"widget\" data-widget_type=\"text-editor.default\">\n\t\t\t\t<div class=\"elementor-widget-container\">\n\t\t\t\t\t\t\t\t\t<p>C\u01a1 quan ph\u00ea duy\u1ec7t c\u1ee7a ti\u1ec3u bang Louisiana (SAA) gi\u00fap so\u1ea1n th\u1ea3o \u0110\u1ea1o lu\u1eadt GI<sup>\u00ae<\/sup> l\u00e0m vi\u1ec7c v\u1edbi tr\u00e1ch nhi\u1ec7m th\u00fac \u0111\u1ea9y v\u00e0 b\u1ea3o v\u1ec7 c\u00e1c ch\u01b0\u01a1ng tr\u00ecnh gi\u00e1o d\u1ee5c v\u00e0 \u0111\u00e0o t\u1ea1o ch\u1ea5t l\u01b0\u1ee3ng cho c\u1ef1u chi\u1ebfn binh. Ngo\u00e0i ra, SAA \u0111\u1ea3m b\u1ea3o nhi\u1ec1u c\u01a1 h\u1ed9i gi\u00e1o d\u1ee5c v\u00e0 \u0111\u00e0o t\u1ea1o h\u01a1n cho c\u1ef1u chi\u1ebfn binh v\u00e0 b\u1ea3o v\u1ec7 t\u00ednh to\u00e0n v\u1eb9n c\u1ee7a \u0110\u1ea1o lu\u1eadt GI.<sup>\u00ae<\/sup>.<\/p><p>Nh\u00e2n vi\u00ean C\u01a1 quan ph\u00ea duy\u1ec7t c\u1ee7a ti\u1ec3u bang l\u00e0m vi\u1ec7c ch\u1eb7t ch\u1ebd v\u1edbi c\u00e1c t\u1ed5 ch\u1ee9c kh\u00e1c bao g\u1ed3m c\u00e1c c\u01a1 quan ch\u00ednh ph\u1ee7, Qu\u1ed1c h\u1ed9i, tr\u01b0\u1eddng h\u1ecdc v\u00e0 ng\u01b0\u1eddi s\u1eed d\u1ee5ng lao \u0111\u1ed9ng \u0111\u1ec3 x\u00e2y d\u1ef1ng \u0110\u1ea1o lu\u1eadt GI<sup>\u00ae<\/sup> ch\u01b0\u01a1ng tr\u00ecnh h\u1ed7 tr\u1ee3 gi\u00e1o d\u1ee5c t\u1ed1t nh\u1ea5t c\u00f3 th\u1ec3 d\u00e0nh cho c\u1ef1u chi\u1ebfn binh v\u00e0 gia \u0111\u00ecnh c\u1ee7a h\u1ecd trong ti\u1ec3u bang. \u0110\u1ed9i ng\u0169 c\u1ee7a ch\u00fang t\u00f4i \u01b0u ti\u00ean nh\u1eefng s\u1ef1 h\u1ee3p t\u00e1c n\u00e0y \u0111\u1ec3 cung c\u1ea5p cho c\u1ef1u chi\u1ebfn binh quy\u1ec1n ti\u1ebfp c\u1eadn c\u00e1c ch\u01b0\u01a1ng tr\u00ecnh \u0111\u01b0\u1ee3c qu\u1ea3n l\u00fd t\u1ed1t, c\u00f3 \u0111\u1ea1o \u0111\u1ee9c m\u00e0 h\u1ecd c\u00f3 th\u1ec3 tin t\u01b0\u1edfng \u0111\u1ec3 gi\u00fap h\u1ecd \u0111\u1ea1t \u0111\u01b0\u1ee3c m\u1ee5c ti\u00eau c\u1ee7a m\u00ecnh.<\/p>\t\t\t\t\t\t\t\t<\/div>\n\t\t\t\t<\/div>\n\t\t\t\t<\/div>\n\t\t<div class=\"elementor-element elementor-element-6326410 e-con-full e-flex e-con e-child\" data-id=\"6326410\" data-element_type=\"container\">\n\t\t\t\t<div class=\"elementor-element elementor-element-67f9c53 elementor-widget elementor-widget-heading\" data-id=\"67f9c53\" data-element_type=\"widget\" data-widget_type=\"heading.default\">\n\t\t\t\t<div class=\"elementor-widget-container\">\n\t\t\t\t\t<h2 class=\"elementor-heading-title elementor-size-default\">D\u1ef1 lu\u1eadt GI<sup>\u00ae<\/sup> \u1edf Louisiana<\/h2>\t\t\t\t<\/div>\n\t\t\t\t<\/div>\n\t\t\t\t<div class=\"elementor-element elementor-element-a18b4b9 intro elementor-widget elementor-widget-text-editor\" data-id=\"a18b4b9\" data-element_type=\"widget\" data-widget_type=\"text-editor.default\">\n\t\t\t\t<div class=\"elementor-widget-container\">\n\t\t\t\t\t\t\t\t\t<p>Hi\u1ec7n t\u1ea1i, c\u00f3 g\u1ea7n 260 c\u01a1 s\u1edf gi\u00e1o d\u1ee5c \u0111ang ho\u1ea1t \u0111\u1ed9ng t\u1ea1i Louisiana \u0111\u01b0\u1ee3c ch\u1ee9ng nh\u1eadn b\u1edfi nh\u00e2n vi\u00ean SAA, v\u1edbi h\u01a1n 10.700 c\u1ef1u chi\u1ebfn binh v\u00e0 ng\u01b0\u1eddi ph\u1ee5 thu\u1ed9c l\u00e0 c\u1ef1u chi\u1ebfn binh \u0111ang s\u1eed d\u1ee5ng c\u00e1c quy\u1ec1n l\u1ee3i GI Bill\u00ae c\u1ee7a h\u1ecd. Nh\u1eefng sinh vi\u00ean n\u00e0y mang v\u1ec1 h\u01a1n $196 tri\u1ec7u \u0111\u00f4 la li\u00ean bang t\u1eeb <a href=\"https:\/\/va.gov\" target=\"_blank\" rel=\"noopener\">B\u1ed9 C\u1ef1u chi\u1ebfn binh Hoa K\u1ef3<\/a>, \u0111\u00f3ng g\u00f3p v\u00e0o h\u00e0ng t\u1ef7 \u0111\u00f4 la m\u00e0 c\u00e1c c\u1ef1u chi\u1ebfn binh mang v\u1ec1 Louisiana h\u00e0ng n\u0103m.<\/p><p>\u0110\u1ec3 x\u00e1c \u0111\u1ecbnh c\u00e1c tr\u01b0\u1eddng h\u1ecdc \u0111ang t\u00edch c\u1ef1c ch\u1ea5p nh\u1eadn \u0110\u1ea1o lu\u1eadt GI<sup>\u00ae<\/sup> \u1edf Louisiana, s\u1eed d\u1ee5ng <a href=\"https:\/\/www.va.gov\/education\/gi-bill-comparison-tool\/\" target=\"_blank\" rel=\"noopener\">D\u1ef1 lu\u1eadt GI<sup>\u00ae<\/sup> c\u00f4ng c\u1ee5 so s\u00e1nh<\/a>. C\u00f4ng c\u1ee5 n\u00e0y cung c\u1ea5p t\u00f9y ch\u1ecdn t\u00ecm ki\u1ebfm theo t\u00ean v\u00e0 v\u1ecb tr\u00ed, c\u0169ng nh\u01b0 b\u1ed9 l\u1ecdc \u0111\u1ec3 h\u01b0\u1edbng d\u1eabn t\u00ecm ki\u1ebfm. C\u00e1c m\u1ee5c nh\u1eadp ri\u00eang l\u1ebb bao g\u1ed3m th\u00f4ng tin v\u1ec1 s\u1ed1 l\u01b0\u1ee3ng GI Bill<sup>\u00ae<\/sup> sinh vi\u00ean hi\u1ec7n \u0111ang theo h\u1ecdc t\u1ea1i \u0111\u1ecba \u0111i\u1ec3m \u0111\u00f3, ngo\u00e0i c\u00e1c ch\u01b0\u01a1ng tr\u00ecnh \u0111\u01b0\u1ee3c cung c\u1ea5p, c\u00e1c l\u1ee3i \u00edch \u01b0\u1edbc t\u00ednh v\u00e0 th\u00f4ng tin li\u00ean h\u1ec7.<\/p>\t\t\t\t\t\t\t\t<\/div>\n\t\t\t\t<\/div>\n\t\t\t\t<\/div>\n\t\t<div class=\"elementor-element elementor-element-6aa50bf e-con-full e-flex e-con e-child\" data-id=\"6aa50bf\" data-element_type=\"container\">\n\t\t\t\t<div class=\"elementor-element elementor-element-f297aa6 elementor-widget elementor-widget-heading\" data-id=\"f297aa6\" data-element_type=\"widget\" data-widget_type=\"heading.default\">\n\t\t\t\t<div class=\"elementor-widget-container\">\n\t\t\t\t\t<h2 class=\"elementor-heading-title elementor-size-default\">D\u1ef1 lu\u1eadt GI<sup>\u00ae<\/sup> C\u00e1c ch\u01b0\u01a1ng, ch\u01b0\u01a1ng tr\u00ecnh v\u00e0 c\u1ea5p ph\u00e9p v\u00e0 ch\u1ee9ng nh\u1eadn<\/h2>\t\t\t\t<\/div>\n\t\t\t\t<\/div>\n\t\t\t\t<div class=\"elementor-element elementor-element-e332c8f elementor-widget elementor-widget-heading\" data-id=\"e332c8f\" data-element_type=\"widget\" data-widget_type=\"heading.default\">\n\t\t\t\t<div class=\"elementor-widget-container\">\n\t\t\t\t\t<h3 class=\"elementor-heading-title elementor-size-default\">\u0110\u1ea1o lu\u1eadt GI sau ng\u00e0y 11\/9<sup>\u00ae<\/sup> (Ch\u01b0\u01a1ng 33)<\/h3>\t\t\t\t<\/div>\n\t\t\t\t<\/div>\n\t\t\t\t<div class=\"elementor-element elementor-element-36f4ea4 intro elementor-widget elementor-widget-text-editor\" data-id=\"36f4ea4\" data-element_type=\"widget\" data-widget_type=\"text-editor.default\">\n\t\t\t\t<div class=\"elementor-widget-container\">\n\t\t\t\t\t\t\t\t\t<p>D\u1ef1 lu\u1eadt GI sau ng\u00e0y 11\/9<sup>\u00ae<\/sup> l\u00e0 kho\u1ea3n tr\u1ee3 c\u1ea5p gi\u00e1o d\u1ee5c d\u00e0nh cho qu\u00e2n nh\u00e2n v\u00e0 c\u1ef1u chi\u1ebfn binh ph\u1ee5c v\u1ee5 t\u1ea1i ng\u0169 sau ng\u00e0y 10 th\u00e1ng 9 n\u0103m 2001. C\u00e1c kho\u1ea3n tr\u1ee3 c\u1ea5p \u0111\u01b0\u1ee3c tr\u1ea3 cho kh\u00f3a \u0111\u00e0o t\u1ea1o \u0111\u01b0\u1ee3c theo \u0111u\u1ed5i sau ng\u00e0y 1 th\u00e1ng 8 n\u0103m 2009. Kh\u00f4ng c\u00f3 kho\u1ea3n thanh to\u00e1n n\u00e0o \u0111\u01b0\u1ee3c th\u1ef1c hi\u1ec7n theo ch\u01b0\u01a1ng tr\u00ecnh n\u00e0y cho kh\u00f3a \u0111\u00e0o t\u1ea1o \u0111\u01b0\u1ee3c theo \u0111u\u1ed5i tr\u01b0\u1edbc ng\u00e0y \u0111\u00f3.<\/p>\t\t\t\t\t\t\t\t<\/div>\n\t\t\t\t<\/div>\n\t\t\t\t<div class=\"elementor-element elementor-element-a2a34b4 elementor-widget elementor-widget-heading\" data-id=\"a2a34b4\" data-element_type=\"widget\" data-widget_type=\"heading.default\">\n\t\t\t\t<div class=\"elementor-widget-container\">\n\t\t\t\t\t<h3 class=\"elementor-heading-title elementor-size-default\">D\u1ef1 lu\u1eadt Montgomery GI<sup>\u00ae<\/sup> (Ch\u01b0\u01a1ng 30)<\/h3>\t\t\t\t<\/div>\n\t\t\t\t<\/div>\n\t\t\t\t<div class=\"elementor-element elementor-element-a976f1c intro elementor-widget elementor-widget-text-editor\" data-id=\"a976f1c\" data-element_type=\"widget\" data-widget_type=\"text-editor.default\">\n\t\t\t\t<div class=\"elementor-widget-container\">\n\t\t\t\t\t\t\t\t\t<p>D\u1ef1 lu\u1eadt Montgomery GI<sup>\u00ae<\/sup> H\u1ed7 tr\u1ee3 sinh vi\u00ean nh\u1eadp ng\u0169 l\u1ea7n \u0111\u1ea7u sau ng\u00e0y 1 th\u00e1ng 7 n\u0103m 1985 v\u00e0 \u0111\u1ed3ng \u00fd gi\u1ea3m l\u01b0\u01a1ng $100 trong 12 th\u00e1ng. C\u1ef1u chi\u1ebfn binh ph\u1ea3i \u0111\u01b0\u1ee3c xu\u1ea5t ng\u0169 danh d\u1ef1, v\u00e0 qu\u00e2n nh\u00e2n t\u1ea1i ng\u0169 ph\u1ea3i ph\u1ee5c v\u1ee5 \u00edt nh\u1ea5t hai n\u0103m t\u1ea1i ng\u0169 m\u1edbi \u0111\u1ee7 \u0111i\u1ec1u ki\u1ec7n h\u01b0\u1edfng tr\u1ee3 c\u1ea5p.<\/p>\t\t\t\t\t\t\t\t<\/div>\n\t\t\t\t<\/div>\n\t\t\t\t<div class=\"elementor-element elementor-element-cceacf2 elementor-widget elementor-widget-heading\" data-id=\"cceacf2\" data-element_type=\"widget\" data-widget_type=\"heading.default\">\n\t\t\t\t<div class=\"elementor-widget-container\">\n\t\t\t\t\t<h3 class=\"elementor-heading-title elementor-size-default\">D\u1ef1 lu\u1eadt Montgomery GI<sup>\u00ae<\/sup> D\u1ef1 tr\u1eef \u0111\u01b0\u1ee3c ch\u1ecdn (MGIB-SR) (Ch\u01b0\u01a1ng 1606)<\/h3>\t\t\t\t<\/div>\n\t\t\t\t<\/div>\n\t\t\t\t<div class=\"elementor-element elementor-element-fe9da3f intro elementor-widget elementor-widget-text-editor\" data-id=\"fe9da3f\" data-element_type=\"widget\" data-widget_type=\"text-editor.default\">\n\t\t\t\t<div class=\"elementor-widget-container\">\n\t\t\t\t\t\t\t\t\t<p>D\u1ef1 lu\u1eadt Montgomery GI<sup>\u00ae<\/sup> Ch\u01b0\u01a1ng tr\u00ecnh D\u1ef1 b\u1ecb Ch\u1ecdn l\u1ecdc cung c\u1ea5p h\u1ed7 tr\u1ee3 t\u00e0i ch\u00ednh cho c\u00e1c th\u00e0nh vi\u00ean \u0111\u1ee7 \u0111i\u1ec1u ki\u1ec7n c\u1ee7a L\u1ef1c l\u01b0\u1ee3ng D\u1ef1 b\u1ecb Ch\u1ecdn l\u1ecdc, bao g\u1ed3m qu\u00e2n nh\u00e2n thu\u1ed9c L\u1ee5c qu\u00e2n, H\u1ea3i qu\u00e2n, Kh\u00f4ng qu\u00e2n, Th\u1ee7y qu\u00e2n L\u1ee5c chi\u1ebfn, L\u1ef1c l\u01b0\u1ee3ng D\u1ef1 b\u1ecb Tu\u1ea7n duy\u00ean v\u00e0 V\u1ec7 binh Qu\u1ed1c gia.<\/p>\t\t\t\t\t\t\t\t<\/div>\n\t\t\t\t<\/div>\n\t\t\t\t<div class=\"elementor-element elementor-element-22a7e48 elementor-widget elementor-widget-heading\" data-id=\"22a7e48\" data-element_type=\"widget\" data-widget_type=\"heading.default\">\n\t\t\t\t<div class=\"elementor-widget-container\">\n\t\t\t\t\t<h3 class=\"elementor-heading-title elementor-size-default\">S\u1eb5n s\u00e0ng v\u00e0 Vi\u1ec7c l\u00e0m cho C\u1ef1u chi\u1ebfn binh (VR&amp;E) (Ch\u01b0\u01a1ng 31)\n<\/h3>\t\t\t\t<\/div>\n\t\t\t\t<\/div>\n\t\t\t\t<div class=\"elementor-element elementor-element-56845f2 intro elementor-widget elementor-widget-text-editor\" data-id=\"56845f2\" data-element_type=\"widget\" data-widget_type=\"text-editor.default\">\n\t\t\t\t<div class=\"elementor-widget-container\">\n\t\t\t\t\t\t\t\t\t<p>Ch\u01b0\u01a1ng tr\u00ecnh S\u1eb5n s\u00e0ng v\u00e0 Vi\u1ec7c l\u00e0m cho C\u1ef1u chi\u1ebfn binh (VR&amp;E) l\u00e0 m\u1ed9t ch\u01b0\u01a1ng tr\u00ecnh \u0111\u01b0\u1ee3c thi\u1ebft k\u1ebf \u0111\u1ec3 h\u1ed7 tr\u1ee3 c\u1ef1u chi\u1ebfn binh b\u1ecb khuy\u1ebft t\u1eadt do ph\u1ee5c v\u1ee5 trong qu\u00e2n \u0111\u1ed9i \u0111\u1ea1t \u0111\u01b0\u1ee3c vi\u1ec7c l\u00e0m ph\u00f9 h\u1ee3p v\u00e0 s\u1ef1 \u0111\u1ed9c l\u1eadp. Ch\u01b0\u01a1ng tr\u00ecnh cung c\u1ea5p c\u00e1c d\u1ecbch v\u1ee5 nh\u01b0 \u0111\u00e0o t\u1ea1o ngh\u1ec1, t\u01b0 v\u1ea5n v\u00e0 h\u1ed7 tr\u1ee3 gi\u00e1o d\u1ee5c, v\u00e0 c\u00f3 th\u1ec3 \u0111\u01b0\u1ee3c s\u1eed d\u1ee5ng c\u00f9ng v\u1edbi c\u00e1c ph\u00fac l\u1ee3i kh\u00e1c nh\u01b0 \u0110\u1ea1o lu\u1eadt GI.<sup>\u00ae<\/sup>.<\/p>\t\t\t\t\t\t\t\t<\/div>\n\t\t\t\t<\/div>\n\t\t\t\t<div class=\"elementor-element elementor-element-5c7ee36 elementor-widget elementor-widget-heading\" data-id=\"5c7ee36\" data-element_type=\"widget\" data-widget_type=\"heading.default\">\n\t\t\t\t<div class=\"elementor-widget-container\">\n\t\t\t\t\t<h3 class=\"elementor-heading-title elementor-size-default\">Gi\u00e1o d\u1ee5c cho ng\u01b0\u1eddi s\u1ed1ng s\u00f3t v\u00e0 ng\u01b0\u1eddi ph\u1ee5 thu\u1ed9c (Ch\u01b0\u01a1ng 35)\n<\/h3>\t\t\t\t<\/div>\n\t\t\t\t<\/div>\n\t\t\t\t<div class=\"elementor-element elementor-element-dc3b79b intro elementor-widget elementor-widget-text-editor\" data-id=\"dc3b79b\" data-element_type=\"widget\" data-widget_type=\"text-editor.default\">\n\t\t\t\t<div class=\"elementor-widget-container\">\n\t\t\t\t\t\t\t\t\t<p>Tr\u1ee3 c\u1ea5p gi\u00e1o d\u1ee5c cho ng\u01b0\u1eddi s\u1ed1ng s\u00f3t v\u00e0 ng\u01b0\u1eddi ph\u1ee5 thu\u1ed9c cung c\u1ea5p c\u01a1 h\u1ed9i gi\u00e1o d\u1ee5c v\u00e0 \u0111\u00e0o t\u1ea1o cho ng\u01b0\u1eddi ph\u1ee5 thu\u1ed9c c\u1ee7a c\u1ef1u chi\u1ebfn binh b\u1ecb t\u00e0n t\u1eadt v\u0129nh vi\u1ec5n v\u00e0 to\u00e0n b\u1ed9 do t\u00ecnh tr\u1ea1ng li\u00ean quan \u0111\u1ebfn ngh\u0129a v\u1ee5 qu\u00e2n s\u1ef1, ho\u1eb7c t\u1eed vong khi \u0111ang l\u00e0m nhi\u1ec7m v\u1ee5 ho\u1eb7c do t\u00ecnh tr\u1ea1ng li\u00ean quan \u0111\u1ebfn ngh\u0129a v\u1ee5 qu\u00e2n s\u1ef1.<\/p>\t\t\t\t\t\t\t\t<\/div>\n\t\t\t\t<\/div>\n\t\t\t\t<div class=\"elementor-element elementor-element-36c592a elementor-widget elementor-widget-heading\" data-id=\"36c592a\" data-element_type=\"widget\" data-widget_type=\"heading.default\">\n\t\t\t\t<div class=\"elementor-widget-container\">\n\t\t\t\t\t<h3 class=\"elementor-heading-title elementor-size-default\">Ch\u01b0\u01a1ng tr\u00ecnh H\u1ecdc ngh\u1ec1 v\u00e0 \u0110\u00e0o t\u1ea1o t\u1ea1i n\u01a1i l\u00e0m vi\u1ec7c (OJT)\n<\/h3>\t\t\t\t<\/div>\n\t\t\t\t<\/div>\n\t\t\t\t<div class=\"elementor-element elementor-element-335ff97 intro elementor-widget elementor-widget-text-editor\" data-id=\"335ff97\" data-element_type=\"widget\" data-widget_type=\"text-editor.default\">\n\t\t\t\t<div class=\"elementor-widget-container\">\n\t\t\t\t\t\t\t\t\t<p>Ch\u01b0\u01a1ng tr\u00ecnh H\u1ecdc ngh\u1ec1 v\u00e0 \u0110\u00e0o t\u1ea1o t\u1ea1i ch\u1ed7 (OJT) cung c\u1ea5p m\u1ed9t l\u1ef1a ch\u1ecdn thay th\u1ebf cho c\u00e1c ph\u00fac l\u1ee3i gi\u00e1o d\u1ee5c v\u00e0 \u0111\u00e0o t\u1ea1o. N\u1ebfu b\u1ea1n \u0111ang h\u1ecdc m\u1ed9t ngh\u1ec1 ho\u1eb7c k\u1ef9 n\u0103ng th\u00f4ng qua \u0111\u00e0o t\u1ea1o t\u1ea1i ch\u1ed7 ho\u1eb7c h\u1ecdc ngh\u1ec1, h\u00e3y t\u00ecm hi\u1ec3u c\u00e1ch GI Bill<sup>\u00ae<\/sup> C\u00e1c kho\u1ea3n tr\u1ee3 c\u1ea5p c\u00f3 th\u1ec3 gi\u00fap b\u1ea1n trang tr\u1ea3i chi ph\u00ed sinh ho\u1ea1t. V\u00e0 n\u1ebfu b\u1ea1n \u0111ang s\u1eed d\u1ee5ng \u0110\u1ea1o lu\u1eadt GI sau ng\u00e0y 11\/9<sup>\u00ae<\/sup> Ngo\u00e0i c\u00e1c ph\u00fac l\u1ee3i n\u00e0y, b\u1ea1n c\u0169ng c\u00f3 th\u1ec3 \u0111\u01b0\u1ee3c h\u1ed7 tr\u1ee3 ti\u1ec1n \u0111\u1ec3 mua s\u00e1ch v\u1edf v\u00e0 \u0111\u1ed3 d\u00f9ng c\u1ea7n thi\u1ebft cho qu\u00e1 tr\u00ecnh \u0111\u00e0o t\u1ea1o. H\u00e3y trao \u0111\u1ed5i v\u1edbi ch\u1ee7 lao \u0111\u1ed9ng n\u1ebfu b\u1ea1n quan t\u00e2m \u0111\u1ebfn ph\u00fac l\u1ee3i n\u00e0y.<\/p>\t\t\t\t\t\t\t\t<\/div>\n\t\t\t\t<\/div>\n\t\t\t\t<div class=\"elementor-element elementor-element-fd009dd elementor-widget elementor-widget-heading\" data-id=\"fd009dd\" data-element_type=\"widget\" data-widget_type=\"heading.default\">\n\t\t\t\t<div class=\"elementor-widget-container\">\n\t\t\t\t\t<h3 class=\"elementor-heading-title elementor-size-default\">C\u1ea5p ph\u00e9p v\u00e0 Ch\u1ee9ng nh\u1eadn<\/h3>\t\t\t\t<\/div>\n\t\t\t\t<\/div>\n\t\t\t\t<div class=\"elementor-element elementor-element-efd5898 intro elementor-widget elementor-widget-text-editor\" data-id=\"efd5898\" data-element_type=\"widget\" data-widget_type=\"text-editor.default\">\n\t\t\t\t<div class=\"elementor-widget-container\">\n\t\t\t\t\t\t\t\t\t<p>Vi\u1ec7c c\u1ea5p ph\u00e9p v\u00e0 ch\u1ee9ng nh\u1eadn c\u00f3 th\u1ec3 m\u1edf ra nh\u1eefng c\u00e1nh c\u1eeda m\u1edbi cho vi\u1ec7c l\u00e0m b\u1eb1ng c\u00e1ch \u0111\u01b0\u1ee3c c\u1ea5p ph\u00e9p ho\u1eb7c ch\u1ee9ng nh\u1eadn l\u00e0m th\u1ee3 m\u00e1y, k\u1ef9 thu\u1eadt vi\u00ean y t\u1ebf, lu\u1eadt s\u01b0 ho\u1eb7c c\u00e1c v\u1ecb tr\u00ed chuy\u00ean m\u00f4n kh\u00e1c. Th\u01b0\u1eddng \u0111\u01b0\u1ee3c y\u00eau c\u1ea7u khi l\u00e0m vi\u1ec7c trong m\u1ed9t s\u1ed1 l\u0129nh v\u1ef1c nh\u1ea5t \u0111\u1ecbnh, c\u00e1c b\u00e0i ki\u1ec3m tra n\u00e0y c\u00f3 th\u1ec3 \u0111\u1ee7 \u0111i\u1ec1u ki\u1ec7n \u0111\u01b0\u1ee3c ho\u00e0n tr\u1ea3 theo \u0110\u1ea1o lu\u1eadt GI Bill\u00ae.<\/p>\t\t\t\t\t\t\t\t<\/div>\n\t\t\t\t<\/div>\n\t\t\t\t<\/div>\n\t\t<div class=\"elementor-element elementor-element-952fb46 e-con-full e-flex e-con e-child\" data-id=\"952fb46\" data-element_type=\"container\">\n\t\t\t\t<div class=\"elementor-element elementor-element-984f7b0 elementor-widget elementor-widget-heading\" data-id=\"984f7b0\" data-element_type=\"widget\" data-widget_type=\"heading.default\">\n\t\t\t\t<div class=\"elementor-widget-container\">\n\t\t\t\t\t<h2 class=\"elementor-heading-title elementor-size-default\">\u0110\u1ec3 bi\u1ebft th\u00eam th\u00f4ng tin<\/h2>\t\t\t\t<\/div>\n\t\t\t\t<\/div>\n\t\t\t\t<div class=\"elementor-element elementor-element-f705dff intro elementor-widget elementor-widget-text-editor\" data-id=\"f705dff\" data-element_type=\"widget\" data-widget_type=\"text-editor.default\">\n\t\t\t\t<div class=\"elementor-widget-container\">\n\t\t\t\t\t\t\t\t\t<p>\u0110\u1ec3 bi\u1ebft th\u00eam th\u00f4ng tin v\u1ec1 GI Bill<sup>\u00ae<\/sup>, ho\u1eb7c \u0111\u1ec3 h\u1ecfi v\u1ec1 \u0111i\u1ec1u ki\u1ec7n \u0111\u1ee7 t\u01b0 c\u00e1ch ho\u1eb7c n\u1ed9p \u0111\u01a1n xin tr\u1ee3 c\u1ea5p gi\u00e1o d\u1ee5c li\u00ean bang, <a href=\"https:\/\/va.gov\" target=\"_blank\" rel=\"noopener\">\u0111\u1ecbnh v\u1ecb<\/a>\u00a0m\u1ed9t trong nh\u1eefng c\u1ed1 v\u1ea5n h\u1ed7 tr\u1ee3 c\u1ef1u chi\u1ebfn binh c\u1ee7a ch\u00fang t\u00f4i t\u1ea1i v\u0103n ph\u00f2ng d\u1ecbch v\u1ee5 c\u1ef1u chi\u1ebfn binh c\u1ee7a gi\u00e1o x\u1ee9.<\/p><p>D\u1ef1 lu\u1eadt GI<sup>\u00ae<\/sup> l\u00e0 nh\u00e3n hi\u1ec7u \u0111\u00e3 \u0111\u0103ng k\u00fd c\u1ee7a B\u1ed9 C\u1ef1u chi\u1ebfn binh Hoa K\u1ef3.<\/p>\t\t\t\t\t\t\t\t<\/div>\n\t\t\t\t<\/div>\n\t\t\t\t<\/div>\n\t\t\t\t\t<\/div>\n\t\t\t\t<\/div>\n\t\t\t\t<\/div>","protected":false},"excerpt":{"rendered":"<p>C\u01a1 quan ph\u00ea duy\u1ec7t c\u1ee7a ti\u1ec3u bang Louisiana (SAA) gi\u00fap ch\u01b0\u01a1ng tr\u00ecnh GI Bill\u00ae ho\u1ea1t \u0111\u1ed9ng hi\u1ec7u qu\u1ea3 v\u1edbi tr\u00e1ch nhi\u1ec7m th\u00fac \u0111\u1ea9y v\u00e0\u2026<\/p>","protected":false},"author":5,"featured_media":0,"parent":35,"menu_order":0,"comment_status":"closed","ping_status":"closed","template":"","meta":{"_acf_changed":false,"footnotes":"","_links_to":"","_links_to_target":""},"class_list":["post-5964","page","type-page","status-publish","hentry"],"acf":[],"_links":{"self":[{"href":"https:\/\/vetaffairs.la.gov\/vi\/wp-json\/wp\/v2\/pages\/5964","targetHints":{"allow":["GET"]}}],"collection":[{"href":"https:\/\/vetaffairs.la.gov\/vi\/wp-json\/wp\/v2\/pages"}],"about":[{"href":"https:\/\/vetaffairs.la.gov\/vi\/wp-json\/wp\/v2\/types\/page"}],"author":[{"embeddable":true,"href":"https:\/\/vetaffairs.la.gov\/vi\/wp-json\/wp\/v2\/users\/5"}],"replies":[{"embeddable":true,"href":"https:\/\/vetaffairs.la.gov\/vi\/wp-json\/wp\/v2\/comments?post=5964"}],"version-history":[{"count":0,"href":"https:\/\/vetaffairs.la.gov\/vi\/wp-json\/wp\/v2\/pages\/5964\/revisions"}],"up":[{"embeddable":true,"href":"https:\/\/vetaffairs.la.gov\/vi\/wp-json\/wp\/v2\/pages\/35"}],"wp:attachment":[{"href":"https:\/\/vetaffairs.la.gov\/vi\/wp-json\/wp\/v2\/media?parent=5964"}],"curies":[{"name":"wp","href":"https:\/\/api.w.org\/{rel}","templated":true}]}}