{"id":37,"date":"2025-02-24T14:44:36","date_gmt":"2025-02-24T20:44:36","guid":{"rendered":"https:\/\/veteran-affairs-louisiana.local\/?page_id=37"},"modified":"2025-12-10T14:47:23","modified_gmt":"2025-12-10T20:47:23","slug":"nghia-trang","status":"publish","type":"page","link":"https:\/\/vetaffairs.la.gov\/vi\/cemeteries","title":{"rendered":"Ngh\u0129a trang"},"content":{"rendered":"<div data-elementor-type=\"wp-page\" data-elementor-id=\"37\" class=\"elementor elementor-37\" data-elementor-post-type=\"page\">\n\t\t\t\t<div class=\"elementor-element elementor-element-fe67621 cemeteries-page e-flex e-con-boxed e-con e-parent\" data-id=\"fe67621\" data-element_type=\"container\">\n\t\t\t\t\t<div class=\"e-con-inner\">\n\t\t\t\t<div class=\"elementor-element elementor-element-5a59df9 elementor-widget elementor-widget-heading\" data-id=\"5a59df9\" data-element_type=\"widget\" data-widget_type=\"heading.default\">\n\t\t\t\t<div class=\"elementor-widget-container\">\n\t\t\t\t\t<span class=\"elementor-heading-title elementor-size-default\">Cung c\u1ea5p n\u01a1i an ngh\u1ec9 cu\u1ed1i c\u00f9ng danh d\u1ef1<\/span>\t\t\t\t<\/div>\n\t\t\t\t<\/div>\n\t\t\t\t<div class=\"elementor-element elementor-element-31eab85 elementor-widget elementor-widget-image\" data-id=\"31eab85\" data-element_type=\"widget\" data-widget_type=\"image.default\">\n\t\t\t\t<div class=\"elementor-widget-container\">\n\t\t\t\t\t\t\t\t\t\t\t\t\t\t\t<img decoding=\"async\" width=\"213\" height=\"25\" src=\"https:\/\/vetaffairs.la.gov\/wp-content\/uploads\/2025\/03\/star-pod-horizontal-with-dashed-line.svg\" class=\"attachment-medium_large size-medium_large wp-image-5402\" alt=\"\" \/>\t\t\t\t\t\t\t\t\t\t\t\t\t\t\t<\/div>\n\t\t\t\t<\/div>\n\t\t\t\t<div class=\"elementor-element elementor-element-958ef59 intro elementor-widget elementor-widget-text-editor\" data-id=\"958ef59\" data-element_type=\"widget\" data-widget_type=\"text-editor.default\">\n\t\t\t\t<div class=\"elementor-widget-container\">\n\t\t\t\t\t\t\t\t\t<p>S\u1edf C\u1ef1u chi\u1ebfn binh Louisiana qu\u1ea3n l\u00fd n\u0103m ngh\u0129a trang tr\u00ean to\u00e0n ti\u1ec3u bang. M\u1ed7i ngh\u0129a trang d\u00e0nh cho c\u1ef1u chi\u1ebfn binh \u0111\u1ec1u mang \u0111\u1ebfn m\u1ed9t m\u00f4i tr\u01b0\u1eddng \u0111\u1eb9p v\u00e0 y\u00ean t\u0129nh, n\u01a1i c\u00e1c c\u1ef1u chi\u1ebfn binh, v\u1ee3\/ch\u1ed3ng v\u00e0 con c\u00e1i c\u1ee7a h\u1ecd c\u00f3 th\u1ec3 an ngh\u1ec9 cu\u1ed1i c\u00f9ng. <\/p>\t\t\t\t\t\t\t\t<\/div>\n\t\t\t\t<\/div>\n\t\t<div class=\"elementor-element elementor-element-79f008f e-grid e-con-full buttons e-con e-child\" data-id=\"79f008f\" data-element_type=\"container\">\n\t\t\t\t<div class=\"elementor-element elementor-element-e590a3d elementor-align-justify elementor-widget elementor-widget-button\" data-id=\"e590a3d\" data-element_type=\"widget\" data-widget_type=\"button.default\">\n\t\t\t\t<div class=\"elementor-widget-container\">\n\t\t\t\t\t\t\t\t\t<div class=\"elementor-button-wrapper\">\n\t\t\t\t\t<a class=\"elementor-button elementor-button-link elementor-size-sm elementor-animation-grow\" href=\"\/vi\/nghia-trang\/nghia-trang-cuu-chien-binh-trung-tam-louisiana\/\">\n\t\t\t\t\t\t<span class=\"elementor-button-content-wrapper\">\n\t\t\t\t\t\t\t\t\t<span class=\"elementor-button-text\">Ngh\u0129a trang C\u1ef1u chi\u1ebfn binh Trung Louisiana \u1edf Leesville<\/span>\n\t\t\t\t\t<\/span>\n\t\t\t\t\t<\/a>\n\t\t\t\t<\/div>\n\t\t\t\t\t\t\t\t<\/div>\n\t\t\t\t<\/div>\n\t\t\t\t<div class=\"elementor-element elementor-element-287315d elementor-align-justify elementor-widget elementor-widget-button\" data-id=\"287315d\" data-element_type=\"widget\" data-widget_type=\"button.default\">\n\t\t\t\t<div class=\"elementor-widget-container\">\n\t\t\t\t\t\t\t\t\t<div class=\"elementor-button-wrapper\">\n\t\t\t\t\t<a class=\"elementor-button elementor-button-link elementor-size-sm elementor-animation-grow\" href=\"\/vi\/nghia-trang\/nghia-trang-cuu-chien-binh-dong-bac-louisiana\/\">\n\t\t\t\t\t\t<span class=\"elementor-button-content-wrapper\">\n\t\t\t\t\t\t\t\t\t<span class=\"elementor-button-text\">Ngh\u0129a trang C\u1ef1u chi\u1ebfn binh \u0110\u00f4ng B\u1eafc Louisiana \u1edf Rayville<\/span>\n\t\t\t\t\t<\/span>\n\t\t\t\t\t<\/a>\n\t\t\t\t<\/div>\n\t\t\t\t\t\t\t\t<\/div>\n\t\t\t\t<\/div>\n\t\t\t\t<div class=\"elementor-element elementor-element-837d350 elementor-align-justify elementor-widget elementor-widget-button\" data-id=\"837d350\" data-element_type=\"widget\" data-widget_type=\"button.default\">\n\t\t\t\t<div class=\"elementor-widget-container\">\n\t\t\t\t\t\t\t\t\t<div class=\"elementor-button-wrapper\">\n\t\t\t\t\t<a class=\"elementor-button elementor-button-link elementor-size-sm elementor-animation-grow\" href=\"\/vi\/nghia-trang\/nghia-trang-cuu-chien-binh-tay-bac-louisiana\/\">\n\t\t\t\t\t\t<span class=\"elementor-button-content-wrapper\">\n\t\t\t\t\t\t\t\t\t<span class=\"elementor-button-text\">Ngh\u0129a trang C\u1ef1u chi\u1ebfn binh T\u00e2y B\u1eafc Louisiana \u1edf Keithville<\/span>\n\t\t\t\t\t<\/span>\n\t\t\t\t\t<\/a>\n\t\t\t\t<\/div>\n\t\t\t\t\t\t\t\t<\/div>\n\t\t\t\t<\/div>\n\t\t\t\t<div class=\"elementor-element elementor-element-d8aaae4 elementor-align-justify elementor-widget elementor-widget-button\" data-id=\"d8aaae4\" data-element_type=\"widget\" data-widget_type=\"button.default\">\n\t\t\t\t<div class=\"elementor-widget-container\">\n\t\t\t\t\t\t\t\t\t<div class=\"elementor-button-wrapper\">\n\t\t\t\t\t<a class=\"elementor-button elementor-button-link elementor-size-sm elementor-animation-grow\" href=\"\/vi\/nghia-trang\/nghia-trang-cuu-chien-binh-dong-nam-louisiana\/\">\n\t\t\t\t\t\t<span class=\"elementor-button-content-wrapper\">\n\t\t\t\t\t\t\t\t\t<span class=\"elementor-button-text\">Ngh\u0129a trang C\u1ef1u chi\u1ebfn binh \u0110\u00f4ng Nam Louisiana \u1edf Slidell<\/span>\n\t\t\t\t\t<\/span>\n\t\t\t\t\t<\/a>\n\t\t\t\t<\/div>\n\t\t\t\t\t\t\t\t<\/div>\n\t\t\t\t<\/div>\n\t\t\t\t<\/div>\n\t\t<div class=\"elementor-element elementor-element-056efc0 e-con-full buttons e-flex e-con e-child\" data-id=\"056efc0\" data-element_type=\"container\" id=\"eligibility\">\n\t\t\t\t<div class=\"elementor-element elementor-element-53deeef elementor-align-center elementor-tablet-align-justify elementor-widget elementor-widget-button\" data-id=\"53deeef\" data-element_type=\"widget\" data-widget_type=\"button.default\">\n\t\t\t\t<div class=\"elementor-widget-container\">\n\t\t\t\t\t\t\t\t\t<div class=\"elementor-button-wrapper\">\n\t\t\t\t\t<a class=\"elementor-button elementor-button-link elementor-size-sm elementor-animation-grow\" href=\"\/vi\/nghia-trang\/nghia-trang-cuu-chien-binh-tay-nam-louisiana\/\">\n\t\t\t\t\t\t<span class=\"elementor-button-content-wrapper\">\n\t\t\t\t\t\t\t\t\t<span class=\"elementor-button-text\">Ngh\u0129a trang C\u1ef1u chi\u1ebfn binh T\u00e2y Nam Louisiana \u1edf Jennings<\/span>\n\t\t\t\t\t<\/span>\n\t\t\t\t\t<\/a>\n\t\t\t\t<\/div>\n\t\t\t\t\t\t\t\t<\/div>\n\t\t\t\t<\/div>\n\t\t\t\t<\/div>\n\t\t\t\t<div class=\"elementor-element elementor-element-96d09a5 intro elementor-widget elementor-widget-text-editor\" data-id=\"96d09a5\" data-element_type=\"widget\" data-widget_type=\"text-editor.default\">\n\t\t\t\t<div class=\"elementor-widget-container\">\n\t\t\t\t\t\t\t\t\t<h2>\u0110i\u1ec1u ki\u1ec7n \u0111\u1ee7 t\u01b0 c\u00e1ch<\/h2><p>Nh\u1eefng c\u1ef1u chi\u1ebfn binh \u0111\u00e3 ph\u1ee5c v\u1ee5 m\u1ed9t ng\u00e0y trong qu\u00e2n ng\u0169 (kh\u00f4ng ph\u1ea3i ngh\u0129a v\u1ee5 qu\u00e2n s\u1ef1 \u0111\u1ec3 hu\u1ea5n luy\u1ec7n) tr\u01b0\u1edbc ng\u00e0y 7 th\u00e1ng 9 n\u0103m 1980 \u0111\u1ed1i v\u1edbi qu\u00e2n nh\u00e2n nh\u1eadp ng\u0169 v\u00e0 ng\u00e0y 16 th\u00e1ng 10 n\u0103m 1981 \u0111\u1ed1i v\u1edbi s\u0129 quan, ho\u1eb7c hai n\u0103m li\u00ean ti\u1ebfp sau nh\u1eefng ng\u00e0y \u0111\u00f3 v\u00e0 \u0111\u01b0\u1ee3c xu\u1ea5t ng\u0169 trong \u0111i\u1ec1u ki\u1ec7n danh d\u1ef1 \u0111\u1ec1u \u0111\u1ee7 \u0111i\u1ec1u ki\u1ec7n \u0111\u01b0\u1ee3c an t\u00e1ng. Nh\u1eefng qu\u00e2n nh\u00e2n d\u1ef1 b\u1ecb \u0111\u01b0\u1ee3c g\u1ecdi nh\u1eadp ng\u0169 theo \u0110i\u1ec1u 10 ho\u1eb7c \u0111\u00e3 ngh\u1ec9 h\u01b0u kh\u1ecfi qu\u00e2n \u0111\u1ed9i v\u00e0 \u0111\u01b0\u1ee3c xu\u1ea5t ng\u0169 trong \u0111i\u1ec1u ki\u1ec7n danh d\u1ef1, v\u00e0 b\u1ea5t k\u1ef3 c\u1ef1u chi\u1ebfn binh n\u00e0o \u0111\u01b0\u1ee3c C\u1ee5c C\u1ef1u chi\u1ebfn binh (VA) c\u00f4ng nh\u1eadn l\u00e0 c\u00f3 li\u00ean quan \u0111\u1ebfn ngh\u0129a v\u1ee5 qu\u00e2n s\u1ef1, c\u0169ng \u0111\u1ec1u \u0111\u1ee7 \u0111i\u1ec1u ki\u1ec7n.<\/p>\t\t\t\t\t\t\t\t<\/div>\n\t\t\t\t<\/div>\n\t\t\t\t<div class=\"elementor-element elementor-element-5bb6e55 intro elementor-widget elementor-widget-text-editor\" data-id=\"5bb6e55\" data-element_type=\"widget\" id=\"burial-services\" data-widget_type=\"text-editor.default\">\n\t\t\t\t<div class=\"elementor-widget-container\">\n\t\t\t\t\t\t\t\t\t<p>Ngo\u00e0i ra, c\u00f2n c\u00f3 m\u1ed9t <a href=\"\/vi\/nhung-loi-ich\/tinh-trang\/\">tr\u1ee3 c\u1ea5p mai t\u00e1ng c\u1ee7a ti\u1ec3u bang<\/a> \u0110i\u1ec1u kho\u1ea3n n\u00e0y quy \u0111\u1ecbnh vi\u1ec7c ch\u00f4n c\u1ea5t m\u1ed9t qu\u00e2n nh\u00e2n thu\u1ed9c L\u1ef1c l\u01b0\u1ee3ng V\u1ec7 binh Qu\u1ed1c gia Louisiana ho\u1eb7c m\u1ed9t \u0111\u01a1n v\u1ecb d\u1ef1 b\u1ecb \u0111ang hu\u1ea5n luy\u1ec7n c\u00f9ng v\u1edbi v\u1ee3\/ch\u1ed3ng c\u1ee7a ng\u01b0\u1eddi \u0111\u00f3, n\u1ebfu qu\u00e2n nh\u00e2n \u0111\u00f3 l\u00e0 c\u01b0 d\u00e2n c\u1ee7a Louisiana v\u00e0o th\u1eddi \u0111i\u1ec3m qua \u0111\u1eddi v\u00e0 \u0111\u01b0\u1ee3c xu\u1ea5t ng\u0169 trong \u0111i\u1ec1u ki\u1ec7n danh d\u1ef1.<\/p>\t\t\t\t\t\t\t\t<\/div>\n\t\t\t\t<\/div>\n\t\t\t\t<div class=\"elementor-element elementor-element-f776e4f intro elementor-widget elementor-widget-text-editor\" data-id=\"f776e4f\" data-element_type=\"widget\" data-widget_type=\"text-editor.default\">\n\t\t\t\t<div class=\"elementor-widget-container\">\n\t\t\t\t\t\t\t\t\t<h2>D\u1ecbch v\u1ee5 ch\u00f4n c\u1ea5t<\/h2><p>C\u00e1c ngh\u0129a trang c\u1ef1u chi\u1ebfn binh c\u1ee7a Louisiana mang \u0111\u1ebfn nh\u1eefng s\u1ef1 t\u01b0\u1edfng ni\u1ec7m trang tr\u1ecdng v\u00e0 l\u00e2u d\u00e0i \u0111\u1ec3 t\u00f4n vinh nh\u1eefng ng\u01b0\u1eddi \u0111\u00e3 ph\u1ee5c v\u1ee5 \u0111\u1ea5t n\u01b0\u1edbc. M\u1ed7i m\u1ed9t trong n\u0103m ngh\u0129a trang c\u1ee7a ch\u00fang t\u00f4i \u0111\u1ec1u cung c\u1ea5p c\u00e1c d\u1ecbch v\u1ee5 t\u1eadn t\u00e2m v\u00e0 chuy\u00ean nghi\u1ec7p, bao g\u1ed3m:<\/p><ul><li>L\u1ec5 tang theo nghi th\u1ee9c qu\u00e2n \u0111\u1ed9i v\u00e0\/ho\u1eb7c l\u1ec5 an t\u00e1ng.<\/li><li>C\u00e1c l\u1ef1a ch\u1ecdn ch\u00f4n c\u1ea5t h\u00e0i c\u1ed1t trong quan t\u00e0i d\u01b0\u1edbi l\u00f2ng \u0111\u1ea5t, \u0111\u1eb7t tro c\u1ed1t trong h\u1ea7m d\u01b0\u1edbi l\u00f2ng \u0111\u1ea5t v\u00e0 c\u00e1c l\u1ef1a ch\u1ecdn ch\u00f4n c\u1ea5t tro c\u1ed1t tr\u00ean m\u1eb7t \u0111\u1ea5t.<\/li><li>Bia m\u1ed9 ho\u1eb7c b\u1ea3ng \u0111\u00e1nh d\u1ea5u do B\u1ed9 C\u1ef1u chi\u1ebfn binh Hoa K\u1ef3 cung c\u1ea5p.<\/li><li>D\u1ecbch v\u1ee5 ch\u0103m s\u00f3c khu\u00f4n vi\u00ean v\u0129nh vi\u1ec5n mi\u1ec5n ph\u00ed cho gia \u0111\u00ecnh.<\/li><li>H\u1ed7 tr\u1ee3 c\u00e1 nh\u00e2n t\u1eeb \u0111\u1ed9i ng\u0169 nh\u00e2n vi\u00ean ngh\u0129a trang gi\u00e0u kinh nghi\u1ec7m.<\/li><\/ul>\t\t\t\t\t\t\t\t<\/div>\n\t\t\t\t<\/div>\n\t\t\t\t<div class=\"elementor-element elementor-element-089514b intro elementor-widget elementor-widget-text-editor\" data-id=\"089514b\" data-element_type=\"widget\" data-widget_type=\"text-editor.default\">\n\t\t\t\t<div class=\"elementor-widget-container\">\n\t\t\t\t\t\t\t\t\t<h2>Bia m\u1ed9 v\u00e0 bia \u0111\u00e1nh d\u1ea5u<\/h2><p>C\u00f3 nhi\u1ec1u l\u1ef1a ch\u1ecdn kh\u00e1c nhau v\u1ec1 bia m\u1ed9 v\u00e0 b\u1ea3ng \u0111\u00e1nh d\u1ea5u m\u1ed9, v\u00e0 s\u1ef1 s\u1eb5n c\u00f3 t\u00f9y thu\u1ed9c v\u00e0o t\u1eebng ngh\u0129a trang c\u1ee7a ch\u00fang t\u00f4i. Nh\u00e2n vi\u00ean gi\u00e0u kinh nghi\u1ec7m c\u1ee7a ch\u00fang t\u00f4i c\u00f3 th\u1ec3 t\u01b0 v\u1ea5n cho b\u1ea1n v\u1ec1 c\u00e1c l\u1ef1a ch\u1ecdn hi\u1ec7n c\u00f3. C\u00f3... <a href=\"https:\/\/www.cem.va.gov\/hmm\/emblems.asp\" target=\"_blank\" rel=\"noopener\">nhi\u1ec1u bi\u1ec3u t\u01b0\u1ee3ng c\u1ee7a ni\u1ec1m tin c\u00f3 s\u1eb5n<\/a> D\u00e0nh cho bia m\u1ed9 v\u00e0 c\u00e1c v\u1eadt \u0111\u00e1nh d\u1ea5u m\u1ed9, <a href=\"https:\/\/www.cem.va.gov\/hmm\/inscriptions.asp\" target=\"_blank\" rel=\"noopener\">c\u0169ng nh\u01b0 c\u00e1c d\u00f2ng ch\u1eef kh\u1eafc<\/a> do B\u1ed9 C\u1ef1u chi\u1ebfn binh Li\u00ean bang quy \u0111\u1ecbnh.<\/p><p>C\u1ef1u chi\u1ebfn binh v\u00e0 v\u1ee3\/ch\u1ed3ng c\u1ee7a h\u1ecd s\u1ebd d\u00f9ng chung m\u1ed9t bia m\u1ed9. \u0110\u1ed1i v\u1edbi bia m\u1ed9 \u0111\u1eb7t \u0111\u1ee9ng, th\u00f4ng tin c\u1ee7a v\u1ee3\/ch\u1ed3ng s\u1ebd \u0111\u01b0\u1ee3c ghi \u1edf m\u1eb7t sau, c\u00f2n \u0111\u1ed1i v\u1edbi t\u1ea5t c\u1ea3 c\u00e1c lo\u1ea1i bia m\u1ed9 kh\u00e1c, th\u00f4ng tin \u0111\u00f3 s\u1ebd \u0111\u01b0\u1ee3c ghi b\u00ean d\u01b0\u1edbi th\u00f4ng tin c\u1ee7a c\u1ef1u chi\u1ebfn binh.<\/p>\t\t\t\t\t\t\t\t<\/div>\n\t\t\t\t<\/div>\n\t\t\t\t<div class=\"elementor-element elementor-element-18f62ce intro elementor-widget elementor-widget-text-editor\" data-id=\"18f62ce\" data-element_type=\"widget\" data-widget_type=\"text-editor.default\">\n\t\t\t\t<div class=\"elementor-widget-container\">\n\t\t\t\t\t\t\t\t\t<h2>Ph\u00ed ch\u00f4n c\u1ea5t<\/h2><p>Kh\u00f4ng c\u00f3 ph\u00ed mai t\u00e1ng cho c\u00e1c c\u1ef1u chi\u1ebfn binh \u0111\u1ee7 \u0111i\u1ec1u ki\u1ec7n. Ph\u00ed mai t\u00e1ng cho v\u1ee3\/ch\u1ed3ng v\u00e0 con c\u00e1i ph\u1ee5 thu\u1ed9c c\u1ee7a c\u1ef1u chi\u1ebfn binh l\u00e0 m\u1ed9t kho\u1ea3n ph\u00ed t\u01b0\u1ee3ng tr\u01b0ng, b\u1eb1ng v\u1edbi m\u1ee9c tr\u1ee3 c\u1ea5p \u0111\u1ea5t ch\u00f4n c\u1ea5t c\u1ee7a B\u1ed9 C\u1ef1u chi\u1ebfn binh Li\u00ean bang t\u1ea1i th\u1eddi \u0111i\u1ec3m h\u1ecd qua \u0111\u1eddi, v\u00e0 nh\u00e2n vi\u00ean ngh\u0129a trang c\u1ee7a ch\u00fang t\u00f4i c\u00f3 th\u1ec3 cung c\u1ea5p kho\u1ea3n ph\u00ed n\u00e0y.<\/p>\t\t\t\t\t\t\t\t<\/div>\n\t\t\t\t<\/div>\n\t\t\t\t<div class=\"elementor-element elementor-element-a866146 intro elementor-widget elementor-widget-text-editor\" data-id=\"a866146\" data-element_type=\"widget\" data-widget_type=\"text-editor.default\">\n\t\t\t\t<div class=\"elementor-widget-container\">\n\t\t\t\t\t\t\t\t\t<h2>S\u1eafp x\u1ebfp ch\u00f4n c\u1ea5t v\u00e0 \u0111\u01a1n xin ngh\u0129a trang<\/h2><p>Vi\u1ec7c s\u1eafp x\u1ebfp mai t\u00e1ng c\u00f3 th\u1ec3 \u0111\u01b0\u1ee3c th\u1ef1c hi\u1ec7n tr\u01b0\u1edbc v\u1edbi nh\u00e0 tang l\u1ec5 m\u00e0 b\u1ea1n l\u1ef1a ch\u1ecdn. C\u1ef1u chi\u1ebfn binh c\u00f3 th\u1ec3 ho\u00e0n th\u00e0nh m\u1ed9t m\u1eabu \u0111\u01a1n. <a href=\"\/vi\/don-xin-chon-cat-truoc-khi-can-thiet\/\">\u0111\u01a1n xin tr\u1ee3 c\u1ea5p tr\u01b0\u1edbc<\/a> H\u1ecd c\u00f3 th\u1ec3 li\u00ean h\u1ec7 v\u1edbi ngh\u0129a trang \u0111\u00e3 ch\u1ecdn \u0111\u1ec3 x\u00e1c \u0111\u1ecbnh xem ng\u01b0\u1eddi \u0111\u00f3 c\u00f3 \u0111\u1ee7 \u0111i\u1ec1u ki\u1ec7n \u0111\u01b0\u1ee3c ch\u00f4n c\u1ea5t tr\u01b0\u1edbc khi qua \u0111\u1eddi hay kh\u00f4ng; tuy nhi\u00ean, \u0111\u00e2y kh\u00f4ng ph\u1ea3i l\u00e0 \u0111i\u1ec1u ki\u1ec7n b\u1eaft bu\u1ed9c. <a href=\"\/vi\/don-xin-chon-cat-truoc-khi-can-thiet\/\">\u0111\u01a1n xin ch\u00f4n c\u1ea5t<\/a> Gi\u1ea5y t\u1edd n\u00e0y c\u00f3 th\u1ec3 \u0111\u01b0\u1ee3c ho\u00e0n t\u1ea5t sau khi ng\u01b0\u1eddi qu\u00e1 c\u1ed1 qua \u0111\u1eddi b\u1edfi nh\u00e0 tang l\u1ec5 \u0111\u1ed1i v\u1edbi tr\u01b0\u1eddng h\u1ee3p ch\u00f4n c\u1ea5t trong quan t\u00e0i ho\u1eb7c b\u1edfi gia \u0111\u00ecnh ho\u1eb7c nh\u00e0 tang l\u1ec5 \u0111\u1ed1i v\u1edbi tr\u01b0\u1eddng h\u1ee3p h\u1ecfa t\u00e1ng. C\u1ef1u chi\u1ebfn binh c\u0169ng c\u00f3 th\u1ec3 ho\u00e0n t\u1ea5t gi\u1ea5y t\u1edd n\u00e0y. <a href=\"\/wp-content\/uploads\/2025\/06\/PRE-NEED-TEST.pdf\" target=\"_blank\" rel=\"noopener\">\u0111\u01a1n xin PDF c\u00f3 th\u1ec3 \u0111i\u1ec1n \u0111\u01b0\u1ee3c<\/a> Thay v\u00ec n\u1ed9p \u0111\u01a1n tr\u1ef1c tuy\u1ebfn, \u0111\u01a1n \u0111\u0103ng k\u00fd s\u1ebd \u0111\u01b0\u1ee3c g\u1eedi qua email ho\u1eb7c th\u01b0 b\u01b0u \u0111i\u1ec7n \u0111\u1ebfn ngh\u0129a trang \u0111\u00e3 ch\u1ecdn.<\/p>\t\t\t\t\t\t\t\t<\/div>\n\t\t\t\t<\/div>\n\t\t\t\t<div class=\"elementor-element elementor-element-0361fad intro elementor-widget elementor-widget-text-editor\" data-id=\"0361fad\" data-element_type=\"widget\" data-widget_type=\"text-editor.default\">\n\t\t\t\t<div class=\"elementor-widget-container\">\n\t\t\t\t\t\t\t\t\t<h2>Ng\u01b0\u1eddi \u0111\u1ecbnh v\u1ecb m\u1ed9<\/h2><p>C\u00f3 hai c\u00f4ng c\u1ee5 \u0111\u1ecbnh v\u1ecb m\u1ed9 ph\u1ea7n d\u00e0nh cho nh\u1eefng ng\u01b0\u1eddi mu\u1ed1n t\u00ecm ki\u1ebfm m\u1ed9 ph\u1ea7n hi\u1ec7n c\u00f3. B\u1ed9 ph\u1eadn c\u1ee7a ch\u00fang t\u00f4i c\u00f3... <a href=\"https:\/\/la.cemkiosk.com\/search\" target=\"_blank\" rel=\"noopener\">v\u1ecb tr\u00ed ri\u00eang<\/a>, h\u1ec7 th\u1ed1ng n\u00e0y s\u1ebd ch\u1ec9 t\u00ecm ki\u1ebfm trong n\u0103m ngh\u0129a trang c\u1ee7a ch\u00fang t\u00f4i. Ngo\u00e0i ra, c\u00f2n c\u00f3 <a href=\"https:\/\/www.cem.va.gov\/nationwide-gravesite-locator\/\" target=\"_blank\" rel=\"noopener\">m\u1ed9t c\u00f4ng c\u1ee5 \u0111\u1ecbnh v\u1ecb<\/a> C\u00f4ng c\u1ee5 n\u00e0y do B\u1ed9 C\u1ef1u chi\u1ebfn binh Hoa K\u1ef3 cung c\u1ea5p, t\u00ecm ki\u1ebfm c\u00e1c c\u1ef1u chi\u1ebfn binh \u0111\u01b0\u1ee3c ch\u00f4n c\u1ea5t t\u1ea1i t\u1ea5t c\u1ea3 c\u00e1c ngh\u0129a trang c\u1ef1u chi\u1ebfn binh c\u1ea5p ti\u1ec3u bang v\u00e0 qu\u1ed1c gia. \u0110\u1ec3 t\u00ecm ki\u1ebfm c\u00e1c c\u1ef1u chi\u1ebfn binh kh\u00f4ng \u0111\u01b0\u1ee3c ch\u00f4n c\u1ea5t t\u1ea1i ngh\u0129a trang c\u1ef1u chi\u1ebfn binh c\u1ea5p ti\u1ec3u bang ho\u1eb7c qu\u1ed1c gia, b\u1ea1n c\u00f3 th\u1ec3 s\u1eed d\u1ee5ng c\u00f4ng c\u1ee5 n\u00e0y. <a href=\"https:\/\/www.findagrave.com\/\" target=\"_blank\" rel=\"noopener\">T\u00ecm m\u1ed9t ng\u00f4i m\u1ed9<\/a>.<\/p>\t\t\t\t\t\t\t\t<\/div>\n\t\t\t\t<\/div>\n\t\t\t\t<div class=\"elementor-element elementor-element-23651e3 intro elementor-widget elementor-widget-text-editor\" data-id=\"23651e3\" data-element_type=\"widget\" data-widget_type=\"text-editor.default\">\n\t\t\t\t<div class=\"elementor-widget-container\">\n\t\t\t\t\t\t\t\t\t<h2>\u0110\u1ec3 bi\u1ebft th\u00eam th\u00f4ng tin<\/h2><p>\u0110\u1ec3 t\u00ecm hi\u1ec3u th\u00eam v\u1ec1 c\u00e1c d\u1ecbch v\u1ee5 c\u00f3 s\u1eb5n t\u1ea1i m\u1ed7i ngh\u0129a trang v\u00e0 c\u00e1ch nh\u00e2n vi\u00ean c\u1ee7a ch\u00fang t\u00f4i c\u00f3 th\u1ec3 h\u1ed7 tr\u1ee3 gia \u0111\u00ecnh b\u1ea1n, h\u00e3y ch\u1ecdn \u0111\u1ecba \u0111i\u1ec3m ngh\u0129a trang m\u00e0 b\u1ea1n quan t\u00e2m \u1edf \u0111\u1ea7u trang n\u00e0y.<\/p>\t\t\t\t\t\t\t\t<\/div>\n\t\t\t\t<\/div>\n\t\t\t\t<div class=\"elementor-element elementor-element-c0877c7 intro elementor-widget elementor-widget-text-editor\" data-id=\"c0877c7\" data-element_type=\"widget\" data-widget_type=\"text-editor.default\">\n\t\t\t\t<div class=\"elementor-widget-container\">\n\t\t\t\t\t\t\t\t\t<h2>Th\u00f4ng tin v\u1ec1 ngh\u0129a trang kh\u00f4ng thu\u1ed9c LDVA<\/h2><p>\u0110\u1ed1i v\u1edbi c\u00e1c th\u00e0nh vi\u00ean gia \u0111\u00ecnh mu\u1ed1n \u0111\u1eb7t bia m\u1ed9 ho\u1eb7c b\u1ea3ng t\u01b0\u1edfng ni\u1ec7m c\u1ee7a C\u1ee5c C\u1ef1u chi\u1ebfn binh (VA) cho c\u1ef1u chi\u1ebfn binh \u0111\u01b0\u1ee3c ch\u00f4n c\u1ea5t t\u1ea1i ngh\u0129a trang t\u01b0 nh\u00e2n, vui l\u00f2ng li\u00ean h\u1ec7 tr\u1ef1c ti\u1ebfp v\u1edbi nh\u00e0 tang l\u1ec5 \u0111\u00e3 t\u1ed5 ch\u1ee9c tang l\u1ec5 ho\u1eb7c ngh\u0129a trang n\u01a1i c\u1ef1u chi\u1ebfn binh \u0111\u01b0\u1ee3c ch\u00f4n c\u1ea5t.<\/p>\t\t\t\t\t\t\t\t<\/div>\n\t\t\t\t<\/div>\n\t\t\t\t\t<\/div>\n\t\t\t\t<\/div>\n\t\t\t\t<\/div>","protected":false},"excerpt":{"rendered":"<p>Cung c\u1ea5p n\u01a1i an ngh\u1ec9 cu\u1ed1i c\u00f9ng \u0111\u1ea7y vinh d\u1ef1. S\u1edf C\u1ef1u chi\u1ebfn binh Louisiana \u0111i\u1ec1u h\u00e0nh n\u0103m ngh\u0129a trang tr\u00ean to\u00e0n ti\u1ec3u bang. M\u1ed7i ngh\u0129a trang\u2026<\/p>","protected":false},"author":7,"featured_media":0,"parent":0,"menu_order":0,"comment_status":"closed","ping_status":"closed","template":"","meta":{"_acf_changed":false,"footnotes":"","_links_to":"","_links_to_target":""},"class_list":["post-37","page","type-page","status-publish","hentry"],"acf":[],"_links":{"self":[{"href":"https:\/\/vetaffairs.la.gov\/vi\/wp-json\/wp\/v2\/pages\/37","targetHints":{"allow":["GET"]}}],"collection":[{"href":"https:\/\/vetaffairs.la.gov\/vi\/wp-json\/wp\/v2\/pages"}],"about":[{"href":"https:\/\/vetaffairs.la.gov\/vi\/wp-json\/wp\/v2\/types\/page"}],"author":[{"embeddable":true,"href":"https:\/\/vetaffairs.la.gov\/vi\/wp-json\/wp\/v2\/users\/7"}],"replies":[{"embeddable":true,"href":"https:\/\/vetaffairs.la.gov\/vi\/wp-json\/wp\/v2\/comments?post=37"}],"version-history":[{"count":0,"href":"https:\/\/vetaffairs.la.gov\/vi\/wp-json\/wp\/v2\/pages\/37\/revisions"}],"wp:attachment":[{"href":"https:\/\/vetaffairs.la.gov\/vi\/wp-json\/wp\/v2\/media?parent=37"}],"curies":[{"name":"wp","href":"https:\/\/api.w.org\/{rel}","templated":true}]}}