{"id":36,"date":"2025-02-24T14:43:56","date_gmt":"2025-02-24T20:43:56","guid":{"rendered":"https:\/\/veteran-affairs-louisiana.local\/?page_id=36"},"modified":"2026-03-10T07:38:31","modified_gmt":"2026-03-10T12:38:31","slug":"nha-cua","status":"publish","type":"page","link":"https:\/\/vetaffairs.la.gov\/vi\/homes","title":{"rendered":"Nh\u00e0 \u1edf"},"content":{"rendered":"<div data-elementor-type=\"wp-page\" data-elementor-id=\"36\" class=\"elementor elementor-36\" data-elementor-post-type=\"page\">\n\t\t\t\t<div class=\"elementor-element elementor-element-f1207c0 cemeteries-page e-flex e-con-boxed e-con e-parent\" data-id=\"f1207c0\" data-element_type=\"container\">\n\t\t\t\t\t<div class=\"e-con-inner\">\n\t\t\t\t<div class=\"elementor-element elementor-element-a44cd03 elementor-widget elementor-widget-heading\" data-id=\"a44cd03\" data-element_type=\"widget\" data-widget_type=\"heading.default\">\n\t\t\t\t<div class=\"elementor-widget-container\">\n\t\t\t\t\t<span class=\"elementor-heading-title elementor-size-default\">Cung c\u1ea5p cho c\u00e1c c\u1ef1u chi\u1ebfn binh m\u1ed9t n\u01a1i \u0111\u1ed9c \u0111\u00e1o \u0111\u1ec3 g\u1ecdi l\u00e0 nh\u00e0<\/span>\t\t\t\t<\/div>\n\t\t\t\t<\/div>\n\t\t\t\t<div class=\"elementor-element elementor-element-5d02641 elementor-widget elementor-widget-image\" data-id=\"5d02641\" data-element_type=\"widget\" data-widget_type=\"image.default\">\n\t\t\t\t<div class=\"elementor-widget-container\">\n\t\t\t\t\t\t\t\t\t\t\t\t\t\t\t<img decoding=\"async\" width=\"213\" height=\"25\" src=\"https:\/\/vetaffairs.la.gov\/wp-content\/uploads\/2025\/03\/star-pod-horizontal-with-dashed-line.svg\" class=\"attachment-medium_large size-medium_large wp-image-5402\" alt=\"\" \/>\t\t\t\t\t\t\t\t\t\t\t\t\t\t\t<\/div>\n\t\t\t\t<\/div>\n\t\t\t\t<div class=\"elementor-element elementor-element-1e07c5c intro elementor-widget elementor-widget-text-editor\" data-id=\"1e07c5c\" data-element_type=\"widget\" data-widget_type=\"text-editor.default\">\n\t\t\t\t<div class=\"elementor-widget-container\">\n\t\t\t\t\t\t\t\t\t<p>S\u1edf C\u1ef1u chi\u1ebfn binh Louisiana \u0111i\u1ec1u h\u00e0nh n\u0103m nh\u00e0 d\u01b0\u1ee1ng l\u00e3o d\u00e0nh cho c\u1ef1u chi\u1ebfn binh tr\u00ean to\u00e0n ti\u1ec3u bang. M\u1ed7i nh\u00e0 d\u01b0\u1ee1ng l\u00e3o \u0111\u1ec1u cung c\u1ea5p m\u1ed9t m\u00f4i tr\u01b0\u1eddng \u0111\u1ed9c \u0111\u00e1o, \u1ea5m c\u00fang, n\u01a1i c\u00e1c c\u1ef1u chi\u1ebfn binh c\u00f3 th\u1ec3 s\u1ed1ng c\u00f9ng nh\u1eefng ng\u01b0\u1eddi \u0111\u1ed3ng \u0111\u1ed9i c\u1ee7a m\u00ecnh trong khi nh\u1eadn \u0111\u01b0\u1ee3c s\u1ef1 ch\u0103m s\u00f3c v\u00e0 h\u1ed7 tr\u1ee3 to\u00e0n di\u1ec7n.<\/p>\t\t\t\t\t\t\t\t<\/div>\n\t\t\t\t<\/div>\n\t\t<div class=\"elementor-element elementor-element-a55201c e-grid e-con-full buttons e-con e-child\" data-id=\"a55201c\" data-element_type=\"container\">\n\t\t\t\t<div class=\"elementor-element elementor-element-35a4f51 elementor-align-justify elementor-widget elementor-widget-button\" data-id=\"35a4f51\" data-element_type=\"widget\" data-widget_type=\"button.default\">\n\t\t\t\t<div class=\"elementor-widget-container\">\n\t\t\t\t\t\t\t\t\t<div class=\"elementor-button-wrapper\">\n\t\t\t\t\t<a class=\"elementor-button elementor-button-link elementor-size-sm elementor-animation-grow\" href=\"\/vi\/nha-cua\/nha-cuu-chien-binh-louisiana\/\">\n\t\t\t\t\t\t<span class=\"elementor-button-content-wrapper\">\n\t\t\t\t\t\t\t\t\t<span class=\"elementor-button-text\">Nh\u00e0 d\u01b0\u1ee1ng l\u00e3o c\u1ef1u chi\u1ebfn binh Louisiana \u1edf Jackson<\/span>\n\t\t\t\t\t<\/span>\n\t\t\t\t\t<\/a>\n\t\t\t\t<\/div>\n\t\t\t\t\t\t\t\t<\/div>\n\t\t\t\t<\/div>\n\t\t\t\t<div class=\"elementor-element elementor-element-f83026d elementor-align-justify elementor-widget elementor-widget-button\" data-id=\"f83026d\" data-element_type=\"widget\" data-widget_type=\"button.default\">\n\t\t\t\t<div class=\"elementor-widget-container\">\n\t\t\t\t\t\t\t\t\t<div class=\"elementor-button-wrapper\">\n\t\t\t\t\t<a class=\"elementor-button elementor-button-link elementor-size-sm elementor-animation-grow\" href=\"\/vi\/nha-cua\/nha-cuu-chien-binh-dong-bac-louisiana\/\">\n\t\t\t\t\t\t<span class=\"elementor-button-content-wrapper\">\n\t\t\t\t\t\t\t\t\t<span class=\"elementor-button-text\">Nh\u00e0 d\u01b0\u1ee1ng l\u00e3o c\u1ef1u chi\u1ebfn binh \u0110\u00f4ng B\u1eafc Louisiana \u1edf Monroe<\/span>\n\t\t\t\t\t<\/span>\n\t\t\t\t\t<\/a>\n\t\t\t\t<\/div>\n\t\t\t\t\t\t\t\t<\/div>\n\t\t\t\t<\/div>\n\t\t\t\t<div class=\"elementor-element elementor-element-4ee7c90 elementor-align-justify elementor-widget elementor-widget-button\" data-id=\"4ee7c90\" data-element_type=\"widget\" data-widget_type=\"button.default\">\n\t\t\t\t<div class=\"elementor-widget-container\">\n\t\t\t\t\t\t\t\t\t<div class=\"elementor-button-wrapper\">\n\t\t\t\t\t<a class=\"elementor-button elementor-button-link elementor-size-sm elementor-animation-grow\" href=\"\/vi\/nha-cua\/nha-cuu-chien-binh-tay-bac-louisiana\/\">\n\t\t\t\t\t\t<span class=\"elementor-button-content-wrapper\">\n\t\t\t\t\t\t\t\t\t<span class=\"elementor-button-text\">Nh\u00e0 d\u01b0\u1ee1ng l\u00e3o d\u00e0nh cho c\u1ef1u chi\u1ebfn binh T\u00e2y B\u1eafc Louisiana t\u1ea1i Bossier City<\/span>\n\t\t\t\t\t<\/span>\n\t\t\t\t\t<\/a>\n\t\t\t\t<\/div>\n\t\t\t\t\t\t\t\t<\/div>\n\t\t\t\t<\/div>\n\t\t\t\t<div class=\"elementor-element elementor-element-b424c00 elementor-align-justify elementor-widget elementor-widget-button\" data-id=\"b424c00\" data-element_type=\"widget\" data-widget_type=\"button.default\">\n\t\t\t\t<div class=\"elementor-widget-container\">\n\t\t\t\t\t\t\t\t\t<div class=\"elementor-button-wrapper\">\n\t\t\t\t\t<a class=\"elementor-button elementor-button-link elementor-size-sm elementor-animation-grow\" href=\"\/vi\/nha-cua\/nha-cuu-chien-binh-dong-nam-louisiana\/\">\n\t\t\t\t\t\t<span class=\"elementor-button-content-wrapper\">\n\t\t\t\t\t\t\t\t\t<span class=\"elementor-button-text\">Nh\u00e0 d\u00e0nh cho C\u1ef1u chi\u1ebfn binh \u0110\u00f4ng Nam Louisiana trong Khu b\u1ea3o t\u1ed3n<\/span>\n\t\t\t\t\t<\/span>\n\t\t\t\t\t<\/a>\n\t\t\t\t<\/div>\n\t\t\t\t\t\t\t\t<\/div>\n\t\t\t\t<\/div>\n\t\t\t\t<\/div>\n\t\t<div class=\"elementor-element elementor-element-613cf73 e-con-full buttons e-flex e-con e-child\" data-id=\"613cf73\" data-element_type=\"container\">\n\t\t\t\t<div class=\"elementor-element elementor-element-530add0 elementor-align-center elementor-tablet-align-justify elementor-widget elementor-widget-button\" data-id=\"530add0\" data-element_type=\"widget\" data-widget_type=\"button.default\">\n\t\t\t\t<div class=\"elementor-widget-container\">\n\t\t\t\t\t\t\t\t\t<div class=\"elementor-button-wrapper\">\n\t\t\t\t\t<a class=\"elementor-button elementor-button-link elementor-size-sm elementor-animation-grow\" href=\"\/vi\/nha-cua\/nha-cuu-chien-binh-tay-nam-louisiana\/\">\n\t\t\t\t\t\t<span class=\"elementor-button-content-wrapper\">\n\t\t\t\t\t\t\t\t\t<span class=\"elementor-button-text\">Nh\u00e0 d\u01b0\u1ee1ng l\u00e3o d\u00e0nh cho c\u1ef1u chi\u1ebfn binh T\u00e2y Nam Louisiana \u1edf Jennings<\/span>\n\t\t\t\t\t<\/span>\n\t\t\t\t\t<\/a>\n\t\t\t\t<\/div>\n\t\t\t\t\t\t\t\t<\/div>\n\t\t\t\t<\/div>\n\t\t\t\t<\/div>\n\t\t\t\t<div class=\"elementor-element elementor-element-11d9264 intro elementor-widget elementor-widget-text-editor\" data-id=\"11d9264\" data-element_type=\"widget\" data-widget_type=\"text-editor.default\">\n\t\t\t\t<div class=\"elementor-widget-container\">\n\t\t\t\t\t\t\t\t\t<h2>\u0110i\u1ec1u ki\u1ec7n \u0111\u1ee7 t\u01b0 c\u00e1ch<\/h2><p>C\u00e1c c\u1ef1u chi\u1ebfn binh Louisiana \u0111\u01b0\u1ee3c xu\u1ea5t ng\u0169 m\u1ed9t c\u00e1ch danh d\u1ef1, trong th\u1eddi chi\u1ebfn ho\u1eb7c th\u1eddi b\u00ecnh, v\u00e0 \u0111\u00e3 ph\u1ee5c v\u1ee5 90 ng\u00e0y t\u1ea1i ng\u0169, ho\u1eb7c l\u00e0 th\u00e0nh vi\u00ean c\u1ee7a L\u1ef1c l\u01b0\u1ee3ng V\u1ec7 binh Qu\u1ed1c gia\/D\u1ef1 b\u1ecb \u0111\u1ee7 \u0111i\u1ec1u ki\u1ec7n, c\u00f9ng v\u1edbi v\u1ee3\/ch\u1ed3ng c\u1ee7a c\u1ef1u chi\u1ebfn binh v\u00e0 cha m\u1eb9 c\u1ee7a nh\u1eefng ng\u01b0\u1eddi hy sinh trong chi\u1ebfn tranh (Gold Star parents) \u0111\u1ec1u \u0111\u1ee7 \u0111i\u1ec1u ki\u1ec7n s\u1ed1ng trong nh\u00e0 d\u01b0\u1ee1ng l\u00e3o d\u00e0nh cho c\u1ef1u chi\u1ebfn binh. Nh\u1eefng ng\u01b0\u1eddi quan t\u00e2m \u0111\u1ebfn vi\u1ec7c s\u1ed1ng trong nh\u00e0 d\u01b0\u1ee1ng l\u00e3o d\u00e0nh cho c\u1ef1u chi\u1ebfn binh c\u1ea7n ph\u1ea3i... <a href=\"https:\/\/vetaffairs.la.gov\/wp-content\/uploads\/2026\/01\/2025VeteransHomesAdmissionsApplication.pdf\" target=\"_blank\" rel=\"noopener\">ho\u00e0n th\u00e0nh \u0111\u01a1n xin nh\u1eadp h\u1ecdc<\/a> v\u00e0 n\u1ed9p \u0111\u01a1n xin tr\u1ee3 c\u1ea5p cho vi\u1ec7n d\u01b0\u1ee1ng l\u00e3o c\u1ef1u chi\u1ebfn binh \u0111\u00e3 ch\u1ecdn.<\/p>\t\t\t\t\t\t\t\t<\/div>\n\t\t\t\t<\/div>\n\t\t\t\t<div class=\"elementor-element elementor-element-b67ba56 intro elementor-widget elementor-widget-text-editor\" data-id=\"b67ba56\" data-element_type=\"widget\" data-widget_type=\"text-editor.default\">\n\t\t\t\t<div class=\"elementor-widget-container\">\n\t\t\t\t\t\t\t\t\t<h2>T\u1ea1i sao ch\u00fang t\u00f4i \u0111\u1ed9c \u0111\u00e1o<\/h2><p>C\u00f3 nhi\u1ec1u l\u00fd do khi\u1ebfn c\u00e1c nh\u00e0 d\u01b0\u1ee1ng l\u00e3o d\u00e0nh cho c\u1ef1u chi\u1ebfn binh c\u1ee7a ch\u00fang t\u00f4i tr\u1edf n\u00ean \u0111\u1ed9c \u0111\u00e1o, trong \u0111\u00f3 l\u00fd do n\u1ed5i b\u1eadt nh\u1ea5t l\u00e0 chi ph\u00ed. Chi ph\u00ed sinh ho\u1ea1t t\u1ea1i nh\u00e0 d\u01b0\u1ee1ng l\u00e3o d\u00e0nh cho c\u1ef1u chi\u1ebfn binh th\u1ea5p h\u01a1n nhi\u1ec1u so v\u1edbi c\u00e1c vi\u1ec7n d\u01b0\u1ee1ng l\u00e3o truy\u1ec1n th\u1ed1ng, v\u1ed1n th\u01b0\u1eddng t\u00ednh ph\u00ed theo m\u1ee9c gi\u00e1 t\u01b0 nh\u00e2n t\u1eeb 1.440 \u0111\u1ebfn 1.440 \u0111\u00f4 la M\u1ef9\/th\u00e1ng ho\u1eb7c h\u01a1n.<\/p><p>C\u00e1c nh\u00e0 d\u01b0\u1ee1ng l\u00e3o d\u00e0nh cho c\u1ef1u chi\u1ebfn binh c\u1ee7a ch\u00fang t\u00f4i c\u0169ng c\u00f3:<\/p><ul><li>Nh\u00e2n vi\u00ean t\u01b0 v\u1ea5n h\u1ed7 tr\u1ee3 c\u1ef1u chi\u1ebfn binh s\u1ebd l\u00e0m vi\u1ec7c v\u1edbi c\u00e1c c\u1ef1u chi\u1ebfn binh v\u1ec1 c\u00e1c quy\u1ec1n l\u1ee3i c\u1ee7a h\u1ecd.<\/li><li>C\u00f3 \u0111\u1ed9i ng\u0169 \u0111i\u1ec1u d\u01b0\u1ee1ng t\u00fac tr\u1ef1c 24\/7.<\/li><li>D\u01b0\u1ee3c s\u0129 to\u00e0n th\u1eddi gian v\u00e0 k\u1ef9 thu\u1eadt vi\u00ean d\u01b0\u1ee3c<\/li><li>Chuy\u00ean vi\u00ean dinh d\u01b0\u1ee1ng to\u00e0n th\u1eddi gian<\/li><li>Nh\u00e2n vi\u00ean c\u00f4ng t\u00e1c x\u00e3 h\u1ed9i tr\u00ecnh \u0111\u1ed9 Th\u1ea1c s\u0129 to\u00e0n th\u1eddi gian<\/li><li>Khu ch\u0103m s\u00f3c b\u1ec7nh nh\u00e2n suy gi\u1ea3m tr\u00ed nh\u1edb d\u00e0nh cho ng\u01b0\u1eddi m\u1eafc b\u1ec7nh Alzheimer ho\u1eb7c c\u00e1c ch\u1ee9ng b\u1ec7nh li\u00ean quan \u0111\u1ebfn sa s\u00fat tr\u00ed tu\u1ec7.<\/li><li>Kh\u1ea3 n\u0103ng cho c\u1ef1u chi\u1ebfn binh \u0111\u01b0\u1ee3c s\u1ed1ng chung v\u1edbi c\u00e1c c\u1ef1u chi\u1ebfn binh kh\u00e1c<\/li><\/ul>\t\t\t\t\t\t\t\t<\/div>\n\t\t\t\t<\/div>\n\t\t\t\t<div class=\"elementor-element elementor-element-fee2ca9 intro elementor-widget elementor-widget-text-editor\" data-id=\"fee2ca9\" data-element_type=\"widget\" data-widget_type=\"text-editor.default\">\n\t\t\t\t<div class=\"elementor-widget-container\">\n\t\t\t\t\t\t\t\t\t<h2>Ph\u00ed<\/h2><p>Ph\u00ed c\u1ee7a ch\u00fang t\u00f4i nh\u01b0 sau:<\/p><ul><li>C\u00e1c c\u1ef1u chi\u1ebfn binh c\u00f3 x\u1ebfp h\u1ea1ng th\u01b0\u01a1ng t\u1eadt do ph\u1ee5c v\u1ee5 qu\u00e2n \u0111\u1ed9i c\u1ee7a VA t\u1eeb 70% tr\u1edf l\u00ean v\u00e0 c\u00e1c c\u1ef1u chi\u1ebfn binh \u0111\u01b0\u1ee3c nh\u1eadp vi\u1ec7n v\u1edbi ch\u1ea9n \u0111o\u00e1n li\u00ean quan \u0111\u1ebfn th\u01b0\u01a1ng t\u1eadt do ph\u1ee5c v\u1ee5 qu\u00e2n \u0111\u1ed9i \u1edf b\u1ea5t k\u1ef3 c\u1ea5p \u0111\u1ed9 n\u00e0o \u0111\u1ec1u c\u00f3 th\u1ec3 \u0111\u1ee7 \u0111i\u1ec1u ki\u1ec7n s\u1ed1ng mi\u1ec5n ph\u00ed t\u1ea1i c\u00e1c nh\u00e0 d\u00e0nh cho c\u1ef1u chi\u1ebfn binh c\u1ee7a ch\u00fang t\u00f4i.<\/li><li>C\u00e1c c\u1ef1u chi\u1ebfn binh c\u00f3 x\u1ebfp h\u1ea1ng th\u01b0\u01a1ng t\u1eadt do ph\u1ee5c v\u1ee5 qu\u00e2n \u0111\u1ed9i c\u1ee7a VA d\u01b0\u1edbi 70% c\u00f3 th\u1ec3 \u0111\u1ee7 \u0111i\u1ec1u ki\u1ec7n s\u1ed1ng trong c\u00e1c nh\u00e0 d\u00e0nh cho c\u1ef1u chi\u1ebfn binh c\u1ee7a ch\u00fang t\u00f4i v\u1edbi m\u1ee9c ph\u00ed h\u00e0ng th\u00e1ng l\u00e0 $2.424. M\u1ee9c ph\u00ed n\u00e0y c\u00f3 th\u1ec3 \u0111\u01b0\u1ee3c gi\u1ea3m tr\u1eeb n\u1ebfu n\u1ed9p \u0111\u01a1n v\u00e0 \u0111\u1ee7 \u0111i\u1ec1u ki\u1ec7n. <a href=\"https:\/\/www.va.gov\/pension\/aid-attendance-housebound\/\" target=\"_blank\" rel=\"noopener\">l\u01b0\u01a1ng h\u01b0u h\u1ed7 tr\u1ee3 v\u00e0 ch\u0103m s\u00f3c li\u00ean bang<\/a>. M\u1ee9c ph\u00ed n\u00e0y do B\u1ed9 C\u1ef1u chi\u1ebfn binh Hoa K\u1ef3 quy \u0111\u1ecbnh v\u00e0 thay \u0111\u1ed5i h\u00e0ng n\u0103m.<\/li><li>C\u00e1c c\u1ef1u chi\u1ebfn binh b\u1ecb th\u01b0\u01a1ng t\u1eadt do ph\u1ee5c v\u1ee5 qu\u00e2n \u0111\u1ed9i v\u1edbi m\u1ee9c \u0111\u1ed9 th\u01b0\u01a1ng t\u1eadt t\u1eeb 50% tr\u1edf l\u00ean \u0111\u01b0\u1ee3c nh\u1eadn thu\u1ed1c mi\u1ec5n ph\u00ed.<\/li><li>V\u1ee3\/ch\u1ed3ng c\u1ee7a c\u1ef1u chi\u1ebfn binh, cha m\u1eb9 c\u1ee7a ng\u01b0\u1eddi hy sinh trong chi\u1ebfn tranh (Gold Star parents), v\u00e0 c\u00e1c qu\u00e2n nh\u00e2n thu\u1ed9c L\u1ef1c l\u01b0\u1ee3ng V\u1ec7 binh Qu\u1ed1c gia\/D\u1ef1 b\u1ecb \u0111\u1ee7 \u0111i\u1ec1u ki\u1ec7n c\u00f3 th\u1ec3 \u0111\u01b0\u1ee3c s\u1ed1ng trong c\u00e1c nh\u00e0 d\u00e0nh cho c\u1ef1u chi\u1ebfn binh c\u1ee7a ch\u00fang t\u00f4i v\u1edbi m\u1ee9c ph\u00ed h\u00e0ng th\u00e1ng l\u00e0 $5,500. M\u1ee9c ph\u00ed n\u00e0y c\u00f3 th\u1ec3 thay \u0111\u1ed5i.<\/li><\/ul>\t\t\t\t\t\t\t\t<\/div>\n\t\t\t\t<\/div>\n\t\t\t\t<div class=\"elementor-element elementor-element-856de13 intro elementor-widget elementor-widget-text-editor\" data-id=\"856de13\" data-element_type=\"widget\" data-widget_type=\"text-editor.default\">\n\t\t\t\t<div class=\"elementor-widget-container\">\n\t\t\t\t\t\t\t\t\t<h2>\u0110\u1ec3 bi\u1ebft th\u00eam th\u00f4ng tin<\/h2><p>T\u00ecm hi\u1ec3u th\u00eam v\u1ec1 t\u1eebng \u0111\u1ecba \u0111i\u1ec3m v\u00e0 c\u00e1ch ch\u00fang t\u00f4i c\u00f3 th\u1ec3 h\u1ed7 tr\u1ee3 b\u1ea1n l\u1ef1a ch\u1ecdn ph\u01b0\u01a1ng \u00e1n t\u1ed1t nh\u1ea5t cho b\u1ea3n th\u00e2n ho\u1eb7c ng\u01b0\u1eddi th\u00e2n b\u1eb1ng c\u00e1ch nh\u1ea5p v\u00e0o t\u1eebng l\u1ef1a ch\u1ecdn nh\u00e0 d\u01b0\u1ee1ng l\u00e3o d\u00e0nh cho c\u1ef1u chi\u1ebfn binh \u1edf Louisiana \u1edf \u0111\u1ea7u trang n\u00e0y.<\/p>\t\t\t\t\t\t\t\t<\/div>\n\t\t\t\t<\/div>\n\t\t\t\t\t<\/div>\n\t\t\t\t<\/div>\n\t\t\t\t<\/div>","protected":false},"excerpt":{"rendered":"<p>Cung c\u1ea5p cho c\u1ef1u chi\u1ebfn binh m\u1ed9t n\u01a1i \u1edf \u0111\u1ed9c \u0111\u00e1o. S\u1edf C\u1ef1u chi\u1ebfn binh Louisiana \u0111i\u1ec1u h\u00e0nh n\u0103m nh\u00e0 \u1edf d\u00e0nh cho c\u1ef1u chi\u1ebfn binh tr\u00ean kh\u1eafp\u2026<\/p>","protected":false},"author":7,"featured_media":0,"parent":0,"menu_order":0,"comment_status":"closed","ping_status":"closed","template":"","meta":{"_acf_changed":false,"footnotes":"","_links_to":"","_links_to_target":""},"class_list":["post-36","page","type-page","status-publish","hentry"],"acf":[],"_links":{"self":[{"href":"https:\/\/vetaffairs.la.gov\/vi\/wp-json\/wp\/v2\/pages\/36","targetHints":{"allow":["GET"]}}],"collection":[{"href":"https:\/\/vetaffairs.la.gov\/vi\/wp-json\/wp\/v2\/pages"}],"about":[{"href":"https:\/\/vetaffairs.la.gov\/vi\/wp-json\/wp\/v2\/types\/page"}],"author":[{"embeddable":true,"href":"https:\/\/vetaffairs.la.gov\/vi\/wp-json\/wp\/v2\/users\/7"}],"replies":[{"embeddable":true,"href":"https:\/\/vetaffairs.la.gov\/vi\/wp-json\/wp\/v2\/comments?post=36"}],"version-history":[{"count":0,"href":"https:\/\/vetaffairs.la.gov\/vi\/wp-json\/wp\/v2\/pages\/36\/revisions"}],"wp:attachment":[{"href":"https:\/\/vetaffairs.la.gov\/vi\/wp-json\/wp\/v2\/media?parent=36"}],"curies":[{"name":"wp","href":"https:\/\/api.w.org\/{rel}","templated":true}]}}