{"id":35,"date":"2025-02-24T14:43:20","date_gmt":"2025-02-24T20:43:20","guid":{"rendered":"https:\/\/veteran-affairs-louisiana.local\/?page_id=35"},"modified":"2025-12-10T14:30:41","modified_gmt":"2025-12-10T20:30:41","slug":"giao-duc","status":"publish","type":"page","link":"https:\/\/vetaffairs.la.gov\/vi\/education","title":{"rendered":"Gi\u00e1o d\u1ee5c"},"content":{"rendered":"<div data-elementor-type=\"wp-page\" data-elementor-id=\"35\" class=\"elementor elementor-35\" data-elementor-post-type=\"page\">\n\t\t\t\t<div class=\"elementor-element elementor-element-78367fd cemeteries-page e-flex e-con-boxed e-con e-parent\" data-id=\"78367fd\" data-element_type=\"container\">\n\t\t\t\t\t<div class=\"e-con-inner\">\n\t\t\t\t<div class=\"elementor-element elementor-element-3e942e4 elementor-widget elementor-widget-heading\" data-id=\"3e942e4\" data-element_type=\"widget\" data-widget_type=\"heading.default\">\n\t\t\t\t<div class=\"elementor-widget-container\">\n\t\t\t\t\t<span class=\"elementor-heading-title elementor-size-default\">H\u1ed7 tr\u1ee3 b\u1ea1n trong h\u00e0nh tr\u00ecnh gi\u00e1o d\u1ee5c c\u1ee7a b\u1ea1n<\/span>\t\t\t\t<\/div>\n\t\t\t\t<\/div>\n\t\t\t\t<div class=\"elementor-element elementor-element-ea80f15 elementor-widget elementor-widget-image\" data-id=\"ea80f15\" data-element_type=\"widget\" data-widget_type=\"image.default\">\n\t\t\t\t<div class=\"elementor-widget-container\">\n\t\t\t\t\t\t\t\t\t\t\t\t\t\t\t<img decoding=\"async\" width=\"213\" height=\"25\" src=\"https:\/\/vetaffairs.la.gov\/wp-content\/uploads\/2025\/03\/star-pod-horizontal-with-dashed-line.svg\" class=\"attachment-medium_large size-medium_large wp-image-5402\" alt=\"\" \/>\t\t\t\t\t\t\t\t\t\t\t\t\t\t\t<\/div>\n\t\t\t\t<\/div>\n\t\t\t\t<div class=\"elementor-element elementor-element-bbfb08d intro elementor-widget elementor-widget-text-editor\" data-id=\"bbfb08d\" data-element_type=\"widget\" data-widget_type=\"text-editor.default\">\n\t\t\t\t<div class=\"elementor-widget-container\">\n\t\t\t\t\t\t\t\t\tC\u00f3 nhi\u1ec1u ch\u1ebf \u0111\u1ed9 h\u1ed7 tr\u1ee3 gi\u00e1o d\u1ee5c c\u1ea5p ti\u1ec3u bang v\u00e0 li\u00ean bang d\u00e0nh cho c\u1ef1u chi\u1ebfn binh Louisiana v\u00e0 ng\u01b0\u1eddi ph\u1ee5 thu\u1ed9c c\u1ee7a h\u1ecd \u0111ang c\u00e2n nh\u1eafc vi\u1ec7c ti\u1ebfp t\u1ee5c h\u1ecdc t\u1eadp. C\u00e1c ch\u1ebf \u0111\u1ed9 h\u1ed7 tr\u1ee3 c\u1ea5p ti\u1ec3u bang bao g\u1ed3m Mi\u1ec5n h\u1ecdc ph\u00ed trong ti\u1ec3u bang theo \u0110i\u1ec1u 29 v\u00e0 Tr\u1ea1ng th\u00e1i h\u1ecdc ph\u00ed trong ti\u1ec3u bang Louisiana, trong khi c\u00e1c ch\u1ebf \u0111\u1ed9 h\u1ed7 tr\u1ee3 li\u00ean bang bao g\u1ed3m nhi\u1ec1u ch\u01b0\u01a1ng c\u1ee7a \u0110\u1ea1o lu\u1eadt GI Bill.<sup>\u00ae<\/sup> v\u00e0 nhi\u1ec1u h\u01a1n n\u1eefa.\t\t\t\t\t\t\t\t<\/div>\n\t\t\t\t<\/div>\n\t\t<div class=\"elementor-element elementor-element-189afa8 e-con-full e-flex e-con e-child\" data-id=\"189afa8\" data-element_type=\"container\">\n\t\t\t\t<div class=\"elementor-element elementor-element-4231f73 elementor-widget elementor-widget-heading\" data-id=\"4231f73\" data-element_type=\"widget\" data-widget_type=\"heading.default\">\n\t\t\t\t<div class=\"elementor-widget-container\">\n\t\t\t\t\t<h2 class=\"elementor-heading-title elementor-size-default\">L\u1ee3i \u00edch gi\u00e1o d\u1ee5c c\u1ee7a ti\u1ec3u bang<\/h2>\t\t\t\t<\/div>\n\t\t\t\t<\/div>\n\t\t\t\t<div class=\"elementor-element elementor-element-2e7a8fa elementor-widget elementor-widget-heading\" data-id=\"2e7a8fa\" data-element_type=\"widget\" data-widget_type=\"heading.default\">\n\t\t\t\t<div class=\"elementor-widget-container\">\n\t\t\t\t\t<h3 class=\"elementor-heading-title elementor-size-default\">Ti\u00eau \u0111\u1ec1 29 Mi\u1ec5n h\u1ecdc ph\u00ed trong ti\u1ec3u bang<\/h3>\t\t\t\t<\/div>\n\t\t\t\t<\/div>\n\t\t\t\t<div class=\"elementor-element elementor-element-8d084a1 intro elementor-widget elementor-widget-text-editor\" data-id=\"8d084a1\" data-element_type=\"widget\" data-widget_type=\"text-editor.default\">\n\t\t\t\t<div class=\"elementor-widget-container\">\n\t\t\t\t\t\t\t\t\t<p>Mi\u1ec5n h\u1ecdc ph\u00ed trong ti\u1ec3u bang Louisiana, <a href=\"\/vi\/giao-duc\/tieu-de-29\/\">Ti\u00eau \u0111\u1ec1 29<\/a>, Ch\u01b0\u01a1ng tr\u00ecnh n\u00e0y cung c\u1ea5p c\u00e1c quy\u1ec1n l\u1ee3i gi\u00e1o d\u1ee5c cho con c\u00e1i, v\u1ee3\/ch\u1ed3ng v\u00e0 v\u1ee3\/ch\u1ed3ng g\u00f3a c\u1ee7a c\u1ef1u chi\u1ebfn binh \u0111\u00e1p \u1ee9ng m\u1ed9t s\u1ed1 \u0111i\u1ec1u ki\u1ec7n nh\u1ea5t \u0111\u1ecbnh. \u0110\u1ed1i v\u1edbi c\u1ef1u chi\u1ebfn binh c\u00f2n s\u1ed1ng, con c\u00e1i \u0111\u1ee7 \u0111i\u1ec1u ki\u1ec7n. \u0110\u1ed1i v\u1edbi c\u1ef1u chi\u1ebfn binh l\u00e0 t\u00f9 binh chi\u1ebfn tranh ho\u1eb7c m\u1ea5t t\u00edch trong chi\u1ebfn \u0111\u1ea5u, v\u1ee3\/ch\u1ed3ng \u0111\u1ee7 \u0111i\u1ec1u ki\u1ec7n, v\u00e0 \u0111\u1ed1i v\u1edbi c\u1ef1u chi\u1ebfn binh \u0111\u00e3 qua \u0111\u1eddi, v\u1ee3\/ch\u1ed3ng g\u00f3a v\u00e0 con c\u00e1i \u0111\u1ee7 \u0111i\u1ec1u ki\u1ec7n. \u0110i\u1ec1u ki\u1ec7n \u0111\u1ec3 \u0111\u01b0\u1ee3c h\u01b0\u1edfng c\u00e1c quy\u1ec1n l\u1ee3i gi\u00e1o d\u1ee5c theo Ch\u01b0\u01a1ng 29 y\u00eau c\u1ea7u c\u1ef1u chi\u1ebfn binh ph\u1ea3i \u0111\u00e1p \u1ee9ng c\u00e1c y\u00eau c\u1ea7u v\u1ec1 c\u01b0 tr\u00fa, v\u00e0 c\u00e1c y\u00eau c\u1ea7u n\u00e0y kh\u00e1c nhau \u0111\u1ed1i v\u1edbi c\u1ef1u chi\u1ebfn binh c\u00f2n s\u1ed1ng v\u00e0 \u0111\u00e3 qua \u0111\u1eddi.<\/p>\t\t\t\t\t\t\t\t<\/div>\n\t\t\t\t<\/div>\n\t\t\t\t<div class=\"elementor-element elementor-element-26c84e2 elementor-widget elementor-widget-heading\" data-id=\"26c84e2\" data-element_type=\"widget\" data-widget_type=\"heading.default\">\n\t\t\t\t<div class=\"elementor-widget-container\">\n\t\t\t\t\t<h3 class=\"elementor-heading-title elementor-size-default\">T\u00ecnh tr\u1ea1ng h\u1ecdc ph\u00ed trong ti\u1ec3u bang Louisiana\n<\/h3>\t\t\t\t<\/div>\n\t\t\t\t<\/div>\n\t\t\t\t<div class=\"elementor-element elementor-element-0533a55 intro elementor-widget elementor-widget-text-editor\" data-id=\"0533a55\" data-element_type=\"widget\" data-widget_type=\"text-editor.default\">\n\t\t\t\t<div class=\"elementor-widget-container\">\n\t\t\t\t\t\t\t\t\t<p>M\u1ee9c h\u1ecdc ph\u00ed \u01b0u \u0111\u00e3i d\u00e0nh cho sinh vi\u00ean n\u1ed9i tr\u00fa \u0111\u01b0\u1ee3c \u00e1p d\u1ee5ng cho c\u1ef1u chi\u1ebfn binh, v\u1ee3\/ch\u1ed3ng, con c\u00e1i c\u1ee7a c\u1ef1u chi\u1ebfn binh v\u00e0 qu\u00e2n nh\u00e2n t\u1ea1i ng\u0169 \u0111\u1ee7 \u0111i\u1ec1u ki\u1ec7n h\u01b0\u1edfng tr\u1ee3 c\u1ea5p gi\u00e1o d\u1ee5c li\u00ean bang.<\/p>\t\t\t\t\t\t\t\t<\/div>\n\t\t\t\t<\/div>\n\t\t\t\t<div class=\"elementor-element elementor-element-4f6263f elementor-widget elementor-widget-heading\" data-id=\"4f6263f\" data-element_type=\"widget\" data-widget_type=\"heading.default\">\n\t\t\t\t<div class=\"elementor-widget-container\">\n\t\t\t\t\t<h3 class=\"elementor-heading-title elementor-size-default\">Trung t\u00e2m C\u1ef1u chi\u1ebfn binh Sinh vi\u00ean<\/h3>\t\t\t\t<\/div>\n\t\t\t\t<\/div>\n\t\t\t\t<div class=\"elementor-element elementor-element-282c9a8 intro elementor-widget elementor-widget-text-editor\" data-id=\"282c9a8\" data-element_type=\"widget\" data-widget_type=\"text-editor.default\">\n\t\t\t\t<div class=\"elementor-widget-container\">\n\t\t\t\t\t\t\t\t\t<p>Nhi\u1ec1u tr\u01b0\u1eddng cao \u0111\u1eb3ng v\u00e0 \u0111\u1ea1i h\u1ecdc \u1edf Louisiana c\u00f3 c\u00e1c trung t\u00e2m d\u00e0nh cho c\u1ef1u chi\u1ebfn binh, \u0111\u1eb7c bi\u1ec7t ph\u1ee5c v\u1ee5 c\u1ef1u chi\u1ebfn binh v\u00e0 ng\u01b0\u1eddi ph\u1ee5 thu\u1ed9c c\u1ee7a c\u1ef1u chi\u1ebfn binh. C\u00e1c trung t\u00e2m n\u00e0y \u0111\u00f3ng vai tr\u00f2 l\u00e0 \u0111\u1ea7u m\u1ed1i cho c\u00e1c ho\u1ea1t \u0111\u1ed9ng c\u1ee7a c\u1ef1u chi\u1ebfn binh trong khu\u00f4n vi\u00ean tr\u01b0\u1eddng, v\u1edbi \u0111\u1ed9i ng\u0169 nh\u00e2n vi\u00ean t\u1eadp trung ho\u00e0n to\u00e0n v\u00e0o vi\u1ec7c h\u1ed7 tr\u1ee3 con \u0111\u01b0\u1eddng th\u00e0nh c\u00f4ng c\u1ee7a sinh vi\u00ean \u0111\u1ebfn khi t\u1ed1t nghi\u1ec7p v\u00e0 h\u01a1n th\u1ebf n\u1eefa.<\/p>\t\t\t\t\t\t\t\t<\/div>\n\t\t\t\t<\/div>\n\t\t\t\t<\/div>\n\t\t<div class=\"elementor-element elementor-element-48827e9 e-con-full e-flex e-con e-child\" data-id=\"48827e9\" data-element_type=\"container\">\n\t\t\t\t<div class=\"elementor-element elementor-element-9480b58 elementor-widget elementor-widget-heading\" data-id=\"9480b58\" data-element_type=\"widget\" data-widget_type=\"heading.default\">\n\t\t\t\t<div class=\"elementor-widget-container\">\n\t\t\t\t\t<h2 class=\"elementor-heading-title elementor-size-default\">L\u1ee3i \u00edch gi\u00e1o d\u1ee5c li\u00ean bang<\/h2>\t\t\t\t<\/div>\n\t\t\t\t<\/div>\n\t\t\t\t<div class=\"elementor-element elementor-element-3faf51c elementor-widget elementor-widget-heading\" data-id=\"3faf51c\" data-element_type=\"widget\" data-widget_type=\"heading.default\">\n\t\t\t\t<div class=\"elementor-widget-container\">\n\t\t\t\t\t<h3 class=\"elementor-heading-title elementor-size-default\">D\u1ef1 lu\u1eadt GI<sup>\u00ae<\/sup><\/h3>\t\t\t\t<\/div>\n\t\t\t\t<\/div>\n\t\t\t\t<div class=\"elementor-element elementor-element-966fb67 intro elementor-widget elementor-widget-text-editor\" data-id=\"966fb67\" data-element_type=\"widget\" data-widget_type=\"text-editor.default\">\n\t\t\t\t<div class=\"elementor-widget-container\">\n\t\t\t\t\t\t\t\t\tC\u00e1c <a href=\"\/vi\/giao-duc\/du-luat-gi\/\">D\u1ef1 lu\u1eadt GI<sup>\u00ae<\/sup><\/a> Ch\u01b0\u01a1ng tr\u00ecnh n\u00e0y gi\u00fap c\u1ef1u chi\u1ebfn binh chi tr\u1ea3 h\u1ecdc ph\u00ed \u0111\u1ec3 ti\u1ebfp t\u1ee5c con \u0111\u01b0\u1eddng h\u1ecdc v\u1ea5n c\u1ee7a h\u1ecd. Hi\u1ec7n t\u1ea1i, c\u00f3 g\u1ea7n 260 c\u01a1 s\u1edf gi\u00e1o d\u1ee5c \u0111ang ho\u1ea1t \u0111\u1ed9ng t\u1ea1i Louisiana \u0111\u01b0\u1ee3c c\u00e1c c\u01a1 quan ph\u00ea duy\u1ec7t c\u1ee7a ti\u1ec3u bang (SAA) ch\u1ee9ng nh\u1eadn, v\u1edbi h\u01a1n 10.700 c\u1ef1u chi\u1ebfn binh v\u00e0 ng\u01b0\u1eddi ph\u1ee5 thu\u1ed9c c\u1ee7a c\u1ef1u chi\u1ebfn binh \u0111ang s\u1eed d\u1ee5ng ch\u01b0\u01a1ng tr\u00ecnh GI Bill.<sup>\u00ae<\/sup> l\u1ee3i \u00edch. Nh\u1eefng sinh vi\u00ean n\u00e0y mang l\u1ea1i h\u01a1n $196 tri\u1ec7u \u0111\u00f4 la li\u00ean bang t\u1eeb <a href=\"https:\/\/www.va.gov\/\" target=\"_blank\" rel=\"noopener\">B\u1ed9 C\u1ef1u chi\u1ebfn binh Hoa K\u1ef3<\/a>, \u0111\u00f3ng g\u00f3p v\u00e0o h\u00e0ng t\u1ef7 \u0111\u00f4 la m\u00e0 c\u00e1c c\u1ef1u chi\u1ebfn binh mang v\u1ec1 Louisiana h\u00e0ng n\u0103m.\t\t\t\t\t\t\t\t<\/div>\n\t\t\t\t<\/div>\n\t\t\t\t<\/div>\n\t\t\t\t\t<\/div>\n\t\t\t\t<\/div>\n\t\t\t\t<\/div>","protected":false},"excerpt":{"rendered":"<p>H\u1ed7 tr\u1ee3 b\u1ea1n trong h\u00e0nh tr\u00ecnh h\u1ecdc t\u1eadp. C\u00f3 c\u00e1c ch\u1ebf \u0111\u1ed9 tr\u1ee3 c\u1ea5p gi\u00e1o d\u1ee5c c\u1ee7a ti\u1ec3u bang v\u00e0 li\u00ean bang d\u00e0nh cho c\u1ef1u chi\u1ebfn binh Louisiana v\u00e0 ng\u01b0\u1eddi ph\u1ee5 thu\u1ed9c c\u1ee7a h\u1ecd\u2026<\/p>","protected":false},"author":7,"featured_media":0,"parent":0,"menu_order":0,"comment_status":"closed","ping_status":"closed","template":"","meta":{"_acf_changed":false,"footnotes":"","_links_to":"","_links_to_target":""},"class_list":["post-35","page","type-page","status-publish","hentry"],"acf":[],"_links":{"self":[{"href":"https:\/\/vetaffairs.la.gov\/vi\/wp-json\/wp\/v2\/pages\/35","targetHints":{"allow":["GET"]}}],"collection":[{"href":"https:\/\/vetaffairs.la.gov\/vi\/wp-json\/wp\/v2\/pages"}],"about":[{"href":"https:\/\/vetaffairs.la.gov\/vi\/wp-json\/wp\/v2\/types\/page"}],"author":[{"embeddable":true,"href":"https:\/\/vetaffairs.la.gov\/vi\/wp-json\/wp\/v2\/users\/7"}],"replies":[{"embeddable":true,"href":"https:\/\/vetaffairs.la.gov\/vi\/wp-json\/wp\/v2\/comments?post=35"}],"version-history":[{"count":0,"href":"https:\/\/vetaffairs.la.gov\/vi\/wp-json\/wp\/v2\/pages\/35\/revisions"}],"wp:attachment":[{"href":"https:\/\/vetaffairs.la.gov\/vi\/wp-json\/wp\/v2\/media?parent=35"}],"curies":[{"name":"wp","href":"https:\/\/api.w.org\/{rel}","templated":true}]}}