{"id":34,"date":"2025-02-24T14:42:27","date_gmt":"2025-02-24T20:42:27","guid":{"rendered":"https:\/\/veteran-affairs-louisiana.local\/?page_id=34"},"modified":"2025-12-10T14:58:16","modified_gmt":"2025-12-10T20:58:16","slug":"nhung-loi-ich","status":"publish","type":"page","link":"https:\/\/vetaffairs.la.gov\/vi\/benefits","title":{"rendered":"Nh\u1eefng l\u1ee3i \u00edch"},"content":{"rendered":"<div data-elementor-type=\"wp-page\" data-elementor-id=\"34\" class=\"elementor elementor-34\" data-elementor-post-type=\"page\">\n\t\t\t\t<div class=\"elementor-element elementor-element-05386b4 e-flex e-con-boxed e-con e-parent\" data-id=\"05386b4\" data-element_type=\"container\">\n\t\t\t\t\t<div class=\"e-con-inner\">\n\t\t\t\t<div class=\"elementor-element elementor-element-530e9db elementor-widget elementor-widget-heading\" data-id=\"530e9db\" data-element_type=\"widget\" data-widget_type=\"heading.default\">\n\t\t\t\t<div class=\"elementor-widget-container\">\n\t\t\t\t\t<span class=\"elementor-heading-title elementor-size-default\">K\u1ebft n\u1ed1i b\u1ea1n v\u1edbi nh\u1eefng l\u1ee3i \u00edch b\u1ea1n \u0111\u00e3 \u0111\u1ea1t \u0111\u01b0\u1ee3c<\/span>\t\t\t\t<\/div>\n\t\t\t\t<\/div>\n\t\t\t\t<div class=\"elementor-element elementor-element-d0137a5 elementor-widget elementor-widget-image\" data-id=\"d0137a5\" data-element_type=\"widget\" data-widget_type=\"image.default\">\n\t\t\t\t<div class=\"elementor-widget-container\">\n\t\t\t\t\t\t\t\t\t\t\t\t\t\t\t<img decoding=\"async\" width=\"213\" height=\"25\" src=\"https:\/\/vetaffairs.la.gov\/wp-content\/uploads\/2025\/03\/star-pod-horizontal-with-dashed-line.svg\" class=\"attachment-medium_large size-medium_large wp-image-5402\" alt=\"\" \/>\t\t\t\t\t\t\t\t\t\t\t\t\t\t\t<\/div>\n\t\t\t\t<\/div>\n\t\t\t\t<div class=\"elementor-element elementor-element-c9996af intro elementor-widget elementor-widget-text-editor\" data-id=\"c9996af\" data-element_type=\"widget\" data-widget_type=\"text-editor.default\">\n\t\t\t\t<div class=\"elementor-widget-container\">\n\t\t\t\t\t\t\t\t\t<p>\u0110\u00e2y l\u00e0 x\u01b0\u01a1ng s\u1ed1ng c\u1ee7a s\u1ee9 m\u1ec7nh ch\u00fang t\u00f4i \u2014 k\u1ebft n\u1ed1i c\u00e1c c\u1ef1u chi\u1ebfn binh v\u1edbi nh\u1eefng quy\u1ec1n l\u1ee3i m\u00e0 h\u1ecd \u0111\u00e3 \u0111\u01b0\u1ee3c h\u01b0\u1edfng khi ph\u1ee5c v\u1ee5 \u0111\u1ea5t n\u01b0\u1edbc. C\u00e1c c\u1ed1 v\u1ea5n h\u1ed7 tr\u1ee3 c\u1ef1u chi\u1ebfn binh (VAC) \u0111\u01b0\u1ee3c B\u1ed9 C\u1ef1u chi\u1ebfn binh Li\u00ean bang (VA) c\u00f4ng nh\u1eadn, t\u1ea5t c\u1ea3 \u0111\u1ec1u l\u00e0 c\u1ef1u chi\u1ebfn binh, l\u00e0m vi\u1ec7c t\u1ea1i 74 v\u0103n ph\u00f2ng d\u1ecbch v\u1ee5 c\u1ee7a ch\u00fang t\u00f4i tr\u00ean kh\u1eafp ti\u1ec3u bang \u0111\u1ec3 th\u1ef1c hi\u1ec7n s\u1ee9 m\u1ec7nh n\u00e0y. C\u00e1c VAC c\u1ee7a ch\u00fang t\u00f4i n\u1ed9p \u0111\u01a1n y\u00eau c\u1ea7u tr\u1ee3 c\u1ea5p l\u00ean B\u1ed9 C\u1ef1u chi\u1ebfn binh Li\u00ean bang thay m\u1eb7t cho c\u00e1c c\u1ef1u chi\u1ebfn binh Louisiana, ho\u00e0n to\u00e0n mi\u1ec5n ph\u00ed, c\u0169ng nh\u01b0 cung c\u1ea5p th\u00f4ng tin cho c\u00e1c c\u1ef1u chi\u1ebfn binh v\u1ec1 c\u00e1c quy\u1ec1n l\u1ee3i hi\u1ec7n c\u00f3 c\u1ee7a ti\u1ec3u bang v\u00e0 li\u00ean bang. <\/p>\t\t\t\t\t\t\t\t<\/div>\n\t\t\t\t<\/div>\n\t\t\t\t<div class=\"elementor-element elementor-element-1dfbc95 intro elementor-widget elementor-widget-text-editor\" data-id=\"1dfbc95\" data-element_type=\"widget\" data-widget_type=\"text-editor.default\">\n\t\t\t\t<div class=\"elementor-widget-container\">\n\t\t\t\t\t\t\t\t\t<p>Ngo\u00e0i c\u00e1c c\u1ed1 v\u1ea5n h\u1ed7 tr\u1ee3 c\u1ef1u chi\u1ebfn binh, c\u00e1c tr\u1ee3 l\u00fd ph\u00e1p l\u00fd v\u1ec1 kh\u00e1ng c\u00e1o c\u1ee7a ch\u00fang t\u00f4i h\u1ed7 tr\u1ee3 c\u1ef1u chi\u1ebfn binh trong c\u00e1c v\u1ee5 kh\u00e1ng c\u00e1o \u0111ang ch\u1edd x\u1eed l\u00fd tr\u01b0\u1edbc H\u1ed9i \u0111\u1ed3ng Kh\u00e1ng c\u00e1o C\u1ef1u chi\u1ebfn binh c\u1ee7a B\u1ed9 C\u1ef1u chi\u1ebfn binh Li\u00ean bang, bao g\u1ed3m c\u1ea3 vi\u1ec7c \u0111\u1ea1i di\u1ec7n t\u1ea1i c\u00e1c phi\u00ean \u0111i\u1ec1u tr\u1ea7n. N\u1ebfu b\u1ea1n mu\u1ed1n \u0111\u1eb7t l\u1ecbch h\u1eb9n v\u1edbi m\u1ed9t trong nh\u1eefng c\u1ed1 v\u1ea5n h\u1ed7 tr\u1ee3 c\u1ef1u chi\u1ebfn binh c\u1ee7a ch\u00fang t\u00f4i, b\u1ea1n c\u00f3 th\u1ec3 s\u1eed d\u1ee5ng <a href=\"\/vi\/dia-diem\/\">S\u1eed d\u1ee5ng c\u00f4ng c\u1ee5 \u0111\u1ecbnh v\u1ecb c\u1ee7a ch\u00fang t\u00f4i \u0111\u1ec3 t\u00ecm v\u0103n ph\u00f2ng d\u1ecbch v\u1ee5 g\u1ea7n nh\u1ea5t.<\/a> ho\u1eb7c g\u1ecdi <a href=\"tel:2252195000\">225.219.5000<\/a> \u0111\u1ec3 \u0111\u01b0\u1ee3c h\u1ed7 tr\u1ee3.<\/p>\t\t\t\t\t\t\t\t<\/div>\n\t\t\t\t<\/div>\n\t\t\t\t<div class=\"elementor-element elementor-element-d03227d intro elementor-widget elementor-widget-text-editor\" data-id=\"d03227d\" data-element_type=\"widget\" data-widget_type=\"text-editor.default\">\n\t\t\t\t<div class=\"elementor-widget-container\">\n\t\t\t\t\t\t\t\t\t<p>C\u00e1c VAC c\u1ee7a ch\u00fang t\u00f4i c\u0169ng c\u00f3 th\u1ec3 h\u1ed7 tr\u1ee3 vi\u1ec7c mua kh\u1ea9u DD-214 d\u00e0nh cho c\u1ef1u chi\u1ebfn binh. \u0110\u1ed1i v\u1edbi c\u00e1c th\u00e0nh vi\u00ean c\u1ee7a L\u1ef1c l\u01b0\u1ee3ng V\u1ec7 binh Qu\u1ed1c gia Louisiana (LANG), vui l\u00f2ng li\u00ean h\u1ec7 v\u1edbi Tr\u1ea1i l\u00ednh Jackson \u1edf New Orleans theo s\u1ed1 <a href=\"tel:5042788000\">504.278.8000<\/a> \u0111\u1ec3 \u0111\u01b0\u1ee3c h\u1ed7 tr\u1ee3 mua NGB-22.<\/p>\t\t\t\t\t\t\t\t<\/div>\n\t\t\t\t<\/div>\n\t\t\t\t\t<\/div>\n\t\t\t\t<\/div>\n\t\t<div class=\"elementor-element elementor-element-dc3d7ef e-grid e-con-boxed e-con e-parent\" data-id=\"dc3d7ef\" data-element_type=\"container\">\n\t\t\t\t\t<div class=\"e-con-inner\">\n\t\t<div class=\"elementor-element elementor-element-db20c57 e-con-full dark-blue-pod e-flex e-con e-child\" data-id=\"db20c57\" data-element_type=\"container\" data-settings=\"{&quot;background_background&quot;:&quot;classic&quot;}\">\n\t\t<div class=\"elementor-element elementor-element-1087be2 e-con-full icon-container e-flex e-con e-child\" data-id=\"1087be2\" data-element_type=\"container\" data-settings=\"{&quot;background_background&quot;:&quot;classic&quot;}\">\n\t\t\t\t<div class=\"elementor-element elementor-element-7d3b9dd elementor-widget__width-initial icon elementor-widget elementor-widget-image\" data-id=\"7d3b9dd\" data-element_type=\"widget\" data-widget_type=\"image.default\">\n\t\t\t\t<div class=\"elementor-widget-container\">\n\t\t\t\t\t\t\t\t\t\t\t\t\t\t\t<img decoding=\"async\" width=\"51\" height=\"51\" src=\"https:\/\/vetaffairs.la.gov\/wp-content\/uploads\/2025\/02\/icon-hands-people.svg\" class=\"attachment-medium size-medium wp-image-102\" alt=\"\" \/>\t\t\t\t\t\t\t\t\t\t\t\t\t\t\t<\/div>\n\t\t\t\t<\/div>\n\t\t\t\t<\/div>\n\t\t\t\t<div class=\"elementor-element elementor-element-9cf9e72 elementor-widget elementor-widget-heading\" data-id=\"9cf9e72\" data-element_type=\"widget\" data-widget_type=\"heading.default\">\n\t\t\t\t<div class=\"elementor-widget-container\">\n\t\t\t\t\t<h2 class=\"elementor-heading-title elementor-size-default\">L\u1ee3i \u00edch c\u1ee7a Nh\u00e0 n\u01b0\u1edbc<\/h2>\t\t\t\t<\/div>\n\t\t\t\t<\/div>\n\t\t\t\t<div class=\"elementor-element elementor-element-690aabe elementor-widget__width-initial elementor-widget elementor-widget-spacer\" data-id=\"690aabe\" data-element_type=\"widget\" data-widget_type=\"spacer.default\">\n\t\t\t\t<div class=\"elementor-widget-container\">\n\t\t\t\t\t\t\t<div class=\"elementor-spacer\">\n\t\t\t<div class=\"elementor-spacer-inner\"><\/div>\n\t\t<\/div>\n\t\t\t\t\t\t<\/div>\n\t\t\t\t<\/div>\n\t\t\t\t<div class=\"elementor-element elementor-element-af0e3d2 elementor-widget elementor-widget-text-editor\" data-id=\"af0e3d2\" data-element_type=\"widget\" data-widget_type=\"text-editor.default\">\n\t\t\t\t<div class=\"elementor-widget-container\">\n\t\t\t\t\t\t\t\t\t<p>T\u1ea7m nh\u00ecn c\u1ee7a ch\u00fang t\u00f4i l\u00e0 bi\u1ebfn Louisiana tr\u1edf th\u00e0nh ti\u1ec3u bang th\u00e2n thi\u1ec7n nh\u1ea5t v\u1edbi c\u1ef1u chi\u1ebfn binh tr\u00ean to\u00e0n qu\u1ed1c. Ch\u00fang t\u00f4i cam k\u1ebft h\u1ee3p t\u00e1c v\u1edbi c\u00e1c nh\u00e0 l\u00e3nh \u0111\u1ea1o c\u1ee7a ti\u1ec3u bang, c\u1ea3 khu v\u1ef1c c\u00f4ng v\u00e0 t\u01b0, \u0111\u1ec3 t\u1ea1o ra nh\u1eefng c\u01a1 h\u1ed9i m\u1edbi cho c\u1ef1u chi\u1ebfn binh v\u00e0 gia \u0111\u00ecnh h\u1ecd, bi\u1ebfn Louisiana th\u00e0nh m\u1ed9t n\u01a1i tuy\u1ec7t v\u1eddi \u0111\u1ec3 sinh s\u1ed1ng.<\/p><p>C\u00f3 <a href=\"\/vi\/nhung-loi-ich\/tinh-trang\/\">Nhi\u1ec1u ch\u1ebf \u0111\u1ed9 ph\u00fac l\u1ee3i c\u1ee7a ti\u1ec3u bang d\u00e0nh cho c\u1ef1u chi\u1ebfn binh Louisiana v\u00e0 gia \u0111\u00ecnh c\u1ee7a h\u1ecd.<\/a>, Bao g\u1ed3m mi\u1ec5n thu\u1ebf b\u1ea5t \u0111\u1ed9ng s\u1ea3n v\u00e0 h\u1ed7 tr\u1ee3 h\u1ecdc ph\u00ed trong ti\u1ec3u bang theo Ch\u01b0\u01a1ng 29. Sau khi xem x\u00e9t th\u00f4ng tin v\u1ec1 c\u00e1c quy\u1ec1n l\u1ee3i c\u1ee7a ti\u1ec3u bang \u0111\u01b0\u1ee3c n\u00eau b\u00ean d\u01b0\u1edbi, h\u00e3y l\u00ean l\u1ecbch h\u1eb9n v\u1edbi m\u1ed9t trong nh\u1eefng c\u1ed1 v\u1ea5n h\u1ed7 tr\u1ee3 c\u1ef1u chi\u1ebfn binh c\u1ee7a ch\u00fang t\u00f4i \u0111\u1ec3 b\u1eaft \u0111\u1ea7u.<\/p>\t\t\t\t\t\t\t\t<\/div>\n\t\t\t\t<\/div>\n\t\t\t\t<div class=\"elementor-element elementor-element-aacfbaa elementor-widget elementor-widget-button\" data-id=\"aacfbaa\" data-element_type=\"widget\" data-widget_type=\"button.default\">\n\t\t\t\t<div class=\"elementor-widget-container\">\n\t\t\t\t\t\t\t\t\t<div class=\"elementor-button-wrapper\">\n\t\t\t\t\t<a class=\"elementor-button elementor-button-link elementor-size-sm elementor-animation-grow\" href=\"\/vi\/nhung-loi-ich\/tinh-trang\/\">\n\t\t\t\t\t\t<span class=\"elementor-button-content-wrapper\">\n\t\t\t\t\t\t\t\t\t<span class=\"elementor-button-text\">Kh\u00e1m ph\u00e1 t\u1ea5t c\u1ea3 c\u00e1c l\u1ee3i \u00edch c\u1ee7a ti\u1ec3u bang<\/span>\n\t\t\t\t\t<\/span>\n\t\t\t\t\t<\/a>\n\t\t\t\t<\/div>\n\t\t\t\t\t\t\t\t<\/div>\n\t\t\t\t<\/div>\n\t\t\t\t<\/div>\n\t\t<div class=\"elementor-element elementor-element-a86b2af e-con-full dark-blue-pod e-flex e-con e-child\" data-id=\"a86b2af\" data-element_type=\"container\" data-settings=\"{&quot;background_background&quot;:&quot;classic&quot;}\">\n\t\t<div class=\"elementor-element elementor-element-32f9c68 e-con-full icon-container e-flex e-con e-child\" data-id=\"32f9c68\" data-element_type=\"container\" data-settings=\"{&quot;background_background&quot;:&quot;classic&quot;}\">\n\t\t\t\t<div class=\"elementor-element elementor-element-7add87c elementor-widget__width-initial icon elementor-widget elementor-widget-image\" data-id=\"7add87c\" data-element_type=\"widget\" data-widget_type=\"image.default\">\n\t\t\t\t<div class=\"elementor-widget-container\">\n\t\t\t\t\t\t\t\t\t\t\t\t\t\t\t<img decoding=\"async\" width=\"33\" height=\"38\" src=\"https:\/\/vetaffairs.la.gov\/wp-content\/uploads\/2025\/02\/icon-flag-vertical.svg\" class=\"attachment-medium size-medium wp-image-100\" alt=\"\" \/>\t\t\t\t\t\t\t\t\t\t\t\t\t\t\t<\/div>\n\t\t\t\t<\/div>\n\t\t\t\t<\/div>\n\t\t\t\t<div class=\"elementor-element elementor-element-4320801 elementor-widget elementor-widget-heading\" data-id=\"4320801\" data-element_type=\"widget\" data-widget_type=\"heading.default\">\n\t\t\t\t<div class=\"elementor-widget-container\">\n\t\t\t\t\t<h2 class=\"elementor-heading-title elementor-size-default\">L\u1ee3i \u00edch li\u00ean bang<\/h2>\t\t\t\t<\/div>\n\t\t\t\t<\/div>\n\t\t\t\t<div class=\"elementor-element elementor-element-6bbc06a elementor-widget__width-initial elementor-widget elementor-widget-spacer\" data-id=\"6bbc06a\" data-element_type=\"widget\" data-widget_type=\"spacer.default\">\n\t\t\t\t<div class=\"elementor-widget-container\">\n\t\t\t\t\t\t\t<div class=\"elementor-spacer\">\n\t\t\t<div class=\"elementor-spacer-inner\"><\/div>\n\t\t<\/div>\n\t\t\t\t\t\t<\/div>\n\t\t\t\t<\/div>\n\t\t\t\t<div class=\"elementor-element elementor-element-920ad37 elementor-widget elementor-widget-text-editor\" data-id=\"920ad37\" data-element_type=\"widget\" data-widget_type=\"text-editor.default\">\n\t\t\t\t<div class=\"elementor-widget-container\">\n\t\t\t\t\t\t\t\t\t<p>Nh\u00f3m c\u1ee7a ch\u00fang t\u00f4i l\u00e0m vi\u1ec7c v\u1edbi c\u00e1c c\u1ef1u chi\u1ebfn binh \u0111\u1ec3 k\u1ebft n\u1ed1i h\u1ecd v\u1edbi c\u00e1c quy\u1ec1n l\u1ee3i m\u00e0 h\u1ecd \u0111\u01b0\u1ee3c h\u01b0\u1edfng nh\u1edd th\u1eddi gian ph\u1ee5c v\u1ee5 trong qu\u00e2n \u0111\u1ed9i. <a href=\"https:\/\/www.va.gov\/\" target=\"_blank\" rel=\"noopener\">B\u1ed9 C\u1ef1u chi\u1ebfn binh Hoa K\u1ef3<\/a>. V\u1ec1 c\u01a1 b\u1ea3n, c\u00f4ng vi\u1ec7c n\u00e0y bao g\u1ed3m vi\u1ec7c c\u00e1c c\u1ed1 v\u1ea5n h\u1ed7 tr\u1ee3 c\u1ef1u chi\u1ebfn binh c\u1ee7a ch\u00fang t\u00f4i n\u1ed9p \u0111\u01a1n y\u00eau c\u1ea7u b\u1ed3i th\u01b0\u1eddng v\u00e0 l\u01b0\u01a1ng h\u01b0u thay m\u1eb7t cho c\u00e1c c\u1ef1u chi\u1ebfn binh. Ngo\u00e0i ra, c\u00e1c c\u1ed1 v\u1ea5n VAC c\u1ee7a ch\u00fang t\u00f4i c\u0169ng c\u00f3 th\u1ec3 h\u1ed7 tr\u1ee3 c\u00e1c c\u1ef1u chi\u1ebfn binh v\u1ec1 c\u00e1c quy\u1ec1n l\u1ee3i gi\u00e1o d\u1ee5c v\u00e0 mai t\u00e1ng. Sau khi xem x\u00e9t th\u00f4ng tin b\u1ed5 sung v\u1ec1 c\u00e1c quy\u1ec1n l\u1ee3i li\u00ean bang \u0111\u01b0\u1ee3c n\u00eau b\u00ean d\u01b0\u1edbi, h\u00e3y l\u00ean l\u1ecbch h\u1eb9n v\u1edbi m\u1ed9t trong nh\u1eefng c\u1ed1 v\u1ea5n h\u1ed7 tr\u1ee3 c\u1ef1u chi\u1ebfn binh c\u1ee7a ch\u00fang t\u00f4i.<\/p>\t\t\t\t\t\t\t\t<\/div>\n\t\t\t\t<\/div>\n\t\t\t\t<div class=\"elementor-element elementor-element-aa648e1 elementor-widget elementor-widget-button\" data-id=\"aa648e1\" data-element_type=\"widget\" data-widget_type=\"button.default\">\n\t\t\t\t<div class=\"elementor-widget-container\">\n\t\t\t\t\t\t\t\t\t<div class=\"elementor-button-wrapper\">\n\t\t\t\t\t<a class=\"elementor-button elementor-button-link elementor-size-sm elementor-animation-grow\" href=\"\/vi\/nhung-loi-ich\/lien-bang\/\">\n\t\t\t\t\t\t<span class=\"elementor-button-content-wrapper\">\n\t\t\t\t\t\t\t\t\t<span class=\"elementor-button-text\">Kh\u00e1m ph\u00e1 t\u1ea5t c\u1ea3 c\u00e1c l\u1ee3i \u00edch c\u1ee7a Li\u00ean bang<\/span>\n\t\t\t\t\t<\/span>\n\t\t\t\t\t<\/a>\n\t\t\t\t<\/div>\n\t\t\t\t\t\t\t\t<\/div>\n\t\t\t\t<\/div>\n\t\t\t\t<\/div>\n\t\t<div class=\"elementor-element elementor-element-ea878bd e-con-full dark-blue-pod e-flex e-con e-child\" data-id=\"ea878bd\" data-element_type=\"container\" data-settings=\"{&quot;background_background&quot;:&quot;classic&quot;}\">\n\t\t<div class=\"elementor-element elementor-element-f06fa11 e-con-full icon-container e-flex e-con e-child\" data-id=\"f06fa11\" data-element_type=\"container\" data-settings=\"{&quot;background_background&quot;:&quot;classic&quot;}\">\n\t\t\t\t<div class=\"elementor-element elementor-element-48967ea elementor-widget__width-initial icon elementor-widget elementor-widget-image\" data-id=\"48967ea\" data-element_type=\"widget\" data-widget_type=\"image.default\">\n\t\t\t\t<div class=\"elementor-widget-container\">\n\t\t\t\t\t\t\t\t\t\t\t\t\t\t\t<img loading=\"lazy\" decoding=\"async\" width=\"24\" height=\"52\" src=\"https:\/\/vetaffairs.la.gov\/wp-content\/uploads\/2025\/02\/icon-medal.svg\" class=\"attachment-medium size-medium wp-image-104\" alt=\"\" \/>\t\t\t\t\t\t\t\t\t\t\t\t\t\t\t<\/div>\n\t\t\t\t<\/div>\n\t\t\t\t<\/div>\n\t\t\t\t<div class=\"elementor-element elementor-element-673e11b elementor-widget elementor-widget-heading\" data-id=\"673e11b\" data-element_type=\"widget\" data-widget_type=\"heading.default\">\n\t\t\t\t<div class=\"elementor-widget-container\">\n\t\t\t\t\t<h2 class=\"elementor-heading-title elementor-size-default\">C\u1ef1u chi\u1ebfn binh Louisiana <br>Huy ch\u01b0\u01a1ng danh d\u1ef1<\/h2>\t\t\t\t<\/div>\n\t\t\t\t<\/div>\n\t\t\t\t<div class=\"elementor-element elementor-element-2a40840 elementor-widget__width-initial elementor-widget elementor-widget-spacer\" data-id=\"2a40840\" data-element_type=\"widget\" data-widget_type=\"spacer.default\">\n\t\t\t\t<div class=\"elementor-widget-container\">\n\t\t\t\t\t\t\t<div class=\"elementor-spacer\">\n\t\t\t<div class=\"elementor-spacer-inner\"><\/div>\n\t\t<\/div>\n\t\t\t\t\t\t<\/div>\n\t\t\t\t<\/div>\n\t\t\t\t<div class=\"elementor-element elementor-element-e00f4d5 elementor-widget elementor-widget-text-editor\" data-id=\"e00f4d5\" data-element_type=\"widget\" data-widget_type=\"text-editor.default\">\n\t\t\t\t<div class=\"elementor-widget-container\">\n\t\t\t\t\t\t\t\t\t<p>Hu\u00e2n ch\u01b0\u01a1ng Danh d\u1ef1 C\u1ef1u chi\u1ebfn binh Louisiana d\u00e0nh cho t\u1ea5t c\u1ea3 c\u00e1c c\u1ef1u chi\u1ebfn binh \u0111\u1ee7 \u0111i\u1ec1u ki\u1ec7n c\u1ee7a Louisiana v\u00e0 gia \u0111\u00ecnh c\u1ee7a nh\u1eefng ng\u01b0\u1eddi hy sinh trong chi\u1ebfn \u0111\u1ea5u. Hu\u00e2n ch\u01b0\u01a1ng \u0111\u01b0\u1ee3c trao k\u00e8m d\u1ea3i ruy b\u0103ng m\u00e0u xanh lam cho ng\u01b0\u1eddi xu\u1ea5t ng\u0169 danh d\u1ef1, d\u1ea3i ruy b\u0103ng m\u00e0u t\u00edm cho ng\u01b0\u1eddi nh\u1eadn Hu\u00e2n ch\u01b0\u01a1ng Tr\u00e1i tim T\u00edm, d\u1ea3i ruy b\u0103ng m\u00e0u \u0111en cho t\u00f9 binh chi\u1ebfn tranh v\u00e0 d\u1ea3i ruy b\u0103ng m\u00e0u v\u00e0ng cho nh\u1eefng ng\u01b0\u1eddi hy sinh trong chi\u1ebfn \u0111\u1ea5u. \u0110\u1ec3 n\u1ed9p \u0111\u01a1n xin Hu\u00e2n ch\u01b0\u01a1ng Danh d\u1ef1 C\u1ef1u chi\u1ebfn binh Louisiana, h\u00e3y nh\u1ea5p v\u00e0o n\u00fat b\u00ean d\u01b0\u1edbi.<\/p>\t\t\t\t\t\t\t\t<\/div>\n\t\t\t\t<\/div>\n\t\t\t\t<div class=\"elementor-element elementor-element-3ef20ad elementor-widget elementor-widget-button\" data-id=\"3ef20ad\" data-element_type=\"widget\" data-widget_type=\"button.default\">\n\t\t\t\t<div class=\"elementor-widget-container\">\n\t\t\t\t\t\t\t\t\t<div class=\"elementor-button-wrapper\">\n\t\t\t\t\t<a class=\"elementor-button elementor-button-link elementor-size-sm elementor-animation-grow\" href=\"\/vi\/huy-chuong-vinh-danh-cuu-chien-binh-louisiana\/\">\n\t\t\t\t\t\t<span class=\"elementor-button-content-wrapper\">\n\t\t\t\t\t\t\t\t\t<span class=\"elementor-button-text\">N\u1ed9p \u0111\u01a1n xin Hu\u00e2n ch\u01b0\u01a1ng Danh d\u1ef1<\/span>\n\t\t\t\t\t<\/span>\n\t\t\t\t\t<\/a>\n\t\t\t\t<\/div>\n\t\t\t\t\t\t\t\t<\/div>\n\t\t\t\t<\/div>\n\t\t\t\t<\/div>\n\t\t<div class=\"elementor-element elementor-element-5598a22 e-con-full dark-blue-pod e-flex e-con e-child\" data-id=\"5598a22\" data-element_type=\"container\" data-settings=\"{&quot;background_background&quot;:&quot;classic&quot;}\">\n\t\t<div class=\"elementor-element elementor-element-761d5d0 e-con-full icon-container e-flex e-con e-child\" data-id=\"761d5d0\" data-element_type=\"container\" data-settings=\"{&quot;background_background&quot;:&quot;classic&quot;}\">\n\t\t\t\t<div class=\"elementor-element elementor-element-b21cb32 elementor-widget__width-initial icon elementor-widget elementor-widget-image\" data-id=\"b21cb32\" data-element_type=\"widget\" data-widget_type=\"image.default\">\n\t\t\t\t<div class=\"elementor-widget-container\">\n\t\t\t\t\t\t\t\t\t\t\t\t\t\t\t<img loading=\"lazy\" decoding=\"async\" width=\"51\" height=\"47\" src=\"https:\/\/vetaffairs.la.gov\/wp-content\/uploads\/2025\/02\/icon-financial.svg\" class=\"attachment-medium size-medium wp-image-99\" alt=\"\" \/>\t\t\t\t\t\t\t\t\t\t\t\t\t\t\t<\/div>\n\t\t\t\t<\/div>\n\t\t\t\t<\/div>\n\t\t\t\t<div class=\"elementor-element elementor-element-85f6d48 elementor-widget elementor-widget-heading\" data-id=\"85f6d48\" data-element_type=\"widget\" data-widget_type=\"heading.default\">\n\t\t\t\t<div class=\"elementor-widget-container\">\n\t\t\t\t\t<h2 class=\"elementor-heading-title elementor-size-default\">Gia \u0111\u00ecnh qu\u00e2n nh\u00e2n <br>Qu\u1ef9 h\u1ed7 tr\u1ee3<\/h2>\t\t\t\t<\/div>\n\t\t\t\t<\/div>\n\t\t\t\t<div class=\"elementor-element elementor-element-7ced3e9 elementor-widget__width-initial elementor-widget elementor-widget-spacer\" data-id=\"7ced3e9\" data-element_type=\"widget\" data-widget_type=\"spacer.default\">\n\t\t\t\t<div class=\"elementor-widget-container\">\n\t\t\t\t\t\t\t<div class=\"elementor-spacer\">\n\t\t\t<div class=\"elementor-spacer-inner\"><\/div>\n\t\t<\/div>\n\t\t\t\t\t\t<\/div>\n\t\t\t\t<\/div>\n\t\t\t\t<div class=\"elementor-element elementor-element-82090af elementor-widget elementor-widget-text-editor\" data-id=\"82090af\" data-element_type=\"widget\" data-widget_type=\"text-editor.default\">\n\t\t\t\t<div class=\"elementor-widget-container\">\n\t\t\t\t\t\t\t\t\t<p>Qu\u1ef9 H\u1ed7 tr\u1ee3 Gia \u0111\u00ecnh Qu\u00e2n nh\u00e2n cung c\u1ea5p h\u1ed7 tr\u1ee3 t\u00e0i ch\u00ednh cho c\u00e1c c\u1ef1u chi\u1ebfn binh v\u00e0 th\u00e0nh vi\u00ean c\u1ee7a L\u1ef1c l\u01b0\u1ee3ng V\u1ec7 binh Qu\u1ed1c gia Louisiana ho\u1eb7c L\u1ef1c l\u01b0\u1ee3ng D\u1ef1 b\u1ecb v\u1edbi s\u1ed1 ti\u1ec1n l\u00ean \u0111\u1ebfn $10.000 cho m\u1ed9t y\u00eau c\u1ea7u d\u1ef1a tr\u00ean nhu c\u1ea7u trong th\u1eddi h\u1ea1n 12 th\u00e1ng. Qu\u1ef9 n\u00e0y chi tr\u1ea3 nh\u00e0 \u1edf, ti\u1ec7n \u00edch, m\u1ed9t s\u1ed1 d\u1ecbch v\u1ee5 y t\u1ebf v\u00e0 c\u00e1c chi ph\u00ed thi\u1ebft y\u1ebfu kh\u00e1c g\u00e2y kh\u00f3 kh\u0103n t\u00e0i ch\u00ednh cho c\u1ef1u chi\u1ebfn binh, qu\u00e2n nh\u00e2n thu\u1ed9c L\u1ef1c l\u01b0\u1ee3ng D\u1ef1 b\u1ecb ho\u1eb7c L\u1ef1c l\u01b0\u1ee3ng V\u1ec7 binh Qu\u1ed1c gia Louisiana. \u0110\u1ec3 n\u1ed9p \u0111\u01a1n ho\u1eb7c quy\u00ean g\u00f3p, vui l\u00f2ng nh\u1ea5p v\u00e0o n\u00fat b\u00ean d\u01b0\u1edbi.<\/p>\t\t\t\t\t\t\t\t<\/div>\n\t\t\t\t<\/div>\n\t\t\t\t<div class=\"elementor-element elementor-element-12a623e elementor-widget elementor-widget-button\" data-id=\"12a623e\" data-element_type=\"widget\" data-widget_type=\"button.default\">\n\t\t\t\t<div class=\"elementor-widget-container\">\n\t\t\t\t\t\t\t\t\t<div class=\"elementor-button-wrapper\">\n\t\t\t\t\t<a class=\"elementor-button elementor-button-link elementor-size-sm elementor-animation-grow\" href=\"\/vi\/quy-ho-tro-gia-dinh-quan-nhan\/\">\n\t\t\t\t\t\t<span class=\"elementor-button-content-wrapper\">\n\t\t\t\t\t\t\t\t\t<span class=\"elementor-button-text\">N\u1ed9p \u0111\u01a1n xin h\u1ed7 tr\u1ee3 t\u00e0i ch\u00ednh<\/span>\n\t\t\t\t\t<\/span>\n\t\t\t\t\t<\/a>\n\t\t\t\t<\/div>\n\t\t\t\t\t\t\t\t<\/div>\n\t\t\t\t<\/div>\n\t\t\t\t<\/div>\n\t\t\t\t\t<\/div>\n\t\t\t\t<\/div>\n\t\t<div class=\"elementor-element elementor-element-b8a0008 e-flex e-con-boxed e-con e-parent\" data-id=\"b8a0008\" data-element_type=\"container\">\n\t\t\t\t\t<div class=\"e-con-inner\">\n\t\t\t\t\t<\/div>\n\t\t\t\t<\/div>\n\t\t\t\t<\/div>","protected":false},"excerpt":{"rendered":"<p>K\u1ebft n\u1ed1i b\u1ea1n v\u1edbi nh\u1eefng quy\u1ec1n l\u1ee3i m\u00e0 b\u1ea1n x\u1ee9ng \u0111\u00e1ng \u0111\u01b0\u1ee3c h\u01b0\u1edfng. \u0110\u00f3 l\u00e0 n\u1ec1n t\u1ea3ng s\u1ee9 m\u1ec7nh c\u1ee7a ch\u00fang t\u00f4i \u2014 k\u1ebft n\u1ed1i c\u00e1c c\u1ef1u chi\u1ebfn binh v\u1edbi nh\u1eefng quy\u1ec1n l\u1ee3i m\u00e0 h\u1ecd \u0111\u01b0\u1ee3c h\u01b0\u1edfng\u2026<\/p>","protected":false},"author":7,"featured_media":0,"parent":0,"menu_order":0,"comment_status":"closed","ping_status":"closed","template":"","meta":{"_acf_changed":false,"footnotes":"","_links_to":"","_links_to_target":""},"class_list":["post-34","page","type-page","status-publish","hentry"],"acf":[],"_links":{"self":[{"href":"https:\/\/vetaffairs.la.gov\/vi\/wp-json\/wp\/v2\/pages\/34","targetHints":{"allow":["GET"]}}],"collection":[{"href":"https:\/\/vetaffairs.la.gov\/vi\/wp-json\/wp\/v2\/pages"}],"about":[{"href":"https:\/\/vetaffairs.la.gov\/vi\/wp-json\/wp\/v2\/types\/page"}],"author":[{"embeddable":true,"href":"https:\/\/vetaffairs.la.gov\/vi\/wp-json\/wp\/v2\/users\/7"}],"replies":[{"embeddable":true,"href":"https:\/\/vetaffairs.la.gov\/vi\/wp-json\/wp\/v2\/comments?post=34"}],"version-history":[{"count":0,"href":"https:\/\/vetaffairs.la.gov\/vi\/wp-json\/wp\/v2\/pages\/34\/revisions"}],"wp:attachment":[{"href":"https:\/\/vetaffairs.la.gov\/vi\/wp-json\/wp\/v2\/media?parent=34"}],"curies":[{"name":"wp","href":"https:\/\/api.w.org\/{rel}","templated":true}]}}