{"id":71,"date":"2025-02-24T15:46:06","date_gmt":"2025-02-24T21:46:06","guid":{"rendered":"https:\/\/veteran-affairs-louisiana.local\/?page_id=71"},"modified":"2026-04-06T16:25:02","modified_gmt":"2026-04-06T21:25:02","slug":"cemiterio-de-veteranos-do-sudeste-da-louisiana","status":"publish","type":"page","link":"https:\/\/vetaffairs.la.gov\/pt\/cemeteries\/southeast-louisiana-veterans-cemetery","title":{"rendered":"Cemit\u00e9rio de Veteranos do Sudeste da Louisiana"},"content":{"rendered":"<div data-elementor-type=\"wp-page\" data-elementor-id=\"71\" class=\"elementor elementor-71\" data-elementor-post-type=\"page\">\n\t\t\t\t<div class=\"elementor-element elementor-element-bf86df4 e-flex e-con-boxed e-con e-parent\" data-id=\"bf86df4\" data-element_type=\"container\">\n\t\t\t\t\t<div class=\"e-con-inner\">\n\t\t\t\t<div class=\"elementor-element elementor-element-2427909 intro elementor-widget elementor-widget-text-editor\" data-id=\"2427909\" data-element_type=\"widget\" data-widget_type=\"text-editor.default\">\n\t\t\t\t<div class=\"elementor-widget-container\">\n\t\t\t\t\t\t\t\t\t<p>O Cemit\u00e9rio de Veteranos do Sudeste da Louisiana, localizado em Slidell, foi inaugurado em junho de 2014 e rapidamente se tornou o cemit\u00e9rio de veteranos de crescimento mais r\u00e1pido da Louisiana. \u00c0 medida que os locais de sepultamento iniciais s\u00e3o ocupados, o <a href=\"https:\/\/www.cem.va.gov\/\" target=\"_blank\" rel=\"noopener\">Administra\u00e7\u00e3o Nacional de Cemit\u00e9rios do Departamento de Assuntos de Veteranos dos EUA<\/a> Concede subs\u00eddios para desenvolver espa\u00e7o adicional, garantindo que todas as op\u00e7\u00f5es de sepultamento continuem dispon\u00edveis.<\/p><p>Ao visitar o cemit\u00e9rio, voc\u00ea ver\u00e1 nossa Torre do Sino com Carrilh\u00e3o, generosamente doada por <a href=\"https:\/\/www.amvets.org\/\" target=\"_blank\" rel=\"noopener\">AMVETS<\/a> quando o cemit\u00e9rio foi inaugurado. A torre do sino est\u00e1 localizada no C\u00edrculo Memorial, uma \u00e1rea serena e reflexiva que homenageia aqueles que serviram, mesmo ap\u00f3s o t\u00e9rmino de seu servi\u00e7o militar. O C\u00edrculo Memorial conta com bancos, um jardim com \u00e1rvores e um caminho de tijolos com nomes gravados, tudo isso viabilizado por meio de doa\u00e7\u00f5es de <a href=\"https:\/\/herosfarewell.com\/\" target=\"_blank\" rel=\"noopener\">Despedida do Her\u00f3i<\/a>.<\/p><p>No cora\u00e7\u00e3o do Memorial Circle ergue-se o impressionante monumento de bronze da Cruz do Campo de Batalha da Guerra Global contra o Terrorismo, tamb\u00e9m doado pela Hero&#039;s Farewell. Esta poderosa escultura apresenta um par de botas de combate, um fuzil erguido entre elas e um capacete no topo \u2014 um s\u00edmbolo solene e atemporal de respeito e sacrif\u00edcio por aqueles que deram suas vidas nos conflitos p\u00f3s-11 de setembro. Um diferencial deste monumento \u00e9 que os nomes de todos os militares da Louisiana mortos em a\u00e7\u00e3o durante a Guerra Global contra o Terrorismo est\u00e3o inscritos na base do pilar, garantindo que sua mem\u00f3ria seja permanentemente honrada na terra que um dia chamaram de lar.<\/p><p>Nas proximidades, voc\u00ea tamb\u00e9m encontrar\u00e1 uma fonte tranquila, localizada ao lado do abrigo para sepultamento, que foi doada por... <a href=\"https:\/\/www.kofc.org\/en\/\/index.html\" target=\"_blank\" rel=\"noopener\">Cavaleiros de Colombo<\/a>, oferecendo um espa\u00e7o tranquilo para reflex\u00e3o silenciosa.<\/p><p>Somos verdadeiramente privilegiados por termos algumas das melhores organiza\u00e7\u00f5es de veteranos como parceiras na cria\u00e7\u00e3o e manuten\u00e7\u00e3o de um local de descanso final honroso para nossos her\u00f3is locais. A equipe do Cemit\u00e9rio de Veteranos do Sudeste da Louisiana est\u00e1 aqui para ajudar as fam\u00edlias dos veteranos em momentos de necessidade.<\/p>\t\t\t\t\t\t\t\t<\/div>\n\t\t\t\t<\/div>\n\t\t\t\t<div class=\"elementor-element elementor-element-826909c photo-gallery elementor-widget elementor-widget-gallery\" data-id=\"826909c\" data-element_type=\"widget\" data-settings=\"{&quot;gallery_layout&quot;:&quot;masonry&quot;,&quot;columns&quot;:3,&quot;gap&quot;:{&quot;unit&quot;:&quot;px&quot;,&quot;size&quot;:15,&quot;sizes&quot;:[]},&quot;gap_tablet&quot;:{&quot;unit&quot;:&quot;px&quot;,&quot;size&quot;:15,&quot;sizes&quot;:[]},&quot;gap_mobile&quot;:{&quot;unit&quot;:&quot;px&quot;,&quot;size&quot;:15,&quot;sizes&quot;:[]},&quot;columns_tablet&quot;:3,&quot;lazyload&quot;:&quot;yes&quot;,&quot;columns_mobile&quot;:1,&quot;link_to&quot;:&quot;file&quot;,&quot;content_hover_animation&quot;:&quot;fade-in&quot;}\" data-widget_type=\"gallery.default\">\n\t\t\t\t<div class=\"elementor-widget-container\">\n\t\t\t\t\t\t\t<div class=\"elementor-gallery__container\">\n\t\t\t\t\t\t\t<a class=\"e-gallery-item elementor-gallery-item elementor-animated-content\" href=\"https:\/\/vetaffairs.la.gov\/wp-content\/uploads\/2025\/06\/LDVA-cemetary-slidell-04.webp\" data-elementor-open-lightbox=\"yes\" data-elementor-lightbox-slideshow=\"826909c\" data-e-action-hash=\"#elementor-action%3Aaction%3Dlightbox%26settings%3DeyJpZCI6NjA2MSwidXJsIjoiaHR0cHM6XC9cL3ZldGFmZmFpcnMubGEuZ292XC93cC1jb250ZW50XC91cGxvYWRzXC8yMDI1XC8wNlwvTERWQS1jZW1ldGFyeS1zbGlkZWxsLTA0LndlYnAiLCJzbGlkZXNob3ciOiI4MjY5MDljIn0%3D\">\n\t\t\t\t\t<div class=\"e-gallery-image elementor-gallery-item__image\" data-thumbnail=\"https:\/\/vetaffairs.la.gov\/wp-content\/uploads\/2025\/06\/LDVA-cemetary-slidell-04.webp\" data-width=\"1200\" data-height=\"800\" aria-label=\"L\u00e1pide do Cemit\u00e9rio de Veteranos de Slidell com flores e bandeira.\" role=\"img\" ><\/div>\n\t\t\t\t\t\t\t\t\t\t\t\t\t\t<\/a>\n\t\t\t\t\t\t\t<a class=\"e-gallery-item elementor-gallery-item elementor-animated-content\" href=\"https:\/\/vetaffairs.la.gov\/wp-content\/uploads\/2025\/06\/LDVA-cemetary-slidell-03.webp\" data-elementor-open-lightbox=\"yes\" data-elementor-lightbox-slideshow=\"826909c\" data-e-action-hash=\"#elementor-action%3Aaction%3Dlightbox%26settings%3DeyJpZCI6NjA2MCwidXJsIjoiaHR0cHM6XC9cL3ZldGFmZmFpcnMubGEuZ292XC93cC1jb250ZW50XC91cGxvYWRzXC8yMDI1XC8wNlwvTERWQS1jZW1ldGFyeS1zbGlkZWxsLTAzLndlYnAiLCJzbGlkZXNob3ciOiI4MjY5MDljIn0%3D\">\n\t\t\t\t\t<div class=\"e-gallery-image elementor-gallery-item__image\" data-thumbnail=\"https:\/\/vetaffairs.la.gov\/wp-content\/uploads\/2025\/06\/LDVA-cemetary-slidell-03.webp\" data-width=\"1200\" data-height=\"800\" aria-label=\"Fonte do Cemit\u00e9rio de Veteranos de Slidell\" role=\"img\" ><\/div>\n\t\t\t\t\t\t\t\t\t\t\t\t\t\t<\/a>\n\t\t\t\t\t\t\t<a class=\"e-gallery-item elementor-gallery-item elementor-animated-content\" href=\"https:\/\/vetaffairs.la.gov\/wp-content\/uploads\/2025\/06\/LDVA-cemetary-slidell-02.webp\" data-elementor-open-lightbox=\"yes\" data-elementor-lightbox-slideshow=\"826909c\" data-e-action-hash=\"#elementor-action%3Aaction%3Dlightbox%26settings%3DeyJpZCI6NjA1OSwidXJsIjoiaHR0cHM6XC9cL3ZldGFmZmFpcnMubGEuZ292XC93cC1jb250ZW50XC91cGxvYWRzXC8yMDI1XC8wNlwvTERWQS1jZW1ldGFyeS1zbGlkZWxsLTAyLndlYnAiLCJzbGlkZXNob3ciOiI4MjY5MDljIn0%3D\">\n\t\t\t\t\t<div class=\"e-gallery-image elementor-gallery-item__image\" data-thumbnail=\"https:\/\/vetaffairs.la.gov\/wp-content\/uploads\/2025\/06\/LDVA-cemetary-slidell-02.webp\" data-width=\"1200\" data-height=\"800\" aria-label=\"Cemit\u00e9rio de Veteranos de Slidell\" role=\"img\" ><\/div>\n\t\t\t\t\t\t\t\t\t\t\t\t\t\t<\/a>\n\t\t\t\t\t\t\t<a class=\"e-gallery-item elementor-gallery-item elementor-animated-content\" href=\"https:\/\/vetaffairs.la.gov\/wp-content\/uploads\/2025\/06\/LDVA-cemetary-slidell-01.webp\" data-elementor-open-lightbox=\"yes\" data-elementor-lightbox-slideshow=\"826909c\" data-e-action-hash=\"#elementor-action%3Aaction%3Dlightbox%26settings%3DeyJpZCI6NjA1OCwidXJsIjoiaHR0cHM6XC9cL3ZldGFmZmFpcnMubGEuZ292XC93cC1jb250ZW50XC91cGxvYWRzXC8yMDI1XC8wNlwvTERWQS1jZW1ldGFyeS1zbGlkZWxsLTAxLndlYnAiLCJzbGlkZXNob3ciOiI4MjY5MDljIn0%3D\">\n\t\t\t\t\t<div class=\"e-gallery-image elementor-gallery-item__image\" data-thumbnail=\"https:\/\/vetaffairs.la.gov\/wp-content\/uploads\/2025\/06\/LDVA-cemetary-slidell-01.webp\" data-width=\"1200\" data-height=\"800\" aria-label=\"L\u00e1pides do Cemit\u00e9rio de Veteranos de Slidell\" role=\"img\" ><\/div>\n\t\t\t\t\t\t\t\t\t\t\t\t\t\t<\/a>\n\t\t\t\t\t\t\t<a class=\"e-gallery-item elementor-gallery-item elementor-animated-content\" href=\"https:\/\/vetaffairs.la.gov\/wp-content\/uploads\/2025\/06\/LDVA-cemetary-slidell-05.webp\" data-elementor-open-lightbox=\"yes\" data-elementor-lightbox-slideshow=\"826909c\" data-e-action-hash=\"#elementor-action%3Aaction%3Dlightbox%26settings%3DeyJpZCI6NjA2MiwidXJsIjoiaHR0cHM6XC9cL3ZldGFmZmFpcnMubGEuZ292XC93cC1jb250ZW50XC91cGxvYWRzXC8yMDI1XC8wNlwvTERWQS1jZW1ldGFyeS1zbGlkZWxsLTA1LndlYnAiLCJzbGlkZXNob3ciOiI4MjY5MDljIn0%3D\">\n\t\t\t\t\t<div class=\"e-gallery-image elementor-gallery-item__image\" data-thumbnail=\"https:\/\/vetaffairs.la.gov\/wp-content\/uploads\/2025\/06\/LDVA-cemetary-slidell-05.webp\" data-width=\"1200\" data-height=\"800\" aria-label=\"Bandeiras do Cemit\u00e9rio de Veteranos de Slidell\" role=\"img\" ><\/div>\n\t\t\t\t\t\t\t\t\t\t\t\t\t\t<\/a>\n\t\t\t\t\t\t\t<a class=\"e-gallery-item elementor-gallery-item elementor-animated-content\" href=\"https:\/\/vetaffairs.la.gov\/wp-content\/uploads\/2025\/06\/LDVA-cemetery-slidell-BlueStarSign.webp\" data-elementor-open-lightbox=\"yes\" data-elementor-lightbox-slideshow=\"826909c\" data-e-action-hash=\"#elementor-action%3Aaction%3Dlightbox%26settings%3DeyJpZCI6NjEzOCwidXJsIjoiaHR0cHM6XC9cL3ZldGFmZmFpcnMubGEuZ292XC93cC1jb250ZW50XC91cGxvYWRzXC8yMDI1XC8wNlwvTERWQS1jZW1ldGVyeS1zbGlkZWxsLUJsdWVTdGFyU2lnbi53ZWJwIiwic2xpZGVzaG93IjoiODI2OTA5YyJ9\">\n\t\t\t\t\t<div class=\"e-gallery-image elementor-gallery-item__image\" data-thumbnail=\"https:\/\/vetaffairs.la.gov\/wp-content\/uploads\/2025\/06\/LDVA-cemetery-slidell-BlueStarSign.webp\" data-width=\"1200\" data-height=\"800\" aria-label=\"Rua do Cemit\u00e9rio de Veteranos de Slidell\" role=\"img\" ><\/div>\n\t\t\t\t\t\t\t\t\t\t\t\t\t\t<\/a>\n\t\t\t\t\t<\/div>\n\t\t\t\t\t<\/div>\n\t\t\t\t<\/div>\n\t\t\t\t<div class=\"elementor-element elementor-element-ffaa52c intro elementor-widget elementor-widget-text-editor\" data-id=\"ffaa52c\" data-element_type=\"widget\" data-widget_type=\"text-editor.default\">\n\t\t\t\t<div class=\"elementor-widget-container\">\n\t\t\t\t\t\t\t\t\t<h2>Verificar elegibilidade<\/h2><p><a href=\"\/pt\/cemiterios\/#eligibility\">Informa\u00e7\u00f5es sobre elegibilidade<\/a> Est\u00e1 dispon\u00edvel na nossa p\u00e1gina principal de cemit\u00e9rios. Se desejar verificar a sua elegibilidade para ser sepultado no nosso cemit\u00e9rio, preencha o formul\u00e1rio. <a href=\"\/pt\/pedido-de-sepultamento-antecipado\/\">Envie o pedido de pr\u00e9-necessidade.<\/a>.<\/p>\t\t\t\t\t\t\t\t<\/div>\n\t\t\t\t<\/div>\n\t\t\t\t<div class=\"elementor-element elementor-element-5886ef0 intro elementor-widget elementor-widget-text-editor\" data-id=\"5886ef0\" data-element_type=\"widget\" data-widget_type=\"text-editor.default\">\n\t\t\t\t<div class=\"elementor-widget-container\">\n\t\t\t\t\t\t\t\t\t<h2>Agendar um enterro<\/h2><p><a href=\"\/pt\/cemiterios\/#burial-services\">Informa\u00e7\u00f5es sobre servi\u00e7os funer\u00e1rios<\/a> Tamb\u00e9m est\u00e1 dispon\u00edvel na nossa p\u00e1gina principal de cemit\u00e9rios. Se desejar ser sepultado(a) em nosso cemit\u00e9rio, preencha o formul\u00e1rio e <a href=\"\/pt\/pedido-de-sepultamento-antecipado\/\">apresentar o pedido de sepultamento<\/a>.<\/p>\t\t\t\t\t\t\t\t<\/div>\n\t\t\t\t<\/div>\n\t\t\t\t<div class=\"elementor-element elementor-element-8b68b05 intro elementor-widget elementor-widget-text-editor\" data-id=\"8b68b05\" data-element_type=\"widget\" data-widget_type=\"text-editor.default\">\n\t\t\t\t<div class=\"elementor-widget-container\">\n\t\t\t\t\t\t\t\t\t<h2>Eventos<\/h2><p>13 de dezembro: Dia das Coroas de Flores pela Am\u00e9rica<\/p>\t\t\t\t\t\t\t\t<\/div>\n\t\t\t\t<\/div>\n\t\t\t\t<div class=\"elementor-element elementor-element-a4349ce intro elementor-widget elementor-widget-text-editor\" data-id=\"a4349ce\" data-element_type=\"widget\" data-widget_type=\"text-editor.default\">\n\t\t\t\t<div class=\"elementor-widget-container\">\n\t\t\t\t\t\t\t\t\t<h2>Como ajudar<\/h2><p>Agradecemos a presen\u00e7a de volunt\u00e1rios que desejam homenagear nossos veteranos, ajudando a manter a dignidade do nosso cemit\u00e9rio. A ajuda de volunt\u00e1rios \u00e9 especialmente bem-vinda em dias de eventos, como o Dia da Mem\u00f3ria e... <a href=\"https:\/\/www.wreathsacrossamerica.org\/\" target=\"_blank\" rel=\"noopener\">Dia das Coroas de Flores pela Am\u00e9rica<\/a>, quando m\u00e3os extras tornam essas cerim\u00f4nias importantes poss\u00edveis. Tamb\u00e9m aceitamos volunt\u00e1rios durante a semana para auxiliar em tarefas como limpeza de l\u00e1pides, plantio de flores, capina e manuten\u00e7\u00e3o geral do terreno. <a href=\"\/pt\/voluntario\/\">Contate-nos<\/a> Para descobrir como voc\u00ea pode ajudar.<\/p>\t\t\t\t\t\t\t\t<\/div>\n\t\t\t\t<\/div>\n\t\t\t\t<div class=\"elementor-element elementor-element-450110d intro elementor-widget elementor-widget-text-editor\" data-id=\"450110d\" data-element_type=\"widget\" data-widget_type=\"text-editor.default\">\n\t\t\t\t<div class=\"elementor-widget-container\">\n\t\t\t\t\t\t\t\t\t<h2>Hor\u00e1rio de funcionamento<\/h2><p>Hor\u00e1rio de atendimento: Segunda a sexta, das 8h \u00e0s 16h30.<br \/>Hor\u00e1rio de funcionamento: Do amanhecer ao anoitecer, diariamente.<\/p>\t\t\t\t\t\t\t\t<\/div>\n\t\t\t\t<\/div>\n\t\t\t\t<div class=\"elementor-element elementor-element-b5309df elementor-widget elementor-widget-heading\" data-id=\"b5309df\" data-element_type=\"widget\" data-widget_type=\"heading.default\">\n\t\t\t\t<div class=\"elementor-widget-container\">\n\t\t\t\t\t<h2 class=\"elementor-heading-title elementor-size-default\">Contate-nos<\/h2>\t\t\t\t<\/div>\n\t\t\t\t<\/div>\n\t\t\t\t<div class=\"elementor-element elementor-element-b565ce3 intro elementor-widget elementor-widget-text-editor\" data-id=\"b565ce3\" data-element_type=\"widget\" data-widget_type=\"text-editor.default\">\n\t\t\t\t<div class=\"elementor-widget-container\">\n\t\t\t\t\t\t\t\t\t<p>Daniele Palen, Diretor<br \/>Kori Luther, Coordenadora Administrativa<\/p>\t\t\t\t\t\t\t\t<\/div>\n\t\t\t\t<\/div>\n\t\t\t\t<div class=\"elementor-element elementor-element-6208bf8 elementor-list-item-link-full_width elementor-widget elementor-widget-icon-list\" data-id=\"6208bf8\" data-element_type=\"widget\" data-widget_type=\"icon-list.default\">\n\t\t\t\t<div class=\"elementor-widget-container\">\n\t\t\t\t\t\t\t<ul class=\"elementor-icon-list-items\">\n\t\t\t\t\t\t\t<li class=\"elementor-icon-list-item\">\n\t\t\t\t\t\t\t\t\t\t\t<span class=\"elementor-icon-list-icon\">\n\t\t\t\t\t\t\t<svg aria-hidden=\"true\" class=\"e-font-icon-svg e-fas-map-marker-alt\" viewbox=\"0 0 384 512\" xmlns=\"http:\/\/www.w3.org\/2000\/svg\"><path d=\"M172.268 501.67C26.97 291.031 0 269.413 0 192 0 85.961 85.961 0 192 0s192 85.961 192 192c0 77.413-26.97 99.031-172.268 309.67-9.535 13.774-29.93 13.773-39.464 0zM192 272c44.183 0 80-35.817 80-80s-35.817-80-80-80-80 35.817-80 80 35.817 80 80 80z\"><\/path><\/svg>\t\t\t\t\t\t<\/span>\n\t\t\t\t\t\t\t\t\t\t<span class=\"elementor-icon-list-text\">34888 Grantham College Drive, Slidell, LA 70460<\/span>\n\t\t\t\t\t\t\t\t\t<\/li>\n\t\t\t\t\t\t\t\t<li class=\"elementor-icon-list-item\">\n\t\t\t\t\t\t\t\t\t\t\t<span class=\"elementor-icon-list-icon\">\n\t\t\t\t\t\t\t<svg aria-hidden=\"true\" class=\"e-font-icon-svg e-fas-phone-alt\" viewbox=\"0 0 512 512\" xmlns=\"http:\/\/www.w3.org\/2000\/svg\"><path d=\"M497.39 361.8l-112-48a24 24 0 0 0-28 6.9l-49.6 60.6A370.66 370.66 0 0 1 130.6 204.11l60.6-49.6a23.94 23.94 0 0 0 6.9-28l-48-112A24.16 24.16 0 0 0 122.6.61l-104 24A24 24 0 0 0 0 48c0 256.5 207.9 464 464 464a24 24 0 0 0 23.4-18.6l24-104a24.29 24.29 0 0 0-14.01-27.6z\"><\/path><\/svg>\t\t\t\t\t\t<\/span>\n\t\t\t\t\t\t\t\t\t\t<span class=\"elementor-icon-list-text\"><a href=\"tel:9856466458\">(985) 646-6458<\/a><\/span>\n\t\t\t\t\t\t\t\t\t<\/li>\n\t\t\t\t\t\t\t\t<li class=\"elementor-icon-list-item\">\n\t\t\t\t\t\t\t\t\t\t\t<span class=\"elementor-icon-list-icon\">\n\t\t\t\t\t\t\t<svg aria-hidden=\"true\" class=\"e-font-icon-svg e-fas-at\" viewbox=\"0 0 512 512\" xmlns=\"http:\/\/www.w3.org\/2000\/svg\"><path d=\"M256 8C118.941 8 8 118.919 8 256c0 137.059 110.919 248 248 248 48.154 0 95.342-14.14 135.408-40.223 12.005-7.815 14.625-24.288 5.552-35.372l-10.177-12.433c-7.671-9.371-21.179-11.667-31.373-5.129C325.92 429.757 291.314 440 256 440c-101.458 0-184-82.542-184-184S154.542 72 256 72c100.139 0 184 57.619 184 160 0 38.786-21.093 79.742-58.17 83.693-17.349-.454-16.91-12.857-13.476-30.024l23.433-121.11C394.653 149.75 383.308 136 368.225 136h-44.981a13.518 13.518 0 0 0-13.432 11.993l-.01.092c-14.697-17.901-40.448-21.775-59.971-21.775-74.58 0-137.831 62.234-137.831 151.46 0 65.303 36.785 105.87 96 105.87 26.984 0 57.369-15.637 74.991-38.333 9.522 34.104 40.613 34.103 70.71 34.103C462.609 379.41 504 307.798 504 232 504 95.653 394.023 8 256 8zm-21.68 304.43c-22.249 0-36.07-15.623-36.07-40.771 0-44.993 30.779-72.729 58.63-72.729 22.292 0 35.601 15.241 35.601 40.77 0 45.061-33.875 72.73-58.161 72.73z\"><\/path><\/svg>\t\t\t\t\t\t<\/span>\n\t\t\t\t\t\t\t\t\t\t<span class=\"elementor-icon-list-text\"><a href=\"mailto:slvc@la.gov\">slvc@la.gov<\/a><\/span>\n\t\t\t\t\t\t\t\t\t<\/li>\n\t\t\t\t\t\t<\/ul>\n\t\t\t\t\t\t<\/div>\n\t\t\t\t<\/div>\n\t\t\t\t<div class=\"elementor-element elementor-element-6fcf051 elementor-view-stacked elementor-shape-circle elementor-widget elementor-widget-icon\" data-id=\"6fcf051\" data-element_type=\"widget\" data-widget_type=\"icon.default\">\n\t\t\t\t<div class=\"elementor-widget-container\">\n\t\t\t\t\t\t\t<div class=\"elementor-icon-wrapper\">\n\t\t\t<a class=\"elementor-icon elementor-animation-grow\" href=\"https:\/\/www.facebook.com\/SELVC.la.gov\" target=\"_blank\" rel=\"noopener\">\n\t\t\t<svg aria-hidden=\"true\" class=\"e-font-icon-svg e-fab-facebook-f\" viewbox=\"0 0 320 512\" xmlns=\"http:\/\/www.w3.org\/2000\/svg\"><path d=\"M279.14 288l14.22-92.66h-88.91v-60.13c0-25.35 12.42-50.06 52.24-50.06h40.42V6.26S260.43 0 225.36 0c-73.22 0-121.08 44.38-121.08 124.72v70.62H22.89V288h81.39v224h100.17V288z\"><\/path><\/svg>\t\t\t<\/a>\n\t\t<\/div>\n\t\t\t\t\t\t<\/div>\n\t\t\t\t<\/div>\n\t\t\t\t\t<\/div>\n\t\t\t\t<\/div>\n\t\t\t\t<\/div>","protected":false},"excerpt":{"rendered":"<p>O Cemit\u00e9rio de Veteranos do Sudeste da Louisiana, localizado em Slidell, foi inaugurado em junho de 2014 e rapidamente se tornou o cemit\u00e9rio de veteranos de crescimento mais r\u00e1pido\u2026<\/p>","protected":false},"author":7,"featured_media":0,"parent":37,"menu_order":0,"comment_status":"closed","ping_status":"closed","template":"","meta":{"_acf_changed":false,"footnotes":"","_links_to":"","_links_to_target":""},"class_list":["post-71","page","type-page","status-publish","hentry"],"acf":[],"_links":{"self":[{"href":"https:\/\/vetaffairs.la.gov\/pt\/wp-json\/wp\/v2\/pages\/71","targetHints":{"allow":["GET"]}}],"collection":[{"href":"https:\/\/vetaffairs.la.gov\/pt\/wp-json\/wp\/v2\/pages"}],"about":[{"href":"https:\/\/vetaffairs.la.gov\/pt\/wp-json\/wp\/v2\/types\/page"}],"author":[{"embeddable":true,"href":"https:\/\/vetaffairs.la.gov\/pt\/wp-json\/wp\/v2\/users\/7"}],"replies":[{"embeddable":true,"href":"https:\/\/vetaffairs.la.gov\/pt\/wp-json\/wp\/v2\/comments?post=71"}],"version-history":[{"count":0,"href":"https:\/\/vetaffairs.la.gov\/pt\/wp-json\/wp\/v2\/pages\/71\/revisions"}],"up":[{"embeddable":true,"href":"https:\/\/vetaffairs.la.gov\/pt\/wp-json\/wp\/v2\/pages\/37"}],"wp:attachment":[{"href":"https:\/\/vetaffairs.la.gov\/pt\/wp-json\/wp\/v2\/media?parent=71"}],"curies":[{"name":"wp","href":"https:\/\/api.w.org\/{rel}","templated":true}]}}