{"id":61,"date":"2025-02-24T15:38:19","date_gmt":"2025-02-24T21:38:19","guid":{"rendered":"https:\/\/veteran-affairs-louisiana.local\/?page_id=61"},"modified":"2026-04-06T16:16:18","modified_gmt":"2026-04-06T21:16:18","slug":"federal","status":"publish","type":"page","link":"https:\/\/vetaffairs.la.gov\/pt\/benefits\/federal","title":{"rendered":"Benef\u00edcios Federais"},"content":{"rendered":"<div data-elementor-type=\"wp-page\" data-elementor-id=\"61\" class=\"elementor elementor-61\" data-elementor-post-type=\"page\">\n\t\t\t\t<div class=\"elementor-element elementor-element-b064650 e-flex e-con-boxed e-con e-parent\" data-id=\"b064650\" data-element_type=\"container\">\n\t\t\t\t\t<div class=\"e-con-inner\">\n\t\t\t\t<div class=\"elementor-element elementor-element-3a4931f intro elementor-widget elementor-widget-text-editor\" data-id=\"3a4931f\" data-element_type=\"widget\" data-widget_type=\"text-editor.default\">\n\t\t\t\t<div class=\"elementor-widget-container\">\n\t\t\t\t\t\t\t\t\t<p>De acordo com o <a href=\"https:\/\/www.va.gov\/\" target=\"_blank\" rel=\"noopener\">Departamento de Assuntos de Veteranos dos EUA<\/a>, A Louisiana abriga mais de 261.000 veteranos e suas fam\u00edlias. Embora as fun\u00e7\u00f5es do Departamento de Assuntos de Veteranos (VA) federal e do Departamento de Assuntos de Veteranos da Louisiana (LDVA) sejam diferentes, a miss\u00e3o de servir aqueles que serviram permanece a mesma.<\/p><p>Todos os benef\u00edcios, federais e estaduais, podem ser acessados por meio de um de nossos conselheiros de assist\u00eancia a veteranos (VACs) credenciados pelo Departamento de Assuntos de Veteranos (VA) federal. Nossos VACs oferecem todos os servi\u00e7os, incluindo o preenchimento de formul\u00e1rios de solicita\u00e7\u00e3o em nome dos veteranos junto ao VA federal, gratuitamente.<\/p><p>Os veteranos podem encontrar mais informa\u00e7\u00f5es sobre benef\u00edcios federais adicionais do Departamento de Assuntos de Veteranos (VA) em <a href=\"\/pt\/locais\/\">localizar um de nossos VACs<\/a> ou visitando <a href=\"http:\/\/va.gov\" target=\"_blank\" rel=\"noopener\">va.gov<\/a>.<\/p>\t\t\t\t\t\t\t\t<\/div>\n\t\t\t\t<\/div>\n\t\t\t\t<div class=\"elementor-element elementor-element-5a703b8 elementor-widget elementor-widget-ada_collapsible\" data-id=\"5a703b8\" data-element_type=\"widget\" data-widget_type=\"ada_collapsible.default\">\n\t\t\t\t<div class=\"elementor-widget-container\">\n\t\t\t\t\t        <div class=\"clps-wrapper\"> \r\n                            <div class=\"clps\">\r\n                    <button class=\"clps-trigger\" aria-expanded=\"false\">Benef\u00edcios para veteranos<\/button>\r\n                    <div class=\"clps-body\"><p>O <a href=\"https:\/\/department.va.gov\/wp-content\/uploads\/2024\/12\/2025-Federal-Benefits-for-Veterans-Dependents-and-Survivors.pdf\" target=\"_blank\" rel=\"noopener\">Guia de Benef\u00edcios Federais de 2025<\/a> Fornece informa\u00e7\u00f5es sobre os benef\u00edcios e servi\u00e7os atualmente dispon\u00edveis por lei e regulamenta\u00e7\u00e3o, incluindo uma lista completa de n\u00fameros de telefone e sites dos servi\u00e7os do Departamento de Assuntos de Veteranos dos EUA.<\/p><\/div>\r\n                <\/div>\r\n                                <div class=\"clps\">\r\n                    <button class=\"clps-trigger\" aria-expanded=\"false\">Benef\u00edcios de Educa\u00e7\u00e3o e Treinamento<\/button>\r\n                    <div class=\"clps-body\"><p>O <a href=\"https:\/\/www.benefits.va.gov\/gibill\/\" target=\"_blank\" rel=\"noopener\">benef\u00edcios educacionais do Departamento de Assuntos de Veteranos (VA) federal<\/a> Ajudar os veteranos e seus familiares a atingirem seus objetivos educacionais e de treinamento por meio de benef\u00edcios como o <a href=\"\/pt\/educacao\/beneficios-para-veteranos\/\">Projeto de Lei GI<sup>\u00ae<\/sup><\/a> e <a href=\"https:\/\/www.benefits.va.gov\/vocrehab\/index.asp\" target=\"_blank\" rel=\"noopener\">Prepara\u00e7\u00e3o e Emprego para Veteranos<\/a>. Os conselheiros de assist\u00eancia a veteranos da LDVA podem ajudar um veterano ou membro da fam\u00edlia a se inscrever, e mais informa\u00e7\u00f5es podem ser obtidas ligando para o GI Bill.<sup>\u00ae<\/sup> Linha direta em <a href=\"tel:8884424551\">888.GIBILL.1<\/a> (<a href=\"tel:8884424551\">888.442.4551<\/a>).<\/p><\/div>\r\n                <\/div>\r\n                                <div class=\"clps\">\r\n                    <button class=\"clps-trigger\" aria-expanded=\"false\">Benef\u00edcios de sepultamento e memorial<\/button>\r\n                    <div class=\"clps-body\"><p><a href=\"https:\/\/www.va.gov\/burials-memorials\/\" target=\"_blank\" rel=\"noopener\">Benef\u00edcios funer\u00e1rios do Departamento de Assuntos de Veteranos dos EUA<\/a> Pode ajudar veteranos e seus familiares a planejar e pagar pelo sepultamento em um cemit\u00e9rio da Administra\u00e7\u00e3o de Veteranos (VA). Os familiares tamb\u00e9m podem encomendar objetos memoriais para homenagear o servi\u00e7o prestado por um veterano, a serem colocados em um cemit\u00e9rio particular. <a href=\"\/pt\/locais\/\">Encontre um centro de triagem perto de voc\u00ea.<\/a> Para receber assist\u00eancia neste processo, a fim de garantir que o veterano, ou seu c\u00f4njuge ou dependente, tenha um local de descanso final digno e honrado.<\/p><\/div>\r\n                <\/div>\r\n                                <div class=\"clps\">\r\n                    <button class=\"clps-trigger\" aria-expanded=\"false\">Assist\u00eancia m\u00e9dica<\/button>\r\n                    <div class=\"clps-body\"><p>O <a href=\"\/pt\/locais\/\">O Departamento de Assuntos de Veteranos (VA) federal oferece assist\u00eancia m\u00e9dica.<\/a> A LDVA oferece atendimento a veteranos na Louisiana por meio de seus centros m\u00e9dicos, cl\u00ednicas ambulatoriais comunit\u00e1rias (CBOC) e centros de atendimento a veteranos. A LDVA n\u00e3o administra servi\u00e7os de sa\u00fade; no entanto, nossa equipe pode encaminhar veteranos a um dos tr\u00eas centros m\u00e9dicos da Administra\u00e7\u00e3o de Veteranos (VA) da Louisiana.<\/p><h2>Centro M\u00e9dico de Veteranos de Alexandria<\/h2><ul><li>2495 Shreveport Highway, Pineville, LA 71360<\/li><li><a href=\"tel:3184730010\">318.473.0010<\/a><\/li><\/ul><h2>Sistema de Sa\u00fade do Sudeste da Louisiana (Centro M\u00e9dico de Veteranos de Nova Orleans)<\/h2><ul><li>2400 Canal St., Nova Orleans, LA 70119<\/li><li><a href=\"tel:8009358387\">800.935.8387<\/a><\/li><\/ul><h2>Centro M\u00e9dico de Veteranos Overton Brooks<\/h2><ul><li>510 E. Stoner Ave., Shreveport, LA 71101<\/li><li><a href=\"tel:3182218411\">318.221.8411<\/a><\/li><\/ul><p>Para localizar uma cl\u00ednica ambulatorial ou centro veterin\u00e1rio comunit\u00e1rio, visite o <a href=\"https:\/\/www.va.gov\/find-locations\/?facilityType=health\" target=\"_blank\" rel=\"noopener\">diret\u00f3rio federal do VA<\/a>.\u00a0<\/p><\/div>\r\n                <\/div>\r\n                            \r\n        <\/div>\r\n        \t\t\t\t<\/div>\n\t\t\t\t<\/div>\n\t\t\t\t\t<\/div>\n\t\t\t\t<\/div>\n\t\t\t\t<\/div>","protected":false},"excerpt":{"rendered":"<p>Segundo o Departamento de Assuntos de Veteranos dos EUA, a Louisiana abriga mais de 261.000 veteranos e suas fam\u00edlias. Enquanto isso\u2026<\/p>","protected":false},"author":7,"featured_media":0,"parent":34,"menu_order":0,"comment_status":"closed","ping_status":"closed","template":"","meta":{"_acf_changed":false,"footnotes":"","_links_to":"","_links_to_target":""},"class_list":["post-61","page","type-page","status-publish","hentry"],"acf":[],"_links":{"self":[{"href":"https:\/\/vetaffairs.la.gov\/pt\/wp-json\/wp\/v2\/pages\/61","targetHints":{"allow":["GET"]}}],"collection":[{"href":"https:\/\/vetaffairs.la.gov\/pt\/wp-json\/wp\/v2\/pages"}],"about":[{"href":"https:\/\/vetaffairs.la.gov\/pt\/wp-json\/wp\/v2\/types\/page"}],"author":[{"embeddable":true,"href":"https:\/\/vetaffairs.la.gov\/pt\/wp-json\/wp\/v2\/users\/7"}],"replies":[{"embeddable":true,"href":"https:\/\/vetaffairs.la.gov\/pt\/wp-json\/wp\/v2\/comments?post=61"}],"version-history":[{"count":0,"href":"https:\/\/vetaffairs.la.gov\/pt\/wp-json\/wp\/v2\/pages\/61\/revisions"}],"up":[{"embeddable":true,"href":"https:\/\/vetaffairs.la.gov\/pt\/wp-json\/wp\/v2\/pages\/34"}],"wp:attachment":[{"href":"https:\/\/vetaffairs.la.gov\/pt\/wp-json\/wp\/v2\/media?parent=61"}],"curies":[{"name":"wp","href":"https:\/\/api.w.org\/{rel}","templated":true}]}}