{"id":60,"date":"2025-02-24T15:37:48","date_gmt":"2025-02-24T21:37:48","guid":{"rendered":"https:\/\/veteran-affairs-louisiana.local\/?page_id=60"},"modified":"2026-04-06T16:26:47","modified_gmt":"2026-04-06T21:26:47","slug":"estado","status":"publish","type":"page","link":"https:\/\/vetaffairs.la.gov\/pt\/benefits\/state","title":{"rendered":"Benef\u00edcios Estaduais"},"content":{"rendered":"<div data-elementor-type=\"wp-page\" data-elementor-id=\"60\" class=\"elementor elementor-60\" data-elementor-post-type=\"page\">\n\t\t\t\t<div class=\"elementor-element elementor-element-31b7ec1 e-flex e-con-boxed e-con e-parent\" data-id=\"31b7ec1\" data-element_type=\"container\">\n\t\t\t\t\t<div class=\"e-con-inner\">\n\t\t\t\t<div class=\"elementor-element elementor-element-bbc1a4b intro elementor-widget elementor-widget-text-editor\" data-id=\"bbc1a4b\" data-element_type=\"widget\" data-widget_type=\"text-editor.default\">\n\t\t\t\t<div class=\"elementor-widget-container\">\n\t\t\t\t\t\t\t\t\t<p>A Louisiana \u00e9 um estado amigo dos veteranos! Temos muito orgulho do que oferecemos aos veteranos e esperamos que esta informa\u00e7\u00e3o demonstre o nosso compromisso com a comunidade de veteranos.<\/p><p>Diferentemente de outros estados, a Louisiana possui pelo menos um escrit\u00f3rio de atendimento a veteranos em cada par\u00f3quia, proporcionando aos veteranos acesso a nossos conselheiros de assist\u00eancia a veteranos (VACs) perto de suas casas. Para obter mais informa\u00e7\u00f5es sobre os benef\u00edcios estaduais listados abaixo ou para agendar uma consulta com um de nossos VACs, <a href=\"\/pt\/locais\/\">Utilize nosso localizador de escrit\u00f3rios de atendimento.<\/a>.<\/p>\t\t\t\t\t\t\t\t<\/div>\n\t\t\t\t<\/div>\n\t\t\t\t<div class=\"elementor-element elementor-element-dcc84f1 elementor-widget elementor-widget-ada_collapsible\" data-id=\"dcc84f1\" data-element_type=\"widget\" data-widget_type=\"ada_collapsible.default\">\n\t\t\t\t<div class=\"elementor-widget-container\">\n\t\t\t\t\t        <div class=\"clps-wrapper\"> \r\n                            <div class=\"clps\">\r\n                    <button class=\"clps-trigger\" aria-expanded=\"false\">Estacionamento do aeroporto e do terminal de cruzeiros<\/button>\r\n                    <div class=\"clps-body\"><h3>Estacionamento para veteranos com defici\u00eancia nos aeroportos da Louisiana<\/h3><p>Veteranos que receberam uma classifica\u00e7\u00e3o de incapacidade relacionada ao servi\u00e7o militar de pelo menos 50% podem ter direito a estacionamento gratuito nos aeroportos da Louisiana por qualquer per\u00edodo de tempo. Para receber esse benef\u00edcio, os veteranos precisar\u00e3o de um formul\u00e1rio certificado por um de nossos consultores de assist\u00eancia a veteranos, bem como seu itiner\u00e1rio. Os requisitos podem variar de acordo com o aeroporto.<\/p><h3>Estacionamento para veteranos com defici\u00eancia no terminal de cruzeiros do Porto de Nova Orleans<\/h3><p>Veteranos que receberam uma classifica\u00e7\u00e3o de incapacidade relacionada ao servi\u00e7o de pelo menos 50% t\u00eam direito a estacionamento gratuito no terminal de cruzeiros do Porto de Nova Orleans por sete dias. Os veteranos precisar\u00e3o de um formul\u00e1rio certificado por um de nossos VACs, bem como uma placa de ve\u00edculo com homenagem militar.<\/p><\/div>\r\n                <\/div>\r\n                                <div class=\"clps\">\r\n                    <button class=\"clps-trigger\" aria-expanded=\"false\">Desconto no seguro auto<\/button>\r\n                    <div class=\"clps-body\"><p>Militares aposentados e veteranos com defici\u00eancia de grau 50% ou superior podem ser eleg\u00edveis para um desconto de 25% no seguro auto, a crit\u00e9rio da seguradora. O desconto no pr\u00eamio \u00e9 aplic\u00e1vel a qualquer ap\u00f3lice de seguro de responsabilidade civil para ve\u00edculos automotores contratada na Louisiana, pertencente ao militar. Para mais informa\u00e7\u00f5es, entre em contato com sua seguradora.<\/p><\/div>\r\n                <\/div>\r\n                                <div class=\"clps\">\r\n                    <button class=\"clps-trigger\" aria-expanded=\"false\">Carteira de Habilita\u00e7\u00e3o e Placas de Ve\u00edculos<\/button>\r\n                    <div class=\"clps-body\"><h3>Designa\u00e7\u00e3o de veterano e descontos na Louisiana<\/h3><h4>Carteiras de motorista e documentos de identidade<\/h4><p>Os veteranos da Louisiana agora podem ser reconhecidos por meio de uma designa\u00e7\u00e3o especial &quot;VETERANO&quot; em sua carteira de habilita\u00e7\u00e3o ou documento de identidade oficial da Louisiana. \u00c9 necess\u00e1rio comprovar o status de veterano. Para mais informa\u00e7\u00f5es, visite [link para o site]. <a href=\"http:\/\/www.expresslane.org\/\" target=\"_blank\" rel=\"noopener\">www.expresslane.org<\/a> ou seu <a href=\"https:\/\/offices.omv.la.gov\/\" target=\"_blank\" rel=\"noopener\">Escrit\u00f3rio local de ve\u00edculos motorizados da Louisiana<\/a>.<\/p><p>Veteranos da Louisiana tamb\u00e9m podem se qualificar para descontos especiais ou isen\u00e7\u00f5es de taxas para carteiras de motorista ou documentos de identidade. Para mais informa\u00e7\u00f5es, entre em contato com um VAC. <a href=\"\/pt\/locais\/\">usando nosso localizador<\/a>. A isen\u00e7\u00e3o pode n\u00e3o se aplicar a escrit\u00f3rios privatizados que lidam com assuntos do Departamento de Ve\u00edculos Motorizados.<\/p><p>Al\u00e9m disso, veteranos da Louisiana podem se qualificar para placas de ve\u00edculos especiais gratuitas. Veteranos com defici\u00eancia de grau 50% ou superior podem se qualificar para uma placa de veterano com defici\u00eancia ou uma placa de homenagem militar. Um veterano com grau de defici\u00eancia 100% pode se qualificar para a placa DAV 100%.<\/p><p>\u201cAs placas de ve\u00edculos especiais da Louisiana com os dizeres \u201dApoie Nossos Veteranos\u201c, \u201dApoie Nossas Tropas\u201d e outras est\u00e3o dispon\u00edveis para compra por uma taxa \u00fanica de $25 em todas as unidades do Departamento de Ve\u00edculos Motorizados da Louisiana. <a href=\"https:\/\/expresslane.dps.louisiana.gov\/SpecialPlatesPublic\/SpecialPlatesViewer.aspx\" target=\"_blank\" rel=\"noopener\">Veja uma lista de todas as placas militares.<\/a>. Para obter mais informa\u00e7\u00f5es, entre em contato com seu <a href=\"https:\/\/offices.omv.la.gov\/\" target=\"_blank\" rel=\"noopener\">Escrit\u00f3rio local de ve\u00edculos motorizados da Louisiana<\/a>.<\/p><\/div>\r\n                <\/div>\r\n                                <div class=\"clps\">\r\n                    <button class=\"clps-trigger\" aria-expanded=\"false\">Educa\u00e7\u00e3o<\/button>\r\n                    <div class=\"clps-body\"><h3>Isen\u00e7\u00e3o de taxas de matr\u00edcula para residentes do estado, conforme o T\u00edtulo 29.<\/h3><p>Isen\u00e7\u00e3o de taxas de matr\u00edcula para residentes do estado da Louisiana, <a href=\"\/pt\/educacao\/titulo-29\/\">T\u00edtulo 29<\/a>, O T\u00edtulo 29 oferece benef\u00edcios educacionais para filhos, c\u00f4njuges e c\u00f4njuges sobreviventes de veteranos que atendam a certos requisitos. Para veteranos vivos, os filhos s\u00e3o eleg\u00edveis. Para veteranos que s\u00e3o prisioneiros de guerra\/desaparecidos em a\u00e7\u00e3o (POW\/MIA), os c\u00f4njuges s\u00e3o eleg\u00edveis. Para veteranos falecidos, os c\u00f4njuges sobreviventes e os filhos s\u00e3o eleg\u00edveis. A elegibilidade para os benef\u00edcios educacionais do T\u00edtulo 29 exige que os veteranos atendam aos requisitos de resid\u00eancia, e esses requisitos s\u00e3o diferentes para veteranos vivos e falecidos.<\/p><h3>Status de matr\u00edcula para residentes do estado da Louisiana<\/h3><p>O direito \u00e0 matr\u00edcula com desconto para residentes do estado \u00e9 concedido a veteranos, c\u00f4njuges, filhos de veteranos e militares da ativa que sejam eleg\u00edveis para benef\u00edcios educacionais federais.<\/p><h3>Centros para Estudantes Veteranos<\/h3><p>Muitas faculdades e universidades da Louisiana possuem centros estudantis para veteranos, voltados especificamente para veteranos e seus dependentes. Esses centros funcionam como um polo de atividades para veteranos no campus, com equipes dedicadas a promover o sucesso acad\u00eamico dos estudantes.<\/p><\/div>\r\n                <\/div>\r\n                                <div class=\"clps\">\r\n                    <button class=\"clps-trigger\" aria-expanded=\"false\">Emprego, empreendedorismo e contratos estatais<\/button>\r\n                    <div class=\"clps-body\"><h3>Emprego<\/h3><h4>Comiss\u00e3o de For\u00e7a de Trabalho da Louisiana<\/h4><h5>Programa de Apoio a Veteranos com Defici\u00eancia (DVOP)<\/h5><p>O <a href=\"https:\/\/www.laworks.net\/WorkforceDev\/VeteransServices\/Vet_StaffDisabled.asp\" target=\"_blank\" rel=\"noopener\">Programa de Apoio a Veteranos com Defici\u00eancia<\/a> Oferece especialistas em gest\u00e3o de casos para veteranos eleg\u00edveis que buscam emprego. Para mais informa\u00e7\u00f5es, entre em contato com o <a href=\"https:\/\/www.laworks.net\/\" target=\"_blank\" rel=\"noopener\">Comiss\u00e3o de For\u00e7a de Trabalho da Louisiana<\/a>.<\/p><h5>Representante Local de Emprego para Veteranos (LVER)<\/h5><p><a href=\"https:\/\/www.laworks.net\/WorkforceDev\/VeteransServices\/Vet_StaffLocal.asp\" target=\"_blank\" rel=\"noopener\">Representantes locais de emprego para veteranos<\/a> Realizar contato com empregadores em nome de veteranos para auxiliar nos esfor\u00e7os de inser\u00e7\u00e3o profissional. Para mais informa\u00e7\u00f5es, entre em contato com o <a href=\"https:\/\/www.laworks.net\/\" target=\"_blank\" rel=\"noopener\">Comiss\u00e3o de For\u00e7a de Trabalho da Louisiana<\/a>.<\/p><h3>Empreendedorismo<\/h3><h4>Desenvolvimento Econ\u00f4mico da Louisiana<\/h4><h5>Programa de Apoio a Empreendedores Veteranos (PAVE)<\/h5><p>O programa PAVE oferece aos veteranos da Louisiana a oportunidade de adquirir conhecimentos e habilidades necess\u00e1rias para iniciar ou administrar um neg\u00f3cio com sucesso. Para mais informa\u00e7\u00f5es, entre em contato. <a href=\"https:\/\/www.opportunitylouisiana.gov\/\" target=\"_blank\" rel=\"noopener\">Desenvolvimento Econ\u00f4mico da Louisiana<\/a>.<\/p><h5>Iniciativa Empresarial Veteranos em Primeiro Lugar<\/h5><p>O <a href=\"https:\/\/laveteransfirst.org\/\" target=\"_blank\" rel=\"noopener\">Iniciativa Empresarial Veteranos em Primeiro Lugar<\/a> Permite que veteranos, militares da ativa, da reserva ou c\u00f4njuges de militares falecidos em combate que possuam participa\u00e7\u00e3o societ\u00e1ria (51%) em uma empresa solicitem e obtenham a certifica\u00e7\u00e3o para reconhecimento e promo\u00e7\u00e3o de seus neg\u00f3cios. Para mais informa\u00e7\u00f5es, entre em contato. <a href=\"https:\/\/www.opportunitylouisiana.gov\/\" target=\"_blank\" rel=\"noopener\">Desenvolvimento Econ\u00f4mico da Louisiana<\/a>.<\/p><h3>Contratos Estaduais<\/h3><h4>Iniciativa Hudson<\/h4><p>O <a href=\"https:\/\/www.opportunitylouisiana.gov\/program\/hudson-initiative\" target=\"_blank\" rel=\"noopener\">Iniciativa Hudson<\/a> Oferece \u00e0s pequenas empresas um grande potencial de acesso a oportunidades de compras e contratos estaduais. Para mais informa\u00e7\u00f5es, entre em contato. <a href=\"https:\/\/www.opportunitylouisiana.gov\/\" target=\"_blank\" rel=\"noopener\">Desenvolvimento Econ\u00f4mico da Louisiana<\/a>.<\/p><h4>Iniciativa para Veteranos<\/h4><p>O <a href=\"https:\/\/www.opportunitylouisiana.gov\/program\/veteran-initiative\" target=\"_blank\" rel=\"noopener\">Iniciativa para Veteranos<\/a> Oferece \u00e0s pequenas empresas pertencentes a veteranos, veteranos com defici\u00eancia ou veteranos com v\u00ednculos com o servi\u00e7o militar maior potencial de acesso a oportunidades de compras e contratos estaduais. Para mais informa\u00e7\u00f5es, entre em contato. <a href=\"https:\/\/www.opportunitylouisiana.gov\/\" target=\"_blank\" rel=\"noopener\">Desenvolvimento Econ\u00f4mico da Louisiana<\/a>.<\/p><\/div>\r\n                <\/div>\r\n                                <div class=\"clps\">\r\n                    <button class=\"clps-trigger\" aria-expanded=\"false\">Assist\u00eancia financeira<\/button>\r\n                    <div class=\"clps-body\"><p>O <a href=\"\/pt\/fundo-de-assistencia-para-familias-militares\/\">Fundo de Assist\u00eancia para Fam\u00edlias Militares<\/a> O fundo oferece assist\u00eancia financeira a veteranos eleg\u00edveis e membros da Guarda Nacional da Louisiana (LANG) ou da Reserva, no valor de at\u00e9 US$ 1.000,00 para solicita\u00e7\u00f5es baseadas em necessidade, em um per\u00edodo de 12 meses. O fundo cobre despesas com moradia, servi\u00e7os p\u00fablicos, alguns servi\u00e7os m\u00e9dicos e outras despesas essenciais que causem dificuldades financeiras ao veterano ou membro da LANG ou da Reserva.<\/p><\/div>\r\n                <\/div>\r\n                                <div class=\"clps\">\r\n                    <button class=\"clps-trigger\" aria-expanded=\"false\">Ca\u00e7a, pesca e parques estaduais<\/button>\r\n                    <div class=\"clps-body\"><h3>Ca\u00e7a e pesca<\/h3><p>Veteranos que receberam uma classifica\u00e7\u00e3o de invalidez permanente relacionada ao servi\u00e7o militar de 50% ou superior pelo Departamento de Assuntos de Veteranos dos EUA podem receber licen\u00e7as gratuitas de ca\u00e7a e pesca. Todas as licen\u00e7as expiram anualmente e devem ser renovadas.<\/p><h3>Parques Estaduais<\/h3><p>Veteranos com defici\u00eancia, com classifica\u00e7\u00e3o de invalidez de 50% ou superior pelo Departamento de Assuntos de Veteranos dos EUA, que tenham solicitado o benef\u00edcio. <a href=\"https:\/\/www.lastateparks.com\/special-ratesdiscounts\" target=\"_blank\" rel=\"noopener\">Passe para Parque Estadual para Pessoas com Defici\u00eancia<\/a> est\u00e3o isentos do pagamento da taxa de entrada para uso di\u00e1rio em qualquer parque estadual da Louisiana.<\/p><\/div>\r\n                <\/div>\r\n                                <div class=\"clps\">\r\n                    <button class=\"clps-trigger\" aria-expanded=\"false\">Benef\u00edcio por invalidez da Guarda Nacional da Louisiana<\/button>\r\n                    <div class=\"clps-body\"><p>Membros da Guarda Nacional da Louisiana que sofreram invalidez permanente e total enquanto em servi\u00e7o ativo federal ou estadual a partir de 11 de setembro de 2001 podem ser eleg\u00edveis para o benef\u00edcio estadual de invalidez $100.000 ou $50.000. Os benefici\u00e1rios registrados de membros da Guarda Nacional da Louisiana mortos em combate podem ser eleg\u00edveis para o benef\u00edcio federal por morte $250.000.<\/p><\/div>\r\n                <\/div>\r\n                                <div class=\"clps\">\r\n                    <button class=\"clps-trigger\" aria-expanded=\"false\">Medalha de Honra de Veterano da Louisiana<\/button>\r\n                    <div class=\"clps-body\"><p>O <a href=\"\/pt\/medalha-de-honra-dos-veteranos-da-louisiana\/\">Medalha de Honra dos Veteranos da Louisiana<\/a> Est\u00e1 dispon\u00edvel para todos os veteranos eleg\u00edveis da Louisiana e para as fam\u00edlias daqueles que morreram em combate. A medalha \u00e9 concedida com uma fita azul para dispensa honrosa, uma fita roxa para os agraciados com o Cora\u00e7\u00e3o P\u00farpura, uma fita preta para prisioneiros de guerra e uma fita amarela para os mortos em combate.<\/p><\/div>\r\n                <\/div>\r\n                                <div class=\"clps\">\r\n                    <button class=\"clps-trigger\" aria-expanded=\"false\">Isen\u00e7\u00f5es e redu\u00e7\u00f5es fiscais<\/button>\r\n                    <div class=\"clps-body\"><h3>Isen\u00e7\u00e3o de impostos sobre a remunera\u00e7\u00e3o de aposentados militares<\/h3><p>Os benef\u00edcios de aposentadoria militar s\u00e3o isentos de impostos no estado da Louisiana.<\/p><h3>Isen\u00e7\u00e3o de Imposto Predial<\/h3><p>Veteranos com uma classifica\u00e7\u00e3o de invalidez relacionada ao servi\u00e7o militar de 50% ou superior podem receber uma isen\u00e7\u00e3o de imposto predial, al\u00e9m da isen\u00e7\u00e3o de resid\u00eancia principal, em sua resid\u00eancia principal, da seguinte forma:<\/p><ul><li>Veteranos com grau de invalidez de 50% ou superior, mas inferior a 70%: Al\u00e9m da isen\u00e7\u00e3o de imposto predial, os pr\u00f3ximos $2.500 do valor avaliado do im\u00f3vel ser\u00e3o isentos.<\/li><li>Veteranos com grau de invalidez de 70% ou superior, mas inferior a 100%: Al\u00e9m da isen\u00e7\u00e3o de imposto predial, os pr\u00f3ximos $4.500 do valor avaliado do im\u00f3vel ser\u00e3o isentos.<\/li><li>Veteranos com classifica\u00e7\u00e3o de invalidez relacionada ao servi\u00e7o militar de 100%: Isentos de todos os impostos sobre a propriedade (exceto para determinadas avalia\u00e7\u00f5es de impostos municipais).<\/li><\/ul><h3>Imposto sobre o uso de ve\u00edculos<\/h3><p>Os impostos estaduais e locais sobre o uso de ve\u00edculos automotores trazidos para a Louisiana de outro estado por um novo residente, incluindo veteranos e militares aposentados, pagar\u00e3o apenas o c\u00f3digo $90 referente ao imposto sobre o uso do ve\u00edculo. Para se qualificar, o ve\u00edculo deve ser o principal ve\u00edculo pessoal do veterano ou militar aposentado, ter sido previamente registrado ou arrendado em outro estado e deve ser registrado dentro de 90 dias ap\u00f3s a mudan\u00e7a para a Louisiana.<\/p><\/div>\r\n                <\/div>\r\n                                <div class=\"clps\">\r\n                    <button class=\"clps-trigger\" aria-expanded=\"false\">Casas de Veteranos<\/button>\r\n                    <div class=\"clps-body\"><p>O Departamento de Assuntos de Veteranos da Louisiana opera <a href=\"\/pt\/casas\/\">cinco lares para veteranos<\/a> Em todo o estado. Veteranos da Louisiana que receberam baixa honrosa, em tempo de guerra ou de paz, e que serviram 90 dias em servi\u00e7o ativo; c\u00f4njuges de veteranos; e pais de militares mortos em combate (Gold Star) s\u00e3o eleg\u00edveis para morar em uma resid\u00eancia para veteranos. N\u00e3o h\u00e1 taxa mensal para veteranos com classifica\u00e7\u00e3o de invalidez relacionada ao servi\u00e7o militar entre 70-100%.<\/p><\/div>\r\n                <\/div>\r\n                                <div class=\"clps\">\r\n                    <button class=\"clps-trigger\" aria-expanded=\"false\">Cemit\u00e9rios de Veteranos<\/button>\r\n                    <div class=\"clps-body\"><p>O Departamento de Assuntos de Veteranos da Louisiana opera <a href=\"\/pt\/cemiterios\/\">cinco cemit\u00e9rios de veteranos<\/a> Localizados em todo o estado, os cemit\u00e9rios oferecem diversas op\u00e7\u00f5es de sepultamento para veteranos, c\u00f4njuges e filhos dependentes. O sepultamento de um veterano eleg\u00edvel \u00e9 gratuito. Para c\u00f4njuges e filhos dependentes de veteranos eleg\u00edveis, \u00e9 cobrada uma taxa equivalente ao valor atual do aux\u00edlio-sepultamento federal do Departamento de Assuntos de Veteranos (VA) no momento do sepultamento.<\/p><\/div>\r\n                <\/div>\r\n                            \r\n        <\/div>\r\n        \t\t\t\t<\/div>\n\t\t\t\t<\/div>\n\t\t\t\t\t<\/div>\n\t\t\t\t<\/div>\n\t\t\t\t<\/div>","protected":false},"excerpt":{"rendered":"<p>A Louisiana \u00e9 um estado amigo dos veteranos! Temos muito orgulho do que oferecemos aos veteranos e esperamos que esta informa\u00e7\u00e3o\u2026<\/p>","protected":false},"author":7,"featured_media":0,"parent":34,"menu_order":0,"comment_status":"closed","ping_status":"closed","template":"","meta":{"_acf_changed":false,"footnotes":"","_links_to":"","_links_to_target":""},"class_list":["post-60","page","type-page","status-publish","hentry"],"acf":[],"_links":{"self":[{"href":"https:\/\/vetaffairs.la.gov\/pt\/wp-json\/wp\/v2\/pages\/60","targetHints":{"allow":["GET"]}}],"collection":[{"href":"https:\/\/vetaffairs.la.gov\/pt\/wp-json\/wp\/v2\/pages"}],"about":[{"href":"https:\/\/vetaffairs.la.gov\/pt\/wp-json\/wp\/v2\/types\/page"}],"author":[{"embeddable":true,"href":"https:\/\/vetaffairs.la.gov\/pt\/wp-json\/wp\/v2\/users\/7"}],"replies":[{"embeddable":true,"href":"https:\/\/vetaffairs.la.gov\/pt\/wp-json\/wp\/v2\/comments?post=60"}],"version-history":[{"count":0,"href":"https:\/\/vetaffairs.la.gov\/pt\/wp-json\/wp\/v2\/pages\/60\/revisions"}],"up":[{"embeddable":true,"href":"https:\/\/vetaffairs.la.gov\/pt\/wp-json\/wp\/v2\/pages\/34"}],"wp:attachment":[{"href":"https:\/\/vetaffairs.la.gov\/pt\/wp-json\/wp\/v2\/media?parent=60"}],"curies":[{"name":"wp","href":"https:\/\/api.w.org\/{rel}","templated":true}]}}