{"id":5975,"date":"2025-06-19T15:54:26","date_gmt":"2025-06-19T20:54:26","guid":{"rendered":"https:\/\/vetaffairs.la.gov\/?page_id=5975"},"modified":"2025-07-01T08:40:16","modified_gmt":"2025-07-01T13:40:16","slug":"doar","status":"publish","type":"page","link":"https:\/\/vetaffairs.la.gov\/pt\/donate","title":{"rendered":"Doar"},"content":{"rendered":"<div data-elementor-type=\"wp-page\" data-elementor-id=\"5975\" class=\"elementor elementor-5975\" data-elementor-post-type=\"page\">\n\t\t\t\t<div class=\"elementor-element elementor-element-d7f2b1c e-flex e-con-boxed e-con e-parent\" data-id=\"d7f2b1c\" data-element_type=\"container\">\n\t\t\t\t\t<div class=\"e-con-inner\">\n\t\t\t\t<div class=\"elementor-element elementor-element-3302794 elementor-widget elementor-widget-text-editor\" data-id=\"3302794\" data-element_type=\"widget\" data-widget_type=\"text-editor.default\">\n\t\t\t\t<div class=\"elementor-widget-container\">\n\t\t\t\t\t\t\t\t\t<p>Doa\u00e7\u00f5es para o Fundo de Assist\u00eancia \u00e0s Fam\u00edlias Militares s\u00e3o aceitas para apoiar veteranos e membros ativos da Guarda Nacional ou da Reserva da Louisiana com necessidades financeiras. Al\u00e9m de poder <a href=\"https:\/\/www.la.egov.com\/dva\/mfadonations\/\" target=\"_blank\" rel=\"noopener\">doe online<\/a>, Doa\u00e7\u00f5es podem ser feitas:<\/p><ul><li><strong>Por correio para:<\/strong> <br \/>Departamento de Assuntos de Veteranos da Louisiana <br \/>A\/C: Administrador de MFA <br \/>Caixa Postal 94095 <br \/>Baton Rouge, LA 70804-9095<\/li><li>Em uma declara\u00e7\u00e3o de imposto de renda individual ou corporativa da Louisiana.<\/li><li>Ao solicitar qualquer tipo de licen\u00e7a no Departamento de Ve\u00edculos Motorizados<\/li><li>Ao adquirir placas de ve\u00edculos com os dizeres &quot;Apoie Nossos Veteranos&quot; e &quot;Apoie Nossas Tropas&quot; no Departamento de Ve\u00edculos Motorizados (DMV).<\/li><\/ul><p>Para obter mais informa\u00e7\u00f5es sobre o Fundo de Assist\u00eancia \u00e0s Fam\u00edlias Militares ou ajuda com uma inscri\u00e7\u00e3o, ligue para <a href=\"tel:2252193700\">(225) 219-3700<\/a> ou e-mail <a href=\"mailto:holly.talley@la.gov\">holly.talley@la.gov<\/a>.<\/p>\t\t\t\t\t\t\t\t<\/div>\n\t\t\t\t<\/div>\n\t\t\t\t<div class=\"elementor-element elementor-element-e5cfce9 elementor-widget elementor-widget-button\" data-id=\"e5cfce9\" data-element_type=\"widget\" data-widget_type=\"button.default\">\n\t\t\t\t<div class=\"elementor-widget-container\">\n\t\t\t\t\t\t\t\t\t<div class=\"elementor-button-wrapper\">\n\t\t\t\t\t<a class=\"elementor-button elementor-button-link elementor-size-sm elementor-animation-grow\" href=\"https:\/\/www.la.egov.com\/dva\/mfadonations\/\" target=\"_blank\" rel=\"noopener\">\n\t\t\t\t\t\t<span class=\"elementor-button-content-wrapper\">\n\t\t\t\t\t\t\t\t\t<span class=\"elementor-button-text\">Doar<\/span>\n\t\t\t\t\t<\/span>\n\t\t\t\t\t<\/a>\n\t\t\t\t<\/div>\n\t\t\t\t\t\t\t\t<\/div>\n\t\t\t\t<\/div>\n\t\t\t\t\t<\/div>\n\t\t\t\t<\/div>\n\t\t\t\t<\/div>","protected":false},"excerpt":{"rendered":"<p>Doa\u00e7\u00f5es para o Fundo de Assist\u00eancia \u00e0s Fam\u00edlias Militares s\u00e3o aceitas para apoiar veteranos e membros da Guarda Nacional ou da Reserva da Louisiana em servi\u00e7o ativo\u2026<\/p>","protected":false},"author":12,"featured_media":0,"parent":0,"menu_order":0,"comment_status":"closed","ping_status":"closed","template":"","meta":{"_acf_changed":false,"footnotes":"","_links_to":"","_links_to_target":""},"class_list":["post-5975","page","type-page","status-publish","hentry"],"acf":[],"_links":{"self":[{"href":"https:\/\/vetaffairs.la.gov\/pt\/wp-json\/wp\/v2\/pages\/5975","targetHints":{"allow":["GET"]}}],"collection":[{"href":"https:\/\/vetaffairs.la.gov\/pt\/wp-json\/wp\/v2\/pages"}],"about":[{"href":"https:\/\/vetaffairs.la.gov\/pt\/wp-json\/wp\/v2\/types\/page"}],"author":[{"embeddable":true,"href":"https:\/\/vetaffairs.la.gov\/pt\/wp-json\/wp\/v2\/users\/12"}],"replies":[{"embeddable":true,"href":"https:\/\/vetaffairs.la.gov\/pt\/wp-json\/wp\/v2\/comments?post=5975"}],"version-history":[{"count":0,"href":"https:\/\/vetaffairs.la.gov\/pt\/wp-json\/wp\/v2\/pages\/5975\/revisions"}],"wp:attachment":[{"href":"https:\/\/vetaffairs.la.gov\/pt\/wp-json\/wp\/v2\/media?parent=5975"}],"curies":[{"name":"wp","href":"https:\/\/api.w.org\/{rel}","templated":true}]}}