{"id":5965,"date":"2025-06-24T16:22:17","date_gmt":"2025-06-24T21:22:17","guid":{"rendered":"https:\/\/vetaffairs.la.gov\/?page_id=5965"},"modified":"2025-09-15T09:57:32","modified_gmt":"2025-09-15T14:57:32","slug":"titulo-29","status":"publish","type":"page","link":"https:\/\/vetaffairs.la.gov\/pt\/education\/title-29","title":{"rendered":"T\u00edtulo 29"},"content":{"rendered":"<div data-elementor-type=\"wp-page\" data-elementor-id=\"5965\" class=\"elementor elementor-5965\" data-elementor-post-type=\"page\">\n\t\t\t\t<div class=\"elementor-element elementor-element-ce4cb0b cemeteries-page e-flex e-con-boxed e-con e-parent\" data-id=\"ce4cb0b\" data-element_type=\"container\">\n\t\t\t\t\t<div class=\"e-con-inner\">\n\t\t<div class=\"elementor-element elementor-element-820c655 e-con-full e-flex e-con e-child\" data-id=\"820c655\" data-element_type=\"container\">\n\t\t\t\t<div class=\"elementor-element elementor-element-d708e13 elementor-widget elementor-widget-heading\" data-id=\"d708e13\" data-element_type=\"widget\" data-widget_type=\"heading.default\">\n\t\t\t\t<div class=\"elementor-widget-container\">\n\t\t\t\t\t<h2 class=\"elementor-heading-title elementor-size-default\">Isen\u00e7\u00e3o de taxas de matr\u00edcula para residentes do estado, conforme o T\u00edtulo 29.<\/h2>\t\t\t\t<\/div>\n\t\t\t\t<\/div>\n\t\t\t\t<div class=\"elementor-element elementor-element-12ddf68 intro elementor-widget elementor-widget-text-editor\" data-id=\"12ddf68\" data-element_type=\"widget\" data-widget_type=\"text-editor.default\">\n\t\t\t\t<div class=\"elementor-widget-container\">\n\t\t\t\t\t\t\t\t\t<p>O benef\u00edcio de isen\u00e7\u00e3o de mensalidades para residentes do estado da Louisiana, previsto no T\u00edtulo 29, oferece assist\u00eancia educacional para filhos, c\u00f4njuges e c\u00f4njuges sobreviventes de veteranos que atendam a determinados requisitos. O benef\u00edcio do T\u00edtulo 29 pode ser usado em conjunto com <a href=\"\/pt\/educacao\/beneficios-para-veteranos\/\">Projeto de Lei GI<sup>\u00ae<\/sup> benef\u00edcios<\/a>, E mais de 4.200 dependentes de veteranos est\u00e3o atualmente recebendo benef\u00edcios do T\u00edtulo 29.<\/p>\t\t\t\t\t\t\t\t<\/div>\n\t\t\t\t<\/div>\n\t\t\t\t<\/div>\n\t\t<div class=\"elementor-element elementor-element-a6ca14c e-con-full e-flex e-con e-child\" data-id=\"a6ca14c\" data-element_type=\"container\">\n\t\t\t\t<div class=\"elementor-element elementor-element-547f59c elementor-widget elementor-widget-heading\" data-id=\"547f59c\" data-element_type=\"widget\" data-widget_type=\"heading.default\">\n\t\t\t\t<div class=\"elementor-widget-container\">\n\t\t\t\t\t<h2 class=\"elementor-heading-title elementor-size-default\">Requisitos de Elegibilidade e Resid\u00eancia<\/h2>\t\t\t\t<\/div>\n\t\t\t\t<\/div>\n\t\t\t\t<div class=\"elementor-element elementor-element-7a424d1 intro elementor-widget elementor-widget-text-editor\" data-id=\"7a424d1\" data-element_type=\"widget\" data-widget_type=\"text-editor.default\">\n\t\t\t\t<div class=\"elementor-widget-container\">\n\t\t\t\t\t\t\t\t\t<p>Para <a href=\"\/wp-content\/uploads\/2025\/06\/Title29EligReqsLiving.pdf\" target=\"_blank\" rel=\"noopener\">veteranos vivos<\/a>, Para crian\u00e7as, s\u00e3o eleg\u00edveis; para veteranos que s\u00e3o prisioneiros de guerra\/desaparecidos em a\u00e7\u00e3o, os c\u00f4njuges s\u00e3o eleg\u00edveis; e para <a href=\"\/wp-content\/uploads\/2025\/06\/Title29EligReqsDeceased.pdf\" target=\"_blank\" rel=\"noopener\">veteranos falecidos<\/a>, C\u00f4njuges e filhos sobreviventes tamb\u00e9m s\u00e3o eleg\u00edveis. Os requisitos de elegibilidade s\u00e3o diferentes para veteranos vivos e falecidos.<\/p><p>A elegibilidade para os benef\u00edcios educacionais do T\u00edtulo 29 tamb\u00e9m exige que os veteranos atendam aos seguintes requisitos: <a href=\"https:\/\/vetaffairs.la.gov\/wp-content\/uploads\/2025\/09\/Title29ResidencyReqs.pdf\" target=\"_blank\" rel=\"noopener\">requisitos de resid\u00eancia<\/a>.<\/p>\t\t\t\t\t\t\t\t<\/div>\n\t\t\t\t<\/div>\n\t\t\t\t<\/div>\n\t\t<div class=\"elementor-element elementor-element-4ba626c e-con-full e-flex e-con e-child\" data-id=\"4ba626c\" data-element_type=\"container\">\n\t\t\t\t<div class=\"elementor-element elementor-element-a008e52 elementor-widget elementor-widget-heading\" data-id=\"a008e52\" data-element_type=\"widget\" data-widget_type=\"heading.default\">\n\t\t\t\t<div class=\"elementor-widget-container\">\n\t\t\t\t\t<h2 class=\"elementor-heading-title elementor-size-default\">Como se candidatar<\/h2>\t\t\t\t<\/div>\n\t\t\t\t<\/div>\n\t\t\t\t<div class=\"elementor-element elementor-element-9d35b09 intro elementor-widget elementor-widget-text-editor\" data-id=\"9d35b09\" data-element_type=\"widget\" data-widget_type=\"text-editor.default\">\n\t\t\t\t<div class=\"elementor-widget-container\">\n\t\t\t\t\t\t\t\t\t<p>Para se candidatar, entre em contato com seu <a href=\"\/pt\/locais\/\">escrit\u00f3rio de servi\u00e7os para veteranos da par\u00f3quia<\/a> Para agendar uma consulta com um conselheiro de assist\u00eancia a veteranos, entre em contato com o VAC. Nosso VAC informar\u00e1 o que voc\u00ea precisa levar para a consulta, momento em que o conselheiro de assist\u00eancia a veteranos determinar\u00e1 a elegibilidade e aprovar\u00e1 ou negar\u00e1 a solicita\u00e7\u00e3o. Se a solicita\u00e7\u00e3o for aprovada, o VAC enviar\u00e1 o certificado para a sede do LDVA para processamento. O certificado ser\u00e1 ent\u00e3o enviado pelo correio ao aluno, que dever\u00e1 lev\u00e1-lo ao escrit\u00f3rio administrativo de sua institui\u00e7\u00e3o de ensino respons\u00e1vel pelo T\u00edtulo 29.<\/p>\t\t\t\t\t\t\t\t<\/div>\n\t\t\t\t<\/div>\n\t\t\t\t<\/div>\n\t\t\t\t\t<\/div>\n\t\t\t\t<\/div>\n\t\t\t\t<\/div>","protected":false},"excerpt":{"rendered":"<p>Isen\u00e7\u00e3o de taxas de matr\u00edcula para residentes do estado da Louisiana (T\u00edtulo 29): O benef\u00edcio de isen\u00e7\u00e3o de taxas de matr\u00edcula para residentes do estado da Louisiana (T\u00edtulo 29) oferece assist\u00eancia educacional para filhos, c\u00f4njuges e dependentes de pais sobreviventes\u2026<\/p>","protected":false},"author":5,"featured_media":0,"parent":35,"menu_order":0,"comment_status":"closed","ping_status":"closed","template":"","meta":{"_acf_changed":false,"footnotes":"","_links_to":"","_links_to_target":""},"class_list":["post-5965","page","type-page","status-publish","hentry"],"acf":[],"_links":{"self":[{"href":"https:\/\/vetaffairs.la.gov\/pt\/wp-json\/wp\/v2\/pages\/5965","targetHints":{"allow":["GET"]}}],"collection":[{"href":"https:\/\/vetaffairs.la.gov\/pt\/wp-json\/wp\/v2\/pages"}],"about":[{"href":"https:\/\/vetaffairs.la.gov\/pt\/wp-json\/wp\/v2\/types\/page"}],"author":[{"embeddable":true,"href":"https:\/\/vetaffairs.la.gov\/pt\/wp-json\/wp\/v2\/users\/5"}],"replies":[{"embeddable":true,"href":"https:\/\/vetaffairs.la.gov\/pt\/wp-json\/wp\/v2\/comments?post=5965"}],"version-history":[{"count":0,"href":"https:\/\/vetaffairs.la.gov\/pt\/wp-json\/wp\/v2\/pages\/5965\/revisions"}],"up":[{"embeddable":true,"href":"https:\/\/vetaffairs.la.gov\/pt\/wp-json\/wp\/v2\/pages\/35"}],"wp:attachment":[{"href":"https:\/\/vetaffairs.la.gov\/pt\/wp-json\/wp\/v2\/media?parent=5965"}],"curies":[{"name":"wp","href":"https:\/\/api.w.org\/{rel}","templated":true}]}}