{"id":5964,"date":"2025-06-18T13:28:39","date_gmt":"2025-06-18T18:28:39","guid":{"rendered":"https:\/\/vetaffairs.la.gov\/?page_id=5964"},"modified":"2025-06-30T15:47:53","modified_gmt":"2025-06-30T20:47:53","slug":"beneficios-para-veteranos","status":"publish","type":"page","link":"https:\/\/vetaffairs.la.gov\/pt\/education\/gi-bill","title":{"rendered":"GI Bill\u00ae"},"content":{"rendered":"<div data-elementor-type=\"wp-page\" data-elementor-id=\"5964\" class=\"elementor elementor-5964\" data-elementor-post-type=\"page\">\n\t\t\t\t<div class=\"elementor-element elementor-element-e749f16 cemeteries-page e-flex e-con-boxed e-con e-parent\" data-id=\"e749f16\" data-element_type=\"container\">\n\t\t\t\t\t<div class=\"e-con-inner\">\n\t\t<div class=\"elementor-element elementor-element-eab95c4 e-con-full e-flex e-con e-child\" data-id=\"eab95c4\" data-element_type=\"container\">\n\t\t\t\t<div class=\"elementor-element elementor-element-0e2391d elementor-widget elementor-widget-heading\" data-id=\"0e2391d\" data-element_type=\"widget\" data-widget_type=\"heading.default\">\n\t\t\t\t<div class=\"elementor-widget-container\">\n\t\t\t\t\t<h2 class=\"elementor-heading-title elementor-size-default\">Ag\u00eancia de Aprova\u00e7\u00e3o Estadual da Louisiana<\/h2>\t\t\t\t<\/div>\n\t\t\t\t<\/div>\n\t\t\t\t<div class=\"elementor-element elementor-element-a444510 intro elementor-widget elementor-widget-text-editor\" data-id=\"a444510\" data-element_type=\"widget\" data-widget_type=\"text-editor.default\">\n\t\t\t\t<div class=\"elementor-widget-container\">\n\t\t\t\t\t\t\t\t\t<p>A Ag\u00eancia Estadual de Aprova\u00e7\u00e3o da Louisiana (SAA) auxilia na elabora\u00e7\u00e3o do GI Bill.<sup>\u00ae<\/sup> Trabalhar com a responsabilidade de promover e salvaguardar programas de educa\u00e7\u00e3o e treinamento de qualidade para veteranos. Al\u00e9m disso, a SAA garante maiores oportunidades de educa\u00e7\u00e3o e treinamento para veteranos e protege a integridade do GI Bill.<sup>\u00ae<\/sup>.<\/p><p>A equipe da Ag\u00eancia Estadual de Aprova\u00e7\u00e3o trabalha em conjunto com outras organiza\u00e7\u00f5es, incluindo ag\u00eancias governamentais, o Congresso, escolas e empregadores, para implementar o GI Bill.<sup>\u00ae<\/sup> O melhor programa de assist\u00eancia educacional poss\u00edvel para os veteranos do nosso estado e suas fam\u00edlias. Nossa equipe prioriza essas parcerias para oferecer aos veteranos acesso a programas \u00e9ticos e bem administrados, nos quais eles possam confiar para alcan\u00e7ar seus objetivos.<\/p>\t\t\t\t\t\t\t\t<\/div>\n\t\t\t\t<\/div>\n\t\t\t\t<\/div>\n\t\t<div class=\"elementor-element elementor-element-6326410 e-con-full e-flex e-con e-child\" data-id=\"6326410\" data-element_type=\"container\">\n\t\t\t\t<div class=\"elementor-element elementor-element-67f9c53 elementor-widget elementor-widget-heading\" data-id=\"67f9c53\" data-element_type=\"widget\" data-widget_type=\"heading.default\">\n\t\t\t\t<div class=\"elementor-widget-container\">\n\t\t\t\t\t<h2 class=\"elementor-heading-title elementor-size-default\">Projeto de Lei GI<sup>\u00ae<\/sup> na Louisiana<\/h2>\t\t\t\t<\/div>\n\t\t\t\t<\/div>\n\t\t\t\t<div class=\"elementor-element elementor-element-a18b4b9 intro elementor-widget elementor-widget-text-editor\" data-id=\"a18b4b9\" data-element_type=\"widget\" data-widget_type=\"text-editor.default\">\n\t\t\t\t<div class=\"elementor-widget-container\">\n\t\t\t\t\t\t\t\t\t<p>Atualmente, existem quase 260 institui\u00e7\u00f5es de ensino ativas na Louisiana certificadas pela equipe da SAA, com mais de 10.700 veteranos e dependentes de veteranos utilizando seus benef\u00edcios do GI Bill\u00ae. Esses estudantes geram mais de 1,4 trilh\u00e3o de d\u00f3lares em verbas federais. <a href=\"https:\/\/va.gov\" target=\"_blank\" rel=\"noopener\">Departamento de Assuntos de Veteranos dos EUA<\/a>, contribuindo para os bilh\u00f5es que os veteranos trazem para a Louisiana anualmente.<\/p><p>Para localizar escolas que aceitam ativamente o GI Bill<sup>\u00ae<\/sup> Na Louisiana, utilize o <a href=\"https:\/\/www.va.gov\/education\/gi-bill-comparison-tool\/\" target=\"_blank\" rel=\"noopener\">Projeto de Lei GI<sup>\u00ae<\/sup> ferramenta de compara\u00e7\u00e3o<\/a>. A ferramenta oferece op\u00e7\u00f5es de busca por nome e localiza\u00e7\u00e3o, al\u00e9m de filtros para refinar a pesquisa. Cada registro inclui informa\u00e7\u00f5es sobre quantos benefici\u00e1rios do GI Bill se beneficiaram.<sup>\u00ae<\/sup> Atualmente, s\u00e3o apresentados os alunos que frequentam esse local, al\u00e9m dos programas oferecidos, benef\u00edcios estimados e informa\u00e7\u00f5es de contato.<\/p>\t\t\t\t\t\t\t\t<\/div>\n\t\t\t\t<\/div>\n\t\t\t\t<\/div>\n\t\t<div class=\"elementor-element elementor-element-6aa50bf e-con-full e-flex e-con e-child\" data-id=\"6aa50bf\" data-element_type=\"container\">\n\t\t\t\t<div class=\"elementor-element elementor-element-f297aa6 elementor-widget elementor-widget-heading\" data-id=\"f297aa6\" data-element_type=\"widget\" data-widget_type=\"heading.default\">\n\t\t\t\t<div class=\"elementor-widget-container\">\n\t\t\t\t\t<h2 class=\"elementor-heading-title elementor-size-default\">Projeto de Lei GI<sup>\u00ae<\/sup> Cap\u00edtulos, Programas, Licenciamento e Certifica\u00e7\u00e3o<\/h2>\t\t\t\t<\/div>\n\t\t\t\t<\/div>\n\t\t\t\t<div class=\"elementor-element elementor-element-e332c8f elementor-widget elementor-widget-heading\" data-id=\"e332c8f\" data-element_type=\"widget\" data-widget_type=\"heading.default\">\n\t\t\t\t<div class=\"elementor-widget-container\">\n\t\t\t\t\t<h3 class=\"elementor-heading-title elementor-size-default\">Benef\u00edcios para veteranos p\u00f3s-11 de setembro<sup>\u00ae<\/sup> (Cap\u00edtulo 33)<\/h3>\t\t\t\t<\/div>\n\t\t\t\t<\/div>\n\t\t\t\t<div class=\"elementor-element elementor-element-36f4ea4 intro elementor-widget elementor-widget-text-editor\" data-id=\"36f4ea4\" data-element_type=\"widget\" data-widget_type=\"text-editor.default\">\n\t\t\t\t<div class=\"elementor-widget-container\">\n\t\t\t\t\t\t\t\t\t<p>O programa de benef\u00edcios para veteranos p\u00f3s-11 de setembro (GI Bill)<sup>\u00ae<\/sup> \u00c9 um benef\u00edcio educacional para militares e veteranos que serviram em servi\u00e7o ativo ap\u00f3s 10 de setembro de 2001. Os benef\u00edcios s\u00e3o pagos para treinamentos realizados ap\u00f3s 1\u00ba de agosto de 2009. Nenhum pagamento pode ser feito sob este programa para treinamentos realizados antes dessa data.<\/p>\t\t\t\t\t\t\t\t<\/div>\n\t\t\t\t<\/div>\n\t\t\t\t<div class=\"elementor-element elementor-element-a2a34b4 elementor-widget elementor-widget-heading\" data-id=\"a2a34b4\" data-element_type=\"widget\" data-widget_type=\"heading.default\">\n\t\t\t\t<div class=\"elementor-widget-container\">\n\t\t\t\t\t<h3 class=\"elementor-heading-title elementor-size-default\">Projeto de Lei Montgomery GI<sup>\u00ae<\/sup> (Cap\u00edtulo 30)<\/h3>\t\t\t\t<\/div>\n\t\t\t\t<\/div>\n\t\t\t\t<div class=\"elementor-element elementor-element-a976f1c intro elementor-widget elementor-widget-text-editor\" data-id=\"a976f1c\" data-element_type=\"widget\" data-widget_type=\"text-editor.default\">\n\t\t\t\t<div class=\"elementor-widget-container\">\n\t\t\t\t\t\t\t\t\t<p>A Lei Montgomery para Veteranos<sup>\u00ae<\/sup> Auxilia estudantes que ingressaram no servi\u00e7o ativo pela primeira vez ap\u00f3s 1\u00ba de julho de 1985 e que concordaram em ter seus sal\u00e1rios reduzidos em $100 por 12 meses. Veteranos devem ter recebido baixa honrosa e militares da ativa devem ter servido pelo menos dois anos em servi\u00e7o ativo para serem eleg\u00edveis a usar seus benef\u00edcios.<\/p>\t\t\t\t\t\t\t\t<\/div>\n\t\t\t\t<\/div>\n\t\t\t\t<div class=\"elementor-element elementor-element-cceacf2 elementor-widget elementor-widget-heading\" data-id=\"cceacf2\" data-element_type=\"widget\" data-widget_type=\"heading.default\">\n\t\t\t\t<div class=\"elementor-widget-container\">\n\t\t\t\t\t<h3 class=\"elementor-heading-title elementor-size-default\">Projeto de Lei Montgomery GI<sup>\u00ae<\/sup> Reserva Selecionada (MGIB-SR) (Cap\u00edtulo 1606)<\/h3>\t\t\t\t<\/div>\n\t\t\t\t<\/div>\n\t\t\t\t<div class=\"elementor-element elementor-element-fe9da3f intro elementor-widget elementor-widget-text-editor\" data-id=\"fe9da3f\" data-element_type=\"widget\" data-widget_type=\"text-editor.default\">\n\t\t\t\t<div class=\"elementor-widget-container\">\n\t\t\t\t\t\t\t\t\t<p>A Lei Montgomery para Veteranos<sup>\u00ae<\/sup> O programa Selected Reserve oferece assist\u00eancia financeira a membros eleg\u00edveis da Reserva Selecionada. Isso inclui militares do Ex\u00e9rcito, Marinha, For\u00e7a A\u00e9rea, Corpo de Fuzileiros Navais, Reserva da Guarda Costeira e Guarda Nacional.<\/p>\t\t\t\t\t\t\t\t<\/div>\n\t\t\t\t<\/div>\n\t\t\t\t<div class=\"elementor-element elementor-element-22a7e48 elementor-widget elementor-widget-heading\" data-id=\"22a7e48\" data-element_type=\"widget\" data-widget_type=\"heading.default\">\n\t\t\t\t<div class=\"elementor-widget-container\">\n\t\t\t\t\t<h3 class=\"elementor-heading-title elementor-size-default\">Prepara\u00e7\u00e3o e Emprego de Veteranos (VR&amp;E) (Cap\u00edtulo 31)\n<\/h3>\t\t\t\t<\/div>\n\t\t\t\t<\/div>\n\t\t\t\t<div class=\"elementor-element elementor-element-56845f2 intro elementor-widget elementor-widget-text-editor\" data-id=\"56845f2\" data-element_type=\"widget\" data-widget_type=\"text-editor.default\">\n\t\t\t\t<div class=\"elementor-widget-container\">\n\t\t\t\t\t\t\t\t\t<p>O programa de Prepara\u00e7\u00e3o e Emprego para Veteranos (VR&amp;E, na sigla em ingl\u00eas) foi criado para auxiliar veteranos com defici\u00eancias relacionadas ao servi\u00e7o militar a conquistarem emprego adequado e independ\u00eancia. Ele oferece servi\u00e7os como treinamento profissional, aconselhamento e apoio educacional, e pode ser utilizado em conjunto com outros benef\u00edcios, como o GI Bill.<sup>\u00ae<\/sup>.<\/p>\t\t\t\t\t\t\t\t<\/div>\n\t\t\t\t<\/div>\n\t\t\t\t<div class=\"elementor-element elementor-element-5c7ee36 elementor-widget elementor-widget-heading\" data-id=\"5c7ee36\" data-element_type=\"widget\" data-widget_type=\"heading.default\">\n\t\t\t\t<div class=\"elementor-widget-container\">\n\t\t\t\t\t<h3 class=\"elementor-heading-title elementor-size-default\">Educa\u00e7\u00e3o para Sobreviventes e Dependentes (Cap\u00edtulo 35)\n<\/h3>\t\t\t\t<\/div>\n\t\t\t\t<\/div>\n\t\t\t\t<div class=\"elementor-element elementor-element-dc3b79b intro elementor-widget elementor-widget-text-editor\" data-id=\"dc3b79b\" data-element_type=\"widget\" data-widget_type=\"text-editor.default\">\n\t\t\t\t<div class=\"elementor-widget-container\">\n\t\t\t\t\t\t\t\t\t<p>Os benef\u00edcios educacionais para sobreviventes e dependentes oferecem oportunidades de educa\u00e7\u00e3o e treinamento para dependentes de veteranos que ficaram permanentemente e totalmente incapacitados devido a uma condi\u00e7\u00e3o relacionada ao servi\u00e7o militar, ou que faleceram em servi\u00e7o ativo ou como resultado de uma condi\u00e7\u00e3o relacionada ao servi\u00e7o militar.<\/p>\t\t\t\t\t\t\t\t<\/div>\n\t\t\t\t<\/div>\n\t\t\t\t<div class=\"elementor-element elementor-element-36c592a elementor-widget elementor-widget-heading\" data-id=\"36c592a\" data-element_type=\"widget\" data-widget_type=\"heading.default\">\n\t\t\t\t<div class=\"elementor-widget-container\">\n\t\t\t\t\t<h3 class=\"elementor-heading-title elementor-size-default\">Programa de Aprendizagem e Treinamento em Servi\u00e7o (OJT)\n<\/h3>\t\t\t\t<\/div>\n\t\t\t\t<\/div>\n\t\t\t\t<div class=\"elementor-element elementor-element-335ff97 intro elementor-widget elementor-widget-text-editor\" data-id=\"335ff97\" data-element_type=\"widget\" data-widget_type=\"text-editor.default\">\n\t\t\t\t<div class=\"elementor-widget-container\">\n\t\t\t\t\t\t\t\t\t<p>O Programa de Aprendizagem e Treinamento em Servi\u00e7o (OJT) oferece uma alternativa aos benef\u00edcios de educa\u00e7\u00e3o e treinamento. Se voc\u00ea est\u00e1 aprendendo uma profiss\u00e3o ou habilidade por meio de treinamento em servi\u00e7o ou aprendizagem, descubra como o GI Bill pode te ajudar.<sup>\u00ae<\/sup> Os benef\u00edcios podem ajudar a cobrir suas despesas de vida. E se voc\u00ea estiver usando o GI Bill p\u00f3s-11 de setembro, poder\u00e1 aproveitar ainda mais.<sup>\u00ae<\/sup> Al\u00e9m dos benef\u00edcios, voc\u00ea tamb\u00e9m pode receber uma verba para comprar livros e materiais necess\u00e1rios para o seu treinamento. Converse com seu empregador se tiver interesse nesse benef\u00edcio.<\/p>\t\t\t\t\t\t\t\t<\/div>\n\t\t\t\t<\/div>\n\t\t\t\t<div class=\"elementor-element elementor-element-fd009dd elementor-widget elementor-widget-heading\" data-id=\"fd009dd\" data-element_type=\"widget\" data-widget_type=\"heading.default\">\n\t\t\t\t<div class=\"elementor-widget-container\">\n\t\t\t\t\t<h3 class=\"elementor-heading-title elementor-size-default\">Licenciamento e Certifica\u00e7\u00e3o<\/h3>\t\t\t\t<\/div>\n\t\t\t\t<\/div>\n\t\t\t\t<div class=\"elementor-element elementor-element-efd5898 intro elementor-widget elementor-widget-text-editor\" data-id=\"efd5898\" data-element_type=\"widget\" data-widget_type=\"text-editor.default\">\n\t\t\t\t<div class=\"elementor-widget-container\">\n\t\t\t\t\t\t\t\t\t<p>O licenciamento e a certifica\u00e7\u00e3o podem abrir novas portas para o emprego, permitindo que voc\u00ea obtenha licen\u00e7as ou certifica\u00e7\u00f5es como mec\u00e2nico, t\u00e9cnico m\u00e9dico, advogado ou em outras profiss\u00f5es. Frequentemente exigidos para trabalhar em determinadas \u00e1reas, esses exames podem ser eleg\u00edveis para reembolso pelo GI Bill\u00ae.<\/p>\t\t\t\t\t\t\t\t<\/div>\n\t\t\t\t<\/div>\n\t\t\t\t<\/div>\n\t\t<div class=\"elementor-element elementor-element-952fb46 e-con-full e-flex e-con e-child\" data-id=\"952fb46\" data-element_type=\"container\">\n\t\t\t\t<div class=\"elementor-element elementor-element-984f7b0 elementor-widget elementor-widget-heading\" data-id=\"984f7b0\" data-element_type=\"widget\" data-widget_type=\"heading.default\">\n\t\t\t\t<div class=\"elementor-widget-container\">\n\t\t\t\t\t<h2 class=\"elementor-heading-title elementor-size-default\">Para obter mais informa\u00e7\u00f5es<\/h2>\t\t\t\t<\/div>\n\t\t\t\t<\/div>\n\t\t\t\t<div class=\"elementor-element elementor-element-f705dff intro elementor-widget elementor-widget-text-editor\" data-id=\"f705dff\" data-element_type=\"widget\" data-widget_type=\"text-editor.default\">\n\t\t\t\t<div class=\"elementor-widget-container\">\n\t\t\t\t\t\t\t\t\t<p>Para obter informa\u00e7\u00f5es adicionais sobre o GI Bill<sup>\u00ae<\/sup>, ou para consultar sobre elegibilidade ou solicitar benef\u00edcios federais para educa\u00e7\u00e3o, <a href=\"https:\/\/va.gov\" target=\"_blank\" rel=\"noopener\">localizar<\/a>\u00a0Um dos nossos conselheiros de assist\u00eancia a veteranos em um escrit\u00f3rio de servi\u00e7os para veteranos da par\u00f3quia.<\/p><p>Projeto de Lei GI<sup>\u00ae<\/sup> \u00e9 uma marca registrada do Departamento de Assuntos de Veteranos dos EUA.<\/p>\t\t\t\t\t\t\t\t<\/div>\n\t\t\t\t<\/div>\n\t\t\t\t<\/div>\n\t\t\t\t\t<\/div>\n\t\t\t\t<\/div>\n\t\t\t\t<\/div>","protected":false},"excerpt":{"rendered":"<p>A Ag\u00eancia Estadual de Aprova\u00e7\u00e3o da Louisiana (SAA) ajuda a garantir o funcionamento do GI Bill\u00ae, sendo respons\u00e1vel por promover e\u2026<\/p>","protected":false},"author":5,"featured_media":0,"parent":35,"menu_order":0,"comment_status":"closed","ping_status":"closed","template":"","meta":{"_acf_changed":false,"footnotes":"","_links_to":"","_links_to_target":""},"class_list":["post-5964","page","type-page","status-publish","hentry"],"acf":[],"_links":{"self":[{"href":"https:\/\/vetaffairs.la.gov\/pt\/wp-json\/wp\/v2\/pages\/5964","targetHints":{"allow":["GET"]}}],"collection":[{"href":"https:\/\/vetaffairs.la.gov\/pt\/wp-json\/wp\/v2\/pages"}],"about":[{"href":"https:\/\/vetaffairs.la.gov\/pt\/wp-json\/wp\/v2\/types\/page"}],"author":[{"embeddable":true,"href":"https:\/\/vetaffairs.la.gov\/pt\/wp-json\/wp\/v2\/users\/5"}],"replies":[{"embeddable":true,"href":"https:\/\/vetaffairs.la.gov\/pt\/wp-json\/wp\/v2\/comments?post=5964"}],"version-history":[{"count":0,"href":"https:\/\/vetaffairs.la.gov\/pt\/wp-json\/wp\/v2\/pages\/5964\/revisions"}],"up":[{"embeddable":true,"href":"https:\/\/vetaffairs.la.gov\/pt\/wp-json\/wp\/v2\/pages\/35"}],"wp:attachment":[{"href":"https:\/\/vetaffairs.la.gov\/pt\/wp-json\/wp\/v2\/media?parent=5964"}],"curies":[{"name":"wp","href":"https:\/\/api.w.org\/{rel}","templated":true}]}}