{"id":5512,"date":"2025-04-14T13:24:38","date_gmt":"2025-04-14T19:24:38","guid":{"rendered":"https:\/\/veteran-affairs-louisiana.local\/?page_id=5512"},"modified":"2026-01-30T09:56:28","modified_gmt":"2026-01-30T15:56:28","slug":"calendario","status":"publish","type":"page","link":"https:\/\/vetaffairs.la.gov\/pt\/calendario","title":{"rendered":"Calend\u00e1rio"},"content":{"rendered":"<div data-elementor-type=\"wp-page\" data-elementor-id=\"5512\" class=\"elementor elementor-5512\" data-elementor-post-type=\"page\">\n\t\t\t\t<div class=\"elementor-element elementor-element-88703a7 e-flex e-con-boxed e-con e-parent\" data-id=\"88703a7\" data-element_type=\"container\">\n\t\t\t\t\t<div class=\"e-con-inner\">\n\t\t\t\t<div class=\"elementor-element elementor-element-4737d41 elementor-widget elementor-widget-heading\" data-id=\"4737d41\" data-element_type=\"widget\" data-widget_type=\"heading.default\">\n\t\t\t\t<div class=\"elementor-widget-container\">\n\t\t\t\t\t<h1 class=\"elementor-heading-title elementor-size-default\">Pr\u00f3ximos eventos<\/h1>\t\t\t\t<\/div>\n\t\t\t\t<\/div>\n\t\t\t\t<div class=\"elementor-element elementor-element-b652d4d intro elementor-widget elementor-widget-text-editor\" data-id=\"b652d4d\" data-element_type=\"widget\" data-widget_type=\"text-editor.default\">\n\t\t\t\t<div class=\"elementor-widget-container\">\n\t\t\t\t\t\t\t\t\t<p>Nossa lista de pr\u00f3ximos eventos inclui eventos organizados pelo departamento e por nossos cinco veteranos.<br \/>casas e nossos cinco cemit\u00e9rios de veteranos. Outros eventos ser\u00e3o listados caso um membro de nossa equipe de lideran\u00e7a esteja presente, seja palestrando, entregando medalhas de honra ou atendendo em um estande nesses eventos.<\/p>\t\t\t\t\t\t\t\t<\/div>\n\t\t\t\t<\/div>\n\t\t\t\t<div class=\"elementor-element elementor-element-11c1b6b elementor-align-center elementor-widget elementor-widget-button\" data-id=\"11c1b6b\" data-element_type=\"widget\" data-widget_type=\"button.default\">\n\t\t\t\t<div class=\"elementor-widget-container\">\n\t\t\t\t\t\t\t\t\t<div class=\"elementor-button-wrapper\">\n\t\t\t\t\t<a class=\"elementor-button elementor-button-link elementor-size-sm\" href=\"\/pt\/solicitacao-de-evento\/\">\n\t\t\t\t\t\t<span class=\"elementor-button-content-wrapper\">\n\t\t\t\t\t\t<span class=\"elementor-button-icon\">\n\t\t\t\t<svg aria-hidden=\"true\" class=\"e-font-icon-svg e-fas-arrow-right\" viewbox=\"0 0 448 512\" xmlns=\"http:\/\/www.w3.org\/2000\/svg\"><path d=\"M190.5 66.9l22.2-22.2c9.4-9.4 24.6-9.4 33.9 0L441 239c9.4 9.4 9.4 24.6 0 33.9L246.6 467.3c-9.4 9.4-24.6 9.4-33.9 0l-22.2-22.2c-9.5-9.5-9.3-25 .4-34.3L311.4 296H24c-13.3 0-24-10.7-24-24v-32c0-13.3 10.7-24 24-24h287.4L190.9 101.2c-9.8-9.3-10-24.8-.4-34.3z\"><\/path><\/svg>\t\t\t<\/span>\n\t\t\t\t\t\t\t\t\t<span class=\"elementor-button-text\">SOLICITA\u00c7\u00c3O DE EVENTO<\/span>\n\t\t\t\t\t<\/span>\n\t\t\t\t\t<\/a>\n\t\t\t\t<\/div>\n\t\t\t\t\t\t\t\t<\/div>\n\t\t\t\t<\/div>\n\t\t\t\t<div class=\"elementor-element elementor-element-ea0db88 intro elementor-widget elementor-widget-text-editor\" data-id=\"ea0db88\" data-element_type=\"widget\" data-widget_type=\"text-editor.default\">\n\t\t\t\t<div class=\"elementor-widget-container\">\n\t\t\t\t\t\t\t\t\t<p>Para d\u00favidas, envie um e-mail. <a href=\"mailto:veteran@la.gov\">veterano@la.gov<\/a> ou ligue <a href=\"tel:2252195005\">(225) 219-5005<\/a>.<\/p>\t\t\t\t\t\t\t\t<\/div>\n\t\t\t\t<\/div>\n\t\t\t\t\t<\/div>\n\t\t\t\t<\/div>\n\t\t<div class=\"elementor-element elementor-element-4b7d586a e-con-full e-flex e-con e-parent\" data-id=\"4b7d586a\" data-element_type=\"container\" id=\"elementor-events-shortcode\">\n\t\t\t\t<div class=\"elementor-element elementor-element-ad00ba8 elementor-widget elementor-widget-shortcode\" data-id=\"ad00ba8\" data-element_type=\"widget\" data-widget_type=\"shortcode.default\">\n\t\t\t\t<div class=\"elementor-widget-container\">\n\t\t\t\t\t\t\t<div class=\"elementor-shortcode\"><div class=\"mec-wrap mec-skin-list-container\" id=\"mec_skin_5511\">\r\n\r\n    <form id=\"mec_search_form_5511\" class=\"mec-search-form mec-totalcal-box mec-dropdown-enhanced\" autocomplete=\"off\" action=\"\"><div class=\"mec-dropdown-wrap\" style=\"display: none;\"><\/div><div class=\"mec-text-input-search\"><i class=\"mec-sl-magnifier\"><\/i>\r\n                    <input type=\"search\" value=\"\" id=\"mec_sf_s_5511\" placeholder=\"Pesquisar por palavra-chave\" title=\"Pesquisar por palavra-chave\" \/>\r\n                <\/div><div class=\"mec-search-reset-button col-md-2\"><button class=\"button mec-button\" id=\"mec_search_form_5511_reset\" type=\"button\">Reiniciar<\/button><\/div><input type=\"hidden\" name=\"trp-form-language\" value=\"pt\"\/><\/form>\r\n            <div class=\"mec-skin-list-events-container\" id=\"mec_skin_events_5511\">\r\n        <div class=\"mec-wrap colorskin-custom\">\r\n\t<div class=\"mec-event-list-standard\">\r\n\t\t\r\n                        <div class=\"mec-month-divider\" data-toggle-divider=\"mec-toggle-202604-5511\"><h5 style=\"display: inline;\">abril de 2026<\/h5><i class=\"mec-sl-arrow-down\"><\/i><\/div>\r\n            \r\n                        <article class=\"mec-event-article  mec-clear  mec-divider-toggle mec-toggle-202604-5511\" itemscope>\r\n                                                        <div class=\"mec-topsec\">\r\n                        \r\n                        <div class=\"col-md-9 mec-col-table-c mec-event-content-wrap\">\r\n                            <div class=\"mec-event-content\">\r\n                                                                                                <h3 class=\"mec-event-title\"><a class=\"mec-color-hover\" data-event-id=\"6708\" href=\"https:\/\/vetaffairs.la.gov\/pt\/eventos\/resumo-de-recursos-para-veteranos\/\" target=\"_self\" rel=\"noopener\">Lista de Recursos para Veteranos<\/a><\/h3>\r\n                                <div class=\"mec-event-description\">Segundo Encontro Anual de Recursos para Veteranos: Conecte-se. Apoie. Empodere. Data: S\u00e1bado, 25 de abril de 2026. Hor\u00e1rio: 9h \u00e0s 12h. Local: War Memorial Civic Center, 250 W. 7th St., Deridder, LA. Aberto a veteranos, militares da ativa e seus familiares. \u00c9 necess\u00e1rio comprovar o servi\u00e7o militar: carteira de identidade militar ou de veterano, ou DD-214. O que [\u2026]<\/div>\r\n                            <\/div>\r\n                        <\/div>\r\n                        <div class=\"col-md-3 mec-col-table-c mec-event-meta-wrap\">\r\n                            <div class=\"mec-event-meta mec-color-before\">\r\n                                <div class=\"mec-date-details\">\r\n                                                                            <span class=\"mec-event-d\"><i class=\"mec-sl-calendar\"><\/i><span class=\"mec-start-date-label\">25 de abril de 2026<\/span><\/span>\r\n                                                                    <\/div>\r\n                                                                <div class=\"mec-time-details\"><svg xmlns=\"http:\/\/www.w3.org\/2000\/svg\" width=\"16\" height=\"16\" viewbox=\"0 0 16 16\"><path id=\"clock\" d=\"M8,16a8,8,0,1,1,8-8A8.009,8.009,0,0,1,8,16ZM8,1.333A6.667,6.667,0,1,0,14.667,8,6.674,6.674,0,0,0,8,1.333Zm2.667,10a.665.665,0,0,1-.471-.2L7.529,8.471a.666.666,0,0,1-.144-.217A.673.673,0,0,1,7.333,8V3.333a.667.667,0,1,1,1.333,0V7.724L11.138,10.2a.667.667,0,0,1-.471,1.138Z\" fill=\"#60daf2\" \/><\/svg><span class=\"mec-start-time\">9h00<\/span> - <span class=\"mec-end-time\">12:00<\/span><\/div>                                                                                                                                                                                                \r\n                                <!--                                -->                            <\/div>\r\n                        <\/div>\r\n                    <\/div>\r\n                    <div class=\"mec-event-footer\">\r\n                                                                                                                        <a class=\"mec-booking-button\" data-event-id=\"6708\" href=\"https:\/\/vetaffairs.la.gov\/pt\/eventos\/resumo-de-recursos-para-veteranos\/\" target=\"_self\" rel=\"noopener\">Ver Detalhes<\/a>                    <\/div>\r\n                            <\/article>\r\n            \t\t\t<\/div>\r\n<\/div>\r\n\r\n    <\/div>\r\n    <div class=\"mec-skin-list-no-events-container mec-util-hidden\" id=\"mec_skin_no_events_5511\">\r\n        Nenhum evento encontrado!    <\/div>\r\n    \r\n    \r\n<\/div>\r\n<\/div>\n\t\t\t\t\t\t<\/div>\n\t\t\t\t<\/div>\n\t\t\t\t<\/div>\n\t\t\t\t<\/div>","protected":false},"excerpt":{"rendered":"<p>Pr\u00f3ximos Eventos Nossa lista de pr\u00f3ximos eventos inclui eventos organizados pelo departamento, nossos cinco lares para veteranos e nossos cinco cemit\u00e9rios para veteranos. Eventos adicionais ser\u00e3o listados se um membro de nossa equipe de lideran\u00e7a estiver presente, palestrando, entregando medalhas de honra ou atendendo em um estande nesses eventos. SOLICITA\u00c7\u00c3O DE EVENTO Para perguntas, envie um e-mail para veteran@la.gov ou ligue para (225) [\u2026]<\/p>","protected":false},"author":2,"featured_media":0,"parent":0,"menu_order":0,"comment_status":"closed","ping_status":"closed","template":"elementor_header_footer","meta":{"_acf_changed":false,"footnotes":"","_links_to":"","_links_to_target":""},"class_list":["post-5512","page","type-page","status-publish","hentry"],"acf":[],"_links":{"self":[{"href":"https:\/\/vetaffairs.la.gov\/pt\/wp-json\/wp\/v2\/pages\/5512","targetHints":{"allow":["GET"]}}],"collection":[{"href":"https:\/\/vetaffairs.la.gov\/pt\/wp-json\/wp\/v2\/pages"}],"about":[{"href":"https:\/\/vetaffairs.la.gov\/pt\/wp-json\/wp\/v2\/types\/page"}],"author":[{"embeddable":true,"href":"https:\/\/vetaffairs.la.gov\/pt\/wp-json\/wp\/v2\/users\/2"}],"replies":[{"embeddable":true,"href":"https:\/\/vetaffairs.la.gov\/pt\/wp-json\/wp\/v2\/comments?post=5512"}],"version-history":[{"count":0,"href":"https:\/\/vetaffairs.la.gov\/pt\/wp-json\/wp\/v2\/pages\/5512\/revisions"}],"wp:attachment":[{"href":"https:\/\/vetaffairs.la.gov\/pt\/wp-json\/wp\/v2\/media?parent=5512"}],"curies":[{"name":"wp","href":"https:\/\/api.w.org\/{rel}","templated":true}]}}