{"id":37,"date":"2025-02-24T14:44:36","date_gmt":"2025-02-24T20:44:36","guid":{"rendered":"https:\/\/veteran-affairs-louisiana.local\/?page_id=37"},"modified":"2025-12-10T14:47:23","modified_gmt":"2025-12-10T20:47:23","slug":"cemiterios","status":"publish","type":"page","link":"https:\/\/vetaffairs.la.gov\/pt\/cemeteries","title":{"rendered":"Cemit\u00e9rios"},"content":{"rendered":"<div data-elementor-type=\"wp-page\" data-elementor-id=\"37\" class=\"elementor elementor-37\" data-elementor-post-type=\"page\">\n\t\t\t\t<div class=\"elementor-element elementor-element-fe67621 cemeteries-page e-flex e-con-boxed e-con e-parent\" data-id=\"fe67621\" data-element_type=\"container\">\n\t\t\t\t\t<div class=\"e-con-inner\">\n\t\t\t\t<div class=\"elementor-element elementor-element-5a59df9 elementor-widget elementor-widget-heading\" data-id=\"5a59df9\" data-element_type=\"widget\" data-widget_type=\"heading.default\">\n\t\t\t\t<div class=\"elementor-widget-container\">\n\t\t\t\t\t<span class=\"elementor-heading-title elementor-size-default\">Proporcionando um local de descanso final de honra.<\/span>\t\t\t\t<\/div>\n\t\t\t\t<\/div>\n\t\t\t\t<div class=\"elementor-element elementor-element-31eab85 elementor-widget elementor-widget-image\" data-id=\"31eab85\" data-element_type=\"widget\" data-widget_type=\"image.default\">\n\t\t\t\t<div class=\"elementor-widget-container\">\n\t\t\t\t\t\t\t\t\t\t\t\t\t\t\t<img decoding=\"async\" width=\"213\" height=\"25\" src=\"https:\/\/vetaffairs.la.gov\/wp-content\/uploads\/2025\/03\/star-pod-horizontal-with-dashed-line.svg\" class=\"attachment-medium_large size-medium_large wp-image-5402\" alt=\"\" \/>\t\t\t\t\t\t\t\t\t\t\t\t\t\t\t<\/div>\n\t\t\t\t<\/div>\n\t\t\t\t<div class=\"elementor-element elementor-element-958ef59 intro elementor-widget elementor-widget-text-editor\" data-id=\"958ef59\" data-element_type=\"widget\" data-widget_type=\"text-editor.default\">\n\t\t\t\t<div class=\"elementor-widget-container\">\n\t\t\t\t\t\t\t\t\t<p>O Departamento de Assuntos de Veteranos da Louisiana administra cinco cemit\u00e9rios em todo o estado. Cada cemit\u00e9rio de veteranos oferece um ambiente belo e tranquilo que os veteranos, seus c\u00f4njuges e filhos dependentes podem considerar seu local de descanso eterno. <\/p>\t\t\t\t\t\t\t\t<\/div>\n\t\t\t\t<\/div>\n\t\t<div class=\"elementor-element elementor-element-79f008f e-grid e-con-full buttons e-con e-child\" data-id=\"79f008f\" data-element_type=\"container\">\n\t\t\t\t<div class=\"elementor-element elementor-element-e590a3d elementor-align-justify elementor-widget elementor-widget-button\" data-id=\"e590a3d\" data-element_type=\"widget\" data-widget_type=\"button.default\">\n\t\t\t\t<div class=\"elementor-widget-container\">\n\t\t\t\t\t\t\t\t\t<div class=\"elementor-button-wrapper\">\n\t\t\t\t\t<a class=\"elementor-button elementor-button-link elementor-size-sm elementor-animation-grow\" href=\"\/pt\/cemiterios\/cemiterio-de-veteranos-da-louisiana-central\/\">\n\t\t\t\t\t\t<span class=\"elementor-button-content-wrapper\">\n\t\t\t\t\t\t\t\t\t<span class=\"elementor-button-text\">Cemit\u00e9rio de Veteranos da Louisiana Central em Leesville<\/span>\n\t\t\t\t\t<\/span>\n\t\t\t\t\t<\/a>\n\t\t\t\t<\/div>\n\t\t\t\t\t\t\t\t<\/div>\n\t\t\t\t<\/div>\n\t\t\t\t<div class=\"elementor-element elementor-element-287315d elementor-align-justify elementor-widget elementor-widget-button\" data-id=\"287315d\" data-element_type=\"widget\" data-widget_type=\"button.default\">\n\t\t\t\t<div class=\"elementor-widget-container\">\n\t\t\t\t\t\t\t\t\t<div class=\"elementor-button-wrapper\">\n\t\t\t\t\t<a class=\"elementor-button elementor-button-link elementor-size-sm elementor-animation-grow\" href=\"\/pt\/cemiterios\/cemiterio-de-veteranos-do-nordeste-da-louisiana\/\">\n\t\t\t\t\t\t<span class=\"elementor-button-content-wrapper\">\n\t\t\t\t\t\t\t\t\t<span class=\"elementor-button-text\">Cemit\u00e9rio de Veteranos do Nordeste da Louisiana em Rayville<\/span>\n\t\t\t\t\t<\/span>\n\t\t\t\t\t<\/a>\n\t\t\t\t<\/div>\n\t\t\t\t\t\t\t\t<\/div>\n\t\t\t\t<\/div>\n\t\t\t\t<div class=\"elementor-element elementor-element-837d350 elementor-align-justify elementor-widget elementor-widget-button\" data-id=\"837d350\" data-element_type=\"widget\" data-widget_type=\"button.default\">\n\t\t\t\t<div class=\"elementor-widget-container\">\n\t\t\t\t\t\t\t\t\t<div class=\"elementor-button-wrapper\">\n\t\t\t\t\t<a class=\"elementor-button elementor-button-link elementor-size-sm elementor-animation-grow\" href=\"\/pt\/cemiterios\/cemiterio-de-veteranos-do-noroeste-da-louisiana\/\">\n\t\t\t\t\t\t<span class=\"elementor-button-content-wrapper\">\n\t\t\t\t\t\t\t\t\t<span class=\"elementor-button-text\">Cemit\u00e9rio de Veteranos do Noroeste da Louisiana em Keithville<\/span>\n\t\t\t\t\t<\/span>\n\t\t\t\t\t<\/a>\n\t\t\t\t<\/div>\n\t\t\t\t\t\t\t\t<\/div>\n\t\t\t\t<\/div>\n\t\t\t\t<div class=\"elementor-element elementor-element-d8aaae4 elementor-align-justify elementor-widget elementor-widget-button\" data-id=\"d8aaae4\" data-element_type=\"widget\" data-widget_type=\"button.default\">\n\t\t\t\t<div class=\"elementor-widget-container\">\n\t\t\t\t\t\t\t\t\t<div class=\"elementor-button-wrapper\">\n\t\t\t\t\t<a class=\"elementor-button elementor-button-link elementor-size-sm elementor-animation-grow\" href=\"\/pt\/cemiterios\/cemiterio-de-veteranos-do-sudeste-da-louisiana\/\">\n\t\t\t\t\t\t<span class=\"elementor-button-content-wrapper\">\n\t\t\t\t\t\t\t\t\t<span class=\"elementor-button-text\">Cemit\u00e9rio de Veteranos do Sudeste da Louisiana em Slidell<\/span>\n\t\t\t\t\t<\/span>\n\t\t\t\t\t<\/a>\n\t\t\t\t<\/div>\n\t\t\t\t\t\t\t\t<\/div>\n\t\t\t\t<\/div>\n\t\t\t\t<\/div>\n\t\t<div class=\"elementor-element elementor-element-056efc0 e-con-full buttons e-flex e-con e-child\" data-id=\"056efc0\" data-element_type=\"container\" id=\"eligibility\">\n\t\t\t\t<div class=\"elementor-element elementor-element-53deeef elementor-align-center elementor-tablet-align-justify elementor-widget elementor-widget-button\" data-id=\"53deeef\" data-element_type=\"widget\" data-widget_type=\"button.default\">\n\t\t\t\t<div class=\"elementor-widget-container\">\n\t\t\t\t\t\t\t\t\t<div class=\"elementor-button-wrapper\">\n\t\t\t\t\t<a class=\"elementor-button elementor-button-link elementor-size-sm elementor-animation-grow\" href=\"\/pt\/cemiterios\/cemiterio-de-veteranos-do-sudoeste-da-louisiana\/\">\n\t\t\t\t\t\t<span class=\"elementor-button-content-wrapper\">\n\t\t\t\t\t\t\t\t\t<span class=\"elementor-button-text\">Cemit\u00e9rio de Veteranos do Sudoeste da Louisiana em Jennings<\/span>\n\t\t\t\t\t<\/span>\n\t\t\t\t\t<\/a>\n\t\t\t\t<\/div>\n\t\t\t\t\t\t\t\t<\/div>\n\t\t\t\t<\/div>\n\t\t\t\t<\/div>\n\t\t\t\t<div class=\"elementor-element elementor-element-96d09a5 intro elementor-widget elementor-widget-text-editor\" data-id=\"96d09a5\" data-element_type=\"widget\" data-widget_type=\"text-editor.default\">\n\t\t\t\t<div class=\"elementor-widget-container\">\n\t\t\t\t\t\t\t\t\t<h2>Elegibilidade<\/h2><p>Veteranos que serviram um dia em servi\u00e7o ativo (exceto treinamento) antes de 7 de setembro de 1980 (para alistamento) ou 16 de outubro de 1981 (para oficiais), ou dois anos consecutivos ap\u00f3s essas datas, e que receberam baixa honrosa, t\u00eam direito ao sepultamento. Reservistas convocados para o servi\u00e7o ativo sob o T\u00edtulo 10 ou aposentados das For\u00e7as Armadas que receberam baixa honrosa, bem como qualquer veterano com v\u00ednculo relacionado ao servi\u00e7o militar, tamb\u00e9m t\u00eam direito.<\/p>\t\t\t\t\t\t\t\t<\/div>\n\t\t\t\t<\/div>\n\t\t\t\t<div class=\"elementor-element elementor-element-5bb6e55 intro elementor-widget elementor-widget-text-editor\" data-id=\"5bb6e55\" data-element_type=\"widget\" id=\"burial-services\" data-widget_type=\"text-editor.default\">\n\t\t\t\t<div class=\"elementor-widget-container\">\n\t\t\t\t\t\t\t\t\t<p>Al\u00e9m disso, existe um <a href=\"\/pt\/beneficios\/estado\/\">benef\u00edcio de sepultamento estatal<\/a> que prev\u00ea que um membro das For\u00e7as Armadas da Guarda Nacional da Louisiana ou de um componente da reserva de perfura\u00e7\u00e3o seja sepultado junto ao c\u00f4njuge, caso o membro das For\u00e7as Armadas fosse residente da Louisiana na \u00e9poca do falecimento e tenha recebido baixa honrosa.<\/p>\t\t\t\t\t\t\t\t<\/div>\n\t\t\t\t<\/div>\n\t\t\t\t<div class=\"elementor-element elementor-element-f776e4f intro elementor-widget elementor-widget-text-editor\" data-id=\"f776e4f\" data-element_type=\"widget\" data-widget_type=\"text-editor.default\">\n\t\t\t\t<div class=\"elementor-widget-container\">\n\t\t\t\t\t\t\t\t\t<h2>Servi\u00e7os funer\u00e1rios<\/h2><p>Os cemit\u00e9rios de veteranos da Louisiana oferecem homenagens dignas e duradouras para honrar aqueles que serviram ao nosso pa\u00eds. Cada um dos nossos cinco cemit\u00e9rios oferece servi\u00e7os profissionais e atenciosos, incluindo:<\/p><ul><li>Honras militares e\/ou cerim\u00f4nia de sepultamento no momento do enterro.<\/li><li>Op\u00e7\u00f5es para sepultamento em caix\u00e3o no solo, crema\u00e7\u00e3o em urna no solo e op\u00e7\u00f5es para cinzas cremadas acima do solo.<\/li><li>L\u00e1pides ou marcadores fornecidos pelo Departamento de Assuntos de Veteranos dos EUA<\/li><li>Manuten\u00e7\u00e3o perp\u00e9tua do terreno sem custo para a fam\u00edlia.<\/li><li>Assist\u00eancia personalizada de funcion\u00e1rios experientes do cemit\u00e9rio.<\/li><\/ul>\t\t\t\t\t\t\t\t<\/div>\n\t\t\t\t<\/div>\n\t\t\t\t<div class=\"elementor-element elementor-element-089514b intro elementor-widget elementor-widget-text-editor\" data-id=\"089514b\" data-element_type=\"widget\" data-widget_type=\"text-editor.default\">\n\t\t\t\t<div class=\"elementor-widget-container\">\n\t\t\t\t\t\t\t\t\t<h2>L\u00e1pides e marcadores<\/h2><p>Existem diversas op\u00e7\u00f5es de l\u00e1pides e marcadores, e a disponibilidade varia em cada um de nossos cemit\u00e9rios. Nossa equipe experiente pode orient\u00e1-lo sobre as op\u00e7\u00f5es dispon\u00edveis. <a href=\"https:\/\/www.cem.va.gov\/hmm\/emblems.asp\" target=\"_blank\" rel=\"noopener\">muitos emblemas de cren\u00e7a dispon\u00edveis<\/a> para l\u00e1pides e marcadores, <a href=\"https:\/\/www.cem.va.gov\/hmm\/inscriptions.asp\" target=\"_blank\" rel=\"noopener\">bem como inscri\u00e7\u00f5es<\/a> estabelecido pelo Departamento de Assuntos de Veteranos (VA) federal.<\/p><p>Os veteranos e seus c\u00f4njuges compartilhar\u00e3o a mesma l\u00e1pide. Para l\u00e1pides verticais, as informa\u00e7\u00f5es do c\u00f4njuge estar\u00e3o no verso, e para todas as outras l\u00e1pides, estar\u00e3o listadas abaixo das informa\u00e7\u00f5es do veterano.<\/p>\t\t\t\t\t\t\t\t<\/div>\n\t\t\t\t<\/div>\n\t\t\t\t<div class=\"elementor-element elementor-element-18f62ce intro elementor-widget elementor-widget-text-editor\" data-id=\"18f62ce\" data-element_type=\"widget\" data-widget_type=\"text-editor.default\">\n\t\t\t\t<div class=\"elementor-widget-container\">\n\t\t\t\t\t\t\t\t\t<h2>Taxas de sepultamento<\/h2><p>N\u00e3o h\u00e1 taxa de sepultamento para veteranos eleg\u00edveis. A taxa de sepultamento para c\u00f4njuges de veteranos e filhos dependentes \u00e9 um valor simb\u00f3lico, equivalente ao subs\u00eddio federal do Departamento de Assuntos de Veteranos (VA) vigente na \u00e9poca do falecimento, que pode ser informado por um membro da nossa equipe do cemit\u00e9rio.<\/p>\t\t\t\t\t\t\t\t<\/div>\n\t\t\t\t<\/div>\n\t\t\t\t<div class=\"elementor-element elementor-element-a866146 intro elementor-widget elementor-widget-text-editor\" data-id=\"a866146\" data-element_type=\"widget\" data-widget_type=\"text-editor.default\">\n\t\t\t\t<div class=\"elementor-widget-container\">\n\t\t\t\t\t\t\t\t\t<h2>Arranjos funer\u00e1rios e pedidos de cemit\u00e9rio<\/h2><p>Os preparativos para o sepultamento podem ser feitos com anteced\u00eancia na funer\u00e1ria de sua escolha. Os veteranos podem preencher um formul\u00e1rio. <a href=\"\/pt\/pedido-de-sepultamento-antecipado\/\">solicita\u00e7\u00e3o de pr\u00e9-necessidade<\/a> Com o cemit\u00e9rio escolhido, para determinar se o falecido tem direito ao sepultamento antes do falecimento; no entanto, isso n\u00e3o \u00e9 um requisito. <a href=\"\/pt\/pedido-de-sepultamento-antecipado\/\">pedido de sepultamento<\/a> O formul\u00e1rio pode ser preenchido ap\u00f3s o falecimento pela funer\u00e1ria, no caso de sepultamentos com caix\u00e3o, ou pela fam\u00edlia ou funer\u00e1ria, no caso de crema\u00e7\u00e3o. Veteranos tamb\u00e9m podem preencher um formul\u00e1rio. <a href=\"\/wp-content\/uploads\/2025\/06\/PRE-NEED-TEST.pdf\" target=\"_blank\" rel=\"noopener\">aplicativo PDF preench\u00edvel<\/a> Em vez da inscri\u00e7\u00e3o online, o formul\u00e1rio dever\u00e1 ser enviado por e-mail ou correio para o cemit\u00e9rio escolhido.<\/p>\t\t\t\t\t\t\t\t<\/div>\n\t\t\t\t<\/div>\n\t\t\t\t<div class=\"elementor-element elementor-element-0361fad intro elementor-widget elementor-widget-text-editor\" data-id=\"0361fad\" data-element_type=\"widget\" data-widget_type=\"text-editor.default\">\n\t\t\t\t<div class=\"elementor-widget-container\">\n\t\t\t\t\t\t\t\t\t<h2>Localizadores de sepulturas<\/h2><p>Existem dois localizadores de sepulturas dispon\u00edveis para aqueles que desejam localizar uma sepultura j\u00e1 existente. Nosso departamento possui o nosso. <a href=\"https:\/\/la.cemkiosk.com\/search\" target=\"_blank\" rel=\"noopener\">localizador pr\u00f3prio<\/a>, que pesquisar\u00e1 exclusivamente nossos cinco cemit\u00e9rios. Al\u00e9m disso, h\u00e1 <a href=\"https:\/\/www.cem.va.gov\/nationwide-gravesite-locator\/\" target=\"_blank\" rel=\"noopener\">um localizador<\/a> O servi\u00e7o \u00e9 fornecido pelo Departamento de Assuntos de Veteranos dos EUA e busca veteranos sepultados em todos os cemit\u00e9rios estaduais e nacionais de veteranos. Para localizar veteranos que n\u00e3o est\u00e3o sepultados em um cemit\u00e9rio estadual ou nacional de veteranos, voc\u00ea pode utilizar o servi\u00e7o de busca de cemit\u00e9rios. <a href=\"https:\/\/www.findagrave.com\/\" target=\"_blank\" rel=\"noopener\">Encontre um t\u00famulo<\/a>.<\/p>\t\t\t\t\t\t\t\t<\/div>\n\t\t\t\t<\/div>\n\t\t\t\t<div class=\"elementor-element elementor-element-23651e3 intro elementor-widget elementor-widget-text-editor\" data-id=\"23651e3\" data-element_type=\"widget\" data-widget_type=\"text-editor.default\">\n\t\t\t\t<div class=\"elementor-widget-container\">\n\t\t\t\t\t\t\t\t\t<h2>Para obter mais informa\u00e7\u00f5es<\/h2><p>Para saber mais sobre os servi\u00e7os dispon\u00edveis em cada cemit\u00e9rio e como nossa equipe pode ajudar sua fam\u00edlia, selecione o cemit\u00e9rio de seu interesse na parte superior desta p\u00e1gina.<\/p>\t\t\t\t\t\t\t\t<\/div>\n\t\t\t\t<\/div>\n\t\t\t\t<div class=\"elementor-element elementor-element-c0877c7 intro elementor-widget elementor-widget-text-editor\" data-id=\"c0877c7\" data-element_type=\"widget\" data-widget_type=\"text-editor.default\">\n\t\t\t\t<div class=\"elementor-widget-container\">\n\t\t\t\t\t\t\t\t\t<h2>Informa\u00e7\u00f5es sobre cemit\u00e9rios n\u00e3o pertencentes \u00e0 LDVA<\/h2><p>Para familiares que desejam encomendar uma l\u00e1pide ou placa comemorativa do Departamento de Assuntos de Veteranos (VA) para um veterano sepultado em um cemit\u00e9rio particular, entre em contato diretamente com a funer\u00e1ria respons\u00e1vel pelo servi\u00e7o ou com o cemit\u00e9rio onde o veterano est\u00e1 sepultado.<\/p>\t\t\t\t\t\t\t\t<\/div>\n\t\t\t\t<\/div>\n\t\t\t\t\t<\/div>\n\t\t\t\t<\/div>\n\t\t\t\t<\/div>","protected":false},"excerpt":{"rendered":"<p>Proporcionando um local de descanso eterno digno, o Departamento de Assuntos de Veteranos da Louisiana administra cinco cemit\u00e9rios em todo o estado. Cada um\u2026<\/p>","protected":false},"author":7,"featured_media":0,"parent":0,"menu_order":0,"comment_status":"closed","ping_status":"closed","template":"","meta":{"_acf_changed":false,"footnotes":"","_links_to":"","_links_to_target":""},"class_list":["post-37","page","type-page","status-publish","hentry"],"acf":[],"_links":{"self":[{"href":"https:\/\/vetaffairs.la.gov\/pt\/wp-json\/wp\/v2\/pages\/37","targetHints":{"allow":["GET"]}}],"collection":[{"href":"https:\/\/vetaffairs.la.gov\/pt\/wp-json\/wp\/v2\/pages"}],"about":[{"href":"https:\/\/vetaffairs.la.gov\/pt\/wp-json\/wp\/v2\/types\/page"}],"author":[{"embeddable":true,"href":"https:\/\/vetaffairs.la.gov\/pt\/wp-json\/wp\/v2\/users\/7"}],"replies":[{"embeddable":true,"href":"https:\/\/vetaffairs.la.gov\/pt\/wp-json\/wp\/v2\/comments?post=37"}],"version-history":[{"count":0,"href":"https:\/\/vetaffairs.la.gov\/pt\/wp-json\/wp\/v2\/pages\/37\/revisions"}],"wp:attachment":[{"href":"https:\/\/vetaffairs.la.gov\/pt\/wp-json\/wp\/v2\/media?parent=37"}],"curies":[{"name":"wp","href":"https:\/\/api.w.org\/{rel}","templated":true}]}}