{"id":36,"date":"2025-02-24T14:43:56","date_gmt":"2025-02-24T20:43:56","guid":{"rendered":"https:\/\/veteran-affairs-louisiana.local\/?page_id=36"},"modified":"2026-03-10T07:38:31","modified_gmt":"2026-03-10T12:38:31","slug":"casas","status":"publish","type":"page","link":"https:\/\/vetaffairs.la.gov\/pt\/homes","title":{"rendered":"Casas"},"content":{"rendered":"<div data-elementor-type=\"wp-page\" data-elementor-id=\"36\" class=\"elementor elementor-36\" data-elementor-post-type=\"page\">\n\t\t\t\t<div class=\"elementor-element elementor-element-f1207c0 cemeteries-page e-flex e-con-boxed e-con e-parent\" data-id=\"f1207c0\" data-element_type=\"container\">\n\t\t\t\t\t<div class=\"e-con-inner\">\n\t\t\t\t<div class=\"elementor-element elementor-element-a44cd03 elementor-widget elementor-widget-heading\" data-id=\"a44cd03\" data-element_type=\"widget\" data-widget_type=\"heading.default\">\n\t\t\t\t<div class=\"elementor-widget-container\">\n\t\t\t\t\t<span class=\"elementor-heading-title elementor-size-default\">Proporcionar aos veteranos um lugar \u00fanico para chamar de lar.<\/span>\t\t\t\t<\/div>\n\t\t\t\t<\/div>\n\t\t\t\t<div class=\"elementor-element elementor-element-5d02641 elementor-widget elementor-widget-image\" data-id=\"5d02641\" data-element_type=\"widget\" data-widget_type=\"image.default\">\n\t\t\t\t<div class=\"elementor-widget-container\">\n\t\t\t\t\t\t\t\t\t\t\t\t\t\t\t<img decoding=\"async\" width=\"213\" height=\"25\" src=\"https:\/\/vetaffairs.la.gov\/wp-content\/uploads\/2025\/03\/star-pod-horizontal-with-dashed-line.svg\" class=\"attachment-medium_large size-medium_large wp-image-5402\" alt=\"\" \/>\t\t\t\t\t\t\t\t\t\t\t\t\t\t\t<\/div>\n\t\t\t\t<\/div>\n\t\t\t\t<div class=\"elementor-element elementor-element-1e07c5c intro elementor-widget elementor-widget-text-editor\" data-id=\"1e07c5c\" data-element_type=\"widget\" data-widget_type=\"text-editor.default\">\n\t\t\t\t<div class=\"elementor-widget-container\">\n\t\t\t\t\t\t\t\t\t<p>O Departamento de Assuntos de Veteranos da Louisiana administra cinco lares para veteranos em todo o estado. Cada lar oferece um ambiente \u00fanico e acolhedor, onde os veteranos podem viver ao lado de seus irm\u00e3os e irm\u00e3s de armas, recebendo cuidados e apoio abrangentes.<\/p>\t\t\t\t\t\t\t\t<\/div>\n\t\t\t\t<\/div>\n\t\t<div class=\"elementor-element elementor-element-a55201c e-grid e-con-full buttons e-con e-child\" data-id=\"a55201c\" data-element_type=\"container\">\n\t\t\t\t<div class=\"elementor-element elementor-element-35a4f51 elementor-align-justify elementor-widget elementor-widget-button\" data-id=\"35a4f51\" data-element_type=\"widget\" data-widget_type=\"button.default\">\n\t\t\t\t<div class=\"elementor-widget-container\">\n\t\t\t\t\t\t\t\t\t<div class=\"elementor-button-wrapper\">\n\t\t\t\t\t<a class=\"elementor-button elementor-button-link elementor-size-sm elementor-animation-grow\" href=\"\/pt\/casas\/lar-de-veteranos-da-louisiana\/\">\n\t\t\t\t\t\t<span class=\"elementor-button-content-wrapper\">\n\t\t\t\t\t\t\t\t\t<span class=\"elementor-button-text\">Lar de Veteranos da Louisiana em Jackson<\/span>\n\t\t\t\t\t<\/span>\n\t\t\t\t\t<\/a>\n\t\t\t\t<\/div>\n\t\t\t\t\t\t\t\t<\/div>\n\t\t\t\t<\/div>\n\t\t\t\t<div class=\"elementor-element elementor-element-f83026d elementor-align-justify elementor-widget elementor-widget-button\" data-id=\"f83026d\" data-element_type=\"widget\" data-widget_type=\"button.default\">\n\t\t\t\t<div class=\"elementor-widget-container\">\n\t\t\t\t\t\t\t\t\t<div class=\"elementor-button-wrapper\">\n\t\t\t\t\t<a class=\"elementor-button elementor-button-link elementor-size-sm elementor-animation-grow\" href=\"\/pt\/casas\/lar-de-veteranos-do-nordeste-da-louisiana\/\">\n\t\t\t\t\t\t<span class=\"elementor-button-content-wrapper\">\n\t\t\t\t\t\t\t\t\t<span class=\"elementor-button-text\">Lar de Veteranos do Nordeste da Louisiana em Monroe<\/span>\n\t\t\t\t\t<\/span>\n\t\t\t\t\t<\/a>\n\t\t\t\t<\/div>\n\t\t\t\t\t\t\t\t<\/div>\n\t\t\t\t<\/div>\n\t\t\t\t<div class=\"elementor-element elementor-element-4ee7c90 elementor-align-justify elementor-widget elementor-widget-button\" data-id=\"4ee7c90\" data-element_type=\"widget\" data-widget_type=\"button.default\">\n\t\t\t\t<div class=\"elementor-widget-container\">\n\t\t\t\t\t\t\t\t\t<div class=\"elementor-button-wrapper\">\n\t\t\t\t\t<a class=\"elementor-button elementor-button-link elementor-size-sm elementor-animation-grow\" href=\"\/pt\/casas\/lar-de-veteranos-do-noroeste-da-louisiana\/\">\n\t\t\t\t\t\t<span class=\"elementor-button-content-wrapper\">\n\t\t\t\t\t\t\t\t\t<span class=\"elementor-button-text\">Lar para Veteranos do Noroeste da Louisiana em Bossier City<\/span>\n\t\t\t\t\t<\/span>\n\t\t\t\t\t<\/a>\n\t\t\t\t<\/div>\n\t\t\t\t\t\t\t\t<\/div>\n\t\t\t\t<\/div>\n\t\t\t\t<div class=\"elementor-element elementor-element-b424c00 elementor-align-justify elementor-widget elementor-widget-button\" data-id=\"b424c00\" data-element_type=\"widget\" data-widget_type=\"button.default\">\n\t\t\t\t<div class=\"elementor-widget-container\">\n\t\t\t\t\t\t\t\t\t<div class=\"elementor-button-wrapper\">\n\t\t\t\t\t<a class=\"elementor-button elementor-button-link elementor-size-sm elementor-animation-grow\" href=\"\/pt\/casas\/lar-de-veteranos-do-sudeste-da-louisiana\/\">\n\t\t\t\t\t\t<span class=\"elementor-button-content-wrapper\">\n\t\t\t\t\t\t\t\t\t<span class=\"elementor-button-text\">Lar de Veteranos do Sudeste da Louisiana na Reserva<\/span>\n\t\t\t\t\t<\/span>\n\t\t\t\t\t<\/a>\n\t\t\t\t<\/div>\n\t\t\t\t\t\t\t\t<\/div>\n\t\t\t\t<\/div>\n\t\t\t\t<\/div>\n\t\t<div class=\"elementor-element elementor-element-613cf73 e-con-full buttons e-flex e-con e-child\" data-id=\"613cf73\" data-element_type=\"container\">\n\t\t\t\t<div class=\"elementor-element elementor-element-530add0 elementor-align-center elementor-tablet-align-justify elementor-widget elementor-widget-button\" data-id=\"530add0\" data-element_type=\"widget\" data-widget_type=\"button.default\">\n\t\t\t\t<div class=\"elementor-widget-container\">\n\t\t\t\t\t\t\t\t\t<div class=\"elementor-button-wrapper\">\n\t\t\t\t\t<a class=\"elementor-button elementor-button-link elementor-size-sm elementor-animation-grow\" href=\"\/pt\/casas\/lar-de-veteranos-do-sudoeste-da-louisiana\/\">\n\t\t\t\t\t\t<span class=\"elementor-button-content-wrapper\">\n\t\t\t\t\t\t\t\t\t<span class=\"elementor-button-text\">Lar para Veteranos do Sudoeste da Louisiana em Jennings<\/span>\n\t\t\t\t\t<\/span>\n\t\t\t\t\t<\/a>\n\t\t\t\t<\/div>\n\t\t\t\t\t\t\t\t<\/div>\n\t\t\t\t<\/div>\n\t\t\t\t<\/div>\n\t\t\t\t<div class=\"elementor-element elementor-element-11d9264 intro elementor-widget elementor-widget-text-editor\" data-id=\"11d9264\" data-element_type=\"widget\" data-widget_type=\"text-editor.default\">\n\t\t\t\t<div class=\"elementor-widget-container\">\n\t\t\t\t\t\t\t\t\t<h2>Elegibilidade<\/h2><p>Veteranos da Louisiana que receberam baixa honrosa, seja em tempo de guerra ou de paz, e que serviram por 90 dias em servi\u00e7o ativo, ou membros eleg\u00edveis da Guarda Nacional\/Reserva, juntamente com c\u00f4njuges de veteranos e pais de militares falecidos em combate, s\u00e3o eleg\u00edveis para residir em um lar para veteranos. Os interessados em residir em um lar para veteranos precisar\u00e3o... <a href=\"https:\/\/vetaffairs.la.gov\/wp-content\/uploads\/2026\/01\/2025VeteransHomesAdmissionsApplication.pdf\" target=\"_blank\" rel=\"noopener\">preencher um formul\u00e1rio de inscri\u00e7\u00e3o<\/a> e envie a candidatura para o lar de veteranos selecionado.<\/p>\t\t\t\t\t\t\t\t<\/div>\n\t\t\t\t<\/div>\n\t\t\t\t<div class=\"elementor-element elementor-element-b67ba56 intro elementor-widget elementor-widget-text-editor\" data-id=\"b67ba56\" data-element_type=\"widget\" data-widget_type=\"text-editor.default\">\n\t\t\t\t<div class=\"elementor-widget-container\">\n\t\t\t\t\t\t\t\t\t<h2>Por que somos \u00fanicos<\/h2><p>Existem muitas raz\u00f5es pelas quais nossos lares para veteranos s\u00e3o \u00fanicos, sendo a mais importante o custo. O custo de vida em um lar para veteranos \u00e9 muito menor do que em um asilo tradicional, que normalmente cobra taxas particulares de \u00a36.000 a \u00a37.000 por m\u00eas ou mais.<\/p><p>Nossos lares para veteranos tamb\u00e9m possuem:<\/p><ul><li>Conselheiros de assist\u00eancia a veteranos fazem parte da equipe para trabalhar com os veteranos em rela\u00e7\u00e3o aos seus benef\u00edcios.<\/li><li>Cobertura de enfermagem 24 horas por dia, 7 dias por semana.<\/li><li>Farmac\u00eautico e T\u00e9cnico de Farm\u00e1cia em Tempo Integral<\/li><li>Nutricionista em tempo integral<\/li><li>Assistente Social em Tempo Integral com Mestrado<\/li><li>Ala de Cuidados com a Mem\u00f3ria para Diagn\u00f3sticos de Alzheimer ou Dem\u00eancia<\/li><li>Possibilidade de veteranos viverem entre outros veteranos<\/li><\/ul>\t\t\t\t\t\t\t\t<\/div>\n\t\t\t\t<\/div>\n\t\t\t\t<div class=\"elementor-element elementor-element-fee2ca9 intro elementor-widget elementor-widget-text-editor\" data-id=\"fee2ca9\" data-element_type=\"widget\" data-widget_type=\"text-editor.default\">\n\t\t\t\t<div class=\"elementor-widget-container\">\n\t\t\t\t\t\t\t\t\t<h2>Tarifas<\/h2><p>Nossos honor\u00e1rios s\u00e3o os seguintes:<\/p><ul><li>Veteranos com uma classifica\u00e7\u00e3o de invalidez relacionada ao servi\u00e7o militar de 70% ou superior, concedida pelo Departamento de Assuntos de Veteranos (VA), e veteranos admitidos com um diagn\u00f3stico relacionado \u00e0 sua invalidez em qualquer n\u00edvel podem ser eleg\u00edveis para residir gratuitamente em nossos lares para veteranos.<\/li><li>Veteranos com uma classifica\u00e7\u00e3o de invalidez relacionada ao servi\u00e7o militar inferior a 70% podem ser eleg\u00edveis para morar em nossas resid\u00eancias para veteranos mediante o pagamento de uma taxa mensal de $2.424. Essa taxa pode ser reduzida mediante solicita\u00e7\u00e3o e aprova\u00e7\u00e3o no programa de benef\u00edcios. <a href=\"https:\/\/www.va.gov\/pension\/aid-attendance-housebound\/\" target=\"_blank\" rel=\"noopener\">aux\u00edlio federal e pens\u00e3o de frequ\u00eancia<\/a>. Essa taxa \u00e9 definida pelo Departamento de Assuntos de Veteranos dos EUA e muda anualmente.<\/li><li>Veteranos com defici\u00eancia relacionada ao servi\u00e7o militar, com classifica\u00e7\u00e3o de incapacidade igual ou superior a 50%, recebem seus medicamentos gratuitamente.<\/li><li>C\u00f4njuges de veteranos, pais de militares falecidos em combate e membros eleg\u00edveis da Guarda Nacional\/Reservistas podem ser eleg\u00edveis para morar em nossas resid\u00eancias para veteranos mediante o pagamento de uma taxa mensal de \u00a31.400. Essa taxa est\u00e1 sujeita a altera\u00e7\u00f5es.<\/li><\/ul>\t\t\t\t\t\t\t\t<\/div>\n\t\t\t\t<\/div>\n\t\t\t\t<div class=\"elementor-element elementor-element-856de13 intro elementor-widget elementor-widget-text-editor\" data-id=\"856de13\" data-element_type=\"widget\" data-widget_type=\"text-editor.default\">\n\t\t\t\t<div class=\"elementor-widget-container\">\n\t\t\t\t\t\t\t\t\t<h2>Para obter mais informa\u00e7\u00f5es<\/h2><p>Saiba mais sobre cada local e como podemos ajud\u00e1-lo a selecionar a melhor op\u00e7\u00e3o para voc\u00ea ou para um ente querido, clicando em cada op\u00e7\u00e3o de lar para veteranos da Louisiana no topo desta p\u00e1gina.<\/p>\t\t\t\t\t\t\t\t<\/div>\n\t\t\t\t<\/div>\n\t\t\t\t\t<\/div>\n\t\t\t\t<\/div>\n\t\t\t\t<\/div>","protected":false},"excerpt":{"rendered":"<p>Providing veterans a unique place to call home The Louisiana Department of Veterans Affairs operates five veterans homes across the&#8230;<\/p>","protected":false},"author":7,"featured_media":0,"parent":0,"menu_order":0,"comment_status":"closed","ping_status":"closed","template":"","meta":{"_acf_changed":false,"footnotes":"","_links_to":"","_links_to_target":""},"class_list":["post-36","page","type-page","status-publish","hentry"],"acf":[],"_links":{"self":[{"href":"https:\/\/vetaffairs.la.gov\/pt\/wp-json\/wp\/v2\/pages\/36","targetHints":{"allow":["GET"]}}],"collection":[{"href":"https:\/\/vetaffairs.la.gov\/pt\/wp-json\/wp\/v2\/pages"}],"about":[{"href":"https:\/\/vetaffairs.la.gov\/pt\/wp-json\/wp\/v2\/types\/page"}],"author":[{"embeddable":true,"href":"https:\/\/vetaffairs.la.gov\/pt\/wp-json\/wp\/v2\/users\/7"}],"replies":[{"embeddable":true,"href":"https:\/\/vetaffairs.la.gov\/pt\/wp-json\/wp\/v2\/comments?post=36"}],"version-history":[{"count":0,"href":"https:\/\/vetaffairs.la.gov\/pt\/wp-json\/wp\/v2\/pages\/36\/revisions"}],"wp:attachment":[{"href":"https:\/\/vetaffairs.la.gov\/pt\/wp-json\/wp\/v2\/media?parent=36"}],"curies":[{"name":"wp","href":"https:\/\/api.w.org\/{rel}","templated":true}]}}