{"id":34,"date":"2025-02-24T14:42:27","date_gmt":"2025-02-24T20:42:27","guid":{"rendered":"https:\/\/veteran-affairs-louisiana.local\/?page_id=34"},"modified":"2025-12-10T14:58:16","modified_gmt":"2025-12-10T20:58:16","slug":"beneficios","status":"publish","type":"page","link":"https:\/\/vetaffairs.la.gov\/pt\/benefits","title":{"rendered":"Benef\u00edcios"},"content":{"rendered":"<div data-elementor-type=\"wp-page\" data-elementor-id=\"34\" class=\"elementor elementor-34\" data-elementor-post-type=\"page\">\n\t\t\t\t<div class=\"elementor-element elementor-element-05386b4 e-flex e-con-boxed e-con e-parent\" data-id=\"05386b4\" data-element_type=\"container\">\n\t\t\t\t\t<div class=\"e-con-inner\">\n\t\t\t\t<div class=\"elementor-element elementor-element-530e9db elementor-widget elementor-widget-heading\" data-id=\"530e9db\" data-element_type=\"widget\" data-widget_type=\"heading.default\">\n\t\t\t\t<div class=\"elementor-widget-container\">\n\t\t\t\t\t<span class=\"elementor-heading-title elementor-size-default\">Conectando voc\u00ea aos benef\u00edcios que voc\u00ea conquistou.<\/span>\t\t\t\t<\/div>\n\t\t\t\t<\/div>\n\t\t\t\t<div class=\"elementor-element elementor-element-d0137a5 elementor-widget elementor-widget-image\" data-id=\"d0137a5\" data-element_type=\"widget\" data-widget_type=\"image.default\">\n\t\t\t\t<div class=\"elementor-widget-container\">\n\t\t\t\t\t\t\t\t\t\t\t\t\t\t\t<img decoding=\"async\" width=\"213\" height=\"25\" src=\"https:\/\/vetaffairs.la.gov\/wp-content\/uploads\/2025\/03\/star-pod-horizontal-with-dashed-line.svg\" class=\"attachment-medium_large size-medium_large wp-image-5402\" alt=\"\" \/>\t\t\t\t\t\t\t\t\t\t\t\t\t\t\t<\/div>\n\t\t\t\t<\/div>\n\t\t\t\t<div class=\"elementor-element elementor-element-c9996af intro elementor-widget elementor-widget-text-editor\" data-id=\"c9996af\" data-element_type=\"widget\" data-widget_type=\"text-editor.default\">\n\t\t\t\t<div class=\"elementor-widget-container\">\n\t\t\t\t\t\t\t\t\t<p>\u00c9 a espinha dorsal da nossa miss\u00e3o: conectar veteranos aos benef\u00edcios que conquistaram ao servir o nosso pa\u00eds. Nossos conselheiros de assist\u00eancia a veteranos (VACs), credenciados pelo Departamento de Assuntos de Veteranos (VA) federal e todos eles veteranos, trabalham em nossos 74 escrit\u00f3rios de atendimento em todo o estado para cumprir essa miss\u00e3o. Nossos VACs protocolam solicita\u00e7\u00f5es junto ao VA federal em nome dos veteranos da Louisiana, gratuitamente, al\u00e9m de orient\u00e1-los sobre os benef\u00edcios estaduais e federais dispon\u00edveis. <\/p>\t\t\t\t\t\t\t\t<\/div>\n\t\t\t\t<\/div>\n\t\t\t\t<div class=\"elementor-element elementor-element-1dfbc95 intro elementor-widget elementor-widget-text-editor\" data-id=\"1dfbc95\" data-element_type=\"widget\" data-widget_type=\"text-editor.default\">\n\t\t\t\t<div class=\"elementor-widget-container\">\n\t\t\t\t\t\t\t\t\t<p>Al\u00e9m de nossos conselheiros de assist\u00eancia a veteranos, nossos assistentes jur\u00eddicos de apela\u00e7\u00f5es auxiliam veteranos com apela\u00e7\u00f5es pendentes perante o Conselho de Apela\u00e7\u00f5es de Veteranos do Departamento de Assuntos de Veteranos (VA), incluindo representa\u00e7\u00e3o em audi\u00eancias. Se desejar agendar uma consulta com um de nossos conselheiros de assist\u00eancia a veteranos, voc\u00ea pode utilizar [inserir link aqui]. <a href=\"\/pt\/locais\/\">nosso localizador para encontrar o escrit\u00f3rio de assist\u00eancia t\u00e9cnica mais pr\u00f3ximo.<\/a> ou ligue <a href=\"tel:2252195000\">225.219.5000<\/a> para assist\u00eancia.<\/p>\t\t\t\t\t\t\t\t<\/div>\n\t\t\t\t<\/div>\n\t\t\t\t<div class=\"elementor-element elementor-element-d03227d intro elementor-widget elementor-widget-text-editor\" data-id=\"d03227d\" data-element_type=\"widget\" data-widget_type=\"text-editor.default\">\n\t\t\t\t<div class=\"elementor-widget-container\">\n\t\t\t\t\t\t\t\t\t<p>Nossos Centros de Atendimento a Veteranos (VACs) tamb\u00e9m podem auxiliar na obten\u00e7\u00e3o do formul\u00e1rio DD-214 para veteranos. Para membros da Guarda Nacional da Louisiana (LANG), entre em contato com o Quartel de Jackson em Nova Orleans pelo telefone [inserir n\u00famero de telefone aqui]. <a href=\"tel:5042788000\">504.278.8000<\/a> para obter assist\u00eancia na aquisi\u00e7\u00e3o de um NGB-22.<\/p>\t\t\t\t\t\t\t\t<\/div>\n\t\t\t\t<\/div>\n\t\t\t\t\t<\/div>\n\t\t\t\t<\/div>\n\t\t<div class=\"elementor-element elementor-element-dc3d7ef e-grid e-con-boxed e-con e-parent\" data-id=\"dc3d7ef\" data-element_type=\"container\">\n\t\t\t\t\t<div class=\"e-con-inner\">\n\t\t<div class=\"elementor-element elementor-element-db20c57 e-con-full dark-blue-pod e-flex e-con e-child\" data-id=\"db20c57\" data-element_type=\"container\" data-settings=\"{&quot;background_background&quot;:&quot;classic&quot;}\">\n\t\t<div class=\"elementor-element elementor-element-1087be2 e-con-full icon-container e-flex e-con e-child\" data-id=\"1087be2\" data-element_type=\"container\" data-settings=\"{&quot;background_background&quot;:&quot;classic&quot;}\">\n\t\t\t\t<div class=\"elementor-element elementor-element-7d3b9dd elementor-widget__width-initial icon elementor-widget elementor-widget-image\" data-id=\"7d3b9dd\" data-element_type=\"widget\" data-widget_type=\"image.default\">\n\t\t\t\t<div class=\"elementor-widget-container\">\n\t\t\t\t\t\t\t\t\t\t\t\t\t\t\t<img decoding=\"async\" width=\"51\" height=\"51\" src=\"https:\/\/vetaffairs.la.gov\/wp-content\/uploads\/2025\/02\/icon-hands-people.svg\" class=\"attachment-medium size-medium wp-image-102\" alt=\"\" \/>\t\t\t\t\t\t\t\t\t\t\t\t\t\t\t<\/div>\n\t\t\t\t<\/div>\n\t\t\t\t<\/div>\n\t\t\t\t<div class=\"elementor-element elementor-element-9cf9e72 elementor-widget elementor-widget-heading\" data-id=\"9cf9e72\" data-element_type=\"widget\" data-widget_type=\"heading.default\">\n\t\t\t\t<div class=\"elementor-widget-container\">\n\t\t\t\t\t<h2 class=\"elementor-heading-title elementor-size-default\">Benef\u00edcios Estaduais<\/h2>\t\t\t\t<\/div>\n\t\t\t\t<\/div>\n\t\t\t\t<div class=\"elementor-element elementor-element-690aabe elementor-widget__width-initial elementor-widget elementor-widget-spacer\" data-id=\"690aabe\" data-element_type=\"widget\" data-widget_type=\"spacer.default\">\n\t\t\t\t<div class=\"elementor-widget-container\">\n\t\t\t\t\t\t\t<div class=\"elementor-spacer\">\n\t\t\t<div class=\"elementor-spacer-inner\"><\/div>\n\t\t<\/div>\n\t\t\t\t\t\t<\/div>\n\t\t\t\t<\/div>\n\t\t\t\t<div class=\"elementor-element elementor-element-af0e3d2 elementor-widget elementor-widget-text-editor\" data-id=\"af0e3d2\" data-element_type=\"widget\" data-widget_type=\"text-editor.default\">\n\t\t\t\t<div class=\"elementor-widget-container\">\n\t\t\t\t\t\t\t\t\t<p>Nossa vis\u00e3o \u00e9 que a Louisiana seja o estado mais acolhedor para veteranos em todo o pa\u00eds. Estamos comprometidos em trabalhar com os l\u00edderes do nosso estado, tanto do setor p\u00fablico quanto do privado, para criar novas oportunidades para veteranos e suas fam\u00edlias, tornando a Louisiana um \u00f3timo lugar para se viver.<\/p><p>H\u00e1 <a href=\"\/pt\/beneficios\/estado\/\">muitos benef\u00edcios estaduais para veteranos da Louisiana e suas fam\u00edlias<\/a>, incluindo isen\u00e7\u00e3o de imposto predial e aux\u00edlio financeiro para mensalidades escolares no estado (T\u00edtulo 29). Ap\u00f3s revisar as informa\u00e7\u00f5es sobre os benef\u00edcios estaduais abaixo, agende uma consulta com um de nossos consultores de assist\u00eancia a veteranos para come\u00e7ar.<\/p>\t\t\t\t\t\t\t\t<\/div>\n\t\t\t\t<\/div>\n\t\t\t\t<div class=\"elementor-element elementor-element-aacfbaa elementor-widget elementor-widget-button\" data-id=\"aacfbaa\" data-element_type=\"widget\" data-widget_type=\"button.default\">\n\t\t\t\t<div class=\"elementor-widget-container\">\n\t\t\t\t\t\t\t\t\t<div class=\"elementor-button-wrapper\">\n\t\t\t\t\t<a class=\"elementor-button elementor-button-link elementor-size-sm elementor-animation-grow\" href=\"\/pt\/beneficios\/estado\/\">\n\t\t\t\t\t\t<span class=\"elementor-button-content-wrapper\">\n\t\t\t\t\t\t\t\t\t<span class=\"elementor-button-text\">Explore todos os benef\u00edcios estaduais<\/span>\n\t\t\t\t\t<\/span>\n\t\t\t\t\t<\/a>\n\t\t\t\t<\/div>\n\t\t\t\t\t\t\t\t<\/div>\n\t\t\t\t<\/div>\n\t\t\t\t<\/div>\n\t\t<div class=\"elementor-element elementor-element-a86b2af e-con-full dark-blue-pod e-flex e-con e-child\" data-id=\"a86b2af\" data-element_type=\"container\" data-settings=\"{&quot;background_background&quot;:&quot;classic&quot;}\">\n\t\t<div class=\"elementor-element elementor-element-32f9c68 e-con-full icon-container e-flex e-con e-child\" data-id=\"32f9c68\" data-element_type=\"container\" data-settings=\"{&quot;background_background&quot;:&quot;classic&quot;}\">\n\t\t\t\t<div class=\"elementor-element elementor-element-7add87c elementor-widget__width-initial icon elementor-widget elementor-widget-image\" data-id=\"7add87c\" data-element_type=\"widget\" data-widget_type=\"image.default\">\n\t\t\t\t<div class=\"elementor-widget-container\">\n\t\t\t\t\t\t\t\t\t\t\t\t\t\t\t<img decoding=\"async\" width=\"33\" height=\"38\" src=\"https:\/\/vetaffairs.la.gov\/wp-content\/uploads\/2025\/02\/icon-flag-vertical.svg\" class=\"attachment-medium size-medium wp-image-100\" alt=\"\" \/>\t\t\t\t\t\t\t\t\t\t\t\t\t\t\t<\/div>\n\t\t\t\t<\/div>\n\t\t\t\t<\/div>\n\t\t\t\t<div class=\"elementor-element elementor-element-4320801 elementor-widget elementor-widget-heading\" data-id=\"4320801\" data-element_type=\"widget\" data-widget_type=\"heading.default\">\n\t\t\t\t<div class=\"elementor-widget-container\">\n\t\t\t\t\t<h2 class=\"elementor-heading-title elementor-size-default\">Benef\u00edcios Federais<\/h2>\t\t\t\t<\/div>\n\t\t\t\t<\/div>\n\t\t\t\t<div class=\"elementor-element elementor-element-6bbc06a elementor-widget__width-initial elementor-widget elementor-widget-spacer\" data-id=\"6bbc06a\" data-element_type=\"widget\" data-widget_type=\"spacer.default\">\n\t\t\t\t<div class=\"elementor-widget-container\">\n\t\t\t\t\t\t\t<div class=\"elementor-spacer\">\n\t\t\t<div class=\"elementor-spacer-inner\"><\/div>\n\t\t<\/div>\n\t\t\t\t\t\t<\/div>\n\t\t\t\t<\/div>\n\t\t\t\t<div class=\"elementor-element elementor-element-920ad37 elementor-widget elementor-widget-text-editor\" data-id=\"920ad37\" data-element_type=\"widget\" data-widget_type=\"text-editor.default\">\n\t\t\t\t<div class=\"elementor-widget-container\">\n\t\t\t\t\t\t\t\t\t<p>Nossa equipe trabalha com veteranos para conect\u00e1-los aos benef\u00edcios que conquistaram por meio de seu servi\u00e7o militar. <a href=\"https:\/\/www.va.gov\/\" target=\"_blank\" rel=\"noopener\">Departamento de Assuntos de Veteranos dos EUA<\/a>. Basicamente, nosso trabalho inclui o aux\u00edlio aos nossos consultores de assist\u00eancia a veteranos no preenchimento de formul\u00e1rios de solicita\u00e7\u00e3o de indeniza\u00e7\u00e3o e pens\u00e3o em nome dos veteranos. Al\u00e9m disso, nossos consultores podem auxiliar os veteranos com seus benef\u00edcios educacionais e funer\u00e1rios. Ap\u00f3s consultar as informa\u00e7\u00f5es adicionais sobre benef\u00edcios federais abaixo, agende uma consulta com um de nossos consultores de assist\u00eancia a veteranos.<\/p>\t\t\t\t\t\t\t\t<\/div>\n\t\t\t\t<\/div>\n\t\t\t\t<div class=\"elementor-element elementor-element-aa648e1 elementor-widget elementor-widget-button\" data-id=\"aa648e1\" data-element_type=\"widget\" data-widget_type=\"button.default\">\n\t\t\t\t<div class=\"elementor-widget-container\">\n\t\t\t\t\t\t\t\t\t<div class=\"elementor-button-wrapper\">\n\t\t\t\t\t<a class=\"elementor-button elementor-button-link elementor-size-sm elementor-animation-grow\" href=\"\/pt\/beneficios\/federal\/\">\n\t\t\t\t\t\t<span class=\"elementor-button-content-wrapper\">\n\t\t\t\t\t\t\t\t\t<span class=\"elementor-button-text\">Explore todos os benef\u00edcios federais<\/span>\n\t\t\t\t\t<\/span>\n\t\t\t\t\t<\/a>\n\t\t\t\t<\/div>\n\t\t\t\t\t\t\t\t<\/div>\n\t\t\t\t<\/div>\n\t\t\t\t<\/div>\n\t\t<div class=\"elementor-element elementor-element-ea878bd e-con-full dark-blue-pod e-flex e-con e-child\" data-id=\"ea878bd\" data-element_type=\"container\" data-settings=\"{&quot;background_background&quot;:&quot;classic&quot;}\">\n\t\t<div class=\"elementor-element elementor-element-f06fa11 e-con-full icon-container e-flex e-con e-child\" data-id=\"f06fa11\" data-element_type=\"container\" data-settings=\"{&quot;background_background&quot;:&quot;classic&quot;}\">\n\t\t\t\t<div class=\"elementor-element elementor-element-48967ea elementor-widget__width-initial icon elementor-widget elementor-widget-image\" data-id=\"48967ea\" data-element_type=\"widget\" data-widget_type=\"image.default\">\n\t\t\t\t<div class=\"elementor-widget-container\">\n\t\t\t\t\t\t\t\t\t\t\t\t\t\t\t<img loading=\"lazy\" decoding=\"async\" width=\"24\" height=\"52\" src=\"https:\/\/vetaffairs.la.gov\/wp-content\/uploads\/2025\/02\/icon-medal.svg\" class=\"attachment-medium size-medium wp-image-104\" alt=\"\" \/>\t\t\t\t\t\t\t\t\t\t\t\t\t\t\t<\/div>\n\t\t\t\t<\/div>\n\t\t\t\t<\/div>\n\t\t\t\t<div class=\"elementor-element elementor-element-673e11b elementor-widget elementor-widget-heading\" data-id=\"673e11b\" data-element_type=\"widget\" data-widget_type=\"heading.default\">\n\t\t\t\t<div class=\"elementor-widget-container\">\n\t\t\t\t\t<h2 class=\"elementor-heading-title elementor-size-default\">Veteranos da Louisiana <br>Medalha de Honra<\/h2>\t\t\t\t<\/div>\n\t\t\t\t<\/div>\n\t\t\t\t<div class=\"elementor-element elementor-element-2a40840 elementor-widget__width-initial elementor-widget elementor-widget-spacer\" data-id=\"2a40840\" data-element_type=\"widget\" data-widget_type=\"spacer.default\">\n\t\t\t\t<div class=\"elementor-widget-container\">\n\t\t\t\t\t\t\t<div class=\"elementor-spacer\">\n\t\t\t<div class=\"elementor-spacer-inner\"><\/div>\n\t\t<\/div>\n\t\t\t\t\t\t<\/div>\n\t\t\t\t<\/div>\n\t\t\t\t<div class=\"elementor-element elementor-element-e00f4d5 elementor-widget elementor-widget-text-editor\" data-id=\"e00f4d5\" data-element_type=\"widget\" data-widget_type=\"text-editor.default\">\n\t\t\t\t<div class=\"elementor-widget-container\">\n\t\t\t\t\t\t\t\t\t<p>A Medalha de Honra dos Veteranos da Louisiana est\u00e1 dispon\u00edvel para todos os veteranos eleg\u00edveis da Louisiana e para as fam\u00edlias daqueles que morreram em combate. A medalha \u00e9 concedida com uma fita azul para dispensa honrosa, uma fita roxa para condecorados com o Cora\u00e7\u00e3o P\u00farpura, uma fita preta para prisioneiros de guerra e uma fita amarela para aqueles que morreram em combate. Para enviar uma solicita\u00e7\u00e3o para a Medalha de Honra dos Veteranos da Louisiana, clique no bot\u00e3o abaixo.<\/p>\t\t\t\t\t\t\t\t<\/div>\n\t\t\t\t<\/div>\n\t\t\t\t<div class=\"elementor-element elementor-element-3ef20ad elementor-widget elementor-widget-button\" data-id=\"3ef20ad\" data-element_type=\"widget\" data-widget_type=\"button.default\">\n\t\t\t\t<div class=\"elementor-widget-container\">\n\t\t\t\t\t\t\t\t\t<div class=\"elementor-button-wrapper\">\n\t\t\t\t\t<a class=\"elementor-button elementor-button-link elementor-size-sm elementor-animation-grow\" href=\"\/pt\/medalha-de-honra-dos-veteranos-da-louisiana\/\">\n\t\t\t\t\t\t<span class=\"elementor-button-content-wrapper\">\n\t\t\t\t\t\t\t\t\t<span class=\"elementor-button-text\">Solicite uma Medalha de Honra<\/span>\n\t\t\t\t\t<\/span>\n\t\t\t\t\t<\/a>\n\t\t\t\t<\/div>\n\t\t\t\t\t\t\t\t<\/div>\n\t\t\t\t<\/div>\n\t\t\t\t<\/div>\n\t\t<div class=\"elementor-element elementor-element-5598a22 e-con-full dark-blue-pod e-flex e-con e-child\" data-id=\"5598a22\" data-element_type=\"container\" data-settings=\"{&quot;background_background&quot;:&quot;classic&quot;}\">\n\t\t<div class=\"elementor-element elementor-element-761d5d0 e-con-full icon-container e-flex e-con e-child\" data-id=\"761d5d0\" data-element_type=\"container\" data-settings=\"{&quot;background_background&quot;:&quot;classic&quot;}\">\n\t\t\t\t<div class=\"elementor-element elementor-element-b21cb32 elementor-widget__width-initial icon elementor-widget elementor-widget-image\" data-id=\"b21cb32\" data-element_type=\"widget\" data-widget_type=\"image.default\">\n\t\t\t\t<div class=\"elementor-widget-container\">\n\t\t\t\t\t\t\t\t\t\t\t\t\t\t\t<img loading=\"lazy\" decoding=\"async\" width=\"51\" height=\"47\" src=\"https:\/\/vetaffairs.la.gov\/wp-content\/uploads\/2025\/02\/icon-financial.svg\" class=\"attachment-medium size-medium wp-image-99\" alt=\"\" \/>\t\t\t\t\t\t\t\t\t\t\t\t\t\t\t<\/div>\n\t\t\t\t<\/div>\n\t\t\t\t<\/div>\n\t\t\t\t<div class=\"elementor-element elementor-element-85f6d48 elementor-widget elementor-widget-heading\" data-id=\"85f6d48\" data-element_type=\"widget\" data-widget_type=\"heading.default\">\n\t\t\t\t<div class=\"elementor-widget-container\">\n\t\t\t\t\t<h2 class=\"elementor-heading-title elementor-size-default\">Fam\u00edlia militar <br>Fundo de Assist\u00eancia<\/h2>\t\t\t\t<\/div>\n\t\t\t\t<\/div>\n\t\t\t\t<div class=\"elementor-element elementor-element-7ced3e9 elementor-widget__width-initial elementor-widget elementor-widget-spacer\" data-id=\"7ced3e9\" data-element_type=\"widget\" data-widget_type=\"spacer.default\">\n\t\t\t\t<div class=\"elementor-widget-container\">\n\t\t\t\t\t\t\t<div class=\"elementor-spacer\">\n\t\t\t<div class=\"elementor-spacer-inner\"><\/div>\n\t\t<\/div>\n\t\t\t\t\t\t<\/div>\n\t\t\t\t<\/div>\n\t\t\t\t<div class=\"elementor-element elementor-element-82090af elementor-widget elementor-widget-text-editor\" data-id=\"82090af\" data-element_type=\"widget\" data-widget_type=\"text-editor.default\">\n\t\t\t\t<div class=\"elementor-widget-container\">\n\t\t\t\t\t\t\t\t\t<p>O Fundo de Assist\u00eancia \u00e0s Fam\u00edlias Militares oferece aux\u00edlio financeiro a veteranos eleg\u00edveis e membros da Guarda Nacional ou da Reserva da Louisiana, no valor de at\u00e9 US$ 1.000,00, para solicita\u00e7\u00f5es baseadas em necessidade, durante um per\u00edodo de 12 meses. O fundo cobre despesas com moradia, servi\u00e7os p\u00fablicos, alguns servi\u00e7os m\u00e9dicos e outras despesas essenciais que causem dificuldades financeiras ao veterano, membro da Guarda Nacional da Louisiana ou da Reserva. Para enviar uma solicita\u00e7\u00e3o ou fazer uma doa\u00e7\u00e3o, clique no bot\u00e3o abaixo.<\/p>\t\t\t\t\t\t\t\t<\/div>\n\t\t\t\t<\/div>\n\t\t\t\t<div class=\"elementor-element elementor-element-12a623e elementor-widget elementor-widget-button\" data-id=\"12a623e\" data-element_type=\"widget\" data-widget_type=\"button.default\">\n\t\t\t\t<div class=\"elementor-widget-container\">\n\t\t\t\t\t\t\t\t\t<div class=\"elementor-button-wrapper\">\n\t\t\t\t\t<a class=\"elementor-button elementor-button-link elementor-size-sm elementor-animation-grow\" href=\"\/pt\/fundo-de-assistencia-para-familias-militares\/\">\n\t\t\t\t\t\t<span class=\"elementor-button-content-wrapper\">\n\t\t\t\t\t\t\t\t\t<span class=\"elementor-button-text\">Solicite assist\u00eancia financeira.<\/span>\n\t\t\t\t\t<\/span>\n\t\t\t\t\t<\/a>\n\t\t\t\t<\/div>\n\t\t\t\t\t\t\t\t<\/div>\n\t\t\t\t<\/div>\n\t\t\t\t<\/div>\n\t\t\t\t\t<\/div>\n\t\t\t\t<\/div>\n\t\t<div class=\"elementor-element elementor-element-b8a0008 e-flex e-con-boxed e-con e-parent\" data-id=\"b8a0008\" data-element_type=\"container\">\n\t\t\t\t\t<div class=\"e-con-inner\">\n\t\t\t\t\t<\/div>\n\t\t\t\t<\/div>\n\t\t\t\t<\/div>","protected":false},"excerpt":{"rendered":"<p>Conectar voc\u00ea aos benef\u00edcios que voc\u00ea conquistou. Essa \u00e9 a espinha dorsal da nossa miss\u00e3o: conectar veteranos aos benef\u00edcios a que t\u00eam direito\u2026<\/p>","protected":false},"author":7,"featured_media":0,"parent":0,"menu_order":0,"comment_status":"closed","ping_status":"closed","template":"","meta":{"_acf_changed":false,"footnotes":"","_links_to":"","_links_to_target":""},"class_list":["post-34","page","type-page","status-publish","hentry"],"acf":[],"_links":{"self":[{"href":"https:\/\/vetaffairs.la.gov\/pt\/wp-json\/wp\/v2\/pages\/34","targetHints":{"allow":["GET"]}}],"collection":[{"href":"https:\/\/vetaffairs.la.gov\/pt\/wp-json\/wp\/v2\/pages"}],"about":[{"href":"https:\/\/vetaffairs.la.gov\/pt\/wp-json\/wp\/v2\/types\/page"}],"author":[{"embeddable":true,"href":"https:\/\/vetaffairs.la.gov\/pt\/wp-json\/wp\/v2\/users\/7"}],"replies":[{"embeddable":true,"href":"https:\/\/vetaffairs.la.gov\/pt\/wp-json\/wp\/v2\/comments?post=34"}],"version-history":[{"count":0,"href":"https:\/\/vetaffairs.la.gov\/pt\/wp-json\/wp\/v2\/pages\/34\/revisions"}],"wp:attachment":[{"href":"https:\/\/vetaffairs.la.gov\/pt\/wp-json\/wp\/v2\/media?parent=34"}],"curies":[{"name":"wp","href":"https:\/\/api.w.org\/{rel}","templated":true}]}}