{"id":71,"date":"2025-02-24T15:46:06","date_gmt":"2025-02-24T21:46:06","guid":{"rendered":"https:\/\/veteran-affairs-louisiana.local\/?page_id=71"},"modified":"2026-04-06T16:25:02","modified_gmt":"2026-04-06T21:25:02","slug":"cimetiere-des-anciens-combattants-du-sud-est-de-la-louisiane","status":"publish","type":"page","link":"https:\/\/vetaffairs.la.gov\/fr\/cemeteries\/southeast-louisiana-veterans-cemetery","title":{"rendered":"Cimeti\u00e8re des anciens combattants du sud-est de la Louisiane"},"content":{"rendered":"<div data-elementor-type=\"wp-page\" data-elementor-id=\"71\" class=\"elementor elementor-71\" data-elementor-post-type=\"page\">\n\t\t\t\t<div class=\"elementor-element elementor-element-bf86df4 e-flex e-con-boxed e-con e-parent\" data-id=\"bf86df4\" data-element_type=\"container\">\n\t\t\t\t\t<div class=\"e-con-inner\">\n\t\t\t\t<div class=\"elementor-element elementor-element-2427909 intro elementor-widget elementor-widget-text-editor\" data-id=\"2427909\" data-element_type=\"widget\" data-widget_type=\"text-editor.default\">\n\t\t\t\t<div class=\"elementor-widget-container\">\n\t\t\t\t\t\t\t\t\t<p>Le cimeti\u00e8re des anciens combattants du sud-est de la Louisiane, situ\u00e9 \u00e0 Slidell, a ouvert ses portes en juin 2014 et est rapidement devenu le cimeti\u00e8re des anciens combattants connaissant la croissance la plus rapide de Louisiane. \u00c0 mesure que les premiers emplacements fun\u00e9raires sont occup\u00e9s, <a href=\"https:\/\/www.cem.va.gov\/\" target=\"_blank\" rel=\"noopener\">Administration des cimeti\u00e8res nationaux du d\u00e9partement des anciens combattants des \u00c9tats-Unis<\/a> octroie des subventions pour am\u00e9nager des espaces suppl\u00e9mentaires afin de garantir que toutes les options d&#039;inhumation restent disponibles.<\/p><p>Lors de votre visite au cimeti\u00e8re, vous pourrez admirer notre clocher carillonn\u00e9, g\u00e9n\u00e9reusement offert par <a href=\"https:\/\/www.amvets.org\/\" target=\"_blank\" rel=\"noopener\">AMVETS<\/a> Lors de l&#039;ouverture du cimeti\u00e8re, le clocher se dresse dans le Cercle du Souvenir, un lieu serein et propice au recueillement qui honore ceux qui ont servi, m\u00eame apr\u00e8s leur d\u00e9part de l&#039;uniforme. Le Cercle du Souvenir comprend des bancs, un jardin arbor\u00e9 et une all\u00e9e de briques grav\u00e9es de noms, le tout rendu possible gr\u00e2ce aux dons de\u2026 <a href=\"https:\/\/herosfarewell.com\/\" target=\"_blank\" rel=\"noopener\">Adieu du h\u00e9ros<\/a>.<\/p><p>Au c\u0153ur du Memorial Circle se dresse l&#039;impressionnant monument en bronze de la Croix du champ de bataille de la Guerre mondiale contre le terrorisme, \u00e9galement offert par Hero&#039;s Farewell. Cette sculpture saisissante repr\u00e9sente une paire de bottes de combat, un fusil dress\u00e9 entre elles et un casque pos\u00e9 dessus \u2013 un symbole solennel et intemporel de respect et de sacrifice pour ceux qui ont donn\u00e9 leur vie lors des conflits qui ont suivi le 11 septembre. Particularit\u00e9 de ce monument\u00a0: les noms de chaque soldat louisianais mort au combat pendant la Guerre mondiale contre le terrorisme sont inscrits sur le socle du pilier, assurant ainsi que leur m\u00e9moire soit honor\u00e9e \u00e0 jamais sur la terre qui fut la leur.<\/p><p>\u00c0 proximit\u00e9, vous trouverez \u00e9galement une fontaine paisible, situ\u00e9e pr\u00e8s de l&#039;abri d&#039;accueil, qui a \u00e9t\u00e9 offert par le <a href=\"https:\/\/www.kofc.org\/en\/\/index.html\" target=\"_blank\" rel=\"noopener\">Chevaliers de Colomb<\/a>, offrant un espace tranquille propice \u00e0 la r\u00e9flexion.<\/p><p>Nous avons la grande chance de pouvoir compter sur d&#039;excellentes organisations d&#039;anciens combattants comme partenaires pour cr\u00e9er et entretenir un lieu de repos digne pour nos h\u00e9ros locaux. Le personnel du cimeti\u00e8re des anciens combattants du sud-est de la Louisiane est l\u00e0 pour soutenir les familles des v\u00e9t\u00e9rans dans ces moments difficiles.<\/p>\t\t\t\t\t\t\t\t<\/div>\n\t\t\t\t<\/div>\n\t\t\t\t<div class=\"elementor-element elementor-element-826909c photo-gallery elementor-widget elementor-widget-gallery\" data-id=\"826909c\" data-element_type=\"widget\" data-settings=\"{&quot;gallery_layout&quot;:&quot;masonry&quot;,&quot;columns&quot;:3,&quot;gap&quot;:{&quot;unit&quot;:&quot;px&quot;,&quot;size&quot;:15,&quot;sizes&quot;:[]},&quot;gap_tablet&quot;:{&quot;unit&quot;:&quot;px&quot;,&quot;size&quot;:15,&quot;sizes&quot;:[]},&quot;gap_mobile&quot;:{&quot;unit&quot;:&quot;px&quot;,&quot;size&quot;:15,&quot;sizes&quot;:[]},&quot;columns_tablet&quot;:3,&quot;lazyload&quot;:&quot;yes&quot;,&quot;columns_mobile&quot;:1,&quot;link_to&quot;:&quot;file&quot;,&quot;content_hover_animation&quot;:&quot;fade-in&quot;}\" data-widget_type=\"gallery.default\">\n\t\t\t\t<div class=\"elementor-widget-container\">\n\t\t\t\t\t\t\t<div class=\"elementor-gallery__container\">\n\t\t\t\t\t\t\t<a class=\"e-gallery-item elementor-gallery-item elementor-animated-content\" href=\"https:\/\/vetaffairs.la.gov\/wp-content\/uploads\/2025\/06\/LDVA-cemetary-slidell-04.webp\" data-elementor-open-lightbox=\"yes\" data-elementor-lightbox-slideshow=\"826909c\" data-e-action-hash=\"#elementor-action%3Aaction%3Dlightbox%26settings%3DeyJpZCI6NjA2MSwidXJsIjoiaHR0cHM6XC9cL3ZldGFmZmFpcnMubGEuZ292XC93cC1jb250ZW50XC91cGxvYWRzXC8yMDI1XC8wNlwvTERWQS1jZW1ldGFyeS1zbGlkZWxsLTA0LndlYnAiLCJzbGlkZXNob3ciOiI4MjY5MDljIn0%3D\">\n\t\t\t\t\t<div class=\"e-gallery-image elementor-gallery-item__image\" data-thumbnail=\"https:\/\/vetaffairs.la.gov\/wp-content\/uploads\/2025\/06\/LDVA-cemetary-slidell-04.webp\" data-width=\"1200\" data-height=\"800\" aria-label=\"Pierre tombale du cimeti\u00e8re des anciens combattants de Slidell orn\u00e9e de fleurs et d&#039;un drapeau\" role=\"img\" ><\/div>\n\t\t\t\t\t\t\t\t\t\t\t\t\t\t<\/a>\n\t\t\t\t\t\t\t<a class=\"e-gallery-item elementor-gallery-item elementor-animated-content\" href=\"https:\/\/vetaffairs.la.gov\/wp-content\/uploads\/2025\/06\/LDVA-cemetary-slidell-03.webp\" data-elementor-open-lightbox=\"yes\" data-elementor-lightbox-slideshow=\"826909c\" data-e-action-hash=\"#elementor-action%3Aaction%3Dlightbox%26settings%3DeyJpZCI6NjA2MCwidXJsIjoiaHR0cHM6XC9cL3ZldGFmZmFpcnMubGEuZ292XC93cC1jb250ZW50XC91cGxvYWRzXC8yMDI1XC8wNlwvTERWQS1jZW1ldGFyeS1zbGlkZWxsLTAzLndlYnAiLCJzbGlkZXNob3ciOiI4MjY5MDljIn0%3D\">\n\t\t\t\t\t<div class=\"e-gallery-image elementor-gallery-item__image\" data-thumbnail=\"https:\/\/vetaffairs.la.gov\/wp-content\/uploads\/2025\/06\/LDVA-cemetary-slidell-03.webp\" data-width=\"1200\" data-height=\"800\" aria-label=\"Fontaine du cimeti\u00e8re des anciens combattants de Slidell\" role=\"img\" ><\/div>\n\t\t\t\t\t\t\t\t\t\t\t\t\t\t<\/a>\n\t\t\t\t\t\t\t<a class=\"e-gallery-item elementor-gallery-item elementor-animated-content\" href=\"https:\/\/vetaffairs.la.gov\/wp-content\/uploads\/2025\/06\/LDVA-cemetary-slidell-02.webp\" data-elementor-open-lightbox=\"yes\" data-elementor-lightbox-slideshow=\"826909c\" data-e-action-hash=\"#elementor-action%3Aaction%3Dlightbox%26settings%3DeyJpZCI6NjA1OSwidXJsIjoiaHR0cHM6XC9cL3ZldGFmZmFpcnMubGEuZ292XC93cC1jb250ZW50XC91cGxvYWRzXC8yMDI1XC8wNlwvTERWQS1jZW1ldGFyeS1zbGlkZWxsLTAyLndlYnAiLCJzbGlkZXNob3ciOiI4MjY5MDljIn0%3D\">\n\t\t\t\t\t<div class=\"e-gallery-image elementor-gallery-item__image\" data-thumbnail=\"https:\/\/vetaffairs.la.gov\/wp-content\/uploads\/2025\/06\/LDVA-cemetary-slidell-02.webp\" data-width=\"1200\" data-height=\"800\" aria-label=\"Cimeti\u00e8re des anciens combattants de Slidell\" role=\"img\" ><\/div>\n\t\t\t\t\t\t\t\t\t\t\t\t\t\t<\/a>\n\t\t\t\t\t\t\t<a class=\"e-gallery-item elementor-gallery-item elementor-animated-content\" href=\"https:\/\/vetaffairs.la.gov\/wp-content\/uploads\/2025\/06\/LDVA-cemetary-slidell-01.webp\" data-elementor-open-lightbox=\"yes\" data-elementor-lightbox-slideshow=\"826909c\" data-e-action-hash=\"#elementor-action%3Aaction%3Dlightbox%26settings%3DeyJpZCI6NjA1OCwidXJsIjoiaHR0cHM6XC9cL3ZldGFmZmFpcnMubGEuZ292XC93cC1jb250ZW50XC91cGxvYWRzXC8yMDI1XC8wNlwvTERWQS1jZW1ldGFyeS1zbGlkZWxsLTAxLndlYnAiLCJzbGlkZXNob3ciOiI4MjY5MDljIn0%3D\">\n\t\t\t\t\t<div class=\"e-gallery-image elementor-gallery-item__image\" data-thumbnail=\"https:\/\/vetaffairs.la.gov\/wp-content\/uploads\/2025\/06\/LDVA-cemetary-slidell-01.webp\" data-width=\"1200\" data-height=\"800\" aria-label=\"Pierres tombales du cimeti\u00e8re des anciens combattants de Slidell\" role=\"img\" ><\/div>\n\t\t\t\t\t\t\t\t\t\t\t\t\t\t<\/a>\n\t\t\t\t\t\t\t<a class=\"e-gallery-item elementor-gallery-item elementor-animated-content\" href=\"https:\/\/vetaffairs.la.gov\/wp-content\/uploads\/2025\/06\/LDVA-cemetary-slidell-05.webp\" data-elementor-open-lightbox=\"yes\" data-elementor-lightbox-slideshow=\"826909c\" data-e-action-hash=\"#elementor-action%3Aaction%3Dlightbox%26settings%3DeyJpZCI6NjA2MiwidXJsIjoiaHR0cHM6XC9cL3ZldGFmZmFpcnMubGEuZ292XC93cC1jb250ZW50XC91cGxvYWRzXC8yMDI1XC8wNlwvTERWQS1jZW1ldGFyeS1zbGlkZWxsLTA1LndlYnAiLCJzbGlkZXNob3ciOiI4MjY5MDljIn0%3D\">\n\t\t\t\t\t<div class=\"e-gallery-image elementor-gallery-item__image\" data-thumbnail=\"https:\/\/vetaffairs.la.gov\/wp-content\/uploads\/2025\/06\/LDVA-cemetary-slidell-05.webp\" data-width=\"1200\" data-height=\"800\" aria-label=\"drapeaux du cimeti\u00e8re des anciens combattants de Slidell\" role=\"img\" ><\/div>\n\t\t\t\t\t\t\t\t\t\t\t\t\t\t<\/a>\n\t\t\t\t\t\t\t<a class=\"e-gallery-item elementor-gallery-item elementor-animated-content\" href=\"https:\/\/vetaffairs.la.gov\/wp-content\/uploads\/2025\/06\/LDVA-cemetery-slidell-BlueStarSign.webp\" data-elementor-open-lightbox=\"yes\" data-elementor-lightbox-slideshow=\"826909c\" data-e-action-hash=\"#elementor-action%3Aaction%3Dlightbox%26settings%3DeyJpZCI6NjEzOCwidXJsIjoiaHR0cHM6XC9cL3ZldGFmZmFpcnMubGEuZ292XC93cC1jb250ZW50XC91cGxvYWRzXC8yMDI1XC8wNlwvTERWQS1jZW1ldGVyeS1zbGlkZWxsLUJsdWVTdGFyU2lnbi53ZWJwIiwic2xpZGVzaG93IjoiODI2OTA5YyJ9\">\n\t\t\t\t\t<div class=\"e-gallery-image elementor-gallery-item__image\" data-thumbnail=\"https:\/\/vetaffairs.la.gov\/wp-content\/uploads\/2025\/06\/LDVA-cemetery-slidell-BlueStarSign.webp\" data-width=\"1200\" data-height=\"800\" aria-label=\"Rue du cimeti\u00e8re des anciens combattants de Slidell\" role=\"img\" ><\/div>\n\t\t\t\t\t\t\t\t\t\t\t\t\t\t<\/a>\n\t\t\t\t\t<\/div>\n\t\t\t\t\t<\/div>\n\t\t\t\t<\/div>\n\t\t\t\t<div class=\"elementor-element elementor-element-ffaa52c intro elementor-widget elementor-widget-text-editor\" data-id=\"ffaa52c\" data-element_type=\"widget\" data-widget_type=\"text-editor.default\">\n\t\t\t\t<div class=\"elementor-widget-container\">\n\t\t\t\t\t\t\t\t\t<h2>V\u00e9rifier l&#039;admissibilit\u00e9<\/h2><p><a href=\"\/fr\/cimetieres\/#eligibility\">Informations sur l&#039;admissibilit\u00e9<\/a> Ce formulaire est disponible sur notre page principale consacr\u00e9e aux cimeti\u00e8res. Si vous souhaitez v\u00e9rifier votre admissibilit\u00e9 \u00e0 une inhumation dans notre cimeti\u00e8re, veuillez le remplir et <a href=\"\/fr\/demande-de-prevoyance-funeraire\/\">soumettre la demande pr\u00e9alable<\/a>.<\/p>\t\t\t\t\t\t\t\t<\/div>\n\t\t\t\t<\/div>\n\t\t\t\t<div class=\"elementor-element elementor-element-5886ef0 intro elementor-widget elementor-widget-text-editor\" data-id=\"5886ef0\" data-element_type=\"widget\" data-widget_type=\"text-editor.default\">\n\t\t\t\t<div class=\"elementor-widget-container\">\n\t\t\t\t\t\t\t\t\t<h2>Planifier un enterrement<\/h2><p><a href=\"\/fr\/cimetieres\/#burial-services\">Informations sur les services fun\u00e9raires<\/a> Ce formulaire est \u00e9galement disponible sur notre page principale consacr\u00e9e aux cimeti\u00e8res. Si vous souhaitez \u00eatre inhum\u00e9(e) dans notre cimeti\u00e8re, veuillez le remplir et <a href=\"\/fr\/demande-de-prevoyance-funeraire\/\">d\u00e9poser la demande d&#039;inhumation<\/a>.<\/p>\t\t\t\t\t\t\t\t<\/div>\n\t\t\t\t<\/div>\n\t\t\t\t<div class=\"elementor-element elementor-element-8b68b05 intro elementor-widget elementor-widget-text-editor\" data-id=\"8b68b05\" data-element_type=\"widget\" data-widget_type=\"text-editor.default\">\n\t\t\t\t<div class=\"elementor-widget-container\">\n\t\t\t\t\t\t\t\t\t<h2>\u00c9v\u00e9nements<\/h2><p>13 d\u00e9cembre : Journ\u00e9e des couronnes \u00e0 travers l&#039;Am\u00e9rique<\/p>\t\t\t\t\t\t\t\t<\/div>\n\t\t\t\t<\/div>\n\t\t\t\t<div class=\"elementor-element elementor-element-a4349ce intro elementor-widget elementor-widget-text-editor\" data-id=\"a4349ce\" data-element_type=\"widget\" data-widget_type=\"text-editor.default\">\n\t\t\t\t<div class=\"elementor-widget-container\">\n\t\t\t\t\t\t\t\t\t<h2>Comment aider<\/h2><p>Nous accueillons avec plaisir les b\u00e9n\u00e9voles qui souhaitent honorer nos anciens combattants en contribuant \u00e0 pr\u00e9server la dignit\u00e9 de notre cimeti\u00e8re. Leur aide est particuli\u00e8rement pr\u00e9cieuse lors des journ\u00e9es comm\u00e9moratives, comme le Memorial Day et le Jour du Souvenir. <a href=\"https:\/\/www.wreathsacrossamerica.org\/\" target=\"_blank\" rel=\"noopener\">Journ\u00e9e des couronnes \u00e0 travers l&#039;Am\u00e9rique<\/a>, Nous avons besoin de b\u00e9n\u00e9voles pour que ces c\u00e9r\u00e9monies importantes puissent avoir lieu. Nous recherchons \u00e9galement des b\u00e9n\u00e9voles en semaine pour nous aider dans des t\u00e2ches telles que le nettoyage des pierres tombales, la plantation de fleurs, le d\u00e9sherbage et l&#039;entretien g\u00e9n\u00e9ral des espaces verts. <a href=\"\/fr\/benevole\/\">Contactez-nous<\/a> pour savoir comment vous pouvez aider.<\/p>\t\t\t\t\t\t\t\t<\/div>\n\t\t\t\t<\/div>\n\t\t\t\t<div class=\"elementor-element elementor-element-450110d intro elementor-widget elementor-widget-text-editor\" data-id=\"450110d\" data-element_type=\"widget\" data-widget_type=\"text-editor.default\">\n\t\t\t\t<div class=\"elementor-widget-container\">\n\t\t\t\t\t\t\t\t\t<h2>Heures d&#039;ouverture<\/h2><p>Bureau : du lundi au vendredi, de 8 h \u00e0 16 h 30.<br \/>Terrains : Du lever au coucher du soleil tous les jours<\/p>\t\t\t\t\t\t\t\t<\/div>\n\t\t\t\t<\/div>\n\t\t\t\t<div class=\"elementor-element elementor-element-b5309df elementor-widget elementor-widget-heading\" data-id=\"b5309df\" data-element_type=\"widget\" data-widget_type=\"heading.default\">\n\t\t\t\t<div class=\"elementor-widget-container\">\n\t\t\t\t\t<h2 class=\"elementor-heading-title elementor-size-default\">Contactez-nous<\/h2>\t\t\t\t<\/div>\n\t\t\t\t<\/div>\n\t\t\t\t<div class=\"elementor-element elementor-element-b565ce3 intro elementor-widget elementor-widget-text-editor\" data-id=\"b565ce3\" data-element_type=\"widget\" data-widget_type=\"text-editor.default\">\n\t\t\t\t<div class=\"elementor-widget-container\">\n\t\t\t\t\t\t\t\t\t<p>Daniele Palen, directrice<br \/>Kori Luther, coordinatrice administrative<\/p>\t\t\t\t\t\t\t\t<\/div>\n\t\t\t\t<\/div>\n\t\t\t\t<div class=\"elementor-element elementor-element-6208bf8 elementor-list-item-link-full_width elementor-widget elementor-widget-icon-list\" data-id=\"6208bf8\" data-element_type=\"widget\" data-widget_type=\"icon-list.default\">\n\t\t\t\t<div class=\"elementor-widget-container\">\n\t\t\t\t\t\t\t<ul class=\"elementor-icon-list-items\">\n\t\t\t\t\t\t\t<li class=\"elementor-icon-list-item\">\n\t\t\t\t\t\t\t\t\t\t\t<span class=\"elementor-icon-list-icon\">\n\t\t\t\t\t\t\t<svg aria-hidden=\"true\" class=\"e-font-icon-svg e-fas-map-marker-alt\" viewbox=\"0 0 384 512\" xmlns=\"http:\/\/www.w3.org\/2000\/svg\"><path d=\"M172.268 501.67C26.97 291.031 0 269.413 0 192 0 85.961 85.961 0 192 0s192 85.961 192 192c0 77.413-26.97 99.031-172.268 309.67-9.535 13.774-29.93 13.773-39.464 0zM192 272c44.183 0 80-35.817 80-80s-35.817-80-80-80-80 35.817-80 80 35.817 80 80 80z\"><\/path><\/svg>\t\t\t\t\t\t<\/span>\n\t\t\t\t\t\t\t\t\t\t<span class=\"elementor-icon-list-text\">34888 Grantham College Drive, Slidell, LA 70460<\/span>\n\t\t\t\t\t\t\t\t\t<\/li>\n\t\t\t\t\t\t\t\t<li class=\"elementor-icon-list-item\">\n\t\t\t\t\t\t\t\t\t\t\t<span class=\"elementor-icon-list-icon\">\n\t\t\t\t\t\t\t<svg aria-hidden=\"true\" class=\"e-font-icon-svg e-fas-phone-alt\" viewbox=\"0 0 512 512\" xmlns=\"http:\/\/www.w3.org\/2000\/svg\"><path d=\"M497.39 361.8l-112-48a24 24 0 0 0-28 6.9l-49.6 60.6A370.66 370.66 0 0 1 130.6 204.11l60.6-49.6a23.94 23.94 0 0 0 6.9-28l-48-112A24.16 24.16 0 0 0 122.6.61l-104 24A24 24 0 0 0 0 48c0 256.5 207.9 464 464 464a24 24 0 0 0 23.4-18.6l24-104a24.29 24.29 0 0 0-14.01-27.6z\"><\/path><\/svg>\t\t\t\t\t\t<\/span>\n\t\t\t\t\t\t\t\t\t\t<span class=\"elementor-icon-list-text\"><a href=\"tel:9856466458\">(985) 646-6458<\/a><\/span>\n\t\t\t\t\t\t\t\t\t<\/li>\n\t\t\t\t\t\t\t\t<li class=\"elementor-icon-list-item\">\n\t\t\t\t\t\t\t\t\t\t\t<span class=\"elementor-icon-list-icon\">\n\t\t\t\t\t\t\t<svg aria-hidden=\"true\" class=\"e-font-icon-svg e-fas-at\" viewbox=\"0 0 512 512\" xmlns=\"http:\/\/www.w3.org\/2000\/svg\"><path d=\"M256 8C118.941 8 8 118.919 8 256c0 137.059 110.919 248 248 248 48.154 0 95.342-14.14 135.408-40.223 12.005-7.815 14.625-24.288 5.552-35.372l-10.177-12.433c-7.671-9.371-21.179-11.667-31.373-5.129C325.92 429.757 291.314 440 256 440c-101.458 0-184-82.542-184-184S154.542 72 256 72c100.139 0 184 57.619 184 160 0 38.786-21.093 79.742-58.17 83.693-17.349-.454-16.91-12.857-13.476-30.024l23.433-121.11C394.653 149.75 383.308 136 368.225 136h-44.981a13.518 13.518 0 0 0-13.432 11.993l-.01.092c-14.697-17.901-40.448-21.775-59.971-21.775-74.58 0-137.831 62.234-137.831 151.46 0 65.303 36.785 105.87 96 105.87 26.984 0 57.369-15.637 74.991-38.333 9.522 34.104 40.613 34.103 70.71 34.103C462.609 379.41 504 307.798 504 232 504 95.653 394.023 8 256 8zm-21.68 304.43c-22.249 0-36.07-15.623-36.07-40.771 0-44.993 30.779-72.729 58.63-72.729 22.292 0 35.601 15.241 35.601 40.77 0 45.061-33.875 72.73-58.161 72.73z\"><\/path><\/svg>\t\t\t\t\t\t<\/span>\n\t\t\t\t\t\t\t\t\t\t<span class=\"elementor-icon-list-text\"><a href=\"mailto:slvc@la.gov\">slvc@la.gov<\/a><\/span>\n\t\t\t\t\t\t\t\t\t<\/li>\n\t\t\t\t\t\t<\/ul>\n\t\t\t\t\t\t<\/div>\n\t\t\t\t<\/div>\n\t\t\t\t<div class=\"elementor-element elementor-element-6fcf051 elementor-view-stacked elementor-shape-circle elementor-widget elementor-widget-icon\" data-id=\"6fcf051\" data-element_type=\"widget\" data-widget_type=\"icon.default\">\n\t\t\t\t<div class=\"elementor-widget-container\">\n\t\t\t\t\t\t\t<div class=\"elementor-icon-wrapper\">\n\t\t\t<a class=\"elementor-icon elementor-animation-grow\" href=\"https:\/\/www.facebook.com\/SELVC.la.gov\" target=\"_blank\" rel=\"noopener\">\n\t\t\t<svg aria-hidden=\"true\" class=\"e-font-icon-svg e-fab-facebook-f\" viewbox=\"0 0 320 512\" xmlns=\"http:\/\/www.w3.org\/2000\/svg\"><path d=\"M279.14 288l14.22-92.66h-88.91v-60.13c0-25.35 12.42-50.06 52.24-50.06h40.42V6.26S260.43 0 225.36 0c-73.22 0-121.08 44.38-121.08 124.72v70.62H22.89V288h81.39v224h100.17V288z\"><\/path><\/svg>\t\t\t<\/a>\n\t\t<\/div>\n\t\t\t\t\t\t<\/div>\n\t\t\t\t<\/div>\n\t\t\t\t\t<\/div>\n\t\t\t\t<\/div>\n\t\t\t\t<\/div>","protected":false},"excerpt":{"rendered":"<p>Le cimeti\u00e8re des anciens combattants du sud-est de la Louisiane, situ\u00e9 \u00e0 Slidell, a ouvert ses portes en juin 2014 et est rapidement devenu le cimeti\u00e8re des anciens combattants qui conna\u00eet la croissance la plus rapide\u2026<\/p>","protected":false},"author":7,"featured_media":0,"parent":37,"menu_order":0,"comment_status":"closed","ping_status":"closed","template":"","meta":{"_acf_changed":false,"footnotes":"","_links_to":"","_links_to_target":""},"class_list":["post-71","page","type-page","status-publish","hentry"],"acf":[],"_links":{"self":[{"href":"https:\/\/vetaffairs.la.gov\/fr\/wp-json\/wp\/v2\/pages\/71","targetHints":{"allow":["GET"]}}],"collection":[{"href":"https:\/\/vetaffairs.la.gov\/fr\/wp-json\/wp\/v2\/pages"}],"about":[{"href":"https:\/\/vetaffairs.la.gov\/fr\/wp-json\/wp\/v2\/types\/page"}],"author":[{"embeddable":true,"href":"https:\/\/vetaffairs.la.gov\/fr\/wp-json\/wp\/v2\/users\/7"}],"replies":[{"embeddable":true,"href":"https:\/\/vetaffairs.la.gov\/fr\/wp-json\/wp\/v2\/comments?post=71"}],"version-history":[{"count":0,"href":"https:\/\/vetaffairs.la.gov\/fr\/wp-json\/wp\/v2\/pages\/71\/revisions"}],"up":[{"embeddable":true,"href":"https:\/\/vetaffairs.la.gov\/fr\/wp-json\/wp\/v2\/pages\/37"}],"wp:attachment":[{"href":"https:\/\/vetaffairs.la.gov\/fr\/wp-json\/wp\/v2\/media?parent=71"}],"curies":[{"name":"wp","href":"https:\/\/api.w.org\/{rel}","templated":true}]}}