{"id":69,"date":"2025-02-24T15:45:45","date_gmt":"2025-02-24T21:45:45","guid":{"rendered":"https:\/\/veteran-affairs-louisiana.local\/?page_id=69"},"modified":"2025-12-18T15:18:49","modified_gmt":"2025-12-18T21:18:49","slug":"cimetiere-des-anciens-combattants-du-nord-est-de-la-louisiane","status":"publish","type":"page","link":"https:\/\/vetaffairs.la.gov\/fr\/cemeteries\/northeast-louisiana-veterans-cemetery","title":{"rendered":"Cimeti\u00e8re des anciens combattants du nord-est de la Louisiane"},"content":{"rendered":"<div data-elementor-type=\"wp-page\" data-elementor-id=\"69\" class=\"elementor elementor-69\" data-elementor-post-type=\"page\">\n\t\t\t\t<div class=\"elementor-element elementor-element-f698af0 e-flex e-con-boxed e-con e-parent\" data-id=\"f698af0\" data-element_type=\"container\">\n\t\t\t\t\t<div class=\"e-con-inner\">\n\t\t\t\t<div class=\"elementor-element elementor-element-6b19b39 intro elementor-widget elementor-widget-text-editor\" data-id=\"6b19b39\" data-element_type=\"widget\" data-widget_type=\"text-editor.default\">\n\t\t\t\t<div class=\"elementor-widget-container\">\n\t\t\t\t\t\t\t\t\t<p>Le cimeti\u00e8re des anciens combattants du nord-est de la Louisiane a \u00e9t\u00e9 cr\u00e9\u00e9 gr\u00e2ce \u00e0 un g\u00e9n\u00e9reux don de 21 hectares (52 acres) de la famille de George B. Franklin Jr. Le D\u00e9partement des affaires des anciens combattants des \u00c9tats-Unis, en collaboration avec l&#039;\u00c9tat de Louisiane et son D\u00e9partement des affaires des anciens combattants, octroie des subventions afin de garantir \u00e0 tous les anciens combattants, actuels et futurs, une s\u00e9pulture digne et un lieu de repos \u00e9ternel \u00e0 la hauteur de leurs m\u00e9rites. Le cimeti\u00e8re est con\u00e7u pour accueillir plus de 31\u00a0000 anciens combattants, ainsi que leurs conjoints et enfants \u00e0 charge.<\/p><p>Notre premi\u00e8re inhumation a eu lieu le 11 novembre 2015, et des c\u00e9r\u00e9monies sont organis\u00e9es du lundi au vendredi depuis l&#039;ouverture du cimeti\u00e8re. Peu apr\u00e8s, la famille Herbert Hayes a fait un don important en m\u00e9moire de M. Hayes, cr\u00e9ant ainsi le Fonds des H\u00e9ros Herbert Hayes. Ce fonds, qui continue de cro\u00eetre, sert \u00e0 financer l&#039;entretien paysager du cimeti\u00e8re tout au long de l&#039;ann\u00e9e. Outre le don de la famille Hayes, notre clocher carillonn\u00e9 a \u00e9t\u00e9 offert par l&#039;association AMVETS, gr\u00e2ce \u00e0 des contributions nationales et r\u00e9gionales. Les cloches sonnent chaque jour \u00e0 l&#039;heure, au son d&#039;hymnes, de chants et d&#039;arrangements militaires.<\/p><p>Au fil des ans, nous avons re\u00e7u deux prix d&#039;excellence op\u00e9rationnelle de la part de <a href=\"https:\/\/www.cem.va.gov\/\" target=\"_blank\" rel=\"noopener\">Administration des cimeti\u00e8res nationaux du d\u00e9partement f\u00e9d\u00e9ral des Anciens Combattants<\/a>, Nous sommes reconnaissants du travail acharn\u00e9 de notre personnel. C&#039;est un honneur et un privil\u00e8ge pour nous d&#039;aider les anciens combattants et leurs familles dans ces moments difficiles.<\/p>\t\t\t\t\t\t\t\t<\/div>\n\t\t\t\t<\/div>\n\t\t\t\t<div class=\"elementor-element elementor-element-95b2447 photo-gallery elementor-widget elementor-widget-gallery\" data-id=\"95b2447\" data-element_type=\"widget\" data-settings=\"{&quot;gallery_layout&quot;:&quot;masonry&quot;,&quot;columns&quot;:3,&quot;gap&quot;:{&quot;unit&quot;:&quot;px&quot;,&quot;size&quot;:15,&quot;sizes&quot;:[]},&quot;gap_tablet&quot;:{&quot;unit&quot;:&quot;px&quot;,&quot;size&quot;:15,&quot;sizes&quot;:[]},&quot;gap_mobile&quot;:{&quot;unit&quot;:&quot;px&quot;,&quot;size&quot;:15,&quot;sizes&quot;:[]},&quot;columns_tablet&quot;:3,&quot;lazyload&quot;:&quot;yes&quot;,&quot;columns_mobile&quot;:1,&quot;link_to&quot;:&quot;file&quot;,&quot;content_hover_animation&quot;:&quot;fade-in&quot;}\" data-widget_type=\"gallery.default\">\n\t\t\t\t<div class=\"elementor-widget-container\">\n\t\t\t\t\t\t\t<div class=\"elementor-gallery__container\">\n\t\t\t\t\t\t\t<a class=\"e-gallery-item elementor-gallery-item elementor-animated-content\" href=\"https:\/\/vetaffairs.la.gov\/wp-content\/uploads\/2025\/06\/LDVA-cemetary-rayville-05.webp\" data-elementor-open-lightbox=\"yes\" data-elementor-lightbox-slideshow=\"95b2447\" data-e-action-hash=\"#elementor-action%3Aaction%3Dlightbox%26settings%3DeyJpZCI6NjA1MSwidXJsIjoiaHR0cHM6XC9cL3ZldGFmZmFpcnMubGEuZ292XC93cC1jb250ZW50XC91cGxvYWRzXC8yMDI1XC8wNlwvTERWQS1jZW1ldGFyeS1yYXl2aWxsZS0wNS53ZWJwIiwic2xpZGVzaG93IjoiOTViMjQ0NyJ9\">\n\t\t\t\t\t<div class=\"e-gallery-image elementor-gallery-item__image\" data-thumbnail=\"https:\/\/vetaffairs.la.gov\/wp-content\/uploads\/2025\/06\/LDVA-cemetary-rayville-05.webp\" data-width=\"1200\" data-height=\"800\" aria-label=\"Cimeti\u00e8re des anciens combattants de Rayville, en Louisiane\" role=\"img\" ><\/div>\n\t\t\t\t\t\t\t\t\t\t\t\t\t\t<\/a>\n\t\t\t\t\t\t\t<a class=\"e-gallery-item elementor-gallery-item elementor-animated-content\" href=\"https:\/\/vetaffairs.la.gov\/wp-content\/uploads\/2025\/06\/LDVA-cemetary-rayville-03.webp\" data-elementor-open-lightbox=\"yes\" data-elementor-lightbox-slideshow=\"95b2447\" data-e-action-hash=\"#elementor-action%3Aaction%3Dlightbox%26settings%3DeyJpZCI6NjA0OSwidXJsIjoiaHR0cHM6XC9cL3ZldGFmZmFpcnMubGEuZ292XC93cC1jb250ZW50XC91cGxvYWRzXC8yMDI1XC8wNlwvTERWQS1jZW1ldGFyeS1yYXl2aWxsZS0wMy53ZWJwIiwic2xpZGVzaG93IjoiOTViMjQ0NyJ9\">\n\t\t\t\t\t<div class=\"e-gallery-image elementor-gallery-item__image\" data-thumbnail=\"https:\/\/vetaffairs.la.gov\/wp-content\/uploads\/2025\/06\/LDVA-cemetary-rayville-03.webp\" data-width=\"1200\" data-height=\"800\" aria-label=\"Rayville, Columbarium des anciens combattants de Louisiane\" role=\"img\" ><\/div>\n\t\t\t\t\t\t\t\t\t\t\t\t\t\t<\/a>\n\t\t\t\t\t\t\t<a class=\"e-gallery-item elementor-gallery-item elementor-animated-content\" href=\"https:\/\/vetaffairs.la.gov\/wp-content\/uploads\/2025\/06\/LDVA-cemetary-rayville-02.webp\" data-elementor-open-lightbox=\"yes\" data-elementor-lightbox-slideshow=\"95b2447\" data-e-action-hash=\"#elementor-action%3Aaction%3Dlightbox%26settings%3DeyJpZCI6NjA0OCwidXJsIjoiaHR0cHM6XC9cL3ZldGFmZmFpcnMubGEuZ292XC93cC1jb250ZW50XC91cGxvYWRzXC8yMDI1XC8wNlwvTERWQS1jZW1ldGFyeS1yYXl2aWxsZS0wMi53ZWJwIiwic2xpZGVzaG93IjoiOTViMjQ0NyJ9\">\n\t\t\t\t\t<div class=\"e-gallery-image elementor-gallery-item__image\" data-thumbnail=\"https:\/\/vetaffairs.la.gov\/wp-content\/uploads\/2025\/06\/LDVA-cemetary-rayville-02.webp\" data-width=\"1200\" data-height=\"800\" aria-label=\"Rayville, Louisiane, paysages des v\u00e9t\u00e9rans\" role=\"img\" ><\/div>\n\t\t\t\t\t\t\t\t\t\t\t\t\t\t<\/a>\n\t\t\t\t\t\t\t<a class=\"e-gallery-item elementor-gallery-item elementor-animated-content\" href=\"https:\/\/vetaffairs.la.gov\/wp-content\/uploads\/2025\/06\/LDVA-cemetary-rayville-04.webp\" data-elementor-open-lightbox=\"yes\" data-elementor-lightbox-slideshow=\"95b2447\" data-e-action-hash=\"#elementor-action%3Aaction%3Dlightbox%26settings%3DeyJpZCI6NjA1MCwidXJsIjoiaHR0cHM6XC9cL3ZldGFmZmFpcnMubGEuZ292XC93cC1jb250ZW50XC91cGxvYWRzXC8yMDI1XC8wNlwvTERWQS1jZW1ldGFyeS1yYXl2aWxsZS0wNC53ZWJwIiwic2xpZGVzaG93IjoiOTViMjQ0NyJ9\">\n\t\t\t\t\t<div class=\"e-gallery-image elementor-gallery-item__image\" data-thumbnail=\"https:\/\/vetaffairs.la.gov\/wp-content\/uploads\/2025\/06\/LDVA-cemetary-rayville-04.webp\" data-width=\"1200\" data-height=\"800\" aria-label=\"Pierres tombales du cimeti\u00e8re des anciens combattants de Rayville, en Louisiane\" role=\"img\" ><\/div>\n\t\t\t\t\t\t\t\t\t\t\t\t\t\t<\/a>\n\t\t\t\t\t\t\t<a class=\"e-gallery-item elementor-gallery-item elementor-animated-content\" href=\"https:\/\/vetaffairs.la.gov\/wp-content\/uploads\/2025\/06\/LDVA-cemetary-rayville-01.webp\" data-elementor-open-lightbox=\"yes\" data-elementor-lightbox-slideshow=\"95b2447\" data-e-action-hash=\"#elementor-action%3Aaction%3Dlightbox%26settings%3DeyJpZCI6NjA0NywidXJsIjoiaHR0cHM6XC9cL3ZldGFmZmFpcnMubGEuZ292XC93cC1jb250ZW50XC91cGxvYWRzXC8yMDI1XC8wNlwvTERWQS1jZW1ldGFyeS1yYXl2aWxsZS0wMS53ZWJwIiwic2xpZGVzaG93IjoiOTViMjQ0NyJ9\">\n\t\t\t\t\t<div class=\"e-gallery-image elementor-gallery-item__image\" data-thumbnail=\"https:\/\/vetaffairs.la.gov\/wp-content\/uploads\/2025\/06\/LDVA-cemetary-rayville-01.webp\" data-width=\"1200\" data-height=\"800\" aria-label=\"Pierres tombales de v\u00e9t\u00e9rans de Rayville, en Louisiane, avec drapeau\" role=\"img\" ><\/div>\n\t\t\t\t\t\t\t\t\t\t\t\t\t\t<\/a>\n\t\t\t\t\t\t\t<a class=\"e-gallery-item elementor-gallery-item elementor-animated-content\" href=\"https:\/\/vetaffairs.la.gov\/wp-content\/uploads\/2025\/06\/LDVA-cemetary-rayville-06.webp\" data-elementor-open-lightbox=\"yes\" data-elementor-lightbox-slideshow=\"95b2447\" data-e-action-hash=\"#elementor-action%3Aaction%3Dlightbox%26settings%3DeyJpZCI6NjA1MiwidXJsIjoiaHR0cHM6XC9cL3ZldGFmZmFpcnMubGEuZ292XC93cC1jb250ZW50XC91cGxvYWRzXC8yMDI1XC8wNlwvTERWQS1jZW1ldGFyeS1yYXl2aWxsZS0wNi53ZWJwIiwic2xpZGVzaG93IjoiOTViMjQ0NyJ9\">\n\t\t\t\t\t<div class=\"e-gallery-image elementor-gallery-item__image\" data-thumbnail=\"https:\/\/vetaffairs.la.gov\/wp-content\/uploads\/2025\/06\/LDVA-cemetary-rayville-06.webp\" data-width=\"1200\" data-height=\"800\" aria-label=\"Drapeaux des v\u00e9t\u00e9rans de Rayville, Louisiane\" role=\"img\" ><\/div>\n\t\t\t\t\t\t\t\t\t\t\t\t\t\t<\/a>\n\t\t\t\t\t<\/div>\n\t\t\t\t\t<\/div>\n\t\t\t\t<\/div>\n\t\t\t\t<div class=\"elementor-element elementor-element-2c855b6 intro elementor-widget elementor-widget-text-editor\" data-id=\"2c855b6\" data-element_type=\"widget\" data-widget_type=\"text-editor.default\">\n\t\t\t\t<div class=\"elementor-widget-container\">\n\t\t\t\t\t\t\t\t\t<h2>V\u00e9rifier l&#039;admissibilit\u00e9<\/h2><p>Il y a <a href=\"\/fr\/cimetieres\/#eligibility\">informations d&#039;admissibilit\u00e9<\/a> disponible sur notre page principale consacr\u00e9e aux cimeti\u00e8res. Si vous souhaitez v\u00e9rifier votre admissibilit\u00e9 \u00e0 une inhumation dans notre cimeti\u00e8re, veuillez remplir le formulaire. <a href=\"\/fr\/demande-de-prevoyance-funeraire\/\">soumettre la demande pr\u00e9alable<\/a>.<\/p>\t\t\t\t\t\t\t\t<\/div>\n\t\t\t\t<\/div>\n\t\t\t\t<div class=\"elementor-element elementor-element-e0162f4 intro elementor-widget elementor-widget-text-editor\" data-id=\"e0162f4\" data-element_type=\"widget\" data-widget_type=\"text-editor.default\">\n\t\t\t\t<div class=\"elementor-widget-container\">\n\t\t\t\t\t\t\t\t\t<h2>Planifier un enterrement<\/h2><p>Vous trouverez des informations sous <a href=\"\/fr\/cimetieres\/#burial-services\">services fun\u00e9raires<\/a> disponible sur notre page principale consacr\u00e9e aux cimeti\u00e8res. Si vous souhaitez \u00eatre inhum\u00e9 dans notre cimeti\u00e8re, veuillez remplir et <a href=\"\/fr\/demande-de-prevoyance-funeraire\/\">d\u00e9poser la demande d&#039;inhumation<\/a>.<\/p>\t\t\t\t\t\t\t\t<\/div>\n\t\t\t\t<\/div>\n\t\t\t\t<div class=\"elementor-element elementor-element-2cf82dc intro elementor-widget elementor-widget-text-editor\" data-id=\"2cf82dc\" data-element_type=\"widget\" data-widget_type=\"text-editor.default\">\n\t\t\t\t<div class=\"elementor-widget-container\">\n\t\t\t\t\t\t\t\t\t<h2>\u00c9v\u00e9nements<\/h2><p>13 d\u00e9cembre : Journ\u00e9e des couronnes \u00e0 travers l&#039;Am\u00e9rique<\/p>\t\t\t\t\t\t\t\t<\/div>\n\t\t\t\t<\/div>\n\t\t\t\t<div class=\"elementor-element elementor-element-e706865 intro elementor-widget elementor-widget-text-editor\" data-id=\"e706865\" data-element_type=\"widget\" data-widget_type=\"text-editor.default\">\n\t\t\t\t<div class=\"elementor-widget-container\">\n\t\t\t\t\t\t\t\t\t<h2>Comment aider<\/h2><p>Nous accueillons avec plaisir les b\u00e9n\u00e9voles qui souhaitent honorer nos anciens combattants en contribuant \u00e0 pr\u00e9server la dignit\u00e9 de notre cimeti\u00e8re. Leur aide est particuli\u00e8rement pr\u00e9cieuse lors des comm\u00e9morations telles que le Memorial Day et le Jour du Souvenir. <a href=\"https:\/\/www.wreathsacrossamerica.org\/\" target=\"_blank\" rel=\"noopener\">Journ\u00e9e des couronnes \u00e0 travers l&#039;Am\u00e9rique<\/a>, Nous avons besoin de b\u00e9n\u00e9voles pour organiser ces c\u00e9r\u00e9monies importantes. Nous recherchons \u00e9galement des volontaires en semaine pour des t\u00e2ches comme le nettoyage des pierres tombales, la plantation de fleurs, le d\u00e9sherbage et l&#039;entretien g\u00e9n\u00e9ral des espaces verts. Contactez-nous pour savoir comment vous pouvez nous aider.<\/p>\t\t\t\t\t\t\t\t<\/div>\n\t\t\t\t<\/div>\n\t\t\t\t<div class=\"elementor-element elementor-element-2e5997c intro elementor-widget elementor-widget-text-editor\" data-id=\"2e5997c\" data-element_type=\"widget\" data-widget_type=\"text-editor.default\">\n\t\t\t\t<div class=\"elementor-widget-container\">\n\t\t\t\t\t\t\t\t\t<h2>Heures d&#039;ouverture<\/h2><p>Bureau : du lundi au vendredi, de 8 h \u00e0 16 h 30.<br \/>Terrains : Du lever au coucher du soleil tous les jours<\/p><p>Si nous avons eu l&#039;honneur de prendre soin de votre proche, <a href=\"\/fr\/retour\/?service=Veteran Cemeteries&amp;cemetery=Northeast Louisiana Veterans Cemetery - Rayville, LA\">Veuillez nous faire part de vos commentaires ici.<\/a>.<\/p>\t\t\t\t\t\t\t\t<\/div>\n\t\t\t\t<\/div>\n\t\t\t\t<div class=\"elementor-element elementor-element-6e2c9ea elementor-widget elementor-widget-heading\" data-id=\"6e2c9ea\" data-element_type=\"widget\" data-widget_type=\"heading.default\">\n\t\t\t\t<div class=\"elementor-widget-container\">\n\t\t\t\t\t<h2 class=\"elementor-heading-title elementor-size-default\">Contactez-nous<\/h2>\t\t\t\t<\/div>\n\t\t\t\t<\/div>\n\t\t\t\t<div class=\"elementor-element elementor-element-2dd1dcc intro elementor-widget elementor-widget-text-editor\" data-id=\"2dd1dcc\" data-element_type=\"widget\" data-widget_type=\"text-editor.default\">\n\t\t\t\t<div class=\"elementor-widget-container\">\n\t\t\t\t\t\t\t\t\t<p>Timothy Johnson, directeur<br \/>Brenda Grammer, coordinatrice administrative<\/p>\t\t\t\t\t\t\t\t<\/div>\n\t\t\t\t<\/div>\n\t\t\t\t<div class=\"elementor-element elementor-element-fabf9ed elementor-list-item-link-full_width elementor-widget elementor-widget-icon-list\" data-id=\"fabf9ed\" data-element_type=\"widget\" data-widget_type=\"icon-list.default\">\n\t\t\t\t<div class=\"elementor-widget-container\">\n\t\t\t\t\t\t\t<ul class=\"elementor-icon-list-items\">\n\t\t\t\t\t\t\t<li class=\"elementor-icon-list-item\">\n\t\t\t\t\t\t\t\t\t\t\t<span class=\"elementor-icon-list-icon\">\n\t\t\t\t\t\t\t<svg aria-hidden=\"true\" class=\"e-font-icon-svg e-fas-map-marker-alt\" viewbox=\"0 0 384 512\" xmlns=\"http:\/\/www.w3.org\/2000\/svg\"><path d=\"M172.268 501.67C26.97 291.031 0 269.413 0 192 0 85.961 85.961 0 192 0s192 85.961 192 192c0 77.413-26.97 99.031-172.268 309.67-9.535 13.774-29.93 13.773-39.464 0zM192 272c44.183 0 80-35.817 80-80s-35.817-80-80-80-80 35.817-80 80 35.817 80 80 80z\"><\/path><\/svg>\t\t\t\t\t\t<\/span>\n\t\t\t\t\t\t\t\t\t\t<span class=\"elementor-icon-list-text\">2413, autoroute 425 Rayville, LA 71269<\/span>\n\t\t\t\t\t\t\t\t\t<\/li>\n\t\t\t\t\t\t\t\t<li class=\"elementor-icon-list-item\">\n\t\t\t\t\t\t\t\t\t\t\t<span class=\"elementor-icon-list-icon\">\n\t\t\t\t\t\t\t<svg aria-hidden=\"true\" class=\"e-font-icon-svg e-fas-phone-alt\" viewbox=\"0 0 512 512\" xmlns=\"http:\/\/www.w3.org\/2000\/svg\"><path d=\"M497.39 361.8l-112-48a24 24 0 0 0-28 6.9l-49.6 60.6A370.66 370.66 0 0 1 130.6 204.11l60.6-49.6a23.94 23.94 0 0 0 6.9-28l-48-112A24.16 24.16 0 0 0 122.6.61l-104 24A24 24 0 0 0 0 48c0 256.5 207.9 464 464 464a24 24 0 0 0 23.4-18.6l24-104a24.29 24.29 0 0 0-14.01-27.6z\"><\/path><\/svg>\t\t\t\t\t\t<\/span>\n\t\t\t\t\t\t\t\t\t\t<span class=\"elementor-icon-list-text\"><a href=\"tel:3187284346\">(318) 728-4346<\/a><\/span>\n\t\t\t\t\t\t\t\t\t<\/li>\n\t\t\t\t\t\t\t\t<li class=\"elementor-icon-list-item\">\n\t\t\t\t\t\t\t\t\t\t\t<span class=\"elementor-icon-list-icon\">\n\t\t\t\t\t\t\t<svg aria-hidden=\"true\" class=\"e-font-icon-svg e-fas-fax\" viewbox=\"0 0 512 512\" xmlns=\"http:\/\/www.w3.org\/2000\/svg\"><path d=\"M480 160V77.25a32 32 0 0 0-9.38-22.63L425.37 9.37A32 32 0 0 0 402.75 0H160a32 32 0 0 0-32 32v448a32 32 0 0 0 32 32h320a32 32 0 0 0 32-32V192a32 32 0 0 0-32-32zM288 432a16 16 0 0 1-16 16h-32a16 16 0 0 1-16-16v-32a16 16 0 0 1 16-16h32a16 16 0 0 1 16 16zm0-128a16 16 0 0 1-16 16h-32a16 16 0 0 1-16-16v-32a16 16 0 0 1 16-16h32a16 16 0 0 1 16 16zm128 128a16 16 0 0 1-16 16h-32a16 16 0 0 1-16-16v-32a16 16 0 0 1 16-16h32a16 16 0 0 1 16 16zm0-128a16 16 0 0 1-16 16h-32a16 16 0 0 1-16-16v-32a16 16 0 0 1 16-16h32a16 16 0 0 1 16 16zm0-112H192V64h160v48a16 16 0 0 0 16 16h48zM64 128H32a32 32 0 0 0-32 32v320a32 32 0 0 0 32 32h32a32 32 0 0 0 32-32V160a32 32 0 0 0-32-32z\"><\/path><\/svg>\t\t\t\t\t\t<\/span>\n\t\t\t\t\t\t\t\t\t\t<span class=\"elementor-icon-list-text\"><a href=\"tel:3187285921\">(318) 728-5921<\/a><\/span>\n\t\t\t\t\t\t\t\t\t<\/li>\n\t\t\t\t\t\t\t\t<li class=\"elementor-icon-list-item\">\n\t\t\t\t\t\t\t\t\t\t\t<span class=\"elementor-icon-list-icon\">\n\t\t\t\t\t\t\t<svg aria-hidden=\"true\" class=\"e-font-icon-svg e-fas-at\" viewbox=\"0 0 512 512\" xmlns=\"http:\/\/www.w3.org\/2000\/svg\"><path d=\"M256 8C118.941 8 8 118.919 8 256c0 137.059 110.919 248 248 248 48.154 0 95.342-14.14 135.408-40.223 12.005-7.815 14.625-24.288 5.552-35.372l-10.177-12.433c-7.671-9.371-21.179-11.667-31.373-5.129C325.92 429.757 291.314 440 256 440c-101.458 0-184-82.542-184-184S154.542 72 256 72c100.139 0 184 57.619 184 160 0 38.786-21.093 79.742-58.17 83.693-17.349-.454-16.91-12.857-13.476-30.024l23.433-121.11C394.653 149.75 383.308 136 368.225 136h-44.981a13.518 13.518 0 0 0-13.432 11.993l-.01.092c-14.697-17.901-40.448-21.775-59.971-21.775-74.58 0-137.831 62.234-137.831 151.46 0 65.303 36.785 105.87 96 105.87 26.984 0 57.369-15.637 74.991-38.333 9.522 34.104 40.613 34.103 70.71 34.103C462.609 379.41 504 307.798 504 232 504 95.653 394.023 8 256 8zm-21.68 304.43c-22.249 0-36.07-15.623-36.07-40.771 0-44.993 30.779-72.729 58.63-72.729 22.292 0 35.601 15.241 35.601 40.77 0 45.061-33.875 72.73-58.161 72.73z\"><\/path><\/svg>\t\t\t\t\t\t<\/span>\n\t\t\t\t\t\t\t\t\t\t<span class=\"elementor-icon-list-text\"><a href=\"mailto:nelavc@la.gov\">nelavc@la.gov<\/a><\/span>\n\t\t\t\t\t\t\t\t\t<\/li>\n\t\t\t\t\t\t<\/ul>\n\t\t\t\t\t\t<\/div>\n\t\t\t\t<\/div>\n\t\t\t\t<div class=\"elementor-element elementor-element-81d6f2a elementor-view-stacked elementor-shape-circle elementor-widget elementor-widget-icon\" data-id=\"81d6f2a\" data-element_type=\"widget\" data-widget_type=\"icon.default\">\n\t\t\t\t<div class=\"elementor-widget-container\">\n\t\t\t\t\t\t\t<div class=\"elementor-icon-wrapper\">\n\t\t\t<a class=\"elementor-icon elementor-animation-grow\" href=\"https:\/\/www.facebook.com\/NELVC.la.gov\" target=\"_blank\" rel=\"noopener\">\n\t\t\t<svg aria-hidden=\"true\" class=\"e-font-icon-svg e-fab-facebook-f\" viewbox=\"0 0 320 512\" xmlns=\"http:\/\/www.w3.org\/2000\/svg\"><path d=\"M279.14 288l14.22-92.66h-88.91v-60.13c0-25.35 12.42-50.06 52.24-50.06h40.42V6.26S260.43 0 225.36 0c-73.22 0-121.08 44.38-121.08 124.72v70.62H22.89V288h81.39v224h100.17V288z\"><\/path><\/svg>\t\t\t<\/a>\n\t\t<\/div>\n\t\t\t\t\t\t<\/div>\n\t\t\t\t<\/div>\n\t\t\t\t\t<\/div>\n\t\t\t\t<\/div>\n\t\t\t\t<\/div>","protected":false},"excerpt":{"rendered":"<p>Le cimeti\u00e8re des anciens combattants du nord-est de la Louisiane a \u00e9t\u00e9 rendu possible gr\u00e2ce \u00e0 un g\u00e9n\u00e9reux don de 52 acres de la part de George B. Franklin\u2026<\/p>","protected":false},"author":7,"featured_media":0,"parent":37,"menu_order":0,"comment_status":"closed","ping_status":"closed","template":"","meta":{"_acf_changed":false,"footnotes":"","_links_to":"","_links_to_target":""},"class_list":["post-69","page","type-page","status-publish","hentry"],"acf":[],"_links":{"self":[{"href":"https:\/\/vetaffairs.la.gov\/fr\/wp-json\/wp\/v2\/pages\/69","targetHints":{"allow":["GET"]}}],"collection":[{"href":"https:\/\/vetaffairs.la.gov\/fr\/wp-json\/wp\/v2\/pages"}],"about":[{"href":"https:\/\/vetaffairs.la.gov\/fr\/wp-json\/wp\/v2\/types\/page"}],"author":[{"embeddable":true,"href":"https:\/\/vetaffairs.la.gov\/fr\/wp-json\/wp\/v2\/users\/7"}],"replies":[{"embeddable":true,"href":"https:\/\/vetaffairs.la.gov\/fr\/wp-json\/wp\/v2\/comments?post=69"}],"version-history":[{"count":0,"href":"https:\/\/vetaffairs.la.gov\/fr\/wp-json\/wp\/v2\/pages\/69\/revisions"}],"up":[{"embeddable":true,"href":"https:\/\/vetaffairs.la.gov\/fr\/wp-json\/wp\/v2\/pages\/37"}],"wp:attachment":[{"href":"https:\/\/vetaffairs.la.gov\/fr\/wp-json\/wp\/v2\/media?parent=69"}],"curies":[{"name":"wp","href":"https:\/\/api.w.org\/{rel}","templated":true}]}}