{"id":67,"date":"2025-02-24T15:41:20","date_gmt":"2025-02-24T21:41:20","guid":{"rendered":"https:\/\/veteran-affairs-louisiana.local\/?page_id=67"},"modified":"2026-04-06T16:18:32","modified_gmt":"2026-04-06T21:18:32","slug":"maison-des-anciens-combattants-du-sud-est-de-la-louisiane","status":"publish","type":"page","link":"https:\/\/vetaffairs.la.gov\/fr\/homes\/southeast-louisiana-veterans-home","title":{"rendered":"Maison des anciens combattants du sud-est de la Louisiane"},"content":{"rendered":"<div data-elementor-type=\"wp-page\" data-elementor-id=\"67\" class=\"elementor elementor-67\" data-elementor-post-type=\"page\">\n\t\t\t\t<div class=\"elementor-element elementor-element-1eebf64 e-flex e-con-boxed e-con e-parent\" data-id=\"1eebf64\" data-element_type=\"container\">\n\t\t\t\t\t<div class=\"e-con-inner\">\n\t\t\t\t<div class=\"elementor-element elementor-element-482727d intro elementor-widget elementor-widget-text-editor\" data-id=\"482727d\" data-element_type=\"widget\" data-widget_type=\"text-editor.default\">\n\t\t\t\t<div class=\"elementor-widget-container\">\n\t\t\t\t\t\t\t\t\t<p>Le foyer pour anciens combattants du sud-est de la Louisiane est situ\u00e9 \u00e0 Reserve, sur un terrain de 8 hectares, \u00e0 c\u00f4t\u00e9 de\u2026 <a href=\"https:\/\/www.va.gov\/southeast-louisiana-health-care\/locations\/st-john-va-clinic\/\" target=\"_blank\" rel=\"noopener\">Clinique ambulatoire communautaire pour anciens combattants dans la paroisse de Saint-Jean-Baptiste<\/a>. Notre maison de retraite pour anciens combattants, d&#039;une capacit\u00e9 de 156 lits, dispose de son propre salon de coiffure o\u00f9 nos r\u00e9sidents aiment se faire couper les cheveux ou changer de coiffure. Apr\u00e8s leur passage au salon, certains appr\u00e9cient une partie de poker anim\u00e9e, tandis que d&#039;autres se divertissent avec des puzzles \u00e0 la biblioth\u00e8que. Nous sommes extr\u00eamement reconnaissants du soutien de la communaut\u00e9 locale et de tout ce qu&#039;elle fait pour nos anciens combattants.<\/p><p>Cette maison de retraite pour anciens combattants est id\u00e9alement situ\u00e9e \u00e0 proximit\u00e9 des paroisses d&#039;Ascension, d&#039;Assumption, de Jefferson, de Lafourche, d&#039;Orl\u00e9ans, de Plaquemines, de Saint-Bernard, de Saint-Charles, de Saint-Jacques, de Saint-Jean-Baptiste, de Sainte-Marie, de Saint-Tammany, de Tangipahoa, de Terrebonne et de Washington. Il n&#039;est pas n\u00e9cessaire pour les anciens combattants de r\u00e9sider dans l&#039;une de ces paroisses pour \u00eatre admis \u00e0 la Maison de retraite pour anciens combattants du Sud-Est de la Louisiane.<\/p>\t\t\t\t\t\t\t\t<\/div>\n\t\t\t\t<\/div>\n\t\t\t\t<div class=\"elementor-element elementor-element-a1f3b1e photo-gallery elementor-widget elementor-widget-gallery\" data-id=\"a1f3b1e\" data-element_type=\"widget\" data-settings=\"{&quot;gallery_layout&quot;:&quot;masonry&quot;,&quot;columns&quot;:3,&quot;gap&quot;:{&quot;unit&quot;:&quot;px&quot;,&quot;size&quot;:15,&quot;sizes&quot;:[]},&quot;gap_tablet&quot;:{&quot;unit&quot;:&quot;px&quot;,&quot;size&quot;:15,&quot;sizes&quot;:[]},&quot;gap_mobile&quot;:{&quot;unit&quot;:&quot;px&quot;,&quot;size&quot;:15,&quot;sizes&quot;:[]},&quot;columns_tablet&quot;:3,&quot;lazyload&quot;:&quot;yes&quot;,&quot;columns_mobile&quot;:1,&quot;link_to&quot;:&quot;file&quot;,&quot;content_hover_animation&quot;:&quot;fade-in&quot;}\" data-widget_type=\"gallery.default\">\n\t\t\t\t<div class=\"elementor-widget-container\">\n\t\t\t\t\t\t\t<div class=\"elementor-gallery__container\">\n\t\t\t\t\t\t\t<a class=\"e-gallery-item elementor-gallery-item elementor-animated-content\" href=\"https:\/\/vetaffairs.la.gov\/wp-content\/uploads\/2025\/06\/LDVA-veteransHome-reserve-sign.webp\" data-elementor-open-lightbox=\"yes\" data-elementor-lightbox-slideshow=\"a1f3b1e\" data-e-action-hash=\"#elementor-action%3Aaction%3Dlightbox%26settings%3DeyJpZCI6NjEwMSwidXJsIjoiaHR0cHM6XC9cL3ZldGFmZmFpcnMubGEuZ292XC93cC1jb250ZW50XC91cGxvYWRzXC8yMDI1XC8wNlwvTERWQS12ZXRlcmFuc0hvbWUtcmVzZXJ2ZS1zaWduLndlYnAiLCJzbGlkZXNob3ciOiJhMWYzYjFlIn0%3D\">\n\t\t\t\t\t<div class=\"e-gallery-image elementor-gallery-item__image\" data-thumbnail=\"https:\/\/vetaffairs.la.gov\/wp-content\/uploads\/2025\/06\/LDVA-veteransHome-reserve-sign.webp\" data-width=\"1200\" data-height=\"800\" aria-label=\"Panneau de la maison de retraite pour anciens combattants du sud-est de la Louisiane\" role=\"img\" ><\/div>\n\t\t\t\t\t\t\t\t\t\t\t\t\t\t<\/a>\n\t\t\t\t\t\t\t<a class=\"e-gallery-item elementor-gallery-item elementor-animated-content\" href=\"https:\/\/vetaffairs.la.gov\/wp-content\/uploads\/2025\/06\/LDVA-veteransHome-reserve-hairstyle.webp\" data-elementor-open-lightbox=\"yes\" data-elementor-lightbox-slideshow=\"a1f3b1e\" data-e-action-hash=\"#elementor-action%3Aaction%3Dlightbox%26settings%3DeyJpZCI6NjA5OCwidXJsIjoiaHR0cHM6XC9cL3ZldGFmZmFpcnMubGEuZ292XC93cC1jb250ZW50XC91cGxvYWRzXC8yMDI1XC8wNlwvTERWQS12ZXRlcmFuc0hvbWUtcmVzZXJ2ZS1oYWlyc3R5bGUud2VicCIsInNsaWRlc2hvdyI6ImExZjNiMWUifQ%3D%3D\">\n\t\t\t\t\t<div class=\"e-gallery-image elementor-gallery-item__image\" data-thumbnail=\"https:\/\/vetaffairs.la.gov\/wp-content\/uploads\/2025\/06\/LDVA-veteransHome-reserve-hairstyle.webp\" data-width=\"1200\" data-height=\"800\" aria-label=\"Une femme se fait coiffer par un coiffeur\" role=\"img\" ><\/div>\n\t\t\t\t\t\t\t\t\t\t\t\t\t\t<\/a>\n\t\t\t\t\t\t\t<a class=\"e-gallery-item elementor-gallery-item elementor-animated-content\" href=\"https:\/\/vetaffairs.la.gov\/wp-content\/uploads\/2025\/06\/LDVA-veteransHome-reserve-puzzle01.webp\" data-elementor-open-lightbox=\"yes\" data-elementor-lightbox-slideshow=\"a1f3b1e\" data-e-action-hash=\"#elementor-action%3Aaction%3Dlightbox%26settings%3DeyJpZCI6NjA5OSwidXJsIjoiaHR0cHM6XC9cL3ZldGFmZmFpcnMubGEuZ292XC93cC1jb250ZW50XC91cGxvYWRzXC8yMDI1XC8wNlwvTERWQS12ZXRlcmFuc0hvbWUtcmVzZXJ2ZS1wdXp6bGUwMS53ZWJwIiwic2xpZGVzaG93IjoiYTFmM2IxZSJ9\">\n\t\t\t\t\t<div class=\"e-gallery-image elementor-gallery-item__image\" data-thumbnail=\"https:\/\/vetaffairs.la.gov\/wp-content\/uploads\/2025\/06\/LDVA-veteransHome-reserve-puzzle01.webp\" data-width=\"1200\" data-height=\"800\" aria-label=\"Deux personnes qui font des puzzles ensemble\" role=\"img\" ><\/div>\n\t\t\t\t\t\t\t\t\t\t\t\t\t\t<\/a>\n\t\t\t\t\t\t\t<a class=\"e-gallery-item elementor-gallery-item elementor-animated-content\" href=\"https:\/\/vetaffairs.la.gov\/wp-content\/uploads\/2025\/06\/LDVA-veteransHome-reserve-puzzle02.webp\" data-elementor-open-lightbox=\"yes\" data-elementor-lightbox-slideshow=\"a1f3b1e\" data-e-action-hash=\"#elementor-action%3Aaction%3Dlightbox%26settings%3DeyJpZCI6NjEwMCwidXJsIjoiaHR0cHM6XC9cL3ZldGFmZmFpcnMubGEuZ292XC93cC1jb250ZW50XC91cGxvYWRzXC8yMDI1XC8wNlwvTERWQS12ZXRlcmFuc0hvbWUtcmVzZXJ2ZS1wdXp6bGUwMi53ZWJwIiwic2xpZGVzaG93IjoiYTFmM2IxZSJ9\">\n\t\t\t\t\t<div class=\"e-gallery-image elementor-gallery-item__image\" data-thumbnail=\"https:\/\/vetaffairs.la.gov\/wp-content\/uploads\/2025\/06\/LDVA-veteransHome-reserve-puzzle02.webp\" data-width=\"1200\" data-height=\"806\" aria-label=\"Trois personnes jouent aux puzzles\" role=\"img\" ><\/div>\n\t\t\t\t\t\t\t\t\t\t\t\t\t\t<\/a>\n\t\t\t\t\t\t\t<a class=\"e-gallery-item elementor-gallery-item elementor-animated-content\" href=\"https:\/\/vetaffairs.la.gov\/wp-content\/uploads\/2025\/06\/LDVA-veteransHome-reserve-cards.webp\" data-elementor-open-lightbox=\"yes\" data-elementor-lightbox-slideshow=\"a1f3b1e\" data-e-action-hash=\"#elementor-action%3Aaction%3Dlightbox%26settings%3DeyJpZCI6NjA5NywidXJsIjoiaHR0cHM6XC9cL3ZldGFmZmFpcnMubGEuZ292XC93cC1jb250ZW50XC91cGxvYWRzXC8yMDI1XC8wNlwvTERWQS12ZXRlcmFuc0hvbWUtcmVzZXJ2ZS1jYXJkcy53ZWJwIiwic2xpZGVzaG93IjoiYTFmM2IxZSJ9\">\n\t\t\t\t\t<div class=\"e-gallery-image elementor-gallery-item__image\" data-thumbnail=\"https:\/\/vetaffairs.la.gov\/wp-content\/uploads\/2025\/06\/LDVA-veteransHome-reserve-cards.webp\" data-width=\"1200\" data-height=\"806\" aria-label=\"Des r\u00e9sidents v\u00e9t\u00e9rans jouent aux cartes\" role=\"img\" ><\/div>\n\t\t\t\t\t\t\t\t\t\t\t\t\t\t<\/a>\n\t\t\t\t\t\t\t<a class=\"e-gallery-item elementor-gallery-item elementor-animated-content\" href=\"https:\/\/vetaffairs.la.gov\/wp-content\/uploads\/2025\/06\/LDVA-veteransHome-reserve-shootingPool.webp\" data-elementor-open-lightbox=\"yes\" data-elementor-lightbox-slideshow=\"a1f3b1e\" data-e-action-hash=\"#elementor-action%3Aaction%3Dlightbox%26settings%3DeyJpZCI6NjEzNCwidXJsIjoiaHR0cHM6XC9cL3ZldGFmZmFpcnMubGEuZ292XC93cC1jb250ZW50XC91cGxvYWRzXC8yMDI1XC8wNlwvTERWQS12ZXRlcmFuc0hvbWUtcmVzZXJ2ZS1zaG9vdGluZ1Bvb2wud2VicCIsInNsaWRlc2hvdyI6ImExZjNiMWUifQ%3D%3D\">\n\t\t\t\t\t<div class=\"e-gallery-image elementor-gallery-item__image\" data-thumbnail=\"https:\/\/vetaffairs.la.gov\/wp-content\/uploads\/2025\/06\/LDVA-veteransHome-reserve-shootingPool.webp\" data-width=\"1200\" data-height=\"800\" aria-label=\"Un v\u00e9t\u00e9ran joue au billard\" role=\"img\" ><\/div>\n\t\t\t\t\t\t\t\t\t\t\t\t\t\t<\/a>\n\t\t\t\t\t<\/div>\n\t\t\t\t\t<\/div>\n\t\t\t\t<\/div>\n\t\t\t\t<div class=\"elementor-element elementor-element-be4536a intro elementor-widget elementor-widget-text-editor\" data-id=\"be4536a\" data-element_type=\"widget\" data-widget_type=\"text-editor.default\">\n\t\t\t\t<div class=\"elementor-widget-container\">\n\t\t\t\t\t\t\t\t\t<h2>Demande d&#039;admission<\/h2><p>Les anciens combattants de Louisiane ayant re\u00e7u une mention honorable, en temps de guerre comme en temps de paix, et ayant effectu\u00e9 90 jours de service actif\u00a0; les conjoints d\u2019anciens combattants\u00a0; et les parents d\u2019un soldat mort au combat (Gold Star) sont admissibles \u00e0 vivre dans un foyer pour anciens combattants. Les personnes int\u00e9ress\u00e9es peuvent\u2026 <a href=\"https:\/\/vetaffairs.la.gov\/wp-content\/uploads\/2026\/01\/2025VeteransHomesAdmissionsApplication.pdf\" target=\"_blank\" rel=\"noopener\">remplir une demande d&#039;admission<\/a> et soumettez-le \u00e0 notre responsable des admissions.<\/p>\t\t\t\t\t\t\t\t<\/div>\n\t\t\t\t<\/div>\n\t\t\t\t<div class=\"elementor-element elementor-element-34291c5 intro elementor-widget elementor-widget-text-editor\" data-id=\"34291c5\" data-element_type=\"widget\" data-widget_type=\"text-editor.default\">\n\t\t\t\t<div class=\"elementor-widget-container\">\n\t\t\t\t\t\t\t\t\t<h2>Comment aider<\/h2><p>Nous accueillons les b\u00e9n\u00e9voles qui souhaitent apporter leur aide aux centaines d&#039;anciens combattants qui appellent l&#039;un de nos centres. <a href=\"\/fr\/maisons\/\">nos foyers pour anciens combattants<\/a> Notre foyer pour anciens combattants leur offre un cadre de vie id\u00e9al. Ils appr\u00e9cient les activit\u00e9s propos\u00e9es, du bingo aux loisirs cr\u00e9atifs, et bien plus encore ! Particuliers et groupes peuvent organiser et\/ou animer des parties de bingo, apporter des boissons et des repas, ou encore amener leur animal de th\u00e9rapie. De plus, de nombreux \u00e9v\u00e9nements sont organis\u00e9s dans nos foyers tout au long de l&#039;ann\u00e9e, et les b\u00e9n\u00e9voles sont les bienvenus. Contactez-nous pour savoir comment vous pouvez nous aider.<\/p>\t\t\t\t\t\t\t\t<\/div>\n\t\t\t\t<\/div>\n\t\t\t\t<div class=\"elementor-element elementor-element-95bbbc3 intro elementor-widget elementor-widget-text-editor\" data-id=\"95bbbc3\" data-element_type=\"widget\" data-widget_type=\"text-editor.default\">\n\t\t\t\t<div class=\"elementor-widget-container\">\n\t\t\t\t\t\t\t\t\t<h2>Heures d&#039;ouverture<\/h2><p>Bureau : du lundi au vendredi, de 8 h \u00e0 16 h 30.<\/p>\t\t\t\t\t\t\t\t<\/div>\n\t\t\t\t<\/div>\n\t\t\t\t<div class=\"elementor-element elementor-element-3ff3a13 intro elementor-hidden-desktop elementor-hidden-tablet elementor-hidden-mobile elementor-widget elementor-widget-text-editor\" data-id=\"3ff3a13\" data-element_type=\"widget\" data-widget_type=\"text-editor.default\">\n\t\t\t\t<div class=\"elementor-widget-container\">\n\t\t\t\t\t\t\t\t\t<h2>Contactez-nous<\/h2><p>James K. Armes III, directeur<br \/>Mary Ann Conner, coordinatrice administrative<\/p><p>3348 University Parkway<br \/>Leesville, LA 71446<\/p><p><a href=\"tel:3372386405\">(337) 238-6405<\/a> bureau<br \/><a href=\"tel:3372386448\">(337) 238-6448<\/a> fax<br \/><a href=\"mailto:clvc@la.gov\">clvc@la.gov<\/a><\/p>\t\t\t\t\t\t\t\t<\/div>\n\t\t\t\t<\/div>\n\t\t\t\t<div class=\"elementor-element elementor-element-9904b46 elementor-view-stacked elementor-hidden-desktop elementor-hidden-tablet elementor-hidden-mobile elementor-shape-circle elementor-widget elementor-widget-icon\" data-id=\"9904b46\" data-element_type=\"widget\" data-widget_type=\"icon.default\">\n\t\t\t\t<div class=\"elementor-widget-container\">\n\t\t\t\t\t\t\t<div class=\"elementor-icon-wrapper\">\n\t\t\t<a class=\"elementor-icon elementor-animation-grow\" href=\"https:\/\/www.facebook.com\/NELVC.la.gov\" target=\"_blank\" rel=\"noopener\">\n\t\t\t<svg aria-hidden=\"true\" class=\"e-font-icon-svg e-fab-facebook-f\" viewbox=\"0 0 320 512\" xmlns=\"http:\/\/www.w3.org\/2000\/svg\"><path d=\"M279.14 288l14.22-92.66h-88.91v-60.13c0-25.35 12.42-50.06 52.24-50.06h40.42V6.26S260.43 0 225.36 0c-73.22 0-121.08 44.38-121.08 124.72v70.62H22.89V288h81.39v224h100.17V288z\"><\/path><\/svg>\t\t\t<\/a>\n\t\t<\/div>\n\t\t\t\t\t\t<\/div>\n\t\t\t\t<\/div>\n\t\t\t\t<div class=\"elementor-element elementor-element-ef58bc9 elementor-widget elementor-widget-heading\" data-id=\"ef58bc9\" data-element_type=\"widget\" data-widget_type=\"heading.default\">\n\t\t\t\t<div class=\"elementor-widget-container\">\n\t\t\t\t\t<h2 class=\"elementor-heading-title elementor-size-default\">Contactez-nous<\/h2>\t\t\t\t<\/div>\n\t\t\t\t<\/div>\n\t\t\t\t<div class=\"elementor-element elementor-element-23321aa intro elementor-widget elementor-widget-text-editor\" data-id=\"23321aa\" data-element_type=\"widget\" data-widget_type=\"text-editor.default\">\n\t\t\t\t<div class=\"elementor-widget-container\">\n\t\t\t\t\t\t\t\t\t<p>Brian Fremin, administrateur | <a href=\"mailto:brian.fremin@la.gov\">brian.fremin@la.gov<\/a><br \/>Charles \u201c Scott \u201d Conner, administrateur adjoint | <a href=\"mailto:charles.conner@la.gov\">charles.conner@la.gov<\/a><br \/>Andrea Schembre, Marketing | <a href=\"mailto:andrea.schembre@la.gov\">andrea.schembre@la.gov<\/a>\u00a0<br \/>Admissions | <a href=\"mailto:selvhadmissions@la.gov\">SELVHAdmissions@la.gov<\/a>\u00a0<\/p>\t\t\t\t\t\t\t\t<\/div>\n\t\t\t\t<\/div>\n\t\t\t\t<div class=\"elementor-element elementor-element-0e2d518 elementor-list-item-link-full_width elementor-widget elementor-widget-icon-list\" data-id=\"0e2d518\" data-element_type=\"widget\" data-widget_type=\"icon-list.default\">\n\t\t\t\t<div class=\"elementor-widget-container\">\n\t\t\t\t\t\t\t<ul class=\"elementor-icon-list-items\">\n\t\t\t\t\t\t\t<li class=\"elementor-icon-list-item\">\n\t\t\t\t\t\t\t\t\t\t\t<span class=\"elementor-icon-list-icon\">\n\t\t\t\t\t\t\t<svg aria-hidden=\"true\" class=\"e-font-icon-svg e-fas-map-marker-alt\" viewbox=\"0 0 384 512\" xmlns=\"http:\/\/www.w3.org\/2000\/svg\"><path d=\"M172.268 501.67C26.97 291.031 0 269.413 0 192 0 85.961 85.961 0 192 0s192 85.961 192 192c0 77.413-26.97 99.031-172.268 309.67-9.535 13.774-29.93 13.773-39.464 0zM192 272c44.183 0 80-35.817 80-80s-35.817-80-80-80-80 35.817-80 80 35.817 80 80 80z\"><\/path><\/svg>\t\t\t\t\t\t<\/span>\n\t\t\t\t\t\t\t\t\t\t<span class=\"elementor-icon-list-text\">4080 W. Airline Highway Reserve, LA 70084<\/span>\n\t\t\t\t\t\t\t\t\t<\/li>\n\t\t\t\t\t\t\t\t<li class=\"elementor-icon-list-item\">\n\t\t\t\t\t\t\t\t\t\t\t<span class=\"elementor-icon-list-icon\">\n\t\t\t\t\t\t\t<svg aria-hidden=\"true\" class=\"e-font-icon-svg e-fas-phone-alt\" viewbox=\"0 0 512 512\" xmlns=\"http:\/\/www.w3.org\/2000\/svg\"><path d=\"M497.39 361.8l-112-48a24 24 0 0 0-28 6.9l-49.6 60.6A370.66 370.66 0 0 1 130.6 204.11l60.6-49.6a23.94 23.94 0 0 0 6.9-28l-48-112A24.16 24.16 0 0 0 122.6.61l-104 24A24 24 0 0 0 0 48c0 256.5 207.9 464 464 464a24 24 0 0 0 23.4-18.6l24-104a24.29 24.29 0 0 0-14.01-27.6z\"><\/path><\/svg>\t\t\t\t\t\t<\/span>\n\t\t\t\t\t\t\t\t\t\t<span class=\"elementor-icon-list-text\"><a href=\"tel:9854794080\">(985) 479-4080<\/a><\/span>\n\t\t\t\t\t\t\t\t\t<\/li>\n\t\t\t\t\t\t\t\t<li class=\"elementor-icon-list-item\">\n\t\t\t\t\t\t\t\t\t\t\t<span class=\"elementor-icon-list-icon\">\n\t\t\t\t\t\t\t<svg aria-hidden=\"true\" class=\"e-font-icon-svg e-fas-fax\" viewbox=\"0 0 512 512\" xmlns=\"http:\/\/www.w3.org\/2000\/svg\"><path d=\"M480 160V77.25a32 32 0 0 0-9.38-22.63L425.37 9.37A32 32 0 0 0 402.75 0H160a32 32 0 0 0-32 32v448a32 32 0 0 0 32 32h320a32 32 0 0 0 32-32V192a32 32 0 0 0-32-32zM288 432a16 16 0 0 1-16 16h-32a16 16 0 0 1-16-16v-32a16 16 0 0 1 16-16h32a16 16 0 0 1 16 16zm0-128a16 16 0 0 1-16 16h-32a16 16 0 0 1-16-16v-32a16 16 0 0 1 16-16h32a16 16 0 0 1 16 16zm128 128a16 16 0 0 1-16 16h-32a16 16 0 0 1-16-16v-32a16 16 0 0 1 16-16h32a16 16 0 0 1 16 16zm0-128a16 16 0 0 1-16 16h-32a16 16 0 0 1-16-16v-32a16 16 0 0 1 16-16h32a16 16 0 0 1 16 16zm0-112H192V64h160v48a16 16 0 0 0 16 16h48zM64 128H32a32 32 0 0 0-32 32v320a32 32 0 0 0 32 32h32a32 32 0 0 0 32-32V160a32 32 0 0 0-32-32z\"><\/path><\/svg>\t\t\t\t\t\t<\/span>\n\t\t\t\t\t\t\t\t\t\t<span class=\"elementor-icon-list-text\"><a href=\"tel:9854794090\">(985) 479-4090<\/a><\/span>\n\t\t\t\t\t\t\t\t\t<\/li>\n\t\t\t\t\t\t<\/ul>\n\t\t\t\t\t\t<\/div>\n\t\t\t\t<\/div>\n\t\t\t\t<div class=\"elementor-element elementor-element-cf88a7c elementor-view-stacked elementor-shape-circle elementor-widget elementor-widget-icon\" data-id=\"cf88a7c\" data-element_type=\"widget\" data-widget_type=\"icon.default\">\n\t\t\t\t<div class=\"elementor-widget-container\">\n\t\t\t\t\t\t\t<div class=\"elementor-icon-wrapper\">\n\t\t\t<a class=\"elementor-icon elementor-animation-grow\" href=\"https:\/\/www.facebook.com\/SELVH.la.gov\" target=\"_blank\" rel=\"noopener\">\n\t\t\t<svg aria-hidden=\"true\" class=\"e-font-icon-svg e-fab-facebook-f\" viewbox=\"0 0 320 512\" xmlns=\"http:\/\/www.w3.org\/2000\/svg\"><path d=\"M279.14 288l14.22-92.66h-88.91v-60.13c0-25.35 12.42-50.06 52.24-50.06h40.42V6.26S260.43 0 225.36 0c-73.22 0-121.08 44.38-121.08 124.72v70.62H22.89V288h81.39v224h100.17V288z\"><\/path><\/svg>\t\t\t<\/a>\n\t\t<\/div>\n\t\t\t\t\t\t<\/div>\n\t\t\t\t<\/div>\n\t\t\t\t\t<\/div>\n\t\t\t\t<\/div>\n\t\t\t\t<\/div>","protected":false},"excerpt":{"rendered":"<p>Le foyer pour anciens combattants du sud-est de la Louisiane est situ\u00e9 \u00e0 Reserve, sur un terrain de 8 hectares, \u00e0 c\u00f4t\u00e9 de la clinique ambulatoire communautaire du d\u00e9partement des Anciens Combattants\u2026<\/p>","protected":false},"author":7,"featured_media":0,"parent":36,"menu_order":0,"comment_status":"closed","ping_status":"closed","template":"","meta":{"_acf_changed":false,"footnotes":"","_links_to":"","_links_to_target":""},"class_list":["post-67","page","type-page","status-publish","hentry"],"acf":[],"_links":{"self":[{"href":"https:\/\/vetaffairs.la.gov\/fr\/wp-json\/wp\/v2\/pages\/67","targetHints":{"allow":["GET"]}}],"collection":[{"href":"https:\/\/vetaffairs.la.gov\/fr\/wp-json\/wp\/v2\/pages"}],"about":[{"href":"https:\/\/vetaffairs.la.gov\/fr\/wp-json\/wp\/v2\/types\/page"}],"author":[{"embeddable":true,"href":"https:\/\/vetaffairs.la.gov\/fr\/wp-json\/wp\/v2\/users\/7"}],"replies":[{"embeddable":true,"href":"https:\/\/vetaffairs.la.gov\/fr\/wp-json\/wp\/v2\/comments?post=67"}],"version-history":[{"count":0,"href":"https:\/\/vetaffairs.la.gov\/fr\/wp-json\/wp\/v2\/pages\/67\/revisions"}],"up":[{"embeddable":true,"href":"https:\/\/vetaffairs.la.gov\/fr\/wp-json\/wp\/v2\/pages\/36"}],"wp:attachment":[{"href":"https:\/\/vetaffairs.la.gov\/fr\/wp-json\/wp\/v2\/media?parent=67"}],"curies":[{"name":"wp","href":"https:\/\/api.w.org\/{rel}","templated":true}]}}