{"id":65,"date":"2025-02-24T15:41:07","date_gmt":"2025-02-24T21:41:07","guid":{"rendered":"https:\/\/veteran-affairs-louisiana.local\/?page_id=65"},"modified":"2026-04-06T16:22:10","modified_gmt":"2026-04-06T21:22:10","slug":"maison-des-anciens-combattants-du-sud-ouest-de-la-louisiane","status":"publish","type":"page","link":"https:\/\/vetaffairs.la.gov\/fr\/homes\/southwest-louisiana-veterans-home","title":{"rendered":"Maison des anciens combattants du sud-ouest de la Louisiane"},"content":{"rendered":"<div data-elementor-type=\"wp-page\" data-elementor-id=\"65\" class=\"elementor elementor-65\" data-elementor-post-type=\"page\">\n\t\t\t\t<div class=\"elementor-element elementor-element-4d084ef e-flex e-con-boxed e-con e-parent\" data-id=\"4d084ef\" data-element_type=\"container\">\n\t\t\t\t\t<div class=\"e-con-inner\">\n\t\t\t\t<div class=\"elementor-element elementor-element-c21fef8 intro elementor-widget elementor-widget-text-editor\" data-id=\"c21fef8\" data-element_type=\"widget\" data-widget_type=\"text-editor.default\">\n\t\t\t\t<div class=\"elementor-widget-container\">\n\t\t\t\t\t\t\t\t\t<p>La Maison des anciens combattants du sud-ouest de la Louisiane est situ\u00e9e \u00e0 Jennings, sur un terrain de 8 hectares entre Lafayette et Lake Charles, \u00e0 proximit\u00e9 de l&#039;Interstate 10, dans la paroisse de Jefferson Davis. Cet \u00e9tablissement de 156 lits est le seul \u00e0 \u00eatre situ\u00e9 sur un terrain adjacent \u00e0 l&#039;un de nos cimeti\u00e8res militaires. Nombre de nos anciens combattants participent chaque semaine \u00e0 des \u00e9tudes bibliques et \u00e0 des offices religieux dans la chapelle orn\u00e9e de magnifiques vitraux. La salle d&#039;activit\u00e9s propose des jeux comme les dames, ainsi que des activit\u00e9s artistiques et manuelles. Devant la maison se trouve un \u00e9tang d&#039;environ 4 000 m\u00b2 o\u00f9 les r\u00e9sidents peuvent p\u00eacher, et un coin salon \u00e0 proximit\u00e9. Nos anciens combattants prennent \u00e9galement plaisir \u00e0 nourrir les oiseaux et les poissons et \u00e0 entretenir les plantes pour le plaisir de tous sur la terrasse arri\u00e8re.<\/p><p>La r\u00e9sidence est id\u00e9alement situ\u00e9e \u00e0 proximit\u00e9 des paroisses d&#039;Acadia, Allen, Beauregard, Calcasieu, Cameron, Evangeline, Grant, Iberia, Jefferson Davis, Lafayette, Rapides, St. Landry, St. Martin, Vermilion et Vernon. Les anciens combattants n&#039;ont pas besoin de r\u00e9sider dans ces paroisses pour \u00eatre admis \u00e0 la Maison des anciens combattants du sud-ouest de la Louisiane.<\/p>\t\t\t\t\t\t\t\t<\/div>\n\t\t\t\t<\/div>\n\t\t\t\t<div class=\"elementor-element elementor-element-a76ef65 photo-gallery elementor-widget elementor-widget-gallery\" data-id=\"a76ef65\" data-element_type=\"widget\" data-settings=\"{&quot;gallery_layout&quot;:&quot;masonry&quot;,&quot;columns&quot;:3,&quot;gap&quot;:{&quot;unit&quot;:&quot;px&quot;,&quot;size&quot;:15,&quot;sizes&quot;:[]},&quot;gap_tablet&quot;:{&quot;unit&quot;:&quot;px&quot;,&quot;size&quot;:15,&quot;sizes&quot;:[]},&quot;gap_mobile&quot;:{&quot;unit&quot;:&quot;px&quot;,&quot;size&quot;:15,&quot;sizes&quot;:[]},&quot;columns_tablet&quot;:3,&quot;lazyload&quot;:&quot;yes&quot;,&quot;columns_mobile&quot;:1,&quot;link_to&quot;:&quot;file&quot;,&quot;content_hover_animation&quot;:&quot;fade-in&quot;}\" data-widget_type=\"gallery.default\">\n\t\t\t\t<div class=\"elementor-widget-container\">\n\t\t\t\t\t\t\t<div class=\"elementor-gallery__container\">\n\t\t\t\t\t\t\t<a class=\"e-gallery-item elementor-gallery-item elementor-animated-content\" href=\"https:\/\/vetaffairs.la.gov\/wp-content\/uploads\/2025\/06\/LDVA-veteransHome-jennings-birdfeeder.webp\" data-elementor-open-lightbox=\"yes\" data-elementor-lightbox-slideshow=\"a76ef65\" data-e-action-hash=\"#elementor-action%3Aaction%3Dlightbox%26settings%3DeyJpZCI6NjEwMywidXJsIjoiaHR0cHM6XC9cL3ZldGFmZmFpcnMubGEuZ292XC93cC1jb250ZW50XC91cGxvYWRzXC8yMDI1XC8wNlwvTERWQS12ZXRlcmFuc0hvbWUtamVubmluZ3MtYmlyZGZlZWRlci53ZWJwIiwic2xpZGVzaG93IjoiYTc2ZWY2NSJ9\">\n\t\t\t\t\t<div class=\"e-gallery-image elementor-gallery-item__image\" data-thumbnail=\"https:\/\/vetaffairs.la.gov\/wp-content\/uploads\/2025\/06\/LDVA-veteransHome-jennings-birdfeeder.webp\" data-width=\"1200\" data-height=\"800\" aria-label=\"Deux v\u00e9t\u00e9rans installent une mangeoire \u00e0 oiseaux\" role=\"img\" ><\/div>\n\t\t\t\t\t\t\t\t\t\t\t\t\t\t<\/a>\n\t\t\t\t\t\t\t<a class=\"e-gallery-item elementor-gallery-item elementor-animated-content\" href=\"https:\/\/vetaffairs.la.gov\/wp-content\/uploads\/2025\/06\/LDVA-veteransHome-jennings-cafeteria.webp\" data-elementor-open-lightbox=\"yes\" data-elementor-lightbox-slideshow=\"a76ef65\" data-e-action-hash=\"#elementor-action%3Aaction%3Dlightbox%26settings%3DeyJpZCI6NjEwNCwidXJsIjoiaHR0cHM6XC9cL3ZldGFmZmFpcnMubGEuZ292XC93cC1jb250ZW50XC91cGxvYWRzXC8yMDI1XC8wNlwvTERWQS12ZXRlcmFuc0hvbWUtamVubmluZ3MtY2FmZXRlcmlhLndlYnAiLCJzbGlkZXNob3ciOiJhNzZlZjY1In0%3D\">\n\t\t\t\t\t<div class=\"e-gallery-image elementor-gallery-item__image\" data-thumbnail=\"https:\/\/vetaffairs.la.gov\/wp-content\/uploads\/2025\/06\/LDVA-veteransHome-jennings-cafeteria.webp\" data-width=\"1200\" data-height=\"800\" aria-label=\"Deux personnes mangeant \u00e0 la caf\u00e9t\u00e9ria\" role=\"img\" ><\/div>\n\t\t\t\t\t\t\t\t\t\t\t\t\t\t<\/a>\n\t\t\t\t\t\t\t<a class=\"e-gallery-item elementor-gallery-item elementor-animated-content\" href=\"https:\/\/vetaffairs.la.gov\/wp-content\/uploads\/2025\/06\/LDVA-veteransHome-jennings-checkers.webp\" data-elementor-open-lightbox=\"yes\" data-elementor-lightbox-slideshow=\"a76ef65\" data-e-action-hash=\"#elementor-action%3Aaction%3Dlightbox%26settings%3DeyJpZCI6NjEwNSwidXJsIjoiaHR0cHM6XC9cL3ZldGFmZmFpcnMubGEuZ292XC93cC1jb250ZW50XC91cGxvYWRzXC8yMDI1XC8wNlwvTERWQS12ZXRlcmFuc0hvbWUtamVubmluZ3MtY2hlY2tlcnMud2VicCIsInNsaWRlc2hvdyI6ImE3NmVmNjUifQ%3D%3D\">\n\t\t\t\t\t<div class=\"e-gallery-image elementor-gallery-item__image\" data-thumbnail=\"https:\/\/vetaffairs.la.gov\/wp-content\/uploads\/2025\/06\/LDVA-veteransHome-jennings-checkers.webp\" data-width=\"1200\" data-height=\"800\" aria-label=\"Des r\u00e9sidents jouent aux dames\" role=\"img\" ><\/div>\n\t\t\t\t\t\t\t\t\t\t\t\t\t\t<\/a>\n\t\t\t\t\t\t\t<a class=\"e-gallery-item elementor-gallery-item elementor-animated-content\" href=\"https:\/\/vetaffairs.la.gov\/wp-content\/uploads\/2025\/06\/LDVA-veteransHome-jennings-fishing.webp\" data-elementor-open-lightbox=\"yes\" data-elementor-lightbox-slideshow=\"a76ef65\" data-e-action-hash=\"#elementor-action%3Aaction%3Dlightbox%26settings%3DeyJpZCI6NjEwNywidXJsIjoiaHR0cHM6XC9cL3ZldGFmZmFpcnMubGEuZ292XC93cC1jb250ZW50XC91cGxvYWRzXC8yMDI1XC8wNlwvTERWQS12ZXRlcmFuc0hvbWUtamVubmluZ3MtZmlzaGluZy53ZWJwIiwic2xpZGVzaG93IjoiYTc2ZWY2NSJ9\">\n\t\t\t\t\t<div class=\"e-gallery-image elementor-gallery-item__image\" data-thumbnail=\"https:\/\/vetaffairs.la.gov\/wp-content\/uploads\/2025\/06\/LDVA-veteransHome-jennings-fishing.webp\" data-width=\"1200\" data-height=\"800\" aria-label=\"Des v\u00e9t\u00e9rans p\u00eachent sur la promenade.\" role=\"img\" ><\/div>\n\t\t\t\t\t\t\t\t\t\t\t\t\t\t<\/a>\n\t\t\t\t\t\t\t<a class=\"e-gallery-item elementor-gallery-item elementor-animated-content\" href=\"https:\/\/vetaffairs.la.gov\/wp-content\/uploads\/2025\/06\/LDVA-veteransHome-jennings-gardening.webp\" data-elementor-open-lightbox=\"yes\" data-elementor-lightbox-slideshow=\"a76ef65\" data-e-action-hash=\"#elementor-action%3Aaction%3Dlightbox%26settings%3DeyJpZCI6NjEwOCwidXJsIjoiaHR0cHM6XC9cL3ZldGFmZmFpcnMubGEuZ292XC93cC1jb250ZW50XC91cGxvYWRzXC8yMDI1XC8wNlwvTERWQS12ZXRlcmFuc0hvbWUtamVubmluZ3MtZ2FyZGVuaW5nLndlYnAiLCJzbGlkZXNob3ciOiJhNzZlZjY1In0%3D\">\n\t\t\t\t\t<div class=\"e-gallery-image elementor-gallery-item__image\" data-thumbnail=\"https:\/\/vetaffairs.la.gov\/wp-content\/uploads\/2025\/06\/LDVA-veteransHome-jennings-gardening.webp\" data-width=\"1200\" data-height=\"800\" aria-label=\"Deux v\u00e9t\u00e9rans jardinant\" role=\"img\" ><\/div>\n\t\t\t\t\t\t\t\t\t\t\t\t\t\t<\/a>\n\t\t\t\t\t\t\t<a class=\"e-gallery-item elementor-gallery-item elementor-animated-content\" href=\"https:\/\/vetaffairs.la.gov\/wp-content\/uploads\/2025\/06\/LDVA-veteransHome-jennings-poker.webp\" data-elementor-open-lightbox=\"yes\" data-elementor-lightbox-slideshow=\"a76ef65\" data-e-action-hash=\"#elementor-action%3Aaction%3Dlightbox%26settings%3DeyJpZCI6NjEwOSwidXJsIjoiaHR0cHM6XC9cL3ZldGFmZmFpcnMubGEuZ292XC93cC1jb250ZW50XC91cGxvYWRzXC8yMDI1XC8wNlwvTERWQS12ZXRlcmFuc0hvbWUtamVubmluZ3MtcG9rZXIud2VicCIsInNsaWRlc2hvdyI6ImE3NmVmNjUifQ%3D%3D\">\n\t\t\t\t\t<div class=\"e-gallery-image elementor-gallery-item__image\" data-thumbnail=\"https:\/\/vetaffairs.la.gov\/wp-content\/uploads\/2025\/06\/LDVA-veteransHome-jennings-poker.webp\" data-width=\"1200\" data-height=\"800\" aria-label=\"Des v\u00e9t\u00e9rans jouent au poker\" role=\"img\" ><\/div>\n\t\t\t\t\t\t\t\t\t\t\t\t\t\t<\/a>\n\t\t\t\t\t<\/div>\n\t\t\t\t\t<\/div>\n\t\t\t\t<\/div>\n\t\t\t\t<div class=\"elementor-element elementor-element-7ce4f43 intro elementor-widget elementor-widget-text-editor\" data-id=\"7ce4f43\" data-element_type=\"widget\" data-widget_type=\"text-editor.default\">\n\t\t\t\t<div class=\"elementor-widget-container\">\n\t\t\t\t\t\t\t\t\t<h2>Demande d&#039;admission<\/h2><p>Les anciens combattants de Louisiane ayant re\u00e7u une mention honorable, qu&#039;ils aient servi en temps de guerre ou en temps de paix, et ayant accompli au moins 90 jours de service actif\u00a0; les conjoints d&#039;anciens combattants\u00a0; et les parents d&#039;un soldat mort au combat (Gold Star) sont admissibles \u00e0 vivre dans un foyer pour anciens combattants. Les personnes int\u00e9ress\u00e9es peuvent\u2026 <a href=\"https:\/\/vetaffairs.la.gov\/wp-content\/uploads\/2026\/01\/2025VeteransHomesAdmissionsApplication.pdf\">remplir une demande d&#039;admission\u00a0<\/a>et soumettez-le \u00e0 notre responsable des admissions, ou contactez-nous pour obtenir de l&#039;aide.<\/p>\t\t\t\t\t\t\t\t<\/div>\n\t\t\t\t<\/div>\n\t\t\t\t<div class=\"elementor-element elementor-element-8a51d0a intro elementor-widget elementor-widget-text-editor\" data-id=\"8a51d0a\" data-element_type=\"widget\" data-widget_type=\"text-editor.default\">\n\t\t\t\t<div class=\"elementor-widget-container\">\n\t\t\t\t\t\t\t\t\t<h2>Comment aider<\/h2><p>Nous accueillons avec plaisir les b\u00e9n\u00e9voles qui souhaitent s&#039;investir aupr\u00e8s des centaines d&#039;anciens combattants qui r\u00e9sident dans l&#039;un de nos foyers. Nos r\u00e9sidents appr\u00e9cient les activit\u00e9s propos\u00e9es, du bingo aux loisirs cr\u00e9atifs, et bien plus encore ! Vous pouvez organiser et animer des parties de bingo, apporter des boissons et des repas, ou encore amener votre animal de th\u00e9rapie. De plus, de nombreux \u00e9v\u00e9nements sont organis\u00e9s tout au long de l&#039;ann\u00e9e et nous serions ravis d&#039;y accueillir des b\u00e9n\u00e9voles. Contactez-nous pour d\u00e9couvrir comment vous pouvez nous aider.<\/p>\t\t\t\t\t\t\t\t<\/div>\n\t\t\t\t<\/div>\n\t\t\t\t<div class=\"elementor-element elementor-element-2d14bfb intro elementor-widget elementor-widget-text-editor\" data-id=\"2d14bfb\" data-element_type=\"widget\" data-widget_type=\"text-editor.default\">\n\t\t\t\t<div class=\"elementor-widget-container\">\n\t\t\t\t\t\t\t\t\t<h2>Heures d&#039;ouverture<\/h2><p>Bureau : du lundi au vendredi, de 8 h \u00e0 16 h 30.<\/p><p>Si nous avons eu l&#039;honneur de prendre soin de votre proche, <a href=\"\/fr\/retour\/?service=Veteran Homes&amp;home=Southwest Louisiana Veterans Home - Jennings, LA\">Veuillez nous faire part de vos commentaires ici.<\/a>.<\/p>\t\t\t\t\t\t\t\t<\/div>\n\t\t\t\t<\/div>\n\t\t\t\t<div class=\"elementor-element elementor-element-059d5b4 intro elementor-hidden-desktop elementor-hidden-tablet elementor-hidden-mobile elementor-widget elementor-widget-text-editor\" data-id=\"059d5b4\" data-element_type=\"widget\" data-widget_type=\"text-editor.default\">\n\t\t\t\t<div class=\"elementor-widget-container\">\n\t\t\t\t\t\t\t\t\t<h2>Contactez-nous<\/h2><p>James K. Armes III, directeur<br \/>Mary Ann Conner, coordinatrice administrative<\/p><p>3348 University Parkway<br \/>Leesville, LA 71446<\/p><p><a href=\"tel:3372386405\">(337) 238-6405<\/a> bureau<br \/><a href=\"tel:3372386448\">(337) 238-6448<\/a> fax<br \/><a href=\"mailto:clvc@la.gov\">clvc@la.gov<\/a><\/p>\t\t\t\t\t\t\t\t<\/div>\n\t\t\t\t<\/div>\n\t\t\t\t<div class=\"elementor-element elementor-element-f95971a elementor-view-stacked elementor-hidden-desktop elementor-hidden-tablet elementor-hidden-mobile elementor-shape-circle elementor-widget elementor-widget-icon\" data-id=\"f95971a\" data-element_type=\"widget\" data-widget_type=\"icon.default\">\n\t\t\t\t<div class=\"elementor-widget-container\">\n\t\t\t\t\t\t\t<div class=\"elementor-icon-wrapper\">\n\t\t\t<a class=\"elementor-icon elementor-animation-grow\" href=\"https:\/\/www.facebook.com\/NELVC.la.gov\" target=\"_blank\" rel=\"noopener\">\n\t\t\t<svg aria-hidden=\"true\" class=\"e-font-icon-svg e-fab-facebook-f\" viewbox=\"0 0 320 512\" xmlns=\"http:\/\/www.w3.org\/2000\/svg\"><path d=\"M279.14 288l14.22-92.66h-88.91v-60.13c0-25.35 12.42-50.06 52.24-50.06h40.42V6.26S260.43 0 225.36 0c-73.22 0-121.08 44.38-121.08 124.72v70.62H22.89V288h81.39v224h100.17V288z\"><\/path><\/svg>\t\t\t<\/a>\n\t\t<\/div>\n\t\t\t\t\t\t<\/div>\n\t\t\t\t<\/div>\n\t\t\t\t<div class=\"elementor-element elementor-element-805832f elementor-widget elementor-widget-heading\" data-id=\"805832f\" data-element_type=\"widget\" data-widget_type=\"heading.default\">\n\t\t\t\t<div class=\"elementor-widget-container\">\n\t\t\t\t\t<h2 class=\"elementor-heading-title elementor-size-default\">Contactez-nous<\/h2>\t\t\t\t<\/div>\n\t\t\t\t<\/div>\n\t\t\t\t<div class=\"elementor-element elementor-element-4641207 intro elementor-widget elementor-widget-text-editor\" data-id=\"4641207\" data-element_type=\"widget\" data-widget_type=\"text-editor.default\">\n\t\t\t\t<div class=\"elementor-widget-container\">\n\t\t\t\t\t\t\t\t\t<p>Darla Price, administratrice | <a href=\"mailto:darla.price@la.gov\">darla.price@la.gov<\/a><br \/>Trisha Griffin, administratrice adjointe | <a href=\"mailto:trisha.griffin@la.gov\">trisha.griffin@la.gov<\/a><br \/>Lea Wise, Marketing | <a href=\"mailto:lea.wise@la.gov\">lea.wise@la.gov<\/a><br \/>Joni Frey, Admissions | <a href=\"mailto:joni.frey@la.gov\">joni.frey@la.gov<\/a><\/p>\t\t\t\t\t\t\t\t<\/div>\n\t\t\t\t<\/div>\n\t\t\t\t<div class=\"elementor-element elementor-element-bd550af elementor-list-item-link-full_width elementor-widget elementor-widget-icon-list\" data-id=\"bd550af\" data-element_type=\"widget\" data-widget_type=\"icon-list.default\">\n\t\t\t\t<div class=\"elementor-widget-container\">\n\t\t\t\t\t\t\t<ul class=\"elementor-icon-list-items\">\n\t\t\t\t\t\t\t<li class=\"elementor-icon-list-item\">\n\t\t\t\t\t\t\t\t\t\t\t<span class=\"elementor-icon-list-icon\">\n\t\t\t\t\t\t\t<svg aria-hidden=\"true\" class=\"e-font-icon-svg e-fas-map-marker-alt\" viewbox=\"0 0 384 512\" xmlns=\"http:\/\/www.w3.org\/2000\/svg\"><path d=\"M172.268 501.67C26.97 291.031 0 269.413 0 192 0 85.961 85.961 0 192 0s192 85.961 192 192c0 77.413-26.97 99.031-172.268 309.67-9.535 13.774-29.93 13.773-39.464 0zM192 272c44.183 0 80-35.817 80-80s-35.817-80-80-80-80 35.817-80 80 35.817 80 80 80z\"><\/path><\/svg>\t\t\t\t\t\t<\/span>\n\t\t\t\t\t\t\t\t\t\t<span class=\"elementor-icon-list-text\">1610 Evangeline Road, Jennings, LA 70546<\/span>\n\t\t\t\t\t\t\t\t\t<\/li>\n\t\t\t\t\t\t\t\t<li class=\"elementor-icon-list-item\">\n\t\t\t\t\t\t\t\t\t\t\t<span class=\"elementor-icon-list-icon\">\n\t\t\t\t\t\t\t<svg aria-hidden=\"true\" class=\"e-font-icon-svg e-fas-phone-alt\" viewbox=\"0 0 512 512\" xmlns=\"http:\/\/www.w3.org\/2000\/svg\"><path d=\"M497.39 361.8l-112-48a24 24 0 0 0-28 6.9l-49.6 60.6A370.66 370.66 0 0 1 130.6 204.11l60.6-49.6a23.94 23.94 0 0 0 6.9-28l-48-112A24.16 24.16 0 0 0 122.6.61l-104 24A24 24 0 0 0 0 48c0 256.5 207.9 464 464 464a24 24 0 0 0 23.4-18.6l24-104a24.29 24.29 0 0 0-14.01-27.6z\"><\/path><\/svg>\t\t\t\t\t\t<\/span>\n\t\t\t\t\t\t\t\t\t\t<span class=\"elementor-icon-list-text\"><a href=\"tel:3378242829\">(337) 824-2829<\/a><\/span>\n\t\t\t\t\t\t\t\t\t<\/li>\n\t\t\t\t\t\t\t\t<li class=\"elementor-icon-list-item\">\n\t\t\t\t\t\t\t\t\t\t\t<span class=\"elementor-icon-list-icon\">\n\t\t\t\t\t\t\t<svg aria-hidden=\"true\" class=\"e-font-icon-svg e-fas-fax\" viewbox=\"0 0 512 512\" xmlns=\"http:\/\/www.w3.org\/2000\/svg\"><path d=\"M480 160V77.25a32 32 0 0 0-9.38-22.63L425.37 9.37A32 32 0 0 0 402.75 0H160a32 32 0 0 0-32 32v448a32 32 0 0 0 32 32h320a32 32 0 0 0 32-32V192a32 32 0 0 0-32-32zM288 432a16 16 0 0 1-16 16h-32a16 16 0 0 1-16-16v-32a16 16 0 0 1 16-16h32a16 16 0 0 1 16 16zm0-128a16 16 0 0 1-16 16h-32a16 16 0 0 1-16-16v-32a16 16 0 0 1 16-16h32a16 16 0 0 1 16 16zm128 128a16 16 0 0 1-16 16h-32a16 16 0 0 1-16-16v-32a16 16 0 0 1 16-16h32a16 16 0 0 1 16 16zm0-128a16 16 0 0 1-16 16h-32a16 16 0 0 1-16-16v-32a16 16 0 0 1 16-16h32a16 16 0 0 1 16 16zm0-112H192V64h160v48a16 16 0 0 0 16 16h48zM64 128H32a32 32 0 0 0-32 32v320a32 32 0 0 0 32 32h32a32 32 0 0 0 32-32V160a32 32 0 0 0-32-32z\"><\/path><\/svg>\t\t\t\t\t\t<\/span>\n\t\t\t\t\t\t\t\t\t\t<span class=\"elementor-icon-list-text\"><a href=\"tel:3378242581\">(337) 824-2581<\/a><\/span>\n\t\t\t\t\t\t\t\t\t<\/li>\n\t\t\t\t\t\t<\/ul>\n\t\t\t\t\t\t<\/div>\n\t\t\t\t<\/div>\n\t\t\t\t<div class=\"elementor-element elementor-element-1a4159c elementor-view-stacked elementor-shape-circle elementor-widget elementor-widget-icon\" data-id=\"1a4159c\" data-element_type=\"widget\" data-widget_type=\"icon.default\">\n\t\t\t\t<div class=\"elementor-widget-container\">\n\t\t\t\t\t\t\t<div class=\"elementor-icon-wrapper\">\n\t\t\t<a class=\"elementor-icon elementor-animation-grow\" href=\"https:\/\/www.facebook.com\/SWLVH.la.gov\" target=\"_blank\" rel=\"noopener\">\n\t\t\t<svg aria-hidden=\"true\" class=\"e-font-icon-svg e-fab-facebook-f\" viewbox=\"0 0 320 512\" xmlns=\"http:\/\/www.w3.org\/2000\/svg\"><path d=\"M279.14 288l14.22-92.66h-88.91v-60.13c0-25.35 12.42-50.06 52.24-50.06h40.42V6.26S260.43 0 225.36 0c-73.22 0-121.08 44.38-121.08 124.72v70.62H22.89V288h81.39v224h100.17V288z\"><\/path><\/svg>\t\t\t<\/a>\n\t\t<\/div>\n\t\t\t\t\t\t<\/div>\n\t\t\t\t<\/div>\n\t\t\t\t\t<\/div>\n\t\t\t\t<\/div>\n\t\t\t\t<\/div>","protected":false},"excerpt":{"rendered":"<p>Le foyer pour anciens combattants du sud-ouest de la Louisiane est situ\u00e9 \u00e0 Jennings, sur un terrain de 8 hectares entre Lafayette et Lake Charles, juste \u00e0 c\u00f4t\u00e9 de\u2026<\/p>","protected":false},"author":7,"featured_media":0,"parent":36,"menu_order":0,"comment_status":"closed","ping_status":"closed","template":"","meta":{"_acf_changed":false,"footnotes":"","_links_to":"","_links_to_target":""},"class_list":["post-65","page","type-page","status-publish","hentry"],"acf":[],"_links":{"self":[{"href":"https:\/\/vetaffairs.la.gov\/fr\/wp-json\/wp\/v2\/pages\/65","targetHints":{"allow":["GET"]}}],"collection":[{"href":"https:\/\/vetaffairs.la.gov\/fr\/wp-json\/wp\/v2\/pages"}],"about":[{"href":"https:\/\/vetaffairs.la.gov\/fr\/wp-json\/wp\/v2\/types\/page"}],"author":[{"embeddable":true,"href":"https:\/\/vetaffairs.la.gov\/fr\/wp-json\/wp\/v2\/users\/7"}],"replies":[{"embeddable":true,"href":"https:\/\/vetaffairs.la.gov\/fr\/wp-json\/wp\/v2\/comments?post=65"}],"version-history":[{"count":0,"href":"https:\/\/vetaffairs.la.gov\/fr\/wp-json\/wp\/v2\/pages\/65\/revisions"}],"up":[{"embeddable":true,"href":"https:\/\/vetaffairs.la.gov\/fr\/wp-json\/wp\/v2\/pages\/36"}],"wp:attachment":[{"href":"https:\/\/vetaffairs.la.gov\/fr\/wp-json\/wp\/v2\/media?parent=65"}],"curies":[{"name":"wp","href":"https:\/\/api.w.org\/{rel}","templated":true}]}}