{"id":64,"date":"2025-02-24T15:40:54","date_gmt":"2025-02-24T21:40:54","guid":{"rendered":"https:\/\/veteran-affairs-louisiana.local\/?page_id=64"},"modified":"2026-04-06T16:07:54","modified_gmt":"2026-04-06T21:07:54","slug":"maison-de-retraite-pour-anciens-combattants-de-louisiane","status":"publish","type":"page","link":"https:\/\/vetaffairs.la.gov\/fr\/homes\/louisiana-veterans-home","title":{"rendered":"Maison des anciens combattants de Louisiane"},"content":{"rendered":"<div data-elementor-type=\"wp-page\" data-elementor-id=\"64\" class=\"elementor elementor-64\" data-elementor-post-type=\"page\">\n\t\t\t\t<div class=\"elementor-element elementor-element-c0416dc e-flex e-con-boxed e-con e-parent\" data-id=\"c0416dc\" data-element_type=\"container\">\n\t\t\t\t\t<div class=\"e-con-inner\">\n\t\t\t\t<div class=\"elementor-element elementor-element-ea8b860 intro elementor-widget elementor-widget-text-editor\" data-id=\"ea8b860\" data-element_type=\"widget\" data-widget_type=\"text-editor.default\">\n\t\t\t\t<div class=\"elementor-widget-container\">\n\t\t\t\t\t\t\t\t\t<p>La Maison des v\u00e9t\u00e9rans de Louisiane est situ\u00e9e dans les collines verdoyantes de la paroisse d&#039;East Feliciana, \u00e0 Jackson, en Louisiane. Cet \u00e9tablissement de 129 lits s&#039;\u00e9tend sur 33 hectares, offrant \u00e0 ses r\u00e9sidents une vue imprenable et une atmosph\u00e8re paisible. Les v\u00e9t\u00e9rans peuvent profiter du sentier de promenade, des nombreux espaces de d\u00e9tente couverts et p\u00eacher dans l&#039;\u00e9tang. \u00c0 l&#039;int\u00e9rieur, un large \u00e9ventail d&#039;activit\u00e9s est propos\u00e9, notamment le bingo, les arts plastiques et m\u00eame une partie de d\u00e9s l&#039;apr\u00e8s-midi dans le salon. Nous accueillons avec plaisir les visiteurs pour des \u00e9tudes bibliques, des chants, de la zooth\u00e9rapie et bien plus encore.<\/p><p>La r\u00e9sidence est id\u00e9alement situ\u00e9e \u00e0 proximit\u00e9 des paroisses d&#039;Avoyelles, Concordia, East Baton Rouge, East Feliciana, Iberville, Livingston, Pointe Coupee, St. Helena, West Baton Rouge et West Feliciana, ainsi que des comt\u00e9s d&#039;Adams, d&#039;Amite, de Pike et de Wilkinson. Les anciens combattants n&#039;ont pas besoin de r\u00e9sider dans ces paroisses pour \u00eatre admis \u00e0 la Maison des anciens combattants de Louisiane.<\/p>\t\t\t\t\t\t\t\t<\/div>\n\t\t\t\t<\/div>\n\t\t\t\t<div class=\"elementor-element elementor-element-f91f9da photo-gallery elementor-widget elementor-widget-gallery\" data-id=\"f91f9da\" data-element_type=\"widget\" data-settings=\"{&quot;gallery_layout&quot;:&quot;masonry&quot;,&quot;columns&quot;:3,&quot;gap&quot;:{&quot;unit&quot;:&quot;px&quot;,&quot;size&quot;:15,&quot;sizes&quot;:[]},&quot;gap_tablet&quot;:{&quot;unit&quot;:&quot;px&quot;,&quot;size&quot;:15,&quot;sizes&quot;:[]},&quot;gap_mobile&quot;:{&quot;unit&quot;:&quot;px&quot;,&quot;size&quot;:15,&quot;sizes&quot;:[]},&quot;columns_tablet&quot;:3,&quot;lazyload&quot;:&quot;yes&quot;,&quot;columns_mobile&quot;:1,&quot;link_to&quot;:&quot;file&quot;,&quot;content_hover_animation&quot;:&quot;fade-in&quot;}\" data-widget_type=\"gallery.default\">\n\t\t\t\t<div class=\"elementor-widget-container\">\n\t\t\t\t\t\t\t<div class=\"elementor-gallery__container\">\n\t\t\t\t\t\t\t<a class=\"e-gallery-item elementor-gallery-item elementor-animated-content\" href=\"https:\/\/vetaffairs.la.gov\/wp-content\/uploads\/2025\/06\/LDVA-veteransHome-jackson-gazebo.webp\" data-elementor-open-lightbox=\"yes\" data-elementor-lightbox-slideshow=\"f91f9da\" data-e-action-hash=\"#elementor-action%3Aaction%3Dlightbox%26settings%3DeyJpZCI6NjA3OSwidXJsIjoiaHR0cHM6XC9cL3ZldGFmZmFpcnMubGEuZ292XC93cC1jb250ZW50XC91cGxvYWRzXC8yMDI1XC8wNlwvTERWQS12ZXRlcmFuc0hvbWUtamFja3Nvbi1nYXplYm8ud2VicCIsInNsaWRlc2hvdyI6ImY5MWY5ZGEifQ%3D%3D\">\n\t\t\t\t\t<div class=\"e-gallery-image elementor-gallery-item__image\" data-thumbnail=\"https:\/\/vetaffairs.la.gov\/wp-content\/uploads\/2025\/06\/LDVA-veteransHome-jackson-gazebo.webp\" data-width=\"1200\" data-height=\"801\" aria-label=\"Des personnes assises aux tables dans un espace couvert\" role=\"img\" ><\/div>\n\t\t\t\t\t\t\t\t\t\t\t\t\t\t<\/a>\n\t\t\t\t\t\t\t<a class=\"e-gallery-item elementor-gallery-item elementor-animated-content\" href=\"https:\/\/vetaffairs.la.gov\/wp-content\/uploads\/2025\/06\/LDVA-veteransHome-jackson-parkStroll-front.webp\" data-elementor-open-lightbox=\"yes\" data-elementor-lightbox-slideshow=\"f91f9da\" data-e-action-hash=\"#elementor-action%3Aaction%3Dlightbox%26settings%3DeyJpZCI6NjA3NywidXJsIjoiaHR0cHM6XC9cL3ZldGFmZmFpcnMubGEuZ292XC93cC1jb250ZW50XC91cGxvYWRzXC8yMDI1XC8wNlwvTERWQS12ZXRlcmFuc0hvbWUtamFja3Nvbi1wYXJrU3Ryb2xsLWZyb250LndlYnAiLCJzbGlkZXNob3ciOiJmOTFmOWRhIn0%3D\">\n\t\t\t\t\t<div class=\"e-gallery-image elementor-gallery-item__image\" data-thumbnail=\"https:\/\/vetaffairs.la.gov\/wp-content\/uploads\/2025\/06\/LDVA-veteransHome-jackson-parkStroll-front.webp\" data-width=\"1200\" data-height=\"800\" aria-label=\"Un homme et une femme se prom\u00e8nent dans un parc\" role=\"img\" ><\/div>\n\t\t\t\t\t\t\t\t\t\t\t\t\t\t<\/a>\n\t\t\t\t\t\t\t<a class=\"e-gallery-item elementor-gallery-item elementor-animated-content\" href=\"https:\/\/vetaffairs.la.gov\/wp-content\/uploads\/2025\/06\/LDVA-veteransHome-jackson-dice.webp\" data-elementor-open-lightbox=\"yes\" data-elementor-lightbox-slideshow=\"f91f9da\" data-e-action-hash=\"#elementor-action%3Aaction%3Dlightbox%26settings%3DeyJpZCI6NjA4MSwidXJsIjoiaHR0cHM6XC9cL3ZldGFmZmFpcnMubGEuZ292XC93cC1jb250ZW50XC91cGxvYWRzXC8yMDI1XC8wNlwvTERWQS12ZXRlcmFuc0hvbWUtamFja3Nvbi1kaWNlLndlYnAiLCJzbGlkZXNob3ciOiJmOTFmOWRhIn0%3D\">\n\t\t\t\t\t<div class=\"e-gallery-image elementor-gallery-item__image\" data-thumbnail=\"https:\/\/vetaffairs.la.gov\/wp-content\/uploads\/2025\/06\/LDVA-veteransHome-jackson-dice.webp\" data-width=\"1200\" data-height=\"800\" aria-label=\"Des hommes jouant aux d\u00e9s\" role=\"img\" ><\/div>\n\t\t\t\t\t\t\t\t\t\t\t\t\t\t<\/a>\n\t\t\t\t\t\t\t<a class=\"e-gallery-item elementor-gallery-item elementor-animated-content\" href=\"https:\/\/vetaffairs.la.gov\/wp-content\/uploads\/2025\/06\/LDVA-veteransHome-jackson-therapyDog.webp\" data-elementor-open-lightbox=\"yes\" data-elementor-lightbox-slideshow=\"f91f9da\" data-e-action-hash=\"#elementor-action%3Aaction%3Dlightbox%26settings%3DeyJpZCI6NjA3OCwidXJsIjoiaHR0cHM6XC9cL3ZldGFmZmFpcnMubGEuZ292XC93cC1jb250ZW50XC91cGxvYWRzXC8yMDI1XC8wNlwvTERWQS12ZXRlcmFuc0hvbWUtamFja3Nvbi10aGVyYXB5RG9nLndlYnAiLCJzbGlkZXNob3ciOiJmOTFmOWRhIn0%3D\">\n\t\t\t\t\t<div class=\"e-gallery-image elementor-gallery-item__image\" data-thumbnail=\"https:\/\/vetaffairs.la.gov\/wp-content\/uploads\/2025\/06\/LDVA-veteransHome-jackson-therapyDog.webp\" data-width=\"1200\" data-height=\"800\" aria-label=\"Un homme caresse un chien de th\u00e9rapie\" role=\"img\" ><\/div>\n\t\t\t\t\t\t\t\t\t\t\t\t\t\t<\/a>\n\t\t\t\t\t\t\t<a class=\"e-gallery-item elementor-gallery-item elementor-animated-content\" href=\"https:\/\/vetaffairs.la.gov\/wp-content\/uploads\/2025\/06\/LDVA-veteransHome-jackson-tank.webp\" data-elementor-open-lightbox=\"yes\" data-elementor-lightbox-slideshow=\"f91f9da\" data-e-action-hash=\"#elementor-action%3Aaction%3Dlightbox%26settings%3DeyJpZCI6NjA4MCwidXJsIjoiaHR0cHM6XC9cL3ZldGFmZmFpcnMubGEuZ292XC93cC1jb250ZW50XC91cGxvYWRzXC8yMDI1XC8wNlwvTERWQS12ZXRlcmFuc0hvbWUtamFja3Nvbi10YW5rLndlYnAiLCJzbGlkZXNob3ciOiJmOTFmOWRhIn0%3D\">\n\t\t\t\t\t<div class=\"e-gallery-image elementor-gallery-item__image\" data-thumbnail=\"https:\/\/vetaffairs.la.gov\/wp-content\/uploads\/2025\/06\/LDVA-veteransHome-jackson-tank.webp\" data-width=\"1200\" data-height=\"800\" aria-label=\"R\u00e9servoir vert positionn\u00e9 dans le champ\" role=\"img\" ><\/div>\n\t\t\t\t\t\t\t\t\t\t\t\t\t\t<\/a>\n\t\t\t\t\t\t\t<a class=\"e-gallery-item elementor-gallery-item elementor-animated-content\" href=\"https:\/\/vetaffairs.la.gov\/wp-content\/uploads\/2025\/06\/LDVA-veteransHome-jackson-dock.webp\" data-elementor-open-lightbox=\"yes\" data-elementor-lightbox-slideshow=\"f91f9da\" data-e-action-hash=\"#elementor-action%3Aaction%3Dlightbox%26settings%3DeyJpZCI6NjA4MiwidXJsIjoiaHR0cHM6XC9cL3ZldGFmZmFpcnMubGEuZ292XC93cC1jb250ZW50XC91cGxvYWRzXC8yMDI1XC8wNlwvTERWQS12ZXRlcmFuc0hvbWUtamFja3Nvbi1kb2NrLndlYnAiLCJzbGlkZXNob3ciOiJmOTFmOWRhIn0%3D\">\n\t\t\t\t\t<div class=\"e-gallery-image elementor-gallery-item__image\" data-thumbnail=\"https:\/\/vetaffairs.la.gov\/wp-content\/uploads\/2025\/06\/LDVA-veteransHome-jackson-dock.webp\" data-width=\"1200\" data-height=\"800\" aria-label=\"Deux personnes sur la promenade, regardant vers l&#039;\u00e9tang\" role=\"img\" ><\/div>\n\t\t\t\t\t\t\t\t\t\t\t\t\t\t<\/a>\n\t\t\t\t\t<\/div>\n\t\t\t\t\t<\/div>\n\t\t\t\t<\/div>\n\t\t\t\t<div class=\"elementor-element elementor-element-555c948 intro elementor-widget elementor-widget-text-editor\" data-id=\"555c948\" data-element_type=\"widget\" data-widget_type=\"text-editor.default\">\n\t\t\t\t<div class=\"elementor-widget-container\">\n\t\t\t\t\t\t\t\t\t<h2>Demande d&#039;admission<\/h2><p>Les anciens combattants de Louisiane ayant re\u00e7u une mention honorable, qu&#039;ils aient servi en temps de guerre ou en temps de paix, et ayant accompli au moins 90 jours de service actif\u00a0; les conjoints d&#039;anciens combattants\u00a0; et les parents d&#039;un soldat mort au combat (Gold Star) sont admissibles \u00e0 vivre dans un foyer pour anciens combattants. Les personnes int\u00e9ress\u00e9es peuvent\u2026 <a href=\"https:\/\/vetaffairs.la.gov\/wp-content\/uploads\/2026\/01\/2025VeteransHomesAdmissionsApplication.pdf\">remplir une demande d&#039;admission\u00a0<\/a>et soumettez-le \u00e0 notre responsable des admissions, ou contactez-nous pour obtenir de l&#039;aide.<\/p>\t\t\t\t\t\t\t\t<\/div>\n\t\t\t\t<\/div>\n\t\t\t\t<div class=\"elementor-element elementor-element-43466fd intro elementor-widget elementor-widget-text-editor\" data-id=\"43466fd\" data-element_type=\"widget\" data-widget_type=\"text-editor.default\">\n\t\t\t\t<div class=\"elementor-widget-container\">\n\t\t\t\t\t\t\t\t\t<h2>Comment aider<\/h2><p>Nous accueillons avec plaisir les b\u00e9n\u00e9voles qui souhaitent s&#039;investir aupr\u00e8s des centaines d&#039;anciens combattants qui r\u00e9sident dans l&#039;un de nos foyers. Nos r\u00e9sidents appr\u00e9cient les activit\u00e9s propos\u00e9es, du bingo aux loisirs cr\u00e9atifs, et bien plus encore ! Vous pouvez organiser et animer des parties de bingo, apporter des boissons et des repas, ou encore amener votre animal de th\u00e9rapie. De plus, de nombreux \u00e9v\u00e9nements sont organis\u00e9s tout au long de l&#039;ann\u00e9e et nous serions ravis d&#039;y accueillir des b\u00e9n\u00e9voles. Contactez-nous pour d\u00e9couvrir comment vous pouvez nous aider.<\/p>\t\t\t\t\t\t\t\t<\/div>\n\t\t\t\t<\/div>\n\t\t\t\t<div class=\"elementor-element elementor-element-5af886f intro elementor-widget elementor-widget-text-editor\" data-id=\"5af886f\" data-element_type=\"widget\" data-widget_type=\"text-editor.default\">\n\t\t\t\t<div class=\"elementor-widget-container\">\n\t\t\t\t\t\t\t\t\t<h2>Heures d&#039;ouverture<\/h2><p>Bureau : du lundi au vendredi, de 8 h \u00e0 16 h 30.<\/p><p>Si nous avons eu l&#039;honneur de prendre soin de votre proche, <a href=\"\/fr\/retour\/?service=Veteran%20Homes&amp;home=Louisiana Veterans Home - Jackson, LA\">Veuillez nous faire part de vos commentaires ici.<\/a>.<\/p>\t\t\t\t\t\t\t\t<\/div>\n\t\t\t\t<\/div>\n\t\t\t\t<div class=\"elementor-element elementor-element-ea44df2 intro elementor-hidden-desktop elementor-hidden-tablet elementor-hidden-mobile elementor-widget elementor-widget-text-editor\" data-id=\"ea44df2\" data-element_type=\"widget\" data-widget_type=\"text-editor.default\">\n\t\t\t\t<div class=\"elementor-widget-container\">\n\t\t\t\t\t\t\t\t\t<h2>Contactez-nous<\/h2><p>James K. Armes III, directeur<br \/>Mary Ann Conner, coordinatrice administrative<\/p><p>3348 University Parkway<br \/>Leesville, LA 71446<\/p><p><a href=\"tel:3372386405\">(337) 238-6405<\/a> bureau<br \/><a href=\"tel:3372386448\">(337) 238-6448<\/a> fax<br \/><a href=\"mailto:clvc@la.gov\">clvc@la.gov<\/a><\/p>\t\t\t\t\t\t\t\t<\/div>\n\t\t\t\t<\/div>\n\t\t\t\t<div class=\"elementor-element elementor-element-a9775c3 elementor-view-stacked elementor-hidden-desktop elementor-hidden-tablet elementor-hidden-mobile elementor-shape-circle elementor-widget elementor-widget-icon\" data-id=\"a9775c3\" data-element_type=\"widget\" data-widget_type=\"icon.default\">\n\t\t\t\t<div class=\"elementor-widget-container\">\n\t\t\t\t\t\t\t<div class=\"elementor-icon-wrapper\">\n\t\t\t<a class=\"elementor-icon elementor-animation-grow\" href=\"https:\/\/www.facebook.com\/NELVC.la.gov\" target=\"_blank\" rel=\"noopener\">\n\t\t\t<svg aria-hidden=\"true\" class=\"e-font-icon-svg e-fab-facebook-f\" viewbox=\"0 0 320 512\" xmlns=\"http:\/\/www.w3.org\/2000\/svg\"><path d=\"M279.14 288l14.22-92.66h-88.91v-60.13c0-25.35 12.42-50.06 52.24-50.06h40.42V6.26S260.43 0 225.36 0c-73.22 0-121.08 44.38-121.08 124.72v70.62H22.89V288h81.39v224h100.17V288z\"><\/path><\/svg>\t\t\t<\/a>\n\t\t<\/div>\n\t\t\t\t\t\t<\/div>\n\t\t\t\t<\/div>\n\t\t\t\t<div class=\"elementor-element elementor-element-0448c28 elementor-widget elementor-widget-heading\" data-id=\"0448c28\" data-element_type=\"widget\" data-widget_type=\"heading.default\">\n\t\t\t\t<div class=\"elementor-widget-container\">\n\t\t\t\t\t<h2 class=\"elementor-heading-title elementor-size-default\">Contactez-nous<\/h2>\t\t\t\t<\/div>\n\t\t\t\t<\/div>\n\t\t\t\t<div class=\"elementor-element elementor-element-32c6e53 intro elementor-widget elementor-widget-text-editor\" data-id=\"32c6e53\" data-element_type=\"widget\" data-widget_type=\"text-editor.default\">\n\t\t\t\t<div class=\"elementor-widget-container\">\n\t\t\t\t\t\t\t\t\t<p>Ashlyn Hilburn, administratrice | <a href=\"mailto:ashlyn.hilburn@la.gov\">ashlyn.hilburn@la.gov<\/a><br \/>Gus Freche, administrateur adjoint | <a href=\"mailto:gus.freche@la.gov\">gus.freche@la.gov<\/a><br \/>Teresa Sutton, Marketing | <a href=\"mailto:teresa.sutton@la.gov\">teresa.sutton@la.gov<\/a><br \/>Daphne Reado, Admissions | <a href=\"mailto:daphne.reado@la.gov\">daphne.reado@la.gov<\/a><\/p>\t\t\t\t\t\t\t\t<\/div>\n\t\t\t\t<\/div>\n\t\t\t\t<div class=\"elementor-element elementor-element-d3b513c elementor-list-item-link-full_width elementor-widget elementor-widget-icon-list\" data-id=\"d3b513c\" data-element_type=\"widget\" data-widget_type=\"icon-list.default\">\n\t\t\t\t<div class=\"elementor-widget-container\">\n\t\t\t\t\t\t\t<ul class=\"elementor-icon-list-items\">\n\t\t\t\t\t\t\t<li class=\"elementor-icon-list-item\">\n\t\t\t\t\t\t\t\t\t\t\t<span class=\"elementor-icon-list-icon\">\n\t\t\t\t\t\t\t<svg aria-hidden=\"true\" class=\"e-font-icon-svg e-fas-map-marker-alt\" viewbox=\"0 0 384 512\" xmlns=\"http:\/\/www.w3.org\/2000\/svg\"><path d=\"M172.268 501.67C26.97 291.031 0 269.413 0 192 0 85.961 85.961 0 192 0s192 85.961 192 192c0 77.413-26.97 99.031-172.268 309.67-9.535 13.774-29.93 13.773-39.464 0zM192 272c44.183 0 80-35.817 80-80s-35.817-80-80-80-80 35.817-80 80 35.817 80 80 80z\"><\/path><\/svg>\t\t\t\t\t\t<\/span>\n\t\t\t\t\t\t\t\t\t\t<span class=\"elementor-icon-list-text\">4739, route 10, Jackson, LA 70748<\/span>\n\t\t\t\t\t\t\t\t\t<\/li>\n\t\t\t\t\t\t\t\t<li class=\"elementor-icon-list-item\">\n\t\t\t\t\t\t\t\t\t\t\t<span class=\"elementor-icon-list-icon\">\n\t\t\t\t\t\t\t<svg aria-hidden=\"true\" class=\"e-font-icon-svg e-fas-phone-alt\" viewbox=\"0 0 512 512\" xmlns=\"http:\/\/www.w3.org\/2000\/svg\"><path d=\"M497.39 361.8l-112-48a24 24 0 0 0-28 6.9l-49.6 60.6A370.66 370.66 0 0 1 130.6 204.11l60.6-49.6a23.94 23.94 0 0 0 6.9-28l-48-112A24.16 24.16 0 0 0 122.6.61l-104 24A24 24 0 0 0 0 48c0 256.5 207.9 464 464 464a24 24 0 0 0 23.4-18.6l24-104a24.29 24.29 0 0 0-14.01-27.6z\"><\/path><\/svg>\t\t\t\t\t\t<\/span>\n\t\t\t\t\t\t\t\t\t\t<span class=\"elementor-icon-list-text\"><a href=\"tel:2256345265\">(225) 634-5265<\/a><\/span>\n\t\t\t\t\t\t\t\t\t<\/li>\n\t\t\t\t\t\t\t\t<li class=\"elementor-icon-list-item\">\n\t\t\t\t\t\t\t\t\t\t\t<span class=\"elementor-icon-list-icon\">\n\t\t\t\t\t\t\t<svg aria-hidden=\"true\" class=\"e-font-icon-svg e-fas-fax\" viewbox=\"0 0 512 512\" xmlns=\"http:\/\/www.w3.org\/2000\/svg\"><path d=\"M480 160V77.25a32 32 0 0 0-9.38-22.63L425.37 9.37A32 32 0 0 0 402.75 0H160a32 32 0 0 0-32 32v448a32 32 0 0 0 32 32h320a32 32 0 0 0 32-32V192a32 32 0 0 0-32-32zM288 432a16 16 0 0 1-16 16h-32a16 16 0 0 1-16-16v-32a16 16 0 0 1 16-16h32a16 16 0 0 1 16 16zm0-128a16 16 0 0 1-16 16h-32a16 16 0 0 1-16-16v-32a16 16 0 0 1 16-16h32a16 16 0 0 1 16 16zm128 128a16 16 0 0 1-16 16h-32a16 16 0 0 1-16-16v-32a16 16 0 0 1 16-16h32a16 16 0 0 1 16 16zm0-128a16 16 0 0 1-16 16h-32a16 16 0 0 1-16-16v-32a16 16 0 0 1 16-16h32a16 16 0 0 1 16 16zm0-112H192V64h160v48a16 16 0 0 0 16 16h48zM64 128H32a32 32 0 0 0-32 32v320a32 32 0 0 0 32 32h32a32 32 0 0 0 32-32V160a32 32 0 0 0-32-32z\"><\/path><\/svg>\t\t\t\t\t\t<\/span>\n\t\t\t\t\t\t\t\t\t\t<span class=\"elementor-icon-list-text\"><a href=\"tel:2256344057\">(225) 634-4057<\/a><\/span>\n\t\t\t\t\t\t\t\t\t<\/li>\n\t\t\t\t\t\t<\/ul>\n\t\t\t\t\t\t<\/div>\n\t\t\t\t<\/div>\n\t\t\t\t<div class=\"elementor-element elementor-element-e292f80 elementor-view-stacked elementor-shape-circle elementor-widget elementor-widget-icon\" data-id=\"e292f80\" data-element_type=\"widget\" data-widget_type=\"icon.default\">\n\t\t\t\t<div class=\"elementor-widget-container\">\n\t\t\t\t\t\t\t<div class=\"elementor-icon-wrapper\">\n\t\t\t<a class=\"elementor-icon elementor-animation-grow\" href=\"https:\/\/www.facebook.com\/LVH.la.gov\" target=\"_blank\" rel=\"noopener\">\n\t\t\t<svg aria-hidden=\"true\" class=\"e-font-icon-svg e-fab-facebook-f\" viewbox=\"0 0 320 512\" xmlns=\"http:\/\/www.w3.org\/2000\/svg\"><path d=\"M279.14 288l14.22-92.66h-88.91v-60.13c0-25.35 12.42-50.06 52.24-50.06h40.42V6.26S260.43 0 225.36 0c-73.22 0-121.08 44.38-121.08 124.72v70.62H22.89V288h81.39v224h100.17V288z\"><\/path><\/svg>\t\t\t<\/a>\n\t\t<\/div>\n\t\t\t\t\t\t<\/div>\n\t\t\t\t<\/div>\n\t\t\t\t\t<\/div>\n\t\t\t\t<\/div>\n\t\t\t\t<\/div>","protected":false},"excerpt":{"rendered":"<p>The Louisiana Veterans Home is located in the rolling hills of East Feliciana Parish in Jackson, La. The 129-bed home&#8230;<\/p>","protected":false},"author":7,"featured_media":0,"parent":36,"menu_order":0,"comment_status":"closed","ping_status":"closed","template":"","meta":{"_acf_changed":false,"footnotes":"","_links_to":"","_links_to_target":""},"class_list":["post-64","page","type-page","status-publish","hentry"],"acf":[],"_links":{"self":[{"href":"https:\/\/vetaffairs.la.gov\/fr\/wp-json\/wp\/v2\/pages\/64","targetHints":{"allow":["GET"]}}],"collection":[{"href":"https:\/\/vetaffairs.la.gov\/fr\/wp-json\/wp\/v2\/pages"}],"about":[{"href":"https:\/\/vetaffairs.la.gov\/fr\/wp-json\/wp\/v2\/types\/page"}],"author":[{"embeddable":true,"href":"https:\/\/vetaffairs.la.gov\/fr\/wp-json\/wp\/v2\/users\/7"}],"replies":[{"embeddable":true,"href":"https:\/\/vetaffairs.la.gov\/fr\/wp-json\/wp\/v2\/comments?post=64"}],"version-history":[{"count":0,"href":"https:\/\/vetaffairs.la.gov\/fr\/wp-json\/wp\/v2\/pages\/64\/revisions"}],"up":[{"embeddable":true,"href":"https:\/\/vetaffairs.la.gov\/fr\/wp-json\/wp\/v2\/pages\/36"}],"wp:attachment":[{"href":"https:\/\/vetaffairs.la.gov\/fr\/wp-json\/wp\/v2\/media?parent=64"}],"curies":[{"name":"wp","href":"https:\/\/api.w.org\/{rel}","templated":true}]}}