{"id":61,"date":"2025-02-24T15:38:19","date_gmt":"2025-02-24T21:38:19","guid":{"rendered":"https:\/\/veteran-affairs-louisiana.local\/?page_id=61"},"modified":"2026-04-06T16:16:18","modified_gmt":"2026-04-06T21:16:18","slug":"federal","status":"publish","type":"page","link":"https:\/\/vetaffairs.la.gov\/fr\/benefits\/federal","title":{"rendered":"Prestations f\u00e9d\u00e9rales"},"content":{"rendered":"<div data-elementor-type=\"wp-page\" data-elementor-id=\"61\" class=\"elementor elementor-61\" data-elementor-post-type=\"page\">\n\t\t\t\t<div class=\"elementor-element elementor-element-b064650 e-flex e-con-boxed e-con e-parent\" data-id=\"b064650\" data-element_type=\"container\">\n\t\t\t\t\t<div class=\"e-con-inner\">\n\t\t\t\t<div class=\"elementor-element elementor-element-3a4931f intro elementor-widget elementor-widget-text-editor\" data-id=\"3a4931f\" data-element_type=\"widget\" data-widget_type=\"text-editor.default\">\n\t\t\t\t<div class=\"elementor-widget-container\">\n\t\t\t\t\t\t\t\t\t<p>Selon les <a href=\"https:\/\/www.va.gov\/\" target=\"_blank\" rel=\"noopener\">D\u00e9partement des affaires des anciens combattants des \u00c9tats-Unis<\/a>, La Louisiane compte plus de 261\u00a0000 anciens combattants et leurs familles. Bien que les r\u00f4les du D\u00e9partement f\u00e9d\u00e9ral des affaires des anciens combattants (VA) et du D\u00e9partement des affaires des anciens combattants de la Louisiane (LDVA) diff\u00e8rent, leur mission de servir ceux qui ont servi demeure la m\u00eame.<\/p><p>Tous les avantages, f\u00e9d\u00e9raux et \u00e9tatiques, sont accessibles par l&#039;interm\u00e9diaire de l&#039;un de nos conseillers en assistance aux anciens combattants (VAC) agr\u00e9\u00e9s par le D\u00e9partement des affaires des anciens combattants (VA). Nos VAC offrent tous les services, y compris le d\u00e9p\u00f4t des demandes d&#039;indemnisation aupr\u00e8s du VA, et ce, gratuitement.<\/p><p>Les anciens combattants peuvent trouver plus d&#039;informations sur les prestations f\u00e9d\u00e9rales suppl\u00e9mentaires offertes par le D\u00e9partement des affaires des anciens combattants (VA) en <a href=\"\/fr\/lieux\/\">localiser l&#039;un de nos VAC<\/a> ou en visitant <a href=\"http:\/\/va.gov\" target=\"_blank\" rel=\"noopener\">va.gov<\/a>.<\/p>\t\t\t\t\t\t\t\t<\/div>\n\t\t\t\t<\/div>\n\t\t\t\t<div class=\"elementor-element elementor-element-5a703b8 elementor-widget elementor-widget-ada_collapsible\" data-id=\"5a703b8\" data-element_type=\"widget\" data-widget_type=\"ada_collapsible.default\">\n\t\t\t\t<div class=\"elementor-widget-container\">\n\t\t\t\t\t        <div class=\"clps-wrapper\"> \r\n                            <div class=\"clps\">\r\n                    <button class=\"clps-trigger\" aria-expanded=\"false\">Avantages pour les anciens combattants<\/button>\r\n                    <div class=\"clps-body\"><p>Le <a href=\"https:\/\/department.va.gov\/wp-content\/uploads\/2024\/12\/2025-Federal-Benefits-for-Veterans-Dependents-and-Survivors.pdf\" target=\"_blank\" rel=\"noopener\">Guide des prestations f\u00e9d\u00e9rales 2025<\/a> fournit des informations sur les prestations et services actuellement disponibles en vertu de la loi et de la r\u00e9glementation, y compris une liste compl\u00e8te des num\u00e9ros de t\u00e9l\u00e9phone et des sites Web des services du D\u00e9partement am\u00e9ricain des affaires des anciens combattants.<\/p><\/div>\r\n                <\/div>\r\n                                <div class=\"clps\">\r\n                    <button class=\"clps-trigger\" aria-expanded=\"false\">Avantages li\u00e9s \u00e0 l&#039;\u00e9ducation et \u00e0 la formation<\/button>\r\n                    <div class=\"clps-body\"><p>Le <a href=\"https:\/\/www.benefits.va.gov\/gibill\/\" target=\"_blank\" rel=\"noopener\">prestations d&#039;\u00e9ducation du d\u00e9partement f\u00e9d\u00e9ral des Anciens Combattants<\/a> aider les anciens combattants et les membres de leur famille \u00e0 atteindre leurs objectifs de formation et d&#039;\u00e9ducation gr\u00e2ce \u00e0 des avantages tels que <a href=\"\/fr\/education\/loi-gi\/\">GI Bill<sup>\u00ae<\/sup><\/a> et <a href=\"https:\/\/www.benefits.va.gov\/vocrehab\/index.asp\" target=\"_blank\" rel=\"noopener\">Pr\u00e9paration et emploi des anciens combattants<\/a>. Les conseillers du LDVA en mati\u00e8re d&#039;aide aux anciens combattants peuvent aider un ancien combattant ou un membre de sa famille \u00e0 d\u00e9poser une demande. Pour plus d&#039;informations, veuillez contacter le GI Bill.<sup>\u00ae<\/sup> Ligne d&#039;assistance t\u00e9l\u00e9phonique \u00e0 <a href=\"tel:8884424551\">888.GIBILL.1<\/a> (<a href=\"tel:8884424551\">888.442.4551<\/a>).<\/p><\/div>\r\n                <\/div>\r\n                                <div class=\"clps\">\r\n                    <button class=\"clps-trigger\" aria-expanded=\"false\">Prestations fun\u00e9raires et comm\u00e9moratives<\/button>\r\n                    <div class=\"clps-body\"><p><a href=\"https:\/\/www.va.gov\/burials-memorials\/\" target=\"_blank\" rel=\"noopener\">prestations fun\u00e9raires du D\u00e9partement des anciens combattants des \u00c9tats-Unis<\/a> Ce service peut aider les anciens combattants et leurs familles \u00e0 organiser et financer des fun\u00e9railles dans un cimeti\u00e8re du D\u00e9partement des anciens combattants (VA). Les familles peuvent \u00e9galement commander des objets comm\u00e9moratifs en hommage au service d&#039;un ancien combattant, destin\u00e9s \u00e0 \u00eatre d\u00e9pos\u00e9s dans un cimeti\u00e8re priv\u00e9. <a href=\"\/fr\/lieux\/\">Trouvez un centre de VAC pr\u00e8s de chez vous<\/a> b\u00e9n\u00e9ficier d&#039;une assistance dans ce processus afin de garantir au v\u00e9t\u00e9ran, \u00e0 son conjoint ou \u00e0 sa personne \u00e0 charge, une s\u00e9pulture digne et honorable.<\/p><\/div>\r\n                <\/div>\r\n                                <div class=\"clps\">\r\n                    <button class=\"clps-trigger\" aria-expanded=\"false\">Soins de sant\u00e9<\/button>\r\n                    <div class=\"clps-body\"><p>Le <a href=\"\/fr\/lieux\/\">Le d\u00e9partement f\u00e9d\u00e9ral des Anciens Combattants (VA) offre des soins de sant\u00e9<\/a> Le LDVA (D\u00e9partement des anciens combattants de Louisiane) offre des services aux v\u00e9t\u00e9rans par l&#039;interm\u00e9diaire de ses centres m\u00e9dicaux, de ses cliniques externes communautaires et de ses centres pour v\u00e9t\u00e9rans. Le LDVA n&#039;administre pas de soins de sant\u00e9\u00a0; toutefois, son personnel peut orienter les v\u00e9t\u00e9rans vers l&#039;un des trois centres m\u00e9dicaux pour anciens combattants de Louisiane.<\/p><h2>Centre m\u00e9dical des anciens combattants d&#039;Alexandria<\/h2><ul><li>2495 Shreveport Highway, Pineville, LA 71360<\/li><li><a href=\"tel:3184730010\">318.473.0010<\/a><\/li><\/ul><h2>Syst\u00e8me de sant\u00e9 du sud-est de la Louisiane (Centre m\u00e9dical des anciens combattants de la Nouvelle-Orl\u00e9ans)<\/h2><ul><li>2400 Canal St., La Nouvelle-Orl\u00e9ans, LA 70119<\/li><li><a href=\"tel:8009358387\">800.935.8387<\/a><\/li><\/ul><h2>Centre m\u00e9dical pour anciens combattants Overton Brooks<\/h2><ul><li>510 E. Stoner Ave., Shreveport, LA 71101<\/li><li><a href=\"tel:3182218411\">318.221.8411<\/a><\/li><\/ul><p>Pour trouver une clinique ambulatoire ou un centre v\u00e9t\u00e9rinaire communautaire, consultez le site web suivant\u00a0: <a href=\"https:\/\/www.va.gov\/find-locations\/?facilityType=health\" target=\"_blank\" rel=\"noopener\">R\u00e9pertoire des anciens combattants f\u00e9d\u00e9raux<\/a>.\u00a0<\/p><\/div>\r\n                <\/div>\r\n                            \r\n        <\/div>\r\n        \t\t\t\t<\/div>\n\t\t\t\t<\/div>\n\t\t\t\t\t<\/div>\n\t\t\t\t<\/div>\n\t\t\t\t<\/div>","protected":false},"excerpt":{"rendered":"<p>Selon le d\u00e9partement am\u00e9ricain des Anciens Combattants, la Louisiane abrite plus de 261\u00a0000 anciens combattants et leurs familles. Tandis que\u2026<\/p>","protected":false},"author":7,"featured_media":0,"parent":34,"menu_order":0,"comment_status":"closed","ping_status":"closed","template":"","meta":{"_acf_changed":false,"footnotes":"","_links_to":"","_links_to_target":""},"class_list":["post-61","page","type-page","status-publish","hentry"],"acf":[],"_links":{"self":[{"href":"https:\/\/vetaffairs.la.gov\/fr\/wp-json\/wp\/v2\/pages\/61","targetHints":{"allow":["GET"]}}],"collection":[{"href":"https:\/\/vetaffairs.la.gov\/fr\/wp-json\/wp\/v2\/pages"}],"about":[{"href":"https:\/\/vetaffairs.la.gov\/fr\/wp-json\/wp\/v2\/types\/page"}],"author":[{"embeddable":true,"href":"https:\/\/vetaffairs.la.gov\/fr\/wp-json\/wp\/v2\/users\/7"}],"replies":[{"embeddable":true,"href":"https:\/\/vetaffairs.la.gov\/fr\/wp-json\/wp\/v2\/comments?post=61"}],"version-history":[{"count":0,"href":"https:\/\/vetaffairs.la.gov\/fr\/wp-json\/wp\/v2\/pages\/61\/revisions"}],"up":[{"embeddable":true,"href":"https:\/\/vetaffairs.la.gov\/fr\/wp-json\/wp\/v2\/pages\/34"}],"wp:attachment":[{"href":"https:\/\/vetaffairs.la.gov\/fr\/wp-json\/wp\/v2\/media?parent=61"}],"curies":[{"name":"wp","href":"https:\/\/api.w.org\/{rel}","templated":true}]}}