{"id":60,"date":"2025-02-24T15:37:48","date_gmt":"2025-02-24T21:37:48","guid":{"rendered":"https:\/\/veteran-affairs-louisiana.local\/?page_id=60"},"modified":"2026-04-06T16:26:47","modified_gmt":"2026-04-06T21:26:47","slug":"etat","status":"publish","type":"page","link":"https:\/\/vetaffairs.la.gov\/fr\/benefits\/state","title":{"rendered":"Prestations de l&#039;\u00c9tat"},"content":{"rendered":"<div data-elementor-type=\"wp-page\" data-elementor-id=\"60\" class=\"elementor elementor-60\" data-elementor-post-type=\"page\">\n\t\t\t\t<div class=\"elementor-element elementor-element-31b7ec1 e-flex e-con-boxed e-con e-parent\" data-id=\"31b7ec1\" data-element_type=\"container\">\n\t\t\t\t\t<div class=\"e-con-inner\">\n\t\t\t\t<div class=\"elementor-element elementor-element-bbc1a4b intro elementor-widget elementor-widget-text-editor\" data-id=\"bbc1a4b\" data-element_type=\"widget\" data-widget_type=\"text-editor.default\">\n\t\t\t\t<div class=\"elementor-widget-container\">\n\t\t\t\t\t\t\t\t\t<p>La Louisiane est un \u00c9tat accueillant pour les anciens combattants\u00a0! Nous sommes tr\u00e8s fiers de ce que nous offrons aux v\u00e9t\u00e9rans et nous esp\u00e9rons que ces informations t\u00e9moigneront de notre engagement envers la communaut\u00e9 des anciens combattants.<\/p><p>Contrairement \u00e0 d&#039;autres \u00c9tats, la Louisiane compte au moins un bureau de services aux anciens combattants dans chaque paroisse, permettant ainsi aux v\u00e9t\u00e9rans d&#039;acc\u00e9der \u00e0 des conseillers en assistance aux anciens combattants (CAAC) pr\u00e8s de chez eux. Pour plus d&#039;informations sur les prestations de l&#039;\u00c9tat mentionn\u00e9es ci-dessous ou pour prendre rendez-vous avec l&#039;un de nos CAAC, <a href=\"\/fr\/lieux\/\">Utilisez notre outil de localisation de bureaux de service.<\/a>.<\/p>\t\t\t\t\t\t\t\t<\/div>\n\t\t\t\t<\/div>\n\t\t\t\t<div class=\"elementor-element elementor-element-dcc84f1 elementor-widget elementor-widget-ada_collapsible\" data-id=\"dcc84f1\" data-element_type=\"widget\" data-widget_type=\"ada_collapsible.default\">\n\t\t\t\t<div class=\"elementor-widget-container\">\n\t\t\t\t\t        <div class=\"clps-wrapper\"> \r\n                            <div class=\"clps\">\r\n                    <button class=\"clps-trigger\" aria-expanded=\"false\">Parking de l&#039;a\u00e9roport et du terminal de croisi\u00e8re<\/button>\r\n                    <div class=\"clps-body\"><h3>Stationnement r\u00e9serv\u00e9 aux v\u00e9t\u00e9rans handicap\u00e9s dans les a\u00e9roports de la Louisiane<\/h3><p>Les anciens combattants ayant obtenu une indemnisation pour invalidit\u00e9 li\u00e9e au service d&#039;au moins 50% peuvent b\u00e9n\u00e9ficier du stationnement gratuit dans les a\u00e9roports de Louisiane, quelle que soit la dur\u00e9e. Pour en b\u00e9n\u00e9ficier, ils devront fournir un formulaire certifi\u00e9 par l&#039;un de nos conseillers aux anciens combattants, ainsi que leur itin\u00e9raire. Les conditions peuvent varier selon l&#039;a\u00e9roport.<\/p><h3>Stationnement r\u00e9serv\u00e9 aux v\u00e9t\u00e9rans handicap\u00e9s au terminal de croisi\u00e8re du port de La Nouvelle-Orl\u00e9ans<\/h3><p>Les anciens combattants ayant obtenu une indemnisation pour invalidit\u00e9 li\u00e9e au service d&#039;au moins 50% b\u00e9n\u00e9ficient d&#039;un stationnement gratuit de sept jours au terminal de croisi\u00e8re du port de La Nouvelle-Orl\u00e9ans. Ils devront pr\u00e9senter un formulaire certifi\u00e9 par l&#039;un de nos centres d&#039;aide aux anciens combattants, ainsi qu&#039;une plaque d&#039;immatriculation comm\u00e9morative militaire.<\/p><\/div>\r\n                <\/div>\r\n                                <div class=\"clps\">\r\n                    <button class=\"clps-trigger\" aria-expanded=\"false\">R\u00e9duction sur l&#039;assurance auto<\/button>\r\n                    <div class=\"clps-body\"><p>Les militaires retrait\u00e9s et les anciens combattants pr\u00e9sentant une invalidit\u00e9 de 50% ou plus peuvent b\u00e9n\u00e9ficier d&#039;une r\u00e9duction de prime de 25% sur leur assurance automobile, \u00e0 la discr\u00e9tion de l&#039;assureur. Cette r\u00e9duction s&#039;applique \u00e0 toute police d&#039;assurance responsabilit\u00e9 civile automobile souscrite en Louisiane pour couvrir les v\u00e9hicules appartenant au personnel militaire. Pour plus d&#039;informations, veuillez contacter votre compagnie d&#039;assurance.<\/p><\/div>\r\n                <\/div>\r\n                                <div class=\"clps\">\r\n                    <button class=\"clps-trigger\" aria-expanded=\"false\">Permis de conduire et plaques d&#039;immatriculation<\/button>\r\n                    <div class=\"clps-body\"><h3>Statut d&#039;ancien combattant et r\u00e9ductions en Louisiane<\/h3><h4>Permis de conduire et cartes d&#039;identit\u00e9<\/h4><p>Les anciens combattants de Louisiane peuvent d\u00e9sormais \u00eatre reconnus gr\u00e2ce \u00e0 la mention sp\u00e9ciale \u201c\u00a0ANCIEN COMBATTANT\u00a0\u201d sur leur permis de conduire ou leur carte d&#039;identit\u00e9 officielle de Louisiane. Un justificatif de statut d&#039;ancien combattant est requis. Pour plus d&#039;informations, veuillez consulter le site web suivant\u00a0: <a href=\"http:\/\/www.expresslane.org\/\" target=\"_blank\" rel=\"noopener\">www.expresslane.org<\/a> ou votre <a href=\"https:\/\/offices.omv.la.gov\/\" target=\"_blank\" rel=\"noopener\">Bureau local des v\u00e9hicules automobiles de Louisiane<\/a>.<\/p><p>Les anciens combattants de Louisiane peuvent \u00e9galement b\u00e9n\u00e9ficier de r\u00e9ductions sp\u00e9ciales ou d&#039;exon\u00e9rations sur les frais de permis de conduire ou de carte d&#039;identit\u00e9. Pour plus d&#039;informations, veuillez contacter un centre des anciens combattants. <a href=\"\/fr\/lieux\/\">en utilisant notre localisateur<\/a>. La d\u00e9rogation peut ne pas s&#039;appliquer aux bureaux privatis\u00e9s qui traitent les affaires du service des immatriculations.<\/p><p>De plus, les anciens combattants de Louisiane peuvent b\u00e9n\u00e9ficier de plaques d&#039;immatriculation sp\u00e9ciales gratuites. Les anciens combattants pr\u00e9sentant un handicap de niveau 50% ou sup\u00e9rieur peuvent pr\u00e9tendre \u00e0 une plaque d&#039;immatriculation pour anciens combattants handicap\u00e9s ou \u00e0 une plaque d&#039;immatriculation avec distinction militaire. Un ancien combattant dont le handicap est \u00e9valu\u00e9 \u00e0 100% peut pr\u00e9tendre \u00e0 la plaque d&#039;immatriculation DAV 100%.<\/p><p>\u201cLes plaques d&#039;immatriculation sp\u00e9ciales de la Louisiane \u201d\u00a0Soutenez nos v\u00e9t\u00e9rans\u00a0\u201c, \u201d\u00a0Soutenez nos troupes\u00a0\u00bb et autres sont disponibles \u00e0 l&#039;achat pour un montant unique de $25 dans tous les bureaux des v\u00e9hicules motoris\u00e9s de la Louisiane. <a href=\"https:\/\/expresslane.dps.louisiana.gov\/SpecialPlatesPublic\/SpecialPlatesViewer.aspx\" target=\"_blank\" rel=\"noopener\">Consultez la liste de toutes les plaques d&#039;immatriculation militaires.<\/a>. Pour plus d&#039;informations, contactez votre <a href=\"https:\/\/offices.omv.la.gov\/\" target=\"_blank\" rel=\"noopener\">Bureau local des v\u00e9hicules automobiles de Louisiane<\/a>.<\/p><\/div>\r\n                <\/div>\r\n                                <div class=\"clps\">\r\n                    <button class=\"clps-trigger\" aria-expanded=\"false\">\u00c9ducation<\/button>\r\n                    <div class=\"clps-body\"><h3>Exemption des frais de scolarit\u00e9 pour les r\u00e9sidents de l&#039;\u00c9tat (Titre 29)<\/h3><p>L&#039;exemption des frais de scolarit\u00e9 pour les r\u00e9sidents de la Louisiane, <a href=\"\/fr\/education\/titre-29\/\">Titre 29<\/a>, Ce programme offre des aides \u00e0 l&#039;\u00e9ducation aux enfants, conjoints et conjoints survivants de v\u00e9t\u00e9rans qui remplissent certaines conditions. Pour les v\u00e9t\u00e9rans vivants, les enfants sont admissibles. Pour les v\u00e9t\u00e9rans prisonniers de guerre ou port\u00e9s disparus, les conjoints sont admissibles. Pour les v\u00e9t\u00e9rans d\u00e9c\u00e9d\u00e9s, les conjoints survivants et les enfants sont admissibles. L&#039;admissibilit\u00e9 aux aides \u00e0 l&#039;\u00e9ducation pr\u00e9vues par le Titre 29 est soumise \u00e0 des conditions de r\u00e9sidence, lesquelles diff\u00e8rent selon que le v\u00e9t\u00e9ran est vivant ou d\u00e9c\u00e9d\u00e9.<\/p><h3>Statut de scolarit\u00e9 pour les r\u00e9sidents de la Louisiane<\/h3><p>Le statut d&#039;\u00e9tudiant r\u00e9sidant dans l&#039;\u00c9tat est accord\u00e9 aux anciens combattants, \u00e0 leurs conjoints, \u00e0 leurs enfants et aux militaires en service actif qui sont admissibles aux prestations f\u00e9d\u00e9rales d&#039;\u00e9ducation.<\/p><h3>Centres pour \u00e9tudiants v\u00e9t\u00e9rans<\/h3><p>De nombreux \u00e9tablissements d&#039;enseignement sup\u00e9rieur de Louisiane disposent de centres d&#039;accueil pour \u00e9tudiants v\u00e9t\u00e9rans, destin\u00e9s sp\u00e9cifiquement aux v\u00e9t\u00e9rans et \u00e0 leurs familles. Ces centres constituent un point de convergence pour les activit\u00e9s des v\u00e9t\u00e9rans sur le campus, et leur personnel s&#039;attache \u00e0 favoriser la r\u00e9ussite des \u00e9tudiants jusqu&#039;\u00e0 l&#039;obtention de leur dipl\u00f4me.<\/p><\/div>\r\n                <\/div>\r\n                                <div class=\"clps\">\r\n                    <button class=\"clps-trigger\" aria-expanded=\"false\">Emploi, entrepreneuriat et march\u00e9s publics<\/button>\r\n                    <div class=\"clps-body\"><h3>Emploi<\/h3><h4>Commission de la main-d&#039;\u0153uvre de la Louisiane<\/h4><h5>Programme de soutien aux v\u00e9t\u00e9rans handicap\u00e9s (DVOP)<\/h5><p>Le <a href=\"https:\/\/www.laworks.net\/WorkforceDev\/VeteransServices\/Vet_StaffDisabled.asp\" target=\"_blank\" rel=\"noopener\">Programme de sensibilisation des anciens combattants handicap\u00e9s<\/a> Ce service propose des sp\u00e9cialistes en gestion de cas aux anciens combattants admissibles qui recherchent un emploi. Pour plus d&#039;informations, veuillez contacter le <a href=\"https:\/\/www.laworks.net\/\" target=\"_blank\" rel=\"noopener\">Commission de la main-d&#039;\u0153uvre de la Louisiane<\/a>.<\/p><h5>Repr\u00e9sentant local pour l&#039;emploi des anciens combattants (LVER)<\/h5><p><a href=\"https:\/\/www.laworks.net\/WorkforceDev\/VeteransServices\/Vet_StaffLocal.asp\" target=\"_blank\" rel=\"noopener\">repr\u00e9sentants locaux de l&#039;emploi des anciens combattants<\/a> mener des actions de sensibilisation aupr\u00e8s des employeurs au nom des anciens combattants afin de faciliter leur insertion professionnelle. Pour plus d&#039;informations, veuillez contacter le <a href=\"https:\/\/www.laworks.net\/\" target=\"_blank\" rel=\"noopener\">Commission de la main-d&#039;\u0153uvre de la Louisiane<\/a>.<\/p><h3>Entrepreneuriat<\/h3><h4>D\u00e9veloppement \u00e9conomique de la Louisiane<\/h4><h5>Parcours d&#039;aide aux entrepreneurs v\u00e9t\u00e9rans (PAVE)<\/h5><p>Le programme PAVE offre aux anciens combattants de Louisiane la possibilit\u00e9 d&#039;acqu\u00e9rir les connaissances et les comp\u00e9tences n\u00e9cessaires pour cr\u00e9er ou g\u00e9rer efficacement une entreprise. Pour plus d&#039;informations, veuillez contacter\u00a0: <a href=\"https:\/\/www.opportunitylouisiana.gov\/\" target=\"_blank\" rel=\"noopener\">D\u00e9veloppement \u00e9conomique de la Louisiane<\/a>.<\/p><h5>Initiative \u00ab Priorit\u00e9 aux entreprises \u00bb pour les v\u00e9t\u00e9rans<\/h5><p>Le <a href=\"https:\/\/laveteransfirst.org\/\" target=\"_blank\" rel=\"noopener\">Initiative \u00ab Priorit\u00e9 aux entreprises \u00bb pour les v\u00e9t\u00e9rans<\/a> Ce dispositif permet aux anciens combattants, aux militaires en service actif, aux r\u00e9servistes et aux conjoints de militaires morts au combat (Gold Star) qui d\u00e9tiennent des parts d&#039;une entreprise en vertu de l&#039;article 51% de la loi am\u00e9ricaine sur la protection des donn\u00e9es personnelles (51%) de demander et d&#039;obtenir une certification afin de faire reconna\u00eetre et de promouvoir leur entreprise. Pour plus d&#039;informations, veuillez contacter\u00a0: <a href=\"https:\/\/www.opportunitylouisiana.gov\/\" target=\"_blank\" rel=\"noopener\">D\u00e9veloppement \u00e9conomique de la Louisiane<\/a>.<\/p><h3>Contrats d&#039;\u00c9tat<\/h3><h4>Initiative Hudson<\/h4><p>Le <a href=\"https:\/\/www.opportunitylouisiana.gov\/program\/hudson-initiative\" target=\"_blank\" rel=\"noopener\">Initiative Hudson<\/a> offre aux petites entreprises un potentiel consid\u00e9rable d&#039;acc\u00e8s aux march\u00e9s publics et aux contrats de l&#039;\u00c9tat. Pour plus d&#039;informations, veuillez contacter <a href=\"https:\/\/www.opportunitylouisiana.gov\/\" target=\"_blank\" rel=\"noopener\">D\u00e9veloppement \u00e9conomique de la Louisiane<\/a>.<\/p><h4>Initiative des anciens combattants<\/h4><p>Le <a href=\"https:\/\/www.opportunitylouisiana.gov\/program\/veteran-initiative\" target=\"_blank\" rel=\"noopener\">Initiative des anciens combattants<\/a> offre aux petites entreprises d\u00e9tenues par des v\u00e9t\u00e9rans, des v\u00e9t\u00e9rans handicap\u00e9s ou des v\u00e9t\u00e9rans ayant un lien avec le service militaire, un meilleur acc\u00e8s aux march\u00e9s publics et aux contrats de l&#039;\u00c9tat. Pour plus d&#039;informations, veuillez contacter\u00a0: <a href=\"https:\/\/www.opportunitylouisiana.gov\/\" target=\"_blank\" rel=\"noopener\">D\u00e9veloppement \u00e9conomique de la Louisiane<\/a>.<\/p><\/div>\r\n                <\/div>\r\n                                <div class=\"clps\">\r\n                    <button class=\"clps-trigger\" aria-expanded=\"false\">Aide financi\u00e8re<\/button>\r\n                    <div class=\"clps-body\"><p>Le <a href=\"\/fr\/fonds-daide-aux-familles-de-militaires\/\">Fonds d&#039;aide aux familles de militaires<\/a> Ce fonds offre une aide financi\u00e8re aux anciens combattants et aux membres de la Garde nationale de Louisiane (LANG) ou des r\u00e9serves admissibles, \u00e0 hauteur de 1\u00a0040\u00a0000 $ pour une demande fond\u00e9e sur les besoins, sur une p\u00e9riode de 12 mois. Il couvre les frais de logement, les services publics, certains services m\u00e9dicaux et d\u2019autres d\u00e9penses essentielles qui engendrent des difficult\u00e9s financi\u00e8res pour l\u2019ancien combattant ou le membre de la LANG ou des r\u00e9serves.<\/p><\/div>\r\n                <\/div>\r\n                                <div class=\"clps\">\r\n                    <button class=\"clps-trigger\" aria-expanded=\"false\">Chasse, p\u00eache et parcs d&#039;\u00c9tat<\/button>\r\n                    <div class=\"clps-body\"><h3>Chasse et p\u00eache<\/h3><p>Les anciens combattants ayant obtenu une invalidit\u00e9 permanente li\u00e9e au service, d&#039;un taux \u00e9gal ou sup\u00e9rieur \u00e0 50%, d\u00e9livr\u00e9e par le D\u00e9partement des affaires des anciens combattants des \u00c9tats-Unis, peuvent recevoir gratuitement un permis de chasse et de p\u00eache. Ce permis est valable un an et doit \u00eatre renouvel\u00e9.<\/p><h3>Parcs d&#039;\u00c9tat<\/h3><p>Les anciens combattants handicap\u00e9s ayant un taux d&#039;invalidit\u00e9 de 50% ou plus d\u00e9livr\u00e9 par le D\u00e9partement des affaires des anciens combattants des \u00c9tats-Unis et qui ont fait une demande pour <a href=\"https:\/\/www.lastateparks.com\/special-ratesdiscounts\" target=\"_blank\" rel=\"noopener\">Carte d&#039;acc\u00e8s aux parcs d&#039;\u00c9tat pour personnes handicap\u00e9es<\/a> sont exempt\u00e9s du paiement du droit d&#039;entr\u00e9e journalier dans tous les parcs d&#039;\u00c9tat de la Louisiane.<\/p><\/div>\r\n                <\/div>\r\n                                <div class=\"clps\">\r\n                    <button class=\"clps-trigger\" aria-expanded=\"false\">Prestations d&#039;invalidit\u00e9 de la Garde nationale de Louisiane<\/button>\r\n                    <div class=\"clps-body\"><p>Les membres de la Garde nationale de Louisiane souffrant d&#039;une invalidit\u00e9 permanente et totale contract\u00e9e en service actif, au niveau f\u00e9d\u00e9ral ou \u00e9tatique, le 11 septembre 2001 ou apr\u00e8s cette date, peuvent pr\u00e9tendre \u00e0 l&#039;allocation d&#039;invalidit\u00e9 de l&#039;\u00c9tat ($100\u00a0000 ou $50\u00a0000). Les ayants droit des membres de la Garde nationale de Louisiane tu\u00e9s au combat peuvent pr\u00e9tendre \u00e0 l&#039;allocation de d\u00e9c\u00e8s f\u00e9d\u00e9rale ($250\u00a0000).<\/p><\/div>\r\n                <\/div>\r\n                                <div class=\"clps\">\r\n                    <button class=\"clps-trigger\" aria-expanded=\"false\">M\u00e9daille d&#039;honneur des anciens combattants de Louisiane<\/button>\r\n                    <div class=\"clps-body\"><p>Le <a href=\"\/fr\/medaille-dhonneur-des-anciens-combattants-de-la-louisiane\/\">M\u00e9daille d&#039;honneur des v\u00e9t\u00e9rans de Louisiane<\/a> Elle est accessible \u00e0 tous les anciens combattants de Louisiane admissibles, ainsi qu&#039;aux familles des soldats morts au combat. La m\u00e9daille est d\u00e9cern\u00e9e avec un ruban bleu pour une lib\u00e9ration honorable, un ruban violet pour les r\u00e9cipiendaires de la Purple Heart, un ruban noir pour les prisonniers de guerre et un ruban jaune pour les soldats morts au combat.<\/p><\/div>\r\n                <\/div>\r\n                                <div class=\"clps\">\r\n                    <button class=\"clps-trigger\" aria-expanded=\"false\">Exon\u00e9rations et r\u00e9ductions fiscales<\/button>\r\n                    <div class=\"clps-body\"><h3>Exon\u00e9ration fiscale pour les retrait\u00e9s militaires<\/h3><p>Les prestations de retraite militaire sont exon\u00e9r\u00e9es d&#039;imp\u00f4t de l&#039;\u00c9tat de Louisiane.<\/p><h3>Exon\u00e9ration de taxe fonci\u00e8re<\/h3><p>Les anciens combattants ayant un taux d&#039;invalidit\u00e9 li\u00e9 au service de 50% ou plus peuvent b\u00e9n\u00e9ficier d&#039;une exemption de taxe fonci\u00e8re, en plus de l&#039;exemption de r\u00e9sidence principale, sur leur r\u00e9sidence principale comme suit\u00a0:<\/p><ul><li>Les anciens combattants dont le taux d&#039;invalidit\u00e9 est de 50% ou plus, mais inf\u00e9rieur \u00e0 70%\u00a0: en plus de l&#039;exon\u00e9ration de r\u00e9sidence principale, la tranche suivante de $2\u00a0500 de la valeur imposable du bien sera exon\u00e9r\u00e9e.<\/li><li>Les anciens combattants dont le taux d&#039;invalidit\u00e9 est de 70% ou plus, mais inf\u00e9rieur \u00e0 100%\u00a0: en plus de l&#039;exon\u00e9ration de r\u00e9sidence principale, la tranche suivante de $4\u00a0500 de la valeur imposable du bien sera exon\u00e9r\u00e9e.<\/li><li>Les anciens combattants qui b\u00e9n\u00e9ficient d&#039;une cote d&#039;invalidit\u00e9 li\u00e9e au service de 100% sont exempt\u00e9s de toute taxe ad valorem (\u00e0 l&#039;exception de certaines \u00e9valuations fiscales municipales).<\/li><\/ul><h3>Taxe d&#039;utilisation des v\u00e9hicules<\/h3><p>Les nouveaux r\u00e9sidents de Louisiane, y compris les anciens combattants et les retrait\u00e9s militaires, ne paieront que la taxe d&#039;utilisation de $90 sur les v\u00e9hicules import\u00e9s d&#039;un autre \u00c9tat. Pour \u00eatre \u00e9ligible, le v\u00e9hicule doit \u00eatre le v\u00e9hicule personnel principal de l&#039;ancien combattant ou du retrait\u00e9 militaire, avoir \u00e9t\u00e9 pr\u00e9c\u00e9demment immatricul\u00e9 ou lou\u00e9 dans un autre \u00c9tat et \u00eatre immatricul\u00e9 dans les 90 jours suivant l&#039;installation en Louisiane.<\/p><\/div>\r\n                <\/div>\r\n                                <div class=\"clps\">\r\n                    <button class=\"clps-trigger\" aria-expanded=\"false\">Foyers pour anciens combattants<\/button>\r\n                    <div class=\"clps-body\"><p>Le d\u00e9partement des affaires des anciens combattants de la Louisiane fonctionne <a href=\"\/fr\/maisons\/\">cinq foyers pour anciens combattants<\/a> Dans tout l&#039;\u00c9tat, les anciens combattants de Louisiane ayant servi honorablement, en temps de guerre comme en temps de paix, et ayant accompli au moins 90 jours de service actif, leurs conjoints et les parents d&#039;un soldat mort au combat (Gold Star) peuvent \u00eatre accueillis dans un foyer pour anciens combattants. Aucuns frais mensuels ne sont exig\u00e9s des anciens combattants dont le taux d&#039;invalidit\u00e9 li\u00e9 au service se situe entre 70 et 100%.<\/p><\/div>\r\n                <\/div>\r\n                                <div class=\"clps\">\r\n                    <button class=\"clps-trigger\" aria-expanded=\"false\">Cimeti\u00e8res des anciens combattants<\/button>\r\n                    <div class=\"clps-body\"><p>Le d\u00e9partement des affaires des anciens combattants de la Louisiane fonctionne <a href=\"\/fr\/cimetieres\/\">cinq cimeti\u00e8res d&#039;anciens combattants<\/a> R\u00e9partis dans tout l&#039;\u00c9tat, ces cimeti\u00e8res offrent plusieurs options d&#039;inhumation aux anciens combattants, \u00e0 leurs conjoints et \u00e0 leurs enfants \u00e0 charge. L&#039;inhumation d&#039;un ancien combattant admissible est gratuite. Pour les conjoints et les enfants \u00e0 charge des anciens combattants admissibles, des frais \u00e9quivalents \u00e0 l&#039;allocation f\u00e9d\u00e9rale actuelle pour une concession fun\u00e9raire sont factur\u00e9s au moment de l&#039;inhumation.<\/p><\/div>\r\n                <\/div>\r\n                            \r\n        <\/div>\r\n        \t\t\t\t<\/div>\n\t\t\t\t<\/div>\n\t\t\t\t\t<\/div>\n\t\t\t\t<\/div>\n\t\t\t\t<\/div>","protected":false},"excerpt":{"rendered":"<p>La Louisiane est un \u00c9tat accueillant pour les anciens combattants\u00a0! Nous sommes tr\u00e8s fiers de ce que nous offrons aux v\u00e9t\u00e9rans, et nous esp\u00e9rons que ces informations\u2026<\/p>","protected":false},"author":7,"featured_media":0,"parent":34,"menu_order":0,"comment_status":"closed","ping_status":"closed","template":"","meta":{"_acf_changed":false,"footnotes":"","_links_to":"","_links_to_target":""},"class_list":["post-60","page","type-page","status-publish","hentry"],"acf":[],"_links":{"self":[{"href":"https:\/\/vetaffairs.la.gov\/fr\/wp-json\/wp\/v2\/pages\/60","targetHints":{"allow":["GET"]}}],"collection":[{"href":"https:\/\/vetaffairs.la.gov\/fr\/wp-json\/wp\/v2\/pages"}],"about":[{"href":"https:\/\/vetaffairs.la.gov\/fr\/wp-json\/wp\/v2\/types\/page"}],"author":[{"embeddable":true,"href":"https:\/\/vetaffairs.la.gov\/fr\/wp-json\/wp\/v2\/users\/7"}],"replies":[{"embeddable":true,"href":"https:\/\/vetaffairs.la.gov\/fr\/wp-json\/wp\/v2\/comments?post=60"}],"version-history":[{"count":0,"href":"https:\/\/vetaffairs.la.gov\/fr\/wp-json\/wp\/v2\/pages\/60\/revisions"}],"up":[{"embeddable":true,"href":"https:\/\/vetaffairs.la.gov\/fr\/wp-json\/wp\/v2\/pages\/34"}],"wp:attachment":[{"href":"https:\/\/vetaffairs.la.gov\/fr\/wp-json\/wp\/v2\/media?parent=60"}],"curies":[{"name":"wp","href":"https:\/\/api.w.org\/{rel}","templated":true}]}}