{"id":5976,"date":"2025-06-19T15:53:28","date_gmt":"2025-06-19T20:53:28","guid":{"rendered":"https:\/\/vetaffairs.la.gov\/?page_id=5976"},"modified":"2025-06-26T09:44:44","modified_gmt":"2025-06-26T14:44:44","slug":"benevole","status":"publish","type":"page","link":"https:\/\/vetaffairs.la.gov\/fr\/volunteer","title":{"rendered":"B\u00e9n\u00e9vole"},"content":{"rendered":"<div data-elementor-type=\"wp-page\" data-elementor-id=\"5976\" class=\"elementor elementor-5976\" data-elementor-post-type=\"page\">\n\t\t\t\t<div class=\"elementor-element elementor-element-3e43d23 e-flex e-con-boxed e-con e-parent\" data-id=\"3e43d23\" data-element_type=\"container\">\n\t\t\t\t\t<div class=\"e-con-inner\">\n\t\t\t\t<div class=\"elementor-element elementor-element-290b5f4 elementor-widget elementor-widget-text-editor\" data-id=\"290b5f4\" data-element_type=\"widget\" data-widget_type=\"text-editor.default\">\n\t\t\t\t<div class=\"elementor-widget-container\">\n\t\t\t\t\t\t\t\t\t<p>Au service de ceux qui ont servi. C&#039;est notre mission au quotidien. Outre notre \u00e9quipe de 850 personnes, de nombreux b\u00e9n\u00e9voles nous contactent r\u00e9guli\u00e8rement. Nous accueillons tous les b\u00e9n\u00e9voles dans nos cinq foyers et cinq cimeti\u00e8res pour anciens combattants. Vous trouverez ci-dessous des informations d\u00e9taill\u00e9es sur les possibilit\u00e9s de b\u00e9n\u00e9volat dans chaque lieu.<\/p>\t\t\t\t\t\t\t\t<\/div>\n\t\t\t\t<\/div>\n\t\t\t\t<div class=\"elementor-element elementor-element-94de1d8 elementor-widget elementor-widget-text-editor\" data-id=\"94de1d8\" data-element_type=\"widget\" data-widget_type=\"text-editor.default\">\n\t\t\t\t<div class=\"elementor-widget-container\">\n\t\t\t\t\t\t\t\t\t<h2>Foyers pour anciens combattants<\/h2><p>Nos responsables et notre personnel accueillent avec plaisir les b\u00e9n\u00e9voles d\u00e9sireux de soutenir les centaines d&#039;anciens combattants qui r\u00e9sident dans l&#039;un de nos \u00e9tablissements. Nos r\u00e9sidents appr\u00e9cient les activit\u00e9s propos\u00e9es, du bingo aux loisirs cr\u00e9atifs, et bien plus encore ! Les particuliers et les groupes peuvent organiser et\/ou animer des parties de bingo, faire don de nourriture et de boissons ou amener un animal de th\u00e9rapie pour une visite. De plus, de nombreux \u00e9v\u00e9nements sont organis\u00e9s tout au long de l&#039;ann\u00e9e et les b\u00e9n\u00e9voles sont \u00e9galement les bienvenus. D\u00e9couvrez ci-dessous comment nous aider.<\/p><h2>Cimeti\u00e8res des anciens combattants<\/h2><p>Nos responsables et le personnel du cimeti\u00e8re accueillent avec plaisir les b\u00e9n\u00e9voles d\u00e9sireux d&#039;honorer nos anciens combattants en contribuant \u00e0 la pr\u00e9servation de la dignit\u00e9 du lieu. Leur aide est particuli\u00e8rement pr\u00e9cieuse lors des comm\u00e9morations, comme le Memorial Day et la Journ\u00e9e des couronnes pour l&#039;Am\u00e9rique, o\u00f9 leur pr\u00e9sence est essentielle au bon d\u00e9roulement de ces c\u00e9r\u00e9monies importantes. Nous acceptons \u00e9galement les b\u00e9n\u00e9voles en semaine pour des t\u00e2ches telles que le nettoyage des pierres tombales, la plantation de fleurs, le d\u00e9sherbage et l&#039;entretien g\u00e9n\u00e9ral du cimeti\u00e8re. D\u00e9couvrez ci-dessous comment nous aider.<\/p><h2>Comment aider<\/h2><p>Que vous soyez seul ou en groupe, votre temps et vos efforts font une r\u00e9elle diff\u00e9rence. Pour en savoir plus ou pour planifier une s\u00e9ance de b\u00e9n\u00e9volat, veuillez contacter la maison de retraite ou le cimeti\u00e8re militaire de votre choix via notre formulaire. <a href=\"\/fr\/lieux\/\">localisateur<\/a>. Merci de soutenir nos anciens combattants et notre cimeti\u00e8re !<\/p>\t\t\t\t\t\t\t\t<\/div>\n\t\t\t\t<\/div>\n\t\t\t\t\t<\/div>\n\t\t\t\t<\/div>\n\t\t\t\t<\/div>","protected":false},"excerpt":{"rendered":"<p>Servir ceux qui ont servi. C&#039;est ce que nous faisons chaque jour. Outre notre \u00e9quipe de 850 personnes, de nombreuses autres personnes\u2026<\/p>","protected":false},"author":12,"featured_media":0,"parent":0,"menu_order":0,"comment_status":"closed","ping_status":"closed","template":"","meta":{"_acf_changed":false,"footnotes":"","_links_to":"","_links_to_target":""},"class_list":["post-5976","page","type-page","status-publish","hentry"],"acf":[],"_links":{"self":[{"href":"https:\/\/vetaffairs.la.gov\/fr\/wp-json\/wp\/v2\/pages\/5976","targetHints":{"allow":["GET"]}}],"collection":[{"href":"https:\/\/vetaffairs.la.gov\/fr\/wp-json\/wp\/v2\/pages"}],"about":[{"href":"https:\/\/vetaffairs.la.gov\/fr\/wp-json\/wp\/v2\/types\/page"}],"author":[{"embeddable":true,"href":"https:\/\/vetaffairs.la.gov\/fr\/wp-json\/wp\/v2\/users\/12"}],"replies":[{"embeddable":true,"href":"https:\/\/vetaffairs.la.gov\/fr\/wp-json\/wp\/v2\/comments?post=5976"}],"version-history":[{"count":0,"href":"https:\/\/vetaffairs.la.gov\/fr\/wp-json\/wp\/v2\/pages\/5976\/revisions"}],"wp:attachment":[{"href":"https:\/\/vetaffairs.la.gov\/fr\/wp-json\/wp\/v2\/media?parent=5976"}],"curies":[{"name":"wp","href":"https:\/\/api.w.org\/{rel}","templated":true}]}}