{"id":5965,"date":"2025-06-24T16:22:17","date_gmt":"2025-06-24T21:22:17","guid":{"rendered":"https:\/\/vetaffairs.la.gov\/?page_id=5965"},"modified":"2025-09-15T09:57:32","modified_gmt":"2025-09-15T14:57:32","slug":"titre-29","status":"publish","type":"page","link":"https:\/\/vetaffairs.la.gov\/fr\/education\/title-29","title":{"rendered":"Titre 29"},"content":{"rendered":"<div data-elementor-type=\"wp-page\" data-elementor-id=\"5965\" class=\"elementor elementor-5965\" data-elementor-post-type=\"page\">\n\t\t\t\t<div class=\"elementor-element elementor-element-ce4cb0b cemeteries-page e-flex e-con-boxed e-con e-parent\" data-id=\"ce4cb0b\" data-element_type=\"container\">\n\t\t\t\t\t<div class=\"e-con-inner\">\n\t\t<div class=\"elementor-element elementor-element-820c655 e-con-full e-flex e-con e-child\" data-id=\"820c655\" data-element_type=\"container\">\n\t\t\t\t<div class=\"elementor-element elementor-element-d708e13 elementor-widget elementor-widget-heading\" data-id=\"d708e13\" data-element_type=\"widget\" data-widget_type=\"heading.default\">\n\t\t\t\t<div class=\"elementor-widget-container\">\n\t\t\t\t\t<h2 class=\"elementor-heading-title elementor-size-default\">Exemption des frais de scolarit\u00e9 pour les r\u00e9sidents de l&#039;\u00c9tat (Titre 29)<\/h2>\t\t\t\t<\/div>\n\t\t\t\t<\/div>\n\t\t\t\t<div class=\"elementor-element elementor-element-12ddf68 intro elementor-widget elementor-widget-text-editor\" data-id=\"12ddf68\" data-element_type=\"widget\" data-widget_type=\"text-editor.default\">\n\t\t\t\t<div class=\"elementor-widget-container\">\n\t\t\t\t\t\t\t\t\t<p>L&#039;exemption des frais de scolarit\u00e9 pour les r\u00e9sidents de l&#039;\u00c9tat de Louisiane (Titre 29) offre une aide financi\u00e8re aux enfants, conjoints et conjoints survivants de v\u00e9t\u00e9rans qui remplissent certaines conditions. Cette exemption peut \u00eatre cumul\u00e9e avec d&#039;autres aides. <a href=\"\/fr\/education\/loi-gi\/\">GI Bill<sup>\u00ae<\/sup> avantages<\/a>, et plus de 4 200 personnes \u00e0 charge d&#039;anciens combattants re\u00e7oivent actuellement des prestations au titre du Titre 29.<\/p>\t\t\t\t\t\t\t\t<\/div>\n\t\t\t\t<\/div>\n\t\t\t\t<\/div>\n\t\t<div class=\"elementor-element elementor-element-a6ca14c e-con-full e-flex e-con e-child\" data-id=\"a6ca14c\" data-element_type=\"container\">\n\t\t\t\t<div class=\"elementor-element elementor-element-547f59c elementor-widget elementor-widget-heading\" data-id=\"547f59c\" data-element_type=\"widget\" data-widget_type=\"heading.default\">\n\t\t\t\t<div class=\"elementor-widget-container\">\n\t\t\t\t\t<h2 class=\"elementor-heading-title elementor-size-default\">Crit\u00e8res d&#039;admissibilit\u00e9 et de r\u00e9sidence<\/h2>\t\t\t\t<\/div>\n\t\t\t\t<\/div>\n\t\t\t\t<div class=\"elementor-element elementor-element-7a424d1 intro elementor-widget elementor-widget-text-editor\" data-id=\"7a424d1\" data-element_type=\"widget\" data-widget_type=\"text-editor.default\">\n\t\t\t\t<div class=\"elementor-widget-container\">\n\t\t\t\t\t\t\t\t\t<p>Pour <a href=\"\/wp-content\/uploads\/2025\/06\/Title29EligReqsLiving.pdf\" target=\"_blank\" rel=\"noopener\">v\u00e9t\u00e9rans vivants<\/a>, Les enfants sont admissibles\u00a0; pour les anciens combattants prisonniers de guerre ou disparus au combat, les conjoints sont admissibles\u00a0; et pour <a href=\"\/wp-content\/uploads\/2025\/06\/Title29EligReqsDeceased.pdf\" target=\"_blank\" rel=\"noopener\">v\u00e9t\u00e9rans d\u00e9c\u00e9d\u00e9s<\/a>, Les conjoints survivants et les enfants sont admissibles. Les crit\u00e8res d&#039;admissibilit\u00e9 diff\u00e8rent selon qu&#039;il s&#039;agit d&#039;un v\u00e9t\u00e9ran vivant ou d\u00e9c\u00e9d\u00e9.<\/p><p>L&#039;admissibilit\u00e9 aux prestations d&#039;\u00e9ducation du titre 29 exige \u00e9galement que les anciens combattants r\u00e9pondent aux crit\u00e8res suivants : <a href=\"https:\/\/vetaffairs.la.gov\/wp-content\/uploads\/2025\/09\/Title29ResidencyReqs.pdf\" target=\"_blank\" rel=\"noopener\">exigences de r\u00e9sidence<\/a>.<\/p>\t\t\t\t\t\t\t\t<\/div>\n\t\t\t\t<\/div>\n\t\t\t\t<\/div>\n\t\t<div class=\"elementor-element elementor-element-4ba626c e-con-full e-flex e-con e-child\" data-id=\"4ba626c\" data-element_type=\"container\">\n\t\t\t\t<div class=\"elementor-element elementor-element-a008e52 elementor-widget elementor-widget-heading\" data-id=\"a008e52\" data-element_type=\"widget\" data-widget_type=\"heading.default\">\n\t\t\t\t<div class=\"elementor-widget-container\">\n\t\t\t\t\t<h2 class=\"elementor-heading-title elementor-size-default\">Comment postuler<\/h2>\t\t\t\t<\/div>\n\t\t\t\t<\/div>\n\t\t\t\t<div class=\"elementor-element elementor-element-9d35b09 intro elementor-widget elementor-widget-text-editor\" data-id=\"9d35b09\" data-element_type=\"widget\" data-widget_type=\"text-editor.default\">\n\t\t\t\t<div class=\"elementor-widget-container\">\n\t\t\t\t\t\t\t\t\t<p>Pour postuler, contactez votre <a href=\"\/fr\/lieux\/\">bureau des services aux anciens combattants de la paroisse<\/a> Pour prendre rendez-vous avec un conseiller en aide aux anciens combattants, veuillez contacter notre centre d&#039;aide aux anciens combattants. Ce dernier vous indiquera les documents \u00e0 apporter lors de votre rendez-vous. Le conseiller d\u00e9terminera alors votre admissibilit\u00e9 et approuvera ou refusera votre demande. Si votre demande est approuv\u00e9e, le centre d&#039;aide aux anciens combattants transmettra le certificat au si\u00e8ge du D\u00e9partement des affaires des anciens combattants de Louisiane (LDVA) pour traitement. Le certificat sera ensuite envoy\u00e9 par courrier \u00e0 l&#039;\u00e9tudiant, qui devra le pr\u00e9senter au bureau administratif de son \u00e9tablissement scolaire, responsable des prestations du Titre 29.<\/p>\t\t\t\t\t\t\t\t<\/div>\n\t\t\t\t<\/div>\n\t\t\t\t<\/div>\n\t\t\t\t\t<\/div>\n\t\t\t\t<\/div>\n\t\t\t\t<\/div>","protected":false},"excerpt":{"rendered":"<p>Exon\u00e9ration des frais de scolarit\u00e9 pour les r\u00e9sidents de l&#039;\u00c9tat (Titre 29)\u00a0: L&#039;exon\u00e9ration des frais de scolarit\u00e9 pour les r\u00e9sidents de l&#039;\u00c9tat de Louisiane (Titre 29) offre une aide financi\u00e8re aux enfants, aux conjoints et aux survivants\u2026<\/p>","protected":false},"author":5,"featured_media":0,"parent":35,"menu_order":0,"comment_status":"closed","ping_status":"closed","template":"","meta":{"_acf_changed":false,"footnotes":"","_links_to":"","_links_to_target":""},"class_list":["post-5965","page","type-page","status-publish","hentry"],"acf":[],"_links":{"self":[{"href":"https:\/\/vetaffairs.la.gov\/fr\/wp-json\/wp\/v2\/pages\/5965","targetHints":{"allow":["GET"]}}],"collection":[{"href":"https:\/\/vetaffairs.la.gov\/fr\/wp-json\/wp\/v2\/pages"}],"about":[{"href":"https:\/\/vetaffairs.la.gov\/fr\/wp-json\/wp\/v2\/types\/page"}],"author":[{"embeddable":true,"href":"https:\/\/vetaffairs.la.gov\/fr\/wp-json\/wp\/v2\/users\/5"}],"replies":[{"embeddable":true,"href":"https:\/\/vetaffairs.la.gov\/fr\/wp-json\/wp\/v2\/comments?post=5965"}],"version-history":[{"count":0,"href":"https:\/\/vetaffairs.la.gov\/fr\/wp-json\/wp\/v2\/pages\/5965\/revisions"}],"up":[{"embeddable":true,"href":"https:\/\/vetaffairs.la.gov\/fr\/wp-json\/wp\/v2\/pages\/35"}],"wp:attachment":[{"href":"https:\/\/vetaffairs.la.gov\/fr\/wp-json\/wp\/v2\/media?parent=5965"}],"curies":[{"name":"wp","href":"https:\/\/api.w.org\/{rel}","templated":true}]}}