{"id":5964,"date":"2025-06-18T13:28:39","date_gmt":"2025-06-18T18:28:39","guid":{"rendered":"https:\/\/vetaffairs.la.gov\/?page_id=5964"},"modified":"2025-06-30T15:47:53","modified_gmt":"2025-06-30T20:47:53","slug":"loi-gi","status":"publish","type":"page","link":"https:\/\/vetaffairs.la.gov\/fr\/education\/gi-bill","title":{"rendered":"GI Bill\u00ae"},"content":{"rendered":"<div data-elementor-type=\"wp-page\" data-elementor-id=\"5964\" class=\"elementor elementor-5964\" data-elementor-post-type=\"page\">\n\t\t\t\t<div class=\"elementor-element elementor-element-e749f16 cemeteries-page e-flex e-con-boxed e-con e-parent\" data-id=\"e749f16\" data-element_type=\"container\">\n\t\t\t\t\t<div class=\"e-con-inner\">\n\t\t<div class=\"elementor-element elementor-element-eab95c4 e-con-full e-flex e-con e-child\" data-id=\"eab95c4\" data-element_type=\"container\">\n\t\t\t\t<div class=\"elementor-element elementor-element-0e2391d elementor-widget elementor-widget-heading\" data-id=\"0e2391d\" data-element_type=\"widget\" data-widget_type=\"heading.default\">\n\t\t\t\t<div class=\"elementor-widget-container\">\n\t\t\t\t\t<h2 class=\"elementor-heading-title elementor-size-default\">Agence d&#039;agr\u00e9ment de l&#039;\u00c9tat de Louisiane<\/h2>\t\t\t\t<\/div>\n\t\t\t\t<\/div>\n\t\t\t\t<div class=\"elementor-element elementor-element-a444510 intro elementor-widget elementor-widget-text-editor\" data-id=\"a444510\" data-element_type=\"widget\" data-widget_type=\"text-editor.default\">\n\t\t\t\t<div class=\"elementor-widget-container\">\n\t\t\t\t\t\t\t\t\t<p>L&#039;agence d&#039;approbation de l&#039;\u00c9tat de Louisiane (SAA) contribue \u00e0 l&#039;obtention du GI Bill.<sup>\u00ae<\/sup> Le SAA a pour mission de promouvoir et de garantir des programmes d&#039;\u00e9ducation et de formation de qualit\u00e9 pour les anciens combattants. De plus, il veille \u00e0 offrir davantage de possibilit\u00e9s d&#039;\u00e9ducation et de formation aux anciens combattants et prot\u00e8ge l&#039;int\u00e9grit\u00e9 du GI Bill.<sup>\u00ae<\/sup>.<\/p><p>Le personnel des agences d&#039;approbation des \u00c9tats travaille en \u00e9troite collaboration avec d&#039;autres organisations, notamment des agences gouvernementales, le Congr\u00e8s, les \u00e9coles et les employeurs, pour rendre le GI Bill accessible.<sup>\u00ae<\/sup> Nous offrons le meilleur programme d&#039;aide \u00e0 la formation possible aux anciens combattants de notre \u00c9tat et \u00e0 leurs familles. Notre \u00e9quipe privil\u00e9gie ces collaborations afin de permettre aux anciens combattants d&#039;acc\u00e9der \u00e0 des programmes rigoureux et \u00e9thiques, dignes de confiance, qui les aideront \u00e0 atteindre leurs objectifs.<\/p>\t\t\t\t\t\t\t\t<\/div>\n\t\t\t\t<\/div>\n\t\t\t\t<\/div>\n\t\t<div class=\"elementor-element elementor-element-6326410 e-con-full e-flex e-con e-child\" data-id=\"6326410\" data-element_type=\"container\">\n\t\t\t\t<div class=\"elementor-element elementor-element-67f9c53 elementor-widget elementor-widget-heading\" data-id=\"67f9c53\" data-element_type=\"widget\" data-widget_type=\"heading.default\">\n\t\t\t\t<div class=\"elementor-widget-container\">\n\t\t\t\t\t<h2 class=\"elementor-heading-title elementor-size-default\">GI Bill<sup>\u00ae<\/sup> en Louisiane<\/h2>\t\t\t\t<\/div>\n\t\t\t\t<\/div>\n\t\t\t\t<div class=\"elementor-element elementor-element-a18b4b9 intro elementor-widget elementor-widget-text-editor\" data-id=\"a18b4b9\" data-element_type=\"widget\" data-widget_type=\"text-editor.default\">\n\t\t\t\t<div class=\"elementor-widget-container\">\n\t\t\t\t\t\t\t\t\t<p>Actuellement, pr\u00e8s de 260 \u00e9tablissements d&#039;enseignement actifs en Louisiane sont certifi\u00e9s par le personnel de la SAA et accueillent plus de 10\u00a0700 anciens combattants et personnes \u00e0 charge qui b\u00e9n\u00e9ficient du GI Bill\u00ae. Ces \u00e9tudiants g\u00e9n\u00e8rent plus de 14\u00a0196 millions de dollars de fonds f\u00e9d\u00e9raux. <a href=\"https:\/\/va.gov\" target=\"_blank\" rel=\"noopener\">D\u00e9partement des affaires des anciens combattants des \u00c9tats-Unis<\/a>, contribuant ainsi aux milliards que les anciens combattants rapportent chaque ann\u00e9e en Louisiane.<\/p><p>Pour trouver les \u00e9coles qui acceptent activement le GI Bill<sup>\u00ae<\/sup> en Louisiane, utilisez le <a href=\"https:\/\/www.va.gov\/education\/gi-bill-comparison-tool\/\" target=\"_blank\" rel=\"noopener\">GI Bill<sup>\u00ae<\/sup> outil de comparaison<\/a>. L&#039;outil propose des options de recherche par nom et par lieu, ainsi que des filtres pour faciliter la recherche. Chaque fiche contient des informations sur le nombre de b\u00e9n\u00e9ficiaires du GI Bill.<sup>\u00ae<\/sup> Vous trouverez ci-dessous des informations sur les \u00e9tudiants qui fr\u00e9quentent actuellement cet \u00e9tablissement, ainsi que sur les programmes offerts, les avantages estim\u00e9s et les coordonn\u00e9es.<\/p>\t\t\t\t\t\t\t\t<\/div>\n\t\t\t\t<\/div>\n\t\t\t\t<\/div>\n\t\t<div class=\"elementor-element elementor-element-6aa50bf e-con-full e-flex e-con e-child\" data-id=\"6aa50bf\" data-element_type=\"container\">\n\t\t\t\t<div class=\"elementor-element elementor-element-f297aa6 elementor-widget elementor-widget-heading\" data-id=\"f297aa6\" data-element_type=\"widget\" data-widget_type=\"heading.default\">\n\t\t\t\t<div class=\"elementor-widget-container\">\n\t\t\t\t\t<h2 class=\"elementor-heading-title elementor-size-default\">GI Bill<sup>\u00ae<\/sup> Chapitres, programmes, licences et certifications<\/h2>\t\t\t\t<\/div>\n\t\t\t\t<\/div>\n\t\t\t\t<div class=\"elementor-element elementor-element-e332c8f elementor-widget elementor-widget-heading\" data-id=\"e332c8f\" data-element_type=\"widget\" data-widget_type=\"heading.default\">\n\t\t\t\t<div class=\"elementor-widget-container\">\n\t\t\t\t\t<h3 class=\"elementor-heading-title elementor-size-default\">Loi sur les anciens combattants post-11 septembre<sup>\u00ae<\/sup> (Chapitre 33)<\/h3>\t\t\t\t<\/div>\n\t\t\t\t<\/div>\n\t\t\t\t<div class=\"elementor-element elementor-element-36f4ea4 intro elementor-widget elementor-widget-text-editor\" data-id=\"36f4ea4\" data-element_type=\"widget\" data-widget_type=\"text-editor.default\">\n\t\t\t\t<div class=\"elementor-widget-container\">\n\t\t\t\t\t\t\t\t\t<p>La loi sur les anciens combattants post-11 septembre<sup>\u00ae<\/sup> Il s&#039;agit d&#039;une aide \u00e0 la formation destin\u00e9e aux militaires et aux anciens combattants ayant servi en service actif apr\u00e8s le 10 septembre 2001. Les prestations sont payables pour les formations suivies apr\u00e8s le 1er ao\u00fbt 2009. Aucun paiement ne peut \u00eatre effectu\u00e9 dans le cadre de ce programme pour les formations suivies avant cette date.<\/p>\t\t\t\t\t\t\t\t<\/div>\n\t\t\t\t<\/div>\n\t\t\t\t<div class=\"elementor-element elementor-element-a2a34b4 elementor-widget elementor-widget-heading\" data-id=\"a2a34b4\" data-element_type=\"widget\" data-widget_type=\"heading.default\">\n\t\t\t\t<div class=\"elementor-widget-container\">\n\t\t\t\t\t<h3 class=\"elementor-heading-title elementor-size-default\">Montgomery GI Bill<sup>\u00ae<\/sup> (Chapitre 30)<\/h3>\t\t\t\t<\/div>\n\t\t\t\t<\/div>\n\t\t\t\t<div class=\"elementor-element elementor-element-a976f1c intro elementor-widget elementor-widget-text-editor\" data-id=\"a976f1c\" data-element_type=\"widget\" data-widget_type=\"text-editor.default\">\n\t\t\t\t<div class=\"elementor-widget-container\">\n\t\t\t\t\t\t\t\t\t<p>La loi Montgomery GI Bill<sup>\u00ae<\/sup> Ce programme aide les \u00e9tudiants qui se sont engag\u00e9s dans l&#039;arm\u00e9e pour la premi\u00e8re fois apr\u00e8s le 1er juillet 1985 et qui ont accept\u00e9 une r\u00e9duction de leur solde de 1\u00a0TP4\u00a0T100 pendant 12 mois. Les anciens combattants doivent avoir re\u00e7u une mention honorable et les militaires en service actif doivent avoir accompli au moins deux ans de service actif pour pouvoir b\u00e9n\u00e9ficier de ces avantages.<\/p>\t\t\t\t\t\t\t\t<\/div>\n\t\t\t\t<\/div>\n\t\t\t\t<div class=\"elementor-element elementor-element-cceacf2 elementor-widget elementor-widget-heading\" data-id=\"cceacf2\" data-element_type=\"widget\" data-widget_type=\"heading.default\">\n\t\t\t\t<div class=\"elementor-widget-container\">\n\t\t\t\t\t<h3 class=\"elementor-heading-title elementor-size-default\">Montgomery GI Bill<sup>\u00ae<\/sup> R\u00e9serve s\u00e9lectionn\u00e9e (MGIB-SR) (Chapitre 1606)<\/h3>\t\t\t\t<\/div>\n\t\t\t\t<\/div>\n\t\t\t\t<div class=\"elementor-element elementor-element-fe9da3f intro elementor-widget elementor-widget-text-editor\" data-id=\"fe9da3f\" data-element_type=\"widget\" data-widget_type=\"text-editor.default\">\n\t\t\t\t<div class=\"elementor-widget-container\">\n\t\t\t\t\t\t\t\t\t<p>La loi Montgomery GI Bill<sup>\u00ae<\/sup> Le programme Selected Reserve offre une aide financi\u00e8re aux membres admissibles de la r\u00e9serve s\u00e9lectionn\u00e9e. Cela inclut les militaires de l&#039;Arm\u00e9e de terre, de la Marine, de l&#039;Arm\u00e9e de l&#039;air, du Corps des Marines, de la R\u00e9serve des garde-c\u00f4tes et de la Garde nationale.<\/p>\t\t\t\t\t\t\t\t<\/div>\n\t\t\t\t<\/div>\n\t\t\t\t<div class=\"elementor-element elementor-element-22a7e48 elementor-widget elementor-widget-heading\" data-id=\"22a7e48\" data-element_type=\"widget\" data-widget_type=\"heading.default\">\n\t\t\t\t<div class=\"elementor-widget-container\">\n\t\t\t\t\t<h3 class=\"elementor-heading-title elementor-size-default\">Pr\u00e9paration et emploi des anciens combattants (VR&amp;E) (Chapitre 31)\n<\/h3>\t\t\t\t<\/div>\n\t\t\t\t<\/div>\n\t\t\t\t<div class=\"elementor-element elementor-element-56845f2 intro elementor-widget elementor-widget-text-editor\" data-id=\"56845f2\" data-element_type=\"widget\" data-widget_type=\"text-editor.default\">\n\t\t\t\t<div class=\"elementor-widget-container\">\n\t\t\t\t\t\t\t\t\t<p>Le programme VR&amp;E (Veterans Readiness and Employment) vise \u00e0 aider les anciens combattants souffrant d&#039;invalidit\u00e9s li\u00e9es au service militaire \u00e0 trouver un emploi adapt\u00e9 et \u00e0 devenir autonomes. Il propose des services tels que la formation professionnelle, le conseil et le soutien scolaire, et peut \u00eatre cumul\u00e9 avec d&#039;autres prestations comme le GI Bill.<sup>\u00ae<\/sup>.<\/p>\t\t\t\t\t\t\t\t<\/div>\n\t\t\t\t<\/div>\n\t\t\t\t<div class=\"elementor-element elementor-element-5c7ee36 elementor-widget elementor-widget-heading\" data-id=\"5c7ee36\" data-element_type=\"widget\" data-widget_type=\"heading.default\">\n\t\t\t\t<div class=\"elementor-widget-container\">\n\t\t\t\t\t<h3 class=\"elementor-heading-title elementor-size-default\">\u00c9ducation des survivants et des personnes \u00e0 charge (Chapitre 35)\n<\/h3>\t\t\t\t<\/div>\n\t\t\t\t<\/div>\n\t\t\t\t<div class=\"elementor-element elementor-element-dc3b79b intro elementor-widget elementor-widget-text-editor\" data-id=\"dc3b79b\" data-element_type=\"widget\" data-widget_type=\"text-editor.default\">\n\t\t\t\t<div class=\"elementor-widget-container\">\n\t\t\t\t\t\t\t\t\t<p>Les prestations d&#039;\u00e9ducation pour les survivants et les personnes \u00e0 charge offrent des possibilit\u00e9s d&#039;\u00e9ducation et de formation aux personnes \u00e0 charge des anciens combattants qui sont invalides de fa\u00e7on permanente et totale en raison d&#039;une affection li\u00e9e au service, ou qui sont d\u00e9c\u00e9d\u00e9s en service actif ou des suites d&#039;une affection li\u00e9e au service.<\/p>\t\t\t\t\t\t\t\t<\/div>\n\t\t\t\t<\/div>\n\t\t\t\t<div class=\"elementor-element elementor-element-36c592a elementor-widget elementor-widget-heading\" data-id=\"36c592a\" data-element_type=\"widget\" data-widget_type=\"heading.default\">\n\t\t\t\t<div class=\"elementor-widget-container\">\n\t\t\t\t\t<h3 class=\"elementor-heading-title elementor-size-default\">Programme d&#039;apprentissage et de formation en milieu de travail (FMT)\n<\/h3>\t\t\t\t<\/div>\n\t\t\t\t<\/div>\n\t\t\t\t<div class=\"elementor-element elementor-element-335ff97 intro elementor-widget elementor-widget-text-editor\" data-id=\"335ff97\" data-element_type=\"widget\" data-widget_type=\"text-editor.default\">\n\t\t\t\t<div class=\"elementor-widget-container\">\n\t\t\t\t\t\t\t\t\t<p>Le programme d&#039;apprentissage et de formation en milieu de travail (FMT) offre une alternative aux prestations d&#039;\u00e9ducation et de formation. Si vous apprenez un m\u00e9tier ou une comp\u00e9tence par le biais d&#039;une formation en milieu de travail ou d&#039;un apprentissage, renseignez-vous sur les avantages li\u00e9s au GI Bill.<sup>\u00ae<\/sup> Les prestations peuvent vous aider \u00e0 couvrir vos frais de subsistance. Et si vous utilisez le programme GI Bill post-11 septembre<sup>\u00ae<\/sup> En plus des avantages sociaux, vous pourriez \u00e9galement obtenir une aide financi\u00e8re pour l&#039;achat de livres et de fournitures n\u00e9cessaires \u00e0 votre formation. Parlez-en \u00e0 votre employeur si cet avantage vous int\u00e9resse.<\/p>\t\t\t\t\t\t\t\t<\/div>\n\t\t\t\t<\/div>\n\t\t\t\t<div class=\"elementor-element elementor-element-fd009dd elementor-widget elementor-widget-heading\" data-id=\"fd009dd\" data-element_type=\"widget\" data-widget_type=\"heading.default\">\n\t\t\t\t<div class=\"elementor-widget-container\">\n\t\t\t\t\t<h3 class=\"elementor-heading-title elementor-size-default\">Licences et certifications<\/h3>\t\t\t\t<\/div>\n\t\t\t\t<\/div>\n\t\t\t\t<div class=\"elementor-element elementor-element-efd5898 intro elementor-widget elementor-widget-text-editor\" data-id=\"efd5898\" data-element_type=\"widget\" data-widget_type=\"text-editor.default\">\n\t\t\t\t<div class=\"elementor-widget-container\">\n\t\t\t\t\t\t\t\t\t<p>L&#039;obtention d&#039;une licence ou d&#039;une certification peut ouvrir de nouvelles perspectives d&#039;emploi, notamment pour exercer des professions telles que m\u00e9canicien, technicien m\u00e9dical, avocat ou autres professions lib\u00e9rales. Souvent exig\u00e9es dans certains secteurs, ces certifications peuvent donner droit \u00e0 un remboursement au titre du GI Bill\u00ae.<\/p>\t\t\t\t\t\t\t\t<\/div>\n\t\t\t\t<\/div>\n\t\t\t\t<\/div>\n\t\t<div class=\"elementor-element elementor-element-952fb46 e-con-full e-flex e-con e-child\" data-id=\"952fb46\" data-element_type=\"container\">\n\t\t\t\t<div class=\"elementor-element elementor-element-984f7b0 elementor-widget elementor-widget-heading\" data-id=\"984f7b0\" data-element_type=\"widget\" data-widget_type=\"heading.default\">\n\t\t\t\t<div class=\"elementor-widget-container\">\n\t\t\t\t\t<h2 class=\"elementor-heading-title elementor-size-default\">Pour plus d&#039;informations<\/h2>\t\t\t\t<\/div>\n\t\t\t\t<\/div>\n\t\t\t\t<div class=\"elementor-element elementor-element-f705dff intro elementor-widget elementor-widget-text-editor\" data-id=\"f705dff\" data-element_type=\"widget\" data-widget_type=\"text-editor.default\">\n\t\t\t\t<div class=\"elementor-widget-container\">\n\t\t\t\t\t\t\t\t\t<p>Pour plus d&#039;informations sur le GI Bill<sup>\u00ae<\/sup>, ou pour se renseigner sur les conditions d&#039;admissibilit\u00e9 ou faire une demande de prestations f\u00e9d\u00e9rales d&#039;\u00e9ducation, <a href=\"https:\/\/va.gov\" target=\"_blank\" rel=\"noopener\">situer<\/a>\u00a0un de nos conseillers en aide aux anciens combattants dans un bureau de services aux anciens combattants de la paroisse.<\/p><p>GI Bill<sup>\u00ae<\/sup> est une marque d\u00e9pos\u00e9e du D\u00e9partement des affaires des anciens combattants des \u00c9tats-Unis.<\/p>\t\t\t\t\t\t\t\t<\/div>\n\t\t\t\t<\/div>\n\t\t\t\t<\/div>\n\t\t\t\t\t<\/div>\n\t\t\t\t<\/div>\n\t\t\t\t<\/div>","protected":false},"excerpt":{"rendered":"<p>L&#039;agence d&#039;agr\u00e9ment de l&#039;\u00c9tat de Louisiane (SAA) contribue \u00e0 la mise en \u0153uvre du GI Bill\u00ae en ayant pour mission de promouvoir et\u2026<\/p>","protected":false},"author":5,"featured_media":0,"parent":35,"menu_order":0,"comment_status":"closed","ping_status":"closed","template":"","meta":{"_acf_changed":false,"footnotes":"","_links_to":"","_links_to_target":""},"class_list":["post-5964","page","type-page","status-publish","hentry"],"acf":[],"_links":{"self":[{"href":"https:\/\/vetaffairs.la.gov\/fr\/wp-json\/wp\/v2\/pages\/5964","targetHints":{"allow":["GET"]}}],"collection":[{"href":"https:\/\/vetaffairs.la.gov\/fr\/wp-json\/wp\/v2\/pages"}],"about":[{"href":"https:\/\/vetaffairs.la.gov\/fr\/wp-json\/wp\/v2\/types\/page"}],"author":[{"embeddable":true,"href":"https:\/\/vetaffairs.la.gov\/fr\/wp-json\/wp\/v2\/users\/5"}],"replies":[{"embeddable":true,"href":"https:\/\/vetaffairs.la.gov\/fr\/wp-json\/wp\/v2\/comments?post=5964"}],"version-history":[{"count":0,"href":"https:\/\/vetaffairs.la.gov\/fr\/wp-json\/wp\/v2\/pages\/5964\/revisions"}],"up":[{"embeddable":true,"href":"https:\/\/vetaffairs.la.gov\/fr\/wp-json\/wp\/v2\/pages\/35"}],"wp:attachment":[{"href":"https:\/\/vetaffairs.la.gov\/fr\/wp-json\/wp\/v2\/media?parent=5964"}],"curies":[{"name":"wp","href":"https:\/\/api.w.org\/{rel}","templated":true}]}}