{"id":37,"date":"2025-02-24T14:44:36","date_gmt":"2025-02-24T20:44:36","guid":{"rendered":"https:\/\/veteran-affairs-louisiana.local\/?page_id=37"},"modified":"2025-12-10T14:47:23","modified_gmt":"2025-12-10T20:47:23","slug":"cimetieres","status":"publish","type":"page","link":"https:\/\/vetaffairs.la.gov\/fr\/cemeteries","title":{"rendered":"cimeti\u00e8res"},"content":{"rendered":"<div data-elementor-type=\"wp-page\" data-elementor-id=\"37\" class=\"elementor elementor-37\" data-elementor-post-type=\"page\">\n\t\t\t\t<div class=\"elementor-element elementor-element-fe67621 cemeteries-page e-flex e-con-boxed e-con e-parent\" data-id=\"fe67621\" data-element_type=\"container\">\n\t\t\t\t\t<div class=\"e-con-inner\">\n\t\t\t\t<div class=\"elementor-element elementor-element-5a59df9 elementor-widget elementor-widget-heading\" data-id=\"5a59df9\" data-element_type=\"widget\" data-widget_type=\"heading.default\">\n\t\t\t\t<div class=\"elementor-widget-container\">\n\t\t\t\t\t<span class=\"elementor-heading-title elementor-size-default\">Offrir un lieu de repos final digne<\/span>\t\t\t\t<\/div>\n\t\t\t\t<\/div>\n\t\t\t\t<div class=\"elementor-element elementor-element-31eab85 elementor-widget elementor-widget-image\" data-id=\"31eab85\" data-element_type=\"widget\" data-widget_type=\"image.default\">\n\t\t\t\t<div class=\"elementor-widget-container\">\n\t\t\t\t\t\t\t\t\t\t\t\t\t\t\t<img decoding=\"async\" width=\"213\" height=\"25\" src=\"https:\/\/vetaffairs.la.gov\/wp-content\/uploads\/2025\/03\/star-pod-horizontal-with-dashed-line.svg\" class=\"attachment-medium_large size-medium_large wp-image-5402\" alt=\"\" \/>\t\t\t\t\t\t\t\t\t\t\t\t\t\t\t<\/div>\n\t\t\t\t<\/div>\n\t\t\t\t<div class=\"elementor-element elementor-element-958ef59 intro elementor-widget elementor-widget-text-editor\" data-id=\"958ef59\" data-element_type=\"widget\" data-widget_type=\"text-editor.default\">\n\t\t\t\t<div class=\"elementor-widget-container\">\n\t\t\t\t\t\t\t\t\t<p>Le D\u00e9partement des affaires des anciens combattants de Louisiane g\u00e8re cinq cimeti\u00e8res dans l&#039;\u00c9tat. Chaque cimeti\u00e8re offre un cadre paisible et magnifique o\u00f9 les anciens combattants, leurs conjoints et leurs enfants \u00e0 charge peuvent reposer en paix. <\/p>\t\t\t\t\t\t\t\t<\/div>\n\t\t\t\t<\/div>\n\t\t<div class=\"elementor-element elementor-element-79f008f e-grid e-con-full buttons e-con e-child\" data-id=\"79f008f\" data-element_type=\"container\">\n\t\t\t\t<div class=\"elementor-element elementor-element-e590a3d elementor-align-justify elementor-widget elementor-widget-button\" data-id=\"e590a3d\" data-element_type=\"widget\" data-widget_type=\"button.default\">\n\t\t\t\t<div class=\"elementor-widget-container\">\n\t\t\t\t\t\t\t\t\t<div class=\"elementor-button-wrapper\">\n\t\t\t\t\t<a class=\"elementor-button elementor-button-link elementor-size-sm elementor-animation-grow\" href=\"\/fr\/cimetieres\/cimetiere-des-anciens-combattants-du-centre-de-la-louisiane\/\">\n\t\t\t\t\t\t<span class=\"elementor-button-content-wrapper\">\n\t\t\t\t\t\t\t\t\t<span class=\"elementor-button-text\">Cimeti\u00e8re des anciens combattants du centre de la Louisiane \u00e0 Leesville<\/span>\n\t\t\t\t\t<\/span>\n\t\t\t\t\t<\/a>\n\t\t\t\t<\/div>\n\t\t\t\t\t\t\t\t<\/div>\n\t\t\t\t<\/div>\n\t\t\t\t<div class=\"elementor-element elementor-element-287315d elementor-align-justify elementor-widget elementor-widget-button\" data-id=\"287315d\" data-element_type=\"widget\" data-widget_type=\"button.default\">\n\t\t\t\t<div class=\"elementor-widget-container\">\n\t\t\t\t\t\t\t\t\t<div class=\"elementor-button-wrapper\">\n\t\t\t\t\t<a class=\"elementor-button elementor-button-link elementor-size-sm elementor-animation-grow\" href=\"\/fr\/cimetieres\/cimetiere-des-anciens-combattants-du-nord-est-de-la-louisiane\/\">\n\t\t\t\t\t\t<span class=\"elementor-button-content-wrapper\">\n\t\t\t\t\t\t\t\t\t<span class=\"elementor-button-text\">Cimeti\u00e8re des anciens combattants du nord-est de la Louisiane \u00e0 Rayville<\/span>\n\t\t\t\t\t<\/span>\n\t\t\t\t\t<\/a>\n\t\t\t\t<\/div>\n\t\t\t\t\t\t\t\t<\/div>\n\t\t\t\t<\/div>\n\t\t\t\t<div class=\"elementor-element elementor-element-837d350 elementor-align-justify elementor-widget elementor-widget-button\" data-id=\"837d350\" data-element_type=\"widget\" data-widget_type=\"button.default\">\n\t\t\t\t<div class=\"elementor-widget-container\">\n\t\t\t\t\t\t\t\t\t<div class=\"elementor-button-wrapper\">\n\t\t\t\t\t<a class=\"elementor-button elementor-button-link elementor-size-sm elementor-animation-grow\" href=\"\/fr\/cimetieres\/cimetiere-des-anciens-combattants-du-nord-ouest-de-la-louisiane\/\">\n\t\t\t\t\t\t<span class=\"elementor-button-content-wrapper\">\n\t\t\t\t\t\t\t\t\t<span class=\"elementor-button-text\">Cimeti\u00e8re des anciens combattants du nord-ouest de la Louisiane \u00e0 Keithville<\/span>\n\t\t\t\t\t<\/span>\n\t\t\t\t\t<\/a>\n\t\t\t\t<\/div>\n\t\t\t\t\t\t\t\t<\/div>\n\t\t\t\t<\/div>\n\t\t\t\t<div class=\"elementor-element elementor-element-d8aaae4 elementor-align-justify elementor-widget elementor-widget-button\" data-id=\"d8aaae4\" data-element_type=\"widget\" data-widget_type=\"button.default\">\n\t\t\t\t<div class=\"elementor-widget-container\">\n\t\t\t\t\t\t\t\t\t<div class=\"elementor-button-wrapper\">\n\t\t\t\t\t<a class=\"elementor-button elementor-button-link elementor-size-sm elementor-animation-grow\" href=\"\/fr\/cimetieres\/cimetiere-des-anciens-combattants-du-sud-est-de-la-louisiane\/\">\n\t\t\t\t\t\t<span class=\"elementor-button-content-wrapper\">\n\t\t\t\t\t\t\t\t\t<span class=\"elementor-button-text\">Cimeti\u00e8re des anciens combattants du sud-est de la Louisiane \u00e0 Slidell<\/span>\n\t\t\t\t\t<\/span>\n\t\t\t\t\t<\/a>\n\t\t\t\t<\/div>\n\t\t\t\t\t\t\t\t<\/div>\n\t\t\t\t<\/div>\n\t\t\t\t<\/div>\n\t\t<div class=\"elementor-element elementor-element-056efc0 e-con-full buttons e-flex e-con e-child\" data-id=\"056efc0\" data-element_type=\"container\" id=\"eligibility\">\n\t\t\t\t<div class=\"elementor-element elementor-element-53deeef elementor-align-center elementor-tablet-align-justify elementor-widget elementor-widget-button\" data-id=\"53deeef\" data-element_type=\"widget\" data-widget_type=\"button.default\">\n\t\t\t\t<div class=\"elementor-widget-container\">\n\t\t\t\t\t\t\t\t\t<div class=\"elementor-button-wrapper\">\n\t\t\t\t\t<a class=\"elementor-button elementor-button-link elementor-size-sm elementor-animation-grow\" href=\"\/fr\/cimetieres\/cimetiere-des-anciens-combattants-du-sud-ouest-de-la-louisiane\/\">\n\t\t\t\t\t\t<span class=\"elementor-button-content-wrapper\">\n\t\t\t\t\t\t\t\t\t<span class=\"elementor-button-text\">Cimeti\u00e8re des anciens combattants du sud-ouest de la Louisiane \u00e0 Jennings<\/span>\n\t\t\t\t\t<\/span>\n\t\t\t\t\t<\/a>\n\t\t\t\t<\/div>\n\t\t\t\t\t\t\t\t<\/div>\n\t\t\t\t<\/div>\n\t\t\t\t<\/div>\n\t\t\t\t<div class=\"elementor-element elementor-element-96d09a5 intro elementor-widget elementor-widget-text-editor\" data-id=\"96d09a5\" data-element_type=\"widget\" data-widget_type=\"text-editor.default\">\n\t\t\t\t<div class=\"elementor-widget-container\">\n\t\t\t\t\t\t\t\t\t<h2>Admissibilit\u00e9<\/h2><p>Les anciens combattants ayant effectu\u00e9 au moins un jour de service actif (hors entra\u00eenement) avant le 7 septembre 1980 (pour les engag\u00e9s) ou le 16 octobre 1981 (pour les officiers), ou pendant deux ann\u00e9es cons\u00e9cutives apr\u00e8s ces dates, et ayant \u00e9t\u00e9 lib\u00e9r\u00e9s du service avec honneur, sont admissibles \u00e0 l&#039;inhumation. Les r\u00e9servistes rappel\u00e9s au service actif en vertu du Titre 10 ou retrait\u00e9s de l&#039;arm\u00e9e et lib\u00e9r\u00e9s du service avec honneur, ainsi que tout ancien combattant dont l&#039;invalidit\u00e9 est reconnue par le D\u00e9partement des Anciens Combattants (VA), sont \u00e9galement admissibles.<\/p>\t\t\t\t\t\t\t\t<\/div>\n\t\t\t\t<\/div>\n\t\t\t\t<div class=\"elementor-element elementor-element-5bb6e55 intro elementor-widget elementor-widget-text-editor\" data-id=\"5bb6e55\" data-element_type=\"widget\" id=\"burial-services\" data-widget_type=\"text-editor.default\">\n\t\t\t\t<div class=\"elementor-widget-container\">\n\t\t\t\t\t\t\t\t\t<p>De plus, il y a un <a href=\"\/fr\/avantages\/etat\/\">prestations fun\u00e9raires de l&#039;\u00c9tat<\/a> qui pr\u00e9voit qu&#039;un membre du service de la Garde nationale de Louisiane ou d&#039;une composante de r\u00e9serve en exercice soit inhum\u00e9 avec son conjoint, si le membre du service \u00e9tait un r\u00e9sident de la Louisiane au moment du d\u00e9c\u00e8s et a re\u00e7u une lib\u00e9ration dans des conditions honorables.<\/p>\t\t\t\t\t\t\t\t<\/div>\n\t\t\t\t<\/div>\n\t\t\t\t<div class=\"elementor-element elementor-element-f776e4f intro elementor-widget elementor-widget-text-editor\" data-id=\"f776e4f\" data-element_type=\"widget\" data-widget_type=\"text-editor.default\">\n\t\t\t\t<div class=\"elementor-widget-container\">\n\t\t\t\t\t\t\t\t\t<h2>Services fun\u00e9raires<\/h2><p>Les cimeti\u00e8res militaires de Louisiane offrent un hommage digne et durable \u00e0 ceux qui ont servi notre pays. Chacun de nos cinq cimeti\u00e8res propose des services professionnels et empreints de compassion, notamment\u00a0:<\/p><ul><li>Honneurs militaires et\/ou c\u00e9r\u00e9monie d&#039;inhumation au moment des fun\u00e9railles<\/li><li>Options pour l&#039;inhumation en cercueil, l&#039;inhumation en urne et les urnes fun\u00e9raires hors sol<\/li><li>Pierres tombales ou plaques comm\u00e9moratives fournies par le D\u00e9partement des affaires des anciens combattants des \u00c9tats-Unis<\/li><li>Entretien perp\u00e9tuel du terrain sans frais pour la famille<\/li><li>Assistance personnalis\u00e9e de la part du personnel exp\u00e9riment\u00e9 du cimeti\u00e8re<\/li><\/ul>\t\t\t\t\t\t\t\t<\/div>\n\t\t\t\t<\/div>\n\t\t\t\t<div class=\"elementor-element elementor-element-089514b intro elementor-widget elementor-widget-text-editor\" data-id=\"089514b\" data-element_type=\"widget\" data-widget_type=\"text-editor.default\">\n\t\t\t\t<div class=\"elementor-widget-container\">\n\t\t\t\t\t\t\t\t\t<h2>Pierres tombales et marqueurs<\/h2><p>Plusieurs mod\u00e8les de pierres tombales et de plaques comm\u00e9moratives sont disponibles, et leur disponibilit\u00e9 varie selon les cimeti\u00e8res. Notre personnel exp\u00e9riment\u00e9 pourra vous conseiller sur les options disponibles. <a href=\"https:\/\/www.cem.va.gov\/hmm\/emblems.asp\" target=\"_blank\" rel=\"noopener\">de nombreux embl\u00e8mes de croyance disponibles<\/a> pour les pierres tombales et les plaques comm\u00e9moratives, <a href=\"https:\/\/www.cem.va.gov\/hmm\/inscriptions.asp\" target=\"_blank\" rel=\"noopener\">ainsi que des inscriptions<\/a> \u00e9nonc\u00e9 par le d\u00e9partement f\u00e9d\u00e9ral des Anciens Combattants.<\/p><p>Les v\u00e9t\u00e9rans et leurs conjoints partageront la m\u00eame st\u00e8le. Pour une st\u00e8le verticale, les informations concernant le conjoint figureront au dos\u00a0; pour toutes les autres st\u00e8les, elles seront inscrites sous celles du v\u00e9t\u00e9ran.<\/p>\t\t\t\t\t\t\t\t<\/div>\n\t\t\t\t<\/div>\n\t\t\t\t<div class=\"elementor-element elementor-element-18f62ce intro elementor-widget elementor-widget-text-editor\" data-id=\"18f62ce\" data-element_type=\"widget\" data-widget_type=\"text-editor.default\">\n\t\t\t\t<div class=\"elementor-widget-container\">\n\t\t\t\t\t\t\t\t\t<h2>Frais d&#039;inhumation<\/h2><p>L&#039;inhumation est gratuite pour les anciens combattants admissibles. Pour les conjoints et enfants \u00e0 charge des anciens combattants, les frais d&#039;inhumation sont minimes et correspondent \u00e0 l&#039;allocation f\u00e9d\u00e9rale pour concession fun\u00e9raire du D\u00e9partement des anciens combattants (VA) en vigueur au moment du d\u00e9c\u00e8s. Un membre du personnel de notre cimeti\u00e8re pourra vous fournir ces informations.<\/p>\t\t\t\t\t\t\t\t<\/div>\n\t\t\t\t<\/div>\n\t\t\t\t<div class=\"elementor-element elementor-element-a866146 intro elementor-widget elementor-widget-text-editor\" data-id=\"a866146\" data-element_type=\"widget\" data-widget_type=\"text-editor.default\">\n\t\t\t\t<div class=\"elementor-widget-container\">\n\t\t\t\t\t\t\t\t\t<h2>Organisation des fun\u00e9railles et demandes d&#039;inscription au cimeti\u00e8re<\/h2><p>Les arrangements fun\u00e9raires peuvent \u00eatre pris \u00e0 l&#039;avance aupr\u00e8s de l&#039;entreprise de pompes fun\u00e8bres de votre choix. Les anciens combattants peuvent remplir un formulaire. <a href=\"\/fr\/demande-de-prevoyance-funeraire\/\">demande pr\u00e9alable<\/a> aupr\u00e8s du cimeti\u00e8re s\u00e9lectionn\u00e9 afin de d\u00e9terminer si la personne est \u00e9ligible \u00e0 l&#039;inhumation avant son d\u00e9c\u00e8s\u00a0; toutefois, cela n&#039;est pas obligatoire. <a href=\"\/fr\/demande-de-prevoyance-funeraire\/\">demande d&#039;inhumation<\/a> Le formulaire peut \u00eatre rempli apr\u00e8s le d\u00e9c\u00e8s par les pompes fun\u00e8bres pour les inhumations en cercueil, ou par la famille ou les pompes fun\u00e8bres pour les cr\u00e9mations. Les anciens combattants peuvent \u00e9galement le remplir. <a href=\"\/wp-content\/uploads\/2025\/06\/PRE-NEED-TEST.pdf\" target=\"_blank\" rel=\"noopener\">application PDF remplissable<\/a> au lieu de la demande en ligne, celle-ci devra \u00eatre soumise par courriel ou par la poste au cimeti\u00e8re choisi.<\/p>\t\t\t\t\t\t\t\t<\/div>\n\t\t\t\t<\/div>\n\t\t\t\t<div class=\"elementor-element elementor-element-0361fad intro elementor-widget elementor-widget-text-editor\" data-id=\"0361fad\" data-element_type=\"widget\" data-widget_type=\"text-editor.default\">\n\t\t\t\t<div class=\"elementor-widget-container\">\n\t\t\t\t\t\t\t\t\t<h2>Localisateurs de s\u00e9pultures<\/h2><p>Deux outils de localisation de s\u00e9pultures sont disponibles pour ceux qui souhaitent retrouver une tombe. Notre service dispose de notre <a href=\"https:\/\/la.cemkiosk.com\/search\" target=\"_blank\" rel=\"noopener\">localisateur propre<\/a>, qui effectuera des recherches exclusivement dans nos cinq cimeti\u00e8res. De plus, il y a <a href=\"https:\/\/www.cem.va.gov\/nationwide-gravesite-locator\/\" target=\"_blank\" rel=\"noopener\">un localisateur<\/a> Ce service est fourni par le D\u00e9partement des affaires des anciens combattants des \u00c9tats-Unis, qui recherche les anciens combattants inhum\u00e9s dans tous les cimeti\u00e8res militaires d&#039;\u00c9tat et nationaux. Pour localiser les anciens combattants qui ne sont pas inhum\u00e9s dans un cimeti\u00e8re militaire d&#039;\u00c9tat ou national, vous pouvez utiliser <a href=\"https:\/\/www.findagrave.com\/\" target=\"_blank\" rel=\"noopener\">Trouver une tombe<\/a>.<\/p>\t\t\t\t\t\t\t\t<\/div>\n\t\t\t\t<\/div>\n\t\t\t\t<div class=\"elementor-element elementor-element-23651e3 intro elementor-widget elementor-widget-text-editor\" data-id=\"23651e3\" data-element_type=\"widget\" data-widget_type=\"text-editor.default\">\n\t\t\t\t<div class=\"elementor-widget-container\">\n\t\t\t\t\t\t\t\t\t<h2>Pour plus d&#039;informations<\/h2><p>Pour en savoir plus sur les services propos\u00e9s dans chaque cimeti\u00e8re et sur la mani\u00e8re dont notre personnel peut aider votre famille, s\u00e9lectionnez le cimeti\u00e8re qui vous int\u00e9resse en haut de cette page.<\/p>\t\t\t\t\t\t\t\t<\/div>\n\t\t\t\t<\/div>\n\t\t\t\t<div class=\"elementor-element elementor-element-c0877c7 intro elementor-widget elementor-widget-text-editor\" data-id=\"c0877c7\" data-element_type=\"widget\" data-widget_type=\"text-editor.default\">\n\t\t\t\t<div class=\"elementor-widget-container\">\n\t\t\t\t\t\t\t\t\t<h2>Informations sur les cimeti\u00e8res non g\u00e9r\u00e9s par le LDVA<\/h2><p>Pour les membres de la famille qui souhaitent commander une pierre tombale ou une plaque comm\u00e9morative pour un ancien combattant inhum\u00e9 dans un cimeti\u00e8re priv\u00e9, veuillez contacter directement l&#039;entreprise de pompes fun\u00e8bres qui a organis\u00e9 les obs\u00e8ques ou le cimeti\u00e8re o\u00f9 repose l&#039;ancien combattant.<\/p>\t\t\t\t\t\t\t\t<\/div>\n\t\t\t\t<\/div>\n\t\t\t\t\t<\/div>\n\t\t\t\t<\/div>\n\t\t\t\t<\/div>","protected":false},"excerpt":{"rendered":"<p>Le D\u00e9partement des affaires des anciens combattants de Louisiane g\u00e8re cinq cimeti\u00e8res \u00e0 travers l&#039;\u00c9tat, offrant ainsi une derni\u00e8re demeure digne.<\/p>","protected":false},"author":7,"featured_media":0,"parent":0,"menu_order":0,"comment_status":"closed","ping_status":"closed","template":"","meta":{"_acf_changed":false,"footnotes":"","_links_to":"","_links_to_target":""},"class_list":["post-37","page","type-page","status-publish","hentry"],"acf":[],"_links":{"self":[{"href":"https:\/\/vetaffairs.la.gov\/fr\/wp-json\/wp\/v2\/pages\/37","targetHints":{"allow":["GET"]}}],"collection":[{"href":"https:\/\/vetaffairs.la.gov\/fr\/wp-json\/wp\/v2\/pages"}],"about":[{"href":"https:\/\/vetaffairs.la.gov\/fr\/wp-json\/wp\/v2\/types\/page"}],"author":[{"embeddable":true,"href":"https:\/\/vetaffairs.la.gov\/fr\/wp-json\/wp\/v2\/users\/7"}],"replies":[{"embeddable":true,"href":"https:\/\/vetaffairs.la.gov\/fr\/wp-json\/wp\/v2\/comments?post=37"}],"version-history":[{"count":0,"href":"https:\/\/vetaffairs.la.gov\/fr\/wp-json\/wp\/v2\/pages\/37\/revisions"}],"wp:attachment":[{"href":"https:\/\/vetaffairs.la.gov\/fr\/wp-json\/wp\/v2\/media?parent=37"}],"curies":[{"name":"wp","href":"https:\/\/api.w.org\/{rel}","templated":true}]}}