{"id":35,"date":"2025-02-24T14:43:20","date_gmt":"2025-02-24T20:43:20","guid":{"rendered":"https:\/\/veteran-affairs-louisiana.local\/?page_id=35"},"modified":"2025-12-10T14:30:41","modified_gmt":"2025-12-10T20:30:41","slug":"education","status":"publish","type":"page","link":"https:\/\/vetaffairs.la.gov\/fr\/education","title":{"rendered":"\u00c9ducation"},"content":{"rendered":"<div data-elementor-type=\"wp-page\" data-elementor-id=\"35\" class=\"elementor elementor-35\" data-elementor-post-type=\"page\">\n\t\t\t\t<div class=\"elementor-element elementor-element-78367fd cemeteries-page e-flex e-con-boxed e-con e-parent\" data-id=\"78367fd\" data-element_type=\"container\">\n\t\t\t\t\t<div class=\"e-con-inner\">\n\t\t\t\t<div class=\"elementor-element elementor-element-3e942e4 elementor-widget elementor-widget-heading\" data-id=\"3e942e4\" data-element_type=\"widget\" data-widget_type=\"heading.default\">\n\t\t\t\t<div class=\"elementor-widget-container\">\n\t\t\t\t\t<span class=\"elementor-heading-title elementor-size-default\">Vous accompagner dans votre parcours \u00e9ducatif<\/span>\t\t\t\t<\/div>\n\t\t\t\t<\/div>\n\t\t\t\t<div class=\"elementor-element elementor-element-ea80f15 elementor-widget elementor-widget-image\" data-id=\"ea80f15\" data-element_type=\"widget\" data-widget_type=\"image.default\">\n\t\t\t\t<div class=\"elementor-widget-container\">\n\t\t\t\t\t\t\t\t\t\t\t\t\t\t\t<img decoding=\"async\" width=\"213\" height=\"25\" src=\"https:\/\/vetaffairs.la.gov\/wp-content\/uploads\/2025\/03\/star-pod-horizontal-with-dashed-line.svg\" class=\"attachment-medium_large size-medium_large wp-image-5402\" alt=\"\" \/>\t\t\t\t\t\t\t\t\t\t\t\t\t\t\t<\/div>\n\t\t\t\t<\/div>\n\t\t\t\t<div class=\"elementor-element elementor-element-bbfb08d intro elementor-widget elementor-widget-text-editor\" data-id=\"bbfb08d\" data-element_type=\"widget\" data-widget_type=\"text-editor.default\">\n\t\t\t\t<div class=\"elementor-widget-container\">\n\t\t\t\t\t\t\t\t\tLes anciens combattants de Louisiane et leurs personnes \u00e0 charge qui envisagent de poursuivre leurs \u00e9tudes peuvent b\u00e9n\u00e9ficier d&#039;aides financi\u00e8res, tant au niveau de l&#039;\u00c9tat qu&#039;au niveau f\u00e9d\u00e9ral. Les aides de l&#039;\u00c9tat comprennent l&#039;exemption des frais de scolarit\u00e9 pour les r\u00e9sidents de Louisiane (Titre 29) et le statut de r\u00e9sident de Louisiane, tandis que les aides f\u00e9d\u00e9rales incluent plusieurs volets du GI Bill.<sup>\u00ae<\/sup> et plus encore.\t\t\t\t\t\t\t\t<\/div>\n\t\t\t\t<\/div>\n\t\t<div class=\"elementor-element elementor-element-189afa8 e-con-full e-flex e-con e-child\" data-id=\"189afa8\" data-element_type=\"container\">\n\t\t\t\t<div class=\"elementor-element elementor-element-4231f73 elementor-widget elementor-widget-heading\" data-id=\"4231f73\" data-element_type=\"widget\" data-widget_type=\"heading.default\">\n\t\t\t\t<div class=\"elementor-widget-container\">\n\t\t\t\t\t<h2 class=\"elementor-heading-title elementor-size-default\">Avantages sociaux de l&#039;\u00c9tat<\/h2>\t\t\t\t<\/div>\n\t\t\t\t<\/div>\n\t\t\t\t<div class=\"elementor-element elementor-element-2e7a8fa elementor-widget elementor-widget-heading\" data-id=\"2e7a8fa\" data-element_type=\"widget\" data-widget_type=\"heading.default\">\n\t\t\t\t<div class=\"elementor-widget-container\">\n\t\t\t\t\t<h3 class=\"elementor-heading-title elementor-size-default\">Exemption des frais de scolarit\u00e9 pour les r\u00e9sidents de l&#039;\u00c9tat (Titre 29)<\/h3>\t\t\t\t<\/div>\n\t\t\t\t<\/div>\n\t\t\t\t<div class=\"elementor-element elementor-element-8d084a1 intro elementor-widget elementor-widget-text-editor\" data-id=\"8d084a1\" data-element_type=\"widget\" data-widget_type=\"text-editor.default\">\n\t\t\t\t<div class=\"elementor-widget-container\">\n\t\t\t\t\t\t\t\t\t<p>L&#039;exemption des frais de scolarit\u00e9 pour les r\u00e9sidents de la Louisiane, <a href=\"\/fr\/education\/titre-29\/\">Titre 29<\/a>, Ce programme offre des aides \u00e0 l&#039;\u00e9ducation aux enfants, conjoints et conjoints survivants de v\u00e9t\u00e9rans qui remplissent certaines conditions d&#039;admissibilit\u00e9. Pour les v\u00e9t\u00e9rans vivants, les enfants sont admissibles. Pour les v\u00e9t\u00e9rans prisonniers de guerre ou port\u00e9s disparus au combat, les conjoints sont admissibles, et pour les v\u00e9t\u00e9rans d\u00e9c\u00e9d\u00e9s, les conjoints survivants et les enfants sont admissibles. L&#039;admissibilit\u00e9 aux aides \u00e0 l&#039;\u00e9ducation pr\u00e9vues par le Titre 29 exige que les v\u00e9t\u00e9rans remplissent des conditions de r\u00e9sidence, lesquelles diff\u00e8rent selon qu&#039;ils soient vivants ou d\u00e9c\u00e9d\u00e9s.<\/p>\t\t\t\t\t\t\t\t<\/div>\n\t\t\t\t<\/div>\n\t\t\t\t<div class=\"elementor-element elementor-element-26c84e2 elementor-widget elementor-widget-heading\" data-id=\"26c84e2\" data-element_type=\"widget\" data-widget_type=\"heading.default\">\n\t\t\t\t<div class=\"elementor-widget-container\">\n\t\t\t\t\t<h3 class=\"elementor-heading-title elementor-size-default\">Statut de scolarit\u00e9 pour les r\u00e9sidents de la Louisiane\n<\/h3>\t\t\t\t<\/div>\n\t\t\t\t<\/div>\n\t\t\t\t<div class=\"elementor-element elementor-element-0533a55 intro elementor-widget elementor-widget-text-editor\" data-id=\"0533a55\" data-element_type=\"widget\" data-widget_type=\"text-editor.default\">\n\t\t\t\t<div class=\"elementor-widget-container\">\n\t\t\t\t\t\t\t\t\t<p>Le statut de r\u00e9sident de l&#039;\u00c9tat est accord\u00e9 aux anciens combattants, \u00e0 leurs conjoints, aux enfants d&#039;anciens combattants et aux militaires en service actif qui sont admissibles aux prestations f\u00e9d\u00e9rales d&#039;\u00e9ducation.<\/p>\t\t\t\t\t\t\t\t<\/div>\n\t\t\t\t<\/div>\n\t\t\t\t<div class=\"elementor-element elementor-element-4f6263f elementor-widget elementor-widget-heading\" data-id=\"4f6263f\" data-element_type=\"widget\" data-widget_type=\"heading.default\">\n\t\t\t\t<div class=\"elementor-widget-container\">\n\t\t\t\t\t<h3 class=\"elementor-heading-title elementor-size-default\">Centres pour \u00e9tudiants v\u00e9t\u00e9rans<\/h3>\t\t\t\t<\/div>\n\t\t\t\t<\/div>\n\t\t\t\t<div class=\"elementor-element elementor-element-282c9a8 intro elementor-widget elementor-widget-text-editor\" data-id=\"282c9a8\" data-element_type=\"widget\" data-widget_type=\"text-editor.default\">\n\t\t\t\t<div class=\"elementor-widget-container\">\n\t\t\t\t\t\t\t\t\t<p>De nombreux \u00e9tablissements d&#039;enseignement sup\u00e9rieur de Louisiane disposent de centres d&#039;accueil pour \u00e9tudiants v\u00e9t\u00e9rans, destin\u00e9s sp\u00e9cifiquement aux v\u00e9t\u00e9rans et \u00e0 leurs familles. Ces centres constituent un point de convergence pour les activit\u00e9s des v\u00e9t\u00e9rans sur le campus, et leur personnel se consacre enti\u00e8rement \u00e0 les accompagner vers la r\u00e9ussite, de l&#039;obtention de leur dipl\u00f4me jusqu&#039;\u00e0 leur insertion professionnelle.<\/p>\t\t\t\t\t\t\t\t<\/div>\n\t\t\t\t<\/div>\n\t\t\t\t<\/div>\n\t\t<div class=\"elementor-element elementor-element-48827e9 e-con-full e-flex e-con e-child\" data-id=\"48827e9\" data-element_type=\"container\">\n\t\t\t\t<div class=\"elementor-element elementor-element-9480b58 elementor-widget elementor-widget-heading\" data-id=\"9480b58\" data-element_type=\"widget\" data-widget_type=\"heading.default\">\n\t\t\t\t<div class=\"elementor-widget-container\">\n\t\t\t\t\t<h2 class=\"elementor-heading-title elementor-size-default\">Prestations f\u00e9d\u00e9rales d&#039;\u00e9ducation<\/h2>\t\t\t\t<\/div>\n\t\t\t\t<\/div>\n\t\t\t\t<div class=\"elementor-element elementor-element-3faf51c elementor-widget elementor-widget-heading\" data-id=\"3faf51c\" data-element_type=\"widget\" data-widget_type=\"heading.default\">\n\t\t\t\t<div class=\"elementor-widget-container\">\n\t\t\t\t\t<h3 class=\"elementor-heading-title elementor-size-default\">GI Bill<sup>\u00ae<\/sup><\/h3>\t\t\t\t<\/div>\n\t\t\t\t<\/div>\n\t\t\t\t<div class=\"elementor-element elementor-element-966fb67 intro elementor-widget elementor-widget-text-editor\" data-id=\"966fb67\" data-element_type=\"widget\" data-widget_type=\"text-editor.default\">\n\t\t\t\t<div class=\"elementor-widget-container\">\n\t\t\t\t\t\t\t\t\tLe <a href=\"\/fr\/education\/loi-gi\/\">GI Bill<sup>\u00ae<\/sup><\/a> Ce programme aide les anciens combattants \u00e0 financer leurs \u00e9tudes et \u00e0 poursuivre leur parcours \u00e9ducatif. Actuellement, pr\u00e8s de 260 \u00e9tablissements d&#039;enseignement en Louisiane sont agr\u00e9\u00e9s par les organismes d&#039;agr\u00e9ment de l&#039;\u00c9tat (SAA) et plus de 10\u00a0700 anciens combattants et leurs personnes \u00e0 charge b\u00e9n\u00e9ficient du GI Bill.<sup>\u00ae<\/sup> Ces \u00e9tudiants g\u00e9n\u00e8rent plus de 14\u00a0000,196 millions de dollars de fonds f\u00e9d\u00e9raux. <a href=\"https:\/\/www.va.gov\/\" target=\"_blank\" rel=\"noopener\">D\u00e9partement des affaires des anciens combattants des \u00c9tats-Unis<\/a>, contribuant ainsi aux milliards que les anciens combattants rapportent chaque ann\u00e9e en Louisiane.\t\t\t\t\t\t\t\t<\/div>\n\t\t\t\t<\/div>\n\t\t\t\t<\/div>\n\t\t\t\t\t<\/div>\n\t\t\t\t<\/div>\n\t\t\t\t<\/div>","protected":false},"excerpt":{"rendered":"<p>Nous vous accompagnons dans votre parcours \u00e9ducatif. Les anciens combattants de Louisiane et leurs personnes \u00e0 charge b\u00e9n\u00e9ficient d&#039;aides \u00e0 l&#039;\u00e9ducation, tant au niveau de l&#039;\u00c9tat qu&#039;au niveau f\u00e9d\u00e9ral\u2026<\/p>","protected":false},"author":7,"featured_media":0,"parent":0,"menu_order":0,"comment_status":"closed","ping_status":"closed","template":"","meta":{"_acf_changed":false,"footnotes":"","_links_to":"","_links_to_target":""},"class_list":["post-35","page","type-page","status-publish","hentry"],"acf":[],"_links":{"self":[{"href":"https:\/\/vetaffairs.la.gov\/fr\/wp-json\/wp\/v2\/pages\/35","targetHints":{"allow":["GET"]}}],"collection":[{"href":"https:\/\/vetaffairs.la.gov\/fr\/wp-json\/wp\/v2\/pages"}],"about":[{"href":"https:\/\/vetaffairs.la.gov\/fr\/wp-json\/wp\/v2\/types\/page"}],"author":[{"embeddable":true,"href":"https:\/\/vetaffairs.la.gov\/fr\/wp-json\/wp\/v2\/users\/7"}],"replies":[{"embeddable":true,"href":"https:\/\/vetaffairs.la.gov\/fr\/wp-json\/wp\/v2\/comments?post=35"}],"version-history":[{"count":0,"href":"https:\/\/vetaffairs.la.gov\/fr\/wp-json\/wp\/v2\/pages\/35\/revisions"}],"wp:attachment":[{"href":"https:\/\/vetaffairs.la.gov\/fr\/wp-json\/wp\/v2\/media?parent=35"}],"curies":[{"name":"wp","href":"https:\/\/api.w.org\/{rel}","templated":true}]}}