{"id":34,"date":"2025-02-24T14:42:27","date_gmt":"2025-02-24T20:42:27","guid":{"rendered":"https:\/\/veteran-affairs-louisiana.local\/?page_id=34"},"modified":"2025-12-10T14:58:16","modified_gmt":"2025-12-10T20:58:16","slug":"avantages","status":"publish","type":"page","link":"https:\/\/vetaffairs.la.gov\/fr\/benefits","title":{"rendered":"Avantages"},"content":{"rendered":"<div data-elementor-type=\"wp-page\" data-elementor-id=\"34\" class=\"elementor elementor-34\" data-elementor-post-type=\"page\">\n\t\t\t\t<div class=\"elementor-element elementor-element-05386b4 e-flex e-con-boxed e-con e-parent\" data-id=\"05386b4\" data-element_type=\"container\">\n\t\t\t\t\t<div class=\"e-con-inner\">\n\t\t\t\t<div class=\"elementor-element elementor-element-530e9db elementor-widget elementor-widget-heading\" data-id=\"530e9db\" data-element_type=\"widget\" data-widget_type=\"heading.default\">\n\t\t\t\t<div class=\"elementor-widget-container\">\n\t\t\t\t\t<span class=\"elementor-heading-title elementor-size-default\">Vous donner acc\u00e8s aux avantages que vous avez gagn\u00e9s<\/span>\t\t\t\t<\/div>\n\t\t\t\t<\/div>\n\t\t\t\t<div class=\"elementor-element elementor-element-d0137a5 elementor-widget elementor-widget-image\" data-id=\"d0137a5\" data-element_type=\"widget\" data-widget_type=\"image.default\">\n\t\t\t\t<div class=\"elementor-widget-container\">\n\t\t\t\t\t\t\t\t\t\t\t\t\t\t\t<img decoding=\"async\" width=\"213\" height=\"25\" src=\"https:\/\/vetaffairs.la.gov\/wp-content\/uploads\/2025\/03\/star-pod-horizontal-with-dashed-line.svg\" class=\"attachment-medium_large size-medium_large wp-image-5402\" alt=\"\" \/>\t\t\t\t\t\t\t\t\t\t\t\t\t\t\t<\/div>\n\t\t\t\t<\/div>\n\t\t\t\t<div class=\"elementor-element elementor-element-c9996af intro elementor-widget elementor-widget-text-editor\" data-id=\"c9996af\" data-element_type=\"widget\" data-widget_type=\"text-editor.default\">\n\t\t\t\t<div class=\"elementor-widget-container\">\n\t\t\t\t\t\t\t\t\t<p>Notre mission repose sur l&#039;acc\u00e8s des anciens combattants aux prestations auxquelles ils ont droit pour leur service rendu \u00e0 notre pays. Nos conseillers en assistance aux anciens combattants (VAC), agr\u00e9\u00e9s par le D\u00e9partement des Anciens Combattants (VA) f\u00e9d\u00e9ral et eux-m\u00eames anciens combattants, travaillent dans nos 74 bureaux r\u00e9partis dans tout l&#039;\u00c9tat pour accomplir cette mission. Ils d\u00e9posent gratuitement les demandes d&#039;indemnisation aupr\u00e8s du VA f\u00e9d\u00e9ral au nom des anciens combattants de Louisiane et les informent sur les prestations \u00e9tatiques et f\u00e9d\u00e9rales auxquelles ils ont droit. <\/p>\t\t\t\t\t\t\t\t<\/div>\n\t\t\t\t<\/div>\n\t\t\t\t<div class=\"elementor-element elementor-element-1dfbc95 intro elementor-widget elementor-widget-text-editor\" data-id=\"1dfbc95\" data-element_type=\"widget\" data-widget_type=\"text-editor.default\">\n\t\t\t\t<div class=\"elementor-widget-container\">\n\t\t\t\t\t\t\t\t\t<p>En plus de nos conseillers en aide aux anciens combattants, nos assistants juridiques sp\u00e9cialis\u00e9s en appels aident les anciens combattants dont les appels sont en cours devant la Commission d&#039;appel des anciens combattants du D\u00e9partement des affaires des anciens combattants (VA), notamment en les repr\u00e9sentant lors des audiences. Si vous souhaitez prendre rendez-vous avec l&#039;un de nos conseillers en aide aux anciens combattants, vous pouvez utiliser <a href=\"\/fr\/lieux\/\">Notre outil de localisation vous permet de trouver le centre de service le plus proche.<\/a> ou appelez <a href=\"tel:2252195000\">225.219.5000<\/a> pour obtenir de l&#039;aide.<\/p>\t\t\t\t\t\t\t\t<\/div>\n\t\t\t\t<\/div>\n\t\t\t\t<div class=\"elementor-element elementor-element-d03227d intro elementor-widget elementor-widget-text-editor\" data-id=\"d03227d\" data-element_type=\"widget\" data-widget_type=\"text-editor.default\">\n\t\t\t\t<div class=\"elementor-widget-container\">\n\t\t\t\t\t\t\t\t\t<p>Nos centres de traitement des anciens combattants (VAC) peuvent \u00e9galement vous aider \u00e0 obtenir le formulaire DD-214 d&#039;un ancien combattant. Les membres de la Garde nationale de Louisiane (LANG) sont pri\u00e9s de contacter la caserne Jackson \u00e0 La Nouvelle-Orl\u00e9ans. <a href=\"tel:5042788000\">504.278.8000<\/a> pour obtenir de l&#039;aide dans l&#039;acquisition d&#039;un NGB-22.<\/p>\t\t\t\t\t\t\t\t<\/div>\n\t\t\t\t<\/div>\n\t\t\t\t\t<\/div>\n\t\t\t\t<\/div>\n\t\t<div class=\"elementor-element elementor-element-dc3d7ef e-grid e-con-boxed e-con e-parent\" data-id=\"dc3d7ef\" data-element_type=\"container\">\n\t\t\t\t\t<div class=\"e-con-inner\">\n\t\t<div class=\"elementor-element elementor-element-db20c57 e-con-full dark-blue-pod e-flex e-con e-child\" data-id=\"db20c57\" data-element_type=\"container\" data-settings=\"{&quot;background_background&quot;:&quot;classic&quot;}\">\n\t\t<div class=\"elementor-element elementor-element-1087be2 e-con-full icon-container e-flex e-con e-child\" data-id=\"1087be2\" data-element_type=\"container\" data-settings=\"{&quot;background_background&quot;:&quot;classic&quot;}\">\n\t\t\t\t<div class=\"elementor-element elementor-element-7d3b9dd elementor-widget__width-initial icon elementor-widget elementor-widget-image\" data-id=\"7d3b9dd\" data-element_type=\"widget\" data-widget_type=\"image.default\">\n\t\t\t\t<div class=\"elementor-widget-container\">\n\t\t\t\t\t\t\t\t\t\t\t\t\t\t\t<img decoding=\"async\" width=\"51\" height=\"51\" src=\"https:\/\/vetaffairs.la.gov\/wp-content\/uploads\/2025\/02\/icon-hands-people.svg\" class=\"attachment-medium size-medium wp-image-102\" alt=\"\" \/>\t\t\t\t\t\t\t\t\t\t\t\t\t\t\t<\/div>\n\t\t\t\t<\/div>\n\t\t\t\t<\/div>\n\t\t\t\t<div class=\"elementor-element elementor-element-9cf9e72 elementor-widget elementor-widget-heading\" data-id=\"9cf9e72\" data-element_type=\"widget\" data-widget_type=\"heading.default\">\n\t\t\t\t<div class=\"elementor-widget-container\">\n\t\t\t\t\t<h2 class=\"elementor-heading-title elementor-size-default\">Prestations de l&#039;\u00c9tat<\/h2>\t\t\t\t<\/div>\n\t\t\t\t<\/div>\n\t\t\t\t<div class=\"elementor-element elementor-element-690aabe elementor-widget__width-initial elementor-widget elementor-widget-spacer\" data-id=\"690aabe\" data-element_type=\"widget\" data-widget_type=\"spacer.default\">\n\t\t\t\t<div class=\"elementor-widget-container\">\n\t\t\t\t\t\t\t<div class=\"elementor-spacer\">\n\t\t\t<div class=\"elementor-spacer-inner\"><\/div>\n\t\t<\/div>\n\t\t\t\t\t\t<\/div>\n\t\t\t\t<\/div>\n\t\t\t\t<div class=\"elementor-element elementor-element-af0e3d2 elementor-widget elementor-widget-text-editor\" data-id=\"af0e3d2\" data-element_type=\"widget\" data-widget_type=\"text-editor.default\">\n\t\t\t\t<div class=\"elementor-widget-container\">\n\t\t\t\t\t\t\t\t\t<p>Notre vision est de faire de la Louisiane l&#039;\u00c9tat le plus accueillant pour les anciens combattants aux \u00c9tats-Unis. Nous nous engageons \u00e0 collaborer avec les dirigeants de notre \u00c9tat, tant publics que priv\u00e9s, afin de cr\u00e9er de nouvelles opportunit\u00e9s pour les anciens combattants et leurs familles, et de faire de la Louisiane un lieu o\u00f9 il fait bon vivre.<\/p><p>Il y a <a href=\"\/fr\/avantages\/etat\/\">de nombreuses prestations de l&#039;\u00c9tat pour les anciens combattants de la Louisiane et leurs familles<\/a>, Vous b\u00e9n\u00e9ficiez notamment d&#039;une exon\u00e9ration de taxe fonci\u00e8re et d&#039;une aide financi\u00e8re pour les \u00e9tudes dans l&#039;\u00c9tat (Titre 29). Apr\u00e8s avoir consult\u00e9 les informations sur les prestations offertes par l&#039;\u00c9tat ci-dessous, prenez rendez-vous avec l&#039;un de nos conseillers en aide aux anciens combattants pour commencer vos d\u00e9marches.<\/p>\t\t\t\t\t\t\t\t<\/div>\n\t\t\t\t<\/div>\n\t\t\t\t<div class=\"elementor-element elementor-element-aacfbaa elementor-widget elementor-widget-button\" data-id=\"aacfbaa\" data-element_type=\"widget\" data-widget_type=\"button.default\">\n\t\t\t\t<div class=\"elementor-widget-container\">\n\t\t\t\t\t\t\t\t\t<div class=\"elementor-button-wrapper\">\n\t\t\t\t\t<a class=\"elementor-button elementor-button-link elementor-size-sm elementor-animation-grow\" href=\"\/fr\/avantages\/etat\/\">\n\t\t\t\t\t\t<span class=\"elementor-button-content-wrapper\">\n\t\t\t\t\t\t\t\t\t<span class=\"elementor-button-text\">D\u00e9couvrez tous les avantages sociaux de l&#039;\u00c9tat<\/span>\n\t\t\t\t\t<\/span>\n\t\t\t\t\t<\/a>\n\t\t\t\t<\/div>\n\t\t\t\t\t\t\t\t<\/div>\n\t\t\t\t<\/div>\n\t\t\t\t<\/div>\n\t\t<div class=\"elementor-element elementor-element-a86b2af e-con-full dark-blue-pod e-flex e-con e-child\" data-id=\"a86b2af\" data-element_type=\"container\" data-settings=\"{&quot;background_background&quot;:&quot;classic&quot;}\">\n\t\t<div class=\"elementor-element elementor-element-32f9c68 e-con-full icon-container e-flex e-con e-child\" data-id=\"32f9c68\" data-element_type=\"container\" data-settings=\"{&quot;background_background&quot;:&quot;classic&quot;}\">\n\t\t\t\t<div class=\"elementor-element elementor-element-7add87c elementor-widget__width-initial icon elementor-widget elementor-widget-image\" data-id=\"7add87c\" data-element_type=\"widget\" data-widget_type=\"image.default\">\n\t\t\t\t<div class=\"elementor-widget-container\">\n\t\t\t\t\t\t\t\t\t\t\t\t\t\t\t<img decoding=\"async\" width=\"33\" height=\"38\" src=\"https:\/\/vetaffairs.la.gov\/wp-content\/uploads\/2025\/02\/icon-flag-vertical.svg\" class=\"attachment-medium size-medium wp-image-100\" alt=\"\" \/>\t\t\t\t\t\t\t\t\t\t\t\t\t\t\t<\/div>\n\t\t\t\t<\/div>\n\t\t\t\t<\/div>\n\t\t\t\t<div class=\"elementor-element elementor-element-4320801 elementor-widget elementor-widget-heading\" data-id=\"4320801\" data-element_type=\"widget\" data-widget_type=\"heading.default\">\n\t\t\t\t<div class=\"elementor-widget-container\">\n\t\t\t\t\t<h2 class=\"elementor-heading-title elementor-size-default\">Prestations f\u00e9d\u00e9rales<\/h2>\t\t\t\t<\/div>\n\t\t\t\t<\/div>\n\t\t\t\t<div class=\"elementor-element elementor-element-6bbc06a elementor-widget__width-initial elementor-widget elementor-widget-spacer\" data-id=\"6bbc06a\" data-element_type=\"widget\" data-widget_type=\"spacer.default\">\n\t\t\t\t<div class=\"elementor-widget-container\">\n\t\t\t\t\t\t\t<div class=\"elementor-spacer\">\n\t\t\t<div class=\"elementor-spacer-inner\"><\/div>\n\t\t<\/div>\n\t\t\t\t\t\t<\/div>\n\t\t\t\t<\/div>\n\t\t\t\t<div class=\"elementor-element elementor-element-920ad37 elementor-widget elementor-widget-text-editor\" data-id=\"920ad37\" data-element_type=\"widget\" data-widget_type=\"text-editor.default\">\n\t\t\t\t<div class=\"elementor-widget-container\">\n\t\t\t\t\t\t\t\t\t<p>Notre \u00e9quipe travaille avec les anciens combattants pour les aider \u00e0 obtenir les prestations auxquelles ils ont droit gr\u00e2ce \u00e0 leur service. <a href=\"https:\/\/www.va.gov\/\" target=\"_blank\" rel=\"noopener\">D\u00e9partement des affaires des anciens combattants des \u00c9tats-Unis<\/a>. Ce travail consiste principalement \u00e0 aider les anciens combattants \u00e0 d\u00e9poser des demandes d&#039;indemnisation et de pension au nom de ces derniers. De plus, nos conseillers peuvent les accompagner dans leurs d\u00e9marches relatives aux prestations d&#039;\u00e9tudes et aux frais fun\u00e9raires. Apr\u00e8s avoir consult\u00e9 les informations compl\u00e9mentaires sur les prestations f\u00e9d\u00e9rales ci-dessous, prenez rendez-vous avec l&#039;un de nos conseillers.<\/p>\t\t\t\t\t\t\t\t<\/div>\n\t\t\t\t<\/div>\n\t\t\t\t<div class=\"elementor-element elementor-element-aa648e1 elementor-widget elementor-widget-button\" data-id=\"aa648e1\" data-element_type=\"widget\" data-widget_type=\"button.default\">\n\t\t\t\t<div class=\"elementor-widget-container\">\n\t\t\t\t\t\t\t\t\t<div class=\"elementor-button-wrapper\">\n\t\t\t\t\t<a class=\"elementor-button elementor-button-link elementor-size-sm elementor-animation-grow\" href=\"\/fr\/avantages\/federal\/\">\n\t\t\t\t\t\t<span class=\"elementor-button-content-wrapper\">\n\t\t\t\t\t\t\t\t\t<span class=\"elementor-button-text\">D\u00e9couvrez tous les avantages f\u00e9d\u00e9raux<\/span>\n\t\t\t\t\t<\/span>\n\t\t\t\t\t<\/a>\n\t\t\t\t<\/div>\n\t\t\t\t\t\t\t\t<\/div>\n\t\t\t\t<\/div>\n\t\t\t\t<\/div>\n\t\t<div class=\"elementor-element elementor-element-ea878bd e-con-full dark-blue-pod e-flex e-con e-child\" data-id=\"ea878bd\" data-element_type=\"container\" data-settings=\"{&quot;background_background&quot;:&quot;classic&quot;}\">\n\t\t<div class=\"elementor-element elementor-element-f06fa11 e-con-full icon-container e-flex e-con e-child\" data-id=\"f06fa11\" data-element_type=\"container\" data-settings=\"{&quot;background_background&quot;:&quot;classic&quot;}\">\n\t\t\t\t<div class=\"elementor-element elementor-element-48967ea elementor-widget__width-initial icon elementor-widget elementor-widget-image\" data-id=\"48967ea\" data-element_type=\"widget\" data-widget_type=\"image.default\">\n\t\t\t\t<div class=\"elementor-widget-container\">\n\t\t\t\t\t\t\t\t\t\t\t\t\t\t\t<img loading=\"lazy\" decoding=\"async\" width=\"24\" height=\"52\" src=\"https:\/\/vetaffairs.la.gov\/wp-content\/uploads\/2025\/02\/icon-medal.svg\" class=\"attachment-medium size-medium wp-image-104\" alt=\"\" \/>\t\t\t\t\t\t\t\t\t\t\t\t\t\t\t<\/div>\n\t\t\t\t<\/div>\n\t\t\t\t<\/div>\n\t\t\t\t<div class=\"elementor-element elementor-element-673e11b elementor-widget elementor-widget-heading\" data-id=\"673e11b\" data-element_type=\"widget\" data-widget_type=\"heading.default\">\n\t\t\t\t<div class=\"elementor-widget-container\">\n\t\t\t\t\t<h2 class=\"elementor-heading-title elementor-size-default\">V\u00e9t\u00e9rans de la Louisiane <br>M\u00e9daille d&#039;honneur<\/h2>\t\t\t\t<\/div>\n\t\t\t\t<\/div>\n\t\t\t\t<div class=\"elementor-element elementor-element-2a40840 elementor-widget__width-initial elementor-widget elementor-widget-spacer\" data-id=\"2a40840\" data-element_type=\"widget\" data-widget_type=\"spacer.default\">\n\t\t\t\t<div class=\"elementor-widget-container\">\n\t\t\t\t\t\t\t<div class=\"elementor-spacer\">\n\t\t\t<div class=\"elementor-spacer-inner\"><\/div>\n\t\t<\/div>\n\t\t\t\t\t\t<\/div>\n\t\t\t\t<\/div>\n\t\t\t\t<div class=\"elementor-element elementor-element-e00f4d5 elementor-widget elementor-widget-text-editor\" data-id=\"e00f4d5\" data-element_type=\"widget\" data-widget_type=\"text-editor.default\">\n\t\t\t\t<div class=\"elementor-widget-container\">\n\t\t\t\t\t\t\t\t\t<p>La M\u00e9daille d&#039;honneur des anciens combattants de Louisiane est accessible \u00e0 tous les anciens combattants de Louisiane admissibles et aux familles des soldats morts au combat. Elle est d\u00e9cern\u00e9e avec un ruban bleu pour une lib\u00e9ration honorable, un ruban violet pour les r\u00e9cipiendaires de la Purple Heart, un ruban noir pour les prisonniers de guerre et un ruban jaune pour les soldats morts au combat. Pour faire une demande de M\u00e9daille d&#039;honneur des anciens combattants de Louisiane, cliquez sur le bouton ci-dessous.<\/p>\t\t\t\t\t\t\t\t<\/div>\n\t\t\t\t<\/div>\n\t\t\t\t<div class=\"elementor-element elementor-element-3ef20ad elementor-widget elementor-widget-button\" data-id=\"3ef20ad\" data-element_type=\"widget\" data-widget_type=\"button.default\">\n\t\t\t\t<div class=\"elementor-widget-container\">\n\t\t\t\t\t\t\t\t\t<div class=\"elementor-button-wrapper\">\n\t\t\t\t\t<a class=\"elementor-button elementor-button-link elementor-size-sm elementor-animation-grow\" href=\"\/fr\/medaille-dhonneur-des-anciens-combattants-de-la-louisiane\/\">\n\t\t\t\t\t\t<span class=\"elementor-button-content-wrapper\">\n\t\t\t\t\t\t\t\t\t<span class=\"elementor-button-text\">Demander une m\u00e9daille d&#039;honneur<\/span>\n\t\t\t\t\t<\/span>\n\t\t\t\t\t<\/a>\n\t\t\t\t<\/div>\n\t\t\t\t\t\t\t\t<\/div>\n\t\t\t\t<\/div>\n\t\t\t\t<\/div>\n\t\t<div class=\"elementor-element elementor-element-5598a22 e-con-full dark-blue-pod e-flex e-con e-child\" data-id=\"5598a22\" data-element_type=\"container\" data-settings=\"{&quot;background_background&quot;:&quot;classic&quot;}\">\n\t\t<div class=\"elementor-element elementor-element-761d5d0 e-con-full icon-container e-flex e-con e-child\" data-id=\"761d5d0\" data-element_type=\"container\" data-settings=\"{&quot;background_background&quot;:&quot;classic&quot;}\">\n\t\t\t\t<div class=\"elementor-element elementor-element-b21cb32 elementor-widget__width-initial icon elementor-widget elementor-widget-image\" data-id=\"b21cb32\" data-element_type=\"widget\" data-widget_type=\"image.default\">\n\t\t\t\t<div class=\"elementor-widget-container\">\n\t\t\t\t\t\t\t\t\t\t\t\t\t\t\t<img loading=\"lazy\" decoding=\"async\" width=\"51\" height=\"47\" src=\"https:\/\/vetaffairs.la.gov\/wp-content\/uploads\/2025\/02\/icon-financial.svg\" class=\"attachment-medium size-medium wp-image-99\" alt=\"\" \/>\t\t\t\t\t\t\t\t\t\t\t\t\t\t\t<\/div>\n\t\t\t\t<\/div>\n\t\t\t\t<\/div>\n\t\t\t\t<div class=\"elementor-element elementor-element-85f6d48 elementor-widget elementor-widget-heading\" data-id=\"85f6d48\" data-element_type=\"widget\" data-widget_type=\"heading.default\">\n\t\t\t\t<div class=\"elementor-widget-container\">\n\t\t\t\t\t<h2 class=\"elementor-heading-title elementor-size-default\">Famille de militaires <br>Fonds d&#039;assistance<\/h2>\t\t\t\t<\/div>\n\t\t\t\t<\/div>\n\t\t\t\t<div class=\"elementor-element elementor-element-7ced3e9 elementor-widget__width-initial elementor-widget elementor-widget-spacer\" data-id=\"7ced3e9\" data-element_type=\"widget\" data-widget_type=\"spacer.default\">\n\t\t\t\t<div class=\"elementor-widget-container\">\n\t\t\t\t\t\t\t<div class=\"elementor-spacer\">\n\t\t\t<div class=\"elementor-spacer-inner\"><\/div>\n\t\t<\/div>\n\t\t\t\t\t\t<\/div>\n\t\t\t\t<\/div>\n\t\t\t\t<div class=\"elementor-element elementor-element-82090af elementor-widget elementor-widget-text-editor\" data-id=\"82090af\" data-element_type=\"widget\" data-widget_type=\"text-editor.default\">\n\t\t\t\t<div class=\"elementor-widget-container\">\n\t\t\t\t\t\t\t\t\t<p>Le Fonds d&#039;aide aux familles de militaires offre une aide financi\u00e8re aux anciens combattants et aux membres de la Garde nationale ou des r\u00e9serves de Louisiane admissibles, \u00e0 hauteur de 10\u00a0000 $ (1\u00a0TP4\u00a0T10\u00a0000 $) par p\u00e9riode de 12 mois, selon les besoins. Ce fonds couvre les frais de logement, les services publics, certains services m\u00e9dicaux et d&#039;autres d\u00e9penses essentielles qui engendrent des difficult\u00e9s financi\u00e8res pour l&#039;ancien combattant, le membre de la Garde nationale ou les r\u00e9servistes. Pour soumettre une demande ou faire un don, cliquez sur le bouton ci-dessous.<\/p>\t\t\t\t\t\t\t\t<\/div>\n\t\t\t\t<\/div>\n\t\t\t\t<div class=\"elementor-element elementor-element-12a623e elementor-widget elementor-widget-button\" data-id=\"12a623e\" data-element_type=\"widget\" data-widget_type=\"button.default\">\n\t\t\t\t<div class=\"elementor-widget-container\">\n\t\t\t\t\t\t\t\t\t<div class=\"elementor-button-wrapper\">\n\t\t\t\t\t<a class=\"elementor-button elementor-button-link elementor-size-sm elementor-animation-grow\" href=\"\/fr\/fonds-daide-aux-familles-de-militaires\/\">\n\t\t\t\t\t\t<span class=\"elementor-button-content-wrapper\">\n\t\t\t\t\t\t\t\t\t<span class=\"elementor-button-text\">Demander une aide financi\u00e8re<\/span>\n\t\t\t\t\t<\/span>\n\t\t\t\t\t<\/a>\n\t\t\t\t<\/div>\n\t\t\t\t\t\t\t\t<\/div>\n\t\t\t\t<\/div>\n\t\t\t\t<\/div>\n\t\t\t\t\t<\/div>\n\t\t\t\t<\/div>\n\t\t<div class=\"elementor-element elementor-element-b8a0008 e-flex e-con-boxed e-con e-parent\" data-id=\"b8a0008\" data-element_type=\"container\">\n\t\t\t\t\t<div class=\"e-con-inner\">\n\t\t\t\t\t<\/div>\n\t\t\t\t<\/div>\n\t\t\t\t<\/div>","protected":false},"excerpt":{"rendered":"<p>Vous donner acc\u00e8s aux avantages auxquels vous avez droit. C&#039;est le c\u0153ur de notre mission : permettre aux anciens combattants d&#039;acc\u00e9der aux avantages auxquels ils ont droit\u2026<\/p>","protected":false},"author":7,"featured_media":0,"parent":0,"menu_order":0,"comment_status":"closed","ping_status":"closed","template":"","meta":{"_acf_changed":false,"footnotes":"","_links_to":"","_links_to_target":""},"class_list":["post-34","page","type-page","status-publish","hentry"],"acf":[],"_links":{"self":[{"href":"https:\/\/vetaffairs.la.gov\/fr\/wp-json\/wp\/v2\/pages\/34","targetHints":{"allow":["GET"]}}],"collection":[{"href":"https:\/\/vetaffairs.la.gov\/fr\/wp-json\/wp\/v2\/pages"}],"about":[{"href":"https:\/\/vetaffairs.la.gov\/fr\/wp-json\/wp\/v2\/types\/page"}],"author":[{"embeddable":true,"href":"https:\/\/vetaffairs.la.gov\/fr\/wp-json\/wp\/v2\/users\/7"}],"replies":[{"embeddable":true,"href":"https:\/\/vetaffairs.la.gov\/fr\/wp-json\/wp\/v2\/comments?post=34"}],"version-history":[{"count":0,"href":"https:\/\/vetaffairs.la.gov\/fr\/wp-json\/wp\/v2\/pages\/34\/revisions"}],"wp:attachment":[{"href":"https:\/\/vetaffairs.la.gov\/fr\/wp-json\/wp\/v2\/media?parent=34"}],"curies":[{"name":"wp","href":"https:\/\/api.w.org\/{rel}","templated":true}]}}