{"id":71,"date":"2025-02-24T15:46:06","date_gmt":"2025-02-24T21:46:06","guid":{"rendered":"https:\/\/veteran-affairs-louisiana.local\/?page_id=71"},"modified":"2026-04-06T16:25:02","modified_gmt":"2026-04-06T21:25:02","slug":"cementerio-de-veteranos-del-sureste-de-luisiana","status":"publish","type":"page","link":"https:\/\/vetaffairs.la.gov\/es\/cemeteries\/southeast-louisiana-veterans-cemetery","title":{"rendered":"Cementerio de veteranos del sureste de Luisiana"},"content":{"rendered":"<div data-elementor-type=\"wp-page\" data-elementor-id=\"71\" class=\"elementor elementor-71\" data-elementor-post-type=\"page\">\n\t\t\t\t<div class=\"elementor-element elementor-element-bf86df4 e-flex e-con-boxed e-con e-parent\" data-id=\"bf86df4\" data-element_type=\"container\">\n\t\t\t\t\t<div class=\"e-con-inner\">\n\t\t\t\t<div class=\"elementor-element elementor-element-2427909 intro elementor-widget elementor-widget-text-editor\" data-id=\"2427909\" data-element_type=\"widget\" data-widget_type=\"text-editor.default\">\n\t\t\t\t<div class=\"elementor-widget-container\">\n\t\t\t\t\t\t\t\t\t<p>El Cementerio de Veteranos del Sureste de Luisiana, ubicado en Slidell, abri\u00f3 sus puertas en junio de 2014 y se ha convertido r\u00e1pidamente en el cementerio de veteranos de m\u00e1s r\u00e1pido crecimiento en Luisiana. A medida que se van ocupando los primeros lugares de entierro, <a href=\"https:\/\/www.cem.va.gov\/\" target=\"_blank\" rel=\"noopener\">Administraci\u00f3n Nacional de Cementerios del Departamento de Asuntos de Veteranos de los Estados Unidos<\/a> Proporciona subvenciones para desarrollar espacio adicional para garantizar que todas las opciones de entierro sigan estando disponibles.<\/p><p>Cuando visite el cementerio, ver\u00e1 nuestro campanario carill\u00f3n, generosamente donado por <a href=\"https:\/\/www.amvets.org\/\" target=\"_blank\" rel=\"noopener\">AMVETS<\/a> Cuando se inaugur\u00f3 el cementerio. El campanario se encuentra en el C\u00edrculo Conmemorativo, un espacio sereno y reflexivo que honra a quienes sirven, incluso despu\u00e9s de su servicio militar. El C\u00edrculo Conmemorativo cuenta con bancos, un jard\u00edn con \u00e1rboles y un camino de ladrillos grabado con nombres, todo gracias a donaciones de <a href=\"https:\/\/herosfarewell.com\/\" target=\"_blank\" rel=\"noopener\">Despedida del h\u00e9roe<\/a>.<\/p><p>En el coraz\u00f3n del C\u00edrculo Conmemorativo se alza el imponente monumento de bronce de la Cruz del Campo de Batalla de la Guerra Global contra el Terrorismo, tambi\u00e9n donado por Hero&#039;s Farewell. Esta imponente escultura presenta un par de botas de combate, un rifle en posici\u00f3n vertical entre ellas y un casco en la parte superior: un s\u00edmbolo solemne y atemporal de respeto y sacrificio por quienes dieron su vida en los conflictos posteriores al 11-S. Exclusivo de este monumento, los nombres de todos los militares de Luisiana que murieron en combate durante la Guerra Global contra el Terrorismo figuran en la base del pilar, garantizando as\u00ed que su memoria se honre permanentemente en la tierra que una vez llamaron su hogar.<\/p><p>Cerca de all\u00ed, tambi\u00e9n encontrar\u00e1 una fuente tranquila, ubicada junto al refugio de internamiento, que fue donado por la <a href=\"https:\/\/www.kofc.org\/en\/\/index.html\" target=\"_blank\" rel=\"noopener\">Caballeros de Col\u00f3n<\/a>, ofreciendo un espacio tranquilo para la reflexi\u00f3n tranquila.<\/p><p>Nos sentimos verdaderamente afortunados de contar con algunas de las mejores organizaciones de veteranos como socios en la creaci\u00f3n y el mantenimiento de un lugar de descanso final digno para nuestros h\u00e9roes locales. El personal del Cementerio de Veteranos del Sureste de Luisiana est\u00e1 aqu\u00ed para ayudar a las familias de los veteranos en sus momentos de necesidad.<\/p>\t\t\t\t\t\t\t\t<\/div>\n\t\t\t\t<\/div>\n\t\t\t\t<div class=\"elementor-element elementor-element-826909c photo-gallery elementor-widget elementor-widget-gallery\" data-id=\"826909c\" data-element_type=\"widget\" data-settings=\"{&quot;gallery_layout&quot;:&quot;masonry&quot;,&quot;columns&quot;:3,&quot;gap&quot;:{&quot;unit&quot;:&quot;px&quot;,&quot;size&quot;:15,&quot;sizes&quot;:[]},&quot;gap_tablet&quot;:{&quot;unit&quot;:&quot;px&quot;,&quot;size&quot;:15,&quot;sizes&quot;:[]},&quot;gap_mobile&quot;:{&quot;unit&quot;:&quot;px&quot;,&quot;size&quot;:15,&quot;sizes&quot;:[]},&quot;columns_tablet&quot;:3,&quot;lazyload&quot;:&quot;yes&quot;,&quot;columns_mobile&quot;:1,&quot;link_to&quot;:&quot;file&quot;,&quot;content_hover_animation&quot;:&quot;fade-in&quot;}\" data-widget_type=\"gallery.default\">\n\t\t\t\t<div class=\"elementor-widget-container\">\n\t\t\t\t\t\t\t<div class=\"elementor-gallery__container\">\n\t\t\t\t\t\t\t<a class=\"e-gallery-item elementor-gallery-item elementor-animated-content\" href=\"https:\/\/vetaffairs.la.gov\/wp-content\/uploads\/2025\/06\/LDVA-cemetary-slidell-04.webp\" data-elementor-open-lightbox=\"yes\" data-elementor-lightbox-slideshow=\"826909c\" data-e-action-hash=\"#elementor-action%3Aaction%3Dlightbox%26settings%3DeyJpZCI6NjA2MSwidXJsIjoiaHR0cHM6XC9cL3ZldGFmZmFpcnMubGEuZ292XC93cC1jb250ZW50XC91cGxvYWRzXC8yMDI1XC8wNlwvTERWQS1jZW1ldGFyeS1zbGlkZWxsLTA0LndlYnAiLCJzbGlkZXNob3ciOiI4MjY5MDljIn0%3D\">\n\t\t\t\t\t<div class=\"e-gallery-image elementor-gallery-item__image\" data-thumbnail=\"https:\/\/vetaffairs.la.gov\/wp-content\/uploads\/2025\/06\/LDVA-cemetary-slidell-04.webp\" data-width=\"1200\" data-height=\"800\" aria-label=\"L\u00e1pida del cementerio de veteranos de Slidell con flores y bandera.\" role=\"img\" ><\/div>\n\t\t\t\t\t\t\t\t\t\t\t\t\t\t<\/a>\n\t\t\t\t\t\t\t<a class=\"e-gallery-item elementor-gallery-item elementor-animated-content\" href=\"https:\/\/vetaffairs.la.gov\/wp-content\/uploads\/2025\/06\/LDVA-cemetary-slidell-03.webp\" data-elementor-open-lightbox=\"yes\" data-elementor-lightbox-slideshow=\"826909c\" data-e-action-hash=\"#elementor-action%3Aaction%3Dlightbox%26settings%3DeyJpZCI6NjA2MCwidXJsIjoiaHR0cHM6XC9cL3ZldGFmZmFpcnMubGEuZ292XC93cC1jb250ZW50XC91cGxvYWRzXC8yMDI1XC8wNlwvTERWQS1jZW1ldGFyeS1zbGlkZWxsLTAzLndlYnAiLCJzbGlkZXNob3ciOiI4MjY5MDljIn0%3D\">\n\t\t\t\t\t<div class=\"e-gallery-image elementor-gallery-item__image\" data-thumbnail=\"https:\/\/vetaffairs.la.gov\/wp-content\/uploads\/2025\/06\/LDVA-cemetary-slidell-03.webp\" data-width=\"1200\" data-height=\"800\" aria-label=\"Fuente del cementerio de veteranos de Slidell\" role=\"img\" ><\/div>\n\t\t\t\t\t\t\t\t\t\t\t\t\t\t<\/a>\n\t\t\t\t\t\t\t<a class=\"e-gallery-item elementor-gallery-item elementor-animated-content\" href=\"https:\/\/vetaffairs.la.gov\/wp-content\/uploads\/2025\/06\/LDVA-cemetary-slidell-02.webp\" data-elementor-open-lightbox=\"yes\" data-elementor-lightbox-slideshow=\"826909c\" data-e-action-hash=\"#elementor-action%3Aaction%3Dlightbox%26settings%3DeyJpZCI6NjA1OSwidXJsIjoiaHR0cHM6XC9cL3ZldGFmZmFpcnMubGEuZ292XC93cC1jb250ZW50XC91cGxvYWRzXC8yMDI1XC8wNlwvTERWQS1jZW1ldGFyeS1zbGlkZWxsLTAyLndlYnAiLCJzbGlkZXNob3ciOiI4MjY5MDljIn0%3D\">\n\t\t\t\t\t<div class=\"e-gallery-image elementor-gallery-item__image\" data-thumbnail=\"https:\/\/vetaffairs.la.gov\/wp-content\/uploads\/2025\/06\/LDVA-cemetary-slidell-02.webp\" data-width=\"1200\" data-height=\"800\" aria-label=\"Cementerio de Veteranos de Slidell\" role=\"img\" ><\/div>\n\t\t\t\t\t\t\t\t\t\t\t\t\t\t<\/a>\n\t\t\t\t\t\t\t<a class=\"e-gallery-item elementor-gallery-item elementor-animated-content\" href=\"https:\/\/vetaffairs.la.gov\/wp-content\/uploads\/2025\/06\/LDVA-cemetary-slidell-01.webp\" data-elementor-open-lightbox=\"yes\" data-elementor-lightbox-slideshow=\"826909c\" data-e-action-hash=\"#elementor-action%3Aaction%3Dlightbox%26settings%3DeyJpZCI6NjA1OCwidXJsIjoiaHR0cHM6XC9cL3ZldGFmZmFpcnMubGEuZ292XC93cC1jb250ZW50XC91cGxvYWRzXC8yMDI1XC8wNlwvTERWQS1jZW1ldGFyeS1zbGlkZWxsLTAxLndlYnAiLCJzbGlkZXNob3ciOiI4MjY5MDljIn0%3D\">\n\t\t\t\t\t<div class=\"e-gallery-image elementor-gallery-item__image\" data-thumbnail=\"https:\/\/vetaffairs.la.gov\/wp-content\/uploads\/2025\/06\/LDVA-cemetary-slidell-01.webp\" data-width=\"1200\" data-height=\"800\" aria-label=\"L\u00e1pidas del cementerio de veteranos de Slidell\" role=\"img\" ><\/div>\n\t\t\t\t\t\t\t\t\t\t\t\t\t\t<\/a>\n\t\t\t\t\t\t\t<a class=\"e-gallery-item elementor-gallery-item elementor-animated-content\" href=\"https:\/\/vetaffairs.la.gov\/wp-content\/uploads\/2025\/06\/LDVA-cemetary-slidell-05.webp\" data-elementor-open-lightbox=\"yes\" data-elementor-lightbox-slideshow=\"826909c\" data-e-action-hash=\"#elementor-action%3Aaction%3Dlightbox%26settings%3DeyJpZCI6NjA2MiwidXJsIjoiaHR0cHM6XC9cL3ZldGFmZmFpcnMubGEuZ292XC93cC1jb250ZW50XC91cGxvYWRzXC8yMDI1XC8wNlwvTERWQS1jZW1ldGFyeS1zbGlkZWxsLTA1LndlYnAiLCJzbGlkZXNob3ciOiI4MjY5MDljIn0%3D\">\n\t\t\t\t\t<div class=\"e-gallery-image elementor-gallery-item__image\" data-thumbnail=\"https:\/\/vetaffairs.la.gov\/wp-content\/uploads\/2025\/06\/LDVA-cemetary-slidell-05.webp\" data-width=\"1200\" data-height=\"800\" aria-label=\"Banderas del cementerio de veteranos de Slidell\" role=\"img\" ><\/div>\n\t\t\t\t\t\t\t\t\t\t\t\t\t\t<\/a>\n\t\t\t\t\t\t\t<a class=\"e-gallery-item elementor-gallery-item elementor-animated-content\" href=\"https:\/\/vetaffairs.la.gov\/wp-content\/uploads\/2025\/06\/LDVA-cemetery-slidell-BlueStarSign.webp\" data-elementor-open-lightbox=\"yes\" data-elementor-lightbox-slideshow=\"826909c\" data-e-action-hash=\"#elementor-action%3Aaction%3Dlightbox%26settings%3DeyJpZCI6NjEzOCwidXJsIjoiaHR0cHM6XC9cL3ZldGFmZmFpcnMubGEuZ292XC93cC1jb250ZW50XC91cGxvYWRzXC8yMDI1XC8wNlwvTERWQS1jZW1ldGVyeS1zbGlkZWxsLUJsdWVTdGFyU2lnbi53ZWJwIiwic2xpZGVzaG93IjoiODI2OTA5YyJ9\">\n\t\t\t\t\t<div class=\"e-gallery-image elementor-gallery-item__image\" data-thumbnail=\"https:\/\/vetaffairs.la.gov\/wp-content\/uploads\/2025\/06\/LDVA-cemetery-slidell-BlueStarSign.webp\" data-width=\"1200\" data-height=\"800\" aria-label=\"Calle del cementerio de veteranos de Slidell\" role=\"img\" ><\/div>\n\t\t\t\t\t\t\t\t\t\t\t\t\t\t<\/a>\n\t\t\t\t\t<\/div>\n\t\t\t\t\t<\/div>\n\t\t\t\t<\/div>\n\t\t\t\t<div class=\"elementor-element elementor-element-ffaa52c intro elementor-widget elementor-widget-text-editor\" data-id=\"ffaa52c\" data-element_type=\"widget\" data-widget_type=\"text-editor.default\">\n\t\t\t\t<div class=\"elementor-widget-container\">\n\t\t\t\t\t\t\t\t\t<h2>Comprobar elegibilidad<\/h2><p><a href=\"\/es\/cementerios\/#eligibility\">Informaci\u00f3n de elegibilidad<\/a> Est\u00e1 disponible en nuestra p\u00e1gina principal de cementerios. Si desea verificar su elegibilidad para ser enterrado en nuestro cementerio, complete y <a href=\"\/es\/solicitud-de-entierro-anticipado\/\">Presentar la solicitud de previsi\u00f3n<\/a>.<\/p>\t\t\t\t\t\t\t\t<\/div>\n\t\t\t\t<\/div>\n\t\t\t\t<div class=\"elementor-element elementor-element-5886ef0 intro elementor-widget elementor-widget-text-editor\" data-id=\"5886ef0\" data-element_type=\"widget\" data-widget_type=\"text-editor.default\">\n\t\t\t\t<div class=\"elementor-widget-container\">\n\t\t\t\t\t\t\t\t\t<h2>Programar un entierro<\/h2><p><a href=\"\/es\/cementerios\/#burial-services\">Informaci\u00f3n sobre servicios funerarios<\/a> Tambi\u00e9n est\u00e1 disponible en nuestra p\u00e1gina principal de cementerios. Si desea ser enterrado en nuestro cementerio, complete y <a href=\"\/es\/solicitud-de-entierro-anticipado\/\">presentar la solicitud de entierro<\/a>.<\/p>\t\t\t\t\t\t\t\t<\/div>\n\t\t\t\t<\/div>\n\t\t\t\t<div class=\"elementor-element elementor-element-8b68b05 intro elementor-widget elementor-widget-text-editor\" data-id=\"8b68b05\" data-element_type=\"widget\" data-widget_type=\"text-editor.default\">\n\t\t\t\t<div class=\"elementor-widget-container\">\n\t\t\t\t\t\t\t\t\t<h2>Eventos<\/h2><p>13 de diciembre: D\u00eda de las Coronas en Am\u00e9rica<\/p>\t\t\t\t\t\t\t\t<\/div>\n\t\t\t\t<\/div>\n\t\t\t\t<div class=\"elementor-element elementor-element-a4349ce intro elementor-widget elementor-widget-text-editor\" data-id=\"a4349ce\" data-element_type=\"widget\" data-widget_type=\"text-editor.default\">\n\t\t\t\t<div class=\"elementor-widget-container\">\n\t\t\t\t\t\t\t\t\t<h2>C\u00f3mo ayudar<\/h2><p>Damos la bienvenida a los voluntarios que desean honrar a nuestros veteranos ayudando a mantener la dignidad de nuestro cementerio. Los voluntarios son especialmente apreciados en d\u00edas festivos, como el D\u00eda de los Ca\u00eddos y <a href=\"https:\/\/www.wreathsacrossamerica.org\/\" target=\"_blank\" rel=\"noopener\">D\u00eda de las Coronas en Am\u00e9rica<\/a>, Cuando la ayuda extra hace posible estas importantes ceremonias. Tambi\u00e9n aceptamos voluntarios entre semana para ayudar con tareas como limpiar l\u00e1pidas, plantar flores, desherbar y el mantenimiento general del terreno. <a href=\"\/es\/voluntario\/\">Cont\u00e1ctanos<\/a> para saber c\u00f3mo puedes ayudar.<\/p>\t\t\t\t\t\t\t\t<\/div>\n\t\t\t\t<\/div>\n\t\t\t\t<div class=\"elementor-element elementor-element-450110d intro elementor-widget elementor-widget-text-editor\" data-id=\"450110d\" data-element_type=\"widget\" data-widget_type=\"text-editor.default\">\n\t\t\t\t<div class=\"elementor-widget-container\">\n\t\t\t\t\t\t\t\t\t<h2>Horario de atenci\u00f3n<\/h2><p>Oficina: Lunes a viernes, 8:00 a. m. a 4:30 p. m.<br \/>Terrenos: Desde el amanecer hasta el anochecer diariamente<\/p>\t\t\t\t\t\t\t\t<\/div>\n\t\t\t\t<\/div>\n\t\t\t\t<div class=\"elementor-element elementor-element-b5309df elementor-widget elementor-widget-heading\" data-id=\"b5309df\" data-element_type=\"widget\" data-widget_type=\"heading.default\">\n\t\t\t\t<div class=\"elementor-widget-container\">\n\t\t\t\t\t<h2 class=\"elementor-heading-title elementor-size-default\">Cont\u00e1ctanos<\/h2>\t\t\t\t<\/div>\n\t\t\t\t<\/div>\n\t\t\t\t<div class=\"elementor-element elementor-element-b565ce3 intro elementor-widget elementor-widget-text-editor\" data-id=\"b565ce3\" data-element_type=\"widget\" data-widget_type=\"text-editor.default\">\n\t\t\t\t<div class=\"elementor-widget-container\">\n\t\t\t\t\t\t\t\t\t<p>Daniele Palen, Director<br \/>Kori Luther, Coordinadora Administrativa<\/p>\t\t\t\t\t\t\t\t<\/div>\n\t\t\t\t<\/div>\n\t\t\t\t<div class=\"elementor-element elementor-element-6208bf8 elementor-list-item-link-full_width elementor-widget elementor-widget-icon-list\" data-id=\"6208bf8\" data-element_type=\"widget\" data-widget_type=\"icon-list.default\">\n\t\t\t\t<div class=\"elementor-widget-container\">\n\t\t\t\t\t\t\t<ul class=\"elementor-icon-list-items\">\n\t\t\t\t\t\t\t<li class=\"elementor-icon-list-item\">\n\t\t\t\t\t\t\t\t\t\t\t<span class=\"elementor-icon-list-icon\">\n\t\t\t\t\t\t\t<svg aria-hidden=\"true\" class=\"e-font-icon-svg e-fas-map-marker-alt\" viewbox=\"0 0 384 512\" xmlns=\"http:\/\/www.w3.org\/2000\/svg\"><path d=\"M172.268 501.67C26.97 291.031 0 269.413 0 192 0 85.961 85.961 0 192 0s192 85.961 192 192c0 77.413-26.97 99.031-172.268 309.67-9.535 13.774-29.93 13.773-39.464 0zM192 272c44.183 0 80-35.817 80-80s-35.817-80-80-80-80 35.817-80 80 35.817 80 80 80z\"><\/path><\/svg>\t\t\t\t\t\t<\/span>\n\t\t\t\t\t\t\t\t\t\t<span class=\"elementor-icon-list-text\">34888 Grantham College Drive Slidell, LA 70460<\/span>\n\t\t\t\t\t\t\t\t\t<\/li>\n\t\t\t\t\t\t\t\t<li class=\"elementor-icon-list-item\">\n\t\t\t\t\t\t\t\t\t\t\t<span class=\"elementor-icon-list-icon\">\n\t\t\t\t\t\t\t<svg aria-hidden=\"true\" class=\"e-font-icon-svg e-fas-phone-alt\" viewbox=\"0 0 512 512\" xmlns=\"http:\/\/www.w3.org\/2000\/svg\"><path d=\"M497.39 361.8l-112-48a24 24 0 0 0-28 6.9l-49.6 60.6A370.66 370.66 0 0 1 130.6 204.11l60.6-49.6a23.94 23.94 0 0 0 6.9-28l-48-112A24.16 24.16 0 0 0 122.6.61l-104 24A24 24 0 0 0 0 48c0 256.5 207.9 464 464 464a24 24 0 0 0 23.4-18.6l24-104a24.29 24.29 0 0 0-14.01-27.6z\"><\/path><\/svg>\t\t\t\t\t\t<\/span>\n\t\t\t\t\t\t\t\t\t\t<span class=\"elementor-icon-list-text\"><a href=\"tel:9856466458\">(985) 646-6458<\/a><\/span>\n\t\t\t\t\t\t\t\t\t<\/li>\n\t\t\t\t\t\t\t\t<li class=\"elementor-icon-list-item\">\n\t\t\t\t\t\t\t\t\t\t\t<span class=\"elementor-icon-list-icon\">\n\t\t\t\t\t\t\t<svg aria-hidden=\"true\" class=\"e-font-icon-svg e-fas-at\" viewbox=\"0 0 512 512\" xmlns=\"http:\/\/www.w3.org\/2000\/svg\"><path d=\"M256 8C118.941 8 8 118.919 8 256c0 137.059 110.919 248 248 248 48.154 0 95.342-14.14 135.408-40.223 12.005-7.815 14.625-24.288 5.552-35.372l-10.177-12.433c-7.671-9.371-21.179-11.667-31.373-5.129C325.92 429.757 291.314 440 256 440c-101.458 0-184-82.542-184-184S154.542 72 256 72c100.139 0 184 57.619 184 160 0 38.786-21.093 79.742-58.17 83.693-17.349-.454-16.91-12.857-13.476-30.024l23.433-121.11C394.653 149.75 383.308 136 368.225 136h-44.981a13.518 13.518 0 0 0-13.432 11.993l-.01.092c-14.697-17.901-40.448-21.775-59.971-21.775-74.58 0-137.831 62.234-137.831 151.46 0 65.303 36.785 105.87 96 105.87 26.984 0 57.369-15.637 74.991-38.333 9.522 34.104 40.613 34.103 70.71 34.103C462.609 379.41 504 307.798 504 232 504 95.653 394.023 8 256 8zm-21.68 304.43c-22.249 0-36.07-15.623-36.07-40.771 0-44.993 30.779-72.729 58.63-72.729 22.292 0 35.601 15.241 35.601 40.77 0 45.061-33.875 72.73-58.161 72.73z\"><\/path><\/svg>\t\t\t\t\t\t<\/span>\n\t\t\t\t\t\t\t\t\t\t<span class=\"elementor-icon-list-text\"><a href=\"mailto:slvc@la.gov\">slvc@la.gov<\/a><\/span>\n\t\t\t\t\t\t\t\t\t<\/li>\n\t\t\t\t\t\t<\/ul>\n\t\t\t\t\t\t<\/div>\n\t\t\t\t<\/div>\n\t\t\t\t<div class=\"elementor-element elementor-element-6fcf051 elementor-view-stacked elementor-shape-circle elementor-widget elementor-widget-icon\" data-id=\"6fcf051\" data-element_type=\"widget\" data-widget_type=\"icon.default\">\n\t\t\t\t<div class=\"elementor-widget-container\">\n\t\t\t\t\t\t\t<div class=\"elementor-icon-wrapper\">\n\t\t\t<a class=\"elementor-icon elementor-animation-grow\" href=\"https:\/\/www.facebook.com\/SELVC.la.gov\" target=\"_blank\" rel=\"noopener\">\n\t\t\t<svg aria-hidden=\"true\" class=\"e-font-icon-svg e-fab-facebook-f\" viewbox=\"0 0 320 512\" xmlns=\"http:\/\/www.w3.org\/2000\/svg\"><path d=\"M279.14 288l14.22-92.66h-88.91v-60.13c0-25.35 12.42-50.06 52.24-50.06h40.42V6.26S260.43 0 225.36 0c-73.22 0-121.08 44.38-121.08 124.72v70.62H22.89V288h81.39v224h100.17V288z\"><\/path><\/svg>\t\t\t<\/a>\n\t\t<\/div>\n\t\t\t\t\t\t<\/div>\n\t\t\t\t<\/div>\n\t\t\t\t\t<\/div>\n\t\t\t\t<\/div>\n\t\t\t\t<\/div>","protected":false},"excerpt":{"rendered":"<p>El cementerio de veteranos del sureste de Luisiana, ubicado en Slidell, abri\u00f3 sus puertas en junio de 2014 y se ha convertido r\u00e1pidamente en el cementerio de veteranos de m\u00e1s r\u00e1pido crecimiento...<\/p>","protected":false},"author":7,"featured_media":0,"parent":37,"menu_order":0,"comment_status":"closed","ping_status":"closed","template":"","meta":{"_acf_changed":false,"footnotes":"","_links_to":"","_links_to_target":""},"class_list":["post-71","page","type-page","status-publish","hentry"],"acf":[],"_links":{"self":[{"href":"https:\/\/vetaffairs.la.gov\/es\/wp-json\/wp\/v2\/pages\/71","targetHints":{"allow":["GET"]}}],"collection":[{"href":"https:\/\/vetaffairs.la.gov\/es\/wp-json\/wp\/v2\/pages"}],"about":[{"href":"https:\/\/vetaffairs.la.gov\/es\/wp-json\/wp\/v2\/types\/page"}],"author":[{"embeddable":true,"href":"https:\/\/vetaffairs.la.gov\/es\/wp-json\/wp\/v2\/users\/7"}],"replies":[{"embeddable":true,"href":"https:\/\/vetaffairs.la.gov\/es\/wp-json\/wp\/v2\/comments?post=71"}],"version-history":[{"count":0,"href":"https:\/\/vetaffairs.la.gov\/es\/wp-json\/wp\/v2\/pages\/71\/revisions"}],"up":[{"embeddable":true,"href":"https:\/\/vetaffairs.la.gov\/es\/wp-json\/wp\/v2\/pages\/37"}],"wp:attachment":[{"href":"https:\/\/vetaffairs.la.gov\/es\/wp-json\/wp\/v2\/media?parent=71"}],"curies":[{"name":"wp","href":"https:\/\/api.w.org\/{rel}","templated":true}]}}