{"id":70,"date":"2025-02-24T15:46:00","date_gmt":"2025-02-24T21:46:00","guid":{"rendered":"https:\/\/veteran-affairs-louisiana.local\/?page_id=70"},"modified":"2026-04-06T16:22:13","modified_gmt":"2026-04-06T21:22:13","slug":"cementerio-de-veteranos-del-noroeste-de-luisiana","status":"publish","type":"page","link":"https:\/\/vetaffairs.la.gov\/es\/cemeteries\/northwest-louisiana-veterans-cemetery","title":{"rendered":"Cementerio de veteranos del noroeste de Luisiana"},"content":{"rendered":"<div data-elementor-type=\"wp-page\" data-elementor-id=\"70\" class=\"elementor elementor-70\" data-elementor-post-type=\"page\">\n\t\t\t\t<div class=\"elementor-element elementor-element-8140f88 e-flex e-con-boxed e-con e-parent\" data-id=\"8140f88\" data-element_type=\"container\">\n\t\t\t\t\t<div class=\"e-con-inner\">\n\t\t\t\t<div class=\"elementor-element elementor-element-64def86 intro elementor-widget elementor-widget-text-editor\" data-id=\"64def86\" data-element_type=\"widget\" data-widget_type=\"text-editor.default\">\n\t\t\t\t<div class=\"elementor-widget-container\">\n\t\t\t\t\t\t\t\t\t<p>El cementerio de veteranos del noroeste de Luisiana est\u00e1 ubicado en el suroeste de la parroquia de Caddo y sirve principalmente a un radio de 75 millas que incluye el noroeste de Luisiana, el noreste de Texas y el suroeste de Arkansas.<\/p><p>En 1999, la Legislatura de Luisiana, adscrita al Departamento de Asuntos de Veteranos de Luisiana, cre\u00f3 el programa estatal de cementerios para veteranos debido a la escasez de espacio en los cementerios nacionales del estado. Ocho a\u00f1os despu\u00e9s, en 2007, se inaugur\u00f3 el Cementerio de Veteranos del Noroeste de Luisiana. Cuando est\u00e9 a plena capacidad, el cementerio tendr\u00e1 capacidad para m\u00e1s de 22\u00a0000 sepulturas en m\u00e1s de 32 hect\u00e1reas.<\/p><p>El tranquilo paraje del cementerio, situado en las colinas del noroeste de Luisiana, ofrece un lugar de descanso eterno digno para los veteranos, as\u00ed como para sus c\u00f3nyuges e hijos dependientes. El Jard\u00edn Memorial tambi\u00e9n est\u00e1 disponible para esparcir las cenizas.<\/p><p>El personal del cementerio de veteranos del noroeste de Luisiana est\u00e1 aqu\u00ed para brindar a las familias de los veteranos todo el apoyo y la asistencia necesarios en momentos dif\u00edciles.<\/p>\t\t\t\t\t\t\t\t<\/div>\n\t\t\t\t<\/div>\n\t\t\t\t<div class=\"elementor-element elementor-element-23ab85a photo-gallery elementor-widget elementor-widget-gallery\" data-id=\"23ab85a\" data-element_type=\"widget\" data-settings=\"{&quot;gallery_layout&quot;:&quot;masonry&quot;,&quot;columns&quot;:3,&quot;gap&quot;:{&quot;unit&quot;:&quot;px&quot;,&quot;size&quot;:15,&quot;sizes&quot;:[]},&quot;gap_tablet&quot;:{&quot;unit&quot;:&quot;px&quot;,&quot;size&quot;:15,&quot;sizes&quot;:[]},&quot;gap_mobile&quot;:{&quot;unit&quot;:&quot;px&quot;,&quot;size&quot;:15,&quot;sizes&quot;:[]},&quot;columns_tablet&quot;:3,&quot;lazyload&quot;:&quot;yes&quot;,&quot;columns_mobile&quot;:1,&quot;link_to&quot;:&quot;file&quot;,&quot;content_hover_animation&quot;:&quot;fade-in&quot;}\" data-widget_type=\"gallery.default\">\n\t\t\t\t<div class=\"elementor-widget-container\">\n\t\t\t\t\t\t\t<div class=\"elementor-gallery__container\">\n\t\t\t\t\t\t\t<a class=\"e-gallery-item elementor-gallery-item elementor-animated-content\" href=\"https:\/\/vetaffairs.la.gov\/wp-content\/uploads\/2025\/06\/LDVA-cemetary-keithville-03.webp\" data-elementor-open-lightbox=\"yes\" data-elementor-lightbox-slideshow=\"23ab85a\" data-e-action-hash=\"#elementor-action%3Aaction%3Dlightbox%26settings%3DeyJpZCI6NjA1NSwidXJsIjoiaHR0cHM6XC9cL3ZldGFmZmFpcnMubGEuZ292XC93cC1jb250ZW50XC91cGxvYWRzXC8yMDI1XC8wNlwvTERWQS1jZW1ldGFyeS1rZWl0aHZpbGxlLTAzLndlYnAiLCJzbGlkZXNob3ciOiIyM2FiODVhIn0%3D\">\n\t\t\t\t\t<div class=\"e-gallery-image elementor-gallery-item__image\" data-thumbnail=\"https:\/\/vetaffairs.la.gov\/wp-content\/uploads\/2025\/06\/LDVA-cemetary-keithville-03.webp\" data-width=\"1200\" data-height=\"800\" aria-label=\"Letrero del cementerio de veteranos de Keithbille\" role=\"img\" ><\/div>\n\t\t\t\t\t\t\t\t\t\t\t\t\t\t<\/a>\n\t\t\t\t\t\t\t<a class=\"e-gallery-item elementor-gallery-item elementor-animated-content\" href=\"https:\/\/vetaffairs.la.gov\/wp-content\/uploads\/2025\/06\/LDVA-cemetary-keithville-01.webp\" data-elementor-open-lightbox=\"yes\" data-elementor-lightbox-slideshow=\"23ab85a\" data-e-action-hash=\"#elementor-action%3Aaction%3Dlightbox%26settings%3DeyJpZCI6NjA1MywidXJsIjoiaHR0cHM6XC9cL3ZldGFmZmFpcnMubGEuZ292XC93cC1jb250ZW50XC91cGxvYWRzXC8yMDI1XC8wNlwvTERWQS1jZW1ldGFyeS1rZWl0aHZpbGxlLTAxLndlYnAiLCJzbGlkZXNob3ciOiIyM2FiODVhIn0%3D\">\n\t\t\t\t\t<div class=\"e-gallery-image elementor-gallery-item__image\" data-thumbnail=\"https:\/\/vetaffairs.la.gov\/wp-content\/uploads\/2025\/06\/LDVA-cemetary-keithville-01.webp\" data-width=\"1200\" data-height=\"800\" aria-label=\"Sendero del cementerio de veteranos de Keithbille\" role=\"img\" ><\/div>\n\t\t\t\t\t\t\t\t\t\t\t\t\t\t<\/a>\n\t\t\t\t\t\t\t<a class=\"e-gallery-item elementor-gallery-item elementor-animated-content\" href=\"https:\/\/vetaffairs.la.gov\/wp-content\/uploads\/2025\/06\/LDVA-cemetary-keithville-05.webp\" data-elementor-open-lightbox=\"yes\" data-elementor-lightbox-slideshow=\"23ab85a\" data-e-action-hash=\"#elementor-action%3Aaction%3Dlightbox%26settings%3DeyJpZCI6NjA1NywidXJsIjoiaHR0cHM6XC9cL3ZldGFmZmFpcnMubGEuZ292XC93cC1jb250ZW50XC91cGxvYWRzXC8yMDI1XC8wNlwvTERWQS1jZW1ldGFyeS1rZWl0aHZpbGxlLTA1LndlYnAiLCJzbGlkZXNob3ciOiIyM2FiODVhIn0%3D\">\n\t\t\t\t\t<div class=\"e-gallery-image elementor-gallery-item__image\" data-thumbnail=\"https:\/\/vetaffairs.la.gov\/wp-content\/uploads\/2025\/06\/LDVA-cemetary-keithville-05.webp\" data-width=\"1200\" data-height=\"800\" aria-label=\"L\u00e1pidas del cementerio de veteranos de Keithbille\" role=\"img\" ><\/div>\n\t\t\t\t\t\t\t\t\t\t\t\t\t\t<\/a>\n\t\t\t\t\t\t\t<a class=\"e-gallery-item elementor-gallery-item elementor-animated-content\" href=\"https:\/\/vetaffairs.la.gov\/wp-content\/uploads\/2025\/06\/LDVA-cemetary-keithville-02.webp\" data-elementor-open-lightbox=\"yes\" data-elementor-lightbox-slideshow=\"23ab85a\" data-e-action-hash=\"#elementor-action%3Aaction%3Dlightbox%26settings%3DeyJpZCI6NjA1NCwidXJsIjoiaHR0cHM6XC9cL3ZldGFmZmFpcnMubGEuZ292XC93cC1jb250ZW50XC91cGxvYWRzXC8yMDI1XC8wNlwvTERWQS1jZW1ldGFyeS1rZWl0aHZpbGxlLTAyLndlYnAiLCJzbGlkZXNob3ciOiIyM2FiODVhIn0%3D\">\n\t\t\t\t\t<div class=\"e-gallery-image elementor-gallery-item__image\" data-thumbnail=\"https:\/\/vetaffairs.la.gov\/wp-content\/uploads\/2025\/06\/LDVA-cemetary-keithville-02.webp\" data-width=\"1200\" data-height=\"800\" aria-label=\"Cementerio de veteranos de Keithbille Disparo lejano\" role=\"img\" ><\/div>\n\t\t\t\t\t\t\t\t\t\t\t\t\t\t<\/a>\n\t\t\t\t\t\t\t<a class=\"e-gallery-item elementor-gallery-item elementor-animated-content\" href=\"https:\/\/vetaffairs.la.gov\/wp-content\/uploads\/2025\/06\/LDVA-cemetary-keithville-04.webp\" data-elementor-open-lightbox=\"yes\" data-elementor-lightbox-slideshow=\"23ab85a\" data-e-action-hash=\"#elementor-action%3Aaction%3Dlightbox%26settings%3DeyJpZCI6NjA1NiwidXJsIjoiaHR0cHM6XC9cL3ZldGFmZmFpcnMubGEuZ292XC93cC1jb250ZW50XC91cGxvYWRzXC8yMDI1XC8wNlwvTERWQS1jZW1ldGFyeS1rZWl0aHZpbGxlLTA0LndlYnAiLCJzbGlkZXNob3ciOiIyM2FiODVhIn0%3D\">\n\t\t\t\t\t<div class=\"e-gallery-image elementor-gallery-item__image\" data-thumbnail=\"https:\/\/vetaffairs.la.gov\/wp-content\/uploads\/2025\/06\/LDVA-cemetary-keithville-04.webp\" data-width=\"1200\" data-height=\"800\" aria-label=\"Columbario del cementerio de veteranos de Keithbille\" role=\"img\" ><\/div>\n\t\t\t\t\t\t\t\t\t\t\t\t\t\t<\/a>\n\t\t\t\t\t\t\t<a class=\"e-gallery-item elementor-gallery-item elementor-animated-content\" href=\"https:\/\/vetaffairs.la.gov\/wp-content\/uploads\/2025\/06\/LDVA-cemetary-keithville-statue.webp\" data-elementor-open-lightbox=\"yes\" data-elementor-lightbox-slideshow=\"23ab85a\" data-e-action-hash=\"#elementor-action%3Aaction%3Dlightbox%26settings%3DeyJpZCI6NjEzNywidXJsIjoiaHR0cHM6XC9cL3ZldGFmZmFpcnMubGEuZ292XC93cC1jb250ZW50XC91cGxvYWRzXC8yMDI1XC8wNlwvTERWQS1jZW1ldGFyeS1rZWl0aHZpbGxlLXN0YXR1ZS53ZWJwIiwic2xpZGVzaG93IjoiMjNhYjg1YSJ9\">\n\t\t\t\t\t<div class=\"e-gallery-image elementor-gallery-item__image\" data-thumbnail=\"https:\/\/vetaffairs.la.gov\/wp-content\/uploads\/2025\/06\/LDVA-cemetary-keithville-statue.webp\" data-width=\"1200\" data-height=\"800\" aria-label=\"Escultura del cementerio de veteranos de Keithbille\" role=\"img\" ><\/div>\n\t\t\t\t\t\t\t\t\t\t\t\t\t\t<\/a>\n\t\t\t\t\t<\/div>\n\t\t\t\t\t<\/div>\n\t\t\t\t<\/div>\n\t\t\t\t<div class=\"elementor-element elementor-element-3cb6aa5 intro elementor-widget elementor-widget-text-editor\" data-id=\"3cb6aa5\" data-element_type=\"widget\" data-widget_type=\"text-editor.default\">\n\t\t\t\t<div class=\"elementor-widget-container\">\n\t\t\t\t\t\t\t\t\t<h2>Comprobar elegibilidad<\/h2><p>Hay <a href=\"\/es\/cementerios\/#eligibility\">informaci\u00f3n de elegibilidad<\/a> disponible en nuestra p\u00e1gina principal de cementerios. Si desea comprobar si re\u00fane los requisitos para ser enterrado en nuestro cementerio, complete el formulario y <a href=\"\/es\/solicitud-de-entierro-anticipado\/\">Presentar la solicitud de previsi\u00f3n<\/a>.<\/p>\t\t\t\t\t\t\t\t<\/div>\n\t\t\t\t<\/div>\n\t\t\t\t<div class=\"elementor-element elementor-element-cbe0354 intro elementor-widget elementor-widget-text-editor\" data-id=\"cbe0354\" data-element_type=\"widget\" data-widget_type=\"text-editor.default\">\n\t\t\t\t<div class=\"elementor-widget-container\">\n\t\t\t\t\t\t\t\t\t<h2>Programar un entierro<\/h2><p>Hay informaci\u00f3n debajo <a href=\"\/es\/cementerios\/#burial-services\">servicios funerarios<\/a> Disponible en nuestra p\u00e1gina principal de cementerios. Si desea ser enterrado en nuestro cementerio, complete el formulario y <a href=\"\/es\/solicitud-de-entierro-anticipado\/\">presentar la solicitud de entierro<\/a>.<\/p>\t\t\t\t\t\t\t\t<\/div>\n\t\t\t\t<\/div>\n\t\t\t\t<div class=\"elementor-element elementor-element-351a0bd intro elementor-widget elementor-widget-text-editor\" data-id=\"351a0bd\" data-element_type=\"widget\" data-widget_type=\"text-editor.default\">\n\t\t\t\t<div class=\"elementor-widget-container\">\n\t\t\t\t\t\t\t\t\t<h2>Eventos<\/h2><p>Viernes 22 de mayo de 2026 a la 1:00 p. m. \u2013 Colocaci\u00f3n de banderas para el D\u00eda de los Ca\u00eddos<\/p><p>Lunes 25 de mayo de 2026 a las 11:00 a. m. \u2013 Programa del D\u00eda de los Ca\u00eddos<\/p><p>Viernes 29 de mayo de 2026 a las 13:00 \u2013 Recuperaci\u00f3n de banderas<\/p><p>Viernes 30 de octubre de 2026 a la 1:00 p. m. \u2013 Colocaci\u00f3n de banderas para el D\u00eda de los Veteranos<\/p><p>Viernes 13 de noviembre de 2026 a las 13:00 \u2013 Recuperaci\u00f3n de banderas<\/p><p>Viernes 4 de diciembre de 2026 a las 13:00 h \u2013 Colocaci\u00f3n de coronas<\/p><p>Viernes 8 de enero de 2027 a las 13:00 \u2013 Recuperaci\u00f3n de coronas<\/p>\t\t\t\t\t\t\t\t<\/div>\n\t\t\t\t<\/div>\n\t\t\t\t<div class=\"elementor-element elementor-element-b82ed44 intro elementor-widget elementor-widget-text-editor\" data-id=\"b82ed44\" data-element_type=\"widget\" data-widget_type=\"text-editor.default\">\n\t\t\t\t<div class=\"elementor-widget-container\">\n\t\t\t\t\t\t\t\t\t<h2>C\u00f3mo ayudar<\/h2><p>Damos la bienvenida a voluntarios que deseen honrar a nuestros veteranos ayudando a mantener la dignidad de nuestro cementerio. Agradecemos especialmente la ayuda de voluntarios en d\u00edas festivos como el D\u00eda de los Ca\u00eddos y la ceremonia de Ofrenda Floral, donde la colaboraci\u00f3n es fundamental para que estas importantes ceremonias se lleven a cabo. Tambi\u00e9n aceptamos voluntarios entre semana para ayudar con tareas como la limpieza de l\u00e1pidas, la siembra de flores, el deshierbe y el mantenimiento general del cementerio. Cont\u00e1ctenos para saber c\u00f3mo puede colaborar.<\/p>\t\t\t\t\t\t\t\t<\/div>\n\t\t\t\t<\/div>\n\t\t\t\t<div class=\"elementor-element elementor-element-579d056 intro elementor-widget elementor-widget-text-editor\" data-id=\"579d056\" data-element_type=\"widget\" data-widget_type=\"text-editor.default\">\n\t\t\t\t<div class=\"elementor-widget-container\">\n\t\t\t\t\t\t\t\t\t<h2>Horario de atenci\u00f3n<\/h2><p>Horario de oficina: lunes a viernes, de 8:00 a 16:30.<br \/>Terrenos: Desde el amanecer hasta el anochecer diariamente<\/p><p>Si hemos tenido el honor de cuidar de su ser querido, <a href=\"\/es\/comentario\/?service=Veteran Cemeteries&amp;cemetery=Northwest Louisiana Veterans Cemetery - Keithville, LA\">Por favor, env\u00ede sus comentarios aqu\u00ed.<\/a><\/p>\t\t\t\t\t\t\t\t<\/div>\n\t\t\t\t<\/div>\n\t\t\t\t<div class=\"elementor-element elementor-element-9c960db elementor-widget elementor-widget-heading\" data-id=\"9c960db\" data-element_type=\"widget\" data-widget_type=\"heading.default\">\n\t\t\t\t<div class=\"elementor-widget-container\">\n\t\t\t\t\t<h2 class=\"elementor-heading-title elementor-size-default\">Cont\u00e1ctanos<\/h2>\t\t\t\t<\/div>\n\t\t\t\t<\/div>\n\t\t\t\t<div class=\"elementor-element elementor-element-1100f36 intro elementor-widget elementor-widget-text-editor\" data-id=\"1100f36\" data-element_type=\"widget\" data-widget_type=\"text-editor.default\">\n\t\t\t\t<div class=\"elementor-widget-container\">\n\t\t\t\t\t\t\t\t\t<p>Karen Carlton, Director<br \/>Crystal Baxter, Coordinadora Administrativa<\/p>\t\t\t\t\t\t\t\t<\/div>\n\t\t\t\t<\/div>\n\t\t\t\t<div class=\"elementor-element elementor-element-5f68db2 elementor-list-item-link-full_width elementor-widget elementor-widget-icon-list\" data-id=\"5f68db2\" data-element_type=\"widget\" data-widget_type=\"icon-list.default\">\n\t\t\t\t<div class=\"elementor-widget-container\">\n\t\t\t\t\t\t\t<ul class=\"elementor-icon-list-items\">\n\t\t\t\t\t\t\t<li class=\"elementor-icon-list-item\">\n\t\t\t\t\t\t\t\t\t\t\t<span class=\"elementor-icon-list-icon\">\n\t\t\t\t\t\t\t<svg aria-hidden=\"true\" class=\"e-font-icon-svg e-fas-map-marker-alt\" viewbox=\"0 0 384 512\" xmlns=\"http:\/\/www.w3.org\/2000\/svg\"><path d=\"M172.268 501.67C26.97 291.031 0 269.413 0 192 0 85.961 85.961 0 192 0s192 85.961 192 192c0 77.413-26.97 99.031-172.268 309.67-9.535 13.774-29.93 13.773-39.464 0zM192 272c44.183 0 80-35.817 80-80s-35.817-80-80-80-80 35.817-80 80 35.817 80 80 80z\"><\/path><\/svg>\t\t\t\t\t\t<\/span>\n\t\t\t\t\t\t\t\t\t\t<span class=\"elementor-icon-list-text\">7970 Mike Clark Road Keithville, LA 71047<\/span>\n\t\t\t\t\t\t\t\t\t<\/li>\n\t\t\t\t\t\t\t\t<li class=\"elementor-icon-list-item\">\n\t\t\t\t\t\t\t\t\t\t\t<span class=\"elementor-icon-list-icon\">\n\t\t\t\t\t\t\t<svg aria-hidden=\"true\" class=\"e-font-icon-svg e-fas-phone-alt\" viewbox=\"0 0 512 512\" xmlns=\"http:\/\/www.w3.org\/2000\/svg\"><path d=\"M497.39 361.8l-112-48a24 24 0 0 0-28 6.9l-49.6 60.6A370.66 370.66 0 0 1 130.6 204.11l60.6-49.6a23.94 23.94 0 0 0 6.9-28l-48-112A24.16 24.16 0 0 0 122.6.61l-104 24A24 24 0 0 0 0 48c0 256.5 207.9 464 464 464a24 24 0 0 0 23.4-18.6l24-104a24.29 24.29 0 0 0-14.01-27.6z\"><\/path><\/svg>\t\t\t\t\t\t<\/span>\n\t\t\t\t\t\t\t\t\t\t<span class=\"elementor-icon-list-text\"><a href=\"tel:3189250612\">(318) 925-0612<\/a><\/span>\n\t\t\t\t\t\t\t\t\t<\/li>\n\t\t\t\t\t\t\t\t<li class=\"elementor-icon-list-item\">\n\t\t\t\t\t\t\t\t\t\t\t<span class=\"elementor-icon-list-icon\">\n\t\t\t\t\t\t\t<svg aria-hidden=\"true\" class=\"e-font-icon-svg e-fas-fax\" viewbox=\"0 0 512 512\" xmlns=\"http:\/\/www.w3.org\/2000\/svg\"><path d=\"M480 160V77.25a32 32 0 0 0-9.38-22.63L425.37 9.37A32 32 0 0 0 402.75 0H160a32 32 0 0 0-32 32v448a32 32 0 0 0 32 32h320a32 32 0 0 0 32-32V192a32 32 0 0 0-32-32zM288 432a16 16 0 0 1-16 16h-32a16 16 0 0 1-16-16v-32a16 16 0 0 1 16-16h32a16 16 0 0 1 16 16zm0-128a16 16 0 0 1-16 16h-32a16 16 0 0 1-16-16v-32a16 16 0 0 1 16-16h32a16 16 0 0 1 16 16zm128 128a16 16 0 0 1-16 16h-32a16 16 0 0 1-16-16v-32a16 16 0 0 1 16-16h32a16 16 0 0 1 16 16zm0-128a16 16 0 0 1-16 16h-32a16 16 0 0 1-16-16v-32a16 16 0 0 1 16-16h32a16 16 0 0 1 16 16zm0-112H192V64h160v48a16 16 0 0 0 16 16h48zM64 128H32a32 32 0 0 0-32 32v320a32 32 0 0 0 32 32h32a32 32 0 0 0 32-32V160a32 32 0 0 0-32-32z\"><\/path><\/svg>\t\t\t\t\t\t<\/span>\n\t\t\t\t\t\t\t\t\t\t<span class=\"elementor-icon-list-text\"><a href=\"tel:3189250612\">(318) 925-0612<\/a><\/span>\n\t\t\t\t\t\t\t\t\t<\/li>\n\t\t\t\t\t\t\t\t<li class=\"elementor-icon-list-item\">\n\t\t\t\t\t\t\t\t\t\t\t<span class=\"elementor-icon-list-icon\">\n\t\t\t\t\t\t\t<svg aria-hidden=\"true\" class=\"e-font-icon-svg e-fas-at\" viewbox=\"0 0 512 512\" xmlns=\"http:\/\/www.w3.org\/2000\/svg\"><path d=\"M256 8C118.941 8 8 118.919 8 256c0 137.059 110.919 248 248 248 48.154 0 95.342-14.14 135.408-40.223 12.005-7.815 14.625-24.288 5.552-35.372l-10.177-12.433c-7.671-9.371-21.179-11.667-31.373-5.129C325.92 429.757 291.314 440 256 440c-101.458 0-184-82.542-184-184S154.542 72 256 72c100.139 0 184 57.619 184 160 0 38.786-21.093 79.742-58.17 83.693-17.349-.454-16.91-12.857-13.476-30.024l23.433-121.11C394.653 149.75 383.308 136 368.225 136h-44.981a13.518 13.518 0 0 0-13.432 11.993l-.01.092c-14.697-17.901-40.448-21.775-59.971-21.775-74.58 0-137.831 62.234-137.831 151.46 0 65.303 36.785 105.87 96 105.87 26.984 0 57.369-15.637 74.991-38.333 9.522 34.104 40.613 34.103 70.71 34.103C462.609 379.41 504 307.798 504 232 504 95.653 394.023 8 256 8zm-21.68 304.43c-22.249 0-36.07-15.623-36.07-40.771 0-44.993 30.779-72.729 58.63-72.729 22.292 0 35.601 15.241 35.601 40.77 0 45.061-33.875 72.73-58.161 72.73z\"><\/path><\/svg>\t\t\t\t\t\t<\/span>\n\t\t\t\t\t\t\t\t\t\t<span class=\"elementor-icon-list-text\"><a href=\"mailto:nlvc@la.gov\">nlvc@la.gov<\/a><\/span>\n\t\t\t\t\t\t\t\t\t<\/li>\n\t\t\t\t\t\t<\/ul>\n\t\t\t\t\t\t<\/div>\n\t\t\t\t<\/div>\n\t\t\t\t<div class=\"elementor-element elementor-element-5cc9661 elementor-view-stacked elementor-shape-circle elementor-widget elementor-widget-icon\" data-id=\"5cc9661\" data-element_type=\"widget\" data-widget_type=\"icon.default\">\n\t\t\t\t<div class=\"elementor-widget-container\">\n\t\t\t\t\t\t\t<div class=\"elementor-icon-wrapper\">\n\t\t\t<a class=\"elementor-icon elementor-animation-grow\" href=\"https:\/\/www.facebook.com\/NWLVC.la.gov\" target=\"_blank\" rel=\"noopener\">\n\t\t\t<svg aria-hidden=\"true\" class=\"e-font-icon-svg e-fab-facebook-f\" viewbox=\"0 0 320 512\" xmlns=\"http:\/\/www.w3.org\/2000\/svg\"><path d=\"M279.14 288l14.22-92.66h-88.91v-60.13c0-25.35 12.42-50.06 52.24-50.06h40.42V6.26S260.43 0 225.36 0c-73.22 0-121.08 44.38-121.08 124.72v70.62H22.89V288h81.39v224h100.17V288z\"><\/path><\/svg>\t\t\t<\/a>\n\t\t<\/div>\n\t\t\t\t\t\t<\/div>\n\t\t\t\t<\/div>\n\t\t\t\t\t<\/div>\n\t\t\t\t<\/div>\n\t\t\t\t<\/div>","protected":false},"excerpt":{"rendered":"<p>El cementerio de veteranos del noroeste de Luisiana est\u00e1 ubicado en el suroeste de la parroquia de Caddo y presta servicio principalmente a un radio de 75 millas que incluye el noroeste\u2026<\/p>","protected":false},"author":7,"featured_media":0,"parent":37,"menu_order":0,"comment_status":"closed","ping_status":"closed","template":"","meta":{"_acf_changed":false,"footnotes":"","_links_to":"","_links_to_target":""},"class_list":["post-70","page","type-page","status-publish","hentry"],"acf":[],"_links":{"self":[{"href":"https:\/\/vetaffairs.la.gov\/es\/wp-json\/wp\/v2\/pages\/70","targetHints":{"allow":["GET"]}}],"collection":[{"href":"https:\/\/vetaffairs.la.gov\/es\/wp-json\/wp\/v2\/pages"}],"about":[{"href":"https:\/\/vetaffairs.la.gov\/es\/wp-json\/wp\/v2\/types\/page"}],"author":[{"embeddable":true,"href":"https:\/\/vetaffairs.la.gov\/es\/wp-json\/wp\/v2\/users\/7"}],"replies":[{"embeddable":true,"href":"https:\/\/vetaffairs.la.gov\/es\/wp-json\/wp\/v2\/comments?post=70"}],"version-history":[{"count":0,"href":"https:\/\/vetaffairs.la.gov\/es\/wp-json\/wp\/v2\/pages\/70\/revisions"}],"up":[{"embeddable":true,"href":"https:\/\/vetaffairs.la.gov\/es\/wp-json\/wp\/v2\/pages\/37"}],"wp:attachment":[{"href":"https:\/\/vetaffairs.la.gov\/es\/wp-json\/wp\/v2\/media?parent=70"}],"curies":[{"name":"wp","href":"https:\/\/api.w.org\/{rel}","templated":true}]}}