{"id":65,"date":"2025-02-24T15:41:07","date_gmt":"2025-02-24T21:41:07","guid":{"rendered":"https:\/\/veteran-affairs-louisiana.local\/?page_id=65"},"modified":"2026-01-07T13:26:51","modified_gmt":"2026-01-07T19:26:51","slug":"hogar-de-veteranos-del-suroeste-de-luisiana","status":"publish","type":"page","link":"https:\/\/vetaffairs.la.gov\/es\/casas\/hogar-de-veteranos-del-suroeste-de-luisiana","title":{"rendered":"Hogar de veteranos del suroeste de Luisiana"},"content":{"rendered":"<div data-elementor-type=\"wp-page\" data-elementor-id=\"65\" class=\"elementor elementor-65\" data-elementor-post-type=\"page\">\n\t\t\t\t<div class=\"elementor-element elementor-element-4d084ef e-flex e-con-boxed e-con e-parent\" data-id=\"4d084ef\" data-element_type=\"container\">\n\t\t\t\t\t<div class=\"e-con-inner\">\n\t\t\t\t<div class=\"elementor-element elementor-element-c21fef8 intro elementor-widget elementor-widget-text-editor\" data-id=\"c21fef8\" data-element_type=\"widget\" data-widget_type=\"text-editor.default\">\n\t\t\t\t<div class=\"elementor-widget-container\">\n\t\t\t\t\t\t\t\t\t<p>El Hogar para Veteranos del Suroeste de Luisiana se encuentra en Jennings, en un terreno de 8 hect\u00e1reas entre Lafayette y Lake Charles, junto a la Interestatal 10, en la parroquia de Jefferson Davis. Este hogar, con capacidad para 156 personas, es el \u00fanico hogar para veteranos ubicado en un terreno colindante con uno de nuestros cementerios de veteranos. Muchos de nuestros veteranos asisten semanalmente a estudios b\u00edblicos y servicios religiosos en la capilla, que cuenta con hermosos vitrales. En la sala de actividades, hay juegos como damas, adem\u00e1s de talleres de arte y manualidades. Frente al hogar hay un estanque de 0,4 hect\u00e1reas con peces para que nuestros residentes pesquen, y una zona de descanso cercana. Nuestros veteranos tambi\u00e9n se enorgullecen de alimentar a los p\u00e1jaros y peces, y de cuidar las plantas para el disfrute de todos en el patio trasero.<\/p><p>La residencia est\u00e1 convenientemente ubicada cerca de las parroquias de Acadia, Allen, Beauregard, Calcasieu, Cameron, Evangeline, Grant, Iberia, Jefferson Davis, Lafayette, Rapides, St. Landry, St. Martin, Vermilion y Vernon. Los veteranos no tienen que residir en estas parroquias para vivir en la Residencia para Veteranos del Suroeste de Luisiana.<\/p>\t\t\t\t\t\t\t\t<\/div>\n\t\t\t\t<\/div>\n\t\t\t\t<div class=\"elementor-element elementor-element-a76ef65 photo-gallery elementor-widget elementor-widget-gallery\" data-id=\"a76ef65\" data-element_type=\"widget\" data-settings=\"{&quot;gallery_layout&quot;:&quot;masonry&quot;,&quot;columns&quot;:3,&quot;gap&quot;:{&quot;unit&quot;:&quot;px&quot;,&quot;size&quot;:15,&quot;sizes&quot;:[]},&quot;gap_tablet&quot;:{&quot;unit&quot;:&quot;px&quot;,&quot;size&quot;:15,&quot;sizes&quot;:[]},&quot;gap_mobile&quot;:{&quot;unit&quot;:&quot;px&quot;,&quot;size&quot;:15,&quot;sizes&quot;:[]},&quot;columns_tablet&quot;:3,&quot;lazyload&quot;:&quot;yes&quot;,&quot;columns_mobile&quot;:1,&quot;link_to&quot;:&quot;file&quot;,&quot;content_hover_animation&quot;:&quot;fade-in&quot;}\" data-widget_type=\"gallery.default\">\n\t\t\t\t<div class=\"elementor-widget-container\">\n\t\t\t\t\t\t\t<div class=\"elementor-gallery__container\">\n\t\t\t\t\t\t\t<a class=\"e-gallery-item elementor-gallery-item elementor-animated-content\" href=\"https:\/\/vetaffairs.la.gov\/wp-content\/uploads\/2025\/06\/LDVA-veteransHome-jennings-birdfeeder.webp\" data-elementor-open-lightbox=\"yes\" data-elementor-lightbox-slideshow=\"a76ef65\" data-e-action-hash=\"#elementor-action%3Aaction%3Dlightbox%26settings%3DeyJpZCI6NjEwMywidXJsIjoiaHR0cHM6XC9cL3ZldGFmZmFpcnMubGEuZ292XC93cC1jb250ZW50XC91cGxvYWRzXC8yMDI1XC8wNlwvTERWQS12ZXRlcmFuc0hvbWUtamVubmluZ3MtYmlyZGZlZWRlci53ZWJwIiwic2xpZGVzaG93IjoiYTc2ZWY2NSJ9\">\n\t\t\t\t\t<div class=\"e-gallery-image elementor-gallery-item__image\" data-thumbnail=\"https:\/\/vetaffairs.la.gov\/wp-content\/uploads\/2025\/06\/LDVA-veteransHome-jennings-birdfeeder.webp\" data-width=\"1200\" data-height=\"800\" aria-label=\"\" role=\"img\" ><\/div>\n\t\t\t\t\t\t\t\t\t\t\t\t\t\t<\/a>\n\t\t\t\t\t\t\t<a class=\"e-gallery-item elementor-gallery-item elementor-animated-content\" href=\"https:\/\/vetaffairs.la.gov\/wp-content\/uploads\/2025\/06\/LDVA-veteransHome-jennings-cafeteria.webp\" data-elementor-open-lightbox=\"yes\" data-elementor-lightbox-slideshow=\"a76ef65\" data-e-action-hash=\"#elementor-action%3Aaction%3Dlightbox%26settings%3DeyJpZCI6NjEwNCwidXJsIjoiaHR0cHM6XC9cL3ZldGFmZmFpcnMubGEuZ292XC93cC1jb250ZW50XC91cGxvYWRzXC8yMDI1XC8wNlwvTERWQS12ZXRlcmFuc0hvbWUtamVubmluZ3MtY2FmZXRlcmlhLndlYnAiLCJzbGlkZXNob3ciOiJhNzZlZjY1In0%3D\">\n\t\t\t\t\t<div class=\"e-gallery-image elementor-gallery-item__image\" data-thumbnail=\"https:\/\/vetaffairs.la.gov\/wp-content\/uploads\/2025\/06\/LDVA-veteransHome-jennings-cafeteria.webp\" data-width=\"1200\" data-height=\"800\" aria-label=\"\" role=\"img\" ><\/div>\n\t\t\t\t\t\t\t\t\t\t\t\t\t\t<\/a>\n\t\t\t\t\t\t\t<a class=\"e-gallery-item elementor-gallery-item elementor-animated-content\" href=\"https:\/\/vetaffairs.la.gov\/wp-content\/uploads\/2025\/06\/LDVA-veteransHome-jennings-checkers.webp\" data-elementor-open-lightbox=\"yes\" data-elementor-lightbox-slideshow=\"a76ef65\" data-e-action-hash=\"#elementor-action%3Aaction%3Dlightbox%26settings%3DeyJpZCI6NjEwNSwidXJsIjoiaHR0cHM6XC9cL3ZldGFmZmFpcnMubGEuZ292XC93cC1jb250ZW50XC91cGxvYWRzXC8yMDI1XC8wNlwvTERWQS12ZXRlcmFuc0hvbWUtamVubmluZ3MtY2hlY2tlcnMud2VicCIsInNsaWRlc2hvdyI6ImE3NmVmNjUifQ%3D%3D\">\n\t\t\t\t\t<div class=\"e-gallery-image elementor-gallery-item__image\" data-thumbnail=\"https:\/\/vetaffairs.la.gov\/wp-content\/uploads\/2025\/06\/LDVA-veteransHome-jennings-checkers.webp\" data-width=\"1200\" data-height=\"800\" aria-label=\"\" role=\"img\" ><\/div>\n\t\t\t\t\t\t\t\t\t\t\t\t\t\t<\/a>\n\t\t\t\t\t\t\t<a class=\"e-gallery-item elementor-gallery-item elementor-animated-content\" href=\"https:\/\/vetaffairs.la.gov\/wp-content\/uploads\/2025\/06\/LDVA-veteransHome-jennings-fishing.webp\" data-elementor-open-lightbox=\"yes\" data-elementor-lightbox-slideshow=\"a76ef65\" data-e-action-hash=\"#elementor-action%3Aaction%3Dlightbox%26settings%3DeyJpZCI6NjEwNywidXJsIjoiaHR0cHM6XC9cL3ZldGFmZmFpcnMubGEuZ292XC93cC1jb250ZW50XC91cGxvYWRzXC8yMDI1XC8wNlwvTERWQS12ZXRlcmFuc0hvbWUtamVubmluZ3MtZmlzaGluZy53ZWJwIiwic2xpZGVzaG93IjoiYTc2ZWY2NSJ9\">\n\t\t\t\t\t<div class=\"e-gallery-image elementor-gallery-item__image\" data-thumbnail=\"https:\/\/vetaffairs.la.gov\/wp-content\/uploads\/2025\/06\/LDVA-veteransHome-jennings-fishing.webp\" data-width=\"1200\" data-height=\"800\" aria-label=\"\" role=\"img\" ><\/div>\n\t\t\t\t\t\t\t\t\t\t\t\t\t\t<\/a>\n\t\t\t\t\t\t\t<a class=\"e-gallery-item elementor-gallery-item elementor-animated-content\" href=\"https:\/\/vetaffairs.la.gov\/wp-content\/uploads\/2025\/06\/LDVA-veteransHome-jennings-gardening.webp\" data-elementor-open-lightbox=\"yes\" data-elementor-lightbox-slideshow=\"a76ef65\" data-e-action-hash=\"#elementor-action%3Aaction%3Dlightbox%26settings%3DeyJpZCI6NjEwOCwidXJsIjoiaHR0cHM6XC9cL3ZldGFmZmFpcnMubGEuZ292XC93cC1jb250ZW50XC91cGxvYWRzXC8yMDI1XC8wNlwvTERWQS12ZXRlcmFuc0hvbWUtamVubmluZ3MtZ2FyZGVuaW5nLndlYnAiLCJzbGlkZXNob3ciOiJhNzZlZjY1In0%3D\">\n\t\t\t\t\t<div class=\"e-gallery-image elementor-gallery-item__image\" data-thumbnail=\"https:\/\/vetaffairs.la.gov\/wp-content\/uploads\/2025\/06\/LDVA-veteransHome-jennings-gardening.webp\" data-width=\"1200\" data-height=\"800\" aria-label=\"\" role=\"img\" ><\/div>\n\t\t\t\t\t\t\t\t\t\t\t\t\t\t<\/a>\n\t\t\t\t\t\t\t<a class=\"e-gallery-item elementor-gallery-item elementor-animated-content\" href=\"https:\/\/vetaffairs.la.gov\/wp-content\/uploads\/2025\/06\/LDVA-veteransHome-jennings-poker.webp\" data-elementor-open-lightbox=\"yes\" data-elementor-lightbox-slideshow=\"a76ef65\" data-e-action-hash=\"#elementor-action%3Aaction%3Dlightbox%26settings%3DeyJpZCI6NjEwOSwidXJsIjoiaHR0cHM6XC9cL3ZldGFmZmFpcnMubGEuZ292XC93cC1jb250ZW50XC91cGxvYWRzXC8yMDI1XC8wNlwvTERWQS12ZXRlcmFuc0hvbWUtamVubmluZ3MtcG9rZXIud2VicCIsInNsaWRlc2hvdyI6ImE3NmVmNjUifQ%3D%3D\">\n\t\t\t\t\t<div class=\"e-gallery-image elementor-gallery-item__image\" data-thumbnail=\"https:\/\/vetaffairs.la.gov\/wp-content\/uploads\/2025\/06\/LDVA-veteransHome-jennings-poker.webp\" data-width=\"1200\" data-height=\"800\" aria-label=\"\" role=\"img\" ><\/div>\n\t\t\t\t\t\t\t\t\t\t\t\t\t\t<\/a>\n\t\t\t\t\t<\/div>\n\t\t\t\t\t<\/div>\n\t\t\t\t<\/div>\n\t\t\t\t<div class=\"elementor-element elementor-element-7ce4f43 intro elementor-widget elementor-widget-text-editor\" data-id=\"7ce4f43\" data-element_type=\"widget\" data-widget_type=\"text-editor.default\">\n\t\t\t\t<div class=\"elementor-widget-container\">\n\t\t\t\t\t\t\t\t\t<h2>Solicitar admisi\u00f3n<\/h2><p>Los veteranos de Luisiana con baja honorable, ya sea en tiempos de guerra o de paz, que hayan prestado servicio activo durante 90 d\u00edas; los c\u00f3nyuges de veteranos; y los padres de soldados ca\u00eddos en combate (Gold Star) pueden residir en una residencia para veteranos. Las personas interesadas en vivir en una residencia para veteranos pueden <a href=\"https:\/\/vetaffairs.la.gov\/wp-content\/uploads\/2026\/01\/2025VeteransHomesAdmissionsApplication.pdf\">completar una solicitud de admisi\u00f3n\u00a0<\/a>y env\u00edelo a nuestro coordinador de admisiones, o p\u00f3ngase en contacto con nosotros para obtener ayuda.<\/p>\t\t\t\t\t\t\t\t<\/div>\n\t\t\t\t<\/div>\n\t\t\t\t<div class=\"elementor-element elementor-element-8a51d0a intro elementor-widget elementor-widget-text-editor\" data-id=\"8a51d0a\" data-element_type=\"widget\" data-widget_type=\"text-editor.default\">\n\t\t\t\t<div class=\"elementor-widget-container\">\n\t\t\t\t\t\t\t\t\t<h2>C\u00f3mo ayudar<\/h2><p>Damos la bienvenida a voluntarios que deseen apoyar a los cientos de veteranos que viven en uno de nuestros hogares. \u00a1A nuestros veteranos les encantan las actividades, desde bingo hasta manualidades y mucho m\u00e1s! Las personas o grupos pueden patrocinar y\/o dirigir partidas de bingo, donar comida y bebida o traer a su animal de terapia de visita. Adem\u00e1s, se organizan muchos eventos en el hogar durante todo el a\u00f1o, y tambi\u00e9n se agradece la participaci\u00f3n de voluntarios. Cont\u00e1ctenos para saber c\u00f3mo puede ayudar.<\/p>\t\t\t\t\t\t\t\t<\/div>\n\t\t\t\t<\/div>\n\t\t\t\t<div class=\"elementor-element elementor-element-2d14bfb intro elementor-widget elementor-widget-text-editor\" data-id=\"2d14bfb\" data-element_type=\"widget\" data-widget_type=\"text-editor.default\">\n\t\t\t\t<div class=\"elementor-widget-container\">\n\t\t\t\t\t\t\t\t\t<h2>Horario de atenci\u00f3n<\/h2><p>Horario de oficina: lunes a viernes, de 8:00 a 16:30.<\/p><p>Si hemos tenido el honor de cuidar de su ser querido, <a href=\"\/es\/comentario\/?service=Veteran Homes&amp;home=Southwest Louisiana Veterans Home - Jennings, LA\">Por favor, env\u00ede sus comentarios aqu\u00ed.<\/a>.<\/p>\t\t\t\t\t\t\t\t<\/div>\n\t\t\t\t<\/div>\n\t\t\t\t<div class=\"elementor-element elementor-element-059d5b4 intro elementor-hidden-desktop elementor-hidden-tablet elementor-hidden-mobile elementor-widget elementor-widget-text-editor\" data-id=\"059d5b4\" data-element_type=\"widget\" data-widget_type=\"text-editor.default\">\n\t\t\t\t<div class=\"elementor-widget-container\">\n\t\t\t\t\t\t\t\t\t<h2>Cont\u00e1ctanos<\/h2><p>James K. Armes III, Director<br \/>Mary Ann Conner, Coordinadora Administrativa<\/p><p>3348 University Parkway<br \/>Leesville, LA 71446<\/p><p><a href=\"tel:3372386405\">(337) 238-6405<\/a> oficina<br \/><a href=\"tel:3372386448\">(337) 238-6448<\/a> fax<br \/><a href=\"mailto:clvc@la.gov\">clvc@la.gov<\/a><\/p>\t\t\t\t\t\t\t\t<\/div>\n\t\t\t\t<\/div>\n\t\t\t\t<div class=\"elementor-element elementor-element-f95971a elementor-view-stacked elementor-hidden-desktop elementor-hidden-tablet elementor-hidden-mobile elementor-shape-circle elementor-widget elementor-widget-icon\" data-id=\"f95971a\" data-element_type=\"widget\" data-widget_type=\"icon.default\">\n\t\t\t\t<div class=\"elementor-widget-container\">\n\t\t\t\t\t\t\t<div class=\"elementor-icon-wrapper\">\n\t\t\t<a class=\"elementor-icon elementor-animation-grow\" href=\"https:\/\/www.facebook.com\/NELVC.la.gov\" target=\"_blank\" rel=\"noopener\">\n\t\t\t<svg aria-hidden=\"true\" class=\"e-font-icon-svg e-fab-facebook-f\" viewbox=\"0 0 320 512\" xmlns=\"http:\/\/www.w3.org\/2000\/svg\"><path d=\"M279.14 288l14.22-92.66h-88.91v-60.13c0-25.35 12.42-50.06 52.24-50.06h40.42V6.26S260.43 0 225.36 0c-73.22 0-121.08 44.38-121.08 124.72v70.62H22.89V288h81.39v224h100.17V288z\"><\/path><\/svg>\t\t\t<\/a>\n\t\t<\/div>\n\t\t\t\t\t\t<\/div>\n\t\t\t\t<\/div>\n\t\t\t\t<div class=\"elementor-element elementor-element-805832f elementor-widget elementor-widget-heading\" data-id=\"805832f\" data-element_type=\"widget\" data-widget_type=\"heading.default\">\n\t\t\t\t<div class=\"elementor-widget-container\">\n\t\t\t\t\t<h2 class=\"elementor-heading-title elementor-size-default\">Cont\u00e1ctanos<\/h2>\t\t\t\t<\/div>\n\t\t\t\t<\/div>\n\t\t\t\t<div class=\"elementor-element elementor-element-4641207 intro elementor-widget elementor-widget-text-editor\" data-id=\"4641207\" data-element_type=\"widget\" data-widget_type=\"text-editor.default\">\n\t\t\t\t<div class=\"elementor-widget-container\">\n\t\t\t\t\t\t\t\t\t<p>Darla Price, Administradora | <a href=\"mailto:darla.price@la.gov\">darla.price@la.gov<\/a><br \/>Trisha Griffin, Administradora Auxiliar | <a href=\"mailto:trisha.griffin@la.gov\">trisha.griffin@la.gov<\/a><br \/>Lea Wise, Marketing | <a href=\"mailto:lea.wise@la.gov\">lea.wise@la.gov<\/a><br \/>Joni Frey, Admisiones | <a href=\"mailto:joni.frey@la.gov\">joni.frey@la.gov<\/a><\/p>\t\t\t\t\t\t\t\t<\/div>\n\t\t\t\t<\/div>\n\t\t\t\t<div class=\"elementor-element elementor-element-bd550af elementor-list-item-link-full_width elementor-widget elementor-widget-icon-list\" data-id=\"bd550af\" data-element_type=\"widget\" data-widget_type=\"icon-list.default\">\n\t\t\t\t<div class=\"elementor-widget-container\">\n\t\t\t\t\t\t\t<ul class=\"elementor-icon-list-items\">\n\t\t\t\t\t\t\t<li class=\"elementor-icon-list-item\">\n\t\t\t\t\t\t\t\t\t\t\t<span class=\"elementor-icon-list-icon\">\n\t\t\t\t\t\t\t<svg aria-hidden=\"true\" class=\"e-font-icon-svg e-fas-map-marker-alt\" viewbox=\"0 0 384 512\" xmlns=\"http:\/\/www.w3.org\/2000\/svg\"><path d=\"M172.268 501.67C26.97 291.031 0 269.413 0 192 0 85.961 85.961 0 192 0s192 85.961 192 192c0 77.413-26.97 99.031-172.268 309.67-9.535 13.774-29.93 13.773-39.464 0zM192 272c44.183 0 80-35.817 80-80s-35.817-80-80-80-80 35.817-80 80 35.817 80 80 80z\"><\/path><\/svg>\t\t\t\t\t\t<\/span>\n\t\t\t\t\t\t\t\t\t\t<span class=\"elementor-icon-list-text\">1610 Evangeline Road Jennings, LA 70546<\/span>\n\t\t\t\t\t\t\t\t\t<\/li>\n\t\t\t\t\t\t\t\t<li class=\"elementor-icon-list-item\">\n\t\t\t\t\t\t\t\t\t\t\t<span class=\"elementor-icon-list-icon\">\n\t\t\t\t\t\t\t<svg aria-hidden=\"true\" class=\"e-font-icon-svg e-fas-phone-alt\" viewbox=\"0 0 512 512\" xmlns=\"http:\/\/www.w3.org\/2000\/svg\"><path d=\"M497.39 361.8l-112-48a24 24 0 0 0-28 6.9l-49.6 60.6A370.66 370.66 0 0 1 130.6 204.11l60.6-49.6a23.94 23.94 0 0 0 6.9-28l-48-112A24.16 24.16 0 0 0 122.6.61l-104 24A24 24 0 0 0 0 48c0 256.5 207.9 464 464 464a24 24 0 0 0 23.4-18.6l24-104a24.29 24.29 0 0 0-14.01-27.6z\"><\/path><\/svg>\t\t\t\t\t\t<\/span>\n\t\t\t\t\t\t\t\t\t\t<span class=\"elementor-icon-list-text\"><a href=\"tel:3378242829\">(337) 824-2829<\/a><\/span>\n\t\t\t\t\t\t\t\t\t<\/li>\n\t\t\t\t\t\t\t\t<li class=\"elementor-icon-list-item\">\n\t\t\t\t\t\t\t\t\t\t\t<span class=\"elementor-icon-list-icon\">\n\t\t\t\t\t\t\t<svg aria-hidden=\"true\" class=\"e-font-icon-svg e-fas-fax\" viewbox=\"0 0 512 512\" xmlns=\"http:\/\/www.w3.org\/2000\/svg\"><path d=\"M480 160V77.25a32 32 0 0 0-9.38-22.63L425.37 9.37A32 32 0 0 0 402.75 0H160a32 32 0 0 0-32 32v448a32 32 0 0 0 32 32h320a32 32 0 0 0 32-32V192a32 32 0 0 0-32-32zM288 432a16 16 0 0 1-16 16h-32a16 16 0 0 1-16-16v-32a16 16 0 0 1 16-16h32a16 16 0 0 1 16 16zm0-128a16 16 0 0 1-16 16h-32a16 16 0 0 1-16-16v-32a16 16 0 0 1 16-16h32a16 16 0 0 1 16 16zm128 128a16 16 0 0 1-16 16h-32a16 16 0 0 1-16-16v-32a16 16 0 0 1 16-16h32a16 16 0 0 1 16 16zm0-128a16 16 0 0 1-16 16h-32a16 16 0 0 1-16-16v-32a16 16 0 0 1 16-16h32a16 16 0 0 1 16 16zm0-112H192V64h160v48a16 16 0 0 0 16 16h48zM64 128H32a32 32 0 0 0-32 32v320a32 32 0 0 0 32 32h32a32 32 0 0 0 32-32V160a32 32 0 0 0-32-32z\"><\/path><\/svg>\t\t\t\t\t\t<\/span>\n\t\t\t\t\t\t\t\t\t\t<span class=\"elementor-icon-list-text\"><a href=\"tel:3378242581\">(337) 824-2581<\/a><\/span>\n\t\t\t\t\t\t\t\t\t<\/li>\n\t\t\t\t\t\t<\/ul>\n\t\t\t\t\t\t<\/div>\n\t\t\t\t<\/div>\n\t\t\t\t<div class=\"elementor-element elementor-element-1a4159c elementor-view-stacked elementor-shape-circle elementor-widget elementor-widget-icon\" data-id=\"1a4159c\" data-element_type=\"widget\" data-widget_type=\"icon.default\">\n\t\t\t\t<div class=\"elementor-widget-container\">\n\t\t\t\t\t\t\t<div class=\"elementor-icon-wrapper\">\n\t\t\t<a class=\"elementor-icon elementor-animation-grow\" href=\"https:\/\/www.facebook.com\/SWLVH.la.gov\" target=\"_blank\" rel=\"noopener\">\n\t\t\t<svg aria-hidden=\"true\" class=\"e-font-icon-svg e-fab-facebook-f\" viewbox=\"0 0 320 512\" xmlns=\"http:\/\/www.w3.org\/2000\/svg\"><path d=\"M279.14 288l14.22-92.66h-88.91v-60.13c0-25.35 12.42-50.06 52.24-50.06h40.42V6.26S260.43 0 225.36 0c-73.22 0-121.08 44.38-121.08 124.72v70.62H22.89V288h81.39v224h100.17V288z\"><\/path><\/svg>\t\t\t<\/a>\n\t\t<\/div>\n\t\t\t\t\t\t<\/div>\n\t\t\t\t<\/div>\n\t\t\t\t\t<\/div>\n\t\t\t\t<\/div>\n\t\t\t\t<\/div>","protected":false},"excerpt":{"rendered":"<p>El Hogar para Veteranos del Suroeste de Luisiana se encuentra en Jennings, en un terreno de 8 hect\u00e1reas entre Lafayette y Lake Charles, junto a la Interestatal 10, en la parroquia de Jefferson Davis. Este hogar, con capacidad para 156 personas, es el \u00fanico hogar para veteranos ubicado en un terreno colindante con uno de nuestros cementerios de veteranos. Muchos de nuestros veteranos asisten a la escuela b\u00edblica [\u2026]<\/p>","protected":false},"author":7,"featured_media":0,"parent":36,"menu_order":0,"comment_status":"closed","ping_status":"closed","template":"","meta":{"_acf_changed":false,"footnotes":"","_links_to":"","_links_to_target":""},"class_list":["post-65","page","type-page","status-publish","hentry"],"acf":[],"_links":{"self":[{"href":"https:\/\/vetaffairs.la.gov\/es\/wp-json\/wp\/v2\/pages\/65","targetHints":{"allow":["GET"]}}],"collection":[{"href":"https:\/\/vetaffairs.la.gov\/es\/wp-json\/wp\/v2\/pages"}],"about":[{"href":"https:\/\/vetaffairs.la.gov\/es\/wp-json\/wp\/v2\/types\/page"}],"author":[{"embeddable":true,"href":"https:\/\/vetaffairs.la.gov\/es\/wp-json\/wp\/v2\/users\/7"}],"replies":[{"embeddable":true,"href":"https:\/\/vetaffairs.la.gov\/es\/wp-json\/wp\/v2\/comments?post=65"}],"version-history":[{"count":0,"href":"https:\/\/vetaffairs.la.gov\/es\/wp-json\/wp\/v2\/pages\/65\/revisions"}],"up":[{"embeddable":true,"href":"https:\/\/vetaffairs.la.gov\/es\/wp-json\/wp\/v2\/pages\/36"}],"wp:attachment":[{"href":"https:\/\/vetaffairs.la.gov\/es\/wp-json\/wp\/v2\/media?parent=65"}],"curies":[{"name":"wp","href":"https:\/\/api.w.org\/{rel}","templated":true}]}}