{"id":6199,"date":"2025-09-02T13:44:50","date_gmt":"2025-09-02T18:44:50","guid":{"rendered":"https:\/\/vetaffairs.la.gov\/?page_id=6199"},"modified":"2025-09-02T13:49:26","modified_gmt":"2025-09-02T18:49:26","slug":"titulo-29-2","status":"publish","type":"page","link":"https:\/\/vetaffairs.la.gov\/es\/educacion\/titulo-29-2","title":{"rendered":"T\u00edtulo 29"},"content":{"rendered":"<div data-elementor-type=\"wp-page\" data-elementor-id=\"6199\" class=\"elementor elementor-6199\" data-elementor-post-type=\"page\">\n\t\t\t\t<div class=\"elementor-element elementor-element-ce4cb0b cemeteries-page e-flex e-con-boxed e-con e-parent\" data-id=\"ce4cb0b\" data-element_type=\"container\">\n\t\t\t\t\t<div class=\"e-con-inner\">\n\t\t<div class=\"elementor-element elementor-element-820c655 e-con-full e-flex e-con e-child\" data-id=\"820c655\" data-element_type=\"container\">\n\t\t\t\t<div class=\"elementor-element elementor-element-d708e13 elementor-widget elementor-widget-heading\" data-id=\"d708e13\" data-element_type=\"widget\" data-widget_type=\"heading.default\">\n\t\t\t\t<div class=\"elementor-widget-container\">\n\t\t\t\t\t<h2 class=\"elementor-heading-title elementor-size-default\">Exenci\u00f3n de matr\u00edcula estatal del T\u00edtulo 29<\/h2>\t\t\t\t<\/div>\n\t\t\t\t<\/div>\n\t\t\t\t<div class=\"elementor-element elementor-element-12ddf68 intro elementor-widget elementor-widget-text-editor\" data-id=\"12ddf68\" data-element_type=\"widget\" data-widget_type=\"text-editor.default\">\n\t\t\t\t<div class=\"elementor-widget-container\">\n\t\t\t\t\t\t\t\t\t<p>El beneficio de exenci\u00f3n de matr\u00edcula estatal del T\u00edtulo 29 de Luisiana ofrece asistencia educativa a los hijos, c\u00f3nyuges y viudas de veteranos que cumplan ciertos requisitos. Este beneficio del T\u00edtulo 29 puede utilizarse junto con <a href=\"\/es\/educacion\/factura-de-gi\/\">Ley de Reajuste para Veteranos<sup>\u00ae<\/sup> beneficios<\/a>, y m\u00e1s de 4.200 dependientes de veteranos reciben actualmente beneficios del T\u00edtulo 29.<\/p>\t\t\t\t\t\t\t\t<\/div>\n\t\t\t\t<\/div>\n\t\t\t\t<\/div>\n\t\t<div class=\"elementor-element elementor-element-a6ca14c e-con-full e-flex e-con e-child\" data-id=\"a6ca14c\" data-element_type=\"container\">\n\t\t\t\t<div class=\"elementor-element elementor-element-547f59c elementor-widget elementor-widget-heading\" data-id=\"547f59c\" data-element_type=\"widget\" data-widget_type=\"heading.default\">\n\t\t\t\t<div class=\"elementor-widget-container\">\n\t\t\t\t\t<h2 class=\"elementor-heading-title elementor-size-default\">Requisitos de elegibilidad y residencia<\/h2>\t\t\t\t<\/div>\n\t\t\t\t<\/div>\n\t\t\t\t<div class=\"elementor-element elementor-element-7a424d1 intro elementor-widget elementor-widget-text-editor\" data-id=\"7a424d1\" data-element_type=\"widget\" data-widget_type=\"text-editor.default\">\n\t\t\t\t<div class=\"elementor-widget-container\">\n\t\t\t\t\t\t\t\t\t<p>Para <a href=\"\/wp-content\/uploads\/2025\/06\/Title29EligReqsLiving.pdf\" target=\"_blank\" rel=\"noopener\">veteranos vivos<\/a>, Los ni\u00f1os son elegibles; para los veteranos prisioneros de guerra o desaparecidos en combate, los c\u00f3nyuges son elegibles; y para <a href=\"\/wp-content\/uploads\/2025\/06\/Title29EligReqsDeceased.pdf\" target=\"_blank\" rel=\"noopener\">veteranos fallecidos<\/a>, Los c\u00f3nyuges e hijos sobrevivientes son elegibles. Los requisitos de elegibilidad son diferentes para los veteranos vivos y los fallecidos.<\/p><p>Para ser elegible para los beneficios educativos del T\u00edtulo 29, los veteranos tambi\u00e9n deben cumplir con los requisitos. <a href=\"https:\/\/vetaffairs.la.gov\/wp-content\/uploads\/2025\/09\/Title29ResidencyReqs.pdf\" target=\"_blank\" rel=\"noopener\">requisitos de residencia<\/a>.<\/p>\t\t\t\t\t\t\t\t<\/div>\n\t\t\t\t<\/div>\n\t\t\t\t<\/div>\n\t\t<div class=\"elementor-element elementor-element-4ba626c e-con-full e-flex e-con e-child\" data-id=\"4ba626c\" data-element_type=\"container\">\n\t\t\t\t<div class=\"elementor-element elementor-element-a008e52 elementor-widget elementor-widget-heading\" data-id=\"a008e52\" data-element_type=\"widget\" data-widget_type=\"heading.default\">\n\t\t\t\t<div class=\"elementor-widget-container\">\n\t\t\t\t\t<h2 class=\"elementor-heading-title elementor-size-default\">C\u00f3mo solicitar<\/h2>\t\t\t\t<\/div>\n\t\t\t\t<\/div>\n\t\t\t\t<div class=\"elementor-element elementor-element-9d35b09 intro elementor-widget elementor-widget-text-editor\" data-id=\"9d35b09\" data-element_type=\"widget\" data-widget_type=\"text-editor.default\">\n\t\t\t\t<div class=\"elementor-widget-container\">\n\t\t\t\t\t\t\t\t\t<p>Para presentar su solicitud, p\u00f3ngase en contacto con su <a href=\"\/es\/ubicaciones\/\">oficina de servicios para veteranos de la parroquia<\/a> Para programar una cita con un consejero de asistencia para veteranos, nuestro Centro de Asistencia para Veteranos (VAC) le informar\u00e1 qu\u00e9 debe llevar a la cita. En la cita, el consejero determinar\u00e1 su elegibilidad y aprobar\u00e1 o denegar\u00e1 la solicitud. Si se aprueba la solicitud, el VAC env\u00eda el certificado a la sede del Departamento de Asuntos de Veteranos de Luisiana (LDVA) para su procesamiento. Posteriormente, el certificado se env\u00eda por correo al estudiante, quien debe llevarlo a la oficina administrativa de su escuela que gestiona el T\u00edtulo 29.<\/p>\t\t\t\t\t\t\t\t<\/div>\n\t\t\t\t<\/div>\n\t\t\t\t<\/div>\n\t\t\t\t\t<\/div>\n\t\t\t\t<\/div>\n\t\t\t\t<\/div>","protected":false},"excerpt":{"rendered":"<p>Exenci\u00f3n de matr\u00edcula estatal del T\u00edtulo 29. El beneficio de exenci\u00f3n de matr\u00edcula estatal del T\u00edtulo 29 de Luisiana ofrece asistencia educativa a los hijos, c\u00f3nyuges y viudas de veteranos que cumplan con ciertos requisitos. Este beneficio del T\u00edtulo 29 puede utilizarse junto con los beneficios del GI Bill\u00ae, y m\u00e1s de 4200 dependientes de veteranos reciben actualmente beneficios del T\u00edtulo 29. Elegibilidad y residencia [\u2026]<\/p>","protected":false},"author":2,"featured_media":0,"parent":35,"menu_order":0,"comment_status":"closed","ping_status":"closed","template":"","meta":{"_acf_changed":false,"footnotes":"","_links_to":"","_links_to_target":""},"class_list":["post-6199","page","type-page","status-publish","hentry"],"acf":[],"_links":{"self":[{"href":"https:\/\/vetaffairs.la.gov\/es\/wp-json\/wp\/v2\/pages\/6199","targetHints":{"allow":["GET"]}}],"collection":[{"href":"https:\/\/vetaffairs.la.gov\/es\/wp-json\/wp\/v2\/pages"}],"about":[{"href":"https:\/\/vetaffairs.la.gov\/es\/wp-json\/wp\/v2\/types\/page"}],"author":[{"embeddable":true,"href":"https:\/\/vetaffairs.la.gov\/es\/wp-json\/wp\/v2\/users\/2"}],"replies":[{"embeddable":true,"href":"https:\/\/vetaffairs.la.gov\/es\/wp-json\/wp\/v2\/comments?post=6199"}],"version-history":[{"count":0,"href":"https:\/\/vetaffairs.la.gov\/es\/wp-json\/wp\/v2\/pages\/6199\/revisions"}],"up":[{"embeddable":true,"href":"https:\/\/vetaffairs.la.gov\/es\/wp-json\/wp\/v2\/pages\/35"}],"wp:attachment":[{"href":"https:\/\/vetaffairs.la.gov\/es\/wp-json\/wp\/v2\/media?parent=6199"}],"curies":[{"name":"wp","href":"https:\/\/api.w.org\/{rel}","templated":true}]}}