{"id":5976,"date":"2025-06-19T15:53:28","date_gmt":"2025-06-19T20:53:28","guid":{"rendered":"https:\/\/vetaffairs.la.gov\/?page_id=5976"},"modified":"2025-06-26T09:44:44","modified_gmt":"2025-06-26T14:44:44","slug":"voluntario","status":"publish","type":"page","link":"https:\/\/vetaffairs.la.gov\/es\/volunteer","title":{"rendered":"Voluntario"},"content":{"rendered":"<div data-elementor-type=\"wp-page\" data-elementor-id=\"5976\" class=\"elementor elementor-5976\" data-elementor-post-type=\"page\">\n\t\t\t\t<div class=\"elementor-element elementor-element-3e43d23 e-flex e-con-boxed e-con e-parent\" data-id=\"3e43d23\" data-element_type=\"container\">\n\t\t\t\t\t<div class=\"e-con-inner\">\n\t\t\t\t<div class=\"elementor-element elementor-element-290b5f4 elementor-widget elementor-widget-text-editor\" data-id=\"290b5f4\" data-element_type=\"widget\" data-widget_type=\"text-editor.default\">\n\t\t\t\t<div class=\"elementor-widget-container\">\n\t\t\t\t\t\t\t\t\t<p>Servimos a quienes sirvieron. Es lo que hacemos cada d\u00eda. Adem\u00e1s de nuestro equipo de 850 personas, muchas personas se ponen en contacto con nosotros para colaborar como voluntarios. Damos la bienvenida a todos los voluntarios en nuestros cinco hogares y cinco cementerios para veteranos. A continuaci\u00f3n encontrar\u00e1 informaci\u00f3n espec\u00edfica sobre c\u00f3mo colaborar en cada lugar.<\/p>\t\t\t\t\t\t\t\t<\/div>\n\t\t\t\t<\/div>\n\t\t\t\t<div class=\"elementor-element elementor-element-94de1d8 elementor-widget elementor-widget-text-editor\" data-id=\"94de1d8\" data-element_type=\"widget\" data-widget_type=\"text-editor.default\">\n\t\t\t\t<div class=\"elementor-widget-container\">\n\t\t\t\t\t\t\t\t\t<h2>Hogares de veteranos<\/h2><p>Los administradores y el personal de nuestros hogares dan la bienvenida a voluntarios que deseen apoyar a los cientos de veteranos que viven en uno de nuestros hogares. \u00a1A nuestros veteranos les encantan las actividades, desde bingo hasta manualidades y mucho m\u00e1s! Individuos o grupos pueden patrocinar y\/o dirigir partidas de bingo, donar comida y bebida o traer un animal de terapia de visita. Adem\u00e1s, se organizan muchos eventos en el hogar durante todo el a\u00f1o, y tambi\u00e9n se agradece la participaci\u00f3n de voluntarios. Vea c\u00f3mo ayudar a continuaci\u00f3n.<\/p><h2>Cementerios de veteranos<\/h2><p>Los directores y el personal de nuestro cementerio tambi\u00e9n dan la bienvenida a voluntarios que deseen honrar a nuestros veteranos ayudando a mantener la dignidad de nuestro cementerio. Se agradece especialmente la ayuda de los voluntarios en d\u00edas conmemorativos, como el D\u00eda de los Ca\u00eddos y el D\u00eda de las Coronas en Am\u00e9rica, donde la colaboraci\u00f3n es fundamental para que estas importantes ceremonias sean posibles. Tambi\u00e9n aceptamos voluntarios entre semana para ayudar con tareas como la limpieza de l\u00e1pidas, la siembra de flores, el deshierbe y el mantenimiento general del cementerio. Consulte a continuaci\u00f3n c\u00f3mo puede ayudar.<\/p><h2>C\u00f3mo ayudar<\/h2><p>Ya sea que participe individualmente o en un grupo, su tiempo y esfuerzo marcan una gran diferencia. Para obtener m\u00e1s informaci\u00f3n o programar una sesi\u00f3n de voluntariado, comun\u00edquese con el hogar de veteranos o el cementerio de veteranos de su preferencia a trav\u00e9s de nuestro sitio web. <a href=\"\/es\/ubicaciones\/\">locador<\/a>. \u00a1Gracias por apoyar a nuestros veteranos y a nuestro cementerio!<\/p>\t\t\t\t\t\t\t\t<\/div>\n\t\t\t\t<\/div>\n\t\t\t\t\t<\/div>\n\t\t\t\t<\/div>\n\t\t\t\t<\/div>","protected":false},"excerpt":{"rendered":"<p>Servir a quienes sirvieron. Es lo que hacemos cada d\u00eda. Adem\u00e1s de nuestro equipo de 850 personas, hay muchos individuos\u2026<\/p>","protected":false},"author":12,"featured_media":0,"parent":0,"menu_order":0,"comment_status":"closed","ping_status":"closed","template":"","meta":{"_acf_changed":false,"footnotes":"","_links_to":"","_links_to_target":""},"class_list":["post-5976","page","type-page","status-publish","hentry"],"acf":[],"_links":{"self":[{"href":"https:\/\/vetaffairs.la.gov\/es\/wp-json\/wp\/v2\/pages\/5976","targetHints":{"allow":["GET"]}}],"collection":[{"href":"https:\/\/vetaffairs.la.gov\/es\/wp-json\/wp\/v2\/pages"}],"about":[{"href":"https:\/\/vetaffairs.la.gov\/es\/wp-json\/wp\/v2\/types\/page"}],"author":[{"embeddable":true,"href":"https:\/\/vetaffairs.la.gov\/es\/wp-json\/wp\/v2\/users\/12"}],"replies":[{"embeddable":true,"href":"https:\/\/vetaffairs.la.gov\/es\/wp-json\/wp\/v2\/comments?post=5976"}],"version-history":[{"count":0,"href":"https:\/\/vetaffairs.la.gov\/es\/wp-json\/wp\/v2\/pages\/5976\/revisions"}],"wp:attachment":[{"href":"https:\/\/vetaffairs.la.gov\/es\/wp-json\/wp\/v2\/media?parent=5976"}],"curies":[{"name":"wp","href":"https:\/\/api.w.org\/{rel}","templated":true}]}}