{"id":5964,"date":"2025-06-18T13:28:39","date_gmt":"2025-06-18T18:28:39","guid":{"rendered":"https:\/\/vetaffairs.la.gov\/?page_id=5964"},"modified":"2025-06-30T15:47:53","modified_gmt":"2025-06-30T20:47:53","slug":"factura-de-gi","status":"publish","type":"page","link":"https:\/\/vetaffairs.la.gov\/es\/education\/gi-bill","title":{"rendered":"Ley GI\u00ae"},"content":{"rendered":"<div data-elementor-type=\"wp-page\" data-elementor-id=\"5964\" class=\"elementor elementor-5964\" data-elementor-post-type=\"page\">\n\t\t\t\t<div class=\"elementor-element elementor-element-e749f16 cemeteries-page e-flex e-con-boxed e-con e-parent\" data-id=\"e749f16\" data-element_type=\"container\">\n\t\t\t\t\t<div class=\"e-con-inner\">\n\t\t<div class=\"elementor-element elementor-element-eab95c4 e-con-full e-flex e-con e-child\" data-id=\"eab95c4\" data-element_type=\"container\">\n\t\t\t\t<div class=\"elementor-element elementor-element-0e2391d elementor-widget elementor-widget-heading\" data-id=\"0e2391d\" data-element_type=\"widget\" data-widget_type=\"heading.default\">\n\t\t\t\t<div class=\"elementor-widget-container\">\n\t\t\t\t\t<h2 class=\"elementor-heading-title elementor-size-default\">Agencia estatal de aprobaci\u00f3n de Luisiana<\/h2>\t\t\t\t<\/div>\n\t\t\t\t<\/div>\n\t\t\t\t<div class=\"elementor-element elementor-element-a444510 intro elementor-widget elementor-widget-text-editor\" data-id=\"a444510\" data-element_type=\"widget\" data-widget_type=\"text-editor.default\">\n\t\t\t\t<div class=\"elementor-widget-container\">\n\t\t\t\t\t\t\t\t\t<p>La Agencia Estatal de Aprobaci\u00f3n (SAA) de Luisiana ayuda a elaborar la Ley GI<sup>\u00ae<\/sup> Trabajar con la responsabilidad de promover y salvaguardar programas de educaci\u00f3n y capacitaci\u00f3n de calidad para veteranos. Adem\u00e1s, la SAA garantiza mayores oportunidades de educaci\u00f3n y capacitaci\u00f3n para veteranos y protege la integridad de la Ley GI<sup>\u00ae<\/sup>.<\/p><p>El personal de las agencias estatales de aprobaci\u00f3n trabaja codo a codo con otras organizaciones, incluidas agencias gubernamentales, el Congreso, escuelas y empleadores, para hacer realidad la Ley GI<sup>\u00ae<\/sup> El mejor programa de asistencia educativa posible para los veteranos de nuestro estado y sus familias. Nuestro equipo prioriza estas colaboraciones para brindarles a los veteranos acceso a programas \u00e9ticos y bien gestionados en los que puedan confiar para alcanzar sus metas.<\/p>\t\t\t\t\t\t\t\t<\/div>\n\t\t\t\t<\/div>\n\t\t\t\t<\/div>\n\t\t<div class=\"elementor-element elementor-element-6326410 e-con-full e-flex e-con e-child\" data-id=\"6326410\" data-element_type=\"container\">\n\t\t\t\t<div class=\"elementor-element elementor-element-67f9c53 elementor-widget elementor-widget-heading\" data-id=\"67f9c53\" data-element_type=\"widget\" data-widget_type=\"heading.default\">\n\t\t\t\t<div class=\"elementor-widget-container\">\n\t\t\t\t\t<h2 class=\"elementor-heading-title elementor-size-default\">Ley de Reajuste para Veteranos<sup>\u00ae<\/sup> en Luisiana<\/h2>\t\t\t\t<\/div>\n\t\t\t\t<\/div>\n\t\t\t\t<div class=\"elementor-element elementor-element-a18b4b9 intro elementor-widget elementor-widget-text-editor\" data-id=\"a18b4b9\" data-element_type=\"widget\" data-widget_type=\"text-editor.default\">\n\t\t\t\t<div class=\"elementor-widget-container\">\n\t\t\t\t\t\t\t\t\t<p>Actualmente, en Luisiana existen cerca de 260 centros educativos activos certificados por el personal de SAA, con m\u00e1s de 10.700 veteranos y sus familiares que utilizan los beneficios del GI Bill\u00ae. Estos estudiantes aportan m\u00e1s de 1.196 millones de d\u00f3lares en fondos federales. <a href=\"https:\/\/va.gov\" target=\"_blank\" rel=\"noopener\">Departamento de Asuntos de Veteranos de los Estados Unidos<\/a>, contribuyendo a los miles de millones que los veteranos aportan anualmente a Luisiana.<\/p><p>Para encontrar escuelas que acepten activamente la Ley GI<sup>\u00ae<\/sup> En Luisiana, utilice el <a href=\"https:\/\/www.va.gov\/education\/gi-bill-comparison-tool\/\" target=\"_blank\" rel=\"noopener\">Ley de Reajuste para Veteranos<sup>\u00ae<\/sup> herramienta de comparaci\u00f3n<\/a>. La herramienta ofrece opciones de b\u00fasqueda por nombre y ubicaci\u00f3n, as\u00ed como filtros para facilitar la b\u00fasqueda. Cada entrada incluye informaci\u00f3n sobre cu\u00e1ntos beneficios del GI Bill se han recibido.<sup>\u00ae<\/sup> Adem\u00e1s de los programas que se ofrecen, los beneficios estimados y la informaci\u00f3n de contacto, se indicar\u00e1n los estudiantes que actualmente asisten a esa sede.<\/p>\t\t\t\t\t\t\t\t<\/div>\n\t\t\t\t<\/div>\n\t\t\t\t<\/div>\n\t\t<div class=\"elementor-element elementor-element-6aa50bf e-con-full e-flex e-con e-child\" data-id=\"6aa50bf\" data-element_type=\"container\">\n\t\t\t\t<div class=\"elementor-element elementor-element-f297aa6 elementor-widget elementor-widget-heading\" data-id=\"f297aa6\" data-element_type=\"widget\" data-widget_type=\"heading.default\">\n\t\t\t\t<div class=\"elementor-widget-container\">\n\t\t\t\t\t<h2 class=\"elementor-heading-title elementor-size-default\">Ley de Reajuste para Veteranos<sup>\u00ae<\/sup> Cap\u00edtulos, Programas, Licencias y Certificaci\u00f3n<\/h2>\t\t\t\t<\/div>\n\t\t\t\t<\/div>\n\t\t\t\t<div class=\"elementor-element elementor-element-e332c8f elementor-widget elementor-widget-heading\" data-id=\"e332c8f\" data-element_type=\"widget\" data-widget_type=\"heading.default\">\n\t\t\t\t<div class=\"elementor-widget-container\">\n\t\t\t\t\t<h3 class=\"elementor-heading-title elementor-size-default\">Ley GI posterior al 11 de septiembre<sup>\u00ae<\/sup> (Cap\u00edtulo 33)<\/h3>\t\t\t\t<\/div>\n\t\t\t\t<\/div>\n\t\t\t\t<div class=\"elementor-element elementor-element-36f4ea4 intro elementor-widget elementor-widget-text-editor\" data-id=\"36f4ea4\" data-element_type=\"widget\" data-widget_type=\"text-editor.default\">\n\t\t\t\t<div class=\"elementor-widget-container\">\n\t\t\t\t\t\t\t\t\t<p>La Ley de Beneficios para Veteranos posterior al 11-S<sup>\u00ae<\/sup> Es un beneficio educativo para los miembros del servicio militar y los veteranos que prestaron servicio activo despu\u00e9s del 10 de septiembre de 2001. Los beneficios se pagan por la capacitaci\u00f3n realizada despu\u00e9s del 1 de agosto de 2009. No se pueden realizar pagos bajo este programa por la capacitaci\u00f3n realizada antes de esa fecha.<\/p>\t\t\t\t\t\t\t\t<\/div>\n\t\t\t\t<\/div>\n\t\t\t\t<div class=\"elementor-element elementor-element-a2a34b4 elementor-widget elementor-widget-heading\" data-id=\"a2a34b4\" data-element_type=\"widget\" data-widget_type=\"heading.default\">\n\t\t\t\t<div class=\"elementor-widget-container\">\n\t\t\t\t\t<h3 class=\"elementor-heading-title elementor-size-default\">Ley Montgomery para veteranos<sup>\u00ae<\/sup> (Cap\u00edtulo 30)<\/h3>\t\t\t\t<\/div>\n\t\t\t\t<\/div>\n\t\t\t\t<div class=\"elementor-element elementor-element-a976f1c intro elementor-widget elementor-widget-text-editor\" data-id=\"a976f1c\" data-element_type=\"widget\" data-widget_type=\"text-editor.default\">\n\t\t\t\t<div class=\"elementor-widget-container\">\n\t\t\t\t\t\t\t\t\t<p>La Ley Montgomery para Veteranos<sup>\u00ae<\/sup> Este programa brinda asistencia a estudiantes que ingresaron al servicio militar activo por primera vez despu\u00e9s del 1 de julio de 1985 y que aceptaron una reducci\u00f3n salarial de $100 durante 12 meses. Los veteranos deben haber recibido una baja honorable y el personal en servicio activo debe haber servido al menos dos a\u00f1os de servicio activo para poder acceder a estos beneficios.<\/p>\t\t\t\t\t\t\t\t<\/div>\n\t\t\t\t<\/div>\n\t\t\t\t<div class=\"elementor-element elementor-element-cceacf2 elementor-widget elementor-widget-heading\" data-id=\"cceacf2\" data-element_type=\"widget\" data-widget_type=\"heading.default\">\n\t\t\t\t<div class=\"elementor-widget-container\">\n\t\t\t\t\t<h3 class=\"elementor-heading-title elementor-size-default\">Ley Montgomery para veteranos<sup>\u00ae<\/sup> Reserva Selecta (MGIB-SR) (Cap\u00edtulo 1606)<\/h3>\t\t\t\t<\/div>\n\t\t\t\t<\/div>\n\t\t\t\t<div class=\"elementor-element elementor-element-fe9da3f intro elementor-widget elementor-widget-text-editor\" data-id=\"fe9da3f\" data-element_type=\"widget\" data-widget_type=\"text-editor.default\">\n\t\t\t\t<div class=\"elementor-widget-container\">\n\t\t\t\t\t\t\t\t\t<p>La Ley Montgomery para Veteranos<sup>\u00ae<\/sup> La Reserva Selecta proporciona asistencia financiera a los miembros elegibles de la Reserva Selecta. Esto incluye a los miembros del servicio del Ej\u00e9rcito, la Armada, la Fuerza A\u00e9rea, el Cuerpo de Marines, la Reserva de la Guardia Costera y la Guardia Nacional.<\/p>\t\t\t\t\t\t\t\t<\/div>\n\t\t\t\t<\/div>\n\t\t\t\t<div class=\"elementor-element elementor-element-22a7e48 elementor-widget elementor-widget-heading\" data-id=\"22a7e48\" data-element_type=\"widget\" data-widget_type=\"heading.default\">\n\t\t\t\t<div class=\"elementor-widget-container\">\n\t\t\t\t\t<h3 class=\"elementor-heading-title elementor-size-default\">Preparaci\u00f3n y Empleo de Veteranos (VR&amp;E) (Cap\u00edtulo 31)\n<\/h3>\t\t\t\t<\/div>\n\t\t\t\t<\/div>\n\t\t\t\t<div class=\"elementor-element elementor-element-56845f2 intro elementor-widget elementor-widget-text-editor\" data-id=\"56845f2\" data-element_type=\"widget\" data-widget_type=\"text-editor.default\">\n\t\t\t\t<div class=\"elementor-widget-container\">\n\t\t\t\t\t\t\t\t\t<p>El programa de Preparaci\u00f3n Laboral y Empleo para Veteranos (VR&amp;E, por sus siglas en ingl\u00e9s) est\u00e1 dise\u00f1ado para ayudar a los veteranos con discapacidades relacionadas con el servicio militar a lograr un empleo adecuado y la independencia. Ofrece servicios como capacitaci\u00f3n laboral, asesoramiento y apoyo educativo, y puede utilizarse junto con otros beneficios como la Ley GI.<sup>\u00ae<\/sup>.<\/p>\t\t\t\t\t\t\t\t<\/div>\n\t\t\t\t<\/div>\n\t\t\t\t<div class=\"elementor-element elementor-element-5c7ee36 elementor-widget elementor-widget-heading\" data-id=\"5c7ee36\" data-element_type=\"widget\" data-widget_type=\"heading.default\">\n\t\t\t\t<div class=\"elementor-widget-container\">\n\t\t\t\t\t<h3 class=\"elementor-heading-title elementor-size-default\">Educaci\u00f3n para sobrevivientes y dependientes (Cap\u00edtulo 35)\n<\/h3>\t\t\t\t<\/div>\n\t\t\t\t<\/div>\n\t\t\t\t<div class=\"elementor-element elementor-element-dc3b79b intro elementor-widget elementor-widget-text-editor\" data-id=\"dc3b79b\" data-element_type=\"widget\" data-widget_type=\"text-editor.default\">\n\t\t\t\t<div class=\"elementor-widget-container\">\n\t\t\t\t\t\t\t\t\t<p>Las prestaciones educativas para supervivientes y dependientes ofrecen oportunidades de educaci\u00f3n y formaci\u00f3n a los dependientes de veteranos que est\u00e1n permanentemente discapacitados total y permanentemente debido a una afecci\u00f3n relacionada con el servicio, o que murieron mientras estaban en servicio activo o como resultado de una afecci\u00f3n relacionada con el servicio.<\/p>\t\t\t\t\t\t\t\t<\/div>\n\t\t\t\t<\/div>\n\t\t\t\t<div class=\"elementor-element elementor-element-36c592a elementor-widget elementor-widget-heading\" data-id=\"36c592a\" data-element_type=\"widget\" data-widget_type=\"heading.default\">\n\t\t\t\t<div class=\"elementor-widget-container\">\n\t\t\t\t\t<h3 class=\"elementor-heading-title elementor-size-default\">Programa de Aprendizaje y Formaci\u00f3n en el Puesto de Trabajo (OJT)\n<\/h3>\t\t\t\t<\/div>\n\t\t\t\t<\/div>\n\t\t\t\t<div class=\"elementor-element elementor-element-335ff97 intro elementor-widget elementor-widget-text-editor\" data-id=\"335ff97\" data-element_type=\"widget\" data-widget_type=\"text-editor.default\">\n\t\t\t\t<div class=\"elementor-widget-container\">\n\t\t\t\t\t\t\t\t\t<p>El programa de Aprendizaje y Capacitaci\u00f3n en el Trabajo (OJT) ofrece una alternativa a los beneficios de educaci\u00f3n y capacitaci\u00f3n. Si est\u00e1s aprendiendo un oficio o una habilidad mediante capacitaci\u00f3n en el trabajo o un programa de aprendizaje, inf\u00f3rmate sobre c\u00f3mo la Ley GI puede beneficiarte.<sup>\u00ae<\/sup> Los beneficios pueden ayudarte a cubrir tus gastos de manutenci\u00f3n. Y si est\u00e1s usando la Ley GI Post-9\/11.<sup>\u00ae<\/sup> Adem\u00e1s de estos beneficios, es posible que puedas obtener dinero para pagar los libros y materiales que necesites para tu formaci\u00f3n. Habla con tu empleador si te interesa este beneficio.<\/p>\t\t\t\t\t\t\t\t<\/div>\n\t\t\t\t<\/div>\n\t\t\t\t<div class=\"elementor-element elementor-element-fd009dd elementor-widget elementor-widget-heading\" data-id=\"fd009dd\" data-element_type=\"widget\" data-widget_type=\"heading.default\">\n\t\t\t\t<div class=\"elementor-widget-container\">\n\t\t\t\t\t<h3 class=\"elementor-heading-title elementor-size-default\">Licencias y Certificaciones<\/h3>\t\t\t\t<\/div>\n\t\t\t\t<\/div>\n\t\t\t\t<div class=\"elementor-element elementor-element-efd5898 intro elementor-widget elementor-widget-text-editor\" data-id=\"efd5898\" data-element_type=\"widget\" data-widget_type=\"text-editor.default\">\n\t\t\t\t<div class=\"elementor-widget-container\">\n\t\t\t\t\t\t\t\t\t<p>Obtener una licencia o certificaci\u00f3n puede abrir nuevas puertas al empleo, ya sea como mec\u00e1nico, t\u00e9cnico m\u00e9dico, abogado u otro profesional. Estas pruebas, a menudo requeridas para trabajar en ciertos campos, pueden ser elegibles para el reembolso del programa GI Bill\u00ae.<\/p>\t\t\t\t\t\t\t\t<\/div>\n\t\t\t\t<\/div>\n\t\t\t\t<\/div>\n\t\t<div class=\"elementor-element elementor-element-952fb46 e-con-full e-flex e-con e-child\" data-id=\"952fb46\" data-element_type=\"container\">\n\t\t\t\t<div class=\"elementor-element elementor-element-984f7b0 elementor-widget elementor-widget-heading\" data-id=\"984f7b0\" data-element_type=\"widget\" data-widget_type=\"heading.default\">\n\t\t\t\t<div class=\"elementor-widget-container\">\n\t\t\t\t\t<h2 class=\"elementor-heading-title elementor-size-default\">Para m\u00e1s informaci\u00f3n<\/h2>\t\t\t\t<\/div>\n\t\t\t\t<\/div>\n\t\t\t\t<div class=\"elementor-element elementor-element-f705dff intro elementor-widget elementor-widget-text-editor\" data-id=\"f705dff\" data-element_type=\"widget\" data-widget_type=\"text-editor.default\">\n\t\t\t\t<div class=\"elementor-widget-container\">\n\t\t\t\t\t\t\t\t\t<p>Para obtener informaci\u00f3n adicional sobre la Ley GI<sup>\u00ae<\/sup>, o para consultar sobre los requisitos o solicitar beneficios educativos federales, <a href=\"https:\/\/va.gov\" target=\"_blank\" rel=\"noopener\">localizar<\/a>\u00a0Uno de nuestros asesores de asistencia a veteranos en una oficina de servicios para veteranos de la parroquia.<\/p><p>Ley de Reajuste para Veteranos<sup>\u00ae<\/sup> es una marca registrada del Departamento de Asuntos de Veteranos de los Estados Unidos.<\/p>\t\t\t\t\t\t\t\t<\/div>\n\t\t\t\t<\/div>\n\t\t\t\t<\/div>\n\t\t\t\t\t<\/div>\n\t\t\t\t<\/div>\n\t\t\t\t<\/div>","protected":false},"excerpt":{"rendered":"<p>La Agencia Estatal de Aprobaci\u00f3n de Luisiana (SAA) ayuda a que la Ley GI\u00ae funcione, con responsabilidades de promover y\u2026<\/p>","protected":false},"author":5,"featured_media":0,"parent":35,"menu_order":0,"comment_status":"closed","ping_status":"closed","template":"","meta":{"_acf_changed":false,"footnotes":"","_links_to":"","_links_to_target":""},"class_list":["post-5964","page","type-page","status-publish","hentry"],"acf":[],"_links":{"self":[{"href":"https:\/\/vetaffairs.la.gov\/es\/wp-json\/wp\/v2\/pages\/5964","targetHints":{"allow":["GET"]}}],"collection":[{"href":"https:\/\/vetaffairs.la.gov\/es\/wp-json\/wp\/v2\/pages"}],"about":[{"href":"https:\/\/vetaffairs.la.gov\/es\/wp-json\/wp\/v2\/types\/page"}],"author":[{"embeddable":true,"href":"https:\/\/vetaffairs.la.gov\/es\/wp-json\/wp\/v2\/users\/5"}],"replies":[{"embeddable":true,"href":"https:\/\/vetaffairs.la.gov\/es\/wp-json\/wp\/v2\/comments?post=5964"}],"version-history":[{"count":0,"href":"https:\/\/vetaffairs.la.gov\/es\/wp-json\/wp\/v2\/pages\/5964\/revisions"}],"up":[{"embeddable":true,"href":"https:\/\/vetaffairs.la.gov\/es\/wp-json\/wp\/v2\/pages\/35"}],"wp:attachment":[{"href":"https:\/\/vetaffairs.la.gov\/es\/wp-json\/wp\/v2\/media?parent=5964"}],"curies":[{"name":"wp","href":"https:\/\/api.w.org\/{rel}","templated":true}]}}