{"id":47,"date":"2025-02-24T14:59:07","date_gmt":"2025-02-24T20:59:07","guid":{"rendered":"https:\/\/veteran-affairs-louisiana.local\/?page_id=47"},"modified":"2025-12-10T14:55:20","modified_gmt":"2025-12-10T20:55:20","slug":"ubicaciones","status":"publish","type":"page","link":"https:\/\/vetaffairs.la.gov\/es\/ubicaciones","title":{"rendered":"Ubicaciones"},"content":{"rendered":"<div data-elementor-type=\"wp-page\" data-elementor-id=\"47\" class=\"elementor elementor-47\" data-elementor-post-type=\"page\">\n\t\t\t\t<div class=\"elementor-element elementor-element-65b97b1 e-flex e-con-boxed e-con e-parent\" data-id=\"65b97b1\" data-element_type=\"container\">\n\t\t\t\t\t<div class=\"e-con-inner\">\n\t\t\t\t<div class=\"elementor-element elementor-element-0d8879f elementor-hidden-desktop elementor-hidden-tablet elementor-hidden-mobile elementor-widget elementor-widget-heading\" data-id=\"0d8879f\" data-element_type=\"widget\" data-widget_type=\"heading.default\">\n\t\t\t\t<div class=\"elementor-widget-container\">\n\t\t\t\t\t<h1 class=\"elementor-heading-title elementor-size-default\">Encuentra tu oficina de LDVA m\u00e1s cercana.<\/h1>\t\t\t\t<\/div>\n\t\t\t\t<\/div>\n\t\t\t\t<div class=\"elementor-element elementor-element-7b1cd2b elementor-widget elementor-widget-heading\" data-id=\"7b1cd2b\" data-element_type=\"widget\" data-widget_type=\"heading.default\">\n\t\t\t\t<div class=\"elementor-widget-container\">\n\t\t\t\t\t<h1 class=\"elementor-heading-title elementor-size-default\">\u00bfNecesitas ayuda? Encuentra una ubicaci\u00f3n.<\/h1>\t\t\t\t<\/div>\n\t\t\t\t<\/div>\n\t\t\t\t<div class=\"elementor-element elementor-element-52ba267 elementor-widget elementor-widget-heading\" data-id=\"52ba267\" data-element_type=\"widget\" data-widget_type=\"heading.default\">\n\t\t\t\t<div class=\"elementor-widget-container\">\n\t\t\t\t\t<span class=\"elementor-heading-title elementor-size-default\">Aqu\u00ed te explicamos c\u00f3mo encontrarnos.<\/span>\t\t\t\t<\/div>\n\t\t\t\t<\/div>\n\t\t\t\t<div class=\"elementor-element elementor-element-997a478 elementor-widget elementor-widget-image\" data-id=\"997a478\" data-element_type=\"widget\" data-widget_type=\"image.default\">\n\t\t\t\t<div class=\"elementor-widget-container\">\n\t\t\t\t\t\t\t\t\t\t\t\t\t\t\t<img decoding=\"async\" width=\"213\" height=\"25\" src=\"https:\/\/vetaffairs.la.gov\/wp-content\/uploads\/2025\/03\/star-pod-horizontal-with-dashed-line.svg\" class=\"attachment-medium_large size-medium_large wp-image-5402\" alt=\"\" \/>\t\t\t\t\t\t\t\t\t\t\t\t\t\t\t<\/div>\n\t\t\t\t<\/div>\n\t\t\t\t<div class=\"elementor-element elementor-element-bcdf7be intro elementor-widget elementor-widget-text-editor\" data-id=\"bcdf7be\" data-element_type=\"widget\" data-widget_type=\"text-editor.default\">\n\t\t\t\t<div class=\"elementor-widget-container\">\n\t\t\t\t\t\t\t\t\t<p>El Departamento de Asuntos de Veteranos de Luisiana es un departamento estatal con 850 personas, dedicado a servir a los m\u00e1s de 260,000 veteranos que viven en el estado. Para brindar el mejor apoyo a los veteranos de Luisiana y sus familias, el LDVA cuenta con 84 ubicaciones en todo el estado, incluyendo oficinas de servicio para veteranos, hogares para veteranos y cementerios para veteranos. Utilice el localizador a continuaci\u00f3n ingresando una direcci\u00f3n, ciudad o c\u00f3digo postal. Tambi\u00e9n hay opciones de filtrado por radio en millas y tipo de ubicaci\u00f3n para ayudarle a encontrar la ubicaci\u00f3n deseada.<\/p><p>Si necesita m\u00e1s ayuda, llame <a href=\"tel:2252195000\">225.219.5000<\/a> o correo electr\u00f3nico <a href=\"mailto:veteran@la.gov\">veterano@la.gov<\/a>.<\/p>\t\t\t\t\t\t\t\t<\/div>\n\t\t\t\t<\/div>\n\t\t\t\t\t<\/div>\n\t\t\t\t<\/div>\n\t\t<div class=\"elementor-element elementor-element-11823dc e-con-full e-flex e-con e-parent\" data-id=\"11823dc\" data-element_type=\"container\">\n\t\t\t\t<div class=\"elementor-element elementor-element-9992cda elementor-widget elementor-widget-shortcode\" data-id=\"9992cda\" data-element_type=\"widget\" data-widget_type=\"shortcode.default\">\n\t\t\t\t<div class=\"elementor-widget-container\">\n\t\t\t\t\t\t\t<div class=\"elementor-shortcode\"><div id=\"mapsvg-1\" data-id=\"1\" class=\"mapsvg\" data-autoload=\"true\" data-load-db=\"true\" data-loading-text=\"Loading map...\" style=\"width: 100%; height: 0; padding-bottom: 57.14%\"><\/div><\/div>\n\t\t\t\t\t\t<\/div>\n\t\t\t\t<\/div>\n\t\t\t\t<\/div>\n\t\t\t\t<\/div>","protected":false},"excerpt":{"rendered":"<p>Encuentre su oficina de LDVA m\u00e1s cercana. \u00bfNecesita ayuda? Encuentre una oficina. Aqu\u00ed le explicamos c\u00f3mo encontrarnos. El Departamento de Asuntos de Veteranos de Luisiana es un departamento estatal con 850 empleados, dedicado a servir a los m\u00e1s de 260,000 veteranos que viven en el estado. Para brindar el mejor apoyo a los veteranos de Luisiana y sus familias, el LDVA cuenta con 84 oficinas en todo el estado, [\u2026]<\/p>","protected":false},"author":7,"featured_media":0,"parent":0,"menu_order":0,"comment_status":"closed","ping_status":"closed","template":"elementor_header_footer","meta":{"_acf_changed":false,"footnotes":"","_links_to":"","_links_to_target":""},"class_list":["post-47","page","type-page","status-publish","hentry"],"acf":[],"_links":{"self":[{"href":"https:\/\/vetaffairs.la.gov\/es\/wp-json\/wp\/v2\/pages\/47","targetHints":{"allow":["GET"]}}],"collection":[{"href":"https:\/\/vetaffairs.la.gov\/es\/wp-json\/wp\/v2\/pages"}],"about":[{"href":"https:\/\/vetaffairs.la.gov\/es\/wp-json\/wp\/v2\/types\/page"}],"author":[{"embeddable":true,"href":"https:\/\/vetaffairs.la.gov\/es\/wp-json\/wp\/v2\/users\/7"}],"replies":[{"embeddable":true,"href":"https:\/\/vetaffairs.la.gov\/es\/wp-json\/wp\/v2\/comments?post=47"}],"version-history":[{"count":0,"href":"https:\/\/vetaffairs.la.gov\/es\/wp-json\/wp\/v2\/pages\/47\/revisions"}],"wp:attachment":[{"href":"https:\/\/vetaffairs.la.gov\/es\/wp-json\/wp\/v2\/media?parent=47"}],"curies":[{"name":"wp","href":"https:\/\/api.w.org\/{rel}","templated":true}]}}