{"id":36,"date":"2025-02-24T14:43:56","date_gmt":"2025-02-24T20:43:56","guid":{"rendered":"https:\/\/veteran-affairs-louisiana.local\/?page_id=36"},"modified":"2026-03-10T07:38:31","modified_gmt":"2026-03-10T12:38:31","slug":"casas","status":"publish","type":"page","link":"https:\/\/vetaffairs.la.gov\/es\/homes","title":{"rendered":"Casas"},"content":{"rendered":"<div data-elementor-type=\"wp-page\" data-elementor-id=\"36\" class=\"elementor elementor-36\" data-elementor-post-type=\"page\">\n\t\t\t\t<div class=\"elementor-element elementor-element-f1207c0 cemeteries-page e-flex e-con-boxed e-con e-parent\" data-id=\"f1207c0\" data-element_type=\"container\">\n\t\t\t\t\t<div class=\"e-con-inner\">\n\t\t\t\t<div class=\"elementor-element elementor-element-a44cd03 elementor-widget elementor-widget-heading\" data-id=\"a44cd03\" data-element_type=\"widget\" data-widget_type=\"heading.default\">\n\t\t\t\t<div class=\"elementor-widget-container\">\n\t\t\t\t\t<span class=\"elementor-heading-title elementor-size-default\">Brindar a los veteranos un lugar \u00fanico al que llamar hogar.<\/span>\t\t\t\t<\/div>\n\t\t\t\t<\/div>\n\t\t\t\t<div class=\"elementor-element elementor-element-5d02641 elementor-widget elementor-widget-image\" data-id=\"5d02641\" data-element_type=\"widget\" data-widget_type=\"image.default\">\n\t\t\t\t<div class=\"elementor-widget-container\">\n\t\t\t\t\t\t\t\t\t\t\t\t\t\t\t<img decoding=\"async\" width=\"213\" height=\"25\" src=\"https:\/\/vetaffairs.la.gov\/wp-content\/uploads\/2025\/03\/star-pod-horizontal-with-dashed-line.svg\" class=\"attachment-medium_large size-medium_large wp-image-5402\" alt=\"\" \/>\t\t\t\t\t\t\t\t\t\t\t\t\t\t\t<\/div>\n\t\t\t\t<\/div>\n\t\t\t\t<div class=\"elementor-element elementor-element-1e07c5c intro elementor-widget elementor-widget-text-editor\" data-id=\"1e07c5c\" data-element_type=\"widget\" data-widget_type=\"text-editor.default\">\n\t\t\t\t<div class=\"elementor-widget-container\">\n\t\t\t\t\t\t\t\t\t<p>El Departamento de Asuntos de Veteranos de Luisiana opera cinco hogares para veteranos en todo el estado. Cada hogar ofrece un entorno \u00fanico y reconfortante donde los veteranos pueden convivir con sus compa\u00f1eros de armas mientras reciben atenci\u00f3n y apoyo integrales.<\/p>\t\t\t\t\t\t\t\t<\/div>\n\t\t\t\t<\/div>\n\t\t<div class=\"elementor-element elementor-element-a55201c e-grid e-con-full buttons e-con e-child\" data-id=\"a55201c\" data-element_type=\"container\">\n\t\t\t\t<div class=\"elementor-element elementor-element-35a4f51 elementor-align-justify elementor-widget elementor-widget-button\" data-id=\"35a4f51\" data-element_type=\"widget\" data-widget_type=\"button.default\">\n\t\t\t\t<div class=\"elementor-widget-container\">\n\t\t\t\t\t\t\t\t\t<div class=\"elementor-button-wrapper\">\n\t\t\t\t\t<a class=\"elementor-button elementor-button-link elementor-size-sm elementor-animation-grow\" href=\"\/es\/casas\/hogar-de-veteranos-de-luisiana\/\">\n\t\t\t\t\t\t<span class=\"elementor-button-content-wrapper\">\n\t\t\t\t\t\t\t\t\t<span class=\"elementor-button-text\">Hogar de veteranos de Luisiana en Jackson<\/span>\n\t\t\t\t\t<\/span>\n\t\t\t\t\t<\/a>\n\t\t\t\t<\/div>\n\t\t\t\t\t\t\t\t<\/div>\n\t\t\t\t<\/div>\n\t\t\t\t<div class=\"elementor-element elementor-element-f83026d elementor-align-justify elementor-widget elementor-widget-button\" data-id=\"f83026d\" data-element_type=\"widget\" data-widget_type=\"button.default\">\n\t\t\t\t<div class=\"elementor-widget-container\">\n\t\t\t\t\t\t\t\t\t<div class=\"elementor-button-wrapper\">\n\t\t\t\t\t<a class=\"elementor-button elementor-button-link elementor-size-sm elementor-animation-grow\" href=\"\/es\/casas\/hogar-de-veteranos-del-noreste-de-luisiana\/\">\n\t\t\t\t\t\t<span class=\"elementor-button-content-wrapper\">\n\t\t\t\t\t\t\t\t\t<span class=\"elementor-button-text\">Hogar para veteranos del noreste de Luisiana en Monroe<\/span>\n\t\t\t\t\t<\/span>\n\t\t\t\t\t<\/a>\n\t\t\t\t<\/div>\n\t\t\t\t\t\t\t\t<\/div>\n\t\t\t\t<\/div>\n\t\t\t\t<div class=\"elementor-element elementor-element-4ee7c90 elementor-align-justify elementor-widget elementor-widget-button\" data-id=\"4ee7c90\" data-element_type=\"widget\" data-widget_type=\"button.default\">\n\t\t\t\t<div class=\"elementor-widget-container\">\n\t\t\t\t\t\t\t\t\t<div class=\"elementor-button-wrapper\">\n\t\t\t\t\t<a class=\"elementor-button elementor-button-link elementor-size-sm elementor-animation-grow\" href=\"\/es\/casas\/hogar-de-veteranos-del-noroeste-de-luisiana\/\">\n\t\t\t\t\t\t<span class=\"elementor-button-content-wrapper\">\n\t\t\t\t\t\t\t\t\t<span class=\"elementor-button-text\">Hogar para veteranos del noroeste de Luisiana en Bossier City<\/span>\n\t\t\t\t\t<\/span>\n\t\t\t\t\t<\/a>\n\t\t\t\t<\/div>\n\t\t\t\t\t\t\t\t<\/div>\n\t\t\t\t<\/div>\n\t\t\t\t<div class=\"elementor-element elementor-element-b424c00 elementor-align-justify elementor-widget elementor-widget-button\" data-id=\"b424c00\" data-element_type=\"widget\" data-widget_type=\"button.default\">\n\t\t\t\t<div class=\"elementor-widget-container\">\n\t\t\t\t\t\t\t\t\t<div class=\"elementor-button-wrapper\">\n\t\t\t\t\t<a class=\"elementor-button elementor-button-link elementor-size-sm elementor-animation-grow\" href=\"\/es\/casas\/hogar-de-veteranos-del-sureste-de-luisiana\/\">\n\t\t\t\t\t\t<span class=\"elementor-button-content-wrapper\">\n\t\t\t\t\t\t\t\t\t<span class=\"elementor-button-text\">Hogar de veteranos del sureste de Luisiana en la reserva<\/span>\n\t\t\t\t\t<\/span>\n\t\t\t\t\t<\/a>\n\t\t\t\t<\/div>\n\t\t\t\t\t\t\t\t<\/div>\n\t\t\t\t<\/div>\n\t\t\t\t<\/div>\n\t\t<div class=\"elementor-element elementor-element-613cf73 e-con-full buttons e-flex e-con e-child\" data-id=\"613cf73\" data-element_type=\"container\">\n\t\t\t\t<div class=\"elementor-element elementor-element-530add0 elementor-align-center elementor-tablet-align-justify elementor-widget elementor-widget-button\" data-id=\"530add0\" data-element_type=\"widget\" data-widget_type=\"button.default\">\n\t\t\t\t<div class=\"elementor-widget-container\">\n\t\t\t\t\t\t\t\t\t<div class=\"elementor-button-wrapper\">\n\t\t\t\t\t<a class=\"elementor-button elementor-button-link elementor-size-sm elementor-animation-grow\" href=\"\/es\/casas\/hogar-de-veteranos-del-suroeste-de-luisiana\/\">\n\t\t\t\t\t\t<span class=\"elementor-button-content-wrapper\">\n\t\t\t\t\t\t\t\t\t<span class=\"elementor-button-text\">Hogar para veteranos del suroeste de Luisiana en Jennings<\/span>\n\t\t\t\t\t<\/span>\n\t\t\t\t\t<\/a>\n\t\t\t\t<\/div>\n\t\t\t\t\t\t\t\t<\/div>\n\t\t\t\t<\/div>\n\t\t\t\t<\/div>\n\t\t\t\t<div class=\"elementor-element elementor-element-11d9264 intro elementor-widget elementor-widget-text-editor\" data-id=\"11d9264\" data-element_type=\"widget\" data-widget_type=\"text-editor.default\">\n\t\t\t\t<div class=\"elementor-widget-container\">\n\t\t\t\t\t\t\t\t\t<h2>Elegibilidad<\/h2><p>Los veteranos de Luisiana dados de baja honorablemente, ya sea en tiempos de guerra o de paz, que hayan prestado 90 d\u00edas de servicio activo, o que sean miembros elegibles de la Guardia Nacional o de la Reserva, junto con sus c\u00f3nyuges y padres con Estrella Dorada, pueden vivir en un hogar para veteranos. Las personas interesadas en vivir en un hogar para veteranos deber\u00e1n <a href=\"https:\/\/vetaffairs.la.gov\/wp-content\/uploads\/2026\/01\/2025VeteransHomesAdmissionsApplication.pdf\" target=\"_blank\" rel=\"noopener\">completar una solicitud de admisi\u00f3n<\/a> y enviar la solicitud al hogar de veteranos seleccionado.<\/p>\t\t\t\t\t\t\t\t<\/div>\n\t\t\t\t<\/div>\n\t\t\t\t<div class=\"elementor-element elementor-element-b67ba56 intro elementor-widget elementor-widget-text-editor\" data-id=\"b67ba56\" data-element_type=\"widget\" data-widget_type=\"text-editor.default\">\n\t\t\t\t<div class=\"elementor-widget-container\">\n\t\t\t\t\t\t\t\t\t<h2>Por qu\u00e9 somos \u00fanicos<\/h2><p>Hay muchas razones por las que nuestras residencias para veteranos son \u00fanicas, siendo la m\u00e1s importante el costo. Vivir en una residencia para veteranos es mucho menor que en una residencia de ancianos tradicional, ya que suelen cobrar tarifas privadas de entre $6,000 y $7,000 al mes o m\u00e1s.<\/p><p>Nuestras casas para veteranos tambi\u00e9n cuentan con:<\/p><ul><li>Consejeros de asistencia a veteranos en el personal para trabajar con los veteranos en relaci\u00f3n con sus beneficios<\/li><li>Cobertura de enfermer\u00eda 24\/7<\/li><li>Farmac\u00e9utico y t\u00e9cnico de farmacia a tiempo completo<\/li><li>Dietista a tiempo completo<\/li><li>Trabajador social de tiempo completo con maestr\u00eda<\/li><li>Ala de atenci\u00f3n de la memoria para diagn\u00f3sticos relacionados con el Alzheimer o la demencia<\/li><li>Capacidad de los veteranos para vivir entre otros veteranos<\/li><\/ul>\t\t\t\t\t\t\t\t<\/div>\n\t\t\t\t<\/div>\n\t\t\t\t<div class=\"elementor-element elementor-element-fee2ca9 intro elementor-widget elementor-widget-text-editor\" data-id=\"fee2ca9\" data-element_type=\"widget\" data-widget_type=\"text-editor.default\">\n\t\t\t\t<div class=\"elementor-widget-container\">\n\t\t\t\t\t\t\t\t\t<h2>Honorarios<\/h2><p>Nuestras tarifas son las siguientes:<\/p><ul><li>Los veteranos con una calificaci\u00f3n relacionada con el servicio de VA de 70% o superior y los veteranos admitidos con un diagn\u00f3stico relacionado con su conexi\u00f3n con el servicio en cualquier nivel pueden ser elegibles para vivir en nuestras casas para veteranos de forma gratuita.<\/li><li>Los veteranos con una calificaci\u00f3n relacionada con el servicio del VA inferior a 70% pueden ser elegibles para vivir en nuestras residencias para veteranos por una cuota mensual de $2,424. La cuota puede compensarse solicitando y calificando para... <a href=\"https:\/\/www.va.gov\/pension\/aid-attendance-housebound\/\" target=\"_blank\" rel=\"noopener\">pensi\u00f3n de ayuda federal y asistencia<\/a>. Esta tarifa la establece el Departamento de Asuntos de Veteranos de EE. UU. y cambia anualmente.<\/li><li>Los veteranos conectados al servicio con una calificaci\u00f3n de discapacidad 50% o superior reciben sus medicamentos sin costo.<\/li><li>Los c\u00f3nyuges de veteranos, padres con Estrella Dorada y miembros de la Guardia Nacional\/Reservistas elegibles pueden ser elegibles para vivir en nuestras residencias para veteranos por una cuota mensual de $5,500. Esta cuota est\u00e1 sujeta a cambios.<\/li><\/ul>\t\t\t\t\t\t\t\t<\/div>\n\t\t\t\t<\/div>\n\t\t\t\t<div class=\"elementor-element elementor-element-856de13 intro elementor-widget elementor-widget-text-editor\" data-id=\"856de13\" data-element_type=\"widget\" data-widget_type=\"text-editor.default\">\n\t\t\t\t<div class=\"elementor-widget-container\">\n\t\t\t\t\t\t\t\t\t<h2>Para m\u00e1s informaci\u00f3n<\/h2><p>Obtenga m\u00e1s informaci\u00f3n sobre cada ubicaci\u00f3n y c\u00f3mo podemos ayudarlo a seleccionar la mejor opci\u00f3n para usted o un ser querido haciendo clic en cada opci\u00f3n de hogar para veteranos de Luisiana en la parte superior de esta p\u00e1gina.<\/p>\t\t\t\t\t\t\t\t<\/div>\n\t\t\t\t<\/div>\n\t\t\t\t\t<\/div>\n\t\t\t\t<\/div>\n\t\t\t\t<\/div>","protected":false},"excerpt":{"rendered":"<p>Brindando a los veteranos un lugar \u00fanico al que llamar hogar El Departamento de Asuntos de Veteranos de Luisiana administra cinco hogares para veteranos en todo el estado\u2026<\/p>","protected":false},"author":7,"featured_media":0,"parent":0,"menu_order":0,"comment_status":"closed","ping_status":"closed","template":"","meta":{"_acf_changed":false,"footnotes":"","_links_to":"","_links_to_target":""},"class_list":["post-36","page","type-page","status-publish","hentry"],"acf":[],"_links":{"self":[{"href":"https:\/\/vetaffairs.la.gov\/es\/wp-json\/wp\/v2\/pages\/36","targetHints":{"allow":["GET"]}}],"collection":[{"href":"https:\/\/vetaffairs.la.gov\/es\/wp-json\/wp\/v2\/pages"}],"about":[{"href":"https:\/\/vetaffairs.la.gov\/es\/wp-json\/wp\/v2\/types\/page"}],"author":[{"embeddable":true,"href":"https:\/\/vetaffairs.la.gov\/es\/wp-json\/wp\/v2\/users\/7"}],"replies":[{"embeddable":true,"href":"https:\/\/vetaffairs.la.gov\/es\/wp-json\/wp\/v2\/comments?post=36"}],"version-history":[{"count":0,"href":"https:\/\/vetaffairs.la.gov\/es\/wp-json\/wp\/v2\/pages\/36\/revisions"}],"wp:attachment":[{"href":"https:\/\/vetaffairs.la.gov\/es\/wp-json\/wp\/v2\/media?parent=36"}],"curies":[{"name":"wp","href":"https:\/\/api.w.org\/{rel}","templated":true}]}}