{"id":35,"date":"2025-02-24T14:43:20","date_gmt":"2025-02-24T20:43:20","guid":{"rendered":"https:\/\/veteran-affairs-louisiana.local\/?page_id=35"},"modified":"2025-12-10T14:30:41","modified_gmt":"2025-12-10T20:30:41","slug":"educacion","status":"publish","type":"page","link":"https:\/\/vetaffairs.la.gov\/es\/education","title":{"rendered":"Educaci\u00f3n"},"content":{"rendered":"<div data-elementor-type=\"wp-page\" data-elementor-id=\"35\" class=\"elementor elementor-35\" data-elementor-post-type=\"page\">\n\t\t\t\t<div class=\"elementor-element elementor-element-78367fd cemeteries-page e-flex e-con-boxed e-con e-parent\" data-id=\"78367fd\" data-element_type=\"container\">\n\t\t\t\t\t<div class=\"e-con-inner\">\n\t\t\t\t<div class=\"elementor-element elementor-element-3e942e4 elementor-widget elementor-widget-heading\" data-id=\"3e942e4\" data-element_type=\"widget\" data-widget_type=\"heading.default\">\n\t\t\t\t<div class=\"elementor-widget-container\">\n\t\t\t\t\t<span class=\"elementor-heading-title elementor-size-default\">Te acompa\u00f1amos en tu trayectoria educativa.<\/span>\t\t\t\t<\/div>\n\t\t\t\t<\/div>\n\t\t\t\t<div class=\"elementor-element elementor-element-ea80f15 elementor-widget elementor-widget-image\" data-id=\"ea80f15\" data-element_type=\"widget\" data-widget_type=\"image.default\">\n\t\t\t\t<div class=\"elementor-widget-container\">\n\t\t\t\t\t\t\t\t\t\t\t\t\t\t\t<img decoding=\"async\" width=\"213\" height=\"25\" src=\"https:\/\/vetaffairs.la.gov\/wp-content\/uploads\/2025\/03\/star-pod-horizontal-with-dashed-line.svg\" class=\"attachment-medium_large size-medium_large wp-image-5402\" alt=\"\" \/>\t\t\t\t\t\t\t\t\t\t\t\t\t\t\t<\/div>\n\t\t\t\t<\/div>\n\t\t\t\t<div class=\"elementor-element elementor-element-bbfb08d intro elementor-widget elementor-widget-text-editor\" data-id=\"bbfb08d\" data-element_type=\"widget\" data-widget_type=\"text-editor.default\">\n\t\t\t\t<div class=\"elementor-widget-container\">\n\t\t\t\t\t\t\t\t\tExisten beneficios educativos estatales y federales para los veteranos de Luisiana y sus dependientes que est\u00e9n considerando continuar su educaci\u00f3n. Los beneficios estatales incluyen la Exenci\u00f3n de Matr\u00edcula Estatal del T\u00edtulo 29 y el Estatus de Matr\u00edcula Estatal de Luisiana, mientras que los beneficios federales incluyen varios cap\u00edtulos de la Ley GI.<sup>\u00ae<\/sup> y m\u00e1s.\t\t\t\t\t\t\t\t<\/div>\n\t\t\t\t<\/div>\n\t\t<div class=\"elementor-element elementor-element-189afa8 e-con-full e-flex e-con e-child\" data-id=\"189afa8\" data-element_type=\"container\">\n\t\t\t\t<div class=\"elementor-element elementor-element-4231f73 elementor-widget elementor-widget-heading\" data-id=\"4231f73\" data-element_type=\"widget\" data-widget_type=\"heading.default\">\n\t\t\t\t<div class=\"elementor-widget-container\">\n\t\t\t\t\t<h2 class=\"elementor-heading-title elementor-size-default\">Beneficios educativos estatales<\/h2>\t\t\t\t<\/div>\n\t\t\t\t<\/div>\n\t\t\t\t<div class=\"elementor-element elementor-element-2e7a8fa elementor-widget elementor-widget-heading\" data-id=\"2e7a8fa\" data-element_type=\"widget\" data-widget_type=\"heading.default\">\n\t\t\t\t<div class=\"elementor-widget-container\">\n\t\t\t\t\t<h3 class=\"elementor-heading-title elementor-size-default\">Exenci\u00f3n de matr\u00edcula estatal del T\u00edtulo 29<\/h3>\t\t\t\t<\/div>\n\t\t\t\t<\/div>\n\t\t\t\t<div class=\"elementor-element elementor-element-8d084a1 intro elementor-widget elementor-widget-text-editor\" data-id=\"8d084a1\" data-element_type=\"widget\" data-widget_type=\"text-editor.default\">\n\t\t\t\t<div class=\"elementor-widget-container\">\n\t\t\t\t\t\t\t\t\t<p>Exenci\u00f3n de matr\u00edcula estatal de Louisiana, <a href=\"\/es\/educacion\/titulo-29\/\">T\u00edtulo 29<\/a>, Proporciona beneficios educativos a hijos, c\u00f3nyuges y c\u00f3nyuges sobrevivientes de veteranos que cumplan con ciertos requisitos de elegibilidad. En el caso de los veteranos vivos, los hijos son elegibles. En el caso de los veteranos prisioneros de guerra o desaparecidos en combate, los c\u00f3nyuges son elegibles, y en el caso de los veteranos fallecidos, los c\u00f3nyuges sobrevivientes y los hijos son elegibles. Para acceder a los beneficios educativos del T\u00edtulo 29, los veteranos deben cumplir con los requisitos de residencia, los cuales difieren entre veteranos vivos y fallecidos.<\/p>\t\t\t\t\t\t\t\t<\/div>\n\t\t\t\t<\/div>\n\t\t\t\t<div class=\"elementor-element elementor-element-26c84e2 elementor-widget elementor-widget-heading\" data-id=\"26c84e2\" data-element_type=\"widget\" data-widget_type=\"heading.default\">\n\t\t\t\t<div class=\"elementor-widget-container\">\n\t\t\t\t\t<h3 class=\"elementor-heading-title elementor-size-default\">Estado de matr\u00edcula estatal de Luisiana\n<\/h3>\t\t\t\t<\/div>\n\t\t\t\t<\/div>\n\t\t\t\t<div class=\"elementor-element elementor-element-0533a55 intro elementor-widget elementor-widget-text-editor\" data-id=\"0533a55\" data-element_type=\"widget\" data-widget_type=\"text-editor.default\">\n\t\t\t\t<div class=\"elementor-widget-container\">\n\t\t\t\t\t\t\t\t\t<p>El estatus de matr\u00edcula estatal se otorga a los veteranos, c\u00f3nyuges, hijos de veteranos y militares en servicio activo que son elegibles para recibir beneficios educativos federales.<\/p>\t\t\t\t\t\t\t\t<\/div>\n\t\t\t\t<\/div>\n\t\t\t\t<div class=\"elementor-element elementor-element-4f6263f elementor-widget elementor-widget-heading\" data-id=\"4f6263f\" data-element_type=\"widget\" data-widget_type=\"heading.default\">\n\t\t\t\t<div class=\"elementor-widget-container\">\n\t\t\t\t\t<h3 class=\"elementor-heading-title elementor-size-default\">Centros de Estudiantes Veteranos<\/h3>\t\t\t\t<\/div>\n\t\t\t\t<\/div>\n\t\t\t\t<div class=\"elementor-element elementor-element-282c9a8 intro elementor-widget elementor-widget-text-editor\" data-id=\"282c9a8\" data-element_type=\"widget\" data-widget_type=\"text-editor.default\">\n\t\t\t\t<div class=\"elementor-widget-container\">\n\t\t\t\t\t\t\t\t\t<p>Muchas universidades de Luisiana cuentan con centros para veteranos, dedicados espec\u00edficamente a veteranos y sus dependientes. Estos centros sirven como centro para las actividades de veteranos en el campus, con personal dedicado exclusivamente a impulsar el \u00e9xito de los estudiantes hacia la graduaci\u00f3n y el desarrollo profesional.<\/p>\t\t\t\t\t\t\t\t<\/div>\n\t\t\t\t<\/div>\n\t\t\t\t<\/div>\n\t\t<div class=\"elementor-element elementor-element-48827e9 e-con-full e-flex e-con e-child\" data-id=\"48827e9\" data-element_type=\"container\">\n\t\t\t\t<div class=\"elementor-element elementor-element-9480b58 elementor-widget elementor-widget-heading\" data-id=\"9480b58\" data-element_type=\"widget\" data-widget_type=\"heading.default\">\n\t\t\t\t<div class=\"elementor-widget-container\">\n\t\t\t\t\t<h2 class=\"elementor-heading-title elementor-size-default\">Beneficios educativos federales<\/h2>\t\t\t\t<\/div>\n\t\t\t\t<\/div>\n\t\t\t\t<div class=\"elementor-element elementor-element-3faf51c elementor-widget elementor-widget-heading\" data-id=\"3faf51c\" data-element_type=\"widget\" data-widget_type=\"heading.default\">\n\t\t\t\t<div class=\"elementor-widget-container\">\n\t\t\t\t\t<h3 class=\"elementor-heading-title elementor-size-default\">Ley de Reajuste para Veteranos<sup>\u00ae<\/sup><\/h3>\t\t\t\t<\/div>\n\t\t\t\t<\/div>\n\t\t\t\t<div class=\"elementor-element elementor-element-966fb67 intro elementor-widget elementor-widget-text-editor\" data-id=\"966fb67\" data-element_type=\"widget\" data-widget_type=\"text-editor.default\">\n\t\t\t\t<div class=\"elementor-widget-container\">\n\t\t\t\t\t\t\t\t\tEl <a href=\"\/es\/educacion\/factura-de-gi\/\">Ley de Reajuste para Veteranos<sup>\u00ae<\/sup><\/a> Ayuda a los veteranos a pagar la matr\u00edcula y las cuotas escolares para que prosigan su educaci\u00f3n. Actualmente, hay casi 260 centros educativos activos en Luisiana certificados por las agencias estatales de aprobaci\u00f3n (SAA), con m\u00e1s de 10,700 veteranos y sus dependientes que utilizan su GI Bill.<sup>\u00ae<\/sup> beneficios. Estos estudiantes reciben m\u00e1s de 1.196 millones de d\u00f3lares en fondos federales de <a href=\"https:\/\/www.va.gov\/\" target=\"_blank\" rel=\"noopener\">Departamento de Asuntos de Veteranos de los Estados Unidos<\/a>, contribuyendo a los miles de millones que los veteranos aportan anualmente a Luisiana.\t\t\t\t\t\t\t\t<\/div>\n\t\t\t\t<\/div>\n\t\t\t\t<\/div>\n\t\t\t\t\t<\/div>\n\t\t\t\t<\/div>\n\t\t\t\t<\/div>","protected":false},"excerpt":{"rendered":"<p>Le ayudamos en su trayectoria educativa. Existen beneficios educativos estatales y federales para los veteranos de Luisiana y sus dependientes que\u2026<\/p>","protected":false},"author":7,"featured_media":0,"parent":0,"menu_order":0,"comment_status":"closed","ping_status":"closed","template":"","meta":{"_acf_changed":false,"footnotes":"","_links_to":"","_links_to_target":""},"class_list":["post-35","page","type-page","status-publish","hentry"],"acf":[],"_links":{"self":[{"href":"https:\/\/vetaffairs.la.gov\/es\/wp-json\/wp\/v2\/pages\/35","targetHints":{"allow":["GET"]}}],"collection":[{"href":"https:\/\/vetaffairs.la.gov\/es\/wp-json\/wp\/v2\/pages"}],"about":[{"href":"https:\/\/vetaffairs.la.gov\/es\/wp-json\/wp\/v2\/types\/page"}],"author":[{"embeddable":true,"href":"https:\/\/vetaffairs.la.gov\/es\/wp-json\/wp\/v2\/users\/7"}],"replies":[{"embeddable":true,"href":"https:\/\/vetaffairs.la.gov\/es\/wp-json\/wp\/v2\/comments?post=35"}],"version-history":[{"count":0,"href":"https:\/\/vetaffairs.la.gov\/es\/wp-json\/wp\/v2\/pages\/35\/revisions"}],"wp:attachment":[{"href":"https:\/\/vetaffairs.la.gov\/es\/wp-json\/wp\/v2\/media?parent=35"}],"curies":[{"name":"wp","href":"https:\/\/api.w.org\/{rel}","templated":true}]}}