{"id":34,"date":"2025-02-24T14:42:27","date_gmt":"2025-02-24T20:42:27","guid":{"rendered":"https:\/\/veteran-affairs-louisiana.local\/?page_id=34"},"modified":"2025-12-10T14:58:16","modified_gmt":"2025-12-10T20:58:16","slug":"beneficios","status":"publish","type":"page","link":"https:\/\/vetaffairs.la.gov\/es\/beneficios","title":{"rendered":"Beneficios"},"content":{"rendered":"<div data-elementor-type=\"wp-page\" data-elementor-id=\"34\" class=\"elementor elementor-34\" data-elementor-post-type=\"page\">\n\t\t\t\t<div class=\"elementor-element elementor-element-05386b4 e-flex e-con-boxed e-con e-parent\" data-id=\"05386b4\" data-element_type=\"container\">\n\t\t\t\t\t<div class=\"e-con-inner\">\n\t\t\t\t<div class=\"elementor-element elementor-element-530e9db elementor-widget elementor-widget-heading\" data-id=\"530e9db\" data-element_type=\"widget\" data-widget_type=\"heading.default\">\n\t\t\t\t<div class=\"elementor-widget-container\">\n\t\t\t\t\t<span class=\"elementor-heading-title elementor-size-default\">Conect\u00e1ndote con los beneficios que te has ganado.<\/span>\t\t\t\t<\/div>\n\t\t\t\t<\/div>\n\t\t\t\t<div class=\"elementor-element elementor-element-d0137a5 elementor-widget elementor-widget-image\" data-id=\"d0137a5\" data-element_type=\"widget\" data-widget_type=\"image.default\">\n\t\t\t\t<div class=\"elementor-widget-container\">\n\t\t\t\t\t\t\t\t\t\t\t\t\t\t\t<img decoding=\"async\" width=\"213\" height=\"25\" src=\"https:\/\/vetaffairs.la.gov\/wp-content\/uploads\/2025\/03\/star-pod-horizontal-with-dashed-line.svg\" class=\"attachment-medium_large size-medium_large wp-image-5402\" alt=\"\" \/>\t\t\t\t\t\t\t\t\t\t\t\t\t\t\t<\/div>\n\t\t\t\t<\/div>\n\t\t\t\t<div class=\"elementor-element elementor-element-c9996af intro elementor-widget elementor-widget-text-editor\" data-id=\"c9996af\" data-element_type=\"widget\" data-widget_type=\"text-editor.default\">\n\t\t\t\t<div class=\"elementor-widget-container\">\n\t\t\t\t\t\t\t\t\t<p>Es la base de nuestra misi\u00f3n: conectar a los veteranos con los beneficios que obtuvieron al servir a nuestro pa\u00eds. Nuestros asesores de asistencia para veteranos (VAC), todos ellos veteranos y acreditados por el Departamento de Asuntos de Veteranos (VA), trabajan en nuestras 74 oficinas de servicio en todo el estado para cumplir con esta misi\u00f3n. Nuestros VAC presentan solicitudes al VA federal en nombre de los veteranos de Luisiana, de forma gratuita, y adem\u00e1s informan a los veteranos sobre los beneficios estatales y federales disponibles. <\/p>\t\t\t\t\t\t\t\t<\/div>\n\t\t\t\t<\/div>\n\t\t\t\t<div class=\"elementor-element elementor-element-1dfbc95 intro elementor-widget elementor-widget-text-editor\" data-id=\"1dfbc95\" data-element_type=\"widget\" data-widget_type=\"text-editor.default\">\n\t\t\t\t<div class=\"elementor-widget-container\">\n\t\t\t\t\t\t\t\t\t<p>Adem\u00e1s de nuestros asesores de asistencia para veteranos, nuestros asistentes legales de apelaciones asisten a veteranos con apelaciones pendientes ante la Junta de Apelaciones para Veteranos del Departamento de Asuntos de Veteranos (VA), incluyendo representaci\u00f3n en audiencias. Si desea programar una cita con uno de nuestros asesores de asistencia para veteranos, puede usar <a href=\"\/es\/ubicaciones\/\">Nuestro localizador para encontrar la oficina de servicio m\u00e1s cercana<\/a> o llamar <a href=\"tel:2252195000\">225.219.5000<\/a> para obtener ayuda.<\/p>\t\t\t\t\t\t\t\t<\/div>\n\t\t\t\t<\/div>\n\t\t\t\t<div class=\"elementor-element elementor-element-d03227d intro elementor-widget elementor-widget-text-editor\" data-id=\"d03227d\" data-element_type=\"widget\" data-widget_type=\"text-editor.default\">\n\t\t\t\t<div class=\"elementor-widget-container\">\n\t\t\t\t\t\t\t\t\t<p>Nuestros centros VAC tambi\u00e9n pueden ayudar a obtener el formulario DD-214 de un veterano. Para los miembros de la Guardia Nacional de Luisiana (LANG), comun\u00edquese con el Cuartel Jackson en Nueva Orleans. <a href=\"tel:5042788000\">504.278.8000<\/a> para obtener ayuda para adquirir un NGB-22.<\/p>\t\t\t\t\t\t\t\t<\/div>\n\t\t\t\t<\/div>\n\t\t\t\t\t<\/div>\n\t\t\t\t<\/div>\n\t\t<div class=\"elementor-element elementor-element-dc3d7ef e-grid e-con-boxed e-con e-parent\" data-id=\"dc3d7ef\" data-element_type=\"container\">\n\t\t\t\t\t<div class=\"e-con-inner\">\n\t\t<div class=\"elementor-element elementor-element-db20c57 e-con-full dark-blue-pod e-flex e-con e-child\" data-id=\"db20c57\" data-element_type=\"container\" data-settings=\"{&quot;background_background&quot;:&quot;classic&quot;}\">\n\t\t<div class=\"elementor-element elementor-element-1087be2 e-con-full icon-container e-flex e-con e-child\" data-id=\"1087be2\" data-element_type=\"container\" data-settings=\"{&quot;background_background&quot;:&quot;classic&quot;}\">\n\t\t\t\t<div class=\"elementor-element elementor-element-7d3b9dd elementor-widget__width-initial icon elementor-widget elementor-widget-image\" data-id=\"7d3b9dd\" data-element_type=\"widget\" data-widget_type=\"image.default\">\n\t\t\t\t<div class=\"elementor-widget-container\">\n\t\t\t\t\t\t\t\t\t\t\t\t\t\t\t<img decoding=\"async\" width=\"51\" height=\"51\" src=\"https:\/\/vetaffairs.la.gov\/wp-content\/uploads\/2025\/02\/icon-hands-people.svg\" class=\"attachment-medium size-medium wp-image-102\" alt=\"\" \/>\t\t\t\t\t\t\t\t\t\t\t\t\t\t\t<\/div>\n\t\t\t\t<\/div>\n\t\t\t\t<\/div>\n\t\t\t\t<div class=\"elementor-element elementor-element-9cf9e72 elementor-widget elementor-widget-heading\" data-id=\"9cf9e72\" data-element_type=\"widget\" data-widget_type=\"heading.default\">\n\t\t\t\t<div class=\"elementor-widget-container\">\n\t\t\t\t\t<h2 class=\"elementor-heading-title elementor-size-default\">Beneficios estatales<\/h2>\t\t\t\t<\/div>\n\t\t\t\t<\/div>\n\t\t\t\t<div class=\"elementor-element elementor-element-690aabe elementor-widget__width-initial elementor-widget elementor-widget-spacer\" data-id=\"690aabe\" data-element_type=\"widget\" data-widget_type=\"spacer.default\">\n\t\t\t\t<div class=\"elementor-widget-container\">\n\t\t\t\t\t\t\t<div class=\"elementor-spacer\">\n\t\t\t<div class=\"elementor-spacer-inner\"><\/div>\n\t\t<\/div>\n\t\t\t\t\t\t<\/div>\n\t\t\t\t<\/div>\n\t\t\t\t<div class=\"elementor-element elementor-element-af0e3d2 elementor-widget elementor-widget-text-editor\" data-id=\"af0e3d2\" data-element_type=\"widget\" data-widget_type=\"text-editor.default\">\n\t\t\t\t<div class=\"elementor-widget-container\">\n\t\t\t\t\t\t\t\t\t<p>Nuestra visi\u00f3n es que Luisiana sea el estado m\u00e1s favorable para los veteranos del pa\u00eds. Nos comprometemos a colaborar con los l\u00edderes estatales, tanto p\u00fablicos como privados, para crear nuevas oportunidades para los veteranos y sus familias, haciendo de Luisiana un lugar ideal para vivir.<\/p><p>Hay <a href=\"\/es\/beneficios\/estado\/\">Muchos beneficios estatales para los veteranos de Luisiana y sus familias<\/a>, incluyendo la exenci\u00f3n del impuesto predial y la asistencia para la matr\u00edcula estatal seg\u00fan el T\u00edtulo 29. Despu\u00e9s de revisar la informaci\u00f3n sobre los beneficios estatales que se encuentra a continuaci\u00f3n, programe una cita con uno de nuestros asesores de asistencia para veteranos para comenzar.<\/p>\t\t\t\t\t\t\t\t<\/div>\n\t\t\t\t<\/div>\n\t\t\t\t<div class=\"elementor-element elementor-element-aacfbaa elementor-widget elementor-widget-button\" data-id=\"aacfbaa\" data-element_type=\"widget\" data-widget_type=\"button.default\">\n\t\t\t\t<div class=\"elementor-widget-container\">\n\t\t\t\t\t\t\t\t\t<div class=\"elementor-button-wrapper\">\n\t\t\t\t\t<a class=\"elementor-button elementor-button-link elementor-size-sm elementor-animation-grow\" href=\"\/es\/beneficios\/estado\/\">\n\t\t\t\t\t\t<span class=\"elementor-button-content-wrapper\">\n\t\t\t\t\t\t\t\t\t<span class=\"elementor-button-text\">Explora todos los beneficios estatales<\/span>\n\t\t\t\t\t<\/span>\n\t\t\t\t\t<\/a>\n\t\t\t\t<\/div>\n\t\t\t\t\t\t\t\t<\/div>\n\t\t\t\t<\/div>\n\t\t\t\t<\/div>\n\t\t<div class=\"elementor-element elementor-element-a86b2af e-con-full dark-blue-pod e-flex e-con e-child\" data-id=\"a86b2af\" data-element_type=\"container\" data-settings=\"{&quot;background_background&quot;:&quot;classic&quot;}\">\n\t\t<div class=\"elementor-element elementor-element-32f9c68 e-con-full icon-container e-flex e-con e-child\" data-id=\"32f9c68\" data-element_type=\"container\" data-settings=\"{&quot;background_background&quot;:&quot;classic&quot;}\">\n\t\t\t\t<div class=\"elementor-element elementor-element-7add87c elementor-widget__width-initial icon elementor-widget elementor-widget-image\" data-id=\"7add87c\" data-element_type=\"widget\" data-widget_type=\"image.default\">\n\t\t\t\t<div class=\"elementor-widget-container\">\n\t\t\t\t\t\t\t\t\t\t\t\t\t\t\t<img decoding=\"async\" width=\"33\" height=\"38\" src=\"https:\/\/vetaffairs.la.gov\/wp-content\/uploads\/2025\/02\/icon-flag-vertical.svg\" class=\"attachment-medium size-medium wp-image-100\" alt=\"\" \/>\t\t\t\t\t\t\t\t\t\t\t\t\t\t\t<\/div>\n\t\t\t\t<\/div>\n\t\t\t\t<\/div>\n\t\t\t\t<div class=\"elementor-element elementor-element-4320801 elementor-widget elementor-widget-heading\" data-id=\"4320801\" data-element_type=\"widget\" data-widget_type=\"heading.default\">\n\t\t\t\t<div class=\"elementor-widget-container\">\n\t\t\t\t\t<h2 class=\"elementor-heading-title elementor-size-default\">Beneficios federales<\/h2>\t\t\t\t<\/div>\n\t\t\t\t<\/div>\n\t\t\t\t<div class=\"elementor-element elementor-element-6bbc06a elementor-widget__width-initial elementor-widget elementor-widget-spacer\" data-id=\"6bbc06a\" data-element_type=\"widget\" data-widget_type=\"spacer.default\">\n\t\t\t\t<div class=\"elementor-widget-container\">\n\t\t\t\t\t\t\t<div class=\"elementor-spacer\">\n\t\t\t<div class=\"elementor-spacer-inner\"><\/div>\n\t\t<\/div>\n\t\t\t\t\t\t<\/div>\n\t\t\t\t<\/div>\n\t\t\t\t<div class=\"elementor-element elementor-element-920ad37 elementor-widget elementor-widget-text-editor\" data-id=\"920ad37\" data-element_type=\"widget\" data-widget_type=\"text-editor.default\">\n\t\t\t\t<div class=\"elementor-widget-container\">\n\t\t\t\t\t\t\t\t\t<p>Nuestro equipo trabaja con veteranos para conectarlos con los beneficios que obtuvieron a trav\u00e9s de su servicio en el <a href=\"https:\/\/www.va.gov\/\" target=\"_blank\" rel=\"noopener\">Departamento de Asuntos de Veteranos de los Estados Unidos<\/a>. Principalmente, este trabajo consiste en que nuestros asesores de asistencia a veteranos presenten solicitudes de compensaci\u00f3n y pensi\u00f3n en nombre de los veteranos. Adem\u00e1s, nuestros asesores de asistencia a veteranos pueden ayudar a los veteranos con sus beneficios educativos y funerarios. Despu\u00e9s de revisar la informaci\u00f3n adicional sobre beneficios federales que se encuentra a continuaci\u00f3n, programe una cita con uno de nuestros asesores de asistencia a veteranos.<\/p>\t\t\t\t\t\t\t\t<\/div>\n\t\t\t\t<\/div>\n\t\t\t\t<div class=\"elementor-element elementor-element-aa648e1 elementor-widget elementor-widget-button\" data-id=\"aa648e1\" data-element_type=\"widget\" data-widget_type=\"button.default\">\n\t\t\t\t<div class=\"elementor-widget-container\">\n\t\t\t\t\t\t\t\t\t<div class=\"elementor-button-wrapper\">\n\t\t\t\t\t<a class=\"elementor-button elementor-button-link elementor-size-sm elementor-animation-grow\" href=\"\/es\/beneficios\/federal\/\">\n\t\t\t\t\t\t<span class=\"elementor-button-content-wrapper\">\n\t\t\t\t\t\t\t\t\t<span class=\"elementor-button-text\">Explora todos los beneficios federales<\/span>\n\t\t\t\t\t<\/span>\n\t\t\t\t\t<\/a>\n\t\t\t\t<\/div>\n\t\t\t\t\t\t\t\t<\/div>\n\t\t\t\t<\/div>\n\t\t\t\t<\/div>\n\t\t<div class=\"elementor-element elementor-element-ea878bd e-con-full dark-blue-pod e-flex e-con e-child\" data-id=\"ea878bd\" data-element_type=\"container\" data-settings=\"{&quot;background_background&quot;:&quot;classic&quot;}\">\n\t\t<div class=\"elementor-element elementor-element-f06fa11 e-con-full icon-container e-flex e-con e-child\" data-id=\"f06fa11\" data-element_type=\"container\" data-settings=\"{&quot;background_background&quot;:&quot;classic&quot;}\">\n\t\t\t\t<div class=\"elementor-element elementor-element-48967ea elementor-widget__width-initial icon elementor-widget elementor-widget-image\" data-id=\"48967ea\" data-element_type=\"widget\" data-widget_type=\"image.default\">\n\t\t\t\t<div class=\"elementor-widget-container\">\n\t\t\t\t\t\t\t\t\t\t\t\t\t\t\t<img loading=\"lazy\" decoding=\"async\" width=\"24\" height=\"52\" src=\"https:\/\/vetaffairs.la.gov\/wp-content\/uploads\/2025\/02\/icon-medal.svg\" class=\"attachment-medium size-medium wp-image-104\" alt=\"\" \/>\t\t\t\t\t\t\t\t\t\t\t\t\t\t\t<\/div>\n\t\t\t\t<\/div>\n\t\t\t\t<\/div>\n\t\t\t\t<div class=\"elementor-element elementor-element-673e11b elementor-widget elementor-widget-heading\" data-id=\"673e11b\" data-element_type=\"widget\" data-widget_type=\"heading.default\">\n\t\t\t\t<div class=\"elementor-widget-container\">\n\t\t\t\t\t<h2 class=\"elementor-heading-title elementor-size-default\">Veteranos de Luisiana <br>Medalla de Honor<\/h2>\t\t\t\t<\/div>\n\t\t\t\t<\/div>\n\t\t\t\t<div class=\"elementor-element elementor-element-2a40840 elementor-widget__width-initial elementor-widget elementor-widget-spacer\" data-id=\"2a40840\" data-element_type=\"widget\" data-widget_type=\"spacer.default\">\n\t\t\t\t<div class=\"elementor-widget-container\">\n\t\t\t\t\t\t\t<div class=\"elementor-spacer\">\n\t\t\t<div class=\"elementor-spacer-inner\"><\/div>\n\t\t<\/div>\n\t\t\t\t\t\t<\/div>\n\t\t\t\t<\/div>\n\t\t\t\t<div class=\"elementor-element elementor-element-e00f4d5 elementor-widget elementor-widget-text-editor\" data-id=\"e00f4d5\" data-element_type=\"widget\" data-widget_type=\"text-editor.default\">\n\t\t\t\t<div class=\"elementor-widget-container\">\n\t\t\t\t\t\t\t\t\t<p>La Medalla de Honor para Veteranos de Luisiana est\u00e1 disponible para todos los veteranos de Luisiana que cumplan los requisitos y para las familias de quienes murieron en combate. La medalla se otorga con una cinta azul por baja honorable, una cinta morada para los galardonados con el Coraz\u00f3n P\u00farpura, una cinta negra para los prisioneros de guerra y una cinta amarilla para quienes murieron en combate. Para solicitar la Medalla de Honor para Veteranos de Luisiana, haga clic en el bot\u00f3n a continuaci\u00f3n.<\/p>\t\t\t\t\t\t\t\t<\/div>\n\t\t\t\t<\/div>\n\t\t\t\t<div class=\"elementor-element elementor-element-3ef20ad elementor-widget elementor-widget-button\" data-id=\"3ef20ad\" data-element_type=\"widget\" data-widget_type=\"button.default\">\n\t\t\t\t<div class=\"elementor-widget-container\">\n\t\t\t\t\t\t\t\t\t<div class=\"elementor-button-wrapper\">\n\t\t\t\t\t<a class=\"elementor-button elementor-button-link elementor-size-sm elementor-animation-grow\" href=\"\/es\/medalla-de-honor-para-veteranos-de-luisiana\/\">\n\t\t\t\t\t\t<span class=\"elementor-button-content-wrapper\">\n\t\t\t\t\t\t\t\t\t<span class=\"elementor-button-text\">Solicitar una Medalla de Honor<\/span>\n\t\t\t\t\t<\/span>\n\t\t\t\t\t<\/a>\n\t\t\t\t<\/div>\n\t\t\t\t\t\t\t\t<\/div>\n\t\t\t\t<\/div>\n\t\t\t\t<\/div>\n\t\t<div class=\"elementor-element elementor-element-5598a22 e-con-full dark-blue-pod e-flex e-con e-child\" data-id=\"5598a22\" data-element_type=\"container\" data-settings=\"{&quot;background_background&quot;:&quot;classic&quot;}\">\n\t\t<div class=\"elementor-element elementor-element-761d5d0 e-con-full icon-container e-flex e-con e-child\" data-id=\"761d5d0\" data-element_type=\"container\" data-settings=\"{&quot;background_background&quot;:&quot;classic&quot;}\">\n\t\t\t\t<div class=\"elementor-element elementor-element-b21cb32 elementor-widget__width-initial icon elementor-widget elementor-widget-image\" data-id=\"b21cb32\" data-element_type=\"widget\" data-widget_type=\"image.default\">\n\t\t\t\t<div class=\"elementor-widget-container\">\n\t\t\t\t\t\t\t\t\t\t\t\t\t\t\t<img loading=\"lazy\" decoding=\"async\" width=\"51\" height=\"47\" src=\"https:\/\/vetaffairs.la.gov\/wp-content\/uploads\/2025\/02\/icon-financial.svg\" class=\"attachment-medium size-medium wp-image-99\" alt=\"\" \/>\t\t\t\t\t\t\t\t\t\t\t\t\t\t\t<\/div>\n\t\t\t\t<\/div>\n\t\t\t\t<\/div>\n\t\t\t\t<div class=\"elementor-element elementor-element-85f6d48 elementor-widget elementor-widget-heading\" data-id=\"85f6d48\" data-element_type=\"widget\" data-widget_type=\"heading.default\">\n\t\t\t\t<div class=\"elementor-widget-container\">\n\t\t\t\t\t<h2 class=\"elementor-heading-title elementor-size-default\">Familia militar <br>Fondo de Asistencia<\/h2>\t\t\t\t<\/div>\n\t\t\t\t<\/div>\n\t\t\t\t<div class=\"elementor-element elementor-element-7ced3e9 elementor-widget__width-initial elementor-widget elementor-widget-spacer\" data-id=\"7ced3e9\" data-element_type=\"widget\" data-widget_type=\"spacer.default\">\n\t\t\t\t<div class=\"elementor-widget-container\">\n\t\t\t\t\t\t\t<div class=\"elementor-spacer\">\n\t\t\t<div class=\"elementor-spacer-inner\"><\/div>\n\t\t<\/div>\n\t\t\t\t\t\t<\/div>\n\t\t\t\t<\/div>\n\t\t\t\t<div class=\"elementor-element elementor-element-82090af elementor-widget elementor-widget-text-editor\" data-id=\"82090af\" data-element_type=\"widget\" data-widget_type=\"text-editor.default\">\n\t\t\t\t<div class=\"elementor-widget-container\">\n\t\t\t\t\t\t\t\t\t<p>El Fondo de Asistencia para Familias Militares ofrece ayuda financiera a veteranos elegibles y miembros de la Guardia Nacional o las Reservas de Luisiana, hasta un m\u00e1ximo de 10\u00a0000 d\u00f3lares, seg\u00fan la necesidad econ\u00f3mica, durante un per\u00edodo de 12 meses. El fondo cubre gastos de vivienda, servicios p\u00fablicos, algunos servicios m\u00e9dicos y otros gastos esenciales que generan dificultades econ\u00f3micas para el veterano o miembro de la Guardia Nacional o las Reservas. Para solicitar ayuda o hacer una donaci\u00f3n, haga clic en el bot\u00f3n a continuaci\u00f3n.<\/p>\t\t\t\t\t\t\t\t<\/div>\n\t\t\t\t<\/div>\n\t\t\t\t<div class=\"elementor-element elementor-element-12a623e elementor-widget elementor-widget-button\" data-id=\"12a623e\" data-element_type=\"widget\" data-widget_type=\"button.default\">\n\t\t\t\t<div class=\"elementor-widget-container\">\n\t\t\t\t\t\t\t\t\t<div class=\"elementor-button-wrapper\">\n\t\t\t\t\t<a class=\"elementor-button elementor-button-link elementor-size-sm elementor-animation-grow\" href=\"\/es\/fondo-de-asistencia-para-familias-militares\/\">\n\t\t\t\t\t\t<span class=\"elementor-button-content-wrapper\">\n\t\t\t\t\t\t\t\t\t<span class=\"elementor-button-text\">Solicitar asistencia financiera<\/span>\n\t\t\t\t\t<\/span>\n\t\t\t\t\t<\/a>\n\t\t\t\t<\/div>\n\t\t\t\t\t\t\t\t<\/div>\n\t\t\t\t<\/div>\n\t\t\t\t<\/div>\n\t\t\t\t\t<\/div>\n\t\t\t\t<\/div>\n\t\t<div class=\"elementor-element elementor-element-b8a0008 e-flex e-con-boxed e-con e-parent\" data-id=\"b8a0008\" data-element_type=\"container\">\n\t\t\t\t\t<div class=\"e-con-inner\">\n\t\t\t\t\t<\/div>\n\t\t\t\t<\/div>\n\t\t\t\t<\/div>","protected":false},"excerpt":{"rendered":"<p>Conect\u00e1ndote con los beneficios que te has ganado. Es la base de nuestra misi\u00f3n: conectar a los veteranos con los beneficios que obtuvieron al servir a nuestro pa\u00eds. Nuestros asesores de asistencia para veteranos (VAC), todos ellos veteranos y acreditados por el Departamento de Asuntos de Veteranos (VA), trabajan en nuestras 74 oficinas de servicio en todo el estado para cumplir con esta misi\u00f3n. Nuestros VAC presentan reclamaciones al gobierno federal [\u2026]<\/p>","protected":false},"author":7,"featured_media":0,"parent":0,"menu_order":0,"comment_status":"closed","ping_status":"closed","template":"","meta":{"_acf_changed":false,"footnotes":"","_links_to":"","_links_to_target":""},"class_list":["post-34","page","type-page","status-publish","hentry"],"acf":[],"_links":{"self":[{"href":"https:\/\/vetaffairs.la.gov\/es\/wp-json\/wp\/v2\/pages\/34","targetHints":{"allow":["GET"]}}],"collection":[{"href":"https:\/\/vetaffairs.la.gov\/es\/wp-json\/wp\/v2\/pages"}],"about":[{"href":"https:\/\/vetaffairs.la.gov\/es\/wp-json\/wp\/v2\/types\/page"}],"author":[{"embeddable":true,"href":"https:\/\/vetaffairs.la.gov\/es\/wp-json\/wp\/v2\/users\/7"}],"replies":[{"embeddable":true,"href":"https:\/\/vetaffairs.la.gov\/es\/wp-json\/wp\/v2\/comments?post=34"}],"version-history":[{"count":0,"href":"https:\/\/vetaffairs.la.gov\/es\/wp-json\/wp\/v2\/pages\/34\/revisions"}],"wp:attachment":[{"href":"https:\/\/vetaffairs.la.gov\/es\/wp-json\/wp\/v2\/media?parent=34"}],"curies":[{"name":"wp","href":"https:\/\/api.w.org\/{rel}","templated":true}]}}