{"id":6126,"date":"2025-06-30T14:34:50","date_gmt":"2025-06-30T19:34:50","guid":{"rendered":"https:\/\/vetaffairs.la.gov\/?page_id=6126"},"modified":"2025-11-17T08:34:45","modified_gmt":"2025-11-17T14:34:45","slug":"thue-nguoi-lam","status":"publish","type":"page","link":"http:\/\/vetaffairs.la.gov\/vi\/employment","title":{"rendered":"Vi\u1ec7c l\u00e0m cho c\u1ef1u chi\u1ebfn binh"},"content":{"rendered":"<div data-elementor-type=\"wp-page\" data-elementor-id=\"6126\" class=\"elementor elementor-6126\" data-elementor-post-type=\"page\">\n\t\t\t\t<div class=\"elementor-element elementor-element-c7e06e8 e-flex e-con-boxed e-con e-parent\" data-id=\"c7e06e8\" data-element_type=\"container\">\n\t\t\t\t\t<div class=\"e-con-inner\">\n\t\t\t\t<div class=\"elementor-element elementor-element-a3fabd4 elementor-widget elementor-widget-text-editor\" data-id=\"a3fabd4\" data-element_type=\"widget\" data-widget_type=\"text-editor.default\">\n\t\t\t\t<div class=\"elementor-widget-container\">\n\t\t\t\t\t\t\t\t\t<p>T\u1ea1i S\u1edf C\u1ef1u chi\u1ebfn binh Louisiana, ch\u00fang t\u00f4i hi\u1ec3u t\u1ea7m quan tr\u1ecdng c\u1ee7a vi\u1ec7c \u0111\u1ea3m b\u1ea3o vi\u1ec7c l\u00e0m cho c\u1ef1u chi\u1ebfn binh. \u0110\u00f3 l\u00e0 l\u00fd do t\u1ea1i sao ch\u00fang t\u00f4i h\u1ee3p t\u00e1c v\u1edbi c\u00e1c \u0111\u1ed1i t\u00e1c \u1edf c\u1ea5p ti\u1ec3u bang v\u00e0 qu\u1ed1c gia, v\u1edbi c\u00e1c t\u1ed5 ch\u1ee9c ch\u00ednh ph\u1ee7 v\u00e0 phi l\u1ee3i nhu\u1eadn, \u0111\u1ec3 cung c\u1ea5p c\u00e1c ngu\u1ed3n l\u1ef1c vi\u1ec7c l\u00e0m nh\u01b0 \u0111\u01b0\u1ee3c li\u1ec7t k\u00ea d\u01b0\u1edbi \u0111\u00e2y.<\/p>\t\t\t\t\t\t\t\t<\/div>\n\t\t\t\t<\/div>\n\t\t<div class=\"elementor-element elementor-element-1ff888d e-con-full e-flex e-con e-child\" data-id=\"1ff888d\" data-element_type=\"container\">\n\t\t<div class=\"elementor-element elementor-element-b779962 e-con-full e-flex e-con e-child\" data-id=\"b779962\" data-element_type=\"container\">\n\t\t\t\t<div class=\"elementor-element elementor-element-526af56 elementor-widget elementor-widget-text-editor\" data-id=\"526af56\" data-element_type=\"widget\" data-widget_type=\"text-editor.default\">\n\t\t\t\t<div class=\"elementor-widget-container\">\n\t\t\t\t\t\t\t\t\t<h2>T\u00ecnh tr\u1ea1ng<\/h2><p><strong>Ch\u00ednh quy\u1ec1n ti\u1ec3u bang<\/strong><\/p><ul><li><a href=\"https:\/\/www.civilservice.louisiana.gov\/\" target=\"_blank\" rel=\"noopener\">C\u01a1 quan c\u00f4ng v\u1ee5 ti\u1ec3u bang Louisiana<\/a><\/li><li><a href=\"https:\/\/www.laworks.net\/\" target=\"_blank\" rel=\"noopener\">\u1ee6y ban L\u1ef1c l\u01b0\u1ee3ng lao \u0111\u1ed9ng Louisiana<\/a><\/li><li>Ch\u01b0\u01a1ng tr\u00ecnh ti\u1ebfp c\u1eadn c\u1ef1u chi\u1ebfn binh khuy\u1ebft t\u1eadt (DVOP)<\/li><li>\u0110\u1ea1i di\u1ec7n Vi\u1ec7c l\u00e0m C\u1ef1u chi\u1ebfn binh \u0110\u1ecba ph\u01b0\u01a1ng (LVER)<\/li><\/ul><p><strong>C\u00e1c t\u1ed5 ch\u1ee9c phi l\u1ee3i nhu\u1eadn <\/strong><\/p><ul><li><a href=\"http:\/\/theboot.la\" target=\"_blank\" rel=\"noopener\">Chi\u1ebfc \u1ee7ng<\/a><\/li><li><a href=\"https:\/\/nextopvets.org\" target=\"_blank\" rel=\"noopener\">C\u1ef1u chi\u1ebfn binh NextOp<\/a><\/li><\/ul>\t\t\t\t\t\t\t\t<\/div>\n\t\t\t\t<\/div>\n\t\t\t\t<\/div>\n\t\t<div class=\"elementor-element elementor-element-95716c5 e-con-full e-flex e-con e-child\" data-id=\"95716c5\" data-element_type=\"container\">\n\t\t\t\t<div class=\"elementor-element elementor-element-32f568d elementor-widget elementor-widget-text-editor\" data-id=\"32f568d\" data-element_type=\"widget\" data-widget_type=\"text-editor.default\">\n\t\t\t\t<div class=\"elementor-widget-container\">\n\t\t\t\t\t\t\t\t\t<h2>Qu\u1ed1c gia<\/h2><p><strong>Ch\u00ednh ph\u1ee7 li\u00ean bang <\/strong><\/p><ul><li><a href=\"https:\/\/www.opm.gov\/fedshirevets\/\" target=\"_blank\" rel=\"noopener\">Li\u00ean bang thu\u00ea c\u1ef1u chi\u1ebfn binh<\/a> (V\u0103n ph\u00f2ng Qu\u1ea3n l\u00fd Nh\u00e2n s\u1ef1 Hoa K\u1ef3)<\/li><li><a href=\"https:\/\/www.usajobs.gov\/\" target=\"_blank\" rel=\"noopener\">USAJOBS<\/a><\/li><\/ul><p><strong>C\u00e1c t\u1ed5 ch\u1ee9c phi l\u1ee3i nhu\u1eadn <\/strong><\/p><ul><li><a href=\"https:\/\/www.hiringourheroes.org\/\" target=\"_blank\" rel=\"noopener\">Tuy\u1ec3n d\u1ee5ng c\u00e1c anh h\u00f9ng c\u1ee7a ch\u00fang t\u00f4i<\/a><\/li><\/ul>\t\t\t\t\t\t\t\t<\/div>\n\t\t\t\t<\/div>\n\t\t\t\t<\/div>\n\t\t\t\t<\/div>\n\t\t\t\t\t<\/div>\n\t\t\t\t<\/div>\n\t\t\t\t<\/div>","protected":false},"excerpt":{"rendered":"<p>T\u1ea1i S\u1edf C\u1ef1u chi\u1ebfn binh Louisiana, ch\u00fang t\u00f4i hi\u1ec3u t\u1ea7m quan tr\u1ecdng c\u1ee7a vi\u1ec7c c\u1ef1u chi\u1ebfn binh t\u00ecm \u0111\u01b0\u1ee3c vi\u1ec7c l\u00e0m. \u0110\u00f3 l\u00e0 l\u00fd do t\u1ea1i sao ch\u00fang t\u00f4i h\u1ee3p t\u00e1c v\u1edbi\u2026<\/p>","protected":false},"author":2,"featured_media":0,"parent":0,"menu_order":0,"comment_status":"closed","ping_status":"closed","template":"","meta":{"_acf_changed":false,"footnotes":"","_links_to":"","_links_to_target":""},"class_list":["post-6126","page","type-page","status-publish","hentry"],"acf":[],"_links":{"self":[{"href":"http:\/\/vetaffairs.la.gov\/vi\/wp-json\/wp\/v2\/pages\/6126","targetHints":{"allow":["GET"]}}],"collection":[{"href":"http:\/\/vetaffairs.la.gov\/vi\/wp-json\/wp\/v2\/pages"}],"about":[{"href":"http:\/\/vetaffairs.la.gov\/vi\/wp-json\/wp\/v2\/types\/page"}],"author":[{"embeddable":true,"href":"http:\/\/vetaffairs.la.gov\/vi\/wp-json\/wp\/v2\/users\/2"}],"replies":[{"embeddable":true,"href":"http:\/\/vetaffairs.la.gov\/vi\/wp-json\/wp\/v2\/comments?post=6126"}],"version-history":[{"count":0,"href":"http:\/\/vetaffairs.la.gov\/vi\/wp-json\/wp\/v2\/pages\/6126\/revisions"}],"wp:attachment":[{"href":"http:\/\/vetaffairs.la.gov\/vi\/wp-json\/wp\/v2\/media?parent=6126"}],"curies":[{"name":"wp","href":"https:\/\/api.w.org\/{rel}","templated":true}]}}