{"id":5976,"date":"2025-06-19T15:53:28","date_gmt":"2025-06-19T20:53:28","guid":{"rendered":"https:\/\/vetaffairs.la.gov\/?page_id=5976"},"modified":"2025-06-26T09:44:44","modified_gmt":"2025-06-26T14:44:44","slug":"tinh-nguyen-vien","status":"publish","type":"page","link":"http:\/\/vetaffairs.la.gov\/vi\/volunteer","title":{"rendered":"T\u00ecnh nguy\u1ec7n vi\u00ean"},"content":{"rendered":"<div data-elementor-type=\"wp-page\" data-elementor-id=\"5976\" class=\"elementor elementor-5976\" data-elementor-post-type=\"page\">\n\t\t\t\t<div class=\"elementor-element elementor-element-3e43d23 e-flex e-con-boxed e-con e-parent\" data-id=\"3e43d23\" data-element_type=\"container\">\n\t\t\t\t\t<div class=\"e-con-inner\">\n\t\t\t\t<div class=\"elementor-element elementor-element-290b5f4 elementor-widget elementor-widget-text-editor\" data-id=\"290b5f4\" data-element_type=\"widget\" data-widget_type=\"text-editor.default\">\n\t\t\t\t<div class=\"elementor-widget-container\">\n\t\t\t\t\t\t\t\t\t<p>Ph\u1ee5c v\u1ee5 nh\u1eefng ng\u01b0\u1eddi \u0111\u00e3 t\u1eebng ph\u1ee5c v\u1ee5. \u0110\u00f3 l\u00e0 \u0111i\u1ec1u ch\u00fang t\u00f4i l\u00e0m m\u1ed7i ng\u00e0y. B\u00ean c\u1ea1nh \u0111\u1ed9i ng\u0169 850 ng\u01b0\u1eddi h\u00f9ng m\u1ea1nh, c\u00f2n c\u00f3 r\u1ea5t nhi\u1ec1u c\u00e1 nh\u00e2n li\u00ean h\u1ec7 v\u1edbi ch\u00fang t\u00f4i \u0111\u1ec3 xin h\u1ed7 tr\u1ee3 t\u00ecnh nguy\u1ec7n. Ch\u00fang t\u00f4i ch\u00e0o \u0111\u00f3n t\u1ea5t c\u1ea3 c\u00e1c t\u00ecnh nguy\u1ec7n vi\u00ean t\u1ea1i n\u0103m nh\u00e0 c\u1ef1u chi\u1ebfn binh v\u00e0 n\u0103m ngh\u0129a trang c\u1ef1u chi\u1ebfn binh c\u1ee7a ch\u00fang t\u00f4i. D\u01b0\u1edbi \u0111\u00e2y l\u00e0 th\u00f4ng tin c\u1ee5 th\u1ec3 v\u1ec1 c\u00e1ch th\u1ee9c ph\u1ee5c v\u1ee5 t\u1ea1i m\u1ed7i \u0111\u1ecba \u0111i\u1ec3m.<\/p>\t\t\t\t\t\t\t\t<\/div>\n\t\t\t\t<\/div>\n\t\t\t\t<div class=\"elementor-element elementor-element-94de1d8 elementor-widget elementor-widget-text-editor\" data-id=\"94de1d8\" data-element_type=\"widget\" data-widget_type=\"text-editor.default\">\n\t\t\t\t<div class=\"elementor-widget-container\">\n\t\t\t\t\t\t\t\t\t<h2>Nh\u00e0 c\u1ef1u chi\u1ebfn binh<\/h2><p>Ban qu\u1ea3n l\u00fd v\u00e0 nh\u00e2n vi\u00ean nh\u00e0 d\u01b0\u1ee1ng l\u00e3o c\u1ee7a ch\u00fang t\u00f4i hoan ngh\u00eanh c\u00e1c t\u00ecnh nguy\u1ec7n vi\u00ean mu\u1ed1n \u0111\u00f3ng g\u00f3p cho h\u00e0ng tr\u0103m c\u1ef1u chi\u1ebfn binh \u0111ang s\u1ed1ng t\u1ea1i m\u1ed9t trong nh\u1eefng nh\u00e0 d\u01b0\u1ee1ng l\u00e3o c\u1ee7a ch\u00fang t\u00f4i. C\u00e1c c\u1ef1u chi\u1ebfn binh c\u1ee7a ch\u00fang t\u00f4i r\u1ea5t th\u00edch c\u00e1c ho\u1ea1t \u0111\u1ed9ng, t\u1eeb bingo \u0111\u1ebfn th\u1ee7 c\u00f4ng v\u00e0 nhi\u1ec1u h\u01a1n n\u1eefa! C\u00e1 nh\u00e2n ho\u1eb7c nh\u00f3m c\u00f3 th\u1ec3 t\u00e0i tr\u1ee3 v\u00e0\/ho\u1eb7c g\u1ecdi bingo, quy\u00ean g\u00f3p th\u1ef1c ph\u1ea9m v\u00e0 \u0111\u1ed3 u\u1ed1ng, ho\u1eb7c mang theo m\u1ed9t ch\u00fa th\u00fa c\u01b0ng tr\u1ecb li\u1ec7u \u0111\u1ebfn th\u0103m. Ngo\u00e0i ra, c\u00f2n c\u00f3 nhi\u1ec1u s\u1ef1 ki\u1ec7n \u0111\u01b0\u1ee3c t\u1ed5 ch\u1ee9c t\u1ea1i nh\u00e0 d\u01b0\u1ee1ng l\u00e3o quanh n\u0103m, v\u00e0 c\u00e1c t\u00ecnh nguy\u1ec7n vi\u00ean c\u0169ng \u0111\u01b0\u1ee3c ch\u00e0o \u0111\u00f3n. Xem c\u00e1ch th\u1ee9c h\u1ed7 tr\u1ee3 b\u00ean d\u01b0\u1edbi.<\/p><h2>Ngh\u0129a trang C\u1ef1u chi\u1ebfn binh<\/h2><p>Ban qu\u1ea3n l\u00fd v\u00e0 nh\u00e2n vi\u00ean ngh\u0129a trang c\u1ee7a ch\u00fang t\u00f4i c\u0169ng hoan ngh\u00eanh c\u00e1c t\u00ecnh nguy\u1ec7n vi\u00ean mu\u1ed1n vinh danh c\u00e1c c\u1ef1u chi\u1ebfn binh b\u1eb1ng c\u00e1ch gi\u00fap g\u00ecn gi\u1eef v\u1ebb trang nghi\u00eam c\u1ee7a khu\u00f4n vi\u00ean ngh\u0129a trang. Ch\u00fang t\u00f4i \u0111\u1eb7c bi\u1ec7t tr\u00e2n tr\u1ecdng s\u1ef1 h\u1ed7 tr\u1ee3 c\u1ee7a c\u00e1c t\u00ecnh nguy\u1ec7n vi\u00ean v\u00e0o nh\u1eefng ng\u00e0y l\u1ec5 quan tr\u1ecdng nh\u01b0 Ng\u00e0y T\u01b0\u1edfng ni\u1ec7m v\u00e0 Ng\u00e0y V\u00f2ng hoa tr\u00ean kh\u1eafp n\u01b0\u1edbc M\u1ef9, khi c\u00f3 th\u00eam ng\u01b0\u1eddi gi\u00fap \u0111\u1ee1 \u0111\u1ec3 nh\u1eefng nghi l\u1ec5 n\u00e0y di\u1ec5n ra th\u00e0nh c\u00f4ng. Ch\u00fang t\u00f4i c\u0169ng nh\u1eadn t\u00ecnh nguy\u1ec7n vi\u00ean v\u00e0o c\u00e1c ng\u00e0y trong tu\u1ea7n \u0111\u1ec3 h\u1ed7 tr\u1ee3 c\u00e1c c\u00f4ng vi\u1ec7c nh\u01b0 lau d\u1ecdn bia m\u1ed9, tr\u1ed3ng hoa, nh\u1ed5 c\u1ecf v\u00e0 b\u1ea3o tr\u00ec khu\u00f4n vi\u00ean n\u00f3i chung. Xem c\u00e1ch th\u1ee9c h\u1ed7 tr\u1ee3 b\u00ean d\u01b0\u1edbi.<\/p><h2>L\u00e0m th\u1ebf n\u00e0o \u0111\u1ec3 gi\u00fap \u0111\u1ee1<\/h2><p>D\u00f9 b\u1ea1n l\u00e0 c\u00e1 nh\u00e2n hay th\u00e0nh vi\u00ean c\u1ee7a m\u1ed9t nh\u00f3m, th\u1eddi gian v\u00e0 c\u00f4ng s\u1ee9c c\u1ee7a b\u1ea1n \u0111\u1ec1u t\u1ea1o n\u00ean s\u1ef1 kh\u00e1c bi\u1ec7t \u00fd ngh\u0129a. \u0110\u1ec3 t\u00ecm hi\u1ec3u th\u00eam ho\u1eb7c l\u00ean l\u1ecbch tham gia t\u00ecnh nguy\u1ec7n, vui l\u00f2ng li\u00ean h\u1ec7 v\u1edbi nh\u00e0 c\u1ef1u chi\u1ebfn binh ho\u1eb7c ngh\u0129a trang c\u1ef1u chi\u1ebfn binh m\u00e0 b\u1ea1n l\u1ef1a ch\u1ecdn b\u1eb1ng c\u00e1ch s\u1eed d\u1ee5ng <a href=\"\/vi\/dia-diem\/\">m\u00e1y \u0111\u1ecbnh v\u1ecb<\/a>. C\u1ea3m \u01a1n b\u1ea1n \u0111\u00e3 \u1ee7ng h\u1ed9 c\u1ef1u chi\u1ebfn binh v\u00e0 ngh\u0129a trang c\u1ee7a ch\u00fang t\u00f4i!<\/p>\t\t\t\t\t\t\t\t<\/div>\n\t\t\t\t<\/div>\n\t\t\t\t\t<\/div>\n\t\t\t\t<\/div>\n\t\t\t\t<\/div>","protected":false},"excerpt":{"rendered":"<p>Ph\u1ee5c v\u1ee5 nh\u1eefng ng\u01b0\u1eddi \u0111\u00e3 c\u1ed1ng hi\u1ebfn. \u0110\u00f3 l\u00e0 \u0111i\u1ec1u ch\u00fang t\u00f4i l\u00e0m m\u1ed7i ng\u00e0y. B\u00ean c\u1ea1nh \u0111\u1ed9i ng\u0169 850 ng\u01b0\u1eddi h\u00f9ng m\u1ea1nh c\u1ee7a ch\u00fang t\u00f4i, c\u00f2n c\u00f3 r\u1ea5t nhi\u1ec1u c\u00e1 nh\u00e2n\u2026<\/p>","protected":false},"author":12,"featured_media":0,"parent":0,"menu_order":0,"comment_status":"closed","ping_status":"closed","template":"","meta":{"_acf_changed":false,"footnotes":"","_links_to":"","_links_to_target":""},"class_list":["post-5976","page","type-page","status-publish","hentry"],"acf":[],"_links":{"self":[{"href":"http:\/\/vetaffairs.la.gov\/vi\/wp-json\/wp\/v2\/pages\/5976","targetHints":{"allow":["GET"]}}],"collection":[{"href":"http:\/\/vetaffairs.la.gov\/vi\/wp-json\/wp\/v2\/pages"}],"about":[{"href":"http:\/\/vetaffairs.la.gov\/vi\/wp-json\/wp\/v2\/types\/page"}],"author":[{"embeddable":true,"href":"http:\/\/vetaffairs.la.gov\/vi\/wp-json\/wp\/v2\/users\/12"}],"replies":[{"embeddable":true,"href":"http:\/\/vetaffairs.la.gov\/vi\/wp-json\/wp\/v2\/comments?post=5976"}],"version-history":[{"count":0,"href":"http:\/\/vetaffairs.la.gov\/vi\/wp-json\/wp\/v2\/pages\/5976\/revisions"}],"wp:attachment":[{"href":"http:\/\/vetaffairs.la.gov\/vi\/wp-json\/wp\/v2\/media?parent=5976"}],"curies":[{"name":"wp","href":"https:\/\/api.w.org\/{rel}","templated":true}]}}