{"id":67,"date":"2025-02-24T15:41:20","date_gmt":"2025-02-24T21:41:20","guid":{"rendered":"https:\/\/veteran-affairs-louisiana.local\/?page_id=67"},"modified":"2026-04-06T16:18:32","modified_gmt":"2026-04-06T21:18:32","slug":"hogar-de-veteranos-del-sureste-de-luisiana","status":"publish","type":"page","link":"http:\/\/vetaffairs.la.gov\/es\/homes\/southeast-louisiana-veterans-home","title":{"rendered":"Hogar de veteranos del sureste de Luisiana"},"content":{"rendered":"<div data-elementor-type=\"wp-page\" data-elementor-id=\"67\" class=\"elementor elementor-67\" data-elementor-post-type=\"page\">\n\t\t\t\t<div class=\"elementor-element elementor-element-1eebf64 e-flex e-con-boxed e-con e-parent\" data-id=\"1eebf64\" data-element_type=\"container\">\n\t\t\t\t\t<div class=\"e-con-inner\">\n\t\t\t\t<div class=\"elementor-element elementor-element-482727d intro elementor-widget elementor-widget-text-editor\" data-id=\"482727d\" data-element_type=\"widget\" data-widget_type=\"text-editor.default\">\n\t\t\t\t<div class=\"elementor-widget-container\">\n\t\t\t\t\t\t\t\t\t<p>El hogar de veteranos del sureste de Luisiana est\u00e1 ubicado en la reserva en 20 acres junto a la <a href=\"https:\/\/www.va.gov\/southeast-louisiana-health-care\/locations\/st-john-va-clinic\/\" target=\"_blank\" rel=\"noopener\">Cl\u00ednica ambulatoria comunitaria de VA en la parroquia de San Juan Bautista<\/a>. Nuestro hogar para veteranos de 156 camas cuenta con su propia peluquer\u00eda y sal\u00f3n de belleza, donde nuestros residentes disfrutan de un corte de pelo o un nuevo peinado. Al salir de la peluquer\u00eda, algunos disfrutan de una animada partida de p\u00f3ker, mientras que otros se desaf\u00edan con rompecabezas en la biblioteca. Estamos sumamente agradecidos por el apoyo de la comunidad local y todo lo que hacen por nuestros veteranos.<\/p><p>Este hogar para veteranos est\u00e1 convenientemente ubicado cerca de las parroquias de Ascension, Assumption, Jefferson, Lafourche, Orleans, Plaquemines, St. Bernard, St. Charles, St. James, St. John the Baptist, St. Mary, St. Tammany, Tangipahoa, Terrebonne y Washington. Los veteranos no necesitan residir en ninguna de estas parroquias para vivir en el Hogar para Veteranos del Sureste de Luisiana.<\/p>\t\t\t\t\t\t\t\t<\/div>\n\t\t\t\t<\/div>\n\t\t\t\t<div class=\"elementor-element elementor-element-a1f3b1e photo-gallery elementor-widget elementor-widget-gallery\" data-id=\"a1f3b1e\" data-element_type=\"widget\" data-settings=\"{&quot;gallery_layout&quot;:&quot;masonry&quot;,&quot;columns&quot;:3,&quot;gap&quot;:{&quot;unit&quot;:&quot;px&quot;,&quot;size&quot;:15,&quot;sizes&quot;:[]},&quot;gap_tablet&quot;:{&quot;unit&quot;:&quot;px&quot;,&quot;size&quot;:15,&quot;sizes&quot;:[]},&quot;gap_mobile&quot;:{&quot;unit&quot;:&quot;px&quot;,&quot;size&quot;:15,&quot;sizes&quot;:[]},&quot;columns_tablet&quot;:3,&quot;lazyload&quot;:&quot;yes&quot;,&quot;columns_mobile&quot;:1,&quot;link_to&quot;:&quot;file&quot;,&quot;content_hover_animation&quot;:&quot;fade-in&quot;}\" data-widget_type=\"gallery.default\">\n\t\t\t\t<div class=\"elementor-widget-container\">\n\t\t\t\t\t\t\t<div class=\"elementor-gallery__container\">\n\t\t\t\t\t\t\t<a class=\"e-gallery-item elementor-gallery-item elementor-animated-content\" href=\"https:\/\/vetaffairs.la.gov\/wp-content\/uploads\/2025\/06\/LDVA-veteransHome-reserve-sign.webp\" data-elementor-open-lightbox=\"yes\" data-elementor-lightbox-slideshow=\"a1f3b1e\" data-e-action-hash=\"#elementor-action%3Aaction%3Dlightbox%26settings%3DeyJpZCI6NjEwMSwidXJsIjoiaHR0cHM6XC9cL3ZldGFmZmFpcnMubGEuZ292XC93cC1jb250ZW50XC91cGxvYWRzXC8yMDI1XC8wNlwvTERWQS12ZXRlcmFuc0hvbWUtcmVzZXJ2ZS1zaWduLndlYnAiLCJzbGlkZXNob3ciOiJhMWYzYjFlIn0%3D\">\n\t\t\t\t\t<div class=\"e-gallery-image elementor-gallery-item__image\" data-thumbnail=\"https:\/\/vetaffairs.la.gov\/wp-content\/uploads\/2025\/06\/LDVA-veteransHome-reserve-sign.webp\" data-width=\"1200\" data-height=\"800\" aria-label=\"Letrero del Hogar de Veteranos del Sureste de Luisiana\" role=\"img\" ><\/div>\n\t\t\t\t\t\t\t\t\t\t\t\t\t\t<\/a>\n\t\t\t\t\t\t\t<a class=\"e-gallery-item elementor-gallery-item elementor-animated-content\" href=\"https:\/\/vetaffairs.la.gov\/wp-content\/uploads\/2025\/06\/LDVA-veteransHome-reserve-hairstyle.webp\" data-elementor-open-lightbox=\"yes\" data-elementor-lightbox-slideshow=\"a1f3b1e\" data-e-action-hash=\"#elementor-action%3Aaction%3Dlightbox%26settings%3DeyJpZCI6NjA5OCwidXJsIjoiaHR0cHM6XC9cL3ZldGFmZmFpcnMubGEuZ292XC93cC1jb250ZW50XC91cGxvYWRzXC8yMDI1XC8wNlwvTERWQS12ZXRlcmFuc0hvbWUtcmVzZXJ2ZS1oYWlyc3R5bGUud2VicCIsInNsaWRlc2hvdyI6ImExZjNiMWUifQ%3D%3D\">\n\t\t\t\t\t<div class=\"e-gallery-image elementor-gallery-item__image\" data-thumbnail=\"https:\/\/vetaffairs.la.gov\/wp-content\/uploads\/2025\/06\/LDVA-veteransHome-reserve-hairstyle.webp\" data-width=\"1200\" data-height=\"800\" aria-label=\"Mujer arregl\u00e1ndose el cabello por un estilista.\" role=\"img\" ><\/div>\n\t\t\t\t\t\t\t\t\t\t\t\t\t\t<\/a>\n\t\t\t\t\t\t\t<a class=\"e-gallery-item elementor-gallery-item elementor-animated-content\" href=\"https:\/\/vetaffairs.la.gov\/wp-content\/uploads\/2025\/06\/LDVA-veteransHome-reserve-puzzle01.webp\" data-elementor-open-lightbox=\"yes\" data-elementor-lightbox-slideshow=\"a1f3b1e\" data-e-action-hash=\"#elementor-action%3Aaction%3Dlightbox%26settings%3DeyJpZCI6NjA5OSwidXJsIjoiaHR0cHM6XC9cL3ZldGFmZmFpcnMubGEuZ292XC93cC1jb250ZW50XC91cGxvYWRzXC8yMDI1XC8wNlwvTERWQS12ZXRlcmFuc0hvbWUtcmVzZXJ2ZS1wdXp6bGUwMS53ZWJwIiwic2xpZGVzaG93IjoiYTFmM2IxZSJ9\">\n\t\t\t\t\t<div class=\"e-gallery-image elementor-gallery-item__image\" data-thumbnail=\"https:\/\/vetaffairs.la.gov\/wp-content\/uploads\/2025\/06\/LDVA-veteransHome-reserve-puzzle01.webp\" data-width=\"1200\" data-height=\"800\" aria-label=\"Dos personas jugando a rompecabezas juntas\" role=\"img\" ><\/div>\n\t\t\t\t\t\t\t\t\t\t\t\t\t\t<\/a>\n\t\t\t\t\t\t\t<a class=\"e-gallery-item elementor-gallery-item elementor-animated-content\" href=\"https:\/\/vetaffairs.la.gov\/wp-content\/uploads\/2025\/06\/LDVA-veteransHome-reserve-puzzle02.webp\" data-elementor-open-lightbox=\"yes\" data-elementor-lightbox-slideshow=\"a1f3b1e\" data-e-action-hash=\"#elementor-action%3Aaction%3Dlightbox%26settings%3DeyJpZCI6NjEwMCwidXJsIjoiaHR0cHM6XC9cL3ZldGFmZmFpcnMubGEuZ292XC93cC1jb250ZW50XC91cGxvYWRzXC8yMDI1XC8wNlwvTERWQS12ZXRlcmFuc0hvbWUtcmVzZXJ2ZS1wdXp6bGUwMi53ZWJwIiwic2xpZGVzaG93IjoiYTFmM2IxZSJ9\">\n\t\t\t\t\t<div class=\"e-gallery-image elementor-gallery-item__image\" data-thumbnail=\"https:\/\/vetaffairs.la.gov\/wp-content\/uploads\/2025\/06\/LDVA-veteransHome-reserve-puzzle02.webp\" data-width=\"1200\" data-height=\"806\" aria-label=\"Tres personas jugando a los rompecabezas\" role=\"img\" ><\/div>\n\t\t\t\t\t\t\t\t\t\t\t\t\t\t<\/a>\n\t\t\t\t\t\t\t<a class=\"e-gallery-item elementor-gallery-item elementor-animated-content\" href=\"https:\/\/vetaffairs.la.gov\/wp-content\/uploads\/2025\/06\/LDVA-veteransHome-reserve-cards.webp\" data-elementor-open-lightbox=\"yes\" data-elementor-lightbox-slideshow=\"a1f3b1e\" data-e-action-hash=\"#elementor-action%3Aaction%3Dlightbox%26settings%3DeyJpZCI6NjA5NywidXJsIjoiaHR0cHM6XC9cL3ZldGFmZmFpcnMubGEuZ292XC93cC1jb250ZW50XC91cGxvYWRzXC8yMDI1XC8wNlwvTERWQS12ZXRlcmFuc0hvbWUtcmVzZXJ2ZS1jYXJkcy53ZWJwIiwic2xpZGVzaG93IjoiYTFmM2IxZSJ9\">\n\t\t\t\t\t<div class=\"e-gallery-image elementor-gallery-item__image\" data-thumbnail=\"https:\/\/vetaffairs.la.gov\/wp-content\/uploads\/2025\/06\/LDVA-veteransHome-reserve-cards.webp\" data-width=\"1200\" data-height=\"806\" aria-label=\"Residentes veteranos jugando a las cartas\" role=\"img\" ><\/div>\n\t\t\t\t\t\t\t\t\t\t\t\t\t\t<\/a>\n\t\t\t\t\t\t\t<a class=\"e-gallery-item elementor-gallery-item elementor-animated-content\" href=\"https:\/\/vetaffairs.la.gov\/wp-content\/uploads\/2025\/06\/LDVA-veteransHome-reserve-shootingPool.webp\" data-elementor-open-lightbox=\"yes\" data-elementor-lightbox-slideshow=\"a1f3b1e\" data-e-action-hash=\"#elementor-action%3Aaction%3Dlightbox%26settings%3DeyJpZCI6NjEzNCwidXJsIjoiaHR0cHM6XC9cL3ZldGFmZmFpcnMubGEuZ292XC93cC1jb250ZW50XC91cGxvYWRzXC8yMDI1XC8wNlwvTERWQS12ZXRlcmFuc0hvbWUtcmVzZXJ2ZS1zaG9vdGluZ1Bvb2wud2VicCIsInNsaWRlc2hvdyI6ImExZjNiMWUifQ%3D%3D\">\n\t\t\t\t\t<div class=\"e-gallery-image elementor-gallery-item__image\" data-thumbnail=\"https:\/\/vetaffairs.la.gov\/wp-content\/uploads\/2025\/06\/LDVA-veteransHome-reserve-shootingPool.webp\" data-width=\"1200\" data-height=\"800\" aria-label=\"Veterano jugando al billar\" role=\"img\" ><\/div>\n\t\t\t\t\t\t\t\t\t\t\t\t\t\t<\/a>\n\t\t\t\t\t<\/div>\n\t\t\t\t\t<\/div>\n\t\t\t\t<\/div>\n\t\t\t\t<div class=\"elementor-element elementor-element-be4536a intro elementor-widget elementor-widget-text-editor\" data-id=\"be4536a\" data-element_type=\"widget\" data-widget_type=\"text-editor.default\">\n\t\t\t\t<div class=\"elementor-widget-container\">\n\t\t\t\t\t\t\t\t\t<h2>Solicitar admisi\u00f3n<\/h2><p>Los veteranos de Luisiana dados de baja honorablemente, en tiempos de guerra o de paz, que hayan prestado 90 d\u00edas de servicio activo; los c\u00f3nyuges de veteranos; y los padres con Estrella Dorada pueden vivir en un hogar para veteranos. Las personas interesadas en vivir en un hogar para veteranos pueden... <a href=\"https:\/\/vetaffairs.la.gov\/wp-content\/uploads\/2026\/01\/2025VeteransHomesAdmissionsApplication.pdf\" target=\"_blank\" rel=\"noopener\">completar una solicitud de admisi\u00f3n<\/a> y enviarlo a nuestro coordinador de admisiones.<\/p>\t\t\t\t\t\t\t\t<\/div>\n\t\t\t\t<\/div>\n\t\t\t\t<div class=\"elementor-element elementor-element-34291c5 intro elementor-widget elementor-widget-text-editor\" data-id=\"34291c5\" data-element_type=\"widget\" data-widget_type=\"text-editor.default\">\n\t\t\t\t<div class=\"elementor-widget-container\">\n\t\t\t\t\t\t\t\t\t<h2>C\u00f3mo ayudar<\/h2><p>Damos la bienvenida a voluntarios que quieran contribuir a los cientos de veteranos que llaman a uno de <a href=\"\/es\/casas\/\">nuestras casas para veteranos<\/a> Su hogar definitivo. A nuestros veteranos les encantan las actividades, desde bingo hasta manualidades \u00a1y mucho m\u00e1s! Personas o grupos pueden patrocinar o llamar al bingo, donar comida y bebida o traer a su animal de terapia de visita. Adem\u00e1s, se celebran muchos eventos en nuestras residencias de veteranos durante todo el a\u00f1o, y los voluntarios tambi\u00e9n son bienvenidos. Cont\u00e1ctanos para saber c\u00f3mo puedes ayudar.<\/p>\t\t\t\t\t\t\t\t<\/div>\n\t\t\t\t<\/div>\n\t\t\t\t<div class=\"elementor-element elementor-element-95bbbc3 intro elementor-widget elementor-widget-text-editor\" data-id=\"95bbbc3\" data-element_type=\"widget\" data-widget_type=\"text-editor.default\">\n\t\t\t\t<div class=\"elementor-widget-container\">\n\t\t\t\t\t\t\t\t\t<h2>Horario de atenci\u00f3n<\/h2><p>Oficina: Lunes a viernes, 8:00 a. m. a 4:30 p. m.<\/p>\t\t\t\t\t\t\t\t<\/div>\n\t\t\t\t<\/div>\n\t\t\t\t<div class=\"elementor-element elementor-element-3ff3a13 intro elementor-hidden-desktop elementor-hidden-tablet elementor-hidden-mobile elementor-widget elementor-widget-text-editor\" data-id=\"3ff3a13\" data-element_type=\"widget\" data-widget_type=\"text-editor.default\">\n\t\t\t\t<div class=\"elementor-widget-container\">\n\t\t\t\t\t\t\t\t\t<h2>Cont\u00e1ctanos<\/h2><p>James K. Armes III, Director<br \/>Mary Ann Conner, Coordinadora Administrativa<\/p><p>3348 University Parkway<br \/>Leesville, LA 71446<\/p><p><a href=\"tel:3372386405\">(337) 238-6405<\/a> oficina<br \/><a href=\"tel:3372386448\">(337) 238-6448<\/a> fax<br \/><a href=\"mailto:clvc@la.gov\">clvc@la.gov<\/a><\/p>\t\t\t\t\t\t\t\t<\/div>\n\t\t\t\t<\/div>\n\t\t\t\t<div class=\"elementor-element elementor-element-9904b46 elementor-view-stacked elementor-hidden-desktop elementor-hidden-tablet elementor-hidden-mobile elementor-shape-circle elementor-widget elementor-widget-icon\" data-id=\"9904b46\" data-element_type=\"widget\" data-widget_type=\"icon.default\">\n\t\t\t\t<div class=\"elementor-widget-container\">\n\t\t\t\t\t\t\t<div class=\"elementor-icon-wrapper\">\n\t\t\t<a class=\"elementor-icon elementor-animation-grow\" href=\"https:\/\/www.facebook.com\/NELVC.la.gov\" target=\"_blank\" rel=\"noopener\">\n\t\t\t<svg aria-hidden=\"true\" class=\"e-font-icon-svg e-fab-facebook-f\" viewbox=\"0 0 320 512\" xmlns=\"http:\/\/www.w3.org\/2000\/svg\"><path d=\"M279.14 288l14.22-92.66h-88.91v-60.13c0-25.35 12.42-50.06 52.24-50.06h40.42V6.26S260.43 0 225.36 0c-73.22 0-121.08 44.38-121.08 124.72v70.62H22.89V288h81.39v224h100.17V288z\"><\/path><\/svg>\t\t\t<\/a>\n\t\t<\/div>\n\t\t\t\t\t\t<\/div>\n\t\t\t\t<\/div>\n\t\t\t\t<div class=\"elementor-element elementor-element-ef58bc9 elementor-widget elementor-widget-heading\" data-id=\"ef58bc9\" data-element_type=\"widget\" data-widget_type=\"heading.default\">\n\t\t\t\t<div class=\"elementor-widget-container\">\n\t\t\t\t\t<h2 class=\"elementor-heading-title elementor-size-default\">Cont\u00e1ctanos<\/h2>\t\t\t\t<\/div>\n\t\t\t\t<\/div>\n\t\t\t\t<div class=\"elementor-element elementor-element-23321aa intro elementor-widget elementor-widget-text-editor\" data-id=\"23321aa\" data-element_type=\"widget\" data-widget_type=\"text-editor.default\">\n\t\t\t\t<div class=\"elementor-widget-container\">\n\t\t\t\t\t\t\t\t\t<p>Brian Fremin, Administrador | <a href=\"mailto:brian.fremin@la.gov\">brian.fremin@la.gov<\/a><br \/>Charles \u201cScott\u201d Conner, Administrador Auxiliar | <a href=\"mailto:charles.conner@la.gov\">charles.conner@la.gov<\/a><br \/>Andrea Schembre, Marketing | <a href=\"mailto:andrea.schembre@la.gov\">andrea.schembre@la.gov<\/a>\u00a0<br \/>Admisiones | <a href=\"mailto:selvhadmissions@la.gov\">SELVHAdmissions@la.gov<\/a>\u00a0<\/p>\t\t\t\t\t\t\t\t<\/div>\n\t\t\t\t<\/div>\n\t\t\t\t<div class=\"elementor-element elementor-element-0e2d518 elementor-list-item-link-full_width elementor-widget elementor-widget-icon-list\" data-id=\"0e2d518\" data-element_type=\"widget\" data-widget_type=\"icon-list.default\">\n\t\t\t\t<div class=\"elementor-widget-container\">\n\t\t\t\t\t\t\t<ul class=\"elementor-icon-list-items\">\n\t\t\t\t\t\t\t<li class=\"elementor-icon-list-item\">\n\t\t\t\t\t\t\t\t\t\t\t<span class=\"elementor-icon-list-icon\">\n\t\t\t\t\t\t\t<svg aria-hidden=\"true\" class=\"e-font-icon-svg e-fas-map-marker-alt\" viewbox=\"0 0 384 512\" xmlns=\"http:\/\/www.w3.org\/2000\/svg\"><path d=\"M172.268 501.67C26.97 291.031 0 269.413 0 192 0 85.961 85.961 0 192 0s192 85.961 192 192c0 77.413-26.97 99.031-172.268 309.67-9.535 13.774-29.93 13.773-39.464 0zM192 272c44.183 0 80-35.817 80-80s-35.817-80-80-80-80 35.817-80 80 35.817 80 80 80z\"><\/path><\/svg>\t\t\t\t\t\t<\/span>\n\t\t\t\t\t\t\t\t\t\t<span class=\"elementor-icon-list-text\">4080 W. Airline Highway Reserve, LA 70084<\/span>\n\t\t\t\t\t\t\t\t\t<\/li>\n\t\t\t\t\t\t\t\t<li class=\"elementor-icon-list-item\">\n\t\t\t\t\t\t\t\t\t\t\t<span class=\"elementor-icon-list-icon\">\n\t\t\t\t\t\t\t<svg aria-hidden=\"true\" class=\"e-font-icon-svg e-fas-phone-alt\" viewbox=\"0 0 512 512\" xmlns=\"http:\/\/www.w3.org\/2000\/svg\"><path d=\"M497.39 361.8l-112-48a24 24 0 0 0-28 6.9l-49.6 60.6A370.66 370.66 0 0 1 130.6 204.11l60.6-49.6a23.94 23.94 0 0 0 6.9-28l-48-112A24.16 24.16 0 0 0 122.6.61l-104 24A24 24 0 0 0 0 48c0 256.5 207.9 464 464 464a24 24 0 0 0 23.4-18.6l24-104a24.29 24.29 0 0 0-14.01-27.6z\"><\/path><\/svg>\t\t\t\t\t\t<\/span>\n\t\t\t\t\t\t\t\t\t\t<span class=\"elementor-icon-list-text\"><a href=\"tel:9854794080\">(985) 479-4080<\/a><\/span>\n\t\t\t\t\t\t\t\t\t<\/li>\n\t\t\t\t\t\t\t\t<li class=\"elementor-icon-list-item\">\n\t\t\t\t\t\t\t\t\t\t\t<span class=\"elementor-icon-list-icon\">\n\t\t\t\t\t\t\t<svg aria-hidden=\"true\" class=\"e-font-icon-svg e-fas-fax\" viewbox=\"0 0 512 512\" xmlns=\"http:\/\/www.w3.org\/2000\/svg\"><path d=\"M480 160V77.25a32 32 0 0 0-9.38-22.63L425.37 9.37A32 32 0 0 0 402.75 0H160a32 32 0 0 0-32 32v448a32 32 0 0 0 32 32h320a32 32 0 0 0 32-32V192a32 32 0 0 0-32-32zM288 432a16 16 0 0 1-16 16h-32a16 16 0 0 1-16-16v-32a16 16 0 0 1 16-16h32a16 16 0 0 1 16 16zm0-128a16 16 0 0 1-16 16h-32a16 16 0 0 1-16-16v-32a16 16 0 0 1 16-16h32a16 16 0 0 1 16 16zm128 128a16 16 0 0 1-16 16h-32a16 16 0 0 1-16-16v-32a16 16 0 0 1 16-16h32a16 16 0 0 1 16 16zm0-128a16 16 0 0 1-16 16h-32a16 16 0 0 1-16-16v-32a16 16 0 0 1 16-16h32a16 16 0 0 1 16 16zm0-112H192V64h160v48a16 16 0 0 0 16 16h48zM64 128H32a32 32 0 0 0-32 32v320a32 32 0 0 0 32 32h32a32 32 0 0 0 32-32V160a32 32 0 0 0-32-32z\"><\/path><\/svg>\t\t\t\t\t\t<\/span>\n\t\t\t\t\t\t\t\t\t\t<span class=\"elementor-icon-list-text\"><a href=\"tel:9854794090\">(985) 479-4090<\/a><\/span>\n\t\t\t\t\t\t\t\t\t<\/li>\n\t\t\t\t\t\t<\/ul>\n\t\t\t\t\t\t<\/div>\n\t\t\t\t<\/div>\n\t\t\t\t<div class=\"elementor-element elementor-element-cf88a7c elementor-view-stacked elementor-shape-circle elementor-widget elementor-widget-icon\" data-id=\"cf88a7c\" data-element_type=\"widget\" data-widget_type=\"icon.default\">\n\t\t\t\t<div class=\"elementor-widget-container\">\n\t\t\t\t\t\t\t<div class=\"elementor-icon-wrapper\">\n\t\t\t<a class=\"elementor-icon elementor-animation-grow\" href=\"https:\/\/www.facebook.com\/SELVH.la.gov\" target=\"_blank\" rel=\"noopener\">\n\t\t\t<svg aria-hidden=\"true\" class=\"e-font-icon-svg e-fab-facebook-f\" viewbox=\"0 0 320 512\" xmlns=\"http:\/\/www.w3.org\/2000\/svg\"><path d=\"M279.14 288l14.22-92.66h-88.91v-60.13c0-25.35 12.42-50.06 52.24-50.06h40.42V6.26S260.43 0 225.36 0c-73.22 0-121.08 44.38-121.08 124.72v70.62H22.89V288h81.39v224h100.17V288z\"><\/path><\/svg>\t\t\t<\/a>\n\t\t<\/div>\n\t\t\t\t\t\t<\/div>\n\t\t\t\t<\/div>\n\t\t\t\t\t<\/div>\n\t\t\t\t<\/div>\n\t\t\t\t<\/div>","protected":false},"excerpt":{"rendered":"<p>El Hogar para Veteranos del Sureste de Luisiana est\u00e1 ubicado en Reserve, en un terreno de 20 acres, junto a la Cl\u00ednica Ambulatoria Comunitaria de la Administraci\u00f3n de Veteranos (VA)...<\/p>","protected":false},"author":7,"featured_media":0,"parent":36,"menu_order":0,"comment_status":"closed","ping_status":"closed","template":"","meta":{"_acf_changed":false,"footnotes":"","_links_to":"","_links_to_target":""},"class_list":["post-67","page","type-page","status-publish","hentry"],"acf":[],"_links":{"self":[{"href":"http:\/\/vetaffairs.la.gov\/es\/wp-json\/wp\/v2\/pages\/67","targetHints":{"allow":["GET"]}}],"collection":[{"href":"http:\/\/vetaffairs.la.gov\/es\/wp-json\/wp\/v2\/pages"}],"about":[{"href":"http:\/\/vetaffairs.la.gov\/es\/wp-json\/wp\/v2\/types\/page"}],"author":[{"embeddable":true,"href":"http:\/\/vetaffairs.la.gov\/es\/wp-json\/wp\/v2\/users\/7"}],"replies":[{"embeddable":true,"href":"http:\/\/vetaffairs.la.gov\/es\/wp-json\/wp\/v2\/comments?post=67"}],"version-history":[{"count":0,"href":"http:\/\/vetaffairs.la.gov\/es\/wp-json\/wp\/v2\/pages\/67\/revisions"}],"up":[{"embeddable":true,"href":"http:\/\/vetaffairs.la.gov\/es\/wp-json\/wp\/v2\/pages\/36"}],"wp:attachment":[{"href":"http:\/\/vetaffairs.la.gov\/es\/wp-json\/wp\/v2\/media?parent=67"}],"curies":[{"name":"wp","href":"https:\/\/api.w.org\/{rel}","templated":true}]}}