{"id":61,"date":"2025-02-24T15:38:19","date_gmt":"2025-02-24T21:38:19","guid":{"rendered":"https:\/\/veteran-affairs-louisiana.local\/?page_id=61"},"modified":"2026-04-06T16:16:18","modified_gmt":"2026-04-06T21:16:18","slug":"federal","status":"publish","type":"page","link":"http:\/\/vetaffairs.la.gov\/es\/benefits\/federal","title":{"rendered":"Beneficios federales"},"content":{"rendered":"<div data-elementor-type=\"wp-page\" data-elementor-id=\"61\" class=\"elementor elementor-61\" data-elementor-post-type=\"page\">\n\t\t\t\t<div class=\"elementor-element elementor-element-b064650 e-flex e-con-boxed e-con e-parent\" data-id=\"b064650\" data-element_type=\"container\">\n\t\t\t\t\t<div class=\"e-con-inner\">\n\t\t\t\t<div class=\"elementor-element elementor-element-3a4931f intro elementor-widget elementor-widget-text-editor\" data-id=\"3a4931f\" data-element_type=\"widget\" data-widget_type=\"text-editor.default\">\n\t\t\t\t<div class=\"elementor-widget-container\">\n\t\t\t\t\t\t\t\t\t<p>Seg\u00fan el <a href=\"https:\/\/www.va.gov\/\" target=\"_blank\" rel=\"noopener\">Departamento de Asuntos de Veteranos de los Estados Unidos<\/a>, Luisiana alberga a m\u00e1s de 261,000 veteranos y sus familias. Si bien las funciones del Departamento de Asuntos de Veteranos (VA) federal y del Departamento de Asuntos de Veteranos de Luisiana (LDVA) son diferentes, la misi\u00f3n de servir a quienes sirvieron sigue siendo la misma.<\/p><p>Puede acceder a todos los beneficios, tanto federales como estatales, a trav\u00e9s de uno de nuestros asesores de asistencia para veteranos (VAC) acreditados por el Departamento de Asuntos de Veteranos (VA) a nivel federal. Nuestros VAC ofrecen todos los servicios, incluyendo la presentaci\u00f3n de solicitudes en nombre de veteranos ante el VA federal, de forma gratuita.<\/p><p>Los veteranos pueden encontrar m\u00e1s informaci\u00f3n sobre beneficios federales adicionales del Departamento de Asuntos de Veteranos (VA) en <a href=\"\/es\/ubicaciones\/\">localizar uno de nuestros centros de atenci\u00f3n al cliente<\/a> o visitando <a href=\"http:\/\/va.gov\" target=\"_blank\" rel=\"noopener\">va.gov<\/a>.<\/p>\t\t\t\t\t\t\t\t<\/div>\n\t\t\t\t<\/div>\n\t\t\t\t<div class=\"elementor-element elementor-element-5a703b8 elementor-widget elementor-widget-ada_collapsible\" data-id=\"5a703b8\" data-element_type=\"widget\" data-widget_type=\"ada_collapsible.default\">\n\t\t\t\t<div class=\"elementor-widget-container\">\n\t\t\t\t\t        <div class=\"clps-wrapper\"> \r\n                            <div class=\"clps\">\r\n                    <button class=\"clps-trigger\" aria-expanded=\"false\">Beneficios para veteranos<\/button>\r\n                    <div class=\"clps-body\"><p>El <a href=\"https:\/\/department.va.gov\/wp-content\/uploads\/2024\/12\/2025-Federal-Benefits-for-Veterans-Dependents-and-Survivors.pdf\" target=\"_blank\" rel=\"noopener\">Gu\u00eda de Beneficios Federales 2025<\/a> Proporciona informaci\u00f3n sobre los beneficios y servicios actualmente disponibles por ley y reglamento, incluyendo una lista completa de n\u00fameros de tel\u00e9fono y sitios web de los servicios del Departamento de Asuntos de Veteranos de los Estados Unidos.<\/p><\/div>\r\n                <\/div>\r\n                                <div class=\"clps\">\r\n                    <button class=\"clps-trigger\" aria-expanded=\"false\">Beneficios de la educaci\u00f3n y la formaci\u00f3n<\/button>\r\n                    <div class=\"clps-body\"><p>El <a href=\"https:\/\/www.benefits.va.gov\/gibill\/\" target=\"_blank\" rel=\"noopener\">Beneficios educativos del VA federal<\/a> ayudar a los veteranos y a sus familiares a alcanzar sus metas educativas y de capacitaci\u00f3n a trav\u00e9s de beneficios como el <a href=\"\/es\/educacion\/factura-de-gi\/\">Ley de Reajuste para Veteranos<sup>\u00ae<\/sup><\/a> y <a href=\"https:\/\/www.benefits.va.gov\/vocrehab\/index.asp\" target=\"_blank\" rel=\"noopener\">Preparaci\u00f3n y empleo para veteranos<\/a>. Los asesores de asistencia para veteranos de LDVA pueden ayudar a un veterano o a un miembro de su familia a presentar la solicitud, y se puede obtener m\u00e1s informaci\u00f3n llamando al GI Bill.<sup>\u00ae<\/sup> L\u00ednea directa en <a href=\"tel:8884424551\">888.GIBILL.1<\/a> (<a href=\"tel:8884424551\">888.442.4551<\/a>).<\/p><\/div>\r\n                <\/div>\r\n                                <div class=\"clps\">\r\n                    <button class=\"clps-trigger\" aria-expanded=\"false\">Beneficios funerarios y conmemorativos<\/button>\r\n                    <div class=\"clps-body\"><p><a href=\"https:\/\/www.va.gov\/burials-memorials\/\" target=\"_blank\" rel=\"noopener\">Beneficios funerarios del Departamento de Asuntos de Veteranos de los EE. UU.<\/a> Puede ayudar a los veteranos y a sus familiares a planificar y pagar su entierro en un cementerio de veteranos. Los familiares tambi\u00e9n pueden solicitar art\u00edculos conmemorativos para honrar el servicio de un veterano y colocarlos en un cementerio privado. <a href=\"\/es\/ubicaciones\/\">Encuentre un VAC cerca de usted<\/a> recibir ayuda con este proceso para garantizar que el veterano, o su c\u00f3nyuge o dependiente, tenga un lugar de descanso final digno y de honor.<\/p><\/div>\r\n                <\/div>\r\n                                <div class=\"clps\">\r\n                    <button class=\"clps-trigger\" aria-expanded=\"false\">Cuidado de la salud<\/button>\r\n                    <div class=\"clps-body\"><p>El <a href=\"\/es\/ubicaciones\/\">El VA federal ofrece atenci\u00f3n m\u00e9dica<\/a> A los veteranos de Luisiana a trav\u00e9s de sus centros m\u00e9dicos, cl\u00ednicas ambulatorias comunitarias (CBOC) y centros para veteranos. LDVA no administra atenci\u00f3n m\u00e9dica; sin embargo, nuestro personal puede derivar a los veteranos a uno de los tres centros m\u00e9dicos del VA en Luisiana.<\/p><h2>Centro M\u00e9dico de Veteranos de Alexandria<\/h2><ul><li>2495 Shreveport Highway, Pineville, LA 71360<\/li><li><a href=\"tel:3184730010\">318.473.0010<\/a><\/li><\/ul><h2>Sistema de atenci\u00f3n m\u00e9dica del sureste de Luisiana (Centro M\u00e9dico de Veteranos de Nueva Orleans)<\/h2><ul><li>2400 Canal St., Nueva Orleans, LA 70119<\/li><li><a href=\"tel:8009358387\">800.935.8387<\/a><\/li><\/ul><h2>Centro M\u00e9dico de Veteranos Overton Brooks<\/h2><ul><li>510 E. Stoner Ave., Shreveport, LA 71101<\/li><li><a href=\"tel:3182218411\">318.221.8411<\/a><\/li><\/ul><p>Para localizar una cl\u00ednica ambulatoria comunitaria o un centro veterinario, visite el sitio web <a href=\"https:\/\/www.va.gov\/find-locations\/?facilityType=health\" target=\"_blank\" rel=\"noopener\">Directorio federal de veteranos<\/a>.\u00a0<\/p><\/div>\r\n                <\/div>\r\n                            \r\n        <\/div>\r\n        \t\t\t\t<\/div>\n\t\t\t\t<\/div>\n\t\t\t\t\t<\/div>\n\t\t\t\t<\/div>\n\t\t\t\t<\/div>","protected":false},"excerpt":{"rendered":"<p>Seg\u00fan el Departamento de Asuntos de Veteranos de Estados Unidos, Luisiana alberga a m\u00e1s de 261.000 veteranos y sus familias. Si bien\u2026<\/p>","protected":false},"author":7,"featured_media":0,"parent":34,"menu_order":0,"comment_status":"closed","ping_status":"closed","template":"","meta":{"_acf_changed":false,"footnotes":"","_links_to":"","_links_to_target":""},"class_list":["post-61","page","type-page","status-publish","hentry"],"acf":[],"_links":{"self":[{"href":"http:\/\/vetaffairs.la.gov\/es\/wp-json\/wp\/v2\/pages\/61","targetHints":{"allow":["GET"]}}],"collection":[{"href":"http:\/\/vetaffairs.la.gov\/es\/wp-json\/wp\/v2\/pages"}],"about":[{"href":"http:\/\/vetaffairs.la.gov\/es\/wp-json\/wp\/v2\/types\/page"}],"author":[{"embeddable":true,"href":"http:\/\/vetaffairs.la.gov\/es\/wp-json\/wp\/v2\/users\/7"}],"replies":[{"embeddable":true,"href":"http:\/\/vetaffairs.la.gov\/es\/wp-json\/wp\/v2\/comments?post=61"}],"version-history":[{"count":0,"href":"http:\/\/vetaffairs.la.gov\/es\/wp-json\/wp\/v2\/pages\/61\/revisions"}],"up":[{"embeddable":true,"href":"http:\/\/vetaffairs.la.gov\/es\/wp-json\/wp\/v2\/pages\/34"}],"wp:attachment":[{"href":"http:\/\/vetaffairs.la.gov\/es\/wp-json\/wp\/v2\/media?parent=61"}],"curies":[{"name":"wp","href":"https:\/\/api.w.org\/{rel}","templated":true}]}}